{"id":2294,"date":"2020-10-14T10:29:58","date_gmt":"2020-10-14T08:29:58","guid":{"rendered":"http:\/\/camping-lariviere.com\/vacances-paca\/"},"modified":"2022-04-25T10:02:15","modified_gmt":"2022-04-25T08:02:15","slug":"holiday-paca","status":"publish","type":"page","link":"https:\/\/camping-lariviere.com\/en\/holiday-paca\/","title":{"rendered":"Alentours : La r\u00e9gion"},"content":{"rendered":"<section id=\"section-5f8ff6ff65384\"\" class=\"section bg-color2 p-b-0\" \/><div class=\"container extralarge\"><h1 class=\"element section-title center\">Plan your holidays in Provence<\/h1><div class=\"element bloc-text justify \">\n\t<p style=\"text-align: center;\">Why not opt for Provence for your next holiday or weekend? With Camping La Rivi\u00e8re, take advantage of an ideally located site to explore Provence and discover the superb Provence-Alpes-C\u00f4te d&#8217;Azur region. For an enriching stay, opt for a holiday at Camping La Rivi\u00e8re and combine pure relaxation with the pleasure of discovery.<\/p>\n<\/div><\/div><\/section>\n\n<section id=\"section-5f8ff6ff65789\"\" class=\"section bg-white p-t-0 p-b-0\" \/><div class=\"container full\"><div class=\"colonnes-wrap valign-middle \"><div class=\"element colonne w-20 p-0\"><div class=\"element images scroll-x-mobile\"><div class=\"image\"><img decoding=\"async\" src=\"https:\/\/camping-lariviere.com\/wp-content\/uploads\/2020\/11\/village-perche-provence-100x100.jpg\" data-src=\"https:\/\/camping-lariviere.com\/wp-content\/uploads\/2020\/11\/village-perche-provence.jpg\" alt=\"village perche provence\" class=\"images_image\" \/><\/div><\/div><div class=\"element images scroll-x-mobile\"><div class=\"image\"><img decoding=\"async\" src=\"https:\/\/camping-lariviere.com\/wp-content\/uploads\/2020\/11\/rue-provence-100x100.jpg\" data-src=\"https:\/\/camping-lariviere.com\/wp-content\/uploads\/2020\/11\/rue-provence.jpg\" alt=\"rue provence\" class=\"images_image\" \/><\/div><\/div><\/div><div class=\"element colonne w-60 p-x-6\"><h2 class=\"element section-title center\">What to see in the PACA region?<\/h2><div class=\"element bloc-text center \">\n\t<p>The <a href=\"\/en\/\">camping La Rivi\u00e8re<\/a> is located in the PACA region, a <strong class=\"bold color1\">exceptional territory<\/strong>, where many unforgettable natural and tourist sites are to be discovered. <\/p>\n<p>The citadel of Forcalquier offers a breathtaking view of the picturesque landscapes of Provence. The city also has a <strong class=\"bold color1\">classified cemetery<\/strong>. Its <strong class=\"bold color1\">march\u00e9<\/strong>, every Monday morning, is the most beautiful of the Alpes-de-Haute-Provence. <\/p>\n<p>Authentic and full of character, the city of Manosque, which saw the birth of the writer and scriptwriter <strong class=\"bold color1\">Jean Giono<\/strong>, offers every year <strong class=\"bold color1\">exceptional medieval days<\/strong>. <\/p>\n<p>The town of <strong class=\"bold color1\">Lurs<\/strong>, built on a ridge and surrounded by olive trees, offers a sublime panorama on the Durance. <\/p>\n<p>The Verdon gorges, located 50 minutes from the campsite, have the reputation of being the most beautiful in Europe. On the spot, you have the possibility to go on <strong class=\"bold color1\">many leisure activities<\/strong> : excursions, canyoning, rafting, pedal boats, swimming&#8230; In the Verdon gorges, you can also go on <strong class=\"bold color1\">water hiking<\/strong>. <\/p>\n<p>The <strong class=\"bold color1\">Provence<\/strong> offers a multitude of other remarkable sites to discover: the Provencal &#8220;Colorado&#8221; next to Roussillon, the village of Moustier Sainte-Marie famous for its earthenware, the plateau of Valensole known for its lavender fields, the M\u00e9es (incredible giant rocks), the village of Dauphin&#8230; <\/p>\n<\/div><\/div><div class=\"element colonne w-20 p-0\"><div class=\"element images scroll-x-mobile\"><div class=\"image\"><img decoding=\"async\" src=\"https:\/\/camping-lariviere.com\/wp-content\/uploads\/2020\/11\/gorges-verdon-provence-100x100.jpg\" data-src=\"https:\/\/camping-lariviere.com\/wp-content\/uploads\/2020\/11\/gorges-verdon-provence.jpg\" alt=\"gorges verdon provence\" class=\"images_image\" What to see in the PACA region?\/><\/div><\/div><div class=\"element images scroll-x-mobile\"><div class=\"image\"><img decoding=\"async\" src=\"https:\/\/camping-lariviere.com\/wp-content\/uploads\/2020\/11\/provence-paysage-100x100.jpg\" data-src=\"https:\/\/camping-lariviere.com\/wp-content\/uploads\/2020\/11\/provence-paysage.jpg\" alt=\"provence paysage\" class=\"images_image\" What to see in the PACA region?\/><\/div><\/div><\/div><\/div><\/div><\/section>\n\n<section id=\"section-5f8ff6ff65a6c\"\" class=\"section bg-white p-t-0 p-b-0\" \/><div class=\"container full\"><div class=\"colonnes-wrap valign-middle bg-color2\"><div class=\"element colonne p-0\"><div class=\"element images scroll-x-mobile\"><div class=\"image\"><img decoding=\"async\" src=\"https:\/\/camping-lariviere.com\/wp-content\/uploads\/2020\/11\/ocre-colorado-provencal-1-100x71.jpg\" data-src=\"https:\/\/camping-lariviere.com\/wp-content\/uploads\/2020\/11\/ocre-colorado-provencal-1.jpg\" alt=\"ocre colorado provencal\" class=\"images_image\" \/><\/div><\/div><\/div><div class=\"element colonne p-x-10\"><h2 class=\"element section-title left\">What to do in Provence?<\/h2><div class=\"element bloc-text justify \">\n\t<p>The towns and villages of our beautiful region abound with numerous landscapes and places to visit in all seasons.<\/p>\n<p>Near our campsite, the <strong class=\"bold color1\">ochre deposits<\/strong> with the exceptional colors of the Provencal colorado are to be discovered through its marked trails.<\/p>\n<p>In the village of Forcalquier, the <strong class=\"bold color1\">Couvent des Cordeliers<\/strong> will allow you to participate in many workshops.<\/p>\n<\/div><\/div><\/div><\/div><\/section>\n\n<section id=\"section-61323733a760f\"\" class=\"section bg-white p-t-0 p-b-0\" \/><div class=\"container full\"><div class=\"colonnes-wrap valign-middle \"><div class=\"element colonne \"><h2 class=\"element section-title left\">Your holidays in PACA<\/h2><div class=\"element bloc-text justify \">\n\t<p>Located in the heart of the <strong class=\"bold color1\">PACA region<\/strong>, Camping La Rivi\u00e8re offers you a unique and idyllic setting in which to spend your next holiday. Take advantage of your immersion in Provence to visit the typical villages of the region. Admire the monuments of the communes <strong class=\"bold color1\">around the campsite<\/strong> and stroll through the local markets to discover specialities.<br \/>\nVisit the citadel of Forcalquier, the small town of Lurs or the Valensole plateau with your loved ones and create unforgettable memories in the region. With breathtaking, rolling landscapes amidst fields of lavender, enjoy the benefits of the great outdoors in a truly exotic environment.<\/p>\n<\/div><\/div><div class=\"element colonne \"><div class=\"element images scroll-x-mobile\"><div class=\"image\"><img decoding=\"async\" src=\"https:\/\/camping-lariviere.com\/wp-content\/uploads\/2021\/09\/camping-provence-100x71.jpg\" data-src=\"https:\/\/camping-lariviere.com\/wp-content\/uploads\/2021\/09\/camping-provence.jpg\" alt=\"camping-provence\" class=\"images_image\" Your holidays in PACA\/><\/div><\/div><\/div><\/div><\/div><\/section>\n\n<section id=\"section-61323733a7787\"\" class=\"section bg-white p-t-0 p-b-0\" \/><div class=\"container full\"><div class=\"colonnes-wrap valign-middle \"><div class=\"element colonne \"><div class=\"element images scroll-x-mobile\"><div class=\"image\"><img decoding=\"async\" src=\"https:\/\/camping-lariviere.com\/wp-content\/uploads\/2021\/09\/camping-provence-paca-100x71.jpg\" data-src=\"https:\/\/camping-lariviere.com\/wp-content\/uploads\/2021\/09\/camping-provence-paca.jpg\" alt=\"camping-provence-paca\" class=\"images_image\" \/><\/div><\/div><\/div><div class=\"element colonne \"><h2 class=\"element section-title left\">Go camping in Provence<\/h2><div class=\"element bloc-text justify \">\n\t<p>Come with your family, as a couple or with friends to Camping La Rivi\u00e8re and experience the conviviality under the sun of Provence. <strong class=\"bold color1\">Book your <a href=\"https:\/\/camping-lariviere.com\/en\/mobile-home-rental-provence\/\">mobile home rental in Luberon<\/a> pitch now and prepare your stay in Provence with ease!<br \/>\nBetween comfort, simplicity and closeness to nature, this is the ideal place to recharge your batteries and make the most of your discoveries. Choose now <strong class=\"bold color1\">a location<\/strong> near the river, with or without electricity, and set off on an adventure! <\/strong><\/p>\n<\/div><\/div><\/div><\/div><\/section>\n\n<section id=\"section-5f8ff6ff65f07\"\" class=\"section bg-white\" \/><div class=\"container extralarge\"><div class=\"element section-title center title-cta\">Discover Forcalquier, Manosque and the Gorges du Verdon<\/div><ul class=\"liste-de-page\"><li class=\"element call-to-action center title-cta call-to-action--style-1 call-to-action--big\"><a href=\"https:\/\/camping-lariviere.com\/en\/vacations-manosque\/\"  class=\"call-to-action_link\" title=\"Learn more about manosque\"><div class=\"call-to-action_image\"><img decoding=\"async\" src=\"https:\/\/camping-lariviere.com\/wp-content\/uploads\/2020\/10\/vacances-manosque-100x65.jpg\" data-src=\"https:\/\/camping-lariviere.com\/wp-content\/uploads\/2020\/10\/vacances-manosque.jpg\" alt=\"vacances manosque\" class=\"big\" \/><\/div><div class=\"call-to-action_contenu\"><div class=\"call-to-action_titre\">Manosque<\/div><\/div><\/a><\/li><li class=\"element call-to-action center title-cta call-to-action--style-1 call-to-action--big call-to-action--style-1 call-to-action--big\"><a href=\"https:\/\/camping-lariviere.com\/en\/vacations-gorges-du-verdon\/\"  class=\"call-to-action_link\" title=\"Learn more about gorges of the verdon\"><div class=\"call-to-action_image\"><img decoding=\"async\" src=\"https:\/\/camping-lariviere.com\/wp-content\/uploads\/2020\/10\/camping-la-riviere-cta-gorges-du-verdon-100x53.jpg\" data-src=\"https:\/\/camping-lariviere.com\/wp-content\/uploads\/2020\/10\/camping-la-riviere-cta-gorges-du-verdon.jpg\" alt=\"Camping Gorges du Verdon\" class=\"big\" \/><\/div><div class=\"call-to-action_contenu\"><div class=\"call-to-action_titre\">Gorges of the Verdon<\/div><\/div><\/a><\/li><li class=\"element call-to-action center title-cta call-to-action--style-1 call-to-action--big call-to-action--style-1 call-to-action--big call-to-action--style-1 call-to-action--big\"><a href=\"https:\/\/camping-lariviere.com\/en\/vacations-forcalquier\/\"  class=\"call-to-action_link\" title=\"Learn more about forcalquier\"><div class=\"call-to-action_image\"><img decoding=\"async\" src=\"https:\/\/camping-lariviere.com\/wp-content\/uploads\/2020\/10\/citadelle-forcalquier-100x65.jpg\" data-src=\"https:\/\/camping-lariviere.com\/wp-content\/uploads\/2020\/10\/citadelle-forcalquier.jpg\" alt=\"citadelle forcalquier\" class=\"big\" \/><\/div><div class=\"call-to-action_contenu\"><div class=\"call-to-action_titre\">Forcalquier<\/div><\/div><\/a><\/li><\/ul><\/div><\/section>","protected":false},"excerpt":{"rendered":"","protected":false},"author":1,"featured_media":1770,"parent":0,"menu_order":0,"comment_status":"closed","ping_status":"closed","template":"","meta":{"_acf_changed":false,"footnotes":""},"class_list":["post-2294","page","type-page","status-publish","has-post-thumbnail","hentry"],"acf":[],"yoast_head":"<!-- This site is optimized with the Yoast SEO plugin v23.4 - https:\/\/yoast.com\/wordpress\/plugins\/seo\/ -->\n<title>Tourism in Provence | What to do and see in Provence | Visit Provence<\/title>\n<meta name=\"description\" content=\"The camping La Rivi\u00e8re is located in the PACA region, a exceptional territory, where many unforgettable natural and tourist sites are to be..\" \/>\n<meta name=\"robots\" content=\"index, follow, max-snippet:-1, max-image-preview:large, max-video-preview:-1\" \/>\n<link rel=\"canonical\" href=\"https:\/\/camping-lariviere.com\/en\/holiday-paca\/\" \/>\n<meta property=\"og:locale\" content=\"en_US\" \/>\n<meta property=\"og:type\" content=\"article\" \/>\n<meta property=\"og:title\" content=\"Tourism in Provence | What to do and see in Provence | Visit Provence\" \/>\n<meta property=\"og:description\" content=\"The camping La Rivi\u00e8re is located in the PACA region, a exceptional territory, where many unforgettable natural and tourist sites are to be..\" \/>\n<meta property=\"og:url\" content=\"https:\/\/camping-lariviere.com\/en\/holiday-paca\/\" \/>\n<meta property=\"og:site_name\" content=\"Camping la Rivi\u00e8re\" \/>\n<meta property=\"article:modified_time\" content=\"2022-04-25T08:02:15+00:00\" \/>\n<meta property=\"og:image\" content=\"https:\/\/camping-lariviere.com\/wp-content\/uploads\/2020\/11\/vue-provence-1.jpg\" \/>\n\t<meta property=\"og:image:width\" content=\"1903\" \/>\n\t<meta property=\"og:image:height\" content=\"450\" \/>\n\t<meta property=\"og:image:type\" content=\"image\/jpeg\" \/>\n<meta name=\"twitter:card\" content=\"summary_large_image\" \/>\n<script type=\"application\/ld+json\" class=\"yoast-schema-graph\">{\"@context\":\"https:\/\/schema.org\",\"@graph\":[{\"@type\":\"WebPage\",\"@id\":\"https:\/\/camping-lariviere.com\/en\/holiday-paca\/\",\"url\":\"https:\/\/camping-lariviere.com\/en\/holiday-paca\/\",\"name\":\"Tourism in Provence | What to do and see in Provence | Visit Provence\",\"isPartOf\":{\"@id\":\"https:\/\/camping-lariviere.com\/en\/#website\"},\"primaryImageOfPage\":{\"@id\":\"https:\/\/camping-lariviere.com\/en\/holiday-paca\/#primaryimage\"},\"image\":{\"@id\":\"https:\/\/camping-lariviere.com\/en\/holiday-paca\/#primaryimage\"},\"thumbnailUrl\":\"https:\/\/camping-lariviere.com\/wp-content\/uploads\/2020\/11\/vue-provence-1.jpg\",\"datePublished\":\"2020-10-14T08:29:58+00:00\",\"dateModified\":\"2022-04-25T08:02:15+00:00\",\"description\":\"The camping La Rivi\u00e8re is located in the PACA region, a exceptional territory, where many unforgettable natural and tourist sites are to be..\",\"breadcrumb\":{\"@id\":\"https:\/\/camping-lariviere.com\/en\/holiday-paca\/#breadcrumb\"},\"inLanguage\":\"en-US\",\"potentialAction\":[{\"@type\":\"ReadAction\",\"target\":[\"https:\/\/camping-lariviere.com\/en\/holiday-paca\/\"]}]},{\"@type\":\"ImageObject\",\"inLanguage\":\"en-US\",\"@id\":\"https:\/\/camping-lariviere.com\/en\/holiday-paca\/#primaryimage\",\"url\":\"https:\/\/camping-lariviere.com\/wp-content\/uploads\/2020\/11\/vue-provence-1.jpg\",\"contentUrl\":\"https:\/\/camping-lariviere.com\/wp-content\/uploads\/2020\/11\/vue-provence-1.jpg\",\"width\":1903,\"height\":450,\"caption\":\"vue provence\"},{\"@type\":\"BreadcrumbList\",\"@id\":\"https:\/\/camping-lariviere.com\/en\/holiday-paca\/#breadcrumb\",\"itemListElement\":[{\"@type\":\"ListItem\",\"position\":1,\"name\":\"Campsite in Provence\",\"item\":\"https:\/\/camping-lariviere.com\/en\/\"},{\"@type\":\"ListItem\",\"position\":2,\"name\":\"Visit the PACA region\"}]},{\"@type\":\"WebSite\",\"@id\":\"https:\/\/camping-lariviere.com\/en\/#website\",\"url\":\"https:\/\/camping-lariviere.com\/en\/\",\"name\":\"Camping la Rivi\u00e8re\",\"description\":\"\",\"publisher\":{\"@id\":\"https:\/\/camping-lariviere.com\/en\/#organization\"},\"potentialAction\":[{\"@type\":\"SearchAction\",\"target\":{\"@type\":\"EntryPoint\",\"urlTemplate\":\"https:\/\/camping-lariviere.com\/en\/?s={search_term_string}\"},\"query-input\":{\"@type\":\"PropertyValueSpecification\",\"valueRequired\":true,\"valueName\":\"search_term_string\"}}],\"inLanguage\":\"en-US\"},{\"@type\":\"Organization\",\"@id\":\"https:\/\/camping-lariviere.com\/en\/#organization\",\"name\":\"Camping La Rivi\u00e8re\",\"url\":\"https:\/\/camping-lariviere.com\/en\/\",\"logo\":{\"@type\":\"ImageObject\",\"inLanguage\":\"en-US\",\"@id\":\"https:\/\/camping-lariviere.com\/en\/#\/schema\/logo\/image\/\",\"url\":\"https:\/\/camping-lariviere.com\/wp-content\/uploads\/2020\/10\/camping-la-riviere-logo.png\",\"contentUrl\":\"https:\/\/camping-lariviere.com\/wp-content\/uploads\/2020\/10\/camping-la-riviere-logo.png\",\"width\":260,\"height\":210,\"caption\":\"Camping La Rivi\u00e8re\"},\"image\":{\"@id\":\"https:\/\/camping-lariviere.com\/en\/#\/schema\/logo\/image\/\"}}]}<\/script>\n<!-- \/ Yoast SEO plugin. -->","yoast_head_json":{"title":"Tourism in Provence | What to do and see in Provence | Visit Provence","description":"The camping La Rivi\u00e8re is located in the PACA region, a exceptional territory, where many unforgettable natural and tourist sites are to be..","robots":{"index":"index","follow":"follow","max-snippet":"max-snippet:-1","max-image-preview":"max-image-preview:large","max-video-preview":"max-video-preview:-1"},"canonical":"https:\/\/camping-lariviere.com\/en\/holiday-paca\/","og_locale":"en_US","og_type":"article","og_title":"Tourism in Provence | What to do and see in Provence | Visit Provence","og_description":"The camping La Rivi\u00e8re is located in the PACA region, a exceptional territory, where many unforgettable natural and tourist sites are to be..","og_url":"https:\/\/camping-lariviere.com\/en\/holiday-paca\/","og_site_name":"Camping la Rivi\u00e8re","article_modified_time":"2022-04-25T08:02:15+00:00","og_image":[{"width":1903,"height":450,"url":"https:\/\/camping-lariviere.com\/wp-content\/uploads\/2020\/11\/vue-provence-1.jpg","type":"image\/jpeg"}],"twitter_card":"summary_large_image","schema":{"@context":"https:\/\/schema.org","@graph":[{"@type":"WebPage","@id":"https:\/\/camping-lariviere.com\/en\/holiday-paca\/","url":"https:\/\/camping-lariviere.com\/en\/holiday-paca\/","name":"Tourism in Provence | What to do and see in Provence | Visit Provence","isPartOf":{"@id":"https:\/\/camping-lariviere.com\/en\/#website"},"primaryImageOfPage":{"@id":"https:\/\/camping-lariviere.com\/en\/holiday-paca\/#primaryimage"},"image":{"@id":"https:\/\/camping-lariviere.com\/en\/holiday-paca\/#primaryimage"},"thumbnailUrl":"https:\/\/camping-lariviere.com\/wp-content\/uploads\/2020\/11\/vue-provence-1.jpg","datePublished":"2020-10-14T08:29:58+00:00","dateModified":"2022-04-25T08:02:15+00:00","description":"The camping La Rivi\u00e8re is located in the PACA region, a exceptional territory, where many unforgettable natural and tourist sites are to be..","breadcrumb":{"@id":"https:\/\/camping-lariviere.com\/en\/holiday-paca\/#breadcrumb"},"inLanguage":"en-US","potentialAction":[{"@type":"ReadAction","target":["https:\/\/camping-lariviere.com\/en\/holiday-paca\/"]}]},{"@type":"ImageObject","inLanguage":"en-US","@id":"https:\/\/camping-lariviere.com\/en\/holiday-paca\/#primaryimage","url":"https:\/\/camping-lariviere.com\/wp-content\/uploads\/2020\/11\/vue-provence-1.jpg","contentUrl":"https:\/\/camping-lariviere.com\/wp-content\/uploads\/2020\/11\/vue-provence-1.jpg","width":1903,"height":450,"caption":"vue provence"},{"@type":"BreadcrumbList","@id":"https:\/\/camping-lariviere.com\/en\/holiday-paca\/#breadcrumb","itemListElement":[{"@type":"ListItem","position":1,"name":"Campsite in Provence","item":"https:\/\/camping-lariviere.com\/en\/"},{"@type":"ListItem","position":2,"name":"Visit the PACA region"}]},{"@type":"WebSite","@id":"https:\/\/camping-lariviere.com\/en\/#website","url":"https:\/\/camping-lariviere.com\/en\/","name":"Camping la Rivi\u00e8re","description":"","publisher":{"@id":"https:\/\/camping-lariviere.com\/en\/#organization"},"potentialAction":[{"@type":"SearchAction","target":{"@type":"EntryPoint","urlTemplate":"https:\/\/camping-lariviere.com\/en\/?s={search_term_string}"},"query-input":{"@type":"PropertyValueSpecification","valueRequired":true,"valueName":"search_term_string"}}],"inLanguage":"en-US"},{"@type":"Organization","@id":"https:\/\/camping-lariviere.com\/en\/#organization","name":"Camping La Rivi\u00e8re","url":"https:\/\/camping-lariviere.com\/en\/","logo":{"@type":"ImageObject","inLanguage":"en-US","@id":"https:\/\/camping-lariviere.com\/en\/#\/schema\/logo\/image\/","url":"https:\/\/camping-lariviere.com\/wp-content\/uploads\/2020\/10\/camping-la-riviere-logo.png","contentUrl":"https:\/\/camping-lariviere.com\/wp-content\/uploads\/2020\/10\/camping-la-riviere-logo.png","width":260,"height":210,"caption":"Camping La Rivi\u00e8re"},"image":{"@id":"https:\/\/camping-lariviere.com\/en\/#\/schema\/logo\/image\/"}}]}},"_links":{"self":[{"href":"https:\/\/camping-lariviere.com\/en\/wp-json\/wp\/v2\/pages\/2294","targetHints":{"allow":["GET"]}}],"collection":[{"href":"https:\/\/camping-lariviere.com\/en\/wp-json\/wp\/v2\/pages"}],"about":[{"href":"https:\/\/camping-lariviere.com\/en\/wp-json\/wp\/v2\/types\/page"}],"author":[{"embeddable":true,"href":"https:\/\/camping-lariviere.com\/en\/wp-json\/wp\/v2\/users\/1"}],"replies":[{"embeddable":true,"href":"https:\/\/camping-lariviere.com\/en\/wp-json\/wp\/v2\/comments?post=2294"}],"version-history":[{"count":12,"href":"https:\/\/camping-lariviere.com\/en\/wp-json\/wp\/v2\/pages\/2294\/revisions"}],"predecessor-version":[{"id":4982,"href":"https:\/\/camping-lariviere.com\/en\/wp-json\/wp\/v2\/pages\/2294\/revisions\/4982"}],"wp:featuredmedia":[{"embeddable":true,"href":"https:\/\/camping-lariviere.com\/en\/wp-json\/wp\/v2\/media\/1770"}],"wp:attachment":[{"href":"https:\/\/camping-lariviere.com\/en\/wp-json\/wp\/v2\/media?parent=2294"}],"curies":[{"name":"wp","href":"https:\/\/api.w.org\/{rel}","templated":true}]}}