{"id":2327,"date":"2020-10-14T10:28:31","date_gmt":"2020-10-14T08:28:31","guid":{"rendered":"http:\/\/camping-lariviere.com\/activites-provence\/"},"modified":"2021-04-15T16:54:24","modified_gmt":"2021-04-15T14:54:24","slug":"activities-provence","status":"publish","type":"page","link":"https:\/\/camping-lariviere.com\/en\/activities-provence\/","title":{"rendered":"Activit\u00e9s \u00e0 proximit\u00e9"},"content":{"rendered":"<section id=\"section-5f8ff6ff65384\"\" class=\"section bg-color2 p-b-0\" \/><div class=\"container extralarge\"><h1 class=\"element section-title center\">Activities in Provence<\/h1><\/div><\/section>\n\n<section id=\"section-5f8ff6ff65789\"\" class=\"section bg-white p-t-0 p-b-0\" \/><div class=\"container full\"><div class=\"colonnes-wrap valign-middle \"><div class=\"element colonne w-20 p-0\"><div class=\"element images scroll-x-mobile\"><div class=\"image\"><img decoding=\"async\" src=\"https:\/\/camping-lariviere.com\/wp-content\/uploads\/2020\/10\/randonnee-femme-100x100.jpg\" data-src=\"https:\/\/camping-lariviere.com\/wp-content\/uploads\/2020\/10\/randonnee-femme.jpg\" alt=\"randonn\u00e9e femme\" class=\"images_image\" \/><\/div><\/div><div class=\"element images scroll-x-mobile\"><div class=\"image\"><img decoding=\"async\" src=\"https:\/\/camping-lariviere.com\/wp-content\/uploads\/2020\/10\/gorges-du-verdon-lac-100x100.jpg\" data-src=\"https:\/\/camping-lariviere.com\/wp-content\/uploads\/2020\/10\/gorges-du-verdon-lac.jpg\" alt=\"gorges du verdon lac\" class=\"images_image\" \/><\/div><\/div><\/div><div class=\"element colonne w-60 p-x-6\"><h2 class=\"element section-title center\">Discover a multitude of activities close to the campsite<\/h2><div class=\"element bloc-text center \">\n\t<p>The <a href=\"\/en\/\">camping La Rivi\u00e8re<\/a> offers a very pleasant setting for <strong class=\"bold color1\">family holidays<\/strong> and benefits from an ideal geographical location. Located in the <strong class=\"bold color1\">heart of Provence<\/strong>, it is surrounded by magnificent natural spaces and is situated between the Luberon Natural Park to the west, the Verdon Gorges Park to the east, the Alps to the north and the Mediterranean Sea to the south.<\/p>\n<p>The holidaymakers who stay with us have the possibility to enjoy a wide range of sporting, cultural and touristic activities nearby. The campsite represents a real crossroads, leading to many attractive leisure activities for all tastes.<\/p>\n<p><strong class=\"bold color1\">Envy of nature ?<\/strong> Make beautiful hikes and long walks, on foot, by bike or on horseback, under the sun, omnipresent in Provence.<\/p>\n<p><strong class=\"bold color1\">Lazing around ?<\/strong> Relax by the river or on the deckchairs of the campsite&#8217;s swimming pool or go sailing on the fresh and crystalline waters of the lake of Esparron or Sainte Croix.<\/p>\n<p><strong class=\"bold color1\">Visit ?<\/strong> Our immense cultural, historical and touristic heritage will satisfy your desire for discovery. <\/p>\n<\/div><\/div><div class=\"element colonne w-20 p-0\"><div class=\"element images scroll-x-mobile\"><div class=\"image\"><img decoding=\"async\" src=\"https:\/\/camping-lariviere.com\/wp-content\/uploads\/2020\/11\/colorado-provence-100x100.jpg\" data-src=\"https:\/\/camping-lariviere.com\/wp-content\/uploads\/2020\/11\/colorado-provence.jpg\" alt=\"colorado provence\" class=\"images_image\" Discover a multitude of activities close to the campsite\/><\/div><\/div><div class=\"element images scroll-x-mobile\"><div class=\"image\"><img decoding=\"async\" src=\"https:\/\/camping-lariviere.com\/wp-content\/uploads\/2020\/11\/sillans-la-cascade-100x100.jpg\" data-src=\"https:\/\/camping-lariviere.com\/wp-content\/uploads\/2020\/11\/sillans-la-cascade.jpg\" alt=\"sillans la cascade\" class=\"images_image\" Discover a multitude of activities close to the campsite\/><\/div><\/div><\/div><\/div><\/div><\/section>\n\n<section id=\"section-5f8ff6ff65a6c\"\" class=\"section bg-white p-t-0 p-b-0\" \/><div class=\"container full\"><div class=\"colonnes-wrap valign-middle bg-color2\"><div class=\"element colonne p-0\"><div class=\"element images scroll-x-mobile\"><div class=\"image\"><img decoding=\"async\" src=\"https:\/\/camping-lariviere.com\/wp-content\/uploads\/2020\/10\/moto-cross-terrain-100x71.jpg\" data-src=\"https:\/\/camping-lariviere.com\/wp-content\/uploads\/2020\/10\/moto-cross-terrain.jpg\" alt=\"moto cross terrain\" class=\"images_image\" \/><\/div><\/div><\/div><div class=\"element colonne p-x-10\"><h2 class=\"element section-title left\"> Numerous leisure activities in Provence<\/h2><div class=\"element bloc-text justify \">\n\t<p>Nearby, you can fly over the landscapes of Provence by paragliding or hot-air balloon, go down the Durance by canoe, do Via ferrata above the gorges, climbing less than 3km from the campsite, or canyoning or even electric all-terrain scooter&#8230; You can also find a Moto-cross field in the commune of Volx. You can also walk around the campsite without difficulty, exceptional panorama guaranteed. <\/p>\n<p><strong class=\"bold color1\">Shopping trip?<\/strong> The region has many typical stores and large shopping malls such as in Aix-en-Provence where you can visit its beautiful old center with its many fountains and discover stores by the hundreds &#8230; on the Plan de Campagne area. <\/p>\n<p>Stay at La Rivi\u00e8re campsite. You are without any doubt in the heart of a <strong class=\"bold color1\">magnificent region<\/strong> in the territory of exception. <\/p>\n<\/div><\/div><\/div><\/div><\/section>\n\n<section id=\"section-5f8ff6ff65f07\"\" class=\"section bg-white\" \/><div class=\"container extralarge\"><div class=\"element section-title center title-cta\">Discover our accommodations and services<\/div><ul class=\"liste-de-page\"><li class=\"element call-to-action center title-cta call-to-action--style-1 call-to-action--big\"><a href=\"https:\/\/camping-lariviere.com\/en\/mobile-home-rental-provence\/\"  class=\"call-to-action_link\" title=\"Learn more about our rentals\"><div class=\"call-to-action_image\"><img decoding=\"async\" src=\"https:\/\/camping-lariviere.com\/wp-content\/uploads\/2020\/10\/location-camping-mobil-home-100x65.jpg\" data-src=\"https:\/\/camping-lariviere.com\/wp-content\/uploads\/2020\/10\/location-camping-mobil-home.jpg\" alt=\"location camping mobil home\" class=\"big\" \/><\/div><div class=\"call-to-action_contenu\"><div class=\"call-to-action_titre\">Our rentals<\/div><\/div><\/a><\/li><li class=\"element call-to-action center title-cta call-to-action--style-1 call-to-action--big call-to-action--style-1 call-to-action--big\"><a href=\"https:\/\/camping-lariviere.com\/en\/rental-pitches-provence\/\"  class=\"call-to-action_link\" title=\"Learn more about our pitches\"><div class=\"call-to-action_image\"><img decoding=\"async\" src=\"https:\/\/camping-lariviere.com\/wp-content\/uploads\/2020\/10\/forfait-confort-camping-car-2-100x65.jpg\" data-src=\"https:\/\/camping-lariviere.com\/wp-content\/uploads\/2020\/10\/forfait-confort-camping-car-2.jpg\" alt=\"forfait confort camping car\" class=\"big\" \/><\/div><div class=\"call-to-action_contenu\"><div class=\"call-to-action_titre\">Our pitches<\/div><\/div><\/a><\/li><li class=\"element call-to-action center title-cta call-to-action--style-1 call-to-action--big call-to-action--style-1 call-to-action--big call-to-action--style-1 call-to-action--big\"><a href=\"https:\/\/camping-lariviere.com\/en\/camping-family-provence\/\"  class=\"call-to-action_link\" title=\"Learn more about our services and animations\"><div class=\"call-to-action_image\"><img decoding=\"async\" src=\"https:\/\/camping-lariviere.com\/wp-content\/uploads\/2020\/10\/enfants-animation-100x65.jpg\" data-src=\"https:\/\/camping-lariviere.com\/wp-content\/uploads\/2020\/10\/enfants-animation.jpg\" alt=\"enfants animation\" class=\"big\" \/><\/div><div class=\"call-to-action_contenu\"><div class=\"call-to-action_titre\">Our services and animations<\/div><\/div><\/a><\/li><\/ul><\/div><\/section>","protected":false},"excerpt":{"rendered":"","protected":false},"author":1,"featured_media":4231,"parent":0,"menu_order":0,"comment_status":"closed","ping_status":"closed","template":"","meta":{"_acf_changed":false,"footnotes":""},"class_list":["post-2327","page","type-page","status-publish","has-post-thumbnail","hentry"],"acf":[],"yoast_head":"<!-- This site is optimized with the Yoast SEO plugin v23.4 - https:\/\/yoast.com\/wordpress\/plugins\/seo\/ -->\n<title>Activities in Provence | Leisure in PACA | What to do in Provence ?<\/title>\n<meta name=\"description\" content=\"The camping La Rivi\u00e8re offers a very pleasant setting for family holidays and benefits from an ideal geographical location.\" \/>\n<meta name=\"robots\" content=\"index, follow, max-snippet:-1, max-image-preview:large, max-video-preview:-1\" \/>\n<link rel=\"canonical\" href=\"https:\/\/camping-lariviere.com\/en\/activities-provence\/\" \/>\n<meta property=\"og:locale\" content=\"en_US\" \/>\n<meta property=\"og:type\" content=\"article\" \/>\n<meta property=\"og:title\" content=\"Activities in Provence | Leisure in PACA | What to do in Provence ?\" \/>\n<meta property=\"og:description\" content=\"The camping La Rivi\u00e8re offers a very pleasant setting for family holidays and benefits from an ideal geographical location.\" \/>\n<meta property=\"og:url\" content=\"https:\/\/camping-lariviere.com\/en\/activities-provence\/\" \/>\n<meta property=\"og:site_name\" content=\"Camping la Rivi\u00e8re\" \/>\n<meta property=\"article:modified_time\" content=\"2021-04-15T14:54:24+00:00\" \/>\n<meta property=\"og:image\" content=\"https:\/\/camping-lariviere.com\/wp-content\/uploads\/2022\/01\/Camping-provence-riviere.png\" \/>\n\t<meta property=\"og:image:width\" content=\"1165\" \/>\n\t<meta property=\"og:image:height\" content=\"717\" \/>\n\t<meta property=\"og:image:type\" content=\"image\/png\" \/>\n<meta name=\"twitter:card\" content=\"summary_large_image\" \/>\n<script type=\"application\/ld+json\" class=\"yoast-schema-graph\">{\"@context\":\"https:\/\/schema.org\",\"@graph\":[{\"@type\":\"WebPage\",\"@id\":\"https:\/\/camping-lariviere.com\/en\/activities-provence\/\",\"url\":\"https:\/\/camping-lariviere.com\/en\/activities-provence\/\",\"name\":\"Activities in Provence | Leisure in PACA | What to do in Provence ?\",\"isPartOf\":{\"@id\":\"https:\/\/camping-lariviere.com\/en\/#website\"},\"primaryImageOfPage\":{\"@id\":\"https:\/\/camping-lariviere.com\/en\/activities-provence\/#primaryimage\"},\"image\":{\"@id\":\"https:\/\/camping-lariviere.com\/en\/activities-provence\/#primaryimage\"},\"thumbnailUrl\":\"https:\/\/camping-lariviere.com\/wp-content\/uploads\/2022\/01\/Camping-provence-riviere.png\",\"datePublished\":\"2020-10-14T08:28:31+00:00\",\"dateModified\":\"2021-04-15T14:54:24+00:00\",\"description\":\"The camping La Rivi\u00e8re offers a very pleasant setting for family holidays and benefits from an ideal geographical location.\",\"breadcrumb\":{\"@id\":\"https:\/\/camping-lariviere.com\/en\/activities-provence\/#breadcrumb\"},\"inLanguage\":\"en-US\",\"potentialAction\":[{\"@type\":\"ReadAction\",\"target\":[\"https:\/\/camping-lariviere.com\/en\/activities-provence\/\"]}]},{\"@type\":\"ImageObject\",\"inLanguage\":\"en-US\",\"@id\":\"https:\/\/camping-lariviere.com\/en\/activities-provence\/#primaryimage\",\"url\":\"https:\/\/camping-lariviere.com\/wp-content\/uploads\/2022\/01\/Camping-provence-riviere.png\",\"contentUrl\":\"https:\/\/camping-lariviere.com\/wp-content\/uploads\/2022\/01\/Camping-provence-riviere.png\",\"width\":1165,\"height\":717,\"caption\":\"camping luberon riviere\"},{\"@type\":\"BreadcrumbList\",\"@id\":\"https:\/\/camping-lariviere.com\/en\/activities-provence\/#breadcrumb\",\"itemListElement\":[{\"@type\":\"ListItem\",\"position\":1,\"name\":\"Campsite in Provence\",\"item\":\"https:\/\/camping-lariviere.com\/en\/\"},{\"@type\":\"ListItem\",\"position\":2,\"name\":\"Activities close to the campsite\"}]},{\"@type\":\"WebSite\",\"@id\":\"https:\/\/camping-lariviere.com\/en\/#website\",\"url\":\"https:\/\/camping-lariviere.com\/en\/\",\"name\":\"Camping la Rivi\u00e8re\",\"description\":\"\",\"publisher\":{\"@id\":\"https:\/\/camping-lariviere.com\/en\/#organization\"},\"potentialAction\":[{\"@type\":\"SearchAction\",\"target\":{\"@type\":\"EntryPoint\",\"urlTemplate\":\"https:\/\/camping-lariviere.com\/en\/?s={search_term_string}\"},\"query-input\":{\"@type\":\"PropertyValueSpecification\",\"valueRequired\":true,\"valueName\":\"search_term_string\"}}],\"inLanguage\":\"en-US\"},{\"@type\":\"Organization\",\"@id\":\"https:\/\/camping-lariviere.com\/en\/#organization\",\"name\":\"Camping La Rivi\u00e8re\",\"url\":\"https:\/\/camping-lariviere.com\/en\/\",\"logo\":{\"@type\":\"ImageObject\",\"inLanguage\":\"en-US\",\"@id\":\"https:\/\/camping-lariviere.com\/en\/#\/schema\/logo\/image\/\",\"url\":\"https:\/\/camping-lariviere.com\/wp-content\/uploads\/2020\/10\/camping-la-riviere-logo.png\",\"contentUrl\":\"https:\/\/camping-lariviere.com\/wp-content\/uploads\/2020\/10\/camping-la-riviere-logo.png\",\"width\":260,\"height\":210,\"caption\":\"Camping La Rivi\u00e8re\"},\"image\":{\"@id\":\"https:\/\/camping-lariviere.com\/en\/#\/schema\/logo\/image\/\"}}]}<\/script>\n<!-- \/ Yoast SEO plugin. -->","yoast_head_json":{"title":"Activities in Provence | Leisure in PACA | What to do in Provence ?","description":"The camping La Rivi\u00e8re offers a very pleasant setting for family holidays and benefits from an ideal geographical location.","robots":{"index":"index","follow":"follow","max-snippet":"max-snippet:-1","max-image-preview":"max-image-preview:large","max-video-preview":"max-video-preview:-1"},"canonical":"https:\/\/camping-lariviere.com\/en\/activities-provence\/","og_locale":"en_US","og_type":"article","og_title":"Activities in Provence | Leisure in PACA | What to do in Provence ?","og_description":"The camping La Rivi\u00e8re offers a very pleasant setting for family holidays and benefits from an ideal geographical location.","og_url":"https:\/\/camping-lariviere.com\/en\/activities-provence\/","og_site_name":"Camping la Rivi\u00e8re","article_modified_time":"2021-04-15T14:54:24+00:00","og_image":[{"width":1165,"height":717,"url":"https:\/\/camping-lariviere.com\/wp-content\/uploads\/2022\/01\/Camping-provence-riviere.png","type":"image\/png"}],"twitter_card":"summary_large_image","schema":{"@context":"https:\/\/schema.org","@graph":[{"@type":"WebPage","@id":"https:\/\/camping-lariviere.com\/en\/activities-provence\/","url":"https:\/\/camping-lariviere.com\/en\/activities-provence\/","name":"Activities in Provence | Leisure in PACA | What to do in Provence ?","isPartOf":{"@id":"https:\/\/camping-lariviere.com\/en\/#website"},"primaryImageOfPage":{"@id":"https:\/\/camping-lariviere.com\/en\/activities-provence\/#primaryimage"},"image":{"@id":"https:\/\/camping-lariviere.com\/en\/activities-provence\/#primaryimage"},"thumbnailUrl":"https:\/\/camping-lariviere.com\/wp-content\/uploads\/2022\/01\/Camping-provence-riviere.png","datePublished":"2020-10-14T08:28:31+00:00","dateModified":"2021-04-15T14:54:24+00:00","description":"The camping La Rivi\u00e8re offers a very pleasant setting for family holidays and benefits from an ideal geographical location.","breadcrumb":{"@id":"https:\/\/camping-lariviere.com\/en\/activities-provence\/#breadcrumb"},"inLanguage":"en-US","potentialAction":[{"@type":"ReadAction","target":["https:\/\/camping-lariviere.com\/en\/activities-provence\/"]}]},{"@type":"ImageObject","inLanguage":"en-US","@id":"https:\/\/camping-lariviere.com\/en\/activities-provence\/#primaryimage","url":"https:\/\/camping-lariviere.com\/wp-content\/uploads\/2022\/01\/Camping-provence-riviere.png","contentUrl":"https:\/\/camping-lariviere.com\/wp-content\/uploads\/2022\/01\/Camping-provence-riviere.png","width":1165,"height":717,"caption":"camping luberon riviere"},{"@type":"BreadcrumbList","@id":"https:\/\/camping-lariviere.com\/en\/activities-provence\/#breadcrumb","itemListElement":[{"@type":"ListItem","position":1,"name":"Campsite in Provence","item":"https:\/\/camping-lariviere.com\/en\/"},{"@type":"ListItem","position":2,"name":"Activities close to the campsite"}]},{"@type":"WebSite","@id":"https:\/\/camping-lariviere.com\/en\/#website","url":"https:\/\/camping-lariviere.com\/en\/","name":"Camping la Rivi\u00e8re","description":"","publisher":{"@id":"https:\/\/camping-lariviere.com\/en\/#organization"},"potentialAction":[{"@type":"SearchAction","target":{"@type":"EntryPoint","urlTemplate":"https:\/\/camping-lariviere.com\/en\/?s={search_term_string}"},"query-input":{"@type":"PropertyValueSpecification","valueRequired":true,"valueName":"search_term_string"}}],"inLanguage":"en-US"},{"@type":"Organization","@id":"https:\/\/camping-lariviere.com\/en\/#organization","name":"Camping La Rivi\u00e8re","url":"https:\/\/camping-lariviere.com\/en\/","logo":{"@type":"ImageObject","inLanguage":"en-US","@id":"https:\/\/camping-lariviere.com\/en\/#\/schema\/logo\/image\/","url":"https:\/\/camping-lariviere.com\/wp-content\/uploads\/2020\/10\/camping-la-riviere-logo.png","contentUrl":"https:\/\/camping-lariviere.com\/wp-content\/uploads\/2020\/10\/camping-la-riviere-logo.png","width":260,"height":210,"caption":"Camping La Rivi\u00e8re"},"image":{"@id":"https:\/\/camping-lariviere.com\/en\/#\/schema\/logo\/image\/"}}]}},"_links":{"self":[{"href":"https:\/\/camping-lariviere.com\/en\/wp-json\/wp\/v2\/pages\/2327","targetHints":{"allow":["GET"]}}],"collection":[{"href":"https:\/\/camping-lariviere.com\/en\/wp-json\/wp\/v2\/pages"}],"about":[{"href":"https:\/\/camping-lariviere.com\/en\/wp-json\/wp\/v2\/types\/page"}],"author":[{"embeddable":true,"href":"https:\/\/camping-lariviere.com\/en\/wp-json\/wp\/v2\/users\/1"}],"replies":[{"embeddable":true,"href":"https:\/\/camping-lariviere.com\/en\/wp-json\/wp\/v2\/comments?post=2327"}],"version-history":[{"count":5,"href":"https:\/\/camping-lariviere.com\/en\/wp-json\/wp\/v2\/pages\/2327\/revisions"}],"predecessor-version":[{"id":2424,"href":"https:\/\/camping-lariviere.com\/en\/wp-json\/wp\/v2\/pages\/2327\/revisions\/2424"}],"wp:featuredmedia":[{"embeddable":true,"href":"https:\/\/camping-lariviere.com\/en\/wp-json\/wp\/v2\/media\/4231"}],"wp:attachment":[{"href":"https:\/\/camping-lariviere.com\/en\/wp-json\/wp\/v2\/media?parent=2327"}],"curies":[{"name":"wp","href":"https:\/\/api.w.org\/{rel}","templated":true}]}}