{"id":5563,"date":"2021-10-22T13:40:20","date_gmt":"2021-10-22T11:40:20","guid":{"rendered":"https:\/\/camping-lariviere.com\/location-chalet-luberon\/"},"modified":"2025-05-06T16:49:45","modified_gmt":"2025-05-06T14:49:45","slug":"location-chalet-luberon","status":"publish","type":"page","link":"https:\/\/camping-lariviere.com\/en\/location-chalet-luberon\/","title":{"rendered":"H\u00e9bergements : Les Chalets"},"content":{"rendered":"<section id=\"section-6172a33747850\"\" class=\"section bg-color2\" \/><div class=\"container extralarge\"><h1 class=\"element section-title center\">Book a chalet rental for your holidays in the Luberon<\/h1><div class=\"element bloc-text justify \">\n\t<p>New for the 2022 season, our all-wooden chalets CAJOU and BADIANE are the height of refinement and modularity that the Luberon campsite in Provence can offer you, guaranteeing you the most wonderful holidays in our magnificent region. All of them are located on large plots of land surrounded on three sides by hedges of more than two metres, guaranteeing your privacy without forgetting a place reserved for your vehicle (possibility of a second vehicle for a small supplement).<\/p>\n<\/div><\/div><\/section>\n\n<section id=\"section-6172a33747928\"\" class=\"section hebergement-chalet bg-white\" \/><div class=\"container\"><div class=\"filtres\"><div class=\"button-group\" data-filter-group=\".number-of-rooms\"><div class=\"button-group-title\">Number of rooms<\/div><button data-filter=\"\" class=\"button active group-all\">All<\/button><button data-filter=\".number-of-rooms-1\" class=\"button\">1 <\/button><button data-filter=\".number-of-rooms-2\" class=\"button\">2 <\/button><button data-filter=\".number-of-rooms-4\" class=\"button\">4 <\/button><\/div><div class=\"button-group\" data-filter-group=\".number-of-people\"><div class=\"button-group-title\">Number of people<\/div><button data-filter=\"\" class=\"button active group-all\">All<\/button><button data-filter=\".number-of-people-2\" class=\"button\">2 <\/button><button data-filter=\".number-of-people-46\" class=\"button\">4\/6 <\/button><button data-filter=\".number-of-people-412\" class=\"button\">4\/12 <\/button><\/div><\/div><ul class=\"liste-de-page hebergements\"><div class=\"row\"><li class=\"element hebergement call-to-action call-to-action--style-2   number-of-rooms-1 number-of-people-2 area-24 climatisation--\"><div class=\"hebergement_link\" id=\"3516\"><div class=\"call-to-action_image\"><img decoding=\"async\" src=\"https:\/\/camping-lariviere.com\/wp-content\/uploads\/2021\/10\/riviere-cajou-cta.jpg\" data-src=\"https:\/\/camping-lariviere.com\/wp-content\/uploads\/2021\/10\/riviere-cajou-cta.jpg\" alt=\"riviere-cajou-cta\" class=\"\" \/><\/div><div class=\"call-to-action_contenu\"><div class=\"call-to-action_titre\">Chalet Cajou<\/div><\/div><div class=\"hebergement-attributs\"><span class=\"attribut number-of-rooms\">1 <\/span><span class=\"attribut number-of-people\">2 <\/span><span class=\"attribut area\">24m\u00b2<\/span><span class=\"attribut climatisation\">  <\/span><\/div><\/div><\/li><li class=\"element hebergement call-to-action call-to-action--style-2   number-of-rooms-2 number-of-people-46 area-69 climatisation-- tv--\"><div class=\"hebergement_link\" id=\"3561\"><div class=\"call-to-action_image\"><img decoding=\"async\" src=\"https:\/\/camping-lariviere.com\/wp-content\/uploads\/2021\/10\/riviere-badiane-cta.jpg\" data-src=\"https:\/\/camping-lariviere.com\/wp-content\/uploads\/2021\/10\/riviere-badiane-cta.jpg\" alt=\"riviere-badiane-cta\" class=\"\" \/><\/div><div class=\"call-to-action_contenu\"><div class=\"call-to-action_titre\">Chalet Badiane Premium<\/div><\/div><div class=\"hebergement-attributs\"><span class=\"attribut number-of-rooms\">2 <\/span><span class=\"attribut number-of-people\">4\/6 <\/span><span class=\"attribut area\">69m\u00b2<\/span><span class=\"attribut climatisation\">  <\/span><span class=\"attribut tv\">  <\/span><\/div><\/div><\/li><li class=\"element hebergement call-to-action call-to-action--style-2   number-of-rooms-4 number-of-people-412 area-140 climatisation-- tv--\"><div class=\"hebergement_link\" id=\"5576\"><div class=\"call-to-action_image\"><img decoding=\"async\" src=\"https:\/\/camping-lariviere.com\/wp-content\/uploads\/2021\/10\/riviere-badiane-cta.jpg\" data-src=\"https:\/\/camping-lariviere.com\/wp-content\/uploads\/2021\/10\/riviere-badiane-cta.jpg\" alt=\"riviere-badiane-cta\" class=\"\" \/><\/div><div class=\"call-to-action_contenu\"><div class=\"call-to-action_titre\">Cottage Badiane premium TRIBU 4\/12 pers<\/div><\/div><div class=\"hebergement-attributs\"><span class=\"attribut number-of-rooms\">4 <\/span><span class=\"attribut number-of-people\">4\/12 <\/span><span class=\"attribut area\">140m\u00b2<\/span><span class=\"attribut climatisation\">  <\/span><span class=\"attribut tv\">  <\/span><\/div><\/div><\/li><\/div><\/ul><\/div><\/section>\n\n<section id=\"section-6172a337479d1\"\" class=\"section bg-white p-b-0\" \/><div class=\"container full\"><div class=\"colonnes-wrap valign-middle \"><div class=\"element colonne w-20 p-0\"><div class=\"element images scroll-x-mobile\"><div class=\"image\"><img decoding=\"async\" src=\"https:\/\/camping-lariviere.com\/wp-content\/uploads\/2021\/10\/chalet-camping-les-riviers-100x100.jpg\" data-src=\"https:\/\/camping-lariviere.com\/wp-content\/uploads\/2021\/10\/chalet-camping-les-riviers.jpg\" alt=\"Chalet provence\" class=\"images_image\" \/><\/div><\/div><\/div><div class=\"element colonne w-60 p-x-6\"><h2 class=\"element section-title center\">Discover our range of chalets in Provence<\/h2><div class=\"element bloc-text center \">\n\t<p>First of all, with the Chalet CAJOU and its 25m2, set aside in a green setting, you will find the ideal place to recharge your batteries for two in a refined cocoon while of course having all the modern comforts, with its living room\/kitchen area and its large bathroom equipped with an XL shower.<\/p>\n<\/div><\/div><div class=\"element colonne w-20 p-0\"><div class=\"element images scroll-x-mobile\"><div class=\"image\"><img decoding=\"async\" src=\"https:\/\/camping-lariviere.com\/wp-content\/uploads\/2021\/10\/chalet-provence-100x100.jpg\" data-src=\"https:\/\/camping-lariviere.com\/wp-content\/uploads\/2021\/10\/chalet-provence.jpg\" alt=\"Cuisine \u00e9quip\u00e9e dans un des chalets du camping La Riviere\" class=\"images_image\" Discover our range of chalets in Provence\/><\/div><\/div><\/div><\/div><\/div><\/section>\n\n<section id=\"section-6172bd16538c4\"\" class=\"section bg-white p-t-0 p-b-0\" \/><div class=\"container full\"><div class=\"colonnes-wrap valign-middle \"><div class=\"element colonne p-x-10\"><h2 class=\"element section-title left\">Go on holiday in the Luberon<\/h2><div class=\"element bloc-text justify \">\n\t<p align=\"justify\">With our BADIANE chalets, linked two by two via an immense wooden terrace of more than 34m2, you can easily envisage leaving with your tribe (up to 12 people) with the certainty of staying between yourselves to be able to make the most of the rare moments of sharing that are holidays, without ever making the slightest compromise on the well-being of everyone.<\/p>\n<\/div><\/div><div class=\"element colonne p-0\"><div class=\"element images scroll-x-mobile\"><div class=\"image\"><img decoding=\"async\" src=\"https:\/\/camping-lariviere.com\/wp-content\/uploads\/2021\/10\/chalet-camping-luberon-100x74.jpg\" data-src=\"https:\/\/camping-lariviere.com\/wp-content\/uploads\/2021\/10\/chalet-camping-luberon.jpg\" alt=\"Chambre avec deux lits s\u00e9par\u00e9s dans un des chalets du camping La Riviere \u00e0 Luberon\" class=\"images_image\" Go on holiday in the Luberon\/><\/div><\/div><\/div><\/div><\/div><\/section>\n\n<section id=\"section-6172bd1653a2f\"\" class=\"section bg-white p-t-0\" \/><div class=\"container full\"><div class=\"colonnes-wrap valign-middle bg-color2\"><div class=\"element colonne p-0\"><div class=\"element images scroll-x-mobile\"><div class=\"image\"><img decoding=\"async\" src=\"https:\/\/camping-lariviere.com\/wp-content\/uploads\/2021\/10\/location-chalet-.sud_-100x74.jpg\" data-src=\"https:\/\/camping-lariviere.com\/wp-content\/uploads\/2021\/10\/location-chalet-.sud_.jpg\" alt=\"Int\u00e9rieur du chalet dans le camping La Riviere \u00e0 Luberon\" class=\"images_image\" \/><\/div><\/div><\/div><div class=\"element colonne p-x-10\"><h2 class=\"element section-title left\">Stay in one of our chalets in the heart of the Luberon Natural Park<\/h2><div class=\"element bloc-text justify \">\n\t<p>In each chalet you will find two bedrooms, one of which is a master suite with a 160*200 bed, two bathrooms so that no one ever has to wait their turn too long, a real living room in a separate room with a comfortable sofa bed for two people, and a fully equipped kitchen with a dishwasher, not forgetting of course air conditioning and television.<\/p>\n<p>With our CAJOU and BADIANE chalets you will be sure to find the comfort of a real home with the advantages of camping life.<\/p>\n<\/div><\/div><\/div><\/div><\/section>\n\n<section id=\"section-6172bd1653bcc\"\" class=\"section bg-white\" \/><div class=\"container extralarge\"><div class=\"element section-title center title-cta\">D\u00e9couvrez les autres locations du camping<\/div><ul class=\"liste-de-page\"><li class=\"element call-to-action center title-cta call-to-action--style-1 call-to-action--big\"><a href=\"https:\/\/camping-lariviere.com\/en\/cheap-camping-provence\/\"  class=\"call-to-action_link\" title=\"Learn more about our rates\"><div class=\"call-to-action_image\"><img decoding=\"async\" src=\"https:\/\/camping-lariviere.com\/wp-content\/uploads\/2020\/10\/camping-la-riviere-cta-tarifs-89x100.jpg\" data-src=\"https:\/\/camping-lariviere.com\/wp-content\/uploads\/2020\/10\/camping-la-riviere-cta-tarifs.jpg\" alt=\"tarifs camping la rivi\u00e8re\" class=\"big\" \/><\/div><div class=\"call-to-action_contenu\"><div class=\"call-to-action_titre\">Our rates<\/div><\/div><\/a><\/li><li class=\"element call-to-action center title-cta call-to-action--style-1 call-to-action--big call-to-action--style-1 call-to-action--big\"><a href=\"https:\/\/camping-lariviere.com\/en\/mobile-home-rental-provence\/\"  class=\"call-to-action_link\" title=\"Learn more about our rentals\"><div class=\"call-to-action_image\"><img decoding=\"async\" src=\"https:\/\/camping-lariviere.com\/wp-content\/uploads\/2020\/10\/location-camping-mobil-home-100x65.jpg\" data-src=\"https:\/\/camping-lariviere.com\/wp-content\/uploads\/2020\/10\/location-camping-mobil-home.jpg\" alt=\"location camping mobil home\" class=\"big\" \/><\/div><div class=\"call-to-action_contenu\"><div class=\"call-to-action_titre\">Our rentals<\/div><\/div><\/a><\/li><li class=\"element call-to-action center title-cta call-to-action--style-1 call-to-action--big call-to-action--style-1 call-to-action--big call-to-action--style-1 call-to-action--big\"><a href=\"https:\/\/camping-lariviere.com\/en\/rental-pitches-provence\/\"  class=\"call-to-action_link\" title=\"Learn more about our pitches\"><div class=\"call-to-action_image\"><img decoding=\"async\" src=\"https:\/\/camping-lariviere.com\/wp-content\/uploads\/2020\/10\/forfait-confort-camping-car-2-100x65.jpg\" data-src=\"https:\/\/camping-lariviere.com\/wp-content\/uploads\/2020\/10\/forfait-confort-camping-car-2.jpg\" alt=\"forfait confort camping car\" class=\"big\" \/><\/div><div class=\"call-to-action_contenu\"><div class=\"call-to-action_titre\">Our pitches<\/div><\/div><\/a><\/li><li class=\"element call-to-action center title-cta call-to-action--style-1 call-to-action--big call-to-action--style-1 call-to-action--big call-to-action--style-1 call-to-action--big call-to-action--style-1 call-to-action--big\"><a href=\"https:\/\/camping-lariviere.com\/en\/location-hebergement-premium-plus-luberon\/\"  class=\"call-to-action_link\" title=\"Learn more about h\u00e9bergements : premium +\"><div class=\"call-to-action_image\"><img decoding=\"async\" src=\"https:\/\/camping-lariviere.com\/wp-content\/uploads\/2020\/10\/camping-provence-100x46.jpg\" data-src=\"https:\/\/camping-lariviere.com\/wp-content\/uploads\/2020\/10\/camping-provence.jpg\" alt=\"camping provence\" class=\"big\" \/><\/div><div class=\"call-to-action_contenu\"><div class=\"call-to-action_titre\">H\u00e9bergements : Premium +<\/div><\/div><\/a><\/li><\/ul><\/div><\/section>","protected":false},"excerpt":{"rendered":"","protected":false},"author":1,"featured_media":3644,"parent":0,"menu_order":0,"comment_status":"closed","ping_status":"closed","template":"","meta":{"_acf_changed":false,"footnotes":""},"class_list":["post-5563","page","type-page","status-publish","has-post-thumbnail","hentry"],"acf":[],"yoast_head":"<!-- This site is optimized with the Yoast SEO plugin v23.4 - https:\/\/yoast.com\/wordpress\/plugins\/seo\/ -->\n<title>Chalet rental Luberon | Rent a chalet in a campsite in Luberon<\/title>\n<meta name=\"description\" content=\"Choose to stay in a chalet rather than a mobile home! Rent a chalet in the Luberon with refined d\u00e9cor and modern comfort.\" \/>\n<meta name=\"robots\" content=\"index, follow, max-snippet:-1, max-image-preview:large, max-video-preview:-1\" \/>\n<link rel=\"canonical\" href=\"https:\/\/camping-lariviere.com\/en\/location-chalet-luberon\/\" \/>\n<meta property=\"og:locale\" content=\"en_US\" \/>\n<meta property=\"og:type\" content=\"article\" \/>\n<meta property=\"og:title\" content=\"Chalet rental Luberon | Rent a chalet in a campsite in Luberon\" \/>\n<meta property=\"og:description\" content=\"Choose to stay in a chalet rather than a mobile home! Rent a chalet in the Luberon with refined d\u00e9cor and modern comfort.\" \/>\n<meta property=\"og:url\" content=\"https:\/\/camping-lariviere.com\/en\/location-chalet-luberon\/\" \/>\n<meta property=\"og:site_name\" content=\"Camping la Rivi\u00e8re\" \/>\n<meta property=\"article:modified_time\" content=\"2025-05-06T14:49:45+00:00\" \/>\n<meta property=\"og:image\" content=\"https:\/\/camping-lariviere.com\/wp-content\/uploads\/2021\/10\/chalet-luberon-2.jpg\" \/>\n\t<meta property=\"og:image:width\" content=\"1903\" \/>\n\t<meta property=\"og:image:height\" content=\"450\" \/>\n\t<meta property=\"og:image:type\" content=\"image\/jpeg\" \/>\n<meta name=\"twitter:card\" content=\"summary_large_image\" \/>\n<meta name=\"twitter:label1\" content=\"Est. reading time\" \/>\n\t<meta name=\"twitter:data1\" content=\"1 minute\" \/>\n<script type=\"application\/ld+json\" class=\"yoast-schema-graph\">{\"@context\":\"https:\/\/schema.org\",\"@graph\":[{\"@type\":\"WebPage\",\"@id\":\"https:\/\/camping-lariviere.com\/en\/location-chalet-luberon\/\",\"url\":\"https:\/\/camping-lariviere.com\/en\/location-chalet-luberon\/\",\"name\":\"Chalet rental Luberon | Rent a chalet in a campsite in Luberon\",\"isPartOf\":{\"@id\":\"https:\/\/camping-lariviere.com\/en\/#website\"},\"primaryImageOfPage\":{\"@id\":\"https:\/\/camping-lariviere.com\/en\/location-chalet-luberon\/#primaryimage\"},\"image\":{\"@id\":\"https:\/\/camping-lariviere.com\/en\/location-chalet-luberon\/#primaryimage\"},\"thumbnailUrl\":\"https:\/\/camping-lariviere.com\/wp-content\/uploads\/2021\/10\/chalet-luberon-2.jpg\",\"datePublished\":\"2021-10-22T11:40:20+00:00\",\"dateModified\":\"2025-05-06T14:49:45+00:00\",\"description\":\"Choose to stay in a chalet rather than a mobile home! Rent a chalet in the Luberon with refined d\u00e9cor and modern comfort.\",\"breadcrumb\":{\"@id\":\"https:\/\/camping-lariviere.com\/en\/location-chalet-luberon\/#breadcrumb\"},\"inLanguage\":\"en-US\",\"potentialAction\":[{\"@type\":\"ReadAction\",\"target\":[\"https:\/\/camping-lariviere.com\/en\/location-chalet-luberon\/\"]}]},{\"@type\":\"ImageObject\",\"inLanguage\":\"en-US\",\"@id\":\"https:\/\/camping-lariviere.com\/en\/location-chalet-luberon\/#primaryimage\",\"url\":\"https:\/\/camping-lariviere.com\/wp-content\/uploads\/2021\/10\/chalet-luberon-2.jpg\",\"contentUrl\":\"https:\/\/camping-lariviere.com\/wp-content\/uploads\/2021\/10\/chalet-luberon-2.jpg\",\"width\":1903,\"height\":450,\"caption\":\"Chalet Luberon\"},{\"@type\":\"BreadcrumbList\",\"@id\":\"https:\/\/camping-lariviere.com\/en\/location-chalet-luberon\/#breadcrumb\",\"itemListElement\":[{\"@type\":\"ListItem\",\"position\":1,\"name\":\"Campsite in Provence\",\"item\":\"https:\/\/camping-lariviere.com\/en\/\"},{\"@type\":\"ListItem\",\"position\":2,\"name\":\"Rent a chalet in the Luberon\"}]},{\"@type\":\"WebSite\",\"@id\":\"https:\/\/camping-lariviere.com\/en\/#website\",\"url\":\"https:\/\/camping-lariviere.com\/en\/\",\"name\":\"Camping la Rivi\u00e8re\",\"description\":\"\",\"publisher\":{\"@id\":\"https:\/\/camping-lariviere.com\/en\/#organization\"},\"potentialAction\":[{\"@type\":\"SearchAction\",\"target\":{\"@type\":\"EntryPoint\",\"urlTemplate\":\"https:\/\/camping-lariviere.com\/en\/?s={search_term_string}\"},\"query-input\":{\"@type\":\"PropertyValueSpecification\",\"valueRequired\":true,\"valueName\":\"search_term_string\"}}],\"inLanguage\":\"en-US\"},{\"@type\":\"Organization\",\"@id\":\"https:\/\/camping-lariviere.com\/en\/#organization\",\"name\":\"Camping La Rivi\u00e8re\",\"url\":\"https:\/\/camping-lariviere.com\/en\/\",\"logo\":{\"@type\":\"ImageObject\",\"inLanguage\":\"en-US\",\"@id\":\"https:\/\/camping-lariviere.com\/en\/#\/schema\/logo\/image\/\",\"url\":\"https:\/\/camping-lariviere.com\/wp-content\/uploads\/2020\/10\/camping-la-riviere-logo.png\",\"contentUrl\":\"https:\/\/camping-lariviere.com\/wp-content\/uploads\/2020\/10\/camping-la-riviere-logo.png\",\"width\":260,\"height\":210,\"caption\":\"Camping La Rivi\u00e8re\"},\"image\":{\"@id\":\"https:\/\/camping-lariviere.com\/en\/#\/schema\/logo\/image\/\"}}]}<\/script>\n<!-- \/ Yoast SEO plugin. -->","yoast_head_json":{"title":"Chalet rental Luberon | Rent a chalet in a campsite in Luberon","description":"Choose to stay in a chalet rather than a mobile home! Rent a chalet in the Luberon with refined d\u00e9cor and modern comfort.","robots":{"index":"index","follow":"follow","max-snippet":"max-snippet:-1","max-image-preview":"max-image-preview:large","max-video-preview":"max-video-preview:-1"},"canonical":"https:\/\/camping-lariviere.com\/en\/location-chalet-luberon\/","og_locale":"en_US","og_type":"article","og_title":"Chalet rental Luberon | Rent a chalet in a campsite in Luberon","og_description":"Choose to stay in a chalet rather than a mobile home! Rent a chalet in the Luberon with refined d\u00e9cor and modern comfort.","og_url":"https:\/\/camping-lariviere.com\/en\/location-chalet-luberon\/","og_site_name":"Camping la Rivi\u00e8re","article_modified_time":"2025-05-06T14:49:45+00:00","og_image":[{"width":1903,"height":450,"url":"https:\/\/camping-lariviere.com\/wp-content\/uploads\/2021\/10\/chalet-luberon-2.jpg","type":"image\/jpeg"}],"twitter_card":"summary_large_image","twitter_misc":{"Est. reading time":"1 minute"},"schema":{"@context":"https:\/\/schema.org","@graph":[{"@type":"WebPage","@id":"https:\/\/camping-lariviere.com\/en\/location-chalet-luberon\/","url":"https:\/\/camping-lariviere.com\/en\/location-chalet-luberon\/","name":"Chalet rental Luberon | Rent a chalet in a campsite in Luberon","isPartOf":{"@id":"https:\/\/camping-lariviere.com\/en\/#website"},"primaryImageOfPage":{"@id":"https:\/\/camping-lariviere.com\/en\/location-chalet-luberon\/#primaryimage"},"image":{"@id":"https:\/\/camping-lariviere.com\/en\/location-chalet-luberon\/#primaryimage"},"thumbnailUrl":"https:\/\/camping-lariviere.com\/wp-content\/uploads\/2021\/10\/chalet-luberon-2.jpg","datePublished":"2021-10-22T11:40:20+00:00","dateModified":"2025-05-06T14:49:45+00:00","description":"Choose to stay in a chalet rather than a mobile home! Rent a chalet in the Luberon with refined d\u00e9cor and modern comfort.","breadcrumb":{"@id":"https:\/\/camping-lariviere.com\/en\/location-chalet-luberon\/#breadcrumb"},"inLanguage":"en-US","potentialAction":[{"@type":"ReadAction","target":["https:\/\/camping-lariviere.com\/en\/location-chalet-luberon\/"]}]},{"@type":"ImageObject","inLanguage":"en-US","@id":"https:\/\/camping-lariviere.com\/en\/location-chalet-luberon\/#primaryimage","url":"https:\/\/camping-lariviere.com\/wp-content\/uploads\/2021\/10\/chalet-luberon-2.jpg","contentUrl":"https:\/\/camping-lariviere.com\/wp-content\/uploads\/2021\/10\/chalet-luberon-2.jpg","width":1903,"height":450,"caption":"Chalet Luberon"},{"@type":"BreadcrumbList","@id":"https:\/\/camping-lariviere.com\/en\/location-chalet-luberon\/#breadcrumb","itemListElement":[{"@type":"ListItem","position":1,"name":"Campsite in Provence","item":"https:\/\/camping-lariviere.com\/en\/"},{"@type":"ListItem","position":2,"name":"Rent a chalet in the Luberon"}]},{"@type":"WebSite","@id":"https:\/\/camping-lariviere.com\/en\/#website","url":"https:\/\/camping-lariviere.com\/en\/","name":"Camping la Rivi\u00e8re","description":"","publisher":{"@id":"https:\/\/camping-lariviere.com\/en\/#organization"},"potentialAction":[{"@type":"SearchAction","target":{"@type":"EntryPoint","urlTemplate":"https:\/\/camping-lariviere.com\/en\/?s={search_term_string}"},"query-input":{"@type":"PropertyValueSpecification","valueRequired":true,"valueName":"search_term_string"}}],"inLanguage":"en-US"},{"@type":"Organization","@id":"https:\/\/camping-lariviere.com\/en\/#organization","name":"Camping La Rivi\u00e8re","url":"https:\/\/camping-lariviere.com\/en\/","logo":{"@type":"ImageObject","inLanguage":"en-US","@id":"https:\/\/camping-lariviere.com\/en\/#\/schema\/logo\/image\/","url":"https:\/\/camping-lariviere.com\/wp-content\/uploads\/2020\/10\/camping-la-riviere-logo.png","contentUrl":"https:\/\/camping-lariviere.com\/wp-content\/uploads\/2020\/10\/camping-la-riviere-logo.png","width":260,"height":210,"caption":"Camping La Rivi\u00e8re"},"image":{"@id":"https:\/\/camping-lariviere.com\/en\/#\/schema\/logo\/image\/"}}]}},"_links":{"self":[{"href":"https:\/\/camping-lariviere.com\/en\/wp-json\/wp\/v2\/pages\/5563","targetHints":{"allow":["GET"]}}],"collection":[{"href":"https:\/\/camping-lariviere.com\/en\/wp-json\/wp\/v2\/pages"}],"about":[{"href":"https:\/\/camping-lariviere.com\/en\/wp-json\/wp\/v2\/types\/page"}],"author":[{"embeddable":true,"href":"https:\/\/camping-lariviere.com\/en\/wp-json\/wp\/v2\/users\/1"}],"replies":[{"embeddable":true,"href":"https:\/\/camping-lariviere.com\/en\/wp-json\/wp\/v2\/comments?post=5563"}],"version-history":[{"count":4,"href":"https:\/\/camping-lariviere.com\/en\/wp-json\/wp\/v2\/pages\/5563\/revisions"}],"predecessor-version":[{"id":7302,"href":"https:\/\/camping-lariviere.com\/en\/wp-json\/wp\/v2\/pages\/5563\/revisions\/7302"}],"wp:featuredmedia":[{"embeddable":true,"href":"https:\/\/camping-lariviere.com\/en\/wp-json\/wp\/v2\/media\/3644"}],"wp:attachment":[{"href":"https:\/\/camping-lariviere.com\/en\/wp-json\/wp\/v2\/media?parent=5563"}],"curies":[{"name":"wp","href":"https:\/\/api.w.org\/{rel}","templated":true}]}}