{"id":1454,"date":"2020-10-30T09:58:16","date_gmt":"2020-10-30T08:58:16","guid":{"rendered":"http:\/\/camping-lariviere.com\/?page_id=1454"},"modified":"2020-11-04T10:12:03","modified_gmt":"2020-11-04T09:12:03","slug":"les-avis","status":"publish","type":"page","link":"https:\/\/camping-lariviere.com\/fr\/les-avis\/","title":{"rendered":"Les avis"},"content":{"rendered":"<section id=\"section-5f9bd5a85d5ae\"\" class=\"section bg-white\" \/><div class=\"container\"><h1 class=\"element section-title center\">Les avis des campeurs<\/h1><div class=\"element bloc-text justify \">\n\t<p><strong class=\"bold color1\">Laissez-nous votre avis<\/strong>, nous \u00e9voluons gr\u00e2ce \u00e0 vos remarques. <\/p>\n<p>Cette rubrique regroupe <strong class=\"bold color1\">vos avis (v\u00e9rifi\u00e9s)<\/strong> et vous permet d\u2019exprimer vos impressions sur votre s\u00e9jour au Camping La Rivi\u00e8re.<br \/>\nFaites nous part, ainsi qu\u2019aux autres internautes, de vos remarques et suggestions.<\/p>\n<\/div><\/div><\/section>\n\n<section id=\"section-avis-widget\"\" class=\"section bg-white p-t-0\" \/><div class=\"container\"><div class=\"element bloc-text center \">\n\t<p><script>\n    window.ctoutvert = {\n        id: 2715,\n        lang: 'auto',\n        url: 'https:\/\/bookingpremium.secureholiday.net\/widgets\/', \n    };\n    (function (w, d, s, ctv, r, js, fjs) {\n        r=new XMLHttpRequest();r.open('GET',w[ctv].url+'js\/src.json');\n        r.responseType='json';r.json=true;r.send();\n        r.onload=function(){w[ctv].src=r.responseType=='json'?r.response:JSON.parse(r.response);\n        js.src=w[ctv].src[0];fjs.parentNode.insertBefore(js, fjs);}\n        js=d.createElement(s),fjs=d.getElementsByTagName(s)[0];\n        js.id='ctvwidget';js.async=1;\n    }(window, document, 'script', 'ctoutvert'));\n<\/script><\/p>\n<p><ctv-reviews-list ><\/ctv-reviews-list><\/p>\n<\/div><\/div><\/section>","protected":false},"excerpt":{"rendered":"","protected":false},"author":1,"featured_media":0,"parent":0,"menu_order":0,"comment_status":"closed","ping_status":"closed","template":"","meta":{"_acf_changed":false,"footnotes":""},"class_list":["post-1454","page","type-page","status-publish","hentry"],"acf":[],"yoast_head":"<!-- This site is optimized with the Yoast SEO plugin v23.4 - https:\/\/yoast.com\/wordpress\/plugins\/seo\/ -->\n<title>Les avis sur le camping (04) | Avis des campeurs | Camping tous les avis<\/title>\n<meta name=\"robots\" content=\"index, follow, max-snippet:-1, max-image-preview:large, max-video-preview:-1\" \/>\n<link rel=\"canonical\" href=\"https:\/\/camping-lariviere.com\/fr\/les-avis\/\" \/>\n<meta property=\"og:locale\" content=\"fr_FR\" \/>\n<meta property=\"og:type\" content=\"article\" \/>\n<meta property=\"og:title\" content=\"Les avis sur le camping (04) | Avis des campeurs | Camping tous les avis\" \/>\n<meta property=\"og:url\" content=\"https:\/\/camping-lariviere.com\/fr\/les-avis\/\" \/>\n<meta property=\"og:site_name\" content=\"Camping la Rivi\u00e8re\" \/>\n<meta property=\"article:modified_time\" content=\"2020-11-04T09:12:03+00:00\" \/>\n<meta name=\"twitter:card\" content=\"summary_large_image\" \/>\n<script type=\"application\/ld+json\" class=\"yoast-schema-graph\">{\"@context\":\"https:\/\/schema.org\",\"@graph\":[{\"@type\":\"WebPage\",\"@id\":\"https:\/\/camping-lariviere.com\/fr\/les-avis\/\",\"url\":\"https:\/\/camping-lariviere.com\/fr\/les-avis\/\",\"name\":\"Les avis sur le camping (04) | Avis des campeurs | Camping tous les avis\",\"isPartOf\":{\"@id\":\"https:\/\/camping-lariviere.com\/fr\/#website\"},\"datePublished\":\"2020-10-30T08:58:16+00:00\",\"dateModified\":\"2020-11-04T09:12:03+00:00\",\"breadcrumb\":{\"@id\":\"https:\/\/camping-lariviere.com\/fr\/les-avis\/#breadcrumb\"},\"inLanguage\":\"fr-FR\",\"potentialAction\":[{\"@type\":\"ReadAction\",\"target\":[\"https:\/\/camping-lariviere.com\/fr\/les-avis\/\"]}]},{\"@type\":\"BreadcrumbList\",\"@id\":\"https:\/\/camping-lariviere.com\/fr\/les-avis\/#breadcrumb\",\"itemListElement\":[{\"@type\":\"ListItem\",\"position\":1,\"name\":\"Camping Luberon\",\"item\":\"https:\/\/camping-lariviere.com\/fr\/\"},{\"@type\":\"ListItem\",\"position\":2,\"name\":\"Les avis\"}]},{\"@type\":\"WebSite\",\"@id\":\"https:\/\/camping-lariviere.com\/fr\/#website\",\"url\":\"https:\/\/camping-lariviere.com\/fr\/\",\"name\":\"Camping la Rivi\u00e8re\",\"description\":\"\",\"publisher\":{\"@id\":\"https:\/\/camping-lariviere.com\/fr\/#organization\"},\"potentialAction\":[{\"@type\":\"SearchAction\",\"target\":{\"@type\":\"EntryPoint\",\"urlTemplate\":\"https:\/\/camping-lariviere.com\/fr\/?s={search_term_string}\"},\"query-input\":{\"@type\":\"PropertyValueSpecification\",\"valueRequired\":true,\"valueName\":\"search_term_string\"}}],\"inLanguage\":\"fr-FR\"},{\"@type\":\"Organization\",\"@id\":\"https:\/\/camping-lariviere.com\/fr\/#organization\",\"name\":\"Camping La Rivi\u00e8re\",\"url\":\"https:\/\/camping-lariviere.com\/fr\/\",\"logo\":{\"@type\":\"ImageObject\",\"inLanguage\":\"fr-FR\",\"@id\":\"https:\/\/camping-lariviere.com\/fr\/#\/schema\/logo\/image\/\",\"url\":\"https:\/\/camping-lariviere.com\/wp-content\/uploads\/2020\/10\/camping-la-riviere-logo.png\",\"contentUrl\":\"https:\/\/camping-lariviere.com\/wp-content\/uploads\/2020\/10\/camping-la-riviere-logo.png\",\"width\":260,\"height\":210,\"caption\":\"Camping La Rivi\u00e8re\"},\"image\":{\"@id\":\"https:\/\/camping-lariviere.com\/fr\/#\/schema\/logo\/image\/\"}}]}<\/script>\n<!-- \/ Yoast SEO plugin. -->","yoast_head_json":{"title":"Les avis sur le camping (04) | Avis des campeurs | Camping tous les avis","robots":{"index":"index","follow":"follow","max-snippet":"max-snippet:-1","max-image-preview":"max-image-preview:large","max-video-preview":"max-video-preview:-1"},"canonical":"https:\/\/camping-lariviere.com\/fr\/les-avis\/","og_locale":"fr_FR","og_type":"article","og_title":"Les avis sur le camping (04) | Avis des campeurs | Camping tous les avis","og_url":"https:\/\/camping-lariviere.com\/fr\/les-avis\/","og_site_name":"Camping la Rivi\u00e8re","article_modified_time":"2020-11-04T09:12:03+00:00","twitter_card":"summary_large_image","schema":{"@context":"https:\/\/schema.org","@graph":[{"@type":"WebPage","@id":"https:\/\/camping-lariviere.com\/fr\/les-avis\/","url":"https:\/\/camping-lariviere.com\/fr\/les-avis\/","name":"Les avis sur le camping (04) | Avis des campeurs | Camping tous les avis","isPartOf":{"@id":"https:\/\/camping-lariviere.com\/fr\/#website"},"datePublished":"2020-10-30T08:58:16+00:00","dateModified":"2020-11-04T09:12:03+00:00","breadcrumb":{"@id":"https:\/\/camping-lariviere.com\/fr\/les-avis\/#breadcrumb"},"inLanguage":"fr-FR","potentialAction":[{"@type":"ReadAction","target":["https:\/\/camping-lariviere.com\/fr\/les-avis\/"]}]},{"@type":"BreadcrumbList","@id":"https:\/\/camping-lariviere.com\/fr\/les-avis\/#breadcrumb","itemListElement":[{"@type":"ListItem","position":1,"name":"Camping Luberon","item":"https:\/\/camping-lariviere.com\/fr\/"},{"@type":"ListItem","position":2,"name":"Les avis"}]},{"@type":"WebSite","@id":"https:\/\/camping-lariviere.com\/fr\/#website","url":"https:\/\/camping-lariviere.com\/fr\/","name":"Camping la Rivi\u00e8re","description":"","publisher":{"@id":"https:\/\/camping-lariviere.com\/fr\/#organization"},"potentialAction":[{"@type":"SearchAction","target":{"@type":"EntryPoint","urlTemplate":"https:\/\/camping-lariviere.com\/fr\/?s={search_term_string}"},"query-input":{"@type":"PropertyValueSpecification","valueRequired":true,"valueName":"search_term_string"}}],"inLanguage":"fr-FR"},{"@type":"Organization","@id":"https:\/\/camping-lariviere.com\/fr\/#organization","name":"Camping La Rivi\u00e8re","url":"https:\/\/camping-lariviere.com\/fr\/","logo":{"@type":"ImageObject","inLanguage":"fr-FR","@id":"https:\/\/camping-lariviere.com\/fr\/#\/schema\/logo\/image\/","url":"https:\/\/camping-lariviere.com\/wp-content\/uploads\/2020\/10\/camping-la-riviere-logo.png","contentUrl":"https:\/\/camping-lariviere.com\/wp-content\/uploads\/2020\/10\/camping-la-riviere-logo.png","width":260,"height":210,"caption":"Camping La Rivi\u00e8re"},"image":{"@id":"https:\/\/camping-lariviere.com\/fr\/#\/schema\/logo\/image\/"}}]}},"_links":{"self":[{"href":"https:\/\/camping-lariviere.com\/fr\/wp-json\/wp\/v2\/pages\/1454","targetHints":{"allow":["GET"]}}],"collection":[{"href":"https:\/\/camping-lariviere.com\/fr\/wp-json\/wp\/v2\/pages"}],"about":[{"href":"https:\/\/camping-lariviere.com\/fr\/wp-json\/wp\/v2\/types\/page"}],"author":[{"embeddable":true,"href":"https:\/\/camping-lariviere.com\/fr\/wp-json\/wp\/v2\/users\/1"}],"replies":[{"embeddable":true,"href":"https:\/\/camping-lariviere.com\/fr\/wp-json\/wp\/v2\/comments?post=1454"}],"version-history":[{"count":10,"href":"https:\/\/camping-lariviere.com\/fr\/wp-json\/wp\/v2\/pages\/1454\/revisions"}],"predecessor-version":[{"id":1946,"href":"https:\/\/camping-lariviere.com\/fr\/wp-json\/wp\/v2\/pages\/1454\/revisions\/1946"}],"wp:attachment":[{"href":"https:\/\/camping-lariviere.com\/fr\/wp-json\/wp\/v2\/media?parent=1454"}],"curies":[{"name":"wp","href":"https:\/\/api.w.org\/{rel}","templated":true}]}}