{"id":261,"date":"2020-10-14T10:28:20","date_gmt":"2020-10-14T08:28:20","guid":{"rendered":"http:\/\/camping-lariviere.com\/?page_id=261"},"modified":"2025-06-21T14:21:34","modified_gmt":"2025-06-21T12:21:34","slug":"services","status":"publish","type":"page","link":"https:\/\/camping-lariviere.com\/fr\/services\/","title":{"rendered":"Camping : Animation, Services et restaurant"},"content":{"rendered":"<section id=\"section-5f8ff6ff65384\"\" class=\"section bg-color2 p-b-0\" \/><div class=\"container extralarge\"><h1 class=\"element section-title center\">Des services et des activit\u00e9s pour toute la famille<\/h1><div class=\"element bloc-text justify \">\n\t<p style=\"text-align: center;\">Vous \u00eates \u00e0 la recherche d\u2019un lieu atypique pour passer des vacances en famille\u2009? Partez pour <strong>le Lub\u00e9on au coeur de la Provence<\/strong> et faites le choix du d\u00e9paysement au soleil avec le Camping La Rivi\u00e8re. D\u00e9couvrez d\u00e8s maintenant les avantages du <a href=\"\/fr\/camping-familial-luberon\/\">camping familial dans le Lub\u00e9ron<\/a> et les nombreuses activit\u00e9s qui s\u2019offrent \u00e0 vous.<\/p>\n<\/div><\/div><\/section>\n\n<section id=\"section-groupe2\"\" class=\"section bg-white p-t-0 p-b-0\" \/><div class=\"container full\"><div class=\"colonnes-wrap valign-middle \"><div class=\"element colonne w-20 p-0\"><div class=\"element images scroll-x-mobile\"><div class=\"image\"><img decoding=\"async\" src=\"https:\/\/camping-lariviere.com\/wp-content\/uploads\/2020\/11\/animations-en-camping-100x100.jpg\" data-src=\"https:\/\/camping-lariviere.com\/wp-content\/uploads\/2020\/11\/animations-en-camping.jpg\" alt=\"animations en camping\" class=\"images_image\" \/><\/div><\/div><div class=\"element images scroll-x-mobile\"><div class=\"image\"><img decoding=\"async\" src=\"https:\/\/camping-lariviere.com\/wp-content\/uploads\/2020\/11\/snack-la-riviere-provence-100x100.jpg\" data-src=\"https:\/\/camping-lariviere.com\/wp-content\/uploads\/2020\/11\/snack-la-riviere-provence.jpg\" alt=\"snack la riviere provence\" class=\"images_image\" \/><\/div><\/div><\/div><div class=\"element colonne w-60 p-x-6\"><h2 class=\"element section-title center\">D\u00e9couvrez les services propos\u00e9s par le camping <\/h2><div class=\"element bloc-text center \">\n\t<p>Le <a href=\"\/fr\/\">camping La Rivi\u00e8re dans le Luberon<\/a> met \u00e0 votre disposition de <strong class=\"bold color1\">nombreux services<\/strong> (alimentation, couverture internet wifi, restauration sur place et \u00e0 emporter \u2026) destin\u00e9s \u00e0 rendre le s\u00e9jour des familles des plus agr\u00e9ables. D\u00e9couvrez notre <a href=\"https:\/\/camping-lariviere.com\/fr\/carte-luberon\/\">carte du Lub\u00e9ron<\/a> pour mieux vous situer dans la r\u00e9gion.<\/p>\n<p>Pour toute demande ou besoin particulier, une personne de la r\u00e9ception est \u00e0 la disposition des r\u00e9sidents, \u00e0 l\u2019accueil du camping. L\u2019<strong class=\"bold color1\">accueil<\/strong> est ouvert tous les jours de 8h00 \u00e0 20h, en juillet et aout ; et de 9h \u00e0 12h et de 13h \u00e0 18h, le reste de l\u2019ann\u00e9e.<\/p>\n<p>Afin de permettre \u00e0 chacun de profiter sereinement de ses vacances, nous mettons \u00e0 votre disposition un service courrier (rel\u00e8ve journali\u00e8re), une laverie (lave-linge et s\u00e8che-linge), un espace lecture (au calme pr\u00e8s de la rivi\u00e8re), une t\u00e9l\u00e9vision (dans la salle du restaurant) ainsi qu\u2019une biblioth\u00e8que en libre service.<\/p>\n<p>Les <strong class=\"bold color1\">repas conviviaux<\/strong> faisant partie des vacances, nous nous effor\u00e7ons de satisfaire les envies de tous nos clients. Pour ceux qui aiment cuisiner, notre <a href=\"https:\/\/camping-lariviere.com\/fr\/camping-oraison\/\">camping proche d&rsquo;Oraison<\/a> vous propose une petite \u00e9picerie avec d\u00e9p\u00f4t de pain (du 1er Juin au 31 Ao\u00fbt) et un espace barbecue (il ne vous reste plus qu\u2019\u00e0 amener votre charbon de bois). Pour les autres, il y a un bar, notre paillote, ainsi que tous les services de restauration possibles (du 30 juin au 31 Ao\u00fbt).<\/p>\n<p>Profitez d\u2019une carte \u00e9labor\u00e9e et vari\u00e9e, allant d\u2019une cuisine maison et r\u00e9gionale, d\u2019une carte de snacking \u00e0 une cuisine plus raffin\u00e9e avec des burgers maisons et des sp\u00e9cialit\u00e9s du chef\u2026<\/p>\n<\/div><\/div><div class=\"element colonne w-20 p-0\"><div class=\"element images scroll-x-mobile\"><div class=\"image\"><img decoding=\"async\" src=\"https:\/\/camping-lariviere.com\/wp-content\/uploads\/2020\/11\/desert-restaurant-provence-100x100.jpg\" data-src=\"https:\/\/camping-lariviere.com\/wp-content\/uploads\/2020\/11\/desert-restaurant-provence.jpg\" alt=\"desert restaurant provence\" class=\"images_image\" D\u00e9couvrez les services propos\u00e9s par le camping \/><\/div><\/div><div class=\"element images scroll-x-mobile\"><div class=\"image\"><img decoding=\"async\" src=\"https:\/\/camping-lariviere.com\/wp-content\/uploads\/2020\/11\/equipe-animations-camping-100x100.jpg\" data-src=\"https:\/\/camping-lariviere.com\/wp-content\/uploads\/2020\/11\/equipe-animations-camping.jpg\" alt=\"equipe animations camping\" class=\"images_image\" D\u00e9couvrez les services propos\u00e9s par le camping \/><\/div><\/div><\/div><\/div><\/div><\/section>\n\n<section id=\"section-5f8ff6ff65a6c\"\" class=\"section bg-white p-t-0 p-b-0\" \/><div class=\"container full\"><div class=\"colonnes-wrap valign-middle bg-color2\"><div class=\"element colonne p-0\"><div class=\"element images scroll-x-mobile\"><div class=\"image\"><img decoding=\"async\" src=\"https:\/\/camping-lariviere.com\/wp-content\/uploads\/2020\/10\/petanque-terrain-100x71.jpg\" data-src=\"https:\/\/camping-lariviere.com\/wp-content\/uploads\/2020\/10\/petanque-terrain.jpg\" alt=\"p\u00e9tanque terrain\" class=\"images_image\" \/><\/div><div class=\"image\"><img decoding=\"async\" src=\"https:\/\/camping-lariviere.com\/wp-content\/uploads\/2021\/01\/d28456f2-88e7-42f8-a2e6-0430d8525443-100x94.jpg\" data-src=\"https:\/\/camping-lariviere.com\/wp-content\/uploads\/2021\/01\/d28456f2-88e7-42f8-a2e6-0430d8525443.jpg\" alt=\"poney\" class=\"images_image\" \/><\/div><\/div><\/div><div class=\"element colonne p-x-10\"><div class=\"element bloc-text justify \">\n\t<p>Notre <a href=\"https:\/\/camping-lariviere.com\/fr\/camping-a-la-ferme\/\">camping \u00e0 la ferme dans le Lub\u00e9ron<\/a> vous propose une <strong class=\"bold color1\">multitude d\u2019animations<\/strong> et <strong class=\"bold color1\">d\u2019activit\u00e9s<\/strong> sur place avec la compagnie de nos nouvelles mascottes \u00e0 quatre pattes, <strong class=\"bold color1\">Marius et Marco nos \u00e2nes sans oublier Lucky notre nouveau poney<\/strong>.<\/p>\n<p>Les activit\u00e9s et animations du 1 Juillet au 31 Ao\u00fbt, tous les jours sauf le samedi :<\/p>\n<ul>\n<li><strong class=\"bold color1\">Le matin<\/strong> de 11h \u00e0 12h (pour les enfants de 4 \u00e0 10 ans) apr\u00e8s un r\u00e9veil sportif dans la piscine ou sur notre terrain multisports.<br \/>\nActivit\u00e9s au programme : olympiades, travaux manuels, chasse au tr\u00e9sor, land art\u2026<\/li>\n<li><strong class=\"bold color1\">L&rsquo;apr\u00e8s-midi<\/strong> de 16h \u00e0 18h (pour les ados et adultes).<br \/>\nAu programme : volley-ball, tournoi de ping-pong, football, water-polo et jeux piscine\u2026<\/li>\n<li><strong class=\"bold color1\">Le soir<\/strong> diff\u00e9rentes animations vous sont propos\u00e9es :<br \/>\nSoir\u00e9e dansante, spectacle avec repas \u00e0 th\u00e8me tous les jeudis (avec guests), loto, karaok\u00e9, soir\u00e9e sosie, jeux en famille, concours de p\u00e9tanque, quiz, piscine nocturne\u2026<\/li>\n<\/ul>\n<\/div><\/div><\/div><\/div><\/section>\n\n<section id=\"section-5f8ff6ff65789\"\" class=\"section bg-white p-t-0 p-b-0\" \/><div class=\"container full\"><div class=\"colonnes-wrap valign-middle \"><div class=\"element colonne w-20 p-0\"><div class=\"element images scroll-x-mobile\"><div class=\"image\"><img decoding=\"async\" src=\"https:\/\/camping-lariviere.com\/wp-content\/uploads\/2020\/10\/randonnee-homme-balade-100x100.jpg\" data-src=\"https:\/\/camping-lariviere.com\/wp-content\/uploads\/2020\/10\/randonnee-homme-balade.jpg\" alt=\"randonn\u00e9e homme balade\" class=\"images_image\" \/><\/div><\/div><div class=\"element images scroll-x-mobile\"><div class=\"image\"><img decoding=\"async\" src=\"https:\/\/camping-lariviere.com\/wp-content\/uploads\/2020\/11\/randonnees-moustiers-100x100.jpg\" data-src=\"https:\/\/camping-lariviere.com\/wp-content\/uploads\/2020\/11\/randonnees-moustiers.jpg\" alt=\"randonnees moustiers\" class=\"images_image\" \/><\/div><\/div><\/div><div class=\"element colonne w-60 p-x-6\"><h2 class=\"element section-title center\">D\u00e9couvrez les activit\u00e9s propos\u00e9es par le camping dans le Luberon<\/h2><div class=\"element bloc-text center \">\n\t<p><strong class=\"bold color1\">D&rsquo;autres activit\u00e9s<\/strong> vous seront sont propos\u00e9s tout au long de votre s\u00e9jour (animations payantes), telles que  :<\/p>\n<ul class=\"list-center\">\n<li>Des randonn\u00e9es p\u00e9dagogiques et pleines d\u2019anecdotes une fois par semaine avec David<\/li>\n<li>Des massages de bien-\u00eatre par un professionnel<\/li>\n<li>De la trottinette \u00e9lectrique tous terrains<\/li>\n<li>De l\u2019\u00e9quitation<\/li>\n<li>Du parapente<\/li>\n<li>Du cano\u00eb-kayak<\/li>\n<\/ul>\n<p>Le camping organise \u00e9galement plusieurs fois par semaine des <strong class=\"bold color1\">mini march\u00e9s<\/strong>, vous retrouverez ainsi des producteurs et marchands locaux (fruits et l\u00e9gumes, \u00e9pices, cosm\u00e9tiques, fromages, confiseries, pr\u00eat-\u00e0-porter, bijoux\u2026). <\/p>\n<\/div><\/div><div class=\"element colonne w-20 p-0\"><div class=\"element images scroll-x-mobile\"><div class=\"image\"><img decoding=\"async\" src=\"https:\/\/camping-lariviere.com\/wp-content\/uploads\/2020\/11\/randonnees-coloroda-provencal-100x100.jpg\" data-src=\"https:\/\/camping-lariviere.com\/wp-content\/uploads\/2020\/11\/randonnees-coloroda-provencal.jpg\" alt=\"randonnees colorado provencal\" class=\"images_image\" D\u00e9couvrez les activit\u00e9s propos\u00e9es par le camping dans le Luberon\/><\/div><\/div><div class=\"element images scroll-x-mobile\"><div class=\"image\"><img decoding=\"async\" src=\"https:\/\/camping-lariviere.com\/wp-content\/uploads\/2020\/10\/crayon-dessin-enfant-100x100.jpg\" data-src=\"https:\/\/camping-lariviere.com\/wp-content\/uploads\/2020\/10\/crayon-dessin-enfant.jpg\" alt=\"crayon dessin enfant\" class=\"images_image\" D\u00e9couvrez les activit\u00e9s propos\u00e9es par le camping dans le Luberon\/><\/div><\/div><\/div><\/div><\/div><\/section>\n\n<section id=\"section-611388dd0f944\"\" class=\"section bg-white p-b-0\" \/><div class=\"container full\"><div class=\"colonnes-wrap valign-middle \"><div class=\"element colonne p-x-10\"><h2 class=\"element section-title left\">Vos vacances dans le Lub\u00e9ron en Provence<\/h2><div class=\"element bloc-text justify \">\n\t<p>Renouez avec la nature en partant pour la Provence avec le <strong class=\"bold color1\">Camping La Rivi\u00e8re<\/strong> . Planifiez d\u00e8s maintenant vos loisirs gr\u00e2ce aux am\u00e9nagements du Camping La Rivi\u00e8re vous proposant de nombreuses occasions de profiter <strong class=\"bold color1\">d\u2019activit\u00e9s aquatiques<\/strong> . D\u00e9tendez-vous aux abords de la piscine du camping pendant que vos enfants s\u2019amusent avec des jeux d\u2019eau et profitez de moments inoubliables dans le cadre idyllique qu\u2019offre la Provence.<br \/>\nProfitez de la proximit\u00e9 avec quelques villages atypiques pour organiser des visites avec toute votre famille. B\u00e2timents historiques, mus\u00e9es, il y en a pour tous les go\u00fbts\u2009! B\u00e9n\u00e9ficiez aussi de tous les bienfaits d\u2019une nature luxuriante accessible <strong class=\"bold color1\">\u00e0 quelques minutes du camping <\/strong>et saisissez cette belle occasion de faire de la randonn\u00e9e avec vos proches pour un moment convivial et agr\u00e9able. <\/p>\n<\/div><\/div><div class=\"element colonne p-0\"><div class=\"element images scroll-x-mobile\"><div class=\"image\"><img decoding=\"async\" src=\"https:\/\/camping-lariviere.com\/wp-content\/uploads\/2021\/06\/piscine-camping-accueil-100x65.jpg\" data-src=\"https:\/\/camping-lariviere.com\/wp-content\/uploads\/2021\/06\/piscine-camping-accueil.jpg\" alt=\"piscine-camping-accueil\" class=\"images_image\" Vos vacances dans le Lub\u00e9ron en Provence\/><\/div><\/div><\/div><\/div><\/div><\/section>\n\n<section id=\"section-611388dd0facb\"\" class=\"section bg-white p-t-0 p-b-0\" \/><div class=\"container full\"><div class=\"colonnes-wrap valign-middle \"><div class=\"element colonne \"><div class=\"element images scroll-x-mobile\"><div class=\"image\"><img decoding=\"async\" src=\"https:\/\/camping-lariviere.com\/wp-content\/uploads\/2021\/08\/photo-riviere-provence-100x71.jpg\" data-src=\"https:\/\/camping-lariviere.com\/wp-content\/uploads\/2021\/08\/photo-riviere-provence.jpg\" alt=\"photo-riviere-provence\" class=\"images_image\" \/><\/div><\/div><\/div><div class=\"element colonne p-x-10\"><h2 class=\"element section-title left\">R\u00e9servez votre emplacement au camping<\/h2><div class=\"element bloc-text justify \">\n\t<p>Vous \u00eates int\u00e9ress\u00e9 par un s\u00e9jour en famille au <strong class=\"bold color1\">Camping La Rivi\u00e8re <\/strong>? Quelle bonne id\u00e9e\u2009! En route pour la Provence et choisissez l\u2019emplacement qui convient le mieux \u00e0 vos envies. S\u00e9lectionnez d\u00e8s maintenant votre <a href=\"https:\/\/camping-lariviere.com\/fr\/location-mobil-home-luberon\/\">location de mobil home dans le Luberon<\/a> et optez pour un endroit calme ou une proximit\u00e9 directe avec <strong class=\"bold color1\">l\u2019\u00e9tang ou la rivi\u00e8re du camping <\/strong>pour une exp\u00e9rience optimale\u2009!<\/p>\n<\/div><\/div><\/div><\/div><\/section>\n\n<section id=\"section-5f8ff6ff65f07\"\" class=\"section bg-white\" \/><div class=\"container extralarge\"><div class=\"element section-title center title-cta\">D\u00e9couvrez nos h\u00e9bergements et notre piscine<\/div><ul class=\"liste-de-page\"><li class=\"element call-to-action center title-cta call-to-action--style-1 call-to-action--big\"><a href=\"https:\/\/camping-lariviere.com\/fr\/camping-piscine-luberon\/\"  class=\"call-to-action_link\" title=\"En savoir plus sur notre espace aquatique\"><div class=\"call-to-action_image\"><img decoding=\"async\" src=\"https:\/\/camping-lariviere.com\/wp-content\/uploads\/2021\/06\/la-riviere-camping-piscine-100x100.jpg\" data-src=\"https:\/\/camping-lariviere.com\/wp-content\/uploads\/2021\/06\/la-riviere-camping-piscine.jpg\" alt=\"la-riviere-camping-piscine\" class=\"big\" \/><\/div><div class=\"call-to-action_contenu\"><div class=\"call-to-action_titre\">Notre espace aquatique<\/div><\/div><\/a><\/li><li class=\"element call-to-action center title-cta call-to-action--style-1 call-to-action--big call-to-action--style-1 call-to-action--big\"><a href=\"https:\/\/camping-lariviere.com\/fr\/location-mobil-home-luberon\/\"  class=\"call-to-action_link\" title=\"En savoir plus sur nos mobil homes\"><div class=\"call-to-action_image\"><img decoding=\"async\" src=\"https:\/\/camping-lariviere.com\/wp-content\/uploads\/2020\/10\/location-camping-mobil-home-100x65.jpg\" data-src=\"https:\/\/camping-lariviere.com\/wp-content\/uploads\/2020\/10\/location-camping-mobil-home.jpg\" alt=\"location camping mobil home\" class=\"big\" \/><\/div><div class=\"call-to-action_contenu\"><div class=\"call-to-action_titre\">Nos mobil homes<\/div><\/div><\/a><\/li><li class=\"element call-to-action center title-cta call-to-action--style-1 call-to-action--big call-to-action--style-1 call-to-action--big call-to-action--style-1 call-to-action--big\"><a href=\"https:\/\/camping-lariviere.com\/fr\/location-emplacements-luberon\/\"  class=\"call-to-action_link\" title=\"En savoir plus sur nos emplacements\"><div class=\"call-to-action_image\"><img decoding=\"async\" src=\"https:\/\/camping-lariviere.com\/wp-content\/uploads\/2020\/10\/forfait-confort-camping-car-2-100x65.jpg\" data-src=\"https:\/\/camping-lariviere.com\/wp-content\/uploads\/2020\/10\/forfait-confort-camping-car-2.jpg\" alt=\"forfait confort camping car\" class=\"big\" \/><\/div><div class=\"call-to-action_contenu\"><div class=\"call-to-action_titre\">Nos emplacements<\/div><\/div><\/a><\/li><\/ul><\/div><\/section>","protected":false},"excerpt":{"rendered":"","protected":false},"author":1,"featured_media":1279,"parent":0,"menu_order":0,"comment_status":"closed","ping_status":"closed","template":"","meta":{"_acf_changed":false,"footnotes":""},"class_list":["post-261","page","type-page","status-publish","has-post-thumbnail","hentry"],"acf":[],"yoast_head":"<!-- This site is optimized with the Yoast SEO plugin v23.4 - https:\/\/yoast.com\/wordpress\/plugins\/seo\/ -->\n<title>Camping familial dans le Luberon | Services et animations<\/title>\n<meta name=\"description\" content=\"Venez passer vos vacances dans le Luberon dans le camping familial la Rivi\u00e8re. Retrouvez toutes les animations et les services propos\u00e9s par le camping pour toute la famille.\" \/>\n<meta name=\"robots\" content=\"index, follow, max-snippet:-1, max-image-preview:large, max-video-preview:-1\" \/>\n<link rel=\"canonical\" href=\"https:\/\/camping-lariviere.com\/fr\/services\/\" \/>\n<meta property=\"og:locale\" content=\"fr_FR\" \/>\n<meta property=\"og:type\" content=\"article\" \/>\n<meta property=\"og:title\" content=\"Camping familial dans le Luberon | Services et animations\" \/>\n<meta property=\"og:description\" content=\"Venez passer vos vacances dans le Luberon dans le camping familial la Rivi\u00e8re. Retrouvez toutes les animations et les services propos\u00e9s par le camping pour toute la famille.\" \/>\n<meta property=\"og:url\" content=\"https:\/\/camping-lariviere.com\/fr\/services\/\" \/>\n<meta property=\"og:site_name\" content=\"Camping la Rivi\u00e8re\" \/>\n<meta property=\"article:modified_time\" content=\"2025-06-21T12:21:34+00:00\" \/>\n<meta property=\"og:image\" content=\"https:\/\/camping-lariviere.com\/wp-content\/uploads\/2020\/10\/enfants-activites.jpg\" \/>\n\t<meta property=\"og:image:width\" content=\"1903\" \/>\n\t<meta property=\"og:image:height\" content=\"450\" \/>\n\t<meta property=\"og:image:type\" content=\"image\/jpeg\" \/>\n<meta name=\"twitter:card\" content=\"summary_large_image\" \/>\n<meta name=\"twitter:label1\" content=\"Dur\u00e9e de lecture estim\u00e9e\" \/>\n\t<meta name=\"twitter:data1\" content=\"1 minute\" \/>\n<script type=\"application\/ld+json\" class=\"yoast-schema-graph\">{\"@context\":\"https:\/\/schema.org\",\"@graph\":[{\"@type\":\"WebPage\",\"@id\":\"https:\/\/camping-lariviere.com\/fr\/services\/\",\"url\":\"https:\/\/camping-lariviere.com\/fr\/services\/\",\"name\":\"Camping familial dans le Luberon | Services et animations\",\"isPartOf\":{\"@id\":\"https:\/\/camping-lariviere.com\/fr\/#website\"},\"primaryImageOfPage\":{\"@id\":\"https:\/\/camping-lariviere.com\/fr\/services\/#primaryimage\"},\"image\":{\"@id\":\"https:\/\/camping-lariviere.com\/fr\/services\/#primaryimage\"},\"thumbnailUrl\":\"https:\/\/camping-lariviere.com\/wp-content\/uploads\/2020\/10\/enfants-activites.jpg\",\"datePublished\":\"2020-10-14T08:28:20+00:00\",\"dateModified\":\"2025-06-21T12:21:34+00:00\",\"description\":\"Venez passer vos vacances dans le Luberon dans le camping familial la Rivi\u00e8re. Retrouvez toutes les animations et les services propos\u00e9s par le camping pour toute la famille.\",\"breadcrumb\":{\"@id\":\"https:\/\/camping-lariviere.com\/fr\/services\/#breadcrumb\"},\"inLanguage\":\"fr-FR\",\"potentialAction\":[{\"@type\":\"ReadAction\",\"target\":[\"https:\/\/camping-lariviere.com\/fr\/services\/\"]}]},{\"@type\":\"ImageObject\",\"inLanguage\":\"fr-FR\",\"@id\":\"https:\/\/camping-lariviere.com\/fr\/services\/#primaryimage\",\"url\":\"https:\/\/camping-lariviere.com\/wp-content\/uploads\/2020\/10\/enfants-activites.jpg\",\"contentUrl\":\"https:\/\/camping-lariviere.com\/wp-content\/uploads\/2020\/10\/enfants-activites.jpg\",\"width\":1903,\"height\":450,\"caption\":\"enfants activit\u00e9s\"},{\"@type\":\"BreadcrumbList\",\"@id\":\"https:\/\/camping-lariviere.com\/fr\/services\/#breadcrumb\",\"itemListElement\":[{\"@type\":\"ListItem\",\"position\":1,\"name\":\"Camping Luberon\",\"item\":\"https:\/\/camping-lariviere.com\/fr\/\"},{\"@type\":\"ListItem\",\"position\":2,\"name\":\"Services et animations au camping\"}]},{\"@type\":\"WebSite\",\"@id\":\"https:\/\/camping-lariviere.com\/fr\/#website\",\"url\":\"https:\/\/camping-lariviere.com\/fr\/\",\"name\":\"Camping la Rivi\u00e8re\",\"description\":\"\",\"publisher\":{\"@id\":\"https:\/\/camping-lariviere.com\/fr\/#organization\"},\"potentialAction\":[{\"@type\":\"SearchAction\",\"target\":{\"@type\":\"EntryPoint\",\"urlTemplate\":\"https:\/\/camping-lariviere.com\/fr\/?s={search_term_string}\"},\"query-input\":{\"@type\":\"PropertyValueSpecification\",\"valueRequired\":true,\"valueName\":\"search_term_string\"}}],\"inLanguage\":\"fr-FR\"},{\"@type\":\"Organization\",\"@id\":\"https:\/\/camping-lariviere.com\/fr\/#organization\",\"name\":\"Camping La Rivi\u00e8re\",\"url\":\"https:\/\/camping-lariviere.com\/fr\/\",\"logo\":{\"@type\":\"ImageObject\",\"inLanguage\":\"fr-FR\",\"@id\":\"https:\/\/camping-lariviere.com\/fr\/#\/schema\/logo\/image\/\",\"url\":\"https:\/\/camping-lariviere.com\/wp-content\/uploads\/2020\/10\/camping-la-riviere-logo.png\",\"contentUrl\":\"https:\/\/camping-lariviere.com\/wp-content\/uploads\/2020\/10\/camping-la-riviere-logo.png\",\"width\":260,\"height\":210,\"caption\":\"Camping La Rivi\u00e8re\"},\"image\":{\"@id\":\"https:\/\/camping-lariviere.com\/fr\/#\/schema\/logo\/image\/\"}}]}<\/script>\n<!-- \/ Yoast SEO plugin. -->","yoast_head_json":{"title":"Camping familial dans le Luberon | Services et animations","description":"Venez passer vos vacances dans le Luberon dans le camping familial la Rivi\u00e8re. Retrouvez toutes les animations et les services propos\u00e9s par le camping pour toute la famille.","robots":{"index":"index","follow":"follow","max-snippet":"max-snippet:-1","max-image-preview":"max-image-preview:large","max-video-preview":"max-video-preview:-1"},"canonical":"https:\/\/camping-lariviere.com\/fr\/services\/","og_locale":"fr_FR","og_type":"article","og_title":"Camping familial dans le Luberon | Services et animations","og_description":"Venez passer vos vacances dans le Luberon dans le camping familial la Rivi\u00e8re. Retrouvez toutes les animations et les services propos\u00e9s par le camping pour toute la famille.","og_url":"https:\/\/camping-lariviere.com\/fr\/services\/","og_site_name":"Camping la Rivi\u00e8re","article_modified_time":"2025-06-21T12:21:34+00:00","og_image":[{"width":1903,"height":450,"url":"https:\/\/camping-lariviere.com\/wp-content\/uploads\/2020\/10\/enfants-activites.jpg","type":"image\/jpeg"}],"twitter_card":"summary_large_image","twitter_misc":{"Dur\u00e9e de lecture estim\u00e9e":"1 minute"},"schema":{"@context":"https:\/\/schema.org","@graph":[{"@type":"WebPage","@id":"https:\/\/camping-lariviere.com\/fr\/services\/","url":"https:\/\/camping-lariviere.com\/fr\/services\/","name":"Camping familial dans le Luberon | Services et animations","isPartOf":{"@id":"https:\/\/camping-lariviere.com\/fr\/#website"},"primaryImageOfPage":{"@id":"https:\/\/camping-lariviere.com\/fr\/services\/#primaryimage"},"image":{"@id":"https:\/\/camping-lariviere.com\/fr\/services\/#primaryimage"},"thumbnailUrl":"https:\/\/camping-lariviere.com\/wp-content\/uploads\/2020\/10\/enfants-activites.jpg","datePublished":"2020-10-14T08:28:20+00:00","dateModified":"2025-06-21T12:21:34+00:00","description":"Venez passer vos vacances dans le Luberon dans le camping familial la Rivi\u00e8re. Retrouvez toutes les animations et les services propos\u00e9s par le camping pour toute la famille.","breadcrumb":{"@id":"https:\/\/camping-lariviere.com\/fr\/services\/#breadcrumb"},"inLanguage":"fr-FR","potentialAction":[{"@type":"ReadAction","target":["https:\/\/camping-lariviere.com\/fr\/services\/"]}]},{"@type":"ImageObject","inLanguage":"fr-FR","@id":"https:\/\/camping-lariviere.com\/fr\/services\/#primaryimage","url":"https:\/\/camping-lariviere.com\/wp-content\/uploads\/2020\/10\/enfants-activites.jpg","contentUrl":"https:\/\/camping-lariviere.com\/wp-content\/uploads\/2020\/10\/enfants-activites.jpg","width":1903,"height":450,"caption":"enfants activit\u00e9s"},{"@type":"BreadcrumbList","@id":"https:\/\/camping-lariviere.com\/fr\/services\/#breadcrumb","itemListElement":[{"@type":"ListItem","position":1,"name":"Camping Luberon","item":"https:\/\/camping-lariviere.com\/fr\/"},{"@type":"ListItem","position":2,"name":"Services et animations au camping"}]},{"@type":"WebSite","@id":"https:\/\/camping-lariviere.com\/fr\/#website","url":"https:\/\/camping-lariviere.com\/fr\/","name":"Camping la Rivi\u00e8re","description":"","publisher":{"@id":"https:\/\/camping-lariviere.com\/fr\/#organization"},"potentialAction":[{"@type":"SearchAction","target":{"@type":"EntryPoint","urlTemplate":"https:\/\/camping-lariviere.com\/fr\/?s={search_term_string}"},"query-input":{"@type":"PropertyValueSpecification","valueRequired":true,"valueName":"search_term_string"}}],"inLanguage":"fr-FR"},{"@type":"Organization","@id":"https:\/\/camping-lariviere.com\/fr\/#organization","name":"Camping La Rivi\u00e8re","url":"https:\/\/camping-lariviere.com\/fr\/","logo":{"@type":"ImageObject","inLanguage":"fr-FR","@id":"https:\/\/camping-lariviere.com\/fr\/#\/schema\/logo\/image\/","url":"https:\/\/camping-lariviere.com\/wp-content\/uploads\/2020\/10\/camping-la-riviere-logo.png","contentUrl":"https:\/\/camping-lariviere.com\/wp-content\/uploads\/2020\/10\/camping-la-riviere-logo.png","width":260,"height":210,"caption":"Camping La Rivi\u00e8re"},"image":{"@id":"https:\/\/camping-lariviere.com\/fr\/#\/schema\/logo\/image\/"}}]}},"_links":{"self":[{"href":"https:\/\/camping-lariviere.com\/fr\/wp-json\/wp\/v2\/pages\/261","targetHints":{"allow":["GET"]}}],"collection":[{"href":"https:\/\/camping-lariviere.com\/fr\/wp-json\/wp\/v2\/pages"}],"about":[{"href":"https:\/\/camping-lariviere.com\/fr\/wp-json\/wp\/v2\/types\/page"}],"author":[{"embeddable":true,"href":"https:\/\/camping-lariviere.com\/fr\/wp-json\/wp\/v2\/users\/1"}],"replies":[{"embeddable":true,"href":"https:\/\/camping-lariviere.com\/fr\/wp-json\/wp\/v2\/comments?post=261"}],"version-history":[{"count":44,"href":"https:\/\/camping-lariviere.com\/fr\/wp-json\/wp\/v2\/pages\/261\/revisions"}],"predecessor-version":[{"id":7360,"href":"https:\/\/camping-lariviere.com\/fr\/wp-json\/wp\/v2\/pages\/261\/revisions\/7360"}],"wp:featuredmedia":[{"embeddable":true,"href":"https:\/\/camping-lariviere.com\/fr\/wp-json\/wp\/v2\/media\/1279"}],"wp:attachment":[{"href":"https:\/\/camping-lariviere.com\/fr\/wp-json\/wp\/v2\/media?parent=261"}],"curies":[{"name":"wp","href":"https:\/\/api.w.org\/{rel}","templated":true}]}}