{"id":265,"date":"2020-10-14T10:28:46","date_gmt":"2020-10-14T08:28:46","guid":{"rendered":"http:\/\/camping-lariviere.com\/?page_id=265"},"modified":"2025-05-21T17:31:13","modified_gmt":"2025-05-21T15:31:13","slug":"camping-piscine-luberon","status":"publish","type":"page","link":"https:\/\/camping-lariviere.com\/fr\/camping-piscine-luberon\/","title":{"rendered":"Camping : Piscine"},"content":{"rendered":"<section id=\"section-5f8ff6ff65384\"\" class=\"section bg-color2 p-b-0\" \/><div class=\"container extralarge\"><h1 class=\"element section-title center\">Camping avec piscine dans le Luberon<\/h1><div class=\"element bloc-text center \">\n\t<p>Vous \u00eates \u00e0 la recherche d\u2019un cadre de <strong>vacances id\u00e9al<\/strong> pour passer quelques jours en famille, avec vos enfants, ou entre amis\u2009? Le Camping La Rivi\u00e8re vous convie au c\u0153ur du Luberon dans la r\u00e9gion Provence-Alpes-C\u00f4te d&rsquo;Azur pour une exp\u00e9rience inoubliable durant vos vacances en Provence. Id\u00e9alement situ\u00e9 en France, dans le d\u00e9partement du Vaucluse, le Camping La Rivi\u00e8re vous invite \u00e0 <strong>profiter du calme du bord de rivi\u00e8re<\/strong> et des grillons proven\u00e7aux qui vous berceront lors de vos <strong>baignades en piscine<\/strong>. Alors, d\u00e8s maintenant, r\u00e9servez votre date de s\u00e9jour et louez un mobil home ou l\u2019un de nos emplacements : aire de repos, terrain vague pour les tentes, mobil home et chalet.<\/p>\n<\/div><\/div><\/section>\n\n<section id=\"section-groupe2\"\" class=\"section bg-white p-b-0\" \/><div class=\"container full\"><div class=\"colonnes-wrap valign-middle \"><div class=\"element colonne w-20 p-0\"><div class=\"element images scroll-x-mobile\"><div class=\"image\"><img decoding=\"async\" src=\"https:\/\/camping-lariviere.com\/wp-content\/uploads\/2021\/06\/psicine-camping-la-riviere-100x100.jpg\" data-src=\"https:\/\/camping-lariviere.com\/wp-content\/uploads\/2021\/06\/psicine-camping-la-riviere.jpg\" alt=\"camping luberon piscine\" class=\"images_image\" \/><\/div><\/div><div class=\"element images scroll-x-mobile\"><div class=\"image\"><img decoding=\"async\" src=\"https:\/\/camping-lariviere.com\/wp-content\/uploads\/2021\/06\/camping-piscine-la-riviere-100x100.jpg\" data-src=\"https:\/\/camping-lariviere.com\/wp-content\/uploads\/2021\/06\/camping-piscine-la-riviere.jpg\" alt=\"piscine soir\u00e9e provence\" class=\"images_image\" \/><\/div><\/div><\/div><div class=\"element colonne w-60 p-x-6\"><h2 class=\"element section-title center\">Profitez du camping dans le Luberon avec piscine et jeux aquatiques<\/h2><div class=\"element bloc-text center \">\n\t<p><strong>Profitez pleinement de votre s\u00e9jour dans l&rsquo;un des campings \u00e9toil\u00e9s du Sud de la France<\/strong> gr\u00e2ce \u00e0 la piscine et aux jeux aquatiques qui raviront les petits comme les grands. Le Camping dans le Luberon est le pied-\u00e0-terre parfait o\u00f9 poser vos valises.<\/p>\n<p>Notre souhait le plus cher est de permettre \u00e0 nos vacanciers et \u00e0 toute leur famille de se reposer mais aussi de se distraire durant leur s\u00e9jour dans notre camping, notamment \u00e0 travers de <strong class=\"bold color1\">sympathiques activit\u00e9s sportives<\/strong> ! Profitez de notre <strong class=\"bold color1\">immense espace d\u00e9tente<\/strong>, notre vaste piscine de 170 m\u00b2 * (ouverte du 29 mai au 15 septembre) et enti\u00e8rement refaite \u00e0 neuf pour la saison 2021.<\/p>\n<p>Au Camping La Rivi\u00e8re, vous profiterez d\u2019un bassin principal \u00e0 pente douce, de 0,80m \u00e0 1m80, reli\u00e9 \u00e0 une <strong class=\"bold color1\">grande pataugeoire<\/strong> pour les plus petits, sans oublier nos nouveaux am\u00e9nagements pour la plus grande joie de tous. Vous aurez la joie cette ann\u00e9e de d\u00e9couvrir notre nouvel espace aquatique avec ses <strong class=\"bold color1\">jeux d&rsquo;eau<\/strong>, son <strong class=\"bold color1\">toboggan<\/strong> et sa toute nouvelle plage. Le <a href=\"\/fr\/\">camping \u00e9toil\u00e9s au coeur du Luberon<\/a>\u00a0met par ailleurs \u00e0 votre disposition une cinquantaine de <strong class=\"bold color1\">bains de soleil toil\u00e9s<\/strong> grand confort multicolores \u00e0 l\u2019ombre de parasols en paille et en toile. Ce ne sont pas les emplacements qui manquent ! Nous pratiquons des tarifs flexibles pour les groupes ou bien des tarifs\/pers.<\/p>\n<p>Comme dans les meilleurs campings du pays, de nombreuses activit\u00e9s sont aussi organis\u00e9es autour de la piscine du camping \u00e9toil\u00e9s tous les jours de la semaine. Entre autres, il y a des <strong class=\"bold color1\">jeux aquatiques<\/strong> pour les enfants, des courses et relais, des water-polo endiabl\u00e9s ou bien encore de grandes soir\u00e9es <strong class=\"bold color1\">Pool Party<\/strong> (piscine nocturnes) avec musique et jeux de lumi\u00e8res pendant les week-end ou bien en semaine.<\/p>\n<\/div><\/div><div class=\"element colonne w-20 p-0\"><div class=\"element images scroll-x-mobile\"><div class=\"image\"><img decoding=\"async\" src=\"https:\/\/camping-lariviere.com\/wp-content\/uploads\/2020\/10\/enfants-piscine-bonheur-100x100.jpg\" data-src=\"https:\/\/camping-lariviere.com\/wp-content\/uploads\/2020\/10\/enfants-piscine-bonheur.jpg\" alt=\"enfants baignade\" class=\"images_image\" Profitez du camping dans le Luberon avec piscine et jeux aquatiques\/><\/div><\/div><div class=\"element images scroll-x-mobile\"><div class=\"image\"><img decoding=\"async\" src=\"https:\/\/camping-lariviere.com\/wp-content\/uploads\/2020\/10\/femme-enfant-piscine-100x100.jpg\" data-src=\"https:\/\/camping-lariviere.com\/wp-content\/uploads\/2020\/10\/femme-enfant-piscine.jpg\" alt=\"camping avec piscine provence\" class=\"images_image\" Profitez du camping dans le Luberon avec piscine et jeux aquatiques\/><\/div><\/div><\/div><\/div><\/div><\/section>\n\n<section id=\"section-6110ebac20b5f\"\" class=\"section bg-white\" \/><div class=\"container full\"><div class=\"colonnes-wrap valign-middle bg-color2\"><div class=\"element colonne p-x-10\"><h2 class=\"element section-title left\">Le Camping du Luberon avec piscine<\/h2><div class=\"element bloc-text justify \">\n\t<p>D\u00e9tendez-vous et amusez-vous pendant vos vacances d&rsquo;\u00e9t\u00e9 <strong>au camping \u00e9toil\u00e9s du Luberon avec sa superbe piscine de 150 m\u00e8tres carr\u00e9s.<\/strong> La piscine est en pente douce laissant la possibilit\u00e9 \u00e0 toutes les tailles de se baigner : de 80 cm \u00e0 1,80 m. Elle a enti\u00e8rement \u00e9t\u00e9 refaite \u00e0 neuf en 2021. Cette r\u00e9novation de l&rsquo;espace aquatique du camping s&rsquo;accompagne de nouveaux \u00e9quipements pour votre confort : des <strong>transats<\/strong> en toile et des <strong>parasols<\/strong> en paille et en toile. De quoi \u00eatre d\u00e9payser et se d\u00e9tendre ! Autant d\u2019atouts qui font du Luberon, l\u2019un des meilleurs campings en Provence.<\/p>\n<p><span style=\"text-decoration: underline;\"><strong>Informations pratiques :\u00a0<\/strong><\/span><\/p>\n<p>Qu\u2019importe votre type d\u2019h\u00e9bergement (mobil home, chalet, terrain vague pour tente), en Juillet \/ Ao\u00fbt vous profiterez d\u2019une piscine ouverte de 10h \u00e0 20h non stop, avec une nocturne un jour par semaine jusqu\u2019\u00e0 22h.<\/p>\n<p>Nous vous rappelons que pour des raisons d\u2019hygi\u00e8ne les shorts de bain sont strictement interdits.<\/p>\n<\/div><\/div><div class=\"element colonne p-0\"><div class=\"element images scroll-x-mobile\"><div class=\"image\"><img decoding=\"async\" src=\"https:\/\/camping-lariviere.com\/wp-content\/uploads\/2022\/01\/baignade-piscine-camping-luberon-79x100.png\" data-src=\"https:\/\/camping-lariviere.com\/wp-content\/uploads\/2022\/01\/baignade-piscine-camping-luberon.png\" alt=\"\" class=\"images_image\" Le Camping du Luberon avec piscine\/><\/div><\/div><\/div><\/div><\/div><\/section>\n\n<section id=\"section-67ab2799e20e2\"\" class=\"section bg-white\" \/><div class=\"container full\"><div class=\"colonnes-wrap valign-middle bg-color2\"><div class=\"element colonne p-0\"><div class=\"element images scroll-x-mobile\"><div class=\"image\"><img decoding=\"async\" src=\"https:\/\/camping-lariviere.com\/wp-content\/uploads\/2022\/01\/piscine-jeu-camping-provence-93x100.png\" data-src=\"https:\/\/camping-lariviere.com\/wp-content\/uploads\/2022\/01\/piscine-jeu-camping-provence.png\" alt=\"camping piscine luberon\" class=\"images_image\" \/><\/div><\/div><\/div><div class=\"element colonne p-x-10\"><h2 class=\"element section-title left\">Amusez-vous avec les toboggans, jeux aquatiques et animations !<\/h2><div class=\"element bloc-text justify \">\n\t<p>Profitez <strong>d\u2019activit\u00e9s et jeux aquatiques<\/strong> toute la journ\u00e9e dans une <strong>ambiance conviviale<\/strong>. <strong>Toboggan<\/strong>, jeux aquatique, choisissez l\u2019activit\u00e9 qui vous convient le mieux pendant toute la dur\u00e9e de votre s\u00e9jour et passez des moments formidables avec vos proches au Camping La Rivi\u00e8re dans le Lub\u00e9ron.<\/p>\n<p>Id\u00e9al pour les enfants comme pour les adultes, le <a href=\"\/fr\/camping-familial-luberon\/\">camping familial du Luberon<\/a> vous permet d\u2019avoir toutes les activit\u00e9s qui vous plaisent \u00e0 proximit\u00e9 et de passer de beaux jours au soleil en parfaite s\u00e9r\u00e9nit\u00e9. Raison pour laquelle, c\u2019est l\u2019un des campings les plus appr\u00e9ci\u00e9s pour des vacances r\u00e9ussies en Provence.<\/p>\n<\/div><\/div><\/div><\/div><\/section>\n\n<section id=\"section-61e9807e9ddbb\"\" class=\"section bg-white\" \/><div class=\"container\"><div class=\"element bloc-text center \">\n\t<p>Profitez de l&#8217;emplacement id\u00e9al du camping avec piscine dans le Lub\u00e9ron en Provence ! Nous sommes \u00e0 moins d&rsquo;une heure d&rsquo;Avignon et \u00e0 proximit\u00e9 imm\u00e9diate de la Durance, mais aussi \u00e0 quelques kilom\u00e8tres seulement de l\u2019embl\u00e9matique village de Gordes. Le camping La Rivi\u00e8re propose plusieurs types de locations : <a href=\"\/fr\/location-mobil-home-luberon\/\">location de mobil home<\/a>, de <a href=\"\/fr\/location-chalet-luberon\/\">chalet<\/a>, ou <a href=\"\/fr\/location-insolite-luberon\/\">pour des vacances atypiques optez pour un logement insolite<\/a> en pleine nature, au c\u0153ur du Luberon. Ou bien, si vous pr\u00e9f\u00e9rez planter votre tente <strong>sur notre immense esplanade<\/strong> <a href=\"\/fr\/camping-bord-de-riviere-luberon\/\">au bord de la rivi\u00e8re<\/a>, vous pouvez <a href=\"\/fr\/camping-bord-de-riviere-luberon\/\">louer un emplacement<\/a> pour un week-end ou pour toute une semaine. Consultez les avis de nos habitu\u00e9s pour vous faire votre propre opinion.<\/p>\n<\/div><\/div><\/section>\n\n<section id=\"section-5f8ff6ff65f07\"\" class=\"section bg-white\" \/><div class=\"container extralarge\"><div class=\"element section-title center title-cta\">D\u00e9couvrez nos services et animations<\/div><ul class=\"liste-de-page\"><li class=\"element call-to-action center title-cta call-to-action--style-1 call-to-action--big\"><a href=\"https:\/\/camping-lariviere.com\/fr\/services\/\"  class=\"call-to-action_link\" title=\"En savoir plus sur nos services et animations\"><div class=\"call-to-action_image\"><img decoding=\"async\" src=\"https:\/\/camping-lariviere.com\/wp-content\/uploads\/2020\/10\/enfants-animation-100x65.jpg\" data-src=\"https:\/\/camping-lariviere.com\/wp-content\/uploads\/2020\/10\/enfants-animation.jpg\" alt=\"enfants animation\" class=\"big\" \/><\/div><div class=\"call-to-action_contenu\"><div class=\"call-to-action_titre\">Nos services et animations<\/div><\/div><\/a><\/li><li class=\"element call-to-action center title-cta call-to-action--style-1 call-to-action--big call-to-action--style-1 call-to-action--big\"><a href=\"https:\/\/camping-lariviere.com\/fr\/camping-bord-de-riviere-luberon\/\"  class=\"call-to-action_link\" title=\"En savoir plus sur bord de rivi\u00e8re\"><div class=\"call-to-action_image\"><img decoding=\"async\" src=\"https:\/\/camping-lariviere.com\/wp-content\/uploads\/2020\/11\/peche-enfant-famille-100x65.jpg\" data-src=\"https:\/\/camping-lariviere.com\/wp-content\/uploads\/2020\/11\/peche-enfant-famille.jpg\" alt=\"camping Banon\" class=\"big\" \/><\/div><div class=\"call-to-action_contenu\"><div class=\"call-to-action_titre\">Bord de rivi\u00e8re<\/div><\/div><\/a><\/li><li class=\"element call-to-action center title-cta call-to-action--style-1 call-to-action--big call-to-action--style-1 call-to-action--big call-to-action--style-1 call-to-action--big\"><a href=\"https:\/\/camping-lariviere.com\/fr\/location-mobil-home-luberon\/\"  class=\"call-to-action_link\" title=\"En savoir plus sur nos mobil homes\"><div class=\"call-to-action_image\"><img decoding=\"async\" src=\"https:\/\/camping-lariviere.com\/wp-content\/uploads\/2020\/10\/location-camping-mobil-home-100x65.jpg\" data-src=\"https:\/\/camping-lariviere.com\/wp-content\/uploads\/2020\/10\/location-camping-mobil-home.jpg\" alt=\"location camping mobil home\" class=\"big\" \/><\/div><div class=\"call-to-action_contenu\"><div class=\"call-to-action_titre\">Nos mobil homes<\/div><\/div><\/a><\/li><\/ul><\/div><\/section>","protected":false},"excerpt":{"rendered":"","protected":false},"author":1,"featured_media":1314,"parent":0,"menu_order":0,"comment_status":"closed","ping_status":"closed","template":"","meta":{"_acf_changed":false,"footnotes":""},"class_list":["post-265","page","type-page","status-publish","has-post-thumbnail","hentry"],"acf":[],"yoast_head":"<!-- This site is optimized with the Yoast SEO plugin v23.4 - https:\/\/yoast.com\/wordpress\/plugins\/seo\/ -->\n<title>Camping avec piscine dans Luberon en Provence : camping la Rivi\u00e8re<\/title>\n<meta name=\"description\" content=\"Profitez de notre espace aquatique tout \u00e9quipe avec toboggan et jeux d&#039;eau. D\u00e9tendez vous au bord de la piscine du camping dans le Luberon, pendant que les enfants profitent des jeux aquatiques.\" \/>\n<meta name=\"robots\" content=\"index, follow, max-snippet:-1, max-image-preview:large, max-video-preview:-1\" \/>\n<link rel=\"canonical\" href=\"https:\/\/camping-lariviere.com\/fr\/camping-piscine-luberon\/\" \/>\n<meta property=\"og:locale\" content=\"fr_FR\" \/>\n<meta property=\"og:type\" content=\"article\" \/>\n<meta property=\"og:title\" content=\"Camping avec piscine dans Luberon en Provence : camping la Rivi\u00e8re\" \/>\n<meta property=\"og:description\" content=\"Profitez de notre espace aquatique tout \u00e9quipe avec toboggan et jeux d&#039;eau. D\u00e9tendez vous au bord de la piscine du camping dans le Luberon, pendant que les enfants profitent des jeux aquatiques.\" \/>\n<meta property=\"og:url\" content=\"https:\/\/camping-lariviere.com\/fr\/camping-piscine-luberon\/\" \/>\n<meta property=\"og:site_name\" content=\"Camping la Rivi\u00e8re\" \/>\n<meta property=\"article:modified_time\" content=\"2025-05-21T15:31:13+00:00\" \/>\n<meta property=\"og:image\" content=\"https:\/\/camping-lariviere.com\/wp-content\/uploads\/2020\/10\/detente-piscine.jpg\" \/>\n\t<meta property=\"og:image:width\" content=\"1903\" \/>\n\t<meta property=\"og:image:height\" content=\"450\" \/>\n\t<meta property=\"og:image:type\" content=\"image\/jpeg\" \/>\n<meta name=\"twitter:card\" content=\"summary_large_image\" \/>\n<meta name=\"twitter:label1\" content=\"Dur\u00e9e de lecture estim\u00e9e\" \/>\n\t<meta name=\"twitter:data1\" content=\"1 minute\" \/>\n<script type=\"application\/ld+json\" class=\"yoast-schema-graph\">{\"@context\":\"https:\/\/schema.org\",\"@graph\":[{\"@type\":\"WebPage\",\"@id\":\"https:\/\/camping-lariviere.com\/fr\/camping-piscine-luberon\/\",\"url\":\"https:\/\/camping-lariviere.com\/fr\/camping-piscine-luberon\/\",\"name\":\"Camping avec piscine dans Luberon en Provence : camping la Rivi\u00e8re\",\"isPartOf\":{\"@id\":\"https:\/\/camping-lariviere.com\/fr\/#website\"},\"primaryImageOfPage\":{\"@id\":\"https:\/\/camping-lariviere.com\/fr\/camping-piscine-luberon\/#primaryimage\"},\"image\":{\"@id\":\"https:\/\/camping-lariviere.com\/fr\/camping-piscine-luberon\/#primaryimage\"},\"thumbnailUrl\":\"https:\/\/camping-lariviere.com\/wp-content\/uploads\/2020\/10\/detente-piscine.jpg\",\"datePublished\":\"2020-10-14T08:28:46+00:00\",\"dateModified\":\"2025-05-21T15:31:13+00:00\",\"description\":\"Profitez de notre espace aquatique tout \u00e9quipe avec toboggan et jeux d'eau. D\u00e9tendez vous au bord de la piscine du camping dans le Luberon, pendant que les enfants profitent des jeux aquatiques.\",\"breadcrumb\":{\"@id\":\"https:\/\/camping-lariviere.com\/fr\/camping-piscine-luberon\/#breadcrumb\"},\"inLanguage\":\"fr-FR\",\"potentialAction\":[{\"@type\":\"ReadAction\",\"target\":[\"https:\/\/camping-lariviere.com\/fr\/camping-piscine-luberon\/\"]}]},{\"@type\":\"ImageObject\",\"inLanguage\":\"fr-FR\",\"@id\":\"https:\/\/camping-lariviere.com\/fr\/camping-piscine-luberon\/#primaryimage\",\"url\":\"https:\/\/camping-lariviere.com\/wp-content\/uploads\/2020\/10\/detente-piscine.jpg\",\"contentUrl\":\"https:\/\/camping-lariviere.com\/wp-content\/uploads\/2020\/10\/detente-piscine.jpg\",\"width\":1903,\"height\":450,\"caption\":\"d\u00e9tente piscine\"},{\"@type\":\"BreadcrumbList\",\"@id\":\"https:\/\/camping-lariviere.com\/fr\/camping-piscine-luberon\/#breadcrumb\",\"itemListElement\":[{\"@type\":\"ListItem\",\"position\":1,\"name\":\"Camping Luberon\",\"item\":\"https:\/\/camping-lariviere.com\/fr\/\"},{\"@type\":\"ListItem\",\"position\":2,\"name\":\"Piscine dans notre camping dans le Luberon\"}]},{\"@type\":\"WebSite\",\"@id\":\"https:\/\/camping-lariviere.com\/fr\/#website\",\"url\":\"https:\/\/camping-lariviere.com\/fr\/\",\"name\":\"Camping la Rivi\u00e8re\",\"description\":\"\",\"publisher\":{\"@id\":\"https:\/\/camping-lariviere.com\/fr\/#organization\"},\"potentialAction\":[{\"@type\":\"SearchAction\",\"target\":{\"@type\":\"EntryPoint\",\"urlTemplate\":\"https:\/\/camping-lariviere.com\/fr\/?s={search_term_string}\"},\"query-input\":{\"@type\":\"PropertyValueSpecification\",\"valueRequired\":true,\"valueName\":\"search_term_string\"}}],\"inLanguage\":\"fr-FR\"},{\"@type\":\"Organization\",\"@id\":\"https:\/\/camping-lariviere.com\/fr\/#organization\",\"name\":\"Camping La Rivi\u00e8re\",\"url\":\"https:\/\/camping-lariviere.com\/fr\/\",\"logo\":{\"@type\":\"ImageObject\",\"inLanguage\":\"fr-FR\",\"@id\":\"https:\/\/camping-lariviere.com\/fr\/#\/schema\/logo\/image\/\",\"url\":\"https:\/\/camping-lariviere.com\/wp-content\/uploads\/2020\/10\/camping-la-riviere-logo.png\",\"contentUrl\":\"https:\/\/camping-lariviere.com\/wp-content\/uploads\/2020\/10\/camping-la-riviere-logo.png\",\"width\":260,\"height\":210,\"caption\":\"Camping La Rivi\u00e8re\"},\"image\":{\"@id\":\"https:\/\/camping-lariviere.com\/fr\/#\/schema\/logo\/image\/\"}}]}<\/script>\n<!-- \/ Yoast SEO plugin. -->","yoast_head_json":{"title":"Camping avec piscine dans Luberon en Provence : camping la Rivi\u00e8re","description":"Profitez de notre espace aquatique tout \u00e9quipe avec toboggan et jeux d'eau. D\u00e9tendez vous au bord de la piscine du camping dans le Luberon, pendant que les enfants profitent des jeux aquatiques.","robots":{"index":"index","follow":"follow","max-snippet":"max-snippet:-1","max-image-preview":"max-image-preview:large","max-video-preview":"max-video-preview:-1"},"canonical":"https:\/\/camping-lariviere.com\/fr\/camping-piscine-luberon\/","og_locale":"fr_FR","og_type":"article","og_title":"Camping avec piscine dans Luberon en Provence : camping la Rivi\u00e8re","og_description":"Profitez de notre espace aquatique tout \u00e9quipe avec toboggan et jeux d'eau. D\u00e9tendez vous au bord de la piscine du camping dans le Luberon, pendant que les enfants profitent des jeux aquatiques.","og_url":"https:\/\/camping-lariviere.com\/fr\/camping-piscine-luberon\/","og_site_name":"Camping la Rivi\u00e8re","article_modified_time":"2025-05-21T15:31:13+00:00","og_image":[{"width":1903,"height":450,"url":"https:\/\/camping-lariviere.com\/wp-content\/uploads\/2020\/10\/detente-piscine.jpg","type":"image\/jpeg"}],"twitter_card":"summary_large_image","twitter_misc":{"Dur\u00e9e de lecture estim\u00e9e":"1 minute"},"schema":{"@context":"https:\/\/schema.org","@graph":[{"@type":"WebPage","@id":"https:\/\/camping-lariviere.com\/fr\/camping-piscine-luberon\/","url":"https:\/\/camping-lariviere.com\/fr\/camping-piscine-luberon\/","name":"Camping avec piscine dans Luberon en Provence : camping la Rivi\u00e8re","isPartOf":{"@id":"https:\/\/camping-lariviere.com\/fr\/#website"},"primaryImageOfPage":{"@id":"https:\/\/camping-lariviere.com\/fr\/camping-piscine-luberon\/#primaryimage"},"image":{"@id":"https:\/\/camping-lariviere.com\/fr\/camping-piscine-luberon\/#primaryimage"},"thumbnailUrl":"https:\/\/camping-lariviere.com\/wp-content\/uploads\/2020\/10\/detente-piscine.jpg","datePublished":"2020-10-14T08:28:46+00:00","dateModified":"2025-05-21T15:31:13+00:00","description":"Profitez de notre espace aquatique tout \u00e9quipe avec toboggan et jeux d'eau. D\u00e9tendez vous au bord de la piscine du camping dans le Luberon, pendant que les enfants profitent des jeux aquatiques.","breadcrumb":{"@id":"https:\/\/camping-lariviere.com\/fr\/camping-piscine-luberon\/#breadcrumb"},"inLanguage":"fr-FR","potentialAction":[{"@type":"ReadAction","target":["https:\/\/camping-lariviere.com\/fr\/camping-piscine-luberon\/"]}]},{"@type":"ImageObject","inLanguage":"fr-FR","@id":"https:\/\/camping-lariviere.com\/fr\/camping-piscine-luberon\/#primaryimage","url":"https:\/\/camping-lariviere.com\/wp-content\/uploads\/2020\/10\/detente-piscine.jpg","contentUrl":"https:\/\/camping-lariviere.com\/wp-content\/uploads\/2020\/10\/detente-piscine.jpg","width":1903,"height":450,"caption":"d\u00e9tente piscine"},{"@type":"BreadcrumbList","@id":"https:\/\/camping-lariviere.com\/fr\/camping-piscine-luberon\/#breadcrumb","itemListElement":[{"@type":"ListItem","position":1,"name":"Camping Luberon","item":"https:\/\/camping-lariviere.com\/fr\/"},{"@type":"ListItem","position":2,"name":"Piscine dans notre camping dans le Luberon"}]},{"@type":"WebSite","@id":"https:\/\/camping-lariviere.com\/fr\/#website","url":"https:\/\/camping-lariviere.com\/fr\/","name":"Camping la Rivi\u00e8re","description":"","publisher":{"@id":"https:\/\/camping-lariviere.com\/fr\/#organization"},"potentialAction":[{"@type":"SearchAction","target":{"@type":"EntryPoint","urlTemplate":"https:\/\/camping-lariviere.com\/fr\/?s={search_term_string}"},"query-input":{"@type":"PropertyValueSpecification","valueRequired":true,"valueName":"search_term_string"}}],"inLanguage":"fr-FR"},{"@type":"Organization","@id":"https:\/\/camping-lariviere.com\/fr\/#organization","name":"Camping La Rivi\u00e8re","url":"https:\/\/camping-lariviere.com\/fr\/","logo":{"@type":"ImageObject","inLanguage":"fr-FR","@id":"https:\/\/camping-lariviere.com\/fr\/#\/schema\/logo\/image\/","url":"https:\/\/camping-lariviere.com\/wp-content\/uploads\/2020\/10\/camping-la-riviere-logo.png","contentUrl":"https:\/\/camping-lariviere.com\/wp-content\/uploads\/2020\/10\/camping-la-riviere-logo.png","width":260,"height":210,"caption":"Camping La Rivi\u00e8re"},"image":{"@id":"https:\/\/camping-lariviere.com\/fr\/#\/schema\/logo\/image\/"}}]}},"_links":{"self":[{"href":"https:\/\/camping-lariviere.com\/fr\/wp-json\/wp\/v2\/pages\/265","targetHints":{"allow":["GET"]}}],"collection":[{"href":"https:\/\/camping-lariviere.com\/fr\/wp-json\/wp\/v2\/pages"}],"about":[{"href":"https:\/\/camping-lariviere.com\/fr\/wp-json\/wp\/v2\/types\/page"}],"author":[{"embeddable":true,"href":"https:\/\/camping-lariviere.com\/fr\/wp-json\/wp\/v2\/users\/1"}],"replies":[{"embeddable":true,"href":"https:\/\/camping-lariviere.com\/fr\/wp-json\/wp\/v2\/comments?post=265"}],"version-history":[{"count":48,"href":"https:\/\/camping-lariviere.com\/fr\/wp-json\/wp\/v2\/pages\/265\/revisions"}],"predecessor-version":[{"id":7346,"href":"https:\/\/camping-lariviere.com\/fr\/wp-json\/wp\/v2\/pages\/265\/revisions\/7346"}],"wp:featuredmedia":[{"embeddable":true,"href":"https:\/\/camping-lariviere.com\/fr\/wp-json\/wp\/v2\/media\/1314"}],"wp:attachment":[{"href":"https:\/\/camping-lariviere.com\/fr\/wp-json\/wp\/v2\/media?parent=265"}],"curies":[{"name":"wp","href":"https:\/\/api.w.org\/{rel}","templated":true}]}}