{"id":273,"date":"2020-10-14T10:29:40","date_gmt":"2020-10-14T08:29:40","guid":{"rendered":"http:\/\/camping-lariviere.com\/?page_id=273"},"modified":"2025-11-17T14:16:35","modified_gmt":"2025-11-17T13:16:35","slug":"camping-pas-cher-luberon","status":"publish","type":"page","link":"https:\/\/camping-lariviere.com\/fr\/camping-pas-cher-luberon\/","title":{"rendered":"H\u00e9bergements : Tarifs et promotions"},"content":{"rendered":"<section id=\"section-5f8ff6ff65384\"\" class=\"section bg-color2 p-b-0\" \/><div class=\"container extralarge\"><h1 class=\"element section-title center\">Louez vos vacances en camping pas cher dans le Luberon<\/h1><\/div><\/section>\n\n<section id=\"section-5f8ff6ff65789\"\" class=\"section bg-white p-t-0 p-b-0\" \/><div class=\"container full\"><div class=\"colonnes-wrap valign-middle bg-color2\"><div class=\"element colonne w-20 p-0\"><div class=\"element images scroll-x-mobile\"><div class=\"image\"><img decoding=\"async\" src=\"https:\/\/camping-lariviere.com\/wp-content\/uploads\/2020\/10\/mobil-home-camping-location-100x100.jpg\" data-src=\"https:\/\/camping-lariviere.com\/wp-content\/uploads\/2020\/10\/mobil-home-camping-location.jpg\" alt=\"mobil home camping location\" class=\"images_image\" \/><\/div><\/div><div class=\"element images scroll-x-mobile\"><div class=\"image\"><img decoding=\"async\" src=\"https:\/\/camping-lariviere.com\/wp-content\/uploads\/2020\/10\/famille-camping-tente-100x100.jpg\" data-src=\"https:\/\/camping-lariviere.com\/wp-content\/uploads\/2020\/10\/famille-camping-tente.jpg\" alt=\"famille tente camping\" class=\"images_image\" \/><\/div><\/div><\/div><div class=\"element colonne w-60 p-x-6 \"><h2 class=\"element section-title center\">D\u00e9couvrez nos offres sp\u00e9ciales sur les logements en camping en Provence<\/h2><div class=\"element bloc-text center \">\n\t<p>Tout au long de l\u2019ann\u00e9e, nous vous proposons de <strong class=\"bold color1\">nombreuses promotions<\/strong> sur les s\u00e9jours au sein du <a href=\"\/fr\/\">camping dans le Lub\u00e9ron<\/a>\u00a0afin de vous permettre de d\u00e9couvrir notre r\u00e9gion et de passer d\u2019<strong class=\"bold color1\">agr\u00e9ables vacances<\/strong> au meilleur prix. Toutes nos offres sont r\u00e9guli\u00e8rement mises \u00e0 jour sur notre site, n\u2019h\u00e9sitez pas \u00e0 venir r\u00e9guli\u00e8rement nous rendre visite pour les d\u00e9couvrir.<\/p>\n<p>Retrouvez par ailleurs les <strong class=\"bold color1\">promotions sp\u00e9ciales Flower Campings<\/strong> en location ou en emplacement camping-car, caravane, tente. Profitez de nos <strong class=\"bold color1\">tarifs adapt\u00e9s<\/strong> en saison et en hors saison pour que les vacances en famille ne soient jamais un sacrifice. Faites une simulation de s\u00e9jour directement sur notre site et retrouvez tous les tarifs du camping La Rivi\u00e8re, pour des s\u00e9jours \u00e0 petit prix.<\/p>\n<p>Pour vous permettre de rester inform\u00e9 en temps r\u00e9el de nos diff\u00e9rentes <strong class=\"bold color1\">offres promotionnelles<\/strong>, inscrivez-vous \u00e0 notre <strong class=\"bold color1\">newsletter<\/strong>.<\/p>\n<\/div><\/div><div class=\"element colonne w-20 p-0\"><div class=\"element images scroll-x-mobile\"><div class=\"image\"><img decoding=\"async\" src=\"https:\/\/camping-lariviere.com\/wp-content\/uploads\/2020\/10\/camping-car-tente-100x100.jpg\" data-src=\"https:\/\/camping-lariviere.com\/wp-content\/uploads\/2020\/10\/camping-car-tente.jpg\" alt=\"camping car tente\" class=\"images_image\" D\u00e9couvrez nos offres sp\u00e9ciales sur les logements en camping en Provence\/><\/div><\/div><div class=\"element images scroll-x-mobile\"><div class=\"image\"><img decoding=\"async\" src=\"https:\/\/camping-lariviere.com\/wp-content\/uploads\/2020\/10\/tente-camping-100x100.jpg\" data-src=\"https:\/\/camping-lariviere.com\/wp-content\/uploads\/2020\/10\/tente-camping.jpg\" alt=\"tente camping\" class=\"images_image\" D\u00e9couvrez nos offres sp\u00e9ciales sur les logements en camping en Provence\/><\/div><\/div><\/div><\/div><\/div><\/section>\n\n<section id=\"section-5f8ff6ff65a6c\"\" class=\"section bg-white p-t-0 p-b-0\" \/><div class=\"container full\"><div class=\"colonnes-wrap valign-middle \"><div class=\"element colonne p-0\"><div class=\"element images scroll-x-mobile\"><div class=\"image\"><img decoding=\"async\" src=\"https:\/\/camping-lariviere.com\/wp-content\/uploads\/2020\/11\/verre-vin-1-100x89.jpg\" data-src=\"https:\/\/camping-lariviere.com\/wp-content\/uploads\/2020\/11\/verre-vin-1.jpg\" alt=\"verre vin\" class=\"images_image\" \/><\/div><\/div><\/div><div class=\"element colonne p-x-10\"><h2 class=\"element section-title left\">Profitez des offres de groupe en camping dans le Luberon dans le Vaucluse<\/h2><div class=\"element bloc-text justify \">\n\t<p>D\u00e9couvrez les <strong class=\"bold color1\">Offres Groupes<\/strong> du Camping La Rivi\u00e8re***<br \/>\nLe camping, <a href=\"https:\/\/camping-lariviere.com\/fr\/camping-manosque\/pas-cher\/\">camping pas cher pr\u00e8s de Manosque<\/a>, propose des s\u00e9jours tout compris sp\u00e9cifiquement pour les groupes avec des <strong class=\"bold color1\">forfaits totalement \u00e0 la carte<\/strong> :<\/p>\n<ul>\n<li>Demi-Pension<\/li>\n<li>Pension Compl\u00e8te<\/li>\n<li>Draps compris<\/li>\n<li>Organisation de spectacles ou de sorties<\/li>\n<li>S\u00e9jours \u00e0 th\u00e8me<\/li>\n<li>Banquets<\/li>\n<\/ul>\n<p>Nos prestations sont possibles pour des s\u00e9jours de deux nuits minimum avec un minimum de 10 participants.<\/p>\n<p>Nos tarifs peuvent inclure selon votre besoin la location, le pr\u00eat de draps, les repas et le m\u00e9nage de d\u00e9part afin de permettre \u00e0 chacun de profiter de son s\u00e9jour en toute s\u00e9r\u00e9nit\u00e9. \u00c0 votre demande, nous pouvons \u00e9galement am\u00e9nager <strong class=\"bold color1\">diff\u00e9rentes activit\u00e9s<\/strong> qui agr\u00e9menteront votre s\u00e9jour parmi nous, voir mettre \u00e0 votre disposition notre <strong class=\"bold color1\">salle de restaurant<\/strong> pour un repas ou une r\u00e9union.<\/p>\n<p>Si vous souhaitez obtenir des <strong class=\"bold color1\">informations compl\u00e9mentaires<\/strong> sur nos diff\u00e9rentes formules, nos services et nos tarifs, n\u2019h\u00e9sitez pas \u00e0 nous adresser vos questions. Notre \u00e9quipe se fera un plaisir de vous r\u00e9pondre dans les d\u00e9lais les plus brefs.<\/p>\n<\/div><\/div><\/div><div class=\"colonnes-wrap valign-middle \"><div class=\"element colonne p-x-10\"><div class=\"element bloc-text justify \">\n\t<h2 style=\"text-align: left;\">Camping avec acc\u00e8s handicap\u00e9<\/h2>\n<p>Pour les personnes \u00e0 mobilit\u00e9 r\u00e9duite, le camping La rivi\u00e8re dispose d\u2019une rampe au niveau de la r\u00e9ception. Elle permet de garantir l\u2019acc\u00e8s aux personnes en fauteuil roulant tant \u00e0 l\u2019accueil du camping qu\u2019au bar et au restaurant.<\/p>\n<p>Concernant les emplacements, le terrain \u00e9tant plat et stabilis\u00e9, tous sont accessibles et nous mettons \u00e0 disposition de nos clients un toilette adapt\u00e9 avec WC et lavabo.<\/p>\n<p>Concernant les h\u00e9bergements nous vous proposons notre tout nouveau Mobil-Home PMR 2 chambres de 35m2 avec acc\u00e8s complet en fauteuil roulant.<\/p>\n<\/div><\/div><div class=\"element colonne \"><div class=\"element images scroll-x-mobile\"><div class=\"image\"><img decoding=\"async\" src=\"https:\/\/camping-lariviere.com\/wp-content\/uploads\/2021\/02\/homme-handicape-se-reposant-dans-camping-amis-fauteuil-roulant-dans-foret_179755-4148-100x58.jpg\" data-src=\"https:\/\/camping-lariviere.com\/wp-content\/uploads\/2021\/02\/homme-handicape-se-reposant-dans-camping-amis-fauteuil-roulant-dans-foret_179755-4148.jpg\" alt=\"camping avec acces handicape\" class=\"images_image\" Profitez des offres de groupe en camping dans le Luberon dans le Vaucluse\/><\/div><\/div><\/div><\/div><\/div><\/section>\n\n<section id=\"section-5f998d6c9228d\"\" class=\"section bg-white\" \/><div class=\"container extralarge\"><div class=\"colonnes-wrap valign-top \"><div class=\"element colonne w-70\"><div class=\"element bloc-text justify \">\n\t<p><script>\n    window.ctoutvert = {\n        id: 2715,\n        lang: 'auto',\n        url: 'https:\/\/bookingpremium.secureholiday.net\/widgets\/', \n    };\n    (function (w, d, s, ctv, r, js, fjs) {\n        r=new XMLHttpRequest();r.open('GET',w[ctv].url+'js\/src.json');\n        r.responseType='json';r.json=true;r.send();\n        r.onload=function(){w[ctv].src=r.responseType=='json'?r.response:JSON.parse(r.response);\n        js.src=w[ctv].src[0];fjs.parentNode.insertBefore(js, fjs);}\n        js=d.createElement(s),fjs=d.getElementsByTagName(s)[0];\n        js.id='ctvwidget';js.async=1;\n    }(window, document, 'script', 'ctoutvert'));\n<\/script><br \/>\n<ctv-availability data-background-color=\"#FFFFFFFF\" ><\/ctv-availability><\/p>\n<\/div><\/div><\/div><\/div><\/section>\n\n<section id=\"section-5f8ff6ff65f07\"\" class=\"section bg-color2\" \/><div class=\"container extralarge\"><div class=\"element section-title center title-cta\">D\u00e9couvrez nos h\u00e9bergements et services<\/div><ul class=\"liste-de-page\"><li class=\"element call-to-action center title-cta call-to-action--style-1 call-to-action--big\"><a href=\"https:\/\/camping-lariviere.com\/fr\/services\/\"  class=\"call-to-action_link\" title=\"En savoir plus sur nos services et animations\"><div class=\"call-to-action_image\"><img decoding=\"async\" src=\"https:\/\/camping-lariviere.com\/wp-content\/uploads\/2020\/10\/enfants-animation-100x65.jpg\" data-src=\"https:\/\/camping-lariviere.com\/wp-content\/uploads\/2020\/10\/enfants-animation.jpg\" alt=\"enfants animation\" class=\"big\" \/><\/div><div class=\"call-to-action_contenu\"><div class=\"call-to-action_titre\">Nos services et animations<\/div><\/div><\/a><\/li><li class=\"element call-to-action center title-cta call-to-action--style-1 call-to-action--big call-to-action--style-1 call-to-action--big\"><a href=\"https:\/\/camping-lariviere.com\/fr\/location-mobil-home-luberon\/\"  class=\"call-to-action_link\" title=\"En savoir plus sur nos mobil homes\"><div class=\"call-to-action_image\"><img decoding=\"async\" src=\"https:\/\/camping-lariviere.com\/wp-content\/uploads\/2020\/10\/location-camping-mobil-home-100x65.jpg\" data-src=\"https:\/\/camping-lariviere.com\/wp-content\/uploads\/2020\/10\/location-camping-mobil-home.jpg\" alt=\"location camping mobil home\" class=\"big\" \/><\/div><div class=\"call-to-action_contenu\"><div class=\"call-to-action_titre\">Nos mobil homes<\/div><\/div><\/a><\/li><li class=\"element call-to-action center title-cta call-to-action--style-1 call-to-action--big call-to-action--style-1 call-to-action--big call-to-action--style-1 call-to-action--big\"><a href=\"https:\/\/camping-lariviere.com\/fr\/location-emplacements-luberon\/\"  class=\"call-to-action_link\" title=\"En savoir plus sur nos emplacements\"><div class=\"call-to-action_image\"><img decoding=\"async\" src=\"https:\/\/camping-lariviere.com\/wp-content\/uploads\/2020\/10\/forfait-confort-camping-car-2-100x65.jpg\" data-src=\"https:\/\/camping-lariviere.com\/wp-content\/uploads\/2020\/10\/forfait-confort-camping-car-2.jpg\" alt=\"forfait confort camping car\" class=\"big\" \/><\/div><div class=\"call-to-action_contenu\"><div class=\"call-to-action_titre\">Nos emplacements<\/div><\/div><\/a><\/li><\/ul><\/div><\/section>","protected":false},"excerpt":{"rendered":"","protected":false},"author":1,"featured_media":1040,"parent":0,"menu_order":0,"comment_status":"closed","ping_status":"closed","template":"","meta":{"_acf_changed":false,"footnotes":""},"class_list":["post-273","page","type-page","status-publish","has-post-thumbnail","hentry"],"acf":[],"yoast_head":"<!-- This site is optimized with the Yoast SEO plugin v23.4 - https:\/\/yoast.com\/wordpress\/plugins\/seo\/ -->\n<title>Camping dans le Luberon pas cher - Tarifs | Camping pas cher Vaucluse<\/title>\n<meta name=\"description\" content=\"Profitez d&#039;offres promotionnelles pour passer vos vacances \u00e0 des prix abordables : \u00e0 partir d\u00e8s 250\u20ac la nuit pour 4 personnes. Mobil homes,\u00a0lodges, tentes &amp; emplacements\" \/>\n<meta name=\"robots\" content=\"index, follow, max-snippet:-1, max-image-preview:large, max-video-preview:-1\" \/>\n<link rel=\"canonical\" href=\"https:\/\/camping-lariviere.com\/fr\/camping-pas-cher-luberon\/\" \/>\n<meta property=\"og:locale\" content=\"fr_FR\" \/>\n<meta property=\"og:type\" content=\"article\" \/>\n<meta property=\"og:title\" content=\"Camping dans le Luberon pas cher - Tarifs | Camping pas cher Vaucluse\" \/>\n<meta property=\"og:description\" content=\"Profitez d&#039;offres promotionnelles pour passer vos vacances \u00e0 des prix abordables : \u00e0 partir d\u00e8s 250\u20ac la nuit pour 4 personnes. Mobil homes,\u00a0lodges, tentes &amp; emplacements\" \/>\n<meta property=\"og:url\" content=\"https:\/\/camping-lariviere.com\/fr\/camping-pas-cher-luberon\/\" \/>\n<meta property=\"og:site_name\" content=\"Camping la Rivi\u00e8re\" \/>\n<meta property=\"article:modified_time\" content=\"2025-11-17T13:16:35+00:00\" \/>\n<meta property=\"og:image\" content=\"https:\/\/camping-lariviere.com\/wp-content\/uploads\/2020\/10\/famille-camping-1.jpg\" \/>\n\t<meta property=\"og:image:width\" content=\"1903\" \/>\n\t<meta property=\"og:image:height\" content=\"450\" \/>\n\t<meta property=\"og:image:type\" content=\"image\/jpeg\" \/>\n<meta name=\"twitter:card\" content=\"summary_large_image\" \/>\n<meta name=\"twitter:label1\" content=\"Dur\u00e9e de lecture estim\u00e9e\" \/>\n\t<meta name=\"twitter:data1\" content=\"1 minute\" \/>\n<script type=\"application\/ld+json\" class=\"yoast-schema-graph\">{\"@context\":\"https:\/\/schema.org\",\"@graph\":[{\"@type\":\"WebPage\",\"@id\":\"https:\/\/camping-lariviere.com\/fr\/camping-pas-cher-luberon\/\",\"url\":\"https:\/\/camping-lariviere.com\/fr\/camping-pas-cher-luberon\/\",\"name\":\"Camping dans le Luberon pas cher - Tarifs | Camping pas cher Vaucluse\",\"isPartOf\":{\"@id\":\"https:\/\/camping-lariviere.com\/fr\/#website\"},\"primaryImageOfPage\":{\"@id\":\"https:\/\/camping-lariviere.com\/fr\/camping-pas-cher-luberon\/#primaryimage\"},\"image\":{\"@id\":\"https:\/\/camping-lariviere.com\/fr\/camping-pas-cher-luberon\/#primaryimage\"},\"thumbnailUrl\":\"https:\/\/camping-lariviere.com\/wp-content\/uploads\/2020\/10\/famille-camping-1.jpg\",\"datePublished\":\"2020-10-14T08:29:40+00:00\",\"dateModified\":\"2025-11-17T13:16:35+00:00\",\"description\":\"Profitez d'offres promotionnelles pour passer vos vacances \u00e0 des prix abordables : \u00e0 partir d\u00e8s 250\u20ac la nuit pour 4 personnes. Mobil homes,\u00a0lodges, tentes & emplacements\",\"breadcrumb\":{\"@id\":\"https:\/\/camping-lariviere.com\/fr\/camping-pas-cher-luberon\/#breadcrumb\"},\"inLanguage\":\"fr-FR\",\"potentialAction\":[{\"@type\":\"ReadAction\",\"target\":[\"https:\/\/camping-lariviere.com\/fr\/camping-pas-cher-luberon\/\"]}]},{\"@type\":\"ImageObject\",\"inLanguage\":\"fr-FR\",\"@id\":\"https:\/\/camping-lariviere.com\/fr\/camping-pas-cher-luberon\/#primaryimage\",\"url\":\"https:\/\/camping-lariviere.com\/wp-content\/uploads\/2020\/10\/famille-camping-1.jpg\",\"contentUrl\":\"https:\/\/camping-lariviere.com\/wp-content\/uploads\/2020\/10\/famille-camping-1.jpg\",\"width\":1903,\"height\":450,\"caption\":\"famille camping\"},{\"@type\":\"BreadcrumbList\",\"@id\":\"https:\/\/camping-lariviere.com\/fr\/camping-pas-cher-luberon\/#breadcrumb\",\"itemListElement\":[{\"@type\":\"ListItem\",\"position\":1,\"name\":\"Camping Luberon\",\"item\":\"https:\/\/camping-lariviere.com\/fr\/\"},{\"@type\":\"ListItem\",\"position\":2,\"name\":\"Nos tarifs et offres promotionnelles\"}]},{\"@type\":\"WebSite\",\"@id\":\"https:\/\/camping-lariviere.com\/fr\/#website\",\"url\":\"https:\/\/camping-lariviere.com\/fr\/\",\"name\":\"Camping la Rivi\u00e8re\",\"description\":\"\",\"publisher\":{\"@id\":\"https:\/\/camping-lariviere.com\/fr\/#organization\"},\"potentialAction\":[{\"@type\":\"SearchAction\",\"target\":{\"@type\":\"EntryPoint\",\"urlTemplate\":\"https:\/\/camping-lariviere.com\/fr\/?s={search_term_string}\"},\"query-input\":{\"@type\":\"PropertyValueSpecification\",\"valueRequired\":true,\"valueName\":\"search_term_string\"}}],\"inLanguage\":\"fr-FR\"},{\"@type\":\"Organization\",\"@id\":\"https:\/\/camping-lariviere.com\/fr\/#organization\",\"name\":\"Camping La Rivi\u00e8re\",\"url\":\"https:\/\/camping-lariviere.com\/fr\/\",\"logo\":{\"@type\":\"ImageObject\",\"inLanguage\":\"fr-FR\",\"@id\":\"https:\/\/camping-lariviere.com\/fr\/#\/schema\/logo\/image\/\",\"url\":\"https:\/\/camping-lariviere.com\/wp-content\/uploads\/2020\/10\/camping-la-riviere-logo.png\",\"contentUrl\":\"https:\/\/camping-lariviere.com\/wp-content\/uploads\/2020\/10\/camping-la-riviere-logo.png\",\"width\":260,\"height\":210,\"caption\":\"Camping La Rivi\u00e8re\"},\"image\":{\"@id\":\"https:\/\/camping-lariviere.com\/fr\/#\/schema\/logo\/image\/\"}}]}<\/script>\n<!-- \/ Yoast SEO plugin. -->","yoast_head_json":{"title":"Camping dans le Luberon pas cher - Tarifs | Camping pas cher Vaucluse","description":"Profitez d'offres promotionnelles pour passer vos vacances \u00e0 des prix abordables : \u00e0 partir d\u00e8s 250\u20ac la nuit pour 4 personnes. Mobil homes,\u00a0lodges, tentes & emplacements","robots":{"index":"index","follow":"follow","max-snippet":"max-snippet:-1","max-image-preview":"max-image-preview:large","max-video-preview":"max-video-preview:-1"},"canonical":"https:\/\/camping-lariviere.com\/fr\/camping-pas-cher-luberon\/","og_locale":"fr_FR","og_type":"article","og_title":"Camping dans le Luberon pas cher - Tarifs | Camping pas cher Vaucluse","og_description":"Profitez d'offres promotionnelles pour passer vos vacances \u00e0 des prix abordables : \u00e0 partir d\u00e8s 250\u20ac la nuit pour 4 personnes. Mobil homes,\u00a0lodges, tentes & emplacements","og_url":"https:\/\/camping-lariviere.com\/fr\/camping-pas-cher-luberon\/","og_site_name":"Camping la Rivi\u00e8re","article_modified_time":"2025-11-17T13:16:35+00:00","og_image":[{"width":1903,"height":450,"url":"https:\/\/camping-lariviere.com\/wp-content\/uploads\/2020\/10\/famille-camping-1.jpg","type":"image\/jpeg"}],"twitter_card":"summary_large_image","twitter_misc":{"Dur\u00e9e de lecture estim\u00e9e":"1 minute"},"schema":{"@context":"https:\/\/schema.org","@graph":[{"@type":"WebPage","@id":"https:\/\/camping-lariviere.com\/fr\/camping-pas-cher-luberon\/","url":"https:\/\/camping-lariviere.com\/fr\/camping-pas-cher-luberon\/","name":"Camping dans le Luberon pas cher - Tarifs | Camping pas cher Vaucluse","isPartOf":{"@id":"https:\/\/camping-lariviere.com\/fr\/#website"},"primaryImageOfPage":{"@id":"https:\/\/camping-lariviere.com\/fr\/camping-pas-cher-luberon\/#primaryimage"},"image":{"@id":"https:\/\/camping-lariviere.com\/fr\/camping-pas-cher-luberon\/#primaryimage"},"thumbnailUrl":"https:\/\/camping-lariviere.com\/wp-content\/uploads\/2020\/10\/famille-camping-1.jpg","datePublished":"2020-10-14T08:29:40+00:00","dateModified":"2025-11-17T13:16:35+00:00","description":"Profitez d'offres promotionnelles pour passer vos vacances \u00e0 des prix abordables : \u00e0 partir d\u00e8s 250\u20ac la nuit pour 4 personnes. Mobil homes,\u00a0lodges, tentes & emplacements","breadcrumb":{"@id":"https:\/\/camping-lariviere.com\/fr\/camping-pas-cher-luberon\/#breadcrumb"},"inLanguage":"fr-FR","potentialAction":[{"@type":"ReadAction","target":["https:\/\/camping-lariviere.com\/fr\/camping-pas-cher-luberon\/"]}]},{"@type":"ImageObject","inLanguage":"fr-FR","@id":"https:\/\/camping-lariviere.com\/fr\/camping-pas-cher-luberon\/#primaryimage","url":"https:\/\/camping-lariviere.com\/wp-content\/uploads\/2020\/10\/famille-camping-1.jpg","contentUrl":"https:\/\/camping-lariviere.com\/wp-content\/uploads\/2020\/10\/famille-camping-1.jpg","width":1903,"height":450,"caption":"famille camping"},{"@type":"BreadcrumbList","@id":"https:\/\/camping-lariviere.com\/fr\/camping-pas-cher-luberon\/#breadcrumb","itemListElement":[{"@type":"ListItem","position":1,"name":"Camping Luberon","item":"https:\/\/camping-lariviere.com\/fr\/"},{"@type":"ListItem","position":2,"name":"Nos tarifs et offres promotionnelles"}]},{"@type":"WebSite","@id":"https:\/\/camping-lariviere.com\/fr\/#website","url":"https:\/\/camping-lariviere.com\/fr\/","name":"Camping la Rivi\u00e8re","description":"","publisher":{"@id":"https:\/\/camping-lariviere.com\/fr\/#organization"},"potentialAction":[{"@type":"SearchAction","target":{"@type":"EntryPoint","urlTemplate":"https:\/\/camping-lariviere.com\/fr\/?s={search_term_string}"},"query-input":{"@type":"PropertyValueSpecification","valueRequired":true,"valueName":"search_term_string"}}],"inLanguage":"fr-FR"},{"@type":"Organization","@id":"https:\/\/camping-lariviere.com\/fr\/#organization","name":"Camping La Rivi\u00e8re","url":"https:\/\/camping-lariviere.com\/fr\/","logo":{"@type":"ImageObject","inLanguage":"fr-FR","@id":"https:\/\/camping-lariviere.com\/fr\/#\/schema\/logo\/image\/","url":"https:\/\/camping-lariviere.com\/wp-content\/uploads\/2020\/10\/camping-la-riviere-logo.png","contentUrl":"https:\/\/camping-lariviere.com\/wp-content\/uploads\/2020\/10\/camping-la-riviere-logo.png","width":260,"height":210,"caption":"Camping La Rivi\u00e8re"},"image":{"@id":"https:\/\/camping-lariviere.com\/fr\/#\/schema\/logo\/image\/"}}]}},"_links":{"self":[{"href":"https:\/\/camping-lariviere.com\/fr\/wp-json\/wp\/v2\/pages\/273","targetHints":{"allow":["GET"]}}],"collection":[{"href":"https:\/\/camping-lariviere.com\/fr\/wp-json\/wp\/v2\/pages"}],"about":[{"href":"https:\/\/camping-lariviere.com\/fr\/wp-json\/wp\/v2\/types\/page"}],"author":[{"embeddable":true,"href":"https:\/\/camping-lariviere.com\/fr\/wp-json\/wp\/v2\/users\/1"}],"replies":[{"embeddable":true,"href":"https:\/\/camping-lariviere.com\/fr\/wp-json\/wp\/v2\/comments?post=273"}],"version-history":[{"count":24,"href":"https:\/\/camping-lariviere.com\/fr\/wp-json\/wp\/v2\/pages\/273\/revisions"}],"predecessor-version":[{"id":7293,"href":"https:\/\/camping-lariviere.com\/fr\/wp-json\/wp\/v2\/pages\/273\/revisions\/7293"}],"wp:featuredmedia":[{"embeddable":true,"href":"https:\/\/camping-lariviere.com\/fr\/wp-json\/wp\/v2\/media\/1040"}],"wp:attachment":[{"href":"https:\/\/camping-lariviere.com\/fr\/wp-json\/wp\/v2\/media?parent=273"}],"curies":[{"name":"wp","href":"https:\/\/api.w.org\/{rel}","templated":true}]}}