{"id":275,"date":"2020-10-14T10:29:58","date_gmt":"2020-10-14T08:29:58","guid":{"rendered":"http:\/\/camping-lariviere.com\/?page_id=275"},"modified":"2022-04-28T16:04:27","modified_gmt":"2022-04-28T14:04:27","slug":"vacances-paca","status":"publish","type":"page","link":"https:\/\/camping-lariviere.com\/fr\/vacances-paca\/","title":{"rendered":"Alentours : La r\u00e9gion"},"content":{"rendered":"<section id=\"section-5f8ff6ff65384\"\" class=\"section bg-color2 p-b-0\" \/><div class=\"container extralarge\"><h1 class=\"element section-title center\">Planifiez vos vacances en Provence<\/h1><div class=\"element bloc-text justify \">\n\t<p style=\"text-align: center;\">Pourquoi ne pas opter pour la Provence lors de vos prochaines vacances ou votre prochain week-end\u2009? Avec le Camping La Rivi\u00e8re, profitez d\u2019un emplacement id\u00e9alement situ\u00e9 pour <a href=\"\/fr\/tourisme-provence\/\">parcourir la Provence<\/a> et d\u00e9couvrir la superbe r\u00e9gion Provence-Alpes-C\u00f4te d\u2019Azur. Pour un s\u00e9jour enrichissant, optez pour des vacances au Camping La Rivi\u00e8re et alliez pure d\u00e9tente au plaisir de la d\u00e9couverte.<\/p>\n<\/div><\/div><\/section>\n\n<section id=\"section-5f8ff6ff65789\"\" class=\"section bg-white p-t-0 p-b-0\" \/><div class=\"container full\"><div class=\"colonnes-wrap valign-middle \"><div class=\"element colonne w-20 p-0\"><div class=\"element images scroll-x-mobile\"><div class=\"image\"><img decoding=\"async\" src=\"https:\/\/camping-lariviere.com\/wp-content\/uploads\/2020\/11\/village-perche-provence-100x100.jpg\" data-src=\"https:\/\/camping-lariviere.com\/wp-content\/uploads\/2020\/11\/village-perche-provence.jpg\" alt=\"village perche provence\" class=\"images_image\" \/><\/div><\/div><div class=\"element images scroll-x-mobile\"><div class=\"image\"><img decoding=\"async\" src=\"https:\/\/camping-lariviere.com\/wp-content\/uploads\/2020\/11\/rue-provence-100x100.jpg\" data-src=\"https:\/\/camping-lariviere.com\/wp-content\/uploads\/2020\/11\/rue-provence.jpg\" alt=\"rue provence\" class=\"images_image\" \/><\/div><\/div><\/div><div class=\"element colonne w-60 p-x-6\"><h2 class=\"element section-title center\">Que voir en r\u00e9gion PACA ?<\/h2><div class=\"element bloc-text center \">\n\t<p>Le <a href=\"\/fr\/\">camping La Rivi\u00e8re dans le Luberon<\/a> se situe dans la r\u00e9gion PACA, un <strong class=\"bold color1\">territoire d\u2019exception<\/strong>, o\u00f9 de nombreux sites naturels et touristiques inoubliables sont \u00e0 d\u00e9couvrir.<\/p>\n<p>La citadelle de <a href=\"\/fr\/camping-forcalquier\/\">Forcalquier<\/a> offre une vue imprenable sur les paysages pittoresques de Provence. La ville poss\u00e8de \u00e9galement un <strong class=\"bold color1\">cimeti\u00e8re class\u00e9<\/strong>. Son <strong class=\"bold color1\">march\u00e9<\/strong>, chaque lundi matin, est le plus beau des Alpes-de-Haute-Provence.<\/p>\n<p>Authentique et pleine de caract\u00e8re, la cit\u00e9 de <a href=\"\/fr\/camping-manosque\/\">Manosque<\/a>, qui a vu na\u00eetre l\u2019\u00e9crivain et sc\u00e9nariste <strong class=\"bold color1\">Jean Giono<\/strong>, propose chaque ann\u00e9e des <strong class=\"bold color1\">journ\u00e9es m\u00e9di\u00e9vales exceptionnelles<\/strong>.<\/p>\n<p>La ville de <strong class=\"bold color1\">Lurs<\/strong>, b\u00e2tie sur une cr\u00eate et entour\u00e9e d\u2019oliviers, offre un <strong class=\"bold color1\">sublime panorama<\/strong> sur la Durance.<\/p>\n<p>Les <a href=\"\/fr\/camping-gorges-du-verdon\/\">gorges du Verdon<\/a>, situ\u00e9es \u00e0 50 minutes du camping, ont la r\u00e9putation d\u2019\u00eatre les plus belles d\u2019Europe. Sur place, vous avez la possibilit\u00e9 de vous adonner \u00e0 de <strong class=\"bold color1\">nombreux loisirs<\/strong> : excursions, canyoning, rafting, p\u00e9dalo, baignades\u2026 Dans les gorges du Verdon, vous pouvez \u00e9galement faire de la <strong class=\"bold color1\">randonn\u00e9e aquatique<\/strong>.<\/p>\n<p>La <strong class=\"bold color1\">Provence,\u00a0<\/strong>\u00e0 proximit\u00e9 du <a href=\"\/fr\/tourisme-vaucluse\/\">Vaucluse<\/a>, propose une multitude d\u2019autres <strong class=\"bold color1\">sites remarquables<\/strong> \u00e0 d\u00e9couvrir : le <a href=\"\/fr\/blog\/colorado-provencal\/\">\u00ab Colorado \u00bb proven\u00e7al<\/a> \u00e0 c\u00f4t\u00e9 de Roussillon, le village de Moustier Sainte-Marie c\u00e9l\u00e8bre pour sa fa\u00efence, le plateau de Valensole connu pour ses champs de lavande, les M\u00e9es (d\u2019incroyables rochers g\u00e9ants), le village de Dauphin\u2026<\/p>\n<\/div><\/div><div class=\"element colonne w-20 p-0\"><div class=\"element images scroll-x-mobile\"><div class=\"image\"><img decoding=\"async\" src=\"https:\/\/camping-lariviere.com\/wp-content\/uploads\/2020\/11\/gorges-verdon-provence-100x100.jpg\" data-src=\"https:\/\/camping-lariviere.com\/wp-content\/uploads\/2020\/11\/gorges-verdon-provence.jpg\" alt=\"gorges verdon provence\" class=\"images_image\" Que voir en r\u00e9gion PACA ?\/><\/div><\/div><div class=\"element images scroll-x-mobile\"><div class=\"image\"><img decoding=\"async\" src=\"https:\/\/camping-lariviere.com\/wp-content\/uploads\/2020\/11\/provence-paysage-100x100.jpg\" data-src=\"https:\/\/camping-lariviere.com\/wp-content\/uploads\/2020\/11\/provence-paysage.jpg\" alt=\"provence paysage\" class=\"images_image\" Que voir en r\u00e9gion PACA ?\/><\/div><\/div><\/div><\/div><\/div><\/section>\n\n<section id=\"section-5f8ff6ff65a6c\"\" class=\"section bg-white p-t-0 p-b-0\" \/><div class=\"container full\"><div class=\"colonnes-wrap valign-middle bg-color2\"><div class=\"element colonne p-0\"><div class=\"element images scroll-x-mobile\"><div class=\"image\"><img decoding=\"async\" src=\"https:\/\/camping-lariviere.com\/wp-content\/uploads\/2020\/11\/ocre-colorado-provencal-1-100x71.jpg\" data-src=\"https:\/\/camping-lariviere.com\/wp-content\/uploads\/2020\/11\/ocre-colorado-provencal-1.jpg\" alt=\"ocre colorado provencal\" class=\"images_image\" \/><\/div><\/div><\/div><div class=\"element colonne p-x-10\"><h2 class=\"element section-title left\">Que faire en Provence ?<\/h2><div class=\"element bloc-text justify \">\n\t<p>Les villes et villages de notre belle r\u00e9gion regorgent de nombreux paysages et lieux \u00e0 visiter en toute saison.<\/p>\n<p>\u00c0 proximit\u00e9 de notre camping, les <strong class=\"bold color1\">gisements d\u2019ocres<\/strong> aux couleurs exceptionnelles du colorado Proven\u00e7al sont \u00e0 d\u00e9couvrir \u00e0 travers ses sentiers balis\u00e9s.<\/p>\n<p>Au village de Forcalquier, le <strong class=\"bold color1\">Couvent des Cordeliers<\/strong> vous permettra de participer \u00e0 de nombreux ateliers.<\/p>\n<\/div><\/div><\/div><\/div><\/section>\n\n<section id=\"section-6132389366598\"\" class=\"section bg-white p-t-0 p-b-0\" \/><div class=\"container full\"><div class=\"colonnes-wrap valign-middle \"><div class=\"element colonne p-x-10\"><h2 class=\"element section-title left\">Vos vacances en PACA<\/h2><div class=\"element bloc-text justify \">\n\t<p>Situ\u00e9 au c\u0153ur de la <strong class=\"bold color1\">r\u00e9gion PACA<\/strong>, le Camping La Rivi\u00e8re vous propose un cadre unique et idyllique dans lequel passer vos prochaines vacances. Profitez de votre immersion en Provence pour visiter les villages typiques de la r\u00e9gion. Admirez les monuments des communes <strong class=\"bold color1\">aux alentours du camping<\/strong> et promenez-vous dans les march\u00e9s locaux pour d\u00e9couvrir des sp\u00e9cialit\u00e9s.<br \/>\nVisitez la citadelle de Forcalquier, la petite ville de Lurs ou encore le plateau de Valensole avec vos proches et cr\u00e9ez-vous des souvenirs inoubliables dans la r\u00e9gion. Avec des paysages \u00e9poustouflants et vallonn\u00e9s au milieu des champs de lavandes, appr\u00e9ciez le b\u00e9n\u00e9fice du grand-air dans un environnement vraiment d\u00e9paysant. <\/p>\n<\/div><\/div><div class=\"element colonne p-0\"><div class=\"element images scroll-x-mobile\"><div class=\"image\"><img decoding=\"async\" src=\"https:\/\/camping-lariviere.com\/wp-content\/uploads\/2021\/09\/camping-provence-100x71.jpg\" data-src=\"https:\/\/camping-lariviere.com\/wp-content\/uploads\/2021\/09\/camping-provence.jpg\" alt=\"camping pr\u00e8s d\u2019un lac\" class=\"images_image\" Vos vacances en PACA\/><\/div><\/div><\/div><\/div><\/div><\/section>\n\n<section id=\"section-61323893667a8\"\" class=\"section bg-white p-t-0 p-b-0\" \/><div class=\"container full\"><div class=\"colonnes-wrap valign-middle \"><div class=\"element colonne p-0\"><div class=\"element images scroll-x-mobile\"><div class=\"image\"><img decoding=\"async\" src=\"https:\/\/camping-lariviere.com\/wp-content\/uploads\/2021\/09\/camping-provence-paca-100x71.jpg\" data-src=\"https:\/\/camping-lariviere.com\/wp-content\/uploads\/2021\/09\/camping-provence-paca.jpg\" alt=\"camping-provence-paca\" class=\"images_image\" \/><\/div><\/div><\/div><div class=\"element colonne p-x-10\"><h2 class=\"element section-title left\">Partez en camping en Provence<\/h2><div class=\"element bloc-text justify \">\n\t<p>Venez en famille, en couple ou encore entre amis au Camping La Rivi\u00e8re et faites l\u2019exp\u00e9rience de la convivialit\u00e9 sous le soleil de Provence. <strong class=\"bold color1\">R\u00e9servez d\u00e8s maintenant<\/strong> votre emplacement de <a href=\"https:\/\/camping-lariviere.com\/fr\/location-mobil-home-luberon\/\">location de mobil-home dans le Luberon<\/a> et pr\u00e9parez ais\u00e9ment votre s\u00e9jour en Provence\u2009!<br \/>\nEntre confort, simplicit\u00e9 et proximit\u00e9 avec la nature, c\u2019est l\u2019endroit id\u00e9al pour vous ressourcer et faire le plein de d\u00e9couvertes. Choisissez d\u00e8s maintenant <strong class=\"bold color1\">un emplaceme<\/strong>nt pr\u00e8s de la rivi\u00e8re, avec ou sans \u00e9lectricit\u00e9, et partez \u00e0 l\u2019aventure\u2009!<\/p>\n<\/div><\/div><\/div><\/div><\/section>\n\n<section id=\"section-5f8ff6ff65f07\"\" class=\"section bg-white\" \/><div class=\"container extralarge\"><div class=\"element section-title center title-cta\">D\u00e9couvrez Forcalquier, Manosque et les Gorges du Verdon<\/div><ul class=\"liste-de-page\"><li class=\"element call-to-action center title-cta call-to-action--style-1 call-to-action--big\"><a href=\"https:\/\/camping-lariviere.com\/fr\/camping-forcalquier\/\"  class=\"call-to-action_link\" title=\"En savoir plus sur camping forcalquier\"><div class=\"call-to-action_image\"><img decoding=\"async\" src=\"https:\/\/camping-lariviere.com\/wp-content\/uploads\/2020\/10\/citadelle-forcalquier-100x65.jpg\" data-src=\"https:\/\/camping-lariviere.com\/wp-content\/uploads\/2020\/10\/citadelle-forcalquier.jpg\" alt=\"citadelle forcalquier\" class=\"big\" \/><\/div><div class=\"call-to-action_contenu\"><div class=\"call-to-action_titre\">Camping Forcalquier<\/div><\/div><\/a><\/li><li class=\"element call-to-action center title-cta call-to-action--style-1 call-to-action--big call-to-action--style-1 call-to-action--big\"><a href=\"https:\/\/camping-lariviere.com\/fr\/camping-manosque\/\"  class=\"call-to-action_link\" title=\"En savoir plus sur camping manosque\"><div class=\"call-to-action_image\"><img decoding=\"async\" src=\"https:\/\/camping-lariviere.com\/wp-content\/uploads\/2020\/10\/vacances-manosque-100x65.jpg\" data-src=\"https:\/\/camping-lariviere.com\/wp-content\/uploads\/2020\/10\/vacances-manosque.jpg\" alt=\"vacances manosque\" class=\"big\" \/><\/div><div class=\"call-to-action_contenu\"><div class=\"call-to-action_titre\">Camping Manosque<\/div><\/div><\/a><\/li><li class=\"element call-to-action center title-cta call-to-action--style-1 call-to-action--big call-to-action--style-1 call-to-action--big call-to-action--style-1 call-to-action--big\"><a href=\"https:\/\/camping-lariviere.com\/fr\/camping-gorges-du-verdon\/\"  class=\"call-to-action_link\" title=\"En savoir plus sur camping gorges du verdon\"><div class=\"call-to-action_image\"><img decoding=\"async\" src=\"https:\/\/camping-lariviere.com\/wp-content\/uploads\/2020\/10\/camping-la-riviere-cta-gorges-du-verdon-100x53.jpg\" data-src=\"https:\/\/camping-lariviere.com\/wp-content\/uploads\/2020\/10\/camping-la-riviere-cta-gorges-du-verdon.jpg\" alt=\"Camping Gorges du Verdon\" class=\"big\" \/><\/div><div class=\"call-to-action_contenu\"><div class=\"call-to-action_titre\">Camping Gorges du Verdon<\/div><\/div><\/a><\/li><\/ul><\/div><\/section>","protected":false},"excerpt":{"rendered":"","protected":false},"author":1,"featured_media":1768,"parent":0,"menu_order":0,"comment_status":"closed","ping_status":"closed","template":"","meta":{"_acf_changed":false,"footnotes":""},"class_list":["post-275","page","type-page","status-publish","has-post-thumbnail","hentry"],"acf":[],"yoast_head":"<!-- This site is optimized with the Yoast SEO plugin v23.4 - https:\/\/yoast.com\/wordpress\/plugins\/seo\/ -->\n<title>Vacances en Provence - Visiter la r\u00e9gion PACA | Camping La Rivi\u00e8re<\/title>\n<meta name=\"description\" content=\"Passez vos vacances en Provence et visitez la r\u00e9gion PACA gr\u00e2ce au camping la Rivi\u00e8re. D\u00e9couvrez les sites naturels et touristiques inoubliables de Provence \u00e0 quelques km du camping.\" \/>\n<meta name=\"robots\" content=\"index, follow, max-snippet:-1, max-image-preview:large, max-video-preview:-1\" \/>\n<link rel=\"canonical\" href=\"https:\/\/camping-lariviere.com\/fr\/vacances-paca\/\" \/>\n<meta property=\"og:locale\" content=\"fr_FR\" \/>\n<meta property=\"og:type\" content=\"article\" \/>\n<meta property=\"og:title\" content=\"Vacances en Provence - Visiter la r\u00e9gion PACA | Camping La Rivi\u00e8re\" \/>\n<meta property=\"og:description\" content=\"Passez vos vacances en Provence et visitez la r\u00e9gion PACA gr\u00e2ce au camping la Rivi\u00e8re. D\u00e9couvrez les sites naturels et touristiques inoubliables de Provence \u00e0 quelques km du camping.\" \/>\n<meta property=\"og:url\" content=\"https:\/\/camping-lariviere.com\/fr\/vacances-paca\/\" \/>\n<meta property=\"og:site_name\" content=\"Camping la Rivi\u00e8re\" \/>\n<meta property=\"article:modified_time\" content=\"2022-04-28T14:04:27+00:00\" \/>\n<meta property=\"og:image\" content=\"https:\/\/camping-lariviere.com\/wp-content\/uploads\/2020\/11\/vue-provence-1.jpg\" \/>\n\t<meta property=\"og:image:width\" content=\"1903\" \/>\n\t<meta property=\"og:image:height\" content=\"450\" \/>\n\t<meta property=\"og:image:type\" content=\"image\/jpeg\" \/>\n<meta name=\"twitter:card\" content=\"summary_large_image\" \/>\n<script type=\"application\/ld+json\" class=\"yoast-schema-graph\">{\"@context\":\"https:\/\/schema.org\",\"@graph\":[{\"@type\":\"WebPage\",\"@id\":\"https:\/\/camping-lariviere.com\/fr\/vacances-paca\/\",\"url\":\"https:\/\/camping-lariviere.com\/fr\/vacances-paca\/\",\"name\":\"Vacances en Provence - Visiter la r\u00e9gion PACA | Camping La Rivi\u00e8re\",\"isPartOf\":{\"@id\":\"https:\/\/camping-lariviere.com\/fr\/#website\"},\"primaryImageOfPage\":{\"@id\":\"https:\/\/camping-lariviere.com\/fr\/vacances-paca\/#primaryimage\"},\"image\":{\"@id\":\"https:\/\/camping-lariviere.com\/fr\/vacances-paca\/#primaryimage\"},\"thumbnailUrl\":\"https:\/\/camping-lariviere.com\/wp-content\/uploads\/2020\/11\/vue-provence-1.jpg\",\"datePublished\":\"2020-10-14T08:29:58+00:00\",\"dateModified\":\"2022-04-28T14:04:27+00:00\",\"description\":\"Passez vos vacances en Provence et visitez la r\u00e9gion PACA gr\u00e2ce au camping la Rivi\u00e8re. D\u00e9couvrez les sites naturels et touristiques inoubliables de Provence \u00e0 quelques km du camping.\",\"breadcrumb\":{\"@id\":\"https:\/\/camping-lariviere.com\/fr\/vacances-paca\/#breadcrumb\"},\"inLanguage\":\"fr-FR\",\"potentialAction\":[{\"@type\":\"ReadAction\",\"target\":[\"https:\/\/camping-lariviere.com\/fr\/vacances-paca\/\"]}]},{\"@type\":\"ImageObject\",\"inLanguage\":\"fr-FR\",\"@id\":\"https:\/\/camping-lariviere.com\/fr\/vacances-paca\/#primaryimage\",\"url\":\"https:\/\/camping-lariviere.com\/wp-content\/uploads\/2020\/11\/vue-provence-1.jpg\",\"contentUrl\":\"https:\/\/camping-lariviere.com\/wp-content\/uploads\/2020\/11\/vue-provence-1.jpg\",\"width\":1903,\"height\":450,\"caption\":\"vue provence\"},{\"@type\":\"BreadcrumbList\",\"@id\":\"https:\/\/camping-lariviere.com\/fr\/vacances-paca\/#breadcrumb\",\"itemListElement\":[{\"@type\":\"ListItem\",\"position\":1,\"name\":\"Camping Luberon\",\"item\":\"https:\/\/camping-lariviere.com\/fr\/\"},{\"@type\":\"ListItem\",\"position\":2,\"name\":\"Visitez la r\u00e9gion PACA\"}]},{\"@type\":\"WebSite\",\"@id\":\"https:\/\/camping-lariviere.com\/fr\/#website\",\"url\":\"https:\/\/camping-lariviere.com\/fr\/\",\"name\":\"Camping la Rivi\u00e8re\",\"description\":\"\",\"publisher\":{\"@id\":\"https:\/\/camping-lariviere.com\/fr\/#organization\"},\"potentialAction\":[{\"@type\":\"SearchAction\",\"target\":{\"@type\":\"EntryPoint\",\"urlTemplate\":\"https:\/\/camping-lariviere.com\/fr\/?s={search_term_string}\"},\"query-input\":{\"@type\":\"PropertyValueSpecification\",\"valueRequired\":true,\"valueName\":\"search_term_string\"}}],\"inLanguage\":\"fr-FR\"},{\"@type\":\"Organization\",\"@id\":\"https:\/\/camping-lariviere.com\/fr\/#organization\",\"name\":\"Camping La Rivi\u00e8re\",\"url\":\"https:\/\/camping-lariviere.com\/fr\/\",\"logo\":{\"@type\":\"ImageObject\",\"inLanguage\":\"fr-FR\",\"@id\":\"https:\/\/camping-lariviere.com\/fr\/#\/schema\/logo\/image\/\",\"url\":\"https:\/\/camping-lariviere.com\/wp-content\/uploads\/2020\/10\/camping-la-riviere-logo.png\",\"contentUrl\":\"https:\/\/camping-lariviere.com\/wp-content\/uploads\/2020\/10\/camping-la-riviere-logo.png\",\"width\":260,\"height\":210,\"caption\":\"Camping La Rivi\u00e8re\"},\"image\":{\"@id\":\"https:\/\/camping-lariviere.com\/fr\/#\/schema\/logo\/image\/\"}}]}<\/script>\n<!-- \/ Yoast SEO plugin. -->","yoast_head_json":{"title":"Vacances en Provence - Visiter la r\u00e9gion PACA | Camping La Rivi\u00e8re","description":"Passez vos vacances en Provence et visitez la r\u00e9gion PACA gr\u00e2ce au camping la Rivi\u00e8re. D\u00e9couvrez les sites naturels et touristiques inoubliables de Provence \u00e0 quelques km du camping.","robots":{"index":"index","follow":"follow","max-snippet":"max-snippet:-1","max-image-preview":"max-image-preview:large","max-video-preview":"max-video-preview:-1"},"canonical":"https:\/\/camping-lariviere.com\/fr\/vacances-paca\/","og_locale":"fr_FR","og_type":"article","og_title":"Vacances en Provence - Visiter la r\u00e9gion PACA | Camping La Rivi\u00e8re","og_description":"Passez vos vacances en Provence et visitez la r\u00e9gion PACA gr\u00e2ce au camping la Rivi\u00e8re. D\u00e9couvrez les sites naturels et touristiques inoubliables de Provence \u00e0 quelques km du camping.","og_url":"https:\/\/camping-lariviere.com\/fr\/vacances-paca\/","og_site_name":"Camping la Rivi\u00e8re","article_modified_time":"2022-04-28T14:04:27+00:00","og_image":[{"width":1903,"height":450,"url":"https:\/\/camping-lariviere.com\/wp-content\/uploads\/2020\/11\/vue-provence-1.jpg","type":"image\/jpeg"}],"twitter_card":"summary_large_image","schema":{"@context":"https:\/\/schema.org","@graph":[{"@type":"WebPage","@id":"https:\/\/camping-lariviere.com\/fr\/vacances-paca\/","url":"https:\/\/camping-lariviere.com\/fr\/vacances-paca\/","name":"Vacances en Provence - Visiter la r\u00e9gion PACA | Camping La Rivi\u00e8re","isPartOf":{"@id":"https:\/\/camping-lariviere.com\/fr\/#website"},"primaryImageOfPage":{"@id":"https:\/\/camping-lariviere.com\/fr\/vacances-paca\/#primaryimage"},"image":{"@id":"https:\/\/camping-lariviere.com\/fr\/vacances-paca\/#primaryimage"},"thumbnailUrl":"https:\/\/camping-lariviere.com\/wp-content\/uploads\/2020\/11\/vue-provence-1.jpg","datePublished":"2020-10-14T08:29:58+00:00","dateModified":"2022-04-28T14:04:27+00:00","description":"Passez vos vacances en Provence et visitez la r\u00e9gion PACA gr\u00e2ce au camping la Rivi\u00e8re. D\u00e9couvrez les sites naturels et touristiques inoubliables de Provence \u00e0 quelques km du camping.","breadcrumb":{"@id":"https:\/\/camping-lariviere.com\/fr\/vacances-paca\/#breadcrumb"},"inLanguage":"fr-FR","potentialAction":[{"@type":"ReadAction","target":["https:\/\/camping-lariviere.com\/fr\/vacances-paca\/"]}]},{"@type":"ImageObject","inLanguage":"fr-FR","@id":"https:\/\/camping-lariviere.com\/fr\/vacances-paca\/#primaryimage","url":"https:\/\/camping-lariviere.com\/wp-content\/uploads\/2020\/11\/vue-provence-1.jpg","contentUrl":"https:\/\/camping-lariviere.com\/wp-content\/uploads\/2020\/11\/vue-provence-1.jpg","width":1903,"height":450,"caption":"vue provence"},{"@type":"BreadcrumbList","@id":"https:\/\/camping-lariviere.com\/fr\/vacances-paca\/#breadcrumb","itemListElement":[{"@type":"ListItem","position":1,"name":"Camping Luberon","item":"https:\/\/camping-lariviere.com\/fr\/"},{"@type":"ListItem","position":2,"name":"Visitez la r\u00e9gion PACA"}]},{"@type":"WebSite","@id":"https:\/\/camping-lariviere.com\/fr\/#website","url":"https:\/\/camping-lariviere.com\/fr\/","name":"Camping la Rivi\u00e8re","description":"","publisher":{"@id":"https:\/\/camping-lariviere.com\/fr\/#organization"},"potentialAction":[{"@type":"SearchAction","target":{"@type":"EntryPoint","urlTemplate":"https:\/\/camping-lariviere.com\/fr\/?s={search_term_string}"},"query-input":{"@type":"PropertyValueSpecification","valueRequired":true,"valueName":"search_term_string"}}],"inLanguage":"fr-FR"},{"@type":"Organization","@id":"https:\/\/camping-lariviere.com\/fr\/#organization","name":"Camping La Rivi\u00e8re","url":"https:\/\/camping-lariviere.com\/fr\/","logo":{"@type":"ImageObject","inLanguage":"fr-FR","@id":"https:\/\/camping-lariviere.com\/fr\/#\/schema\/logo\/image\/","url":"https:\/\/camping-lariviere.com\/wp-content\/uploads\/2020\/10\/camping-la-riviere-logo.png","contentUrl":"https:\/\/camping-lariviere.com\/wp-content\/uploads\/2020\/10\/camping-la-riviere-logo.png","width":260,"height":210,"caption":"Camping La Rivi\u00e8re"},"image":{"@id":"https:\/\/camping-lariviere.com\/fr\/#\/schema\/logo\/image\/"}}]}},"_links":{"self":[{"href":"https:\/\/camping-lariviere.com\/fr\/wp-json\/wp\/v2\/pages\/275","targetHints":{"allow":["GET"]}}],"collection":[{"href":"https:\/\/camping-lariviere.com\/fr\/wp-json\/wp\/v2\/pages"}],"about":[{"href":"https:\/\/camping-lariviere.com\/fr\/wp-json\/wp\/v2\/types\/page"}],"author":[{"embeddable":true,"href":"https:\/\/camping-lariviere.com\/fr\/wp-json\/wp\/v2\/users\/1"}],"replies":[{"embeddable":true,"href":"https:\/\/camping-lariviere.com\/fr\/wp-json\/wp\/v2\/comments?post=275"}],"version-history":[{"count":41,"href":"https:\/\/camping-lariviere.com\/fr\/wp-json\/wp\/v2\/pages\/275\/revisions"}],"predecessor-version":[{"id":5126,"href":"https:\/\/camping-lariviere.com\/fr\/wp-json\/wp\/v2\/pages\/275\/revisions\/5126"}],"wp:featuredmedia":[{"embeddable":true,"href":"https:\/\/camping-lariviere.com\/fr\/wp-json\/wp\/v2\/media\/1768"}],"wp:attachment":[{"href":"https:\/\/camping-lariviere.com\/fr\/wp-json\/wp\/v2\/media?parent=275"}],"curies":[{"name":"wp","href":"https:\/\/api.w.org\/{rel}","templated":true}]}}