{"id":280,"date":"2020-10-14T10:30:42","date_gmt":"2020-10-14T08:30:42","guid":{"rendered":"http:\/\/camping-lariviere.com\/?page_id=280"},"modified":"2022-01-20T17:00:43","modified_gmt":"2022-01-20T16:00:43","slug":"tourisme-villages-provencaux","status":"publish","type":"page","link":"https:\/\/camping-lariviere.com\/fr\/tourisme-villages-provencaux\/","title":{"rendered":"Alentours : Villages provencaux"},"content":{"rendered":"<section id=\"section-5f8ff6ff65384\"\" class=\"section bg-color2 p-b-0\" \/><div class=\"container extralarge\"><h1 class=\"element section-title center\">Bon plan\u00a0: village proven\u00e7al \u00e0 visiter<\/h1><div class=\"element bloc-text justify \">\n\t<p>Vous \u00eates \u00e0 la recherche de vacances originales pour vous d\u00e9tendre et faire des d\u00e9couvertes\u2009? <strong class=\"bold color1\">Le Camping La Rivi\u00e8re<\/strong> vous convie en plein c\u0153ur de la Provence pour vivre des exp\u00e9riences authentiques et originales. Partez d\u00e8s maintenant \u00e0 l\u2019aventure et parcourez <strong class=\"bold color1\">les villages proven\u00e7aux proches du camping<\/strong> pour des souvenirs inoubliables.<\/p>\n<\/div><\/div><\/section>\n\n<section id=\"section-5f8ff6ff65789\"\" class=\"section bg-white p-t-0 p-b-0\" \/><div class=\"container full\"><div class=\"colonnes-wrap valign-middle \"><div class=\"element colonne w-20 p-0\"><div class=\"element images scroll-x-mobile\"><div class=\"image\"><img decoding=\"async\" src=\"https:\/\/camping-lariviere.com\/wp-content\/uploads\/2020\/11\/camping-lurs-100x100.jpg\" data-src=\"https:\/\/camping-lariviere.com\/wp-content\/uploads\/2020\/11\/camping-lurs.jpg\" alt=\"camping lurs\" class=\"images_image\" \/><\/div><\/div><div class=\"element images scroll-x-mobile\"><div class=\"image\"><img decoding=\"async\" src=\"https:\/\/camping-lariviere.com\/wp-content\/uploads\/2020\/10\/village-perche-cloche-100x100.jpg\" data-src=\"https:\/\/camping-lariviere.com\/wp-content\/uploads\/2020\/10\/village-perche-cloche.jpg\" alt=\"village perche cloche\" class=\"images_image\" \/><\/div><\/div><\/div><div class=\"element colonne w-60 p-x-6\"><div class=\"element bloc-text center \">\n\t<p>Arpentez les <strong class=\"bold color1\">villages proven\u00e7aux de caract\u00e8re<\/strong> et <strong class=\"bold color1\">leur march\u00e9<\/strong> aux saveurs et senteurs d\u2019\u00e9vasion.<\/p>\n<ul>\n<li><strong class=\"bold color1\">Lurs<\/strong> : \u00c0 20 km du <a href=\"\/fr\/\">camping dans le Luberon<\/a>\u00a0et \u00e0 612 m d\u2019altitude, ce petit village perch\u00e9 vous permettra de profiter d\u2019un <strong class=\"bold color1\">panorama exceptionnel<\/strong> dominant la Vall\u00e9e de la Durance. Empruntez le sentier des hautes terres rejoignant le <strong class=\"bold color1\">Prieur\u00e9 de Ganagobie<\/strong> (abbaye b\u00e9n\u00e9dictine fond\u00e9e au X\u00e8me si\u00e8cle, encore occup\u00e9e aujourd\u2019hui par une vingtaine de moines qui fabriquent toute une gamme de cosm\u00e9tiques et baumes \u00e0 base d&rsquo;huiles essentielles). Vous y d\u00e9couvrirez de magnifiques <strong class=\"bold color1\">bas reliefs<\/strong> ainsi que des <strong class=\"bold color1\">mosa\u00efques du XII\u00e8me si\u00e8cle<\/strong> parfaitement restaur\u00e9es.<\/li>\n<li><strong class=\"bold color1\">Dauphin<\/strong> : Situ\u00e9 \u00e0 1 km, partez \u00e0 pied du camping pour d\u00e9couvrir ce petit village perch\u00e9 \u00e0 445 m d\u2019altitude avec ses <strong class=\"bold color1\">ruelles \u00e9troites<\/strong> et son centre ancien perch\u00e9. \u00c0 son sommet vous d\u00e9couvrirez son \u00e9glise abritant un tr\u00e8s <strong class=\"bold color1\">ancien orgue baroque<\/strong>. Vous pourrez aussi y d\u00e9couvrir un <strong class=\"bold color1\">tr\u00e8s joli donjon<\/strong>, vestige du ch\u00e2teau des comtes de Provence, o\u00f9 se trouve une balustrade datant du XVIII\u00e8me si\u00e8cle ainsi qu\u2019une tr\u00e8s jolie <strong class=\"bold color1\">statue de la vierge<\/strong>.<\/li>\n<\/ul>\n<\/div><\/div><div class=\"element colonne w-20 p-0\"><div class=\"element images scroll-x-mobile\"><div class=\"image\"><img decoding=\"async\" src=\"https:\/\/camping-lariviere.com\/wp-content\/uploads\/2020\/11\/moustier-provence-100x100.jpg\" data-src=\"https:\/\/camping-lariviere.com\/wp-content\/uploads\/2020\/11\/moustier-provence.jpg\" alt=\"moustier provence\" class=\"images_image\" \/><\/div><\/div><div class=\"element images scroll-x-mobile\"><div class=\"image\"><img decoding=\"async\" src=\"https:\/\/camping-lariviere.com\/wp-content\/uploads\/2020\/11\/randonnees-moustiers-100x100.jpg\" data-src=\"https:\/\/camping-lariviere.com\/wp-content\/uploads\/2020\/11\/randonnees-moustiers.jpg\" alt=\"randonnees moustiers\" class=\"images_image\" \/><\/div><\/div><\/div><\/div><\/div><\/section>\n\n<section id=\"section-5f8ff6ff65a6c\"\" class=\"section bg-white p-t-0 p-b-0\" \/><div class=\"container full\"><div class=\"colonnes-wrap valign-middle bg-color2\"><div class=\"element colonne p-0\"><div class=\"element images scroll-x-mobile\"><div class=\"image\"><img decoding=\"async\" src=\"https:\/\/camping-lariviere.com\/wp-content\/uploads\/2020\/10\/village-perche-mane-100x71.jpg\" data-src=\"https:\/\/camping-lariviere.com\/wp-content\/uploads\/2020\/10\/village-perche-mane.jpg\" alt=\"village perche mane\" class=\"images_image\" \/><\/div><\/div><\/div><div class=\"element colonne p-x-10\"><div class=\"element bloc-text justify \">\n\t<ul>\n<li><strong class=\"bold color1\">Mane<\/strong> : \u00c0 3 km du camping, c\u2019est un village perch\u00e9 <strong class=\"bold color1\">typiquement proven\u00e7al<\/strong> qui culmine \u00e0 500 m d&rsquo;altitude. Vous y d\u00e9couvrirez sa <strong class=\"bold color1\">citadelle<\/strong>, unique fortification compl\u00e8te de Haute-Provence, d\u00e9fendue par une double enceinte en forme d&rsquo;h\u00e9lice. Profitez-en pour visiter le <strong class=\"bold color1\">prieur\u00e9 Notre-Dame de Salagon<\/strong> du XIIe si\u00e8cle, class\u00e9 <strong class=\"bold color1\">monument historique<\/strong> et transform\u00e9 de nos jours en mus\u00e9e avec un tr\u00e8s joli jardin m\u00e9di\u00e9val. R\u00e9put\u00e9 pour ses produits de pays, vous y d\u00e9couvrirez sa <strong class=\"bold color1\">zone artisanale<\/strong>  et ses <strong class=\"bold color1\">producteurs locaux<\/strong> (huile d\u2019olive, huile essentielle, produits alimentaires Bio\u2026 ), sans oublier le magasin d\u2019usine de la maison <strong class=\"bold color1\">\u201cColline de Provence\u201d<\/strong> o\u00f9 fleurent bon la lavande le thym et la sarriette.<\/li>\n<li><strong class=\"bold color1\">Banon<\/strong> : \u00c0 30 km du camping, cet ancien village perch\u00e9, adoss\u00e9 au <strong class=\"bold color1\">plateau d\u2019Albion<\/strong>, est aujourd\u2019hui descendu dans la plaine. Il se distingue par la tr\u00e8s c\u00e9l\u00e8bre <strong class=\"bold color1\">librairie Le Bleuet<\/strong>, la plus grande <strong class=\"bold color1\">librairie ind\u00e9pendante<\/strong> de France avec plus de 100 000 titres en rayon. Profitez de votre visite pour d\u00e9guster son <strong class=\"bold color1\">c\u00e9l\u00e8bre fromage de ch\u00e8vre<\/strong> du m\u00eame nom emball\u00e9 dans des feuilles de ch\u00e2taignier et attach\u00e9 d\u2019une ficelle de raphia. En 2015, le <strong class=\"bold color1\">Banon<\/strong> est l\u2019unique fromage avec une appellation d&rsquo;origine contr\u00f4l\u00e9e et prot\u00e9g\u00e9e de la r\u00e9gion Provence-Alpes-C\u00f4te d&rsquo;Azur et constitue la plus petite production AOC de France..<\/li>\n<\/ul>\n<\/div><\/div><\/div><\/div><\/section>\n\n<section id=\"section-6135c654d373d\"\" class=\"section bg-white p-t-0 p-b-0\" \/><div class=\"container full\"><div class=\"colonnes-wrap valign-middle \"><div class=\"element colonne p-x-10\"><h2 class=\"element section-title left\">Go\u00fbtez au charme des villages de Provence<\/h2><div class=\"element bloc-text justify \">\n\t<p align=\"justify\">Pourquoi ne pas profiter d\u2019une douce matin\u00e9e pour aller visiter les march\u00e9s typiques proven\u00e7aux\u2009? Gr\u00e2ce \u00e0 sa proximit\u00e9 imm\u00e9diate avec de petits villages de caract\u00e8re, <strong class=\"bold color1\">le Camping La Rivi\u00e8re<\/strong> vous offre ce que la Provence a de plus typique pour votre s\u00e9jour ou vos vacances.<\/p>\n<p align=\"justify\">Arpentez les reliefs des superbes paysages de la r\u00e9gion, fa\u00e7onn\u00e9s par la proximit\u00e9 des Alpes, et visitez de petites communes aux architectures singuli\u00e8res qui vous plongeront <strong class=\"bold color1\">au c\u0153ur des traditions proven\u00e7ales<\/strong>. Pour une vue imprenable, visez le sommet des villages alentour. Effet garanti\u2009!<\/p>\n<\/div><\/div><div class=\"element colonne p-0\"><div class=\"element images scroll-x-mobile\"><div class=\"image\"><img decoding=\"async\" src=\"https:\/\/camping-lariviere.com\/wp-content\/uploads\/2021\/09\/camping-la-riviere-alentour-provence-100x71.jpg\" data-src=\"https:\/\/camping-lariviere.com\/wp-content\/uploads\/2021\/09\/camping-la-riviere-alentour-provence.jpg\" alt=\"camping-la-riviere-alentour-provence\" class=\"images_image\" Go\u00fbtez au charme des villages de Provence\/><\/div><\/div><\/div><\/div><\/div><\/section>\n\n<section id=\"section-6135c654d38c0\"\" class=\"section bg-white p-t-0 p-b-0\" \/><div class=\"container full\"><div class=\"colonnes-wrap valign-middle bg-color2\"><div class=\"element colonne p-0\"><div class=\"element images scroll-x-mobile\"><div class=\"image\"><img decoding=\"async\" src=\"https:\/\/camping-lariviere.com\/wp-content\/uploads\/2021\/09\/camping-la-riviere-alentour-dauphin-100x71.jpg\" data-src=\"https:\/\/camping-lariviere.com\/wp-content\/uploads\/2021\/09\/camping-la-riviere-alentour-dauphin.jpg\" alt=\"camping-la-riviere-alentour-dauphin\" class=\"images_image\" \/><\/div><\/div><\/div><div class=\"element colonne p-x-10\"><h2 class=\"element section-title left\">Votre s\u00e9jour dans le Luberon<\/h2><div class=\"element bloc-text justify \">\n\t<p>Pr\u00e9parez d\u00e8s maintenant votre s\u00e9jour au <strong class=\"bold color1\">Camping La Rivi\u00e8re<\/strong> et r\u00e9servez votre <a href=\"https:\/\/camping-lariviere.com\/fr\/location-emplacements-luberon\/\">emplacement de camping en Provence<\/a>. Venez en couple, entre amis ou en famille et choisissez votre emplacement pour profiter du <strong class=\"bold color1\">cadre id\u00e9al du camping<\/strong> au plus proche de la nature. Vous avez acc\u00e8s \u00e0 la petite ville de Dauphin directement depuis le camping \u00e0 pied, \u00e0 seulement 1\u00a0km. Vous appr\u00e9cierez les ruelles \u00e9troites et son centre haut perch\u00e9.<br \/>\nPour les plus aventureux, rendez-vous \u00e0 Banon \u00e0 Lurs qui sont deux villes un peu plus \u00e9loign\u00e9es o\u00f9 vous pourrez profiter de panoramas d\u2019exception et de boutiques artisanales de renom qui vous feront d\u00e9couvrir des produits locaux.<\/p>\n<\/div><\/div><\/div><\/div><\/section>\n\n<section id=\"section-5f8ff6ff65f07\"\" class=\"section bg-white\" \/><div class=\"container extralarge\"><div class=\"element section-title center title-cta\">Visitez Manosque, Forcalquier et Les Gorges du Verdon<\/div><ul class=\"liste-de-page\"><li class=\"element call-to-action center title-cta call-to-action--style-1 call-to-action--big\"><a href=\"https:\/\/camping-lariviere.com\/fr\/camping-forcalquier\/\"  class=\"call-to-action_link\" title=\"En savoir plus sur camping forcalquier\"><div class=\"call-to-action_image\"><img decoding=\"async\" src=\"https:\/\/camping-lariviere.com\/wp-content\/uploads\/2020\/10\/citadelle-forcalquier-100x65.jpg\" data-src=\"https:\/\/camping-lariviere.com\/wp-content\/uploads\/2020\/10\/citadelle-forcalquier.jpg\" alt=\"citadelle forcalquier\" class=\"big\" \/><\/div><div class=\"call-to-action_contenu\"><div class=\"call-to-action_titre\">Camping Forcalquier<\/div><\/div><\/a><\/li><li class=\"element call-to-action center title-cta call-to-action--style-1 call-to-action--big call-to-action--style-1 call-to-action--big\"><a href=\"https:\/\/camping-lariviere.com\/fr\/camping-manosque\/\"  class=\"call-to-action_link\" title=\"En savoir plus sur camping manosque\"><div class=\"call-to-action_image\"><img decoding=\"async\" src=\"https:\/\/camping-lariviere.com\/wp-content\/uploads\/2020\/10\/vacances-manosque-100x65.jpg\" data-src=\"https:\/\/camping-lariviere.com\/wp-content\/uploads\/2020\/10\/vacances-manosque.jpg\" alt=\"vacances manosque\" class=\"big\" \/><\/div><div class=\"call-to-action_contenu\"><div class=\"call-to-action_titre\">Camping Manosque<\/div><\/div><\/a><\/li><li class=\"element call-to-action center title-cta call-to-action--style-1 call-to-action--big call-to-action--style-1 call-to-action--big call-to-action--style-1 call-to-action--big\"><a href=\"https:\/\/camping-lariviere.com\/fr\/camping-gorges-du-verdon\/\"  class=\"call-to-action_link\" title=\"En savoir plus sur camping gorges du verdon\"><div class=\"call-to-action_image\"><img decoding=\"async\" src=\"https:\/\/camping-lariviere.com\/wp-content\/uploads\/2020\/10\/camping-la-riviere-cta-gorges-du-verdon-100x53.jpg\" data-src=\"https:\/\/camping-lariviere.com\/wp-content\/uploads\/2020\/10\/camping-la-riviere-cta-gorges-du-verdon.jpg\" alt=\"Camping Gorges du Verdon\" class=\"big\" \/><\/div><div class=\"call-to-action_contenu\"><div class=\"call-to-action_titre\">Camping Gorges du Verdon<\/div><\/div><\/a><\/li><\/ul><\/div><\/section>","protected":false},"excerpt":{"rendered":"","protected":false},"author":1,"featured_media":921,"parent":0,"menu_order":0,"comment_status":"closed","ping_status":"closed","template":"","meta":{"_acf_changed":false,"footnotes":""},"class_list":["post-280","page","type-page","status-publish","has-post-thumbnail","hentry"],"acf":[],"yoast_head":"<!-- This site is optimized with the Yoast SEO plugin v23.4 - https:\/\/yoast.com\/wordpress\/plugins\/seo\/ -->\n<title>Village proven\u00e7al \u00e0 visiter | Camping La Rivi\u00e8re<\/title>\n<meta name=\"description\" content=\"D\u00e9couvrez les nombreux villages proven\u00e7aux de caract\u00e8re proches du camping. Visitez les villages de Lurs, Dauphin, Mane ou encore Banon.\" \/>\n<meta name=\"robots\" content=\"index, follow, max-snippet:-1, max-image-preview:large, max-video-preview:-1\" \/>\n<link rel=\"canonical\" href=\"https:\/\/camping-lariviere.com\/fr\/tourisme-villages-provencaux\/\" \/>\n<meta property=\"og:locale\" content=\"fr_FR\" \/>\n<meta property=\"og:type\" content=\"article\" \/>\n<meta property=\"og:title\" content=\"Village proven\u00e7al \u00e0 visiter | Camping La Rivi\u00e8re\" \/>\n<meta property=\"og:description\" content=\"D\u00e9couvrez les nombreux villages proven\u00e7aux de caract\u00e8re proches du camping. Visitez les villages de Lurs, Dauphin, Mane ou encore Banon.\" \/>\n<meta property=\"og:url\" content=\"https:\/\/camping-lariviere.com\/fr\/tourisme-villages-provencaux\/\" \/>\n<meta property=\"og:site_name\" content=\"Camping la Rivi\u00e8re\" \/>\n<meta property=\"article:modified_time\" content=\"2022-01-20T16:00:43+00:00\" \/>\n<meta property=\"og:image\" content=\"https:\/\/camping-lariviere.com\/wp-content\/uploads\/2020\/10\/villes-perche-gordes-1.jpg\" \/>\n\t<meta property=\"og:image:width\" content=\"1903\" \/>\n\t<meta property=\"og:image:height\" content=\"450\" \/>\n\t<meta property=\"og:image:type\" content=\"image\/jpeg\" \/>\n<meta name=\"twitter:card\" content=\"summary_large_image\" \/>\n<script type=\"application\/ld+json\" class=\"yoast-schema-graph\">{\"@context\":\"https:\/\/schema.org\",\"@graph\":[{\"@type\":\"WebPage\",\"@id\":\"https:\/\/camping-lariviere.com\/fr\/tourisme-villages-provencaux\/\",\"url\":\"https:\/\/camping-lariviere.com\/fr\/tourisme-villages-provencaux\/\",\"name\":\"Village proven\u00e7al \u00e0 visiter | Camping La Rivi\u00e8re\",\"isPartOf\":{\"@id\":\"https:\/\/camping-lariviere.com\/fr\/#website\"},\"primaryImageOfPage\":{\"@id\":\"https:\/\/camping-lariviere.com\/fr\/tourisme-villages-provencaux\/#primaryimage\"},\"image\":{\"@id\":\"https:\/\/camping-lariviere.com\/fr\/tourisme-villages-provencaux\/#primaryimage\"},\"thumbnailUrl\":\"https:\/\/camping-lariviere.com\/wp-content\/uploads\/2020\/10\/villes-perche-gordes-1.jpg\",\"datePublished\":\"2020-10-14T08:30:42+00:00\",\"dateModified\":\"2022-01-20T16:00:43+00:00\",\"description\":\"D\u00e9couvrez les nombreux villages proven\u00e7aux de caract\u00e8re proches du camping. Visitez les villages de Lurs, Dauphin, Mane ou encore Banon.\",\"breadcrumb\":{\"@id\":\"https:\/\/camping-lariviere.com\/fr\/tourisme-villages-provencaux\/#breadcrumb\"},\"inLanguage\":\"fr-FR\",\"potentialAction\":[{\"@type\":\"ReadAction\",\"target\":[\"https:\/\/camping-lariviere.com\/fr\/tourisme-villages-provencaux\/\"]}]},{\"@type\":\"ImageObject\",\"inLanguage\":\"fr-FR\",\"@id\":\"https:\/\/camping-lariviere.com\/fr\/tourisme-villages-provencaux\/#primaryimage\",\"url\":\"https:\/\/camping-lariviere.com\/wp-content\/uploads\/2020\/10\/villes-perche-gordes-1.jpg\",\"contentUrl\":\"https:\/\/camping-lariviere.com\/wp-content\/uploads\/2020\/10\/villes-perche-gordes-1.jpg\",\"width\":1903,\"height\":450,\"caption\":\"villes perche gordes\"},{\"@type\":\"BreadcrumbList\",\"@id\":\"https:\/\/camping-lariviere.com\/fr\/tourisme-villages-provencaux\/#breadcrumb\",\"itemListElement\":[{\"@type\":\"ListItem\",\"position\":1,\"name\":\"Camping Luberon\",\"item\":\"https:\/\/camping-lariviere.com\/fr\/\"},{\"@type\":\"ListItem\",\"position\":2,\"name\":\"D\u00e9couvrez les villages proven\u00e7aux\"}]},{\"@type\":\"WebSite\",\"@id\":\"https:\/\/camping-lariviere.com\/fr\/#website\",\"url\":\"https:\/\/camping-lariviere.com\/fr\/\",\"name\":\"Camping la Rivi\u00e8re\",\"description\":\"\",\"publisher\":{\"@id\":\"https:\/\/camping-lariviere.com\/fr\/#organization\"},\"potentialAction\":[{\"@type\":\"SearchAction\",\"target\":{\"@type\":\"EntryPoint\",\"urlTemplate\":\"https:\/\/camping-lariviere.com\/fr\/?s={search_term_string}\"},\"query-input\":{\"@type\":\"PropertyValueSpecification\",\"valueRequired\":true,\"valueName\":\"search_term_string\"}}],\"inLanguage\":\"fr-FR\"},{\"@type\":\"Organization\",\"@id\":\"https:\/\/camping-lariviere.com\/fr\/#organization\",\"name\":\"Camping La Rivi\u00e8re\",\"url\":\"https:\/\/camping-lariviere.com\/fr\/\",\"logo\":{\"@type\":\"ImageObject\",\"inLanguage\":\"fr-FR\",\"@id\":\"https:\/\/camping-lariviere.com\/fr\/#\/schema\/logo\/image\/\",\"url\":\"https:\/\/camping-lariviere.com\/wp-content\/uploads\/2020\/10\/camping-la-riviere-logo.png\",\"contentUrl\":\"https:\/\/camping-lariviere.com\/wp-content\/uploads\/2020\/10\/camping-la-riviere-logo.png\",\"width\":260,\"height\":210,\"caption\":\"Camping La Rivi\u00e8re\"},\"image\":{\"@id\":\"https:\/\/camping-lariviere.com\/fr\/#\/schema\/logo\/image\/\"}}]}<\/script>\n<!-- \/ Yoast SEO plugin. -->","yoast_head_json":{"title":"Village proven\u00e7al \u00e0 visiter | Camping La Rivi\u00e8re","description":"D\u00e9couvrez les nombreux villages proven\u00e7aux de caract\u00e8re proches du camping. Visitez les villages de Lurs, Dauphin, Mane ou encore Banon.","robots":{"index":"index","follow":"follow","max-snippet":"max-snippet:-1","max-image-preview":"max-image-preview:large","max-video-preview":"max-video-preview:-1"},"canonical":"https:\/\/camping-lariviere.com\/fr\/tourisme-villages-provencaux\/","og_locale":"fr_FR","og_type":"article","og_title":"Village proven\u00e7al \u00e0 visiter | Camping La Rivi\u00e8re","og_description":"D\u00e9couvrez les nombreux villages proven\u00e7aux de caract\u00e8re proches du camping. Visitez les villages de Lurs, Dauphin, Mane ou encore Banon.","og_url":"https:\/\/camping-lariviere.com\/fr\/tourisme-villages-provencaux\/","og_site_name":"Camping la Rivi\u00e8re","article_modified_time":"2022-01-20T16:00:43+00:00","og_image":[{"width":1903,"height":450,"url":"https:\/\/camping-lariviere.com\/wp-content\/uploads\/2020\/10\/villes-perche-gordes-1.jpg","type":"image\/jpeg"}],"twitter_card":"summary_large_image","schema":{"@context":"https:\/\/schema.org","@graph":[{"@type":"WebPage","@id":"https:\/\/camping-lariviere.com\/fr\/tourisme-villages-provencaux\/","url":"https:\/\/camping-lariviere.com\/fr\/tourisme-villages-provencaux\/","name":"Village proven\u00e7al \u00e0 visiter | Camping La Rivi\u00e8re","isPartOf":{"@id":"https:\/\/camping-lariviere.com\/fr\/#website"},"primaryImageOfPage":{"@id":"https:\/\/camping-lariviere.com\/fr\/tourisme-villages-provencaux\/#primaryimage"},"image":{"@id":"https:\/\/camping-lariviere.com\/fr\/tourisme-villages-provencaux\/#primaryimage"},"thumbnailUrl":"https:\/\/camping-lariviere.com\/wp-content\/uploads\/2020\/10\/villes-perche-gordes-1.jpg","datePublished":"2020-10-14T08:30:42+00:00","dateModified":"2022-01-20T16:00:43+00:00","description":"D\u00e9couvrez les nombreux villages proven\u00e7aux de caract\u00e8re proches du camping. Visitez les villages de Lurs, Dauphin, Mane ou encore Banon.","breadcrumb":{"@id":"https:\/\/camping-lariviere.com\/fr\/tourisme-villages-provencaux\/#breadcrumb"},"inLanguage":"fr-FR","potentialAction":[{"@type":"ReadAction","target":["https:\/\/camping-lariviere.com\/fr\/tourisme-villages-provencaux\/"]}]},{"@type":"ImageObject","inLanguage":"fr-FR","@id":"https:\/\/camping-lariviere.com\/fr\/tourisme-villages-provencaux\/#primaryimage","url":"https:\/\/camping-lariviere.com\/wp-content\/uploads\/2020\/10\/villes-perche-gordes-1.jpg","contentUrl":"https:\/\/camping-lariviere.com\/wp-content\/uploads\/2020\/10\/villes-perche-gordes-1.jpg","width":1903,"height":450,"caption":"villes perche gordes"},{"@type":"BreadcrumbList","@id":"https:\/\/camping-lariviere.com\/fr\/tourisme-villages-provencaux\/#breadcrumb","itemListElement":[{"@type":"ListItem","position":1,"name":"Camping Luberon","item":"https:\/\/camping-lariviere.com\/fr\/"},{"@type":"ListItem","position":2,"name":"D\u00e9couvrez les villages proven\u00e7aux"}]},{"@type":"WebSite","@id":"https:\/\/camping-lariviere.com\/fr\/#website","url":"https:\/\/camping-lariviere.com\/fr\/","name":"Camping la Rivi\u00e8re","description":"","publisher":{"@id":"https:\/\/camping-lariviere.com\/fr\/#organization"},"potentialAction":[{"@type":"SearchAction","target":{"@type":"EntryPoint","urlTemplate":"https:\/\/camping-lariviere.com\/fr\/?s={search_term_string}"},"query-input":{"@type":"PropertyValueSpecification","valueRequired":true,"valueName":"search_term_string"}}],"inLanguage":"fr-FR"},{"@type":"Organization","@id":"https:\/\/camping-lariviere.com\/fr\/#organization","name":"Camping La Rivi\u00e8re","url":"https:\/\/camping-lariviere.com\/fr\/","logo":{"@type":"ImageObject","inLanguage":"fr-FR","@id":"https:\/\/camping-lariviere.com\/fr\/#\/schema\/logo\/image\/","url":"https:\/\/camping-lariviere.com\/wp-content\/uploads\/2020\/10\/camping-la-riviere-logo.png","contentUrl":"https:\/\/camping-lariviere.com\/wp-content\/uploads\/2020\/10\/camping-la-riviere-logo.png","width":260,"height":210,"caption":"Camping La Rivi\u00e8re"},"image":{"@id":"https:\/\/camping-lariviere.com\/fr\/#\/schema\/logo\/image\/"}}]}},"_links":{"self":[{"href":"https:\/\/camping-lariviere.com\/fr\/wp-json\/wp\/v2\/pages\/280","targetHints":{"allow":["GET"]}}],"collection":[{"href":"https:\/\/camping-lariviere.com\/fr\/wp-json\/wp\/v2\/pages"}],"about":[{"href":"https:\/\/camping-lariviere.com\/fr\/wp-json\/wp\/v2\/types\/page"}],"author":[{"embeddable":true,"href":"https:\/\/camping-lariviere.com\/fr\/wp-json\/wp\/v2\/users\/1"}],"replies":[{"embeddable":true,"href":"https:\/\/camping-lariviere.com\/fr\/wp-json\/wp\/v2\/comments?post=280"}],"version-history":[{"count":32,"href":"https:\/\/camping-lariviere.com\/fr\/wp-json\/wp\/v2\/pages\/280\/revisions"}],"predecessor-version":[{"id":4104,"href":"https:\/\/camping-lariviere.com\/fr\/wp-json\/wp\/v2\/pages\/280\/revisions\/4104"}],"wp:featuredmedia":[{"embeddable":true,"href":"https:\/\/camping-lariviere.com\/fr\/wp-json\/wp\/v2\/media\/921"}],"wp:attachment":[{"href":"https:\/\/camping-lariviere.com\/fr\/wp-json\/wp\/v2\/media?parent=280"}],"curies":[{"name":"wp","href":"https:\/\/api.w.org\/{rel}","templated":true}]}}