{"id":2801,"date":"2021-04-16T15:17:21","date_gmt":"2021-04-16T13:17:21","guid":{"rendered":"https:\/\/camping-lariviere.com\/?page_id=2801"},"modified":"2022-01-24T12:21:37","modified_gmt":"2022-01-24T11:21:37","slug":"plan-site","status":"publish","type":"page","link":"https:\/\/camping-lariviere.com\/fr\/plan-site\/","title":{"rendered":"Plan du site"},"content":{"rendered":"<section id=\"section-60798e61c1c15\"\" class=\"section bg-white\" \/><div class=\"container\"><div class=\"element bloc-text justify \">\n\t<div id=\"wp-realtime-sitemap-pages\">\n<h3>Pages<\/h3>\n<ul>\n<li><a href=\"https:\/\/camping-lariviere.com\/fr\/\">Accueil<\/a><\/li>\n<li><a href=\"https:\/\/camping-lariviere.com\/fr\/camping-provence\/\">Activit\u00e9s \u00e0 proximit\u00e9<\/a><\/li>\n<li><a href=\"https:\/\/camping-lariviere.com\/fr\/visites-provence\/\">Alentours : Autres visites<\/a><\/li>\n<li><a href=\"https:\/\/camping-lariviere.com\/fr\/camping-forcalquier\/\">Alentours : Forcalquier<\/a><\/li>\n<li><a href=\"https:\/\/camping-lariviere.com\/fr\/camping-gorges-du-verdon\/\">Alentours : Gorges du Verdon<\/a><\/li>\n<li><a href=\"https:\/\/camping-lariviere.com\/fr\/vacances-paca\/\">Alentours : La r\u00e9gion<\/a><\/li>\n<li><a href=\"https:\/\/camping-lariviere.com\/fr\/camping-manosque\/\">Alentours : Manosque<\/a><\/li>\n<li><a href=\"https:\/\/camping-lariviere.com\/fr\/tourisme-villages-provencaux\/\">Alentours : Villages provencaux<\/a><\/li>\n<li><a href=\"https:\/\/camping-lariviere.com\/fr\/camping-familial-luberon\/\">Camping : Animation, Services et restaurant<\/a><\/li>\n<li><a href=\"https:\/\/camping-lariviere.com\/fr\/camping-bord-de-riviere-luberon\/\">Camping : Bord de riviere<\/a><\/li>\n<li><a href=\"https:\/\/camping-lariviere.com\/fr\/contact-acces\/\">Camping : Contact<\/a><\/li>\n<li><a href=\"https:\/\/camping-lariviere.com\/fr\/camping-piscine-luberon\/\">Camping : Piscine<\/a><\/li>\n<li><a href=\"https:\/\/camping-lariviere.com\/fr\/galerie-photo\/\">Galerie Photo<\/a><\/li>\n<li><a href=\"https:\/\/camping-lariviere.com\/fr\/location-emplacements-luberon\/\">H\u00e9bergements : Emplacements<\/a><\/li>\n<li><a href=\"https:\/\/camping-lariviere.com\/fr\/location-mobil-home-luberon\/\">H\u00e9bergements : Les Mobil Homes<\/a><\/li>\n<li><a href=\"https:\/\/camping-lariviere.com\/fr\/camping-pas-cher-luberon\/\">H\u00e9bergements : Tarifs et promotions<\/a><\/li>\n<li><a href=\"https:\/\/camping-lariviere.com\/fr\/les-avis\/\">Les avis<\/a><\/li>\n<li><a href=\"https:\/\/camping-lariviere.com\/fr\/mentions-legales\/\">Mentions L\u00e9gales<\/a><\/li>\n<li><a href=\"https:\/\/camping-lariviere.com\/fr\/plan-site\/\" aria-current=\"page\">Plan du site<\/a><\/li>\n<li><a href=\"https:\/\/camping-lariviere.com\/fr\/politique-de-confidentialite\/\">Politique de confidentialit\u00e9<\/a><\/li>\n<\/ul>\n<\/div>\n<\/div><\/div><\/section>","protected":false},"excerpt":{"rendered":"","protected":false},"author":1,"featured_media":0,"parent":0,"menu_order":0,"comment_status":"closed","ping_status":"closed","template":"","meta":{"_acf_changed":false,"footnotes":""},"class_list":["post-2801","page","type-page","status-publish","hentry"],"acf":[],"yoast_head":"<!-- This site is optimized with the Yoast SEO plugin v23.4 - https:\/\/yoast.com\/wordpress\/plugins\/seo\/ -->\n<title>Plan du site - Camping la Rivi\u00e8re<\/title>\n<meta name=\"robots\" content=\"noindex, nofollow\" \/>\n<meta property=\"og:locale\" content=\"fr_FR\" \/>\n<meta property=\"og:type\" content=\"article\" \/>\n<meta property=\"og:title\" content=\"Plan du site - Camping la Rivi\u00e8re\" \/>\n<meta property=\"og:url\" content=\"https:\/\/camping-lariviere.com\/fr\/plan-site\/\" \/>\n<meta property=\"og:site_name\" content=\"Camping la Rivi\u00e8re\" \/>\n<meta property=\"article:modified_time\" content=\"2022-01-24T11:21:37+00:00\" \/>\n<meta name=\"twitter:card\" content=\"summary_large_image\" \/>\n<script type=\"application\/ld+json\" class=\"yoast-schema-graph\">{\"@context\":\"https:\/\/schema.org\",\"@graph\":[{\"@type\":\"WebPage\",\"@id\":\"https:\/\/camping-lariviere.com\/fr\/plan-site\/\",\"url\":\"https:\/\/camping-lariviere.com\/fr\/plan-site\/\",\"name\":\"Plan du site - Camping la Rivi\u00e8re\",\"isPartOf\":{\"@id\":\"https:\/\/camping-lariviere.com\/fr\/#website\"},\"datePublished\":\"2021-04-16T13:17:21+00:00\",\"dateModified\":\"2022-01-24T11:21:37+00:00\",\"breadcrumb\":{\"@id\":\"https:\/\/camping-lariviere.com\/fr\/plan-site\/#breadcrumb\"},\"inLanguage\":\"fr-FR\",\"potentialAction\":[{\"@type\":\"ReadAction\",\"target\":[\"https:\/\/camping-lariviere.com\/fr\/plan-site\/\"]}]},{\"@type\":\"BreadcrumbList\",\"@id\":\"https:\/\/camping-lariviere.com\/fr\/plan-site\/#breadcrumb\",\"itemListElement\":[{\"@type\":\"ListItem\",\"position\":1,\"name\":\"Camping Luberon\",\"item\":\"https:\/\/camping-lariviere.com\/fr\/\"},{\"@type\":\"ListItem\",\"position\":2,\"name\":\"Plan du site\"}]},{\"@type\":\"WebSite\",\"@id\":\"https:\/\/camping-lariviere.com\/fr\/#website\",\"url\":\"https:\/\/camping-lariviere.com\/fr\/\",\"name\":\"Camping la Rivi\u00e8re\",\"description\":\"\",\"publisher\":{\"@id\":\"https:\/\/camping-lariviere.com\/fr\/#organization\"},\"potentialAction\":[{\"@type\":\"SearchAction\",\"target\":{\"@type\":\"EntryPoint\",\"urlTemplate\":\"https:\/\/camping-lariviere.com\/fr\/?s={search_term_string}\"},\"query-input\":{\"@type\":\"PropertyValueSpecification\",\"valueRequired\":true,\"valueName\":\"search_term_string\"}}],\"inLanguage\":\"fr-FR\"},{\"@type\":\"Organization\",\"@id\":\"https:\/\/camping-lariviere.com\/fr\/#organization\",\"name\":\"Camping La Rivi\u00e8re\",\"url\":\"https:\/\/camping-lariviere.com\/fr\/\",\"logo\":{\"@type\":\"ImageObject\",\"inLanguage\":\"fr-FR\",\"@id\":\"https:\/\/camping-lariviere.com\/fr\/#\/schema\/logo\/image\/\",\"url\":\"https:\/\/camping-lariviere.com\/wp-content\/uploads\/2020\/10\/camping-la-riviere-logo.png\",\"contentUrl\":\"https:\/\/camping-lariviere.com\/wp-content\/uploads\/2020\/10\/camping-la-riviere-logo.png\",\"width\":260,\"height\":210,\"caption\":\"Camping La Rivi\u00e8re\"},\"image\":{\"@id\":\"https:\/\/camping-lariviere.com\/fr\/#\/schema\/logo\/image\/\"}}]}<\/script>\n<!-- \/ Yoast SEO plugin. -->","yoast_head_json":{"title":"Plan du site - Camping la Rivi\u00e8re","robots":{"index":"noindex","follow":"nofollow"},"og_locale":"fr_FR","og_type":"article","og_title":"Plan du site - Camping la Rivi\u00e8re","og_url":"https:\/\/camping-lariviere.com\/fr\/plan-site\/","og_site_name":"Camping la Rivi\u00e8re","article_modified_time":"2022-01-24T11:21:37+00:00","twitter_card":"summary_large_image","schema":{"@context":"https:\/\/schema.org","@graph":[{"@type":"WebPage","@id":"https:\/\/camping-lariviere.com\/fr\/plan-site\/","url":"https:\/\/camping-lariviere.com\/fr\/plan-site\/","name":"Plan du site - Camping la Rivi\u00e8re","isPartOf":{"@id":"https:\/\/camping-lariviere.com\/fr\/#website"},"datePublished":"2021-04-16T13:17:21+00:00","dateModified":"2022-01-24T11:21:37+00:00","breadcrumb":{"@id":"https:\/\/camping-lariviere.com\/fr\/plan-site\/#breadcrumb"},"inLanguage":"fr-FR","potentialAction":[{"@type":"ReadAction","target":["https:\/\/camping-lariviere.com\/fr\/plan-site\/"]}]},{"@type":"BreadcrumbList","@id":"https:\/\/camping-lariviere.com\/fr\/plan-site\/#breadcrumb","itemListElement":[{"@type":"ListItem","position":1,"name":"Camping Luberon","item":"https:\/\/camping-lariviere.com\/fr\/"},{"@type":"ListItem","position":2,"name":"Plan du site"}]},{"@type":"WebSite","@id":"https:\/\/camping-lariviere.com\/fr\/#website","url":"https:\/\/camping-lariviere.com\/fr\/","name":"Camping la Rivi\u00e8re","description":"","publisher":{"@id":"https:\/\/camping-lariviere.com\/fr\/#organization"},"potentialAction":[{"@type":"SearchAction","target":{"@type":"EntryPoint","urlTemplate":"https:\/\/camping-lariviere.com\/fr\/?s={search_term_string}"},"query-input":{"@type":"PropertyValueSpecification","valueRequired":true,"valueName":"search_term_string"}}],"inLanguage":"fr-FR"},{"@type":"Organization","@id":"https:\/\/camping-lariviere.com\/fr\/#organization","name":"Camping La Rivi\u00e8re","url":"https:\/\/camping-lariviere.com\/fr\/","logo":{"@type":"ImageObject","inLanguage":"fr-FR","@id":"https:\/\/camping-lariviere.com\/fr\/#\/schema\/logo\/image\/","url":"https:\/\/camping-lariviere.com\/wp-content\/uploads\/2020\/10\/camping-la-riviere-logo.png","contentUrl":"https:\/\/camping-lariviere.com\/wp-content\/uploads\/2020\/10\/camping-la-riviere-logo.png","width":260,"height":210,"caption":"Camping La Rivi\u00e8re"},"image":{"@id":"https:\/\/camping-lariviere.com\/fr\/#\/schema\/logo\/image\/"}}]}},"_links":{"self":[{"href":"https:\/\/camping-lariviere.com\/fr\/wp-json\/wp\/v2\/pages\/2801","targetHints":{"allow":["GET"]}}],"collection":[{"href":"https:\/\/camping-lariviere.com\/fr\/wp-json\/wp\/v2\/pages"}],"about":[{"href":"https:\/\/camping-lariviere.com\/fr\/wp-json\/wp\/v2\/types\/page"}],"author":[{"embeddable":true,"href":"https:\/\/camping-lariviere.com\/fr\/wp-json\/wp\/v2\/users\/1"}],"replies":[{"embeddable":true,"href":"https:\/\/camping-lariviere.com\/fr\/wp-json\/wp\/v2\/comments?post=2801"}],"version-history":[{"count":16,"href":"https:\/\/camping-lariviere.com\/fr\/wp-json\/wp\/v2\/pages\/2801\/revisions"}],"predecessor-version":[{"id":4227,"href":"https:\/\/camping-lariviere.com\/fr\/wp-json\/wp\/v2\/pages\/2801\/revisions\/4227"}],"wp:attachment":[{"href":"https:\/\/camping-lariviere.com\/fr\/wp-json\/wp\/v2\/media?parent=2801"}],"curies":[{"name":"wp","href":"https:\/\/api.w.org\/{rel}","templated":true}]}}