{"id":284,"date":"2020-10-14T10:31:03","date_gmt":"2020-10-14T08:31:03","guid":{"rendered":"http:\/\/camping-lariviere.com\/?page_id=284"},"modified":"2022-01-20T13:54:57","modified_gmt":"2022-01-20T12:54:57","slug":"visites-provence","status":"publish","type":"page","link":"https:\/\/camping-lariviere.com\/fr\/visites-provence\/","title":{"rendered":"Alentours : Autres visites"},"content":{"rendered":"<section id=\"section-5f8ff6ff65384\"\" class=\"section bg-color2 p-b-0\" \/><div class=\"container extralarge\"><h1 class=\"element section-title center\">Visiter la Provence : Les lieux \u00e0 ne pas rater<\/h1><\/div><\/section>\n\n<section id=\"section-5f8ff6ff65789\"\" class=\"section bg-white p-t-0 p-b-0\" \/><div class=\"container full\"><div class=\"colonnes-wrap valign-middle \"><div class=\"element colonne w-20 p-0\"><div class=\"element images scroll-x-mobile\"><div class=\"image\"><img decoding=\"async\" src=\"https:\/\/camping-lariviere.com\/wp-content\/uploads\/2020\/10\/colorado-provencal-2-100x100.jpg\" data-src=\"https:\/\/camping-lariviere.com\/wp-content\/uploads\/2020\/10\/colorado-provencal-2.jpg\" alt=\"colorado provencal\" class=\"images_image\" \/><\/div><\/div><div class=\"element images scroll-x-mobile\"><div class=\"image\"><img decoding=\"async\" src=\"https:\/\/camping-lariviere.com\/wp-content\/uploads\/2020\/10\/sisteron-village-paysage-100x100.jpg\" data-src=\"https:\/\/camping-lariviere.com\/wp-content\/uploads\/2020\/10\/sisteron-village-paysage.jpg\" alt=\"sisteron village paysage\" class=\"images_image\" \/><\/div><\/div><\/div><div class=\"element colonne w-60 p-x-6\"><div class=\"element bloc-text center \">\n\t<p>Situ\u00e9 entre mer et montagnes, et entour\u00e9 de <strong class=\"bold color1\">paysages naturels<\/strong> de toute beaut\u00e9 le camping La Rivi\u00e8re b\u00e9n\u00e9ficie d\u2019un cadre exceptionnel et pr\u00e9serv\u00e9. Il se trouve \u00e9galement \u00e0 proximit\u00e9 de <strong class=\"bold color1\">sites remarquables<\/strong> du Luberon.  <\/p>\n<p>D\u00e9couvrez ceux pour lesquels nous avons un v\u00e9ritable coup de c\u0153ur : <\/p>\n<ul>\n<li>Le <a href=\"https:\/\/www.colorado-provencal.com\/\" target=\"_blank\" rel=\"noopener\">Colorado proven\u00e7al<\/a>, situ\u00e9 \u00e0 proximit\u00e9 du <strong class=\"bold color1\">village du Roussillon<\/strong>, constitue le plus grand <strong class=\"bold color1\">gisement d\u2019ocre<\/strong> de Provence avec plus de 20 teintes diff\u00e9rentes. On le d\u00e9couvre avec \u00e9merveillement en empruntant ses diff\u00e9rents <strong class=\"bold color1\">sentiers balis\u00e9s<\/strong> (un droit d\u2019entr\u00e9e vous sera demand\u00e9) tout en s\u2019imaginant au d\u00e9tour d\u2019un chemin voir d\u00e9barquer un indien \u00e0 cheval, tant le <strong class=\"bold color1\">d\u00e9paysement est total<\/strong>. Il s\u2019\u00e9tale sur plus de 30 hectares et propose, pour ceux qui le d\u00e9sirent, des tables de pique-nique ainsi qu\u2019un endroit pour se d\u00e9salt\u00e9rer.<\/li>\n<li>Les immenses <strong class=\"bold color1\">champs de lavande<\/strong> du plateau de Valensole laissent r\u00eaveur. Durant l\u2019\u00e9t\u00e9, on peut y d\u00e9couvrir la r\u00e9colte de la lavande, participer \u00e0 des ateliers th\u00e9matiques et festoyer \u00e0 la manifestation qui lui est d\u00e9di\u00e9e \u00e0 <strong class=\"bold color1\">Digne les Bains<\/strong>, troisi\u00e8me semaine d&rsquo;ao\u00fbt. Attention cependant si vous souhaitez voir la <strong class=\"bold color1\">lavande en fleur<\/strong> car celle-ci est r\u00e9colt\u00e9e fin de la premi\u00e8re quinzaine de juillet \u00e0 l\u2019occasion d&rsquo;une <strong class=\"bold color1\">grande f\u00eate \u00e0 Valensole<\/strong>. Au-del\u00e0 de cette date vous ne pourrez plus admirer la magnifique couleur caract\u00e9ristique de ces champs cultiv\u00e9s \u00e0 perte de vue.<\/li>\n<\/ul>\n<\/div><\/div><div class=\"element colonne w-20 p-0\"><div class=\"element images scroll-x-mobile\"><div class=\"image\"><img decoding=\"async\" src=\"https:\/\/camping-lariviere.com\/wp-content\/uploads\/2020\/10\/sisteron-village-1-100x100.jpg\" data-src=\"https:\/\/camping-lariviere.com\/wp-content\/uploads\/2020\/10\/sisteron-village-1.jpg\" alt=\"sisteron village\" class=\"images_image\" \/><\/div><\/div><div class=\"element images scroll-x-mobile\"><div class=\"image\"><img decoding=\"async\" src=\"https:\/\/camping-lariviere.com\/wp-content\/uploads\/2020\/10\/colorado-provencal-paysage-100x100.jpg\" data-src=\"https:\/\/camping-lariviere.com\/wp-content\/uploads\/2020\/10\/colorado-provencal-paysage.jpg\" alt=\"colorado provencal paysage\" class=\"images_image\" \/><\/div><\/div><\/div><\/div><\/div><\/section>\n\n<section id=\"section-5f8ff6ff65a6c\"\" class=\"section bg-white p-t-0 p-b-0\" \/><div class=\"container full\"><div class=\"colonnes-wrap valign-middle bg-color2\"><div class=\"element colonne p-0\"><div class=\"element images scroll-x-mobile\"><div class=\"image\"><img decoding=\"async\" src=\"https:\/\/camping-lariviere.com\/wp-content\/uploads\/2020\/10\/sisteron-village-eau-100x71.jpg\" data-src=\"https:\/\/camping-lariviere.com\/wp-content\/uploads\/2020\/10\/sisteron-village-eau.jpg\" alt=\"sisteron village eau\" class=\"images_image\" \/><\/div><\/div><\/div><div class=\"element colonne p-x-10\"><div class=\"element bloc-text justify \">\n\t<ul>\n<li>\u00c0 20 minutes du camping La Rivi\u00e8re, <strong class=\"bold color1\">\u201cLes M\u00e9es\u201d<\/strong> est \u00e9galement un <strong class=\"bold color1\">site incontournable<\/strong> le long de la Durance. Vous y d\u00e9couvrirez ses rochers qui ressemblent \u00e0 des g\u00e9ants fa\u00e7onn\u00e9s par Dame Nature. On les appelle ici <strong class=\"bold color1\">\u201cles P\u00e9nitents\u201d<\/strong> car ils \u00e9voquent un groupe de pr\u00eatres coiff\u00e9s de capuches pointues. D&rsquo;apr\u00e8s <strong class=\"bold color1\">la l\u00e9gende<\/strong>, ils repr\u00e9sentent des moines de la Montagne de Lure p\u00e9trifi\u00e9s pour s&rsquo;\u00eatre \u00e9pris de belles jeunes femmes mauresques qu&rsquo;un seigneur avait ramen\u00e9 d&rsquo;une croisade.<\/li>\n<li>Au bord de la Durance et \u00e0 seulement 30 minutes du <a href=\"\/fr\/\">camping dans le Luberon<\/a> se trouve <strong class=\"bold color1\">Sisteron<\/strong> ou \u201cla porte de Provence\u201d. Parmi ses multiples monuments, d\u00e9couvrez sa cath\u00e9drale du XII\u00e8me si\u00e8cle qui est face au <strong class=\"bold color1\">rocher de la Baume<\/strong>, sa citadelle avec sa vue \u00e0 couper le souffle et bien d\u2019autres.<br \/>\nProfitez \u00e9galement de la rivi\u00e8re <strong class=\"bold color1\">\u201cle Bu\u00ebch\u201d<\/strong> en contrebas pour vous rafra\u00eechir durant nos chaudes journ\u00e9es d\u2019\u00e9t\u00e9 \u00e0 l\u2019occasion de votre visite.<\/li>\n<\/ul>\n<\/div><\/div><\/div><\/div><\/section>\n\n<section id=\"section-5f8ff6ff65f07\"\" class=\"section bg-white\" \/><div class=\"container extralarge\"><div class=\"element section-title center title-cta\">D\u00e9couvrez les villages proven\u00e7aux<\/div><ul class=\"liste-de-page\"><li class=\"element call-to-action center title-cta call-to-action--style-1 call-to-action--big\"><a href=\"https:\/\/camping-lariviere.com\/fr\/camping-forcalquier\/\"  class=\"call-to-action_link\" title=\"En savoir plus sur camping forcalquier\"><div class=\"call-to-action_image\"><img decoding=\"async\" src=\"https:\/\/camping-lariviere.com\/wp-content\/uploads\/2020\/10\/citadelle-forcalquier-100x65.jpg\" data-src=\"https:\/\/camping-lariviere.com\/wp-content\/uploads\/2020\/10\/citadelle-forcalquier.jpg\" alt=\"citadelle forcalquier\" class=\"big\" \/><\/div><div class=\"call-to-action_contenu\"><div class=\"call-to-action_titre\">Camping Forcalquier<\/div><\/div><\/a><\/li><li class=\"element call-to-action center title-cta call-to-action--style-1 call-to-action--big call-to-action--style-1 call-to-action--big\"><a href=\"https:\/\/camping-lariviere.com\/fr\/tourisme-villages-provencaux\/\"  class=\"call-to-action_link\" title=\"En savoir plus sur villages proven\u00e7aux\"><div class=\"call-to-action_image\"><img decoding=\"async\" src=\"https:\/\/camping-lariviere.com\/wp-content\/uploads\/2020\/10\/village-de-provence-100x65.jpg\" data-src=\"https:\/\/camping-lariviere.com\/wp-content\/uploads\/2020\/10\/village-de-provence.jpg\" alt=\"village de provence\" class=\"big\" \/><\/div><div class=\"call-to-action_contenu\"><div class=\"call-to-action_titre\">Villages proven\u00e7aux<\/div><\/div><\/a><\/li><li class=\"element call-to-action center title-cta call-to-action--style-1 call-to-action--big call-to-action--style-1 call-to-action--big call-to-action--style-1 call-to-action--big\"><a href=\"https:\/\/camping-lariviere.com\/fr\/camping-gorges-du-verdon\/\"  class=\"call-to-action_link\" title=\"En savoir plus sur camping gorges du verdon\"><div class=\"call-to-action_image\"><img decoding=\"async\" src=\"https:\/\/camping-lariviere.com\/wp-content\/uploads\/2020\/10\/camping-la-riviere-cta-gorges-du-verdon-100x53.jpg\" data-src=\"https:\/\/camping-lariviere.com\/wp-content\/uploads\/2020\/10\/camping-la-riviere-cta-gorges-du-verdon.jpg\" alt=\"Camping Gorges du Verdon\" class=\"big\" \/><\/div><div class=\"call-to-action_contenu\"><div class=\"call-to-action_titre\">Camping Gorges du Verdon<\/div><\/div><\/a><\/li><\/ul><\/div><\/section>","protected":false},"excerpt":{"rendered":"","protected":false},"author":1,"featured_media":2079,"parent":0,"menu_order":0,"comment_status":"closed","ping_status":"closed","template":"","meta":{"_acf_changed":false,"footnotes":""},"class_list":["post-284","page","type-page","status-publish","has-post-thumbnail","hentry"],"acf":[],"yoast_head":"<!-- This site is optimized with the Yoast SEO plugin v23.4 - https:\/\/yoast.com\/wordpress\/plugins\/seo\/ -->\n<title>Visiter la Provence - Camping en Provence | Camping La Rivi\u00e8re<\/title>\n<meta name=\"description\" content=\"Profitez de l&#039;emplacement id\u00e9al du camping la Rivi\u00e8re au c\u0153ur de la Provence pour visiter les nombreux lieux touristiques de la r\u00e9gion.\" \/>\n<meta name=\"robots\" content=\"index, follow, max-snippet:-1, max-image-preview:large, max-video-preview:-1\" \/>\n<link rel=\"canonical\" href=\"https:\/\/camping-lariviere.com\/fr\/visites-provence\/\" \/>\n<meta property=\"og:locale\" content=\"fr_FR\" \/>\n<meta property=\"og:type\" content=\"article\" \/>\n<meta property=\"og:title\" content=\"Visiter la Provence - Camping en Provence | Camping La Rivi\u00e8re\" \/>\n<meta property=\"og:description\" content=\"Profitez de l&#039;emplacement id\u00e9al du camping la Rivi\u00e8re au c\u0153ur de la Provence pour visiter les nombreux lieux touristiques de la r\u00e9gion.\" \/>\n<meta property=\"og:url\" content=\"https:\/\/camping-lariviere.com\/fr\/visites-provence\/\" \/>\n<meta property=\"og:site_name\" content=\"Camping la Rivi\u00e8re\" \/>\n<meta property=\"article:modified_time\" content=\"2022-01-20T12:54:57+00:00\" \/>\n<meta property=\"og:image\" content=\"https:\/\/camping-lariviere.com\/wp-content\/uploads\/2020\/11\/visites-en-provence.jpg\" \/>\n\t<meta property=\"og:image:width\" content=\"1903\" \/>\n\t<meta property=\"og:image:height\" content=\"551\" \/>\n\t<meta property=\"og:image:type\" content=\"image\/jpeg\" \/>\n<meta name=\"twitter:card\" content=\"summary_large_image\" \/>\n<script type=\"application\/ld+json\" class=\"yoast-schema-graph\">{\"@context\":\"https:\/\/schema.org\",\"@graph\":[{\"@type\":\"WebPage\",\"@id\":\"https:\/\/camping-lariviere.com\/fr\/visites-provence\/\",\"url\":\"https:\/\/camping-lariviere.com\/fr\/visites-provence\/\",\"name\":\"Visiter la Provence - Camping en Provence | Camping La Rivi\u00e8re\",\"isPartOf\":{\"@id\":\"https:\/\/camping-lariviere.com\/fr\/#website\"},\"primaryImageOfPage\":{\"@id\":\"https:\/\/camping-lariviere.com\/fr\/visites-provence\/#primaryimage\"},\"image\":{\"@id\":\"https:\/\/camping-lariviere.com\/fr\/visites-provence\/#primaryimage\"},\"thumbnailUrl\":\"https:\/\/camping-lariviere.com\/wp-content\/uploads\/2020\/11\/visites-en-provence.jpg\",\"datePublished\":\"2020-10-14T08:31:03+00:00\",\"dateModified\":\"2022-01-20T12:54:57+00:00\",\"description\":\"Profitez de l'emplacement id\u00e9al du camping la Rivi\u00e8re au c\u0153ur de la Provence pour visiter les nombreux lieux touristiques de la r\u00e9gion.\",\"breadcrumb\":{\"@id\":\"https:\/\/camping-lariviere.com\/fr\/visites-provence\/#breadcrumb\"},\"inLanguage\":\"fr-FR\",\"potentialAction\":[{\"@type\":\"ReadAction\",\"target\":[\"https:\/\/camping-lariviere.com\/fr\/visites-provence\/\"]}]},{\"@type\":\"ImageObject\",\"inLanguage\":\"fr-FR\",\"@id\":\"https:\/\/camping-lariviere.com\/fr\/visites-provence\/#primaryimage\",\"url\":\"https:\/\/camping-lariviere.com\/wp-content\/uploads\/2020\/11\/visites-en-provence.jpg\",\"contentUrl\":\"https:\/\/camping-lariviere.com\/wp-content\/uploads\/2020\/11\/visites-en-provence.jpg\",\"width\":1903,\"height\":551,\"caption\":\"visites en provence\"},{\"@type\":\"BreadcrumbList\",\"@id\":\"https:\/\/camping-lariviere.com\/fr\/visites-provence\/#breadcrumb\",\"itemListElement\":[{\"@type\":\"ListItem\",\"position\":1,\"name\":\"Camping Luberon\",\"item\":\"https:\/\/camping-lariviere.com\/fr\/\"},{\"@type\":\"ListItem\",\"position\":2,\"name\":\"Les autres visites en Provence\"}]},{\"@type\":\"WebSite\",\"@id\":\"https:\/\/camping-lariviere.com\/fr\/#website\",\"url\":\"https:\/\/camping-lariviere.com\/fr\/\",\"name\":\"Camping la Rivi\u00e8re\",\"description\":\"\",\"publisher\":{\"@id\":\"https:\/\/camping-lariviere.com\/fr\/#organization\"},\"potentialAction\":[{\"@type\":\"SearchAction\",\"target\":{\"@type\":\"EntryPoint\",\"urlTemplate\":\"https:\/\/camping-lariviere.com\/fr\/?s={search_term_string}\"},\"query-input\":{\"@type\":\"PropertyValueSpecification\",\"valueRequired\":true,\"valueName\":\"search_term_string\"}}],\"inLanguage\":\"fr-FR\"},{\"@type\":\"Organization\",\"@id\":\"https:\/\/camping-lariviere.com\/fr\/#organization\",\"name\":\"Camping La Rivi\u00e8re\",\"url\":\"https:\/\/camping-lariviere.com\/fr\/\",\"logo\":{\"@type\":\"ImageObject\",\"inLanguage\":\"fr-FR\",\"@id\":\"https:\/\/camping-lariviere.com\/fr\/#\/schema\/logo\/image\/\",\"url\":\"https:\/\/camping-lariviere.com\/wp-content\/uploads\/2020\/10\/camping-la-riviere-logo.png\",\"contentUrl\":\"https:\/\/camping-lariviere.com\/wp-content\/uploads\/2020\/10\/camping-la-riviere-logo.png\",\"width\":260,\"height\":210,\"caption\":\"Camping La Rivi\u00e8re\"},\"image\":{\"@id\":\"https:\/\/camping-lariviere.com\/fr\/#\/schema\/logo\/image\/\"}}]}<\/script>\n<!-- \/ Yoast SEO plugin. -->","yoast_head_json":{"title":"Visiter la Provence - Camping en Provence | Camping La Rivi\u00e8re","description":"Profitez de l'emplacement id\u00e9al du camping la Rivi\u00e8re au c\u0153ur de la Provence pour visiter les nombreux lieux touristiques de la r\u00e9gion.","robots":{"index":"index","follow":"follow","max-snippet":"max-snippet:-1","max-image-preview":"max-image-preview:large","max-video-preview":"max-video-preview:-1"},"canonical":"https:\/\/camping-lariviere.com\/fr\/visites-provence\/","og_locale":"fr_FR","og_type":"article","og_title":"Visiter la Provence - Camping en Provence | Camping La Rivi\u00e8re","og_description":"Profitez de l'emplacement id\u00e9al du camping la Rivi\u00e8re au c\u0153ur de la Provence pour visiter les nombreux lieux touristiques de la r\u00e9gion.","og_url":"https:\/\/camping-lariviere.com\/fr\/visites-provence\/","og_site_name":"Camping la Rivi\u00e8re","article_modified_time":"2022-01-20T12:54:57+00:00","og_image":[{"width":1903,"height":551,"url":"https:\/\/camping-lariviere.com\/wp-content\/uploads\/2020\/11\/visites-en-provence.jpg","type":"image\/jpeg"}],"twitter_card":"summary_large_image","schema":{"@context":"https:\/\/schema.org","@graph":[{"@type":"WebPage","@id":"https:\/\/camping-lariviere.com\/fr\/visites-provence\/","url":"https:\/\/camping-lariviere.com\/fr\/visites-provence\/","name":"Visiter la Provence - Camping en Provence | Camping La Rivi\u00e8re","isPartOf":{"@id":"https:\/\/camping-lariviere.com\/fr\/#website"},"primaryImageOfPage":{"@id":"https:\/\/camping-lariviere.com\/fr\/visites-provence\/#primaryimage"},"image":{"@id":"https:\/\/camping-lariviere.com\/fr\/visites-provence\/#primaryimage"},"thumbnailUrl":"https:\/\/camping-lariviere.com\/wp-content\/uploads\/2020\/11\/visites-en-provence.jpg","datePublished":"2020-10-14T08:31:03+00:00","dateModified":"2022-01-20T12:54:57+00:00","description":"Profitez de l'emplacement id\u00e9al du camping la Rivi\u00e8re au c\u0153ur de la Provence pour visiter les nombreux lieux touristiques de la r\u00e9gion.","breadcrumb":{"@id":"https:\/\/camping-lariviere.com\/fr\/visites-provence\/#breadcrumb"},"inLanguage":"fr-FR","potentialAction":[{"@type":"ReadAction","target":["https:\/\/camping-lariviere.com\/fr\/visites-provence\/"]}]},{"@type":"ImageObject","inLanguage":"fr-FR","@id":"https:\/\/camping-lariviere.com\/fr\/visites-provence\/#primaryimage","url":"https:\/\/camping-lariviere.com\/wp-content\/uploads\/2020\/11\/visites-en-provence.jpg","contentUrl":"https:\/\/camping-lariviere.com\/wp-content\/uploads\/2020\/11\/visites-en-provence.jpg","width":1903,"height":551,"caption":"visites en provence"},{"@type":"BreadcrumbList","@id":"https:\/\/camping-lariviere.com\/fr\/visites-provence\/#breadcrumb","itemListElement":[{"@type":"ListItem","position":1,"name":"Camping Luberon","item":"https:\/\/camping-lariviere.com\/fr\/"},{"@type":"ListItem","position":2,"name":"Les autres visites en Provence"}]},{"@type":"WebSite","@id":"https:\/\/camping-lariviere.com\/fr\/#website","url":"https:\/\/camping-lariviere.com\/fr\/","name":"Camping la Rivi\u00e8re","description":"","publisher":{"@id":"https:\/\/camping-lariviere.com\/fr\/#organization"},"potentialAction":[{"@type":"SearchAction","target":{"@type":"EntryPoint","urlTemplate":"https:\/\/camping-lariviere.com\/fr\/?s={search_term_string}"},"query-input":{"@type":"PropertyValueSpecification","valueRequired":true,"valueName":"search_term_string"}}],"inLanguage":"fr-FR"},{"@type":"Organization","@id":"https:\/\/camping-lariviere.com\/fr\/#organization","name":"Camping La Rivi\u00e8re","url":"https:\/\/camping-lariviere.com\/fr\/","logo":{"@type":"ImageObject","inLanguage":"fr-FR","@id":"https:\/\/camping-lariviere.com\/fr\/#\/schema\/logo\/image\/","url":"https:\/\/camping-lariviere.com\/wp-content\/uploads\/2020\/10\/camping-la-riviere-logo.png","contentUrl":"https:\/\/camping-lariviere.com\/wp-content\/uploads\/2020\/10\/camping-la-riviere-logo.png","width":260,"height":210,"caption":"Camping La Rivi\u00e8re"},"image":{"@id":"https:\/\/camping-lariviere.com\/fr\/#\/schema\/logo\/image\/"}}]}},"_links":{"self":[{"href":"https:\/\/camping-lariviere.com\/fr\/wp-json\/wp\/v2\/pages\/284","targetHints":{"allow":["GET"]}}],"collection":[{"href":"https:\/\/camping-lariviere.com\/fr\/wp-json\/wp\/v2\/pages"}],"about":[{"href":"https:\/\/camping-lariviere.com\/fr\/wp-json\/wp\/v2\/types\/page"}],"author":[{"embeddable":true,"href":"https:\/\/camping-lariviere.com\/fr\/wp-json\/wp\/v2\/users\/1"}],"replies":[{"embeddable":true,"href":"https:\/\/camping-lariviere.com\/fr\/wp-json\/wp\/v2\/comments?post=284"}],"version-history":[{"count":13,"href":"https:\/\/camping-lariviere.com\/fr\/wp-json\/wp\/v2\/pages\/284\/revisions"}],"predecessor-version":[{"id":5791,"href":"https:\/\/camping-lariviere.com\/fr\/wp-json\/wp\/v2\/pages\/284\/revisions\/5791"}],"wp:featuredmedia":[{"embeddable":true,"href":"https:\/\/camping-lariviere.com\/fr\/wp-json\/wp\/v2\/media\/2079"}],"wp:attachment":[{"href":"https:\/\/camping-lariviere.com\/fr\/wp-json\/wp\/v2\/media?parent=284"}],"curies":[{"name":"wp","href":"https:\/\/api.w.org\/{rel}","templated":true}]}}