{"id":287,"date":"2020-10-14T10:31:18","date_gmt":"2020-10-14T08:31:18","guid":{"rendered":"http:\/\/camping-lariviere.com\/?page_id=287"},"modified":"2022-01-20T14:05:16","modified_gmt":"2022-01-20T13:05:16","slug":"contact-acces","status":"publish","type":"page","link":"https:\/\/camping-lariviere.com\/fr\/contact-acces\/","title":{"rendered":"Camping : Contact"},"content":{"rendered":"<section id=\"section-5f9bd311c36f9\"\" class=\"section bg-white\" \/><div class=\"container\"><h1 class=\"element section-title center\">Contact et acc\u00e8s<\/h1><\/div><\/section>\n\n<section id=\"section-5f9bd311c3995\"\" class=\"section bg-white\" \/><div class=\"container extralarge\"><div class=\"colonnes-wrap valign-middle \"><div class=\"element colonne \"><h2 class=\"element section-title justify\">Contactez-nous<\/h2><div class=\"element bloc-text justify \">\n\t<p>Nous vous remercions pour votre visite sur notre site, ainsi que de l\u2019attention que vous avez accord\u00e9 au camping Flower La Rivi\u00e8re.<\/p>\n<p>Pour toute <strong class=\"bold color1\">question<\/strong> ou <strong class=\"bold color1\">demande sp\u00e9cifique<\/strong>, n\u2019h\u00e9sitez pas \u00e0 nous contacter, notre \u00e9quipe se tient chaque jour \u00e0 votre disposition et se fera un plaisir de vous renseigner.<br \/>\nSi vous souhaitez obtenir la documentation de notre camping ou de plus amples informations sur nos prestations, le formulaire ci-contre est \u00e0 votre disposition.<\/p>\n<p>Toute notre \u00e9quipe s\u2019efforcera de r\u00e9pondre dans les plus brefs d\u00e9lais.<br \/>\nNous vous souhaitons une agr\u00e9able journ\u00e9e. \u00c0 tr\u00e8s bient\u00f4t.<\/p>\n<\/div><\/div><div class=\"element colonne \"><div class=\"formulaire-de-contact\">\n<div class=\"wpcf7 no-js\" id=\"wpcf7-f5-o1\" lang=\"fr-FR\" dir=\"ltr\">\n<div class=\"screen-reader-response\"><p role=\"status\" aria-live=\"polite\" aria-atomic=\"true\"><\/p> <ul><\/ul><\/div>\n<form action=\"\/fr\/wp-json\/wp\/v2\/pages\/287#wpcf7-f5-o1\" method=\"post\" class=\"wpcf7-form init\" aria-label=\"Formulaire de contact\" novalidate=\"novalidate\" data-status=\"init\">\n<div style=\"display: none;\">\n<input type=\"hidden\" name=\"_wpcf7\" value=\"5\" \/>\n<input type=\"hidden\" name=\"_wpcf7_version\" value=\"5.9.8\" \/>\n<input type=\"hidden\" name=\"_wpcf7_locale\" value=\"fr_FR\" \/>\n<input type=\"hidden\" name=\"_wpcf7_unit_tag\" value=\"wpcf7-f5-o1\" \/>\n<input type=\"hidden\" name=\"_wpcf7_container_post\" value=\"0\" \/>\n<input type=\"hidden\" name=\"_wpcf7_posted_data_hash\" value=\"\" \/>\n<input type=\"hidden\" name=\"_wpcf7_recaptcha_response\" value=\"\" \/>\n<\/div>\n<p>Nom : <span class=\"wpcf7-form-control-wrap\" data-name=\"your-name\"><input size=\"40\" maxlength=\"400\" class=\"wpcf7-form-control wpcf7-text wpcf7-validates-as-required\" aria-required=\"true\" aria-invalid=\"false\" placeholder=\"Entrez votre nom*\" value=\"\" type=\"text\" name=\"your-name\" \/><\/span><br \/>\nE-mail : <span class=\"wpcf7-form-control-wrap\" data-name=\"your-email\"><input size=\"40\" maxlength=\"400\" class=\"wpcf7-form-control wpcf7-email wpcf7-validates-as-required wpcf7-text wpcf7-validates-as-email\" aria-required=\"true\" aria-invalid=\"false\" placeholder=\"Entrez votre adresse e-mail*\" value=\"\" type=\"email\" name=\"your-email\" \/><\/span><br \/>\nSujet : <span class=\"wpcf7-form-control-wrap\" data-name=\"your-subject\"><input size=\"40\" maxlength=\"400\" class=\"wpcf7-form-control wpcf7-text\" aria-invalid=\"false\" placeholder=\"Entrez le sujet du message\" value=\"\" type=\"text\" name=\"your-subject\" \/><\/span><br \/>\nMessage : <span class=\"wpcf7-form-control-wrap\" data-name=\"your-message\"><textarea cols=\"40\" rows=\"10\" maxlength=\"2000\" class=\"wpcf7-form-control wpcf7-textarea\" aria-invalid=\"false\" placeholder=\"Entrez votre message\" name=\"your-message\"><\/textarea><\/span><span class=\"wpcf7-form-control-wrap\" data-name=\"acceptance-553\"><span class=\"wpcf7-form-control wpcf7-acceptance\"><span class=\"wpcf7-list-item\"><label><input type=\"checkbox\" name=\"acceptance-553\" value=\"1\" aria-invalid=\"false\" \/><span class=\"wpcf7-list-item-label\">En cochant cette case, j\u2019accepte la <a href=\"\/fr\/politique-de-confidentialite\/\" rel=\"noopener\" target=\"_blank\">Politique de confidentialit\u00e9<\/a> de ce site.<\/span><\/label><\/span><\/span><\/span><input class=\"wpcf7-form-control wpcf7-submit has-spinner\" type=\"submit\" value=\"Envoyer\" \/>\n<\/p><div class=\"wpcf7-response-output\" aria-hidden=\"true\"><\/div>\n<\/form>\n<\/div>\n<\/div><\/div><\/div><\/div><\/section>\n\n<section id=\"section-5f9bd311c3cb6\"\" class=\"section bg-white p-t-0 p-b-0\" \/><div class=\"container full\"><div class=\"colonnes-wrap valign-middle \"><div class=\"element colonne \"><div class=\"carte\" data-src=\"https:\/\/www.google.com\/maps\/embed?pb=!1m18!1m12!1m3!1d1709.461699790735!2d5.806133360815516!3d43.89808624780407!2m3!1f0!2f0!3f0!3m2!1i1024!2i768!4f13.1!3m3!1m2!1s0x12cbcbdb0ab6f037%3A0x3e9cc0b311b88981!2sFlower%20Camping%20La%20Rivi%C3%A8re!5e0!3m2!1sfr!2sfr!4v1604045537875!5m2!1sfr!2sf\"><\/div><\/div><div class=\"element colonne \"><h2 class=\"element section-title left\">Acc\u00e8s<\/h2><div class=\"element bloc-text justify \">\n\t<p><a href=\"\/fr\/\">Dans le Luberon, le camping La Rivi\u00e8re<\/a> est situ\u00e9 au sud des Alpes-de-Haute-Provence sur la commune de Saint-Maime (04300) au coeur des Alpes-de-Haute-Provence :<\/p>\n<p><strong class=\"bold color1\">Nos coordonn\u00e9es GPS :<\/strong> 43\u00b053\u201960 \u00bbN-5\u00b047\u201960 \u00bbE43.-5.8<\/p>\n<p><strong class=\"bold color1\">Notre adresse :<\/strong> Lieu dit \u201cLes C\u00f4te\u201d 04300 SAINT-MAIME \u2013 FRANCE<\/p>\n<p><strong class=\"bold color1\">Mail :<\/strong> contact@camping-lariviere.com<\/p>\n<p><strong class=\"bold color1\">T\u00e9l\u00e9phone :<\/strong> +33 (0)4.92.79.54.66<\/p>\n<ul>\n<li><strong class=\"bold color1\">Arriv\u00e9e par Manosque :<\/strong> Traverser Volx et \u00e0 la sortie, prendre la D13 \u00e0 gauche, en direction de Forcalquier (5 km) , le camping se situe \u00e0 300m sur la droite apr\u00e8s le village de Bois d\u2019Asson 200 m apr\u00e8s le pont dans la virage.<\/li>\n<li><strong class=\"bold color1\">Arriv\u00e9e par Avignon :<\/strong> \u00c0 l\u2019entr\u00e9e de Mane,prendre la 1\u00e8re \u00e0 droite en direction de Saint-Maime (5 km), rester sur la D13, traverser Saint-Maime, le camping se situe est sur la gauche juste apr\u00e8s le pont dans le virage 2 km apr\u00e8s le centre du village.<\/li>\n<\/ul>\n<\/div><\/div><\/div><\/div><\/section>\n\n<section id=\"section-5f9bdb550e12b\"\" class=\"section bg-white\" \/><div class=\"container extralarge\"><div class=\"element section-title center title-cta\">D\u00e9couvrez nos h\u00e9bergements et emplacements<\/div><ul class=\"liste-de-page\"><li class=\"element call-to-action center title-cta call-to-action--style-1 call-to-action--big\"><a href=\"https:\/\/camping-lariviere.com\/fr\/location-mobil-home-luberon\/\"  class=\"call-to-action_link\" title=\"En savoir plus sur nos mobil homes\"><div class=\"call-to-action_image\"><img decoding=\"async\" src=\"https:\/\/camping-lariviere.com\/wp-content\/uploads\/2020\/10\/location-camping-mobil-home-100x65.jpg\" data-src=\"https:\/\/camping-lariviere.com\/wp-content\/uploads\/2020\/10\/location-camping-mobil-home.jpg\" alt=\"location camping mobil home\" class=\"big\" \/><\/div><div class=\"call-to-action_contenu\"><div class=\"call-to-action_titre\">Nos mobil homes<\/div><\/div><\/a><\/li><li class=\"element call-to-action center title-cta call-to-action--style-1 call-to-action--big call-to-action--style-1 call-to-action--big\"><a href=\"https:\/\/camping-lariviere.com\/fr\/location-emplacements-luberon\/\"  class=\"call-to-action_link\" title=\"En savoir plus sur nos emplacements\"><div class=\"call-to-action_image\"><img decoding=\"async\" src=\"https:\/\/camping-lariviere.com\/wp-content\/uploads\/2020\/10\/forfait-confort-camping-car-2-100x65.jpg\" data-src=\"https:\/\/camping-lariviere.com\/wp-content\/uploads\/2020\/10\/forfait-confort-camping-car-2.jpg\" alt=\"forfait confort camping car\" class=\"big\" \/><\/div><div class=\"call-to-action_contenu\"><div class=\"call-to-action_titre\">Nos emplacements<\/div><\/div><\/a><\/li><li class=\"element call-to-action center title-cta call-to-action--style-1 call-to-action--big call-to-action--style-1 call-to-action--big call-to-action--style-1 call-to-action--big\"><a href=\"https:\/\/camping-lariviere.com\/fr\/camping-pas-cher-luberon\/\"  class=\"call-to-action_link\" title=\"En savoir plus sur nos tarifs\"><div class=\"call-to-action_image\"><img decoding=\"async\" src=\"https:\/\/camping-lariviere.com\/wp-content\/uploads\/2020\/10\/camping-la-riviere-cta-tarifs-89x100.jpg\" data-src=\"https:\/\/camping-lariviere.com\/wp-content\/uploads\/2020\/10\/camping-la-riviere-cta-tarifs.jpg\" alt=\"tarifs camping la rivi\u00e8re\" class=\"big\" \/><\/div><div class=\"call-to-action_contenu\"><div class=\"call-to-action_titre\">Nos tarifs<\/div><\/div><\/a><\/li><\/ul><\/div><\/section>","protected":false},"excerpt":{"rendered":"","protected":false},"author":1,"featured_media":1438,"parent":0,"menu_order":0,"comment_status":"closed","ping_status":"closed","template":"","meta":{"_acf_changed":false,"footnotes":""},"class_list":["post-287","page","type-page","status-publish","has-post-thumbnail","hentry"],"acf":[],"yoast_head":"<!-- This site is optimized with the Yoast SEO plugin v23.4 - https:\/\/yoast.com\/wordpress\/plugins\/seo\/ -->\n<title>Contact et acc\u00e8s | Comment venir au camping dans le Luberon ?<\/title>\n<meta name=\"description\" content=\"Nous vous remercions pour votre visite sur notre site, ainsi que de l\u2019attention que vous avez accord\u00e9 au camping Flower La Rivi\u00e8re.\" \/>\n<meta name=\"robots\" content=\"index, follow, max-snippet:-1, max-image-preview:large, max-video-preview:-1\" \/>\n<link rel=\"canonical\" href=\"https:\/\/camping-lariviere.com\/fr\/contact-acces\/\" \/>\n<meta property=\"og:locale\" content=\"fr_FR\" \/>\n<meta property=\"og:type\" content=\"article\" \/>\n<meta property=\"og:title\" content=\"Contact et acc\u00e8s | Comment venir au camping dans le Luberon ?\" \/>\n<meta property=\"og:description\" content=\"Nous vous remercions pour votre visite sur notre site, ainsi que de l\u2019attention que vous avez accord\u00e9 au camping Flower La Rivi\u00e8re.\" \/>\n<meta property=\"og:url\" content=\"https:\/\/camping-lariviere.com\/fr\/contact-acces\/\" \/>\n<meta property=\"og:site_name\" content=\"Camping la Rivi\u00e8re\" \/>\n<meta property=\"article:modified_time\" content=\"2022-01-20T13:05:16+00:00\" \/>\n<meta property=\"og:image\" content=\"https:\/\/camping-lariviere.com\/wp-content\/uploads\/2020\/10\/amis-camping-Copie.jpg\" \/>\n\t<meta property=\"og:image:width\" content=\"1903\" \/>\n\t<meta property=\"og:image:height\" content=\"450\" \/>\n\t<meta property=\"og:image:type\" content=\"image\/jpeg\" \/>\n<meta name=\"twitter:card\" content=\"summary_large_image\" \/>\n<script type=\"application\/ld+json\" class=\"yoast-schema-graph\">{\"@context\":\"https:\/\/schema.org\",\"@graph\":[{\"@type\":\"WebPage\",\"@id\":\"https:\/\/camping-lariviere.com\/fr\/contact-acces\/\",\"url\":\"https:\/\/camping-lariviere.com\/fr\/contact-acces\/\",\"name\":\"Contact et acc\u00e8s | Comment venir au camping dans le Luberon ?\",\"isPartOf\":{\"@id\":\"https:\/\/camping-lariviere.com\/fr\/#website\"},\"primaryImageOfPage\":{\"@id\":\"https:\/\/camping-lariviere.com\/fr\/contact-acces\/#primaryimage\"},\"image\":{\"@id\":\"https:\/\/camping-lariviere.com\/fr\/contact-acces\/#primaryimage\"},\"thumbnailUrl\":\"https:\/\/camping-lariviere.com\/wp-content\/uploads\/2020\/10\/amis-camping-Copie.jpg\",\"datePublished\":\"2020-10-14T08:31:18+00:00\",\"dateModified\":\"2022-01-20T13:05:16+00:00\",\"description\":\"Nous vous remercions pour votre visite sur notre site, ainsi que de l\u2019attention que vous avez accord\u00e9 au camping Flower La Rivi\u00e8re.\",\"breadcrumb\":{\"@id\":\"https:\/\/camping-lariviere.com\/fr\/contact-acces\/#breadcrumb\"},\"inLanguage\":\"fr-FR\",\"potentialAction\":[{\"@type\":\"ReadAction\",\"target\":[\"https:\/\/camping-lariviere.com\/fr\/contact-acces\/\"]}]},{\"@type\":\"ImageObject\",\"inLanguage\":\"fr-FR\",\"@id\":\"https:\/\/camping-lariviere.com\/fr\/contact-acces\/#primaryimage\",\"url\":\"https:\/\/camping-lariviere.com\/wp-content\/uploads\/2020\/10\/amis-camping-Copie.jpg\",\"contentUrl\":\"https:\/\/camping-lariviere.com\/wp-content\/uploads\/2020\/10\/amis-camping-Copie.jpg\",\"width\":1903,\"height\":450,\"caption\":\"amis camping\"},{\"@type\":\"BreadcrumbList\",\"@id\":\"https:\/\/camping-lariviere.com\/fr\/contact-acces\/#breadcrumb\",\"itemListElement\":[{\"@type\":\"ListItem\",\"position\":1,\"name\":\"Camping Luberon\",\"item\":\"https:\/\/camping-lariviere.com\/fr\/\"},{\"@type\":\"ListItem\",\"position\":2,\"name\":\"Contacter le camping\"}]},{\"@type\":\"WebSite\",\"@id\":\"https:\/\/camping-lariviere.com\/fr\/#website\",\"url\":\"https:\/\/camping-lariviere.com\/fr\/\",\"name\":\"Camping la Rivi\u00e8re\",\"description\":\"\",\"publisher\":{\"@id\":\"https:\/\/camping-lariviere.com\/fr\/#organization\"},\"potentialAction\":[{\"@type\":\"SearchAction\",\"target\":{\"@type\":\"EntryPoint\",\"urlTemplate\":\"https:\/\/camping-lariviere.com\/fr\/?s={search_term_string}\"},\"query-input\":{\"@type\":\"PropertyValueSpecification\",\"valueRequired\":true,\"valueName\":\"search_term_string\"}}],\"inLanguage\":\"fr-FR\"},{\"@type\":\"Organization\",\"@id\":\"https:\/\/camping-lariviere.com\/fr\/#organization\",\"name\":\"Camping La Rivi\u00e8re\",\"url\":\"https:\/\/camping-lariviere.com\/fr\/\",\"logo\":{\"@type\":\"ImageObject\",\"inLanguage\":\"fr-FR\",\"@id\":\"https:\/\/camping-lariviere.com\/fr\/#\/schema\/logo\/image\/\",\"url\":\"https:\/\/camping-lariviere.com\/wp-content\/uploads\/2020\/10\/camping-la-riviere-logo.png\",\"contentUrl\":\"https:\/\/camping-lariviere.com\/wp-content\/uploads\/2020\/10\/camping-la-riviere-logo.png\",\"width\":260,\"height\":210,\"caption\":\"Camping La Rivi\u00e8re\"},\"image\":{\"@id\":\"https:\/\/camping-lariviere.com\/fr\/#\/schema\/logo\/image\/\"}}]}<\/script>\n<!-- \/ Yoast SEO plugin. -->","yoast_head_json":{"title":"Contact et acc\u00e8s | Comment venir au camping dans le Luberon ?","description":"Nous vous remercions pour votre visite sur notre site, ainsi que de l\u2019attention que vous avez accord\u00e9 au camping Flower La Rivi\u00e8re.","robots":{"index":"index","follow":"follow","max-snippet":"max-snippet:-1","max-image-preview":"max-image-preview:large","max-video-preview":"max-video-preview:-1"},"canonical":"https:\/\/camping-lariviere.com\/fr\/contact-acces\/","og_locale":"fr_FR","og_type":"article","og_title":"Contact et acc\u00e8s | Comment venir au camping dans le Luberon ?","og_description":"Nous vous remercions pour votre visite sur notre site, ainsi que de l\u2019attention que vous avez accord\u00e9 au camping Flower La Rivi\u00e8re.","og_url":"https:\/\/camping-lariviere.com\/fr\/contact-acces\/","og_site_name":"Camping la Rivi\u00e8re","article_modified_time":"2022-01-20T13:05:16+00:00","og_image":[{"width":1903,"height":450,"url":"https:\/\/camping-lariviere.com\/wp-content\/uploads\/2020\/10\/amis-camping-Copie.jpg","type":"image\/jpeg"}],"twitter_card":"summary_large_image","schema":{"@context":"https:\/\/schema.org","@graph":[{"@type":"WebPage","@id":"https:\/\/camping-lariviere.com\/fr\/contact-acces\/","url":"https:\/\/camping-lariviere.com\/fr\/contact-acces\/","name":"Contact et acc\u00e8s | Comment venir au camping dans le Luberon ?","isPartOf":{"@id":"https:\/\/camping-lariviere.com\/fr\/#website"},"primaryImageOfPage":{"@id":"https:\/\/camping-lariviere.com\/fr\/contact-acces\/#primaryimage"},"image":{"@id":"https:\/\/camping-lariviere.com\/fr\/contact-acces\/#primaryimage"},"thumbnailUrl":"https:\/\/camping-lariviere.com\/wp-content\/uploads\/2020\/10\/amis-camping-Copie.jpg","datePublished":"2020-10-14T08:31:18+00:00","dateModified":"2022-01-20T13:05:16+00:00","description":"Nous vous remercions pour votre visite sur notre site, ainsi que de l\u2019attention que vous avez accord\u00e9 au camping Flower La Rivi\u00e8re.","breadcrumb":{"@id":"https:\/\/camping-lariviere.com\/fr\/contact-acces\/#breadcrumb"},"inLanguage":"fr-FR","potentialAction":[{"@type":"ReadAction","target":["https:\/\/camping-lariviere.com\/fr\/contact-acces\/"]}]},{"@type":"ImageObject","inLanguage":"fr-FR","@id":"https:\/\/camping-lariviere.com\/fr\/contact-acces\/#primaryimage","url":"https:\/\/camping-lariviere.com\/wp-content\/uploads\/2020\/10\/amis-camping-Copie.jpg","contentUrl":"https:\/\/camping-lariviere.com\/wp-content\/uploads\/2020\/10\/amis-camping-Copie.jpg","width":1903,"height":450,"caption":"amis camping"},{"@type":"BreadcrumbList","@id":"https:\/\/camping-lariviere.com\/fr\/contact-acces\/#breadcrumb","itemListElement":[{"@type":"ListItem","position":1,"name":"Camping Luberon","item":"https:\/\/camping-lariviere.com\/fr\/"},{"@type":"ListItem","position":2,"name":"Contacter le camping"}]},{"@type":"WebSite","@id":"https:\/\/camping-lariviere.com\/fr\/#website","url":"https:\/\/camping-lariviere.com\/fr\/","name":"Camping la Rivi\u00e8re","description":"","publisher":{"@id":"https:\/\/camping-lariviere.com\/fr\/#organization"},"potentialAction":[{"@type":"SearchAction","target":{"@type":"EntryPoint","urlTemplate":"https:\/\/camping-lariviere.com\/fr\/?s={search_term_string}"},"query-input":{"@type":"PropertyValueSpecification","valueRequired":true,"valueName":"search_term_string"}}],"inLanguage":"fr-FR"},{"@type":"Organization","@id":"https:\/\/camping-lariviere.com\/fr\/#organization","name":"Camping La Rivi\u00e8re","url":"https:\/\/camping-lariviere.com\/fr\/","logo":{"@type":"ImageObject","inLanguage":"fr-FR","@id":"https:\/\/camping-lariviere.com\/fr\/#\/schema\/logo\/image\/","url":"https:\/\/camping-lariviere.com\/wp-content\/uploads\/2020\/10\/camping-la-riviere-logo.png","contentUrl":"https:\/\/camping-lariviere.com\/wp-content\/uploads\/2020\/10\/camping-la-riviere-logo.png","width":260,"height":210,"caption":"Camping La Rivi\u00e8re"},"image":{"@id":"https:\/\/camping-lariviere.com\/fr\/#\/schema\/logo\/image\/"}}]}},"_links":{"self":[{"href":"https:\/\/camping-lariviere.com\/fr\/wp-json\/wp\/v2\/pages\/287","targetHints":{"allow":["GET"]}}],"collection":[{"href":"https:\/\/camping-lariviere.com\/fr\/wp-json\/wp\/v2\/pages"}],"about":[{"href":"https:\/\/camping-lariviere.com\/fr\/wp-json\/wp\/v2\/types\/page"}],"author":[{"embeddable":true,"href":"https:\/\/camping-lariviere.com\/fr\/wp-json\/wp\/v2\/users\/1"}],"replies":[{"embeddable":true,"href":"https:\/\/camping-lariviere.com\/fr\/wp-json\/wp\/v2\/comments?post=287"}],"version-history":[{"count":12,"href":"https:\/\/camping-lariviere.com\/fr\/wp-json\/wp\/v2\/pages\/287\/revisions"}],"predecessor-version":[{"id":4054,"href":"https:\/\/camping-lariviere.com\/fr\/wp-json\/wp\/v2\/pages\/287\/revisions\/4054"}],"wp:featuredmedia":[{"embeddable":true,"href":"https:\/\/camping-lariviere.com\/fr\/wp-json\/wp\/v2\/media\/1438"}],"wp:attachment":[{"href":"https:\/\/camping-lariviere.com\/fr\/wp-json\/wp\/v2\/media?parent=287"}],"curies":[{"name":"wp","href":"https:\/\/api.w.org\/{rel}","templated":true}]}}