{"id":3401,"date":"2021-09-06T10:35:38","date_gmt":"2021-09-06T08:35:38","guid":{"rendered":"https:\/\/camping-lariviere.com\/?page_id=3401"},"modified":"2026-04-20T14:54:35","modified_gmt":"2026-04-20T12:54:35","slug":"tourisme-luberon","status":"publish","type":"page","link":"https:\/\/camping-lariviere.com\/fr\/tourisme-luberon\/","title":{"rendered":"Alentours: Luberon"},"content":{"rendered":"<section id=\"section-6135d51013f3a\"\" class=\"section bg-color2 p-b-0\" \/><div class=\"container extralarge\"><h1 class=\"element section-title center\">Planifiez vos vacances dans le Luberon<\/h1><div class=\"element bloc-text justify \">\n\t<p style=\"text-align: center;\">Vos prochaines vacances arrivent \u00e0 grands pas et vous cherchez un cadre original o\u00f9 passer votre s\u00e9jour\u2009? <strong class=\"bold color1\">Le Camping La Rivi\u00e8re<\/strong> vous propose un emplacement r\u00eav\u00e9 <a href=\"\/fr\/camping-provence\/\">au c\u0153ur de la Provence<\/a> pour des d\u00e9couvertes authentiques et des souvenirs inoubliables.<\/p>\n<\/div><\/div><\/section>\n\n<section id=\"section-6135d51014122\"\" class=\"section bg-white p-t-0 p-b-0\" \/><div class=\"container full\"><div class=\"colonnes-wrap valign-middle bg-color2\"><div class=\"element colonne p-0\"><div class=\"element images scroll-x-mobile\"><div class=\"image\"><img decoding=\"async\" src=\"https:\/\/camping-lariviere.com\/wp-content\/uploads\/2021\/09\/camping-la-riviere-alentour-parc-luberon-100x71.jpg\" data-src=\"https:\/\/camping-lariviere.com\/wp-content\/uploads\/2021\/09\/camping-la-riviere-alentour-parc-luberon.jpg\" alt=\"Balade autour du camping La Riviere au parc du Luberon\" class=\"images_image\" \/><\/div><\/div><\/div><div class=\"element colonne p-x-10\"><h2 class=\"element section-title left\">Vos vacances dans le parc naturel du Luberon<\/h2><div class=\"element bloc-text justify \">\n\t<p align=\"justify\">Vous cherchez un endroit singulier o\u00f9 passer votre prochain week-end de repos ou des vacances\u2009? Planifiez votre voyage dans <a href=\"\/fr\/\"><strong class=\"bold color1\">le Lub\u00e9ron avec le Camping La Rivi\u00e8re<\/strong><\/a> et partez avec votre moiti\u00e9, vos amis ou votre famille pour un s\u00e9jour original et d\u00e9paysant. Une belle occasion de renouer avec vos proches et de vous offrir un vrai moment de d\u00e9tente.<\/p>\n<p align=\"justify\">D\u00e9couvrez <strong class=\"bold color1\">le <a href=\"\/fr\/blog\/le-parc-naturel-du-luberon\/\">parc naturel du Lub\u00e9ron<\/a> <\/strong>gr\u00e2ce \u00e0 <a href=\"https:\/\/camping-lariviere.com\/fr\/carte-luberon\/\">notre carte du Lub\u00e9ron<\/a>\u00a0et ses panoramas uniques au monde. Au c\u0153ur de la Provence, <a href=\"\/fr\/blog\/randonnees-dans-le-luberon\/\">parcourez les paysages typiques<\/a> de la Provence et visitez des villages magnifiques. Profitez des march\u00e9s avoisinant le camping pour d\u00e9couvrir des artisans locaux et consommer des produits typiques de la r\u00e9gion, comme le <a href=\"https:\/\/www.ruchers-du-luberon.fr\/miel-de-chataignier-de-france-500g-c2x19846016\">miel de ch\u00e2taignier des Ruchers du Luberon<\/a>, r\u00e9colt\u00e9 au c\u0153ur du parc naturel.<\/p>\n<\/div><\/div><\/div><\/div><\/section>\n\n<section id=\"section-6135d510142ae\"\" class=\"section bg-white p-t-0 p-b-0\" \/><div class=\"container full\"><div class=\"colonnes-wrap valign-middle \"><div class=\"element colonne p-x-10\"><h2 class=\"element section-title left\">Votre location de vacances dans le Luberon<\/h2><div class=\"element bloc-text justify \">\n\t<p>Faites votre s\u00e9lection parmi les locations propos\u00e9es par <strong class=\"bold color1\">le Camping La Rivi\u00e8re<\/strong> et partez en immersion dans <strong class=\"bold color1\">le parc du Luberon<\/strong> pour une exp\u00e9rience hors du commun. Prenez le grand air et r\u00e9servez d\u00e8s maintenant votre emplacement de <a href=\"\/fr\/location-mobil-home-luberon\/\">location de mobil-home dans le Luberon<\/a>.<br \/>\nProfitez de moments de d\u00e9tente et de bien-\u00eatre \u00e0 <strong class=\"bold color1\">la piscine du camping<\/strong> et savourez le calme de votre emplacement pour lire votre dernier livre pr\u00e9f\u00e9r\u00e9 ou simplement go\u00fbter au beau soleil du sud de la France. Notre <a href=\"https:\/\/camping-lariviere.com\/fr\/camping-lacs-luberon\/\">camping est \u00e9galement proche de certains lacs du Luberon<\/a>. Accordez-vous de vrais instants de plaisir et passez du temps avec vos proches dans un cadre idyllique.<\/p>\n<\/div><\/div><div class=\"element colonne p-0\"><div class=\"element images scroll-x-mobile\"><div class=\"image\"><img decoding=\"async\" src=\"https:\/\/camping-lariviere.com\/wp-content\/uploads\/2021\/09\/camping-la-riviere-alentour-luberon-100x71.jpg\" data-src=\"https:\/\/camping-lariviere.com\/wp-content\/uploads\/2021\/09\/camping-la-riviere-alentour-luberon.jpg\" alt=\"camping-la-riviere-alentour-luberon\" class=\"images_image\" Votre location de vacances dans le Luberon\/><\/div><\/div><\/div><\/div><\/div><\/section>\n\n<section id=\"section-6135d51014432\"\" class=\"section bg-white\" \/><div class=\"container extralarge\"><div class=\"element section-title center title-cta\">Les alentours du camping<\/div><ul class=\"liste-de-page\"><li class=\"element call-to-action center title-cta call-to-action--style-1 call-to-action--big\"><a href=\"https:\/\/camping-lariviere.com\/fr\/vacances-paca\/\"  class=\"call-to-action_link\" title=\"En savoir plus sur r\u00e9gion paca\"><div class=\"call-to-action_image\"><img decoding=\"async\" src=\"https:\/\/camping-lariviere.com\/wp-content\/uploads\/2020\/10\/camping-la-riviere-cta-villages-provencaux-100x53.jpg\" data-src=\"https:\/\/camping-lariviere.com\/wp-content\/uploads\/2020\/10\/camping-la-riviere-cta-villages-provencaux.jpg\" alt=\"La Rivi\u00e8re village provincial\" class=\"big\" \/><\/div><div class=\"call-to-action_contenu\"><div class=\"call-to-action_titre\">R\u00e9gion PACA<\/div><\/div><\/a><\/li><li class=\"element call-to-action center title-cta call-to-action--style-1 call-to-action--big call-to-action--style-1 call-to-action--big\"><a href=\"https:\/\/camping-lariviere.com\/fr\/camping-gorges-du-verdon\/\"  class=\"call-to-action_link\" title=\"En savoir plus sur camping gorges du verdon\"><div class=\"call-to-action_image\"><img decoding=\"async\" src=\"https:\/\/camping-lariviere.com\/wp-content\/uploads\/2020\/10\/camping-la-riviere-cta-gorges-du-verdon-100x53.jpg\" data-src=\"https:\/\/camping-lariviere.com\/wp-content\/uploads\/2020\/10\/camping-la-riviere-cta-gorges-du-verdon.jpg\" alt=\"Camping Gorges du Verdon\" class=\"big\" \/><\/div><div class=\"call-to-action_contenu\"><div class=\"call-to-action_titre\">Camping Gorges du Verdon<\/div><\/div><\/a><\/li><li class=\"element call-to-action center title-cta call-to-action--style-1 call-to-action--big call-to-action--style-1 call-to-action--big call-to-action--style-1 call-to-action--big\"><a href=\"https:\/\/camping-lariviere.com\/fr\/camping-apt\/\"  class=\"call-to-action_link\" title=\"En savoir plus sur alentours : apt\"><div class=\"call-to-action_image\"><img decoding=\"async\" src=\"https:\/\/camping-lariviere.com\/wp-content\/uploads\/2023\/02\/luberon-1-100x32.png\" data-src=\"https:\/\/camping-lariviere.com\/wp-content\/uploads\/2023\/02\/luberon-1.png\" alt=\"pourquoi luberon destination vacances\" class=\"big\" \/><\/div><div class=\"call-to-action_contenu\"><div class=\"call-to-action_titre\">Alentours : Apt<\/div><\/div><\/a><\/li><\/ul><\/div><\/section>","protected":false},"excerpt":{"rendered":"","protected":false},"author":1,"featured_media":3404,"parent":0,"menu_order":0,"comment_status":"closed","ping_status":"closed","template":"","meta":{"_acf_changed":false,"footnotes":""},"class_list":["post-3401","page","type-page","status-publish","has-post-thumbnail","hentry"],"acf":[],"yoast_head":"<!-- This site is optimized with the Yoast SEO plugin v23.4 - https:\/\/yoast.com\/wordpress\/plugins\/seo\/ -->\n<title>Vacances dans le Luberon - D\u00e9couvrez le parc du Luberon | Camping La Rivi\u00e8re<\/title>\n<meta name=\"description\" content=\"Planifiez vos prochaines vacances avec le Camping La Rivi\u00e8re et partez \u00e0 la d\u00e9couverte du parc du Luberon pour un s\u00e9jour inoubliable.\" \/>\n<meta name=\"robots\" content=\"index, follow, max-snippet:-1, max-image-preview:large, max-video-preview:-1\" \/>\n<link rel=\"canonical\" href=\"https:\/\/camping-lariviere.com\/fr\/tourisme-luberon\/\" \/>\n<meta property=\"og:locale\" content=\"fr_FR\" \/>\n<meta property=\"og:type\" content=\"article\" \/>\n<meta property=\"og:title\" content=\"Vacances dans le Luberon - D\u00e9couvrez le parc du Luberon | Camping La Rivi\u00e8re\" \/>\n<meta property=\"og:description\" content=\"Planifiez vos prochaines vacances avec le Camping La Rivi\u00e8re et partez \u00e0 la d\u00e9couverte du parc du Luberon pour un s\u00e9jour inoubliable.\" \/>\n<meta property=\"og:url\" content=\"https:\/\/camping-lariviere.com\/fr\/tourisme-luberon\/\" \/>\n<meta property=\"og:site_name\" content=\"Camping la Rivi\u00e8re\" \/>\n<meta property=\"article:modified_time\" content=\"2026-04-20T12:54:35+00:00\" \/>\n<meta property=\"og:image\" content=\"https:\/\/camping-lariviere.com\/wp-content\/uploads\/2021\/09\/camping-la-riviere-alentour-bg-luberon.jpg\" \/>\n\t<meta property=\"og:image:width\" content=\"1900\" \/>\n\t<meta property=\"og:image:height\" content=\"700\" \/>\n\t<meta property=\"og:image:type\" content=\"image\/jpeg\" \/>\n<meta name=\"twitter:card\" content=\"summary_large_image\" \/>\n<meta name=\"twitter:label1\" content=\"Dur\u00e9e de lecture estim\u00e9e\" \/>\n\t<meta name=\"twitter:data1\" content=\"1 minute\" \/>\n<script type=\"application\/ld+json\" class=\"yoast-schema-graph\">{\"@context\":\"https:\/\/schema.org\",\"@graph\":[{\"@type\":\"WebPage\",\"@id\":\"https:\/\/camping-lariviere.com\/fr\/tourisme-luberon\/\",\"url\":\"https:\/\/camping-lariviere.com\/fr\/tourisme-luberon\/\",\"name\":\"Vacances dans le Luberon - D\u00e9couvrez le parc du Luberon | Camping La Rivi\u00e8re\",\"isPartOf\":{\"@id\":\"https:\/\/camping-lariviere.com\/fr\/#website\"},\"primaryImageOfPage\":{\"@id\":\"https:\/\/camping-lariviere.com\/fr\/tourisme-luberon\/#primaryimage\"},\"image\":{\"@id\":\"https:\/\/camping-lariviere.com\/fr\/tourisme-luberon\/#primaryimage\"},\"thumbnailUrl\":\"https:\/\/camping-lariviere.com\/wp-content\/uploads\/2021\/09\/camping-la-riviere-alentour-bg-luberon.jpg\",\"datePublished\":\"2021-09-06T08:35:38+00:00\",\"dateModified\":\"2026-04-20T12:54:35+00:00\",\"description\":\"Planifiez vos prochaines vacances avec le Camping La Rivi\u00e8re et partez \u00e0 la d\u00e9couverte du parc du Luberon pour un s\u00e9jour inoubliable.\",\"breadcrumb\":{\"@id\":\"https:\/\/camping-lariviere.com\/fr\/tourisme-luberon\/#breadcrumb\"},\"inLanguage\":\"fr-FR\",\"potentialAction\":[{\"@type\":\"ReadAction\",\"target\":[\"https:\/\/camping-lariviere.com\/fr\/tourisme-luberon\/\"]}]},{\"@type\":\"ImageObject\",\"inLanguage\":\"fr-FR\",\"@id\":\"https:\/\/camping-lariviere.com\/fr\/tourisme-luberon\/#primaryimage\",\"url\":\"https:\/\/camping-lariviere.com\/wp-content\/uploads\/2021\/09\/camping-la-riviere-alentour-bg-luberon.jpg\",\"contentUrl\":\"https:\/\/camping-lariviere.com\/wp-content\/uploads\/2021\/09\/camping-la-riviere-alentour-bg-luberon.jpg\",\"width\":1900,\"height\":700,\"caption\":\"camping-la-riviere-alentour-bg-luberon\"},{\"@type\":\"BreadcrumbList\",\"@id\":\"https:\/\/camping-lariviere.com\/fr\/tourisme-luberon\/#breadcrumb\",\"itemListElement\":[{\"@type\":\"ListItem\",\"position\":1,\"name\":\"Camping Luberon\",\"item\":\"https:\/\/camping-lariviere.com\/fr\/\"},{\"@type\":\"ListItem\",\"position\":2,\"name\":\"Vacances dans le Luberon\"}]},{\"@type\":\"WebSite\",\"@id\":\"https:\/\/camping-lariviere.com\/fr\/#website\",\"url\":\"https:\/\/camping-lariviere.com\/fr\/\",\"name\":\"Camping la Rivi\u00e8re\",\"description\":\"\",\"publisher\":{\"@id\":\"https:\/\/camping-lariviere.com\/fr\/#organization\"},\"potentialAction\":[{\"@type\":\"SearchAction\",\"target\":{\"@type\":\"EntryPoint\",\"urlTemplate\":\"https:\/\/camping-lariviere.com\/fr\/?s={search_term_string}\"},\"query-input\":{\"@type\":\"PropertyValueSpecification\",\"valueRequired\":true,\"valueName\":\"search_term_string\"}}],\"inLanguage\":\"fr-FR\"},{\"@type\":\"Organization\",\"@id\":\"https:\/\/camping-lariviere.com\/fr\/#organization\",\"name\":\"Camping La Rivi\u00e8re\",\"url\":\"https:\/\/camping-lariviere.com\/fr\/\",\"logo\":{\"@type\":\"ImageObject\",\"inLanguage\":\"fr-FR\",\"@id\":\"https:\/\/camping-lariviere.com\/fr\/#\/schema\/logo\/image\/\",\"url\":\"https:\/\/camping-lariviere.com\/wp-content\/uploads\/2020\/10\/camping-la-riviere-logo.png\",\"contentUrl\":\"https:\/\/camping-lariviere.com\/wp-content\/uploads\/2020\/10\/camping-la-riviere-logo.png\",\"width\":260,\"height\":210,\"caption\":\"Camping La Rivi\u00e8re\"},\"image\":{\"@id\":\"https:\/\/camping-lariviere.com\/fr\/#\/schema\/logo\/image\/\"}}]}<\/script>\n<!-- \/ Yoast SEO plugin. -->","yoast_head_json":{"title":"Vacances dans le Luberon - D\u00e9couvrez le parc du Luberon | Camping La Rivi\u00e8re","description":"Planifiez vos prochaines vacances avec le Camping La Rivi\u00e8re et partez \u00e0 la d\u00e9couverte du parc du Luberon pour un s\u00e9jour inoubliable.","robots":{"index":"index","follow":"follow","max-snippet":"max-snippet:-1","max-image-preview":"max-image-preview:large","max-video-preview":"max-video-preview:-1"},"canonical":"https:\/\/camping-lariviere.com\/fr\/tourisme-luberon\/","og_locale":"fr_FR","og_type":"article","og_title":"Vacances dans le Luberon - D\u00e9couvrez le parc du Luberon | Camping La Rivi\u00e8re","og_description":"Planifiez vos prochaines vacances avec le Camping La Rivi\u00e8re et partez \u00e0 la d\u00e9couverte du parc du Luberon pour un s\u00e9jour inoubliable.","og_url":"https:\/\/camping-lariviere.com\/fr\/tourisme-luberon\/","og_site_name":"Camping la Rivi\u00e8re","article_modified_time":"2026-04-20T12:54:35+00:00","og_image":[{"width":1900,"height":700,"url":"https:\/\/camping-lariviere.com\/wp-content\/uploads\/2021\/09\/camping-la-riviere-alentour-bg-luberon.jpg","type":"image\/jpeg"}],"twitter_card":"summary_large_image","twitter_misc":{"Dur\u00e9e de lecture estim\u00e9e":"1 minute"},"schema":{"@context":"https:\/\/schema.org","@graph":[{"@type":"WebPage","@id":"https:\/\/camping-lariviere.com\/fr\/tourisme-luberon\/","url":"https:\/\/camping-lariviere.com\/fr\/tourisme-luberon\/","name":"Vacances dans le Luberon - D\u00e9couvrez le parc du Luberon | Camping La Rivi\u00e8re","isPartOf":{"@id":"https:\/\/camping-lariviere.com\/fr\/#website"},"primaryImageOfPage":{"@id":"https:\/\/camping-lariviere.com\/fr\/tourisme-luberon\/#primaryimage"},"image":{"@id":"https:\/\/camping-lariviere.com\/fr\/tourisme-luberon\/#primaryimage"},"thumbnailUrl":"https:\/\/camping-lariviere.com\/wp-content\/uploads\/2021\/09\/camping-la-riviere-alentour-bg-luberon.jpg","datePublished":"2021-09-06T08:35:38+00:00","dateModified":"2026-04-20T12:54:35+00:00","description":"Planifiez vos prochaines vacances avec le Camping La Rivi\u00e8re et partez \u00e0 la d\u00e9couverte du parc du Luberon pour un s\u00e9jour inoubliable.","breadcrumb":{"@id":"https:\/\/camping-lariviere.com\/fr\/tourisme-luberon\/#breadcrumb"},"inLanguage":"fr-FR","potentialAction":[{"@type":"ReadAction","target":["https:\/\/camping-lariviere.com\/fr\/tourisme-luberon\/"]}]},{"@type":"ImageObject","inLanguage":"fr-FR","@id":"https:\/\/camping-lariviere.com\/fr\/tourisme-luberon\/#primaryimage","url":"https:\/\/camping-lariviere.com\/wp-content\/uploads\/2021\/09\/camping-la-riviere-alentour-bg-luberon.jpg","contentUrl":"https:\/\/camping-lariviere.com\/wp-content\/uploads\/2021\/09\/camping-la-riviere-alentour-bg-luberon.jpg","width":1900,"height":700,"caption":"camping-la-riviere-alentour-bg-luberon"},{"@type":"BreadcrumbList","@id":"https:\/\/camping-lariviere.com\/fr\/tourisme-luberon\/#breadcrumb","itemListElement":[{"@type":"ListItem","position":1,"name":"Camping Luberon","item":"https:\/\/camping-lariviere.com\/fr\/"},{"@type":"ListItem","position":2,"name":"Vacances dans le Luberon"}]},{"@type":"WebSite","@id":"https:\/\/camping-lariviere.com\/fr\/#website","url":"https:\/\/camping-lariviere.com\/fr\/","name":"Camping la Rivi\u00e8re","description":"","publisher":{"@id":"https:\/\/camping-lariviere.com\/fr\/#organization"},"potentialAction":[{"@type":"SearchAction","target":{"@type":"EntryPoint","urlTemplate":"https:\/\/camping-lariviere.com\/fr\/?s={search_term_string}"},"query-input":{"@type":"PropertyValueSpecification","valueRequired":true,"valueName":"search_term_string"}}],"inLanguage":"fr-FR"},{"@type":"Organization","@id":"https:\/\/camping-lariviere.com\/fr\/#organization","name":"Camping La Rivi\u00e8re","url":"https:\/\/camping-lariviere.com\/fr\/","logo":{"@type":"ImageObject","inLanguage":"fr-FR","@id":"https:\/\/camping-lariviere.com\/fr\/#\/schema\/logo\/image\/","url":"https:\/\/camping-lariviere.com\/wp-content\/uploads\/2020\/10\/camping-la-riviere-logo.png","contentUrl":"https:\/\/camping-lariviere.com\/wp-content\/uploads\/2020\/10\/camping-la-riviere-logo.png","width":260,"height":210,"caption":"Camping La Rivi\u00e8re"},"image":{"@id":"https:\/\/camping-lariviere.com\/fr\/#\/schema\/logo\/image\/"}}]}},"_links":{"self":[{"href":"https:\/\/camping-lariviere.com\/fr\/wp-json\/wp\/v2\/pages\/3401","targetHints":{"allow":["GET"]}}],"collection":[{"href":"https:\/\/camping-lariviere.com\/fr\/wp-json\/wp\/v2\/pages"}],"about":[{"href":"https:\/\/camping-lariviere.com\/fr\/wp-json\/wp\/v2\/types\/page"}],"author":[{"embeddable":true,"href":"https:\/\/camping-lariviere.com\/fr\/wp-json\/wp\/v2\/users\/1"}],"replies":[{"embeddable":true,"href":"https:\/\/camping-lariviere.com\/fr\/wp-json\/wp\/v2\/comments?post=3401"}],"version-history":[{"count":23,"href":"https:\/\/camping-lariviere.com\/fr\/wp-json\/wp\/v2\/pages\/3401\/revisions"}],"predecessor-version":[{"id":7654,"href":"https:\/\/camping-lariviere.com\/fr\/wp-json\/wp\/v2\/pages\/3401\/revisions\/7654"}],"wp:featuredmedia":[{"embeddable":true,"href":"https:\/\/camping-lariviere.com\/fr\/wp-json\/wp\/v2\/media\/3404"}],"wp:attachment":[{"href":"https:\/\/camping-lariviere.com\/fr\/wp-json\/wp\/v2\/media?parent=3401"}],"curies":[{"name":"wp","href":"https:\/\/api.w.org\/{rel}","templated":true}]}}