{"id":3576,"date":"2021-10-22T13:40:20","date_gmt":"2021-10-22T11:40:20","guid":{"rendered":"https:\/\/camping-lariviere.com\/?page_id=3576"},"modified":"2025-05-06T16:49:05","modified_gmt":"2025-05-06T14:49:05","slug":"location-chalet-luberon","status":"publish","type":"page","link":"https:\/\/camping-lariviere.com\/fr\/location-chalet-luberon\/","title":{"rendered":"H\u00e9bergements : Les Chalets"},"content":{"rendered":"<section id=\"section-6172a33747850\"\" class=\"section bg-color2\" \/><div class=\"container extralarge\"><h1 class=\"element section-title center\">R\u00e9servez une location de chalet pour vos vacances dans le Lub\u00e9ron<\/h1><div class=\"element bloc-text justify \">\n\t<p>Grande nouveaut\u00e9 de la saison 2022 <strong class=\"bold color1\">nos chalets tout en bois CAJOU et BADIANE<\/strong> constituent le summum du raffinement et de la modularit\u00e9 que le <a href=\"\/fr\/\">Camping dans le Luberon en Provence<\/a>\u00a0puisse vous offrir, de quoi vous garantir \u00e0 coup s\u00fbr de passer les plus merveilleuses <strong class=\"bold color1\">vacances<\/strong> dans notre magnifique r\u00e9gion. Tous situ\u00e9s sur de vastes parcelles entour\u00e9es sur trois c\u00f4t\u00e9s par des haies de plus de deux m\u00e8tres, ils garantissent votre intimit\u00e9 sans oublier une place r\u00e9serv\u00e9e pour votre v\u00e9hicule (possibilit\u00e9 de second v\u00e9hicule moyennant un petit suppl\u00e9ment).<\/p>\n<\/div><\/div><\/section>\n\n<section id=\"section-6172a33747928\"\" class=\"section hebergement-chalet bg-white\" \/><div class=\"container\"><div class=\"filtres\"><div class=\"button-group\" data-filter-group=\".nombre-de-chambres\"><div class=\"button-group-title\">Nombre de chambres<\/div><button data-filter=\"\" class=\"button active group-all\">Tous<\/button><button data-filter=\".nombre-de-chambres-1\" class=\"button\">1 <\/button><button data-filter=\".nombre-de-chambres-2\" class=\"button\">2 <\/button><button data-filter=\".nombre-de-chambres-4\" class=\"button\">4 <\/button><\/div><div class=\"button-group\" data-filter-group=\".nombre-de-personnes\"><div class=\"button-group-title\">Nombre de personnes<\/div><button data-filter=\"\" class=\"button active group-all\">Tous<\/button><button data-filter=\".nombre-de-personnes-2\" class=\"button\">2 <\/button><button data-filter=\".nombre-de-personnes-46\" class=\"button\">4\/6 <\/button><button data-filter=\".nombre-de-personnes-412\" class=\"button\">4\/12 <\/button><\/div><\/div><ul class=\"liste-de-page hebergements\"><div class=\"row\"><li class=\"element hebergement call-to-action call-to-action--style-2   nombre-de-chambres-1 nombre-de-personnes-2 superficie-24 climatisation--\"><div class=\"hebergement_link\" id=\"3491\"><div class=\"call-to-action_image\"><img decoding=\"async\" src=\"https:\/\/camping-lariviere.com\/wp-content\/uploads\/2021\/10\/riviere-cajou-cta.jpg\" data-src=\"https:\/\/camping-lariviere.com\/wp-content\/uploads\/2021\/10\/riviere-cajou-cta.jpg\" alt=\"riviere-cajou-cta\" class=\"\" \/><\/div><div class=\"call-to-action_contenu\"><div class=\"call-to-action_titre\">Chalet Cajou confort 2 pers<\/div><\/div><div class=\"hebergement-attributs\"><span class=\"attribut nombre-de-chambres\">1 <\/span><span class=\"attribut nombre-de-personnes\">2 <\/span><span class=\"attribut superficie\">24m\u00b2<\/span><span class=\"attribut climatisation\">  <\/span><\/div><\/div><\/li><li class=\"element hebergement call-to-action call-to-action--style-2   nombre-de-chambres-2 nombre-de-personnes-46 superficie-69 climatisation-- tv--\"><div class=\"hebergement_link\" id=\"3527\"><div class=\"call-to-action_image\"><img decoding=\"async\" src=\"https:\/\/camping-lariviere.com\/wp-content\/uploads\/2021\/10\/riviere-badiane-ext.jpg\" data-src=\"https:\/\/camping-lariviere.com\/wp-content\/uploads\/2021\/10\/riviere-badiane-ext.jpg\" alt=\"riviere-badiane-ext\" class=\"\" \/><\/div><div class=\"call-to-action_contenu\"><div class=\"call-to-action_titre\">Chalet Badiane premium 4\/6 pers<\/div><\/div><div class=\"hebergement-attributs\"><span class=\"attribut nombre-de-chambres\">2 <\/span><span class=\"attribut nombre-de-personnes\">4\/6 <\/span><span class=\"attribut superficie\">69m\u00b2<\/span><span class=\"attribut climatisation\">  <\/span><span class=\"attribut tv\">  <\/span><\/div><\/div><\/li><li class=\"element hebergement call-to-action call-to-action--style-2   nombre-de-chambres-4 nombre-de-personnes-412 superficie-140 climatisation-- tv--\"><div class=\"hebergement_link\" id=\"4274\"><div class=\"call-to-action_image\"><img decoding=\"async\" src=\"https:\/\/camping-lariviere.com\/wp-content\/uploads\/2021\/10\/riviere-badiane-ext.jpg\" data-src=\"https:\/\/camping-lariviere.com\/wp-content\/uploads\/2021\/10\/riviere-badiane-ext.jpg\" alt=\"riviere-badiane-ext\" class=\"\" \/><\/div><div class=\"call-to-action_contenu\"><div class=\"call-to-action_titre\">Chalet Badiane premium TRIBU 4\/12 pers<\/div><\/div><div class=\"hebergement-attributs\"><span class=\"attribut nombre-de-chambres\">4 <\/span><span class=\"attribut nombre-de-personnes\">4\/12 <\/span><span class=\"attribut superficie\">140m\u00b2<\/span><span class=\"attribut climatisation\">  <\/span><span class=\"attribut tv\">  <\/span><\/div><\/div><\/li><\/div><\/ul><\/div><\/section>\n\n<section id=\"section-6172a337479d1\"\" class=\"section bg-white p-b-0\" \/><div class=\"container full\"><div class=\"colonnes-wrap valign-middle \"><div class=\"element colonne w-20 p-0\"><div class=\"element images scroll-x-mobile\"><div class=\"image\"><img decoding=\"async\" src=\"https:\/\/camping-lariviere.com\/wp-content\/uploads\/2021\/10\/chalet-camping-les-riviers-100x100.jpg\" data-src=\"https:\/\/camping-lariviere.com\/wp-content\/uploads\/2021\/10\/chalet-camping-les-riviers.jpg\" alt=\"Chalet provence\" class=\"images_image\" \/><\/div><\/div><\/div><div class=\"element colonne w-60 p-x-6\"><h2 class=\"element section-title center\">D\u00e9couvrez notre gamme de chalets en Provence<\/h2><div class=\"element bloc-text center \">\n\t<p>Tout d\u2019abord, avec le <strong class=\"bold color1\">Chalet CAJOU<\/strong> et ses 25m2, install\u00e9 \u00e0 l\u2019\u00e9cart dans un \u00e9crin de verdure, vous trouverez l\u2019endroit id\u00e9al pour vous ressourcer \u00e0 deux dans un cocon raffin\u00e9 tout en disposant bien s\u00fbr de tout le confort moderne, avec son coin salon \/ cuisine et <strong class=\"bold color1\">sa grande salle de bain \u00e9quip\u00e9e d\u2019une douche XL<\/strong>.<\/p>\n<\/div><\/div><div class=\"element colonne w-20 p-0\"><div class=\"element images scroll-x-mobile\"><div class=\"image\"><img decoding=\"async\" src=\"https:\/\/camping-lariviere.com\/wp-content\/uploads\/2021\/10\/chalet-provence-100x100.jpg\" data-src=\"https:\/\/camping-lariviere.com\/wp-content\/uploads\/2021\/10\/chalet-provence.jpg\" alt=\"Cuisine \u00e9quip\u00e9e dans un des chalets du camping La Riviere\" class=\"images_image\" D\u00e9couvrez notre gamme de chalets en Provence\/><\/div><\/div><\/div><\/div><\/div><\/section>\n\n<section id=\"section-6172bd16538c4\"\" class=\"section bg-white p-t-0 p-b-0\" \/><div class=\"container full\"><div class=\"colonnes-wrap valign-middle \"><div class=\"element colonne p-x-10\"><h2 class=\"element section-title left\">Partez en vacances dans le Luberon<\/h2><div class=\"element bloc-text justify \">\n\t<p align=\"justify\">Avec <strong class=\"bold color1\">nos chalets BADIANE<\/strong>, reli\u00e9s deux par deux via une immense terrasse bois de plus de 34m2 vous pourrez envisager sans probl\u00e8me de partir en tribu (jusque 12 personnes) avec la certitude de rester entre vous pour pouvoir profiter au mieux des rares moments de partage que sont <strong class=\"bold color1\">les vacances<\/strong>, sans jamais faire le moindre compromis sur le bien-\u00eatre de chacun.<\/p>\n<\/div><\/div><div class=\"element colonne p-0\"><div class=\"element images scroll-x-mobile\"><div class=\"image\"><img decoding=\"async\" src=\"https:\/\/camping-lariviere.com\/wp-content\/uploads\/2021\/10\/chalet-camping-luberon-100x74.jpg\" data-src=\"https:\/\/camping-lariviere.com\/wp-content\/uploads\/2021\/10\/chalet-camping-luberon.jpg\" alt=\"Chambre avec deux lits s\u00e9par\u00e9s dans un des chalets du camping La Riviere \u00e0 Luberon\" class=\"images_image\" Partez en vacances dans le Luberon\/><\/div><\/div><\/div><\/div><\/div><\/section>\n\n<section id=\"section-6172bd1653a2f\"\" class=\"section bg-white p-t-0\" \/><div class=\"container full\"><div class=\"colonnes-wrap valign-middle bg-color2\"><div class=\"element colonne p-0\"><div class=\"element images scroll-x-mobile\"><div class=\"image\"><img decoding=\"async\" src=\"https:\/\/camping-lariviere.com\/wp-content\/uploads\/2021\/10\/location-chalet-.sud_-100x74.jpg\" data-src=\"https:\/\/camping-lariviere.com\/wp-content\/uploads\/2021\/10\/location-chalet-.sud_.jpg\" alt=\"Int\u00e9rieur du chalet dans le camping La Riviere \u00e0 Luberon\" class=\"images_image\" \/><\/div><\/div><\/div><div class=\"element colonne p-x-10\"><h2 class=\"element section-title left\">S\u00e9journez dans un de nos chalets au coeur du Parc naturel du Luberon<\/h2><div class=\"element bloc-text justify \">\n\t<p align=\"justify\">Dans chaque chalet vous trouverez dans un d\u00e9cor raffin\u00e9, deux chambres dont une suite parentale avec un lit de 160*200, deux salles de bain pour que jamais personne n\u2019ai jamais \u00e0 attendre son tour trop longtemps, un vrai salon dans une pi\u00e8ce \u00e0 part muni d\u2019un confortable canap\u00e9 convertible pour deux personnes, et une <strong class=\"bold color1\">cuisine toute \u00e9quip\u00e9e<\/strong> avec notamment un lave-vaisselle, sans oublier bien sur <strong class=\"bold color1\">la climatisation et la t\u00e9l\u00e9vision<\/strong>.<\/p>\n<p align=\"justify\">Avec <strong class=\"bold color1\">nos chalets CAJOU et BADIANE<\/strong> vous aurez la certitude de retrouver chez nous le bien\u00eatre d\u2019une vraie maison avec les avantages de <strong class=\"bold color1\">la vie au camping<\/strong>.<\/p>\n<\/div><\/div><\/div><\/div><\/section>\n\n<section id=\"section-67ab5d3cdd44f\"\" class=\"section bg-white p-t-0 p-b-0\" \/><div class=\"container full\"><div class=\"colonnes-wrap valign-middle \"><div class=\"element colonne p-x-10\"><h2 class=\"element section-title left\">Un grand chalet d\u2019une capacit\u00e9 de 12 personnes<\/h2><div class=\"element bloc-text justify \">\n\t<p>Vous partez en vacances en groupe d\u2019amis ? \u00c0 2 ou 3 familles ? Vous \u00eates une famille nombreuse ? Vous organisez une cousinade ? Quoi qu\u2019il en soit, vous trouverez votre bonheur dans notre grand chalet pouvant accueillir <strong class=\"bold color1\">jusqu\u2019\u00e0 12 personnes<\/strong> ! C\u2019est en fait deux chalets face-\u00e0-face et reli\u00e9s par une terrasse en bois qui vous attendent<\/p>\n<p>\u00c0 l\u2019int\u00e9rieur de chacun de ces chalets, vous trouverez <strong class=\"bold color1\">3 chambres et 6 couchages<\/strong> : une chambre avec lit double, une chambre avec deux lits simples et un canap\u00e9 convertible pour 2. Vous profiterez de deux salles de bains, d\u2019une grande terrasse avec salon de jardin, d\u2019une cuisine \u00e9quip\u00e9e, d\u2019un espace repas et d\u2019un salon. Un <strong class=\"bold color1\">v\u00e9ritable appartement spacieux<\/strong> et confortable parfait pour un week-end ou une semaine enti\u00e8re !<\/p>\n<p>Dans notre g\u00eete tout confort, toute votre tribu passera des vacances de qualit\u00e9 et sera dans les meilleures conditions pour explorer les beaut\u00e9s du Lub\u00e9ron !<\/p>\n<\/div><\/div><div class=\"element colonne p-0\"><div class=\"element images scroll-x-mobile\"><div class=\"image\"><img decoding=\"async\" src=\"https:\/\/camping-lariviere.com\/wp-content\/uploads\/2021\/10\/riviere-badiane-mh-100x76.jpg\" data-src=\"https:\/\/camping-lariviere.com\/wp-content\/uploads\/2021\/10\/riviere-badiane-mh.jpg\" alt=\"mobil home 12 personnnes luberon\" class=\"images_image\" Un grand chalet d\u2019une capacit\u00e9 de 12 personnes\/><\/div><\/div><\/div><\/div><\/div><\/section>\n\n<section id=\"section-6172bd1653bcc\"\" class=\"section bg-white\" \/><div class=\"container extralarge\"><div class=\"element section-title center title-cta\">D\u00e9couvrez les autres locations du camping<\/div><ul class=\"liste-de-page\"><li class=\"element call-to-action center title-cta call-to-action--style-1 call-to-action--big\"><a href=\"https:\/\/camping-lariviere.com\/fr\/location-mobil-home-luberon\/\"  class=\"call-to-action_link\" title=\"En savoir plus sur nos mobil homes\"><div class=\"call-to-action_image\"><img decoding=\"async\" src=\"https:\/\/camping-lariviere.com\/wp-content\/uploads\/2020\/10\/location-camping-mobil-home-100x65.jpg\" data-src=\"https:\/\/camping-lariviere.com\/wp-content\/uploads\/2020\/10\/location-camping-mobil-home.jpg\" alt=\"location camping mobil home\" class=\"big\" \/><\/div><div class=\"call-to-action_contenu\"><div class=\"call-to-action_titre\">Nos mobil homes<\/div><\/div><\/a><\/li><li class=\"element call-to-action center title-cta call-to-action--style-1 call-to-action--big call-to-action--style-1 call-to-action--big\"><a href=\"https:\/\/camping-lariviere.com\/fr\/camping-pas-cher-luberon\/\"  class=\"call-to-action_link\" title=\"En savoir plus sur nos tarifs\"><div class=\"call-to-action_image\"><img decoding=\"async\" src=\"https:\/\/camping-lariviere.com\/wp-content\/uploads\/2020\/10\/camping-la-riviere-cta-tarifs-89x100.jpg\" data-src=\"https:\/\/camping-lariviere.com\/wp-content\/uploads\/2020\/10\/camping-la-riviere-cta-tarifs.jpg\" alt=\"tarifs camping la rivi\u00e8re\" class=\"big\" \/><\/div><div class=\"call-to-action_contenu\"><div class=\"call-to-action_titre\">Nos tarifs<\/div><\/div><\/a><\/li><li class=\"element call-to-action center title-cta call-to-action--style-1 call-to-action--big call-to-action--style-1 call-to-action--big call-to-action--style-1 call-to-action--big\"><a href=\"https:\/\/camping-lariviere.com\/fr\/location-insolite-luberon\/\"  class=\"call-to-action_link\" title=\"En savoir plus sur nos atypiques\"><div class=\"call-to-action_image\"><img decoding=\"async\" src=\"https:\/\/camping-lariviere.com\/wp-content\/uploads\/2021\/10\/cta-atypique-100x54.jpg\" data-src=\"https:\/\/camping-lariviere.com\/wp-content\/uploads\/2021\/10\/cta-atypique.jpg\" alt=\"Chalet logement insolite\" class=\"big\" \/><\/div><div class=\"call-to-action_contenu\"><div class=\"call-to-action_titre\">Nos atypiques<\/div><\/div><\/a><\/li><li class=\"element call-to-action center title-cta call-to-action--style-1 call-to-action--big call-to-action--style-1 call-to-action--big call-to-action--style-1 call-to-action--big call-to-action--style-1 call-to-action--big\"><a href=\"https:\/\/camping-lariviere.com\/fr\/location-hebergement-premium-plus-luberon\/\"  class=\"call-to-action_link\" title=\"En savoir plus sur h\u00e9bergements : premium +\"><div class=\"call-to-action_image\"><img decoding=\"async\" src=\"https:\/\/camping-lariviere.com\/wp-content\/uploads\/2020\/10\/camping-provence-100x46.jpg\" data-src=\"https:\/\/camping-lariviere.com\/wp-content\/uploads\/2020\/10\/camping-provence.jpg\" alt=\"Tourisme \u00e0 Apt\" class=\"big\" \/><\/div><div class=\"call-to-action_contenu\"><div class=\"call-to-action_titre\">H\u00e9bergements : Premium +<\/div><\/div><\/a><\/li><\/ul><\/div><\/section>","protected":false},"excerpt":{"rendered":"","protected":false},"author":1,"featured_media":3642,"parent":0,"menu_order":0,"comment_status":"closed","ping_status":"closed","template":"","meta":{"_acf_changed":false,"footnotes":""},"class_list":["post-3576","page","type-page","status-publish","has-post-thumbnail","hentry"],"acf":[],"yoast_head":"<!-- This site is optimized with the Yoast SEO plugin v23.4 - https:\/\/yoast.com\/wordpress\/plugins\/seo\/ -->\n<title>Location chalet Luberon | Louez un chalet dans camping en Luberon<\/title>\n<meta name=\"description\" content=\"Choisissez de s\u00e9journer dans un chalet plut\u00f4t qu&#039;un mobilhome ! Louez un chalet dans le Luberon avec d\u00e9cor raffin\u00e9 et confort moderne.\" \/>\n<meta name=\"robots\" content=\"index, follow, max-snippet:-1, max-image-preview:large, max-video-preview:-1\" \/>\n<link rel=\"canonical\" href=\"https:\/\/camping-lariviere.com\/fr\/location-chalet-luberon\/\" \/>\n<meta property=\"og:locale\" content=\"fr_FR\" \/>\n<meta property=\"og:type\" content=\"article\" \/>\n<meta property=\"og:title\" content=\"Location chalet Luberon | Louez un chalet dans camping en Luberon\" \/>\n<meta property=\"og:description\" content=\"Choisissez de s\u00e9journer dans un chalet plut\u00f4t qu&#039;un mobilhome ! Louez un chalet dans le Luberon avec d\u00e9cor raffin\u00e9 et confort moderne.\" \/>\n<meta property=\"og:url\" content=\"https:\/\/camping-lariviere.com\/fr\/location-chalet-luberon\/\" \/>\n<meta property=\"og:site_name\" content=\"Camping la Rivi\u00e8re\" \/>\n<meta property=\"article:modified_time\" content=\"2025-05-06T14:49:05+00:00\" \/>\n<meta property=\"og:image\" content=\"https:\/\/camping-lariviere.com\/wp-content\/uploads\/2021\/10\/chalet-luberon-2.jpg\" \/>\n\t<meta property=\"og:image:width\" content=\"1903\" \/>\n\t<meta property=\"og:image:height\" content=\"450\" \/>\n\t<meta property=\"og:image:type\" content=\"image\/jpeg\" \/>\n<meta name=\"twitter:card\" content=\"summary_large_image\" \/>\n<meta name=\"twitter:label1\" content=\"Dur\u00e9e de lecture estim\u00e9e\" \/>\n\t<meta name=\"twitter:data1\" content=\"1 minute\" \/>\n<script type=\"application\/ld+json\" class=\"yoast-schema-graph\">{\"@context\":\"https:\/\/schema.org\",\"@graph\":[{\"@type\":\"WebPage\",\"@id\":\"https:\/\/camping-lariviere.com\/fr\/location-chalet-luberon\/\",\"url\":\"https:\/\/camping-lariviere.com\/fr\/location-chalet-luberon\/\",\"name\":\"Location chalet Luberon | Louez un chalet dans camping en Luberon\",\"isPartOf\":{\"@id\":\"https:\/\/camping-lariviere.com\/fr\/#website\"},\"primaryImageOfPage\":{\"@id\":\"https:\/\/camping-lariviere.com\/fr\/location-chalet-luberon\/#primaryimage\"},\"image\":{\"@id\":\"https:\/\/camping-lariviere.com\/fr\/location-chalet-luberon\/#primaryimage\"},\"thumbnailUrl\":\"https:\/\/camping-lariviere.com\/wp-content\/uploads\/2021\/10\/chalet-luberon-2.jpg\",\"datePublished\":\"2021-10-22T11:40:20+00:00\",\"dateModified\":\"2025-05-06T14:49:05+00:00\",\"description\":\"Choisissez de s\u00e9journer dans un chalet plut\u00f4t qu'un mobilhome ! Louez un chalet dans le Luberon avec d\u00e9cor raffin\u00e9 et confort moderne.\",\"breadcrumb\":{\"@id\":\"https:\/\/camping-lariviere.com\/fr\/location-chalet-luberon\/#breadcrumb\"},\"inLanguage\":\"fr-FR\",\"potentialAction\":[{\"@type\":\"ReadAction\",\"target\":[\"https:\/\/camping-lariviere.com\/fr\/location-chalet-luberon\/\"]}]},{\"@type\":\"ImageObject\",\"inLanguage\":\"fr-FR\",\"@id\":\"https:\/\/camping-lariviere.com\/fr\/location-chalet-luberon\/#primaryimage\",\"url\":\"https:\/\/camping-lariviere.com\/wp-content\/uploads\/2021\/10\/chalet-luberon-2.jpg\",\"contentUrl\":\"https:\/\/camping-lariviere.com\/wp-content\/uploads\/2021\/10\/chalet-luberon-2.jpg\",\"width\":1903,\"height\":450,\"caption\":\"Chalet Luberon\"},{\"@type\":\"BreadcrumbList\",\"@id\":\"https:\/\/camping-lariviere.com\/fr\/location-chalet-luberon\/#breadcrumb\",\"itemListElement\":[{\"@type\":\"ListItem\",\"position\":1,\"name\":\"Camping Luberon\",\"item\":\"https:\/\/camping-lariviere.com\/fr\/\"},{\"@type\":\"ListItem\",\"position\":2,\"name\":\"Louez un chalet dans le Luberon\"}]},{\"@type\":\"WebSite\",\"@id\":\"https:\/\/camping-lariviere.com\/fr\/#website\",\"url\":\"https:\/\/camping-lariviere.com\/fr\/\",\"name\":\"Camping la Rivi\u00e8re\",\"description\":\"\",\"publisher\":{\"@id\":\"https:\/\/camping-lariviere.com\/fr\/#organization\"},\"potentialAction\":[{\"@type\":\"SearchAction\",\"target\":{\"@type\":\"EntryPoint\",\"urlTemplate\":\"https:\/\/camping-lariviere.com\/fr\/?s={search_term_string}\"},\"query-input\":{\"@type\":\"PropertyValueSpecification\",\"valueRequired\":true,\"valueName\":\"search_term_string\"}}],\"inLanguage\":\"fr-FR\"},{\"@type\":\"Organization\",\"@id\":\"https:\/\/camping-lariviere.com\/fr\/#organization\",\"name\":\"Camping La Rivi\u00e8re\",\"url\":\"https:\/\/camping-lariviere.com\/fr\/\",\"logo\":{\"@type\":\"ImageObject\",\"inLanguage\":\"fr-FR\",\"@id\":\"https:\/\/camping-lariviere.com\/fr\/#\/schema\/logo\/image\/\",\"url\":\"https:\/\/camping-lariviere.com\/wp-content\/uploads\/2020\/10\/camping-la-riviere-logo.png\",\"contentUrl\":\"https:\/\/camping-lariviere.com\/wp-content\/uploads\/2020\/10\/camping-la-riviere-logo.png\",\"width\":260,\"height\":210,\"caption\":\"Camping La Rivi\u00e8re\"},\"image\":{\"@id\":\"https:\/\/camping-lariviere.com\/fr\/#\/schema\/logo\/image\/\"}}]}<\/script>\n<!-- \/ Yoast SEO plugin. -->","yoast_head_json":{"title":"Location chalet Luberon | Louez un chalet dans camping en Luberon","description":"Choisissez de s\u00e9journer dans un chalet plut\u00f4t qu'un mobilhome ! Louez un chalet dans le Luberon avec d\u00e9cor raffin\u00e9 et confort moderne.","robots":{"index":"index","follow":"follow","max-snippet":"max-snippet:-1","max-image-preview":"max-image-preview:large","max-video-preview":"max-video-preview:-1"},"canonical":"https:\/\/camping-lariviere.com\/fr\/location-chalet-luberon\/","og_locale":"fr_FR","og_type":"article","og_title":"Location chalet Luberon | Louez un chalet dans camping en Luberon","og_description":"Choisissez de s\u00e9journer dans un chalet plut\u00f4t qu'un mobilhome ! Louez un chalet dans le Luberon avec d\u00e9cor raffin\u00e9 et confort moderne.","og_url":"https:\/\/camping-lariviere.com\/fr\/location-chalet-luberon\/","og_site_name":"Camping la Rivi\u00e8re","article_modified_time":"2025-05-06T14:49:05+00:00","og_image":[{"width":1903,"height":450,"url":"https:\/\/camping-lariviere.com\/wp-content\/uploads\/2021\/10\/chalet-luberon-2.jpg","type":"image\/jpeg"}],"twitter_card":"summary_large_image","twitter_misc":{"Dur\u00e9e de lecture estim\u00e9e":"1 minute"},"schema":{"@context":"https:\/\/schema.org","@graph":[{"@type":"WebPage","@id":"https:\/\/camping-lariviere.com\/fr\/location-chalet-luberon\/","url":"https:\/\/camping-lariviere.com\/fr\/location-chalet-luberon\/","name":"Location chalet Luberon | Louez un chalet dans camping en Luberon","isPartOf":{"@id":"https:\/\/camping-lariviere.com\/fr\/#website"},"primaryImageOfPage":{"@id":"https:\/\/camping-lariviere.com\/fr\/location-chalet-luberon\/#primaryimage"},"image":{"@id":"https:\/\/camping-lariviere.com\/fr\/location-chalet-luberon\/#primaryimage"},"thumbnailUrl":"https:\/\/camping-lariviere.com\/wp-content\/uploads\/2021\/10\/chalet-luberon-2.jpg","datePublished":"2021-10-22T11:40:20+00:00","dateModified":"2025-05-06T14:49:05+00:00","description":"Choisissez de s\u00e9journer dans un chalet plut\u00f4t qu'un mobilhome ! Louez un chalet dans le Luberon avec d\u00e9cor raffin\u00e9 et confort moderne.","breadcrumb":{"@id":"https:\/\/camping-lariviere.com\/fr\/location-chalet-luberon\/#breadcrumb"},"inLanguage":"fr-FR","potentialAction":[{"@type":"ReadAction","target":["https:\/\/camping-lariviere.com\/fr\/location-chalet-luberon\/"]}]},{"@type":"ImageObject","inLanguage":"fr-FR","@id":"https:\/\/camping-lariviere.com\/fr\/location-chalet-luberon\/#primaryimage","url":"https:\/\/camping-lariviere.com\/wp-content\/uploads\/2021\/10\/chalet-luberon-2.jpg","contentUrl":"https:\/\/camping-lariviere.com\/wp-content\/uploads\/2021\/10\/chalet-luberon-2.jpg","width":1903,"height":450,"caption":"Chalet Luberon"},{"@type":"BreadcrumbList","@id":"https:\/\/camping-lariviere.com\/fr\/location-chalet-luberon\/#breadcrumb","itemListElement":[{"@type":"ListItem","position":1,"name":"Camping Luberon","item":"https:\/\/camping-lariviere.com\/fr\/"},{"@type":"ListItem","position":2,"name":"Louez un chalet dans le Luberon"}]},{"@type":"WebSite","@id":"https:\/\/camping-lariviere.com\/fr\/#website","url":"https:\/\/camping-lariviere.com\/fr\/","name":"Camping la Rivi\u00e8re","description":"","publisher":{"@id":"https:\/\/camping-lariviere.com\/fr\/#organization"},"potentialAction":[{"@type":"SearchAction","target":{"@type":"EntryPoint","urlTemplate":"https:\/\/camping-lariviere.com\/fr\/?s={search_term_string}"},"query-input":{"@type":"PropertyValueSpecification","valueRequired":true,"valueName":"search_term_string"}}],"inLanguage":"fr-FR"},{"@type":"Organization","@id":"https:\/\/camping-lariviere.com\/fr\/#organization","name":"Camping La Rivi\u00e8re","url":"https:\/\/camping-lariviere.com\/fr\/","logo":{"@type":"ImageObject","inLanguage":"fr-FR","@id":"https:\/\/camping-lariviere.com\/fr\/#\/schema\/logo\/image\/","url":"https:\/\/camping-lariviere.com\/wp-content\/uploads\/2020\/10\/camping-la-riviere-logo.png","contentUrl":"https:\/\/camping-lariviere.com\/wp-content\/uploads\/2020\/10\/camping-la-riviere-logo.png","width":260,"height":210,"caption":"Camping La Rivi\u00e8re"},"image":{"@id":"https:\/\/camping-lariviere.com\/fr\/#\/schema\/logo\/image\/"}}]}},"_links":{"self":[{"href":"https:\/\/camping-lariviere.com\/fr\/wp-json\/wp\/v2\/pages\/3576","targetHints":{"allow":["GET"]}}],"collection":[{"href":"https:\/\/camping-lariviere.com\/fr\/wp-json\/wp\/v2\/pages"}],"about":[{"href":"https:\/\/camping-lariviere.com\/fr\/wp-json\/wp\/v2\/types\/page"}],"author":[{"embeddable":true,"href":"https:\/\/camping-lariviere.com\/fr\/wp-json\/wp\/v2\/users\/1"}],"replies":[{"embeddable":true,"href":"https:\/\/camping-lariviere.com\/fr\/wp-json\/wp\/v2\/comments?post=3576"}],"version-history":[{"count":72,"href":"https:\/\/camping-lariviere.com\/fr\/wp-json\/wp\/v2\/pages\/3576\/revisions"}],"predecessor-version":[{"id":7298,"href":"https:\/\/camping-lariviere.com\/fr\/wp-json\/wp\/v2\/pages\/3576\/revisions\/7298"}],"wp:featuredmedia":[{"embeddable":true,"href":"https:\/\/camping-lariviere.com\/fr\/wp-json\/wp\/v2\/media\/3642"}],"wp:attachment":[{"href":"https:\/\/camping-lariviere.com\/fr\/wp-json\/wp\/v2\/media?parent=3576"}],"curies":[{"name":"wp","href":"https:\/\/api.w.org\/{rel}","templated":true}]}}