{"id":386,"date":"2020-10-20T16:47:32","date_gmt":"2020-10-20T14:47:32","guid":{"rendered":"http:\/\/camping-lariviere.com\/?page_id=386"},"modified":"2022-10-12T09:29:15","modified_gmt":"2022-10-12T07:29:15","slug":"mentions-legales","status":"publish","type":"page","link":"https:\/\/camping-lariviere.com\/fr\/mentions-legales\/","title":{"rendered":"Mentions L\u00e9gales"},"content":{"rendered":"<section id=\"section-5f8ef88476116\"\" class=\"section bg-white p-b-0\" \/><div class=\"container extralarge\"><h1 class=\"element section-title center\">Mentions L\u00e9gales<\/h1><\/div><\/section>\n\n<section id=\"section-5f8ef8847629c\"\" class=\"section bg-white\" \/><div class=\"container extralarge\"><div class=\"element bloc-text center \">\n\t<h2 class=\"inline-title center\">Editeur du site<\/h2>\n<p>SARL La Rivi\u00e8re<\/p>\n<p>Adresse : La Rivi\u00e8re ***, Lieu-dit \u00ab\u00a0Les C\u00f4tes\u00a0\u00bb, 04300 Saint-Maime France<\/p>\n<p>T\u00e9l : 04 92 79 54 66<br \/>\nAdresse mail : contact@camping-lariviere.com<\/p>\n<p>SIRET : 498 245 711 00011<br \/>\nCapital social : 143 700\u20ac<\/p>\n<p>Responsable de publication : Erick LEJEUNE<\/p>\n<h2 class=\"inline-title center\">Realisation<\/h2>\n<p>GEEK TONIC<br \/>\nRepr\u00e9sent\u00e9e par M. Yohan Darmayan en sa qualit\u00e9 de G\u00e9rant<br \/>\nSi\u00e8ge social : 1\u00a0All\u00e9e Pierre Lat\u00e9co\u00e8re, 64200 Biarritz<br \/>\nT\u00e9l : 05 32 74 11 52<br \/>\nE-mail : support@geek-tonic.com<br \/>\nSite web : <a href=\"https:\/\/www.geek-tonic.com\" target=\"_blank\" rel=\"noopener\">www.geek-tonic.com<\/a><br \/>\nSIRET : 89746755100015<br \/>\nAPE : 6201Z<\/p>\n<h2 class=\"inline-title center\">Droits d&rsquo;auteur et copyright<\/h2>\n<p>L\u2019ensemble du contenu de ce site d\u00e9pend du droit d\u2019auteur ainsi que de la propri\u00e9t\u00e9 intellectuelle de la l\u00e9gislation fran\u00e7aise Toute reproduction (y compris les photos, les ic\u00f4nes et les documents t\u00e9l\u00e9chargeables) est interdite sans accord pr\u00e9alable de GEEK TONIC. La reproduction sur un support \u00e9lectronique de tout ou partie du site sur un format papier ou \u00e9lectronique est prohib\u00e9e. GEEK TONIC d\u00e9cline toute responsabilit\u00e9 concernant le contenu pr\u00e9sent sur le site internet. GEEK TONIC d\u00e9cline \u00e9galement toute responsabilit\u00e9 quant aux liens externes pointant vers le site pr\u00e9sent.<\/p>\n<h2 class=\"inline-title center\">Donn\u00e9es personnelles et informations nominatives<\/h2>\n<p>Vous disposez d\u2019un droit d\u2019acc\u00e8s, de modification, de rectification et de suppression des donn\u00e9es vous concernant selon l\u2019article 34 de la Loi \u00ab Informatique et Libert\u00e9s \u00bb n\u00b0 78-17 du 6 janvier 1978, modifi\u00e9e le 6 ao\u00fbt 2018. Pour d\u00e9ployer ce droit d\u2019acc\u00e8s, vous pouvez le faire sur simple demande \u00e9crite \u00e0 l\u2019\u00e9diteur du site.<\/p>\n<h2 class=\"inline-title center\">Legislation<\/h2>\n<p>Selon la loi du 11 mars 1957 (art. 41) et du code de la propri\u00e9t\u00e9 intellectuelle du 1er juillet 1992, Il est interdire de reproduire partiellement ou totalement une partie quel qu\u2019elle soit du site sans autorisation pr\u00e9alable de l\u2019\u00e9diteur du site. Les logos, visuels, photos, vid\u00e9os, chartes graphiques, textes sont la propri\u00e9t\u00e9 de leur d\u00e9tenteur respectif. Ce site peut, \u00e0 son insu, avoir \u00e9t\u00e9 reli\u00e9 \u00e0 d\u2019autres sites par le biais de liens hyperm\u00e9dia. L\u2019\u00e9diteur du site d\u00e9cline toute responsabilit\u00e9 pour les informations pr\u00e9sent\u00e9es sur ces autres sites. L\u2019internaute reconna\u00eet que l\u2019utilisation de ce site est r\u00e9gi par le droit fran\u00e7ais.<\/p>\n<h2 class=\"inline-title center\">M\u00c9DIATION DES LITIGES \u00c0 LA CONSOMMATION<\/h2>\n<p>Conform\u00e9ment \u00e0 l\u2019article L. 152-1 du code de la consommation, vous pouvez recourir gratuitement au service de m\u00e9diation CM2C dont nous relevons par voie \u00e9lectronique : https:\/\/www.cm2c.net , ou par voie postale : CM2C (Centre de la m\u00e9diation de la consommation de conciliateurs de justice) &#8211; 14, rue Saint-Jean, 75017 Paris &#8211; T\u00e9l: 06 09 20 48 86,<\/p>\n<p>Sur les formulaires CM2C, notre adresse e-mail de contact est : contact@camping-lariviere.com<\/p>\n<p>Nous vous rappelons que le recours \u00e0 la m\u00e9diation de la consommation n\u2019est possible qu\u2019\u00e0 condition que :<\/p>\n<ul>\n<li>Vous ayez auparavant saisi notre service client par une r\u00e9clamation \u00e9crite de moins d\u2019un an ;<\/li>\n<li>Votre litige n\u2019ait pas \u00e9t\u00e9 pr\u00e9c\u00e9demment examin\u00e9 ou ne soit pas en cours d\u2019examen par un autre m\u00e9diateur ou par un tribunal ;<\/li>\n<li>Vous ne soyez pas un professionnel.<\/li>\n<\/ul>\n<\/div><\/div><\/section>","protected":false},"excerpt":{"rendered":"","protected":false},"author":1,"featured_media":0,"parent":0,"menu_order":0,"comment_status":"closed","ping_status":"closed","template":"","meta":{"_acf_changed":false,"footnotes":""},"class_list":["post-386","page","type-page","status-publish","hentry"],"acf":[],"yoast_head":"<!-- This site is optimized with the Yoast SEO plugin v23.4 - https:\/\/yoast.com\/wordpress\/plugins\/seo\/ -->\n<title>Mentions L\u00e9gales - Camping la Rivi\u00e8re<\/title>\n<meta name=\"robots\" content=\"noindex, nofollow\" \/>\n<meta property=\"og:locale\" content=\"fr_FR\" \/>\n<meta property=\"og:type\" content=\"article\" \/>\n<meta property=\"og:title\" content=\"Mentions L\u00e9gales - Camping la Rivi\u00e8re\" \/>\n<meta property=\"og:url\" content=\"https:\/\/camping-lariviere.com\/fr\/mentions-legales\/\" \/>\n<meta property=\"og:site_name\" content=\"Camping la Rivi\u00e8re\" \/>\n<meta property=\"article:modified_time\" content=\"2022-10-12T07:29:15+00:00\" \/>\n<meta name=\"twitter:card\" content=\"summary_large_image\" \/>\n<script type=\"application\/ld+json\" class=\"yoast-schema-graph\">{\"@context\":\"https:\/\/schema.org\",\"@graph\":[{\"@type\":\"WebPage\",\"@id\":\"https:\/\/camping-lariviere.com\/fr\/mentions-legales\/\",\"url\":\"https:\/\/camping-lariviere.com\/fr\/mentions-legales\/\",\"name\":\"Mentions L\u00e9gales - Camping la Rivi\u00e8re\",\"isPartOf\":{\"@id\":\"https:\/\/camping-lariviere.com\/fr\/#website\"},\"datePublished\":\"2020-10-20T14:47:32+00:00\",\"dateModified\":\"2022-10-12T07:29:15+00:00\",\"breadcrumb\":{\"@id\":\"https:\/\/camping-lariviere.com\/fr\/mentions-legales\/#breadcrumb\"},\"inLanguage\":\"fr-FR\",\"potentialAction\":[{\"@type\":\"ReadAction\",\"target\":[\"https:\/\/camping-lariviere.com\/fr\/mentions-legales\/\"]}]},{\"@type\":\"BreadcrumbList\",\"@id\":\"https:\/\/camping-lariviere.com\/fr\/mentions-legales\/#breadcrumb\",\"itemListElement\":[{\"@type\":\"ListItem\",\"position\":1,\"name\":\"Camping Luberon\",\"item\":\"https:\/\/camping-lariviere.com\/fr\/\"},{\"@type\":\"ListItem\",\"position\":2,\"name\":\"Mentions L\u00e9gales\"}]},{\"@type\":\"WebSite\",\"@id\":\"https:\/\/camping-lariviere.com\/fr\/#website\",\"url\":\"https:\/\/camping-lariviere.com\/fr\/\",\"name\":\"Camping la Rivi\u00e8re\",\"description\":\"\",\"publisher\":{\"@id\":\"https:\/\/camping-lariviere.com\/fr\/#organization\"},\"potentialAction\":[{\"@type\":\"SearchAction\",\"target\":{\"@type\":\"EntryPoint\",\"urlTemplate\":\"https:\/\/camping-lariviere.com\/fr\/?s={search_term_string}\"},\"query-input\":{\"@type\":\"PropertyValueSpecification\",\"valueRequired\":true,\"valueName\":\"search_term_string\"}}],\"inLanguage\":\"fr-FR\"},{\"@type\":\"Organization\",\"@id\":\"https:\/\/camping-lariviere.com\/fr\/#organization\",\"name\":\"Camping La Rivi\u00e8re\",\"url\":\"https:\/\/camping-lariviere.com\/fr\/\",\"logo\":{\"@type\":\"ImageObject\",\"inLanguage\":\"fr-FR\",\"@id\":\"https:\/\/camping-lariviere.com\/fr\/#\/schema\/logo\/image\/\",\"url\":\"https:\/\/camping-lariviere.com\/wp-content\/uploads\/2020\/10\/camping-la-riviere-logo.png\",\"contentUrl\":\"https:\/\/camping-lariviere.com\/wp-content\/uploads\/2020\/10\/camping-la-riviere-logo.png\",\"width\":260,\"height\":210,\"caption\":\"Camping La Rivi\u00e8re\"},\"image\":{\"@id\":\"https:\/\/camping-lariviere.com\/fr\/#\/schema\/logo\/image\/\"}}]}<\/script>\n<!-- \/ Yoast SEO plugin. -->","yoast_head_json":{"title":"Mentions L\u00e9gales - Camping la Rivi\u00e8re","robots":{"index":"noindex","follow":"nofollow"},"og_locale":"fr_FR","og_type":"article","og_title":"Mentions L\u00e9gales - Camping la Rivi\u00e8re","og_url":"https:\/\/camping-lariviere.com\/fr\/mentions-legales\/","og_site_name":"Camping la Rivi\u00e8re","article_modified_time":"2022-10-12T07:29:15+00:00","twitter_card":"summary_large_image","schema":{"@context":"https:\/\/schema.org","@graph":[{"@type":"WebPage","@id":"https:\/\/camping-lariviere.com\/fr\/mentions-legales\/","url":"https:\/\/camping-lariviere.com\/fr\/mentions-legales\/","name":"Mentions L\u00e9gales - Camping la Rivi\u00e8re","isPartOf":{"@id":"https:\/\/camping-lariviere.com\/fr\/#website"},"datePublished":"2020-10-20T14:47:32+00:00","dateModified":"2022-10-12T07:29:15+00:00","breadcrumb":{"@id":"https:\/\/camping-lariviere.com\/fr\/mentions-legales\/#breadcrumb"},"inLanguage":"fr-FR","potentialAction":[{"@type":"ReadAction","target":["https:\/\/camping-lariviere.com\/fr\/mentions-legales\/"]}]},{"@type":"BreadcrumbList","@id":"https:\/\/camping-lariviere.com\/fr\/mentions-legales\/#breadcrumb","itemListElement":[{"@type":"ListItem","position":1,"name":"Camping Luberon","item":"https:\/\/camping-lariviere.com\/fr\/"},{"@type":"ListItem","position":2,"name":"Mentions L\u00e9gales"}]},{"@type":"WebSite","@id":"https:\/\/camping-lariviere.com\/fr\/#website","url":"https:\/\/camping-lariviere.com\/fr\/","name":"Camping la Rivi\u00e8re","description":"","publisher":{"@id":"https:\/\/camping-lariviere.com\/fr\/#organization"},"potentialAction":[{"@type":"SearchAction","target":{"@type":"EntryPoint","urlTemplate":"https:\/\/camping-lariviere.com\/fr\/?s={search_term_string}"},"query-input":{"@type":"PropertyValueSpecification","valueRequired":true,"valueName":"search_term_string"}}],"inLanguage":"fr-FR"},{"@type":"Organization","@id":"https:\/\/camping-lariviere.com\/fr\/#organization","name":"Camping La Rivi\u00e8re","url":"https:\/\/camping-lariviere.com\/fr\/","logo":{"@type":"ImageObject","inLanguage":"fr-FR","@id":"https:\/\/camping-lariviere.com\/fr\/#\/schema\/logo\/image\/","url":"https:\/\/camping-lariviere.com\/wp-content\/uploads\/2020\/10\/camping-la-riviere-logo.png","contentUrl":"https:\/\/camping-lariviere.com\/wp-content\/uploads\/2020\/10\/camping-la-riviere-logo.png","width":260,"height":210,"caption":"Camping La Rivi\u00e8re"},"image":{"@id":"https:\/\/camping-lariviere.com\/fr\/#\/schema\/logo\/image\/"}}]}},"_links":{"self":[{"href":"https:\/\/camping-lariviere.com\/fr\/wp-json\/wp\/v2\/pages\/386","targetHints":{"allow":["GET"]}}],"collection":[{"href":"https:\/\/camping-lariviere.com\/fr\/wp-json\/wp\/v2\/pages"}],"about":[{"href":"https:\/\/camping-lariviere.com\/fr\/wp-json\/wp\/v2\/types\/page"}],"author":[{"embeddable":true,"href":"https:\/\/camping-lariviere.com\/fr\/wp-json\/wp\/v2\/users\/1"}],"replies":[{"embeddable":true,"href":"https:\/\/camping-lariviere.com\/fr\/wp-json\/wp\/v2\/comments?post=386"}],"version-history":[{"count":11,"href":"https:\/\/camping-lariviere.com\/fr\/wp-json\/wp\/v2\/pages\/386\/revisions"}],"predecessor-version":[{"id":5871,"href":"https:\/\/camping-lariviere.com\/fr\/wp-json\/wp\/v2\/pages\/386\/revisions\/5871"}],"wp:attachment":[{"href":"https:\/\/camping-lariviere.com\/fr\/wp-json\/wp\/v2\/media?parent=386"}],"curies":[{"name":"wp","href":"https:\/\/api.w.org\/{rel}","templated":true}]}}