{"id":4971,"date":"2022-04-25T10:10:11","date_gmt":"2022-04-25T08:10:11","guid":{"rendered":"https:\/\/camping-lariviere.com\/?page_id=4971"},"modified":"2023-05-09T16:31:02","modified_gmt":"2023-05-09T14:31:02","slug":"tourisme-manosque","status":"publish","type":"page","link":"https:\/\/camping-lariviere.com\/fr\/tourisme-manosque\/","title":{"rendered":"Tourisme Manosque"},"content":{"rendered":"<section id=\"section-62665ce46d6b4\"\" class=\"section bg-color2\" \/><div class=\"container extralarge\"><h1 class=\"element section-title center\">Ne ratez pas le charme de la ville de Manosque entre Aix en Provence et Digne<\/h1><div class=\"element bloc-text justify \">\n\t<p>Envie de d\u00e9paysement et de voyage ? <strong>Ne ratez pas la ville de Manosque,<\/strong> la ville la plus peupl\u00e9e du d\u00e9partement des <strong class=\"bold color1\">Alpes-de-Haute-Provence<\/strong>. Ville o\u00f9 a v\u00e9cu <strong class=\"bold color1\">Jean Giono<\/strong>, Manosque rec\u00e8le de beaux lieux cach\u00e9s qui n\u2019attendent qu\u2019\u00e0 \u00eatre d\u00e9couverts. On se propose de vous faire d\u00e9couvrir quelques-uns des tr\u00e9sors de cette destination au riche pass\u00e9, surtout \u00e0 ne pas rater au cours d\u2019un s\u00e9jour en <strong class=\"bold color1\">Provence<\/strong> !<\/p>\n<\/div><\/div><\/section>\n\n<section id=\"section-62665ce46d910\"\" class=\"section bg-white p-t-0 p-b-0\" \/><div class=\"container full\"><div class=\"colonnes-wrap valign-middle \"><div class=\"element colonne p-x-10\"><h2 class=\"element section-title left\">Le village o\u00f9 a v\u00e9cu Jean Giono<\/h2><div class=\"element bloc-text justify \">\n\t<p><strong class=\"bold color1\">Jean Giono est l\u2019un des \u00e9crivains les plus embl\u00e9matiques de la litt\u00e9rature fran\u00e7aise du XX\u00e8me si\u00e8cle<\/strong>. L\u2019artiste voit le jour \u00e0 <strong>Manosque<\/strong> et ne quittera jamais cette derni\u00e8re. Auteur de romans c\u00e9l\u00e8bres (Regain, Chant du monde, Que ma joie demeure\u2026), il a su cr\u00e9er un \u00ab Sud imaginaire \u00bb. En effet, il a consacr\u00e9 la grande partie de son \u0153uvre \u00e0 la Provence et plus particuli\u00e8rement \u00e0 Manosque.<\/p>\n<p>Il disait de cette derni\u00e8re que le \u00ab <strong class=\"bold color1\">v\u00e9ritable tr\u00e9sor de Manosque est sa beaut\u00e9<\/strong> \u00bb. La ville a su faire honneur \u00e0 son plus grand admirateur puisqu\u2019elle a contribu\u00e9 \u00e0 promouvoir les \u0153uvres et le nom de l\u2019\u00e9crivain en cr\u00e9ant le <a href=\"https:\/\/centrejeangiono.com\/\" target=\"_blank\" rel=\"noopener\"><strong class=\"bold color1\">Centre Jean Giono<\/strong><\/a> en 1992. \u00c0 la fois lieu de <strong class=\"bold color1\">m\u00e9diation litt\u00e9raire et centre de recherche de documentation<\/strong>, ce centre permet d\u2019acc\u00e9der aux \u0153uvres compl\u00e8tes de l\u2019\u00e9crivain, une documentation critique, des correspondances\u2026 Un v\u00e9ritable tr\u00e9sor pour les amoureux de la litt\u00e9rature.<\/p>\n<p>\u00c0 c\u00f4t\u00e9 de ce centre, la <strong class=\"bold color1\">maison de Jean Giono, le Parais<\/strong> constitue \u00e9galement l\u2019un des lieux incontournables \u00e0 visiter durant un s\u00e9jour \u00e0 Manosque. Labellis\u00e9e \u00ab Maison des illustres \u00bb en 2011 et inscrite au titre des monuments historiques, la maison abrite un <strong class=\"bold color1\">beau jardin<\/strong>, une importante <strong class=\"bold color1\">biblioth\u00e8que contenant plus de 8 000 ouvrages<\/strong> ainsi qu\u2019un important fond documentaire.<\/p>\n<\/div><\/div><div class=\"element colonne p-0\"><div class=\"element images scroll-x-mobile\"><div class=\"image\"><img decoding=\"async\" src=\"https:\/\/camping-lariviere.com\/wp-content\/uploads\/2022\/04\/tourisme-manosque-100x71.jpg\" data-src=\"https:\/\/camping-lariviere.com\/wp-content\/uploads\/2022\/04\/tourisme-manosque.jpg\" alt=\"tourisme manosque\" class=\"images_image\" Le village o\u00f9 a v\u00e9cu Jean Giono\/><\/div><\/div><\/div><\/div><\/div><\/section>\n\n<section id=\"section-62665ce46dafa\"\" class=\"section bg-white p-t-0 p-b-0\" \/><div class=\"container full\"><div class=\"colonnes-wrap valign-middle \"><div class=\"element colonne p-0\"><div class=\"element images scroll-x-mobile\"><div class=\"image\"><img decoding=\"async\" src=\"https:\/\/camping-lariviere.com\/wp-content\/uploads\/2022\/04\/vallee-de-lubaye-100x71.jpg\" data-src=\"https:\/\/camping-lariviere.com\/wp-content\/uploads\/2022\/04\/vallee-de-lubaye.jpg\" alt=\"vall\u00e9e de l'ubaye\" class=\"images_image\" \/><\/div><\/div><\/div><div class=\"element colonne p-x-10\"><h2 class=\"element section-title left\">Promenades : le mont d\u2019or, le Bori Pain de Sucre des Espels et la vall\u00e9e de l\u2019Ubaye<\/h2><div class=\"element bloc-text justify \">\n\t<p>Outre les monuments d\u00e9di\u00e9s \u00e0 la m\u00e9moire de Jean Giono, Manosque abrite \u00e9galement de nombreux lieux o\u00f9 il fait bon de se promener, parmi ces derniers :<\/p>\n<ul>\n<li><strong class=\"bold color1\">Le mont d\u2019or <\/strong>: Jean Giono disait de ce mont, \u00ab ce beau sein rond est une colline \u00bb. Cette belle balade est l\u2019occasion de profiter de nombreux points de vue remarquables sur la vieille ville, la <strong class=\"bold color1\">vall\u00e9e de la Durance<\/strong> et les montagnes environnantes. Le parcours n\u2019est pas difficile, il faut environ une heure pour terminer les 3 kms qui le composent ;<\/li>\n<li><strong class=\"bold color1\">Le Bori, dit pain de Sucre des Espels <\/strong>: il s\u2019agit d\u2019une construction traditionnelle en pierre qui servait d\u2019abri temporaire au cours de travaux agricoles. Pour y acc\u00e9der, il faut passer par un parcours permettant d\u2019admirer de magnifiques paysages ;<\/li>\n<li><strong class=\"bold color1\">La vall\u00e9e de l\u2019Ubaye <\/strong>: situ\u00e9e au nord du <a href=\"https:\/\/camping-lariviere.com\/fr\/blog\/parc-national-mercantour\/\"><strong class=\"bold color1\">parc naturel national du Mercantour<\/strong><\/a>, cette vall\u00e9e abrite un espace naturel d\u2019une grande beaut\u00e9 avec une grande diversit\u00e9 de flore et de faune. Parmi les animaux que vous y d\u00e9couvrirez, des aigles royaux, des chamois, des bouquetins, des mouflons\u2026<\/li>\n<\/ul>\n<\/div><\/div><\/div><\/div><\/section>\n\n<section id=\"section-62665ce46dcd8\"\" class=\"section bg-white p-t-0 p-b-0\" \/><div class=\"container full\"><div class=\"colonnes-wrap valign-middle \"><div class=\"element colonne p-x-10\"><h2 class=\"element section-title left\">Visiter la fabrique de l\u2019Occitane en Provence<\/h2><div class=\"element bloc-text justify \">\n\t<p>La <strong class=\"bold color1\">fabrique de <a href=\"https:\/\/fr.loccitane.com\/\" target=\"_blank\" rel=\"noopener\">l\u2019Occitane<\/a><\/strong> (un grand nom de la cosm\u00e9tique fran\u00e7aise) est l\u2019un des <a href=\"https:\/\/camping-lariviere.com\/fr\/tourisme-provence\/\">lieux incontournables \u00e0 visiter en Provence<\/a>. Pour l\u2019histoire, l\u2019Occitane a \u00e9t\u00e9 <strong class=\"bold color1\">cr\u00e9\u00e9e en 1976 par Olivier Baussan \u00e0 seulement 23 ans<\/strong>. Avec une connaissance approfondie des <strong class=\"bold color1\">plantes<\/strong>, l\u2019homme d\u00e9cide de cr\u00e9er des shampooings qu\u2019il commercialise sur les <a href=\"https:\/\/camping-lariviere.com\/fr\/blog\/marches-provencaux\/\">march\u00e9s locaux<\/a>. Au fil des ann\u00e9es, l\u2019entreprise se d\u00e9veloppe et \u00e9largit son march\u00e9 tout en mettant en avant les <strong class=\"bold color1\">valeurs de la Provence<\/strong>. Aujourd\u2019hui, l\u2019Occitane propose de nombreux produits de luxe inspir\u00e9s de l\u2019art de vivre m\u00e9diterran\u00e9en.<\/p>\n<p><a href=\"https:\/\/visiteloccitane.com\/\" target=\"_blank\" rel=\"noopener\"><strong class=\"bold color1\">Visiter la fabrique de l\u2019entreprise<\/strong><\/a> est une belle occasion de voir comment sont con\u00e7us, fabriqu\u00e9s et conditionn\u00e9s <strong class=\"bold color1\">les produits de l\u2019Occitane<\/strong>. C\u2019est \u00e9galement l\u2019occasion de visiter le <strong class=\"bold color1\">mus\u00e9e <\/strong>de la marque qui retrace le parcours de cette derni\u00e8re et surtout de son cr\u00e9ateur, Olivier Bausson.<\/p>\n<\/div><\/div><div class=\"element colonne p-0\"><div class=\"element images scroll-x-mobile\"><div class=\"image\"><img decoding=\"async\" src=\"https:\/\/camping-lariviere.com\/wp-content\/uploads\/2022\/04\/fabrique-occitane-100x71.jpg\" data-src=\"https:\/\/camping-lariviere.com\/wp-content\/uploads\/2022\/04\/fabrique-occitane.jpg\" alt=\"fabrique occitane\" class=\"images_image\" Visiter la fabrique de l\u2019Occitane en Provence\/><\/div><\/div><\/div><\/div><\/div><\/section>\n\n<section id=\"section-62665ce46deb5\"\" class=\"section bg-white\" \/><div class=\"container extralarge\"><div class=\"element section-title center title-cta\">Visitez les alentours de Manosque<\/div><div class=\"element bloc-text justify \">\n\t<p>Vous aurez de quoi programmer vos journ\u00e9es de visite lors de votre s\u00e9jour au <a href=\"https:\/\/camping-lariviere.com\/fr\/\">camping La Rivi\u00e8re<\/a>, ce <a href=\"\/fr\/camping-manosque\/\">camping 3 \u00e9toiles \u00e0 proximit\u00e9 de Manosque<\/a> !<\/p>\n<\/div><ul class=\"liste-de-page\"><li class=\"element call-to-action  call-to-action--style-1 call-to-action--big\"><a href=\"https:\/\/camping-lariviere.com\/fr\/vacances-paca\/\"  class=\"call-to-action_link\" title=\"En savoir plus sur r\u00e9gion paca\"><div class=\"call-to-action_image\"><img decoding=\"async\" src=\"https:\/\/camping-lariviere.com\/wp-content\/uploads\/2020\/10\/camping-la-riviere-cta-villages-provencaux-100x53.jpg\" data-src=\"https:\/\/camping-lariviere.com\/wp-content\/uploads\/2020\/10\/camping-la-riviere-cta-villages-provencaux.jpg\" alt=\"La Rivi\u00e8re village provincial\" class=\"big\" \/><\/div><div class=\"call-to-action_contenu\"><div class=\"call-to-action_titre\">R\u00e9gion PACA<\/div><\/div><\/a><\/li><li class=\"element call-to-action  call-to-action--style-1 call-to-action--big call-to-action--style-1 call-to-action--big\"><a href=\"https:\/\/camping-lariviere.com\/fr\/tourisme-luberon\/\"  class=\"call-to-action_link\" title=\"En savoir plus sur le lub\u00e9ron\"><div class=\"call-to-action_image\"><img decoding=\"async\" src=\"https:\/\/camping-lariviere.com\/wp-content\/uploads\/2021\/09\/camping-la-riviere-alentour-bg-luberon-100x37.jpg\" data-src=\"https:\/\/camping-lariviere.com\/wp-content\/uploads\/2021\/09\/camping-la-riviere-alentour-bg-luberon.jpg\" alt=\"camping-la-riviere-alentour-bg-luberon\" class=\"big\" \/><\/div><div class=\"call-to-action_contenu\"><div class=\"call-to-action_titre\">Le Lub\u00e9ron<\/div><\/div><\/a><\/li><li class=\"element call-to-action  call-to-action--style-1 call-to-action--big call-to-action--style-1 call-to-action--big call-to-action--style-1 call-to-action--big\"><a href=\"https:\/\/camping-lariviere.com\/fr\/tourisme-vaucluse\/\"  class=\"call-to-action_link\" title=\"En savoir plus sur vaucluse\"><div class=\"call-to-action_image\"><img decoding=\"async\" src=\"https:\/\/camping-lariviere.com\/wp-content\/uploads\/2022\/04\/visiter-vaucluse-100x71.jpg\" data-src=\"https:\/\/camping-lariviere.com\/wp-content\/uploads\/2022\/04\/visiter-vaucluse.jpg\" alt=\"visiter vaucluse\" class=\"big\" \/><\/div><div class=\"call-to-action_contenu\"><div class=\"call-to-action_titre\">Vaucluse<\/div><\/div><\/a><\/li><\/ul><\/div><\/section>","protected":false},"excerpt":{"rendered":"","protected":false},"author":1,"featured_media":0,"parent":0,"menu_order":0,"comment_status":"closed","ping_status":"closed","template":"","meta":{"_acf_changed":false,"footnotes":""},"class_list":["post-4971","page","type-page","status-publish","hentry"],"acf":[],"yoast_head":"<!-- This site is optimized with the Yoast SEO plugin v23.4 - https:\/\/yoast.com\/wordpress\/plugins\/seo\/ -->\n<title>Que faire \u00e0 Manosque ? Nos conseils de visite<\/title>\n<meta name=\"description\" content=\"D\u00e9couvrez la ville de Manosque et nos conseils de visite pour la d\u00e9couvrir ! Saviez vous que Manosque est la ville o\u00f9 a v\u00e9cu Jean Giono ?\" \/>\n<meta name=\"robots\" content=\"index, follow, max-snippet:-1, max-image-preview:large, max-video-preview:-1\" \/>\n<link rel=\"canonical\" href=\"https:\/\/camping-lariviere.com\/fr\/tourisme-manosque\/\" \/>\n<meta property=\"og:locale\" content=\"fr_FR\" \/>\n<meta property=\"og:type\" content=\"article\" \/>\n<meta property=\"og:title\" content=\"Que faire \u00e0 Manosque ? Nos conseils de visite\" \/>\n<meta property=\"og:description\" content=\"D\u00e9couvrez la ville de Manosque et nos conseils de visite pour la d\u00e9couvrir ! Saviez vous que Manosque est la ville o\u00f9 a v\u00e9cu Jean Giono ?\" \/>\n<meta property=\"og:url\" content=\"https:\/\/camping-lariviere.com\/fr\/tourisme-manosque\/\" \/>\n<meta property=\"og:site_name\" content=\"Camping la Rivi\u00e8re\" \/>\n<meta property=\"article:modified_time\" content=\"2023-05-09T14:31:02+00:00\" \/>\n<meta name=\"twitter:card\" content=\"summary_large_image\" \/>\n<script type=\"application\/ld+json\" class=\"yoast-schema-graph\">{\"@context\":\"https:\/\/schema.org\",\"@graph\":[{\"@type\":\"WebPage\",\"@id\":\"https:\/\/camping-lariviere.com\/fr\/tourisme-manosque\/\",\"url\":\"https:\/\/camping-lariviere.com\/fr\/tourisme-manosque\/\",\"name\":\"Que faire \u00e0 Manosque ? Nos conseils de visite\",\"isPartOf\":{\"@id\":\"https:\/\/camping-lariviere.com\/fr\/#website\"},\"datePublished\":\"2022-04-25T08:10:11+00:00\",\"dateModified\":\"2023-05-09T14:31:02+00:00\",\"description\":\"D\u00e9couvrez la ville de Manosque et nos conseils de visite pour la d\u00e9couvrir ! Saviez vous que Manosque est la ville o\u00f9 a v\u00e9cu Jean Giono ?\",\"breadcrumb\":{\"@id\":\"https:\/\/camping-lariviere.com\/fr\/tourisme-manosque\/#breadcrumb\"},\"inLanguage\":\"fr-FR\",\"potentialAction\":[{\"@type\":\"ReadAction\",\"target\":[\"https:\/\/camping-lariviere.com\/fr\/tourisme-manosque\/\"]}]},{\"@type\":\"BreadcrumbList\",\"@id\":\"https:\/\/camping-lariviere.com\/fr\/tourisme-manosque\/#breadcrumb\",\"itemListElement\":[{\"@type\":\"ListItem\",\"position\":1,\"name\":\"Camping Luberon\",\"item\":\"https:\/\/camping-lariviere.com\/fr\/\"},{\"@type\":\"ListItem\",\"position\":2,\"name\":\"Tourisme Manosque\"}]},{\"@type\":\"WebSite\",\"@id\":\"https:\/\/camping-lariviere.com\/fr\/#website\",\"url\":\"https:\/\/camping-lariviere.com\/fr\/\",\"name\":\"Camping la Rivi\u00e8re\",\"description\":\"\",\"publisher\":{\"@id\":\"https:\/\/camping-lariviere.com\/fr\/#organization\"},\"potentialAction\":[{\"@type\":\"SearchAction\",\"target\":{\"@type\":\"EntryPoint\",\"urlTemplate\":\"https:\/\/camping-lariviere.com\/fr\/?s={search_term_string}\"},\"query-input\":{\"@type\":\"PropertyValueSpecification\",\"valueRequired\":true,\"valueName\":\"search_term_string\"}}],\"inLanguage\":\"fr-FR\"},{\"@type\":\"Organization\",\"@id\":\"https:\/\/camping-lariviere.com\/fr\/#organization\",\"name\":\"Camping La Rivi\u00e8re\",\"url\":\"https:\/\/camping-lariviere.com\/fr\/\",\"logo\":{\"@type\":\"ImageObject\",\"inLanguage\":\"fr-FR\",\"@id\":\"https:\/\/camping-lariviere.com\/fr\/#\/schema\/logo\/image\/\",\"url\":\"https:\/\/camping-lariviere.com\/wp-content\/uploads\/2020\/10\/camping-la-riviere-logo.png\",\"contentUrl\":\"https:\/\/camping-lariviere.com\/wp-content\/uploads\/2020\/10\/camping-la-riviere-logo.png\",\"width\":260,\"height\":210,\"caption\":\"Camping La Rivi\u00e8re\"},\"image\":{\"@id\":\"https:\/\/camping-lariviere.com\/fr\/#\/schema\/logo\/image\/\"}}]}<\/script>\n<!-- \/ Yoast SEO plugin. -->","yoast_head_json":{"title":"Que faire \u00e0 Manosque ? Nos conseils de visite","description":"D\u00e9couvrez la ville de Manosque et nos conseils de visite pour la d\u00e9couvrir ! Saviez vous que Manosque est la ville o\u00f9 a v\u00e9cu Jean Giono ?","robots":{"index":"index","follow":"follow","max-snippet":"max-snippet:-1","max-image-preview":"max-image-preview:large","max-video-preview":"max-video-preview:-1"},"canonical":"https:\/\/camping-lariviere.com\/fr\/tourisme-manosque\/","og_locale":"fr_FR","og_type":"article","og_title":"Que faire \u00e0 Manosque ? Nos conseils de visite","og_description":"D\u00e9couvrez la ville de Manosque et nos conseils de visite pour la d\u00e9couvrir ! Saviez vous que Manosque est la ville o\u00f9 a v\u00e9cu Jean Giono ?","og_url":"https:\/\/camping-lariviere.com\/fr\/tourisme-manosque\/","og_site_name":"Camping la Rivi\u00e8re","article_modified_time":"2023-05-09T14:31:02+00:00","twitter_card":"summary_large_image","schema":{"@context":"https:\/\/schema.org","@graph":[{"@type":"WebPage","@id":"https:\/\/camping-lariviere.com\/fr\/tourisme-manosque\/","url":"https:\/\/camping-lariviere.com\/fr\/tourisme-manosque\/","name":"Que faire \u00e0 Manosque ? Nos conseils de visite","isPartOf":{"@id":"https:\/\/camping-lariviere.com\/fr\/#website"},"datePublished":"2022-04-25T08:10:11+00:00","dateModified":"2023-05-09T14:31:02+00:00","description":"D\u00e9couvrez la ville de Manosque et nos conseils de visite pour la d\u00e9couvrir ! Saviez vous que Manosque est la ville o\u00f9 a v\u00e9cu Jean Giono ?","breadcrumb":{"@id":"https:\/\/camping-lariviere.com\/fr\/tourisme-manosque\/#breadcrumb"},"inLanguage":"fr-FR","potentialAction":[{"@type":"ReadAction","target":["https:\/\/camping-lariviere.com\/fr\/tourisme-manosque\/"]}]},{"@type":"BreadcrumbList","@id":"https:\/\/camping-lariviere.com\/fr\/tourisme-manosque\/#breadcrumb","itemListElement":[{"@type":"ListItem","position":1,"name":"Camping Luberon","item":"https:\/\/camping-lariviere.com\/fr\/"},{"@type":"ListItem","position":2,"name":"Tourisme Manosque"}]},{"@type":"WebSite","@id":"https:\/\/camping-lariviere.com\/fr\/#website","url":"https:\/\/camping-lariviere.com\/fr\/","name":"Camping la Rivi\u00e8re","description":"","publisher":{"@id":"https:\/\/camping-lariviere.com\/fr\/#organization"},"potentialAction":[{"@type":"SearchAction","target":{"@type":"EntryPoint","urlTemplate":"https:\/\/camping-lariviere.com\/fr\/?s={search_term_string}"},"query-input":{"@type":"PropertyValueSpecification","valueRequired":true,"valueName":"search_term_string"}}],"inLanguage":"fr-FR"},{"@type":"Organization","@id":"https:\/\/camping-lariviere.com\/fr\/#organization","name":"Camping La Rivi\u00e8re","url":"https:\/\/camping-lariviere.com\/fr\/","logo":{"@type":"ImageObject","inLanguage":"fr-FR","@id":"https:\/\/camping-lariviere.com\/fr\/#\/schema\/logo\/image\/","url":"https:\/\/camping-lariviere.com\/wp-content\/uploads\/2020\/10\/camping-la-riviere-logo.png","contentUrl":"https:\/\/camping-lariviere.com\/wp-content\/uploads\/2020\/10\/camping-la-riviere-logo.png","width":260,"height":210,"caption":"Camping La Rivi\u00e8re"},"image":{"@id":"https:\/\/camping-lariviere.com\/fr\/#\/schema\/logo\/image\/"}}]}},"_links":{"self":[{"href":"https:\/\/camping-lariviere.com\/fr\/wp-json\/wp\/v2\/pages\/4971","targetHints":{"allow":["GET"]}}],"collection":[{"href":"https:\/\/camping-lariviere.com\/fr\/wp-json\/wp\/v2\/pages"}],"about":[{"href":"https:\/\/camping-lariviere.com\/fr\/wp-json\/wp\/v2\/types\/page"}],"author":[{"embeddable":true,"href":"https:\/\/camping-lariviere.com\/fr\/wp-json\/wp\/v2\/users\/1"}],"replies":[{"embeddable":true,"href":"https:\/\/camping-lariviere.com\/fr\/wp-json\/wp\/v2\/comments?post=4971"}],"version-history":[{"count":23,"href":"https:\/\/camping-lariviere.com\/fr\/wp-json\/wp\/v2\/pages\/4971\/revisions"}],"predecessor-version":[{"id":6194,"href":"https:\/\/camping-lariviere.com\/fr\/wp-json\/wp\/v2\/pages\/4971\/revisions\/6194"}],"wp:attachment":[{"href":"https:\/\/camping-lariviere.com\/fr\/wp-json\/wp\/v2\/media?parent=4971"}],"curies":[{"name":"wp","href":"https:\/\/api.w.org\/{rel}","templated":true}]}}