{"id":4972,"date":"2022-04-25T11:15:40","date_gmt":"2022-04-25T09:15:40","guid":{"rendered":"https:\/\/camping-lariviere.com\/?page_id=4972"},"modified":"2024-10-11T13:50:23","modified_gmt":"2024-10-11T11:50:23","slug":"tourisme-provence","status":"publish","type":"page","link":"https:\/\/camping-lariviere.com\/fr\/tourisme-provence\/","title":{"rendered":"Tourisme Provence"},"content":{"rendered":"<section id=\"section-626655663318d\"\" class=\"section bg-color2\" \/><div class=\"container extralarge\"><h1 class=\"element section-title center\">D\u00e9couvrez la Provence<\/h1><div class=\"element bloc-text justify \">\n\t<p><span style=\"font-weight: 400;\">Au sud des Alpes, <strong>entre la vall\u00e9e du Rh\u00f4ne et la C\u00f4te d\u2019Azur<\/strong>, se trouve l\u2019une des r\u00e9gions les plus visit\u00e9es de la France : la Provence, o\u00f9 se trouve le <a href=\"\/fr\/\">camping La Rivi\u00e8re dans le Luberon<\/a>. Appr\u00e9ci\u00e9e pour son patrimoine se caract\u00e9risant par de <strong>beaux paysages de campagne<\/strong> et son <strong>littoral de la M\u00e9diterran\u00e9e<\/strong>, la Provence attire chaque ann\u00e9e plus de 23 millions de touristes. Si vous projetez d\u2019y aller pour les prochaines vacances, <strong>on se propose de vous faire d\u00e9couvrir quelques-unes des meilleures activit\u00e9s \u00e0 faire sur cette magnifique destination<\/strong> !<\/span><\/p>\n<\/div><\/div><\/section>\n\n<section id=\"section-6266556633379\"\" class=\"section bg-white p-t-0 p-b-0\" \/><div class=\"container full\"><div class=\"colonnes-wrap valign-middle \"><div class=\"element colonne p-x-10\"><h2 class=\"element section-title left\">Les activit\u00e9s outdoor en pleine nature : notre top 10<\/h2><div class=\"element bloc-text justify \">\n\t<p>Pour ceux et celles qui aiment les activit\u00e9s en pleine nature, la Provence les comblera certainement. D\u00e9couvrez un avant-go\u00fbt de ce qui vous attend avec notre top 10 :<\/p>\n<ul>\n<li>Tester les nombreux <a href=\"https:\/\/camping-lariviere.com\/fr\/blog\/circuits-velo-dans-le-luberon\/\"><strong class=\"bold color1\">circuits v\u00e9lo<\/strong> dans le Luberon<\/a> : le circuit du pays de Forcalquier, le pays d\u2019Aigues, la v\u00e9loroute du Calavon\u2026 ;<\/li>\n<li>D\u00e9couvrir les <a href=\"https:\/\/camping-lariviere.com\/fr\/blog\/randonnees-dans-le-luberon\/\"><strong class=\"bold color1\">pistes de randonn\u00e9e<\/strong> \u00e0 proximit\u00e9 du Luberon<\/a> : le Pin blanc \u00e0 Niozelles, la Roche Am\u00e8re \u00e0 Volx, les 7 lacs de Beaumont-de-Pertuis\u2026 ;<\/li>\n<li>Se donner des frayeurs <strong class=\"bold color1\">en planant au-dessus du vide \u00e0 La Colmiane<\/strong> ;<\/li>\n<li>Essayer le <strong class=\"bold color1\">yoga en plein air \u00e0 Marseille<\/strong> ;<\/li>\n<li>Faire de <strong class=\"bold color1\">l\u2019escalade sur les falaises du village de Buoux<\/strong> ;<\/li>\n<li>Faire du <strong>planeur \u00e0 Saint-Auban<\/strong> ;<\/li>\n<li>Essayer la <strong class=\"bold color1\">montgolfi\u00e8re au d\u00e9part de Forcalquier<\/strong> ;<\/li>\n<li>Faire du <strong class=\"bold color1\">rafting sur la Durance<\/strong> ;<\/li>\n<li><strong class=\"bold color1\">Se balader \u00e0 cheval<\/strong> en haute Provence Luberon et <a href=\"https:\/\/camping-lariviere.com\/fr\/camping-forcalquier\/\">Forcalquier<\/a>;<\/li>\n<li>Faire une <strong class=\"bold color1\">randonn\u00e9e <\/strong>au <a href=\"https:\/\/camping-lariviere.com\/fr\/blog\/parc-national-mercantour\/\">parc national du Mercantour<\/a>.<\/li>\n<\/ul>\n<\/div><\/div><div class=\"element colonne p-0\"><div class=\"element images scroll-x-mobile\"><div class=\"image\"><img decoding=\"async\" src=\"https:\/\/camping-lariviere.com\/wp-content\/uploads\/2022\/04\/parc-du-mercantour-100x71.jpg\" data-src=\"https:\/\/camping-lariviere.com\/wp-content\/uploads\/2022\/04\/parc-du-mercantour.jpg\" alt=\"parc du mercantour\" class=\"images_image\" Les activit\u00e9s outdoor en pleine nature : notre top 10\/><\/div><\/div><\/div><\/div><\/div><\/section>\n\n<section id=\"section-6266677d6f92c\"\" class=\"section bg-white p-t-0 p-b-0\" \/><div class=\"container full\"><div class=\"colonnes-wrap valign-middle \"><div class=\"element colonne p-0\"><div class=\"element images scroll-x-mobile\"><div class=\"image\"><img decoding=\"async\" src=\"https:\/\/camping-lariviere.com\/wp-content\/uploads\/2022\/04\/lac-esparron-100x71.jpg\" data-src=\"https:\/\/camping-lariviere.com\/wp-content\/uploads\/2022\/04\/lac-esparron.jpg\" alt=\"lac d'esparron\" class=\"images_image\" \/><\/div><\/div><\/div><div class=\"element colonne p-x-10\"><h2 class=\"element section-title left\">Une escapade farniente<\/h2><div class=\"element bloc-text justify \">\n\t<p>Si vous aimez plut\u00f4t les activit\u00e9s d\u00e9tente, la Provence ne vous d\u00e9cevra pas. Vous pouvez par exemple vous <strong class=\"bold color1\">baigner dans le lac d\u2019Esparron ou de Sainte-Croix<\/strong> et profiter d\u2019un bon moment de d\u00e9tente. Vous pouvez aussi fl\u00e2ner sur les <strong class=\"bold color1\">march\u00e9s <\/strong>organis\u00e9s par de nombreuses <strong class=\"bold color1\">villes proven\u00e7ales<\/strong> (Annot, Colmar, Moriez, Entrevaux\u2026).<\/p>\n<p>Autre activit\u00e9 d\u00e9tente, faire un tour dans la For\u00eat des c\u00e8dres du <a href=\"https:\/\/camping-lariviere.com\/fr\/blog\/le-parc-naturel-du-luberon\/\"><strong class=\"bold color1\">Parc Naturel R\u00e9gional du Luberon<\/strong><\/a>. C\u2019est une belle occasion d\u2019appr\u00e9cier le plaisir de respirer les odeurs de sous-bois et de se sentir plus proche que jamais de la nature. N\u2019oubliez \u00e9galement pas de visiter les <strong class=\"bold color1\">champs de lavande<\/strong> qui font la c\u00e9l\u00e9brit\u00e9 du Luberon.<\/p>\n<\/div><\/div><\/div><\/div><\/section>\n\n<section id=\"section-6266677d6fbc9\"\" class=\"section bg-white p-t-0 p-b-0\" \/><div class=\"container full\"><div class=\"colonnes-wrap valign-middle \"><div class=\"element colonne p-x-10\"><h2 class=\"element section-title left\">Notre top 10 des villages et villes incontournables \u00e0 visiter en Provence-Alpes-C\u00f4te d\u2019Azur<\/h2><div class=\"element bloc-text justify \">\n\t<p>La Provence-Alpes-C\u00f4te-D\u2019Azur abrite de nombreux villages et villes qu\u2019il serait dommage de ne pas visiter lors d\u2019un s\u00e9jour sur place. On vous propose une s\u00e9lection des 10 meilleurs d\u2019entre eux :<\/p>\n<ul>\n<li><strong class=\"bold color1\">Aix-en-Provence<\/strong> : r\u00e9put\u00e9e pour avoir abrit\u00e9 l\u2019atelier de Paul C\u00e9zanne, pour son parc Joudan et pour ses calissons, grande sp\u00e9cialit\u00e9 culinaire locale ;<\/li>\n<li><strong class=\"bold color1\">Uz\u00e8s <\/strong>: ville d\u2019art et d\u2019histoire qui abrite le premier duch\u00e9 de France. Elle est \u00e9galement c\u00e9l\u00e8bre pour \u00eatre la ville natale de la c\u00e9l\u00e8bre marque de bonbon, Haribo ;<\/li>\n<li><strong class=\"bold color1\">Saint-Tropez<\/strong> : la destination id\u00e9ale si vous \u00eates un f\u00e9ru de f\u00eates nocturnes et de luxe. Malgr\u00e9 tout, la ville abrite encore de beaux monuments historiques qui lui donnent les charmes d\u2019un village ;<\/li>\n<li><strong class=\"bold color1\">Marseille <\/strong>: une destination incontournable en Provence, r\u00e9put\u00e9e pour son march\u00e9 de poissons situ\u00e9 dans le Vieux-Port et pour ses nombreux spots de baignades ;<\/li>\n<li><strong class=\"bold color1\">Roussillon <\/strong>: la particularit\u00e9 de ce village tient au fait qu\u2019il est situ\u00e9 en plein c\u0153ur du gisement d\u2019ocre le plus important d\u2019Europe ;<\/li>\n<\/ul>\n<\/div><\/div><div class=\"element colonne p-0\"><div class=\"element images scroll-x-mobile\"><div class=\"image\"><img decoding=\"async\" src=\"https:\/\/camping-lariviere.com\/wp-content\/uploads\/2022\/04\/tourisme-provence-100x71.jpg\" data-src=\"https:\/\/camping-lariviere.com\/wp-content\/uploads\/2022\/04\/tourisme-provence.jpg\" alt=\"tourisme provence\" class=\"images_image\" Notre top 10 des villages et villes incontournables \u00e0 visiter en Provence-Alpes-C\u00f4te d\u2019Azur\/><\/div><\/div><\/div><\/div><div class=\"colonnes-wrap valign-middle \"><div class=\"element colonne p-0\"><div class=\"element images scroll-x-mobile\"><div class=\"image\"><img decoding=\"async\" src=\"https:\/\/camping-lariviere.com\/wp-content\/uploads\/2022\/04\/visiter-provence-100x71.jpg\" data-src=\"https:\/\/camping-lariviere.com\/wp-content\/uploads\/2022\/04\/visiter-provence.jpg\" alt=\"visiter la provence\" class=\"images_image\" Notre top 10 des villages et villes incontournables \u00e0 visiter en Provence-Alpes-C\u00f4te d\u2019Azur\/><\/div><\/div><\/div><div class=\"element colonne p-x-10\"><div class=\"element bloc-text justify \">\n\t<ul>\n<li><strong class=\"bold color1\">Orange <\/strong>: beaucoup s\u2019y rendent pour d\u00e9couvrir le th\u00e9\u00e2tre antique le mieux conserv\u00e9 d\u2019Europe ;<\/li>\n<li><strong class=\"bold color1\">Nice <\/strong>: une ville o\u00f9 il fait bon vivre. L\u2019un des lieux incontournables sur place, la fameuse promenade des Anglais, 8 kilom\u00e8tres de balades en bord de mer sous l\u2019ombre des palmiers ;<\/li>\n<li><strong class=\"bold color1\">L\u2019\u00eele de la Barthelasse<\/strong> : c\u2019est la plus grande \u00eele fluviale d\u2019Europe, un endroit \u00e0 visiter pour les passionn\u00e9s nature ;<\/li>\n<li><strong class=\"bold color1\">Saint-R\u00e9my-de Provence<\/strong> : vous appr\u00e9cierez certainement la douceur de vivre qui y r\u00e8gne, mais aussi l\u2019atmosph\u00e8re apport\u00e9e par le design des h\u00f4tels particuliers de la Renaissance et du XVIII \u00e8me si\u00e8cle ;<\/li>\n<li><strong class=\"bold color1\">Gordes <\/strong>: depuis ses hauteurs, elle offre de nombreux points de vue sur le parc du Luberon. Ne manquez \u00e9galement pas de faire un tour du c\u00f4t\u00e9 du ch\u00e2teau des Gordes et les caves du Palais Saint-Firmin.<\/li>\n<\/ul>\n<\/div><\/div><\/div><\/div><\/section>\n\n<section id=\"section-6266677d6fda1\"\" class=\"section bg-white\" \/><div class=\"container extralarge\"><div class=\"element section-title center title-cta\">A voir \u00e9galement en Provence<\/div><div class=\"element bloc-text justify \">\n\t<p>Lors de votre s\u00e9jour <a href=\"\/fr\/camping-provence\/\">en Provence en camping<\/a>, nous serons ravis de vous conseiller d&rsquo;avantage sur les visites, lieux \u00e0 d\u00e9couvrir \u00e0 proximit\u00e9 de notre <a href=\"https:\/\/camping-lariviere.com\/fr\/camping-apt\/\">camping proche de Apt<\/a><\/p>\n<\/div><ul class=\"liste-de-page\"><li class=\"element call-to-action  call-to-action--style-1 call-to-action--big\"><a href=\"https:\/\/camping-lariviere.com\/fr\/tourisme-pertuis\/\"  class=\"call-to-action_link\" title=\"En savoir plus sur tourisme : pertuis\"><div class=\"call-to-action_image\"><img decoding=\"async\" src=\"https:\/\/camping-lariviere.com\/wp-content\/uploads\/2020\/10\/camping-provence-100x46.jpg\" data-src=\"https:\/\/camping-lariviere.com\/wp-content\/uploads\/2020\/10\/camping-provence.jpg\" alt=\"Tourisme \u00e0 Apt\" class=\"big\" \/><\/div><div class=\"call-to-action_contenu\"><div class=\"call-to-action_titre\">Tourisme : Pertuis<\/div><\/div><\/a><\/li><li class=\"element call-to-action  call-to-action--style-1 call-to-action--big call-to-action--style-1 call-to-action--big\"><a href=\"https:\/\/camping-lariviere.com\/fr\/tourisme-luberon\/\"  class=\"call-to-action_link\" title=\"En savoir plus sur le lub\u00e9ron\"><div class=\"call-to-action_image\"><img decoding=\"async\" src=\"https:\/\/camping-lariviere.com\/wp-content\/uploads\/2021\/09\/camping-la-riviere-alentour-bg-luberon-100x37.jpg\" data-src=\"https:\/\/camping-lariviere.com\/wp-content\/uploads\/2021\/09\/camping-la-riviere-alentour-bg-luberon.jpg\" alt=\"camping-la-riviere-alentour-bg-luberon\" class=\"big\" \/><\/div><div class=\"call-to-action_contenu\"><div class=\"call-to-action_titre\">Le Lub\u00e9ron<\/div><\/div><\/a><\/li><li class=\"element call-to-action  call-to-action--style-1 call-to-action--big call-to-action--style-1 call-to-action--big call-to-action--style-1 call-to-action--big\"><a href=\"https:\/\/camping-lariviere.com\/fr\/tourisme-greoux-les-bains\/\"  class=\"call-to-action_link\" title=\"En savoir plus sur tourisme : gr\u00e9oux les bains\"><div class=\"call-to-action_image\"><img decoding=\"async\" src=\"https:\/\/camping-lariviere.com\/wp-content\/uploads\/2020\/10\/camping-provence-100x46.jpg\" data-src=\"https:\/\/camping-lariviere.com\/wp-content\/uploads\/2020\/10\/camping-provence.jpg\" alt=\"Tourisme \u00e0 Apt\" class=\"big\" \/><\/div><div class=\"call-to-action_contenu\"><div class=\"call-to-action_titre\">Tourisme : Gr\u00e9oux les Bains<\/div><\/div><\/a><\/li><li class=\"element call-to-action  call-to-action--style-1 call-to-action--big call-to-action--style-1 call-to-action--big call-to-action--style-1 call-to-action--big call-to-action--style-1 call-to-action--big\"><a href=\"https:\/\/camping-lariviere.com\/fr\/tourisme-manosque\/\"  class=\"call-to-action_link\" title=\"En savoir plus sur tourisme manosque\"><div class=\"call-to-action_image\"><img decoding=\"async\" src=\"https:\/\/camping-lariviere.com\/wp-content\/uploads\/2020\/10\/vacances-manosque-100x65.jpg\" data-src=\"https:\/\/camping-lariviere.com\/wp-content\/uploads\/2020\/10\/vacances-manosque.jpg\" alt=\"vacances manosque\" class=\"big\" \/><\/div><div class=\"call-to-action_contenu\"><div class=\"call-to-action_titre\">Tourisme Manosque<\/div><\/div><\/a><\/li><li class=\"element call-to-action  call-to-action--style-1 call-to-action--big call-to-action--style-1 call-to-action--big call-to-action--style-1 call-to-action--big call-to-action--style-1 call-to-action--big call-to-action--style-1 call-to-action--big\"><a href=\"https:\/\/camping-lariviere.com\/fr\/tourisme-gorges-du-verdon\/\"  class=\"call-to-action_link\" title=\"En savoir plus sur gorges du verdon\"><div class=\"call-to-action_image\"><img decoding=\"async\" src=\"https:\/\/camping-lariviere.com\/wp-content\/uploads\/2022\/12\/activites-gorges-du-verdon-100x71.jpg\" data-src=\"https:\/\/camping-lariviere.com\/wp-content\/uploads\/2022\/12\/activites-gorges-du-verdon.jpg\" alt=\"\" class=\"big\" \/><\/div><div class=\"call-to-action_contenu\"><div class=\"call-to-action_titre\">Gorges du Verdon<\/div><\/div><\/a><\/li><li class=\"element call-to-action  call-to-action--style-1 call-to-action--big call-to-action--style-1 call-to-action--big call-to-action--style-1 call-to-action--big call-to-action--style-1 call-to-action--big call-to-action--style-1 call-to-action--big call-to-action--style-1 call-to-action--big\"><a href=\"https:\/\/camping-lariviere.com\/fr\/camping-apt\/\"  class=\"call-to-action_link\" title=\"En savoir plus sur alentours : apt\"><div class=\"call-to-action_image\"><img decoding=\"async\" src=\"https:\/\/camping-lariviere.com\/wp-content\/uploads\/2023\/02\/luberon-1-100x32.png\" data-src=\"https:\/\/camping-lariviere.com\/wp-content\/uploads\/2023\/02\/luberon-1.png\" alt=\"pourquoi luberon destination vacances\" class=\"big\" \/><\/div><div class=\"call-to-action_contenu\"><div class=\"call-to-action_titre\">Alentours : Apt<\/div><\/div><\/a><\/li><\/ul><\/div><\/section>","protected":false},"excerpt":{"rendered":"","protected":false},"author":1,"featured_media":0,"parent":0,"menu_order":0,"comment_status":"closed","ping_status":"closed","template":"","meta":{"_acf_changed":false,"footnotes":""},"class_list":["post-4972","page","type-page","status-publish","hentry"],"acf":[],"yoast_head":"<!-- This site is optimized with the Yoast SEO plugin v23.4 - https:\/\/yoast.com\/wordpress\/plugins\/seo\/ -->\n<title>Que faire en Provence ? Les lieux \u00e0 ne pas manquer<\/title>\n<meta name=\"description\" content=\"Vous souhaitez partir en vacances en Provence ? Retrouvez nos conseils de visite, lieux \u00e0 ne pas manquer dans la belle r\u00e9gion de Provence...\" \/>\n<meta name=\"robots\" content=\"index, follow, max-snippet:-1, max-image-preview:large, max-video-preview:-1\" \/>\n<link rel=\"canonical\" href=\"https:\/\/camping-lariviere.com\/fr\/tourisme-provence\/\" \/>\n<meta property=\"og:locale\" content=\"fr_FR\" \/>\n<meta property=\"og:type\" content=\"article\" \/>\n<meta property=\"og:title\" content=\"Que faire en Provence ? Les lieux \u00e0 ne pas manquer\" \/>\n<meta property=\"og:description\" content=\"Vous souhaitez partir en vacances en Provence ? Retrouvez nos conseils de visite, lieux \u00e0 ne pas manquer dans la belle r\u00e9gion de Provence...\" \/>\n<meta property=\"og:url\" content=\"https:\/\/camping-lariviere.com\/fr\/tourisme-provence\/\" \/>\n<meta property=\"og:site_name\" content=\"Camping la Rivi\u00e8re\" \/>\n<meta property=\"article:modified_time\" content=\"2024-10-11T11:50:23+00:00\" \/>\n<meta name=\"twitter:card\" content=\"summary_large_image\" \/>\n<script type=\"application\/ld+json\" class=\"yoast-schema-graph\">{\"@context\":\"https:\/\/schema.org\",\"@graph\":[{\"@type\":\"WebPage\",\"@id\":\"https:\/\/camping-lariviere.com\/fr\/tourisme-provence\/\",\"url\":\"https:\/\/camping-lariviere.com\/fr\/tourisme-provence\/\",\"name\":\"Que faire en Provence ? Les lieux \u00e0 ne pas manquer\",\"isPartOf\":{\"@id\":\"https:\/\/camping-lariviere.com\/fr\/#website\"},\"datePublished\":\"2022-04-25T09:15:40+00:00\",\"dateModified\":\"2024-10-11T11:50:23+00:00\",\"description\":\"Vous souhaitez partir en vacances en Provence ? Retrouvez nos conseils de visite, lieux \u00e0 ne pas manquer dans la belle r\u00e9gion de Provence...\",\"breadcrumb\":{\"@id\":\"https:\/\/camping-lariviere.com\/fr\/tourisme-provence\/#breadcrumb\"},\"inLanguage\":\"fr-FR\",\"potentialAction\":[{\"@type\":\"ReadAction\",\"target\":[\"https:\/\/camping-lariviere.com\/fr\/tourisme-provence\/\"]}]},{\"@type\":\"BreadcrumbList\",\"@id\":\"https:\/\/camping-lariviere.com\/fr\/tourisme-provence\/#breadcrumb\",\"itemListElement\":[{\"@type\":\"ListItem\",\"position\":1,\"name\":\"Camping Luberon\",\"item\":\"https:\/\/camping-lariviere.com\/fr\/\"},{\"@type\":\"ListItem\",\"position\":2,\"name\":\"Tourisme Provence\"}]},{\"@type\":\"WebSite\",\"@id\":\"https:\/\/camping-lariviere.com\/fr\/#website\",\"url\":\"https:\/\/camping-lariviere.com\/fr\/\",\"name\":\"Camping la Rivi\u00e8re\",\"description\":\"\",\"publisher\":{\"@id\":\"https:\/\/camping-lariviere.com\/fr\/#organization\"},\"potentialAction\":[{\"@type\":\"SearchAction\",\"target\":{\"@type\":\"EntryPoint\",\"urlTemplate\":\"https:\/\/camping-lariviere.com\/fr\/?s={search_term_string}\"},\"query-input\":{\"@type\":\"PropertyValueSpecification\",\"valueRequired\":true,\"valueName\":\"search_term_string\"}}],\"inLanguage\":\"fr-FR\"},{\"@type\":\"Organization\",\"@id\":\"https:\/\/camping-lariviere.com\/fr\/#organization\",\"name\":\"Camping La Rivi\u00e8re\",\"url\":\"https:\/\/camping-lariviere.com\/fr\/\",\"logo\":{\"@type\":\"ImageObject\",\"inLanguage\":\"fr-FR\",\"@id\":\"https:\/\/camping-lariviere.com\/fr\/#\/schema\/logo\/image\/\",\"url\":\"https:\/\/camping-lariviere.com\/wp-content\/uploads\/2020\/10\/camping-la-riviere-logo.png\",\"contentUrl\":\"https:\/\/camping-lariviere.com\/wp-content\/uploads\/2020\/10\/camping-la-riviere-logo.png\",\"width\":260,\"height\":210,\"caption\":\"Camping La Rivi\u00e8re\"},\"image\":{\"@id\":\"https:\/\/camping-lariviere.com\/fr\/#\/schema\/logo\/image\/\"}}]}<\/script>\n<!-- \/ Yoast SEO plugin. -->","yoast_head_json":{"title":"Que faire en Provence ? Les lieux \u00e0 ne pas manquer","description":"Vous souhaitez partir en vacances en Provence ? Retrouvez nos conseils de visite, lieux \u00e0 ne pas manquer dans la belle r\u00e9gion de Provence...","robots":{"index":"index","follow":"follow","max-snippet":"max-snippet:-1","max-image-preview":"max-image-preview:large","max-video-preview":"max-video-preview:-1"},"canonical":"https:\/\/camping-lariviere.com\/fr\/tourisme-provence\/","og_locale":"fr_FR","og_type":"article","og_title":"Que faire en Provence ? Les lieux \u00e0 ne pas manquer","og_description":"Vous souhaitez partir en vacances en Provence ? Retrouvez nos conseils de visite, lieux \u00e0 ne pas manquer dans la belle r\u00e9gion de Provence...","og_url":"https:\/\/camping-lariviere.com\/fr\/tourisme-provence\/","og_site_name":"Camping la Rivi\u00e8re","article_modified_time":"2024-10-11T11:50:23+00:00","twitter_card":"summary_large_image","schema":{"@context":"https:\/\/schema.org","@graph":[{"@type":"WebPage","@id":"https:\/\/camping-lariviere.com\/fr\/tourisme-provence\/","url":"https:\/\/camping-lariviere.com\/fr\/tourisme-provence\/","name":"Que faire en Provence ? Les lieux \u00e0 ne pas manquer","isPartOf":{"@id":"https:\/\/camping-lariviere.com\/fr\/#website"},"datePublished":"2022-04-25T09:15:40+00:00","dateModified":"2024-10-11T11:50:23+00:00","description":"Vous souhaitez partir en vacances en Provence ? Retrouvez nos conseils de visite, lieux \u00e0 ne pas manquer dans la belle r\u00e9gion de Provence...","breadcrumb":{"@id":"https:\/\/camping-lariviere.com\/fr\/tourisme-provence\/#breadcrumb"},"inLanguage":"fr-FR","potentialAction":[{"@type":"ReadAction","target":["https:\/\/camping-lariviere.com\/fr\/tourisme-provence\/"]}]},{"@type":"BreadcrumbList","@id":"https:\/\/camping-lariviere.com\/fr\/tourisme-provence\/#breadcrumb","itemListElement":[{"@type":"ListItem","position":1,"name":"Camping Luberon","item":"https:\/\/camping-lariviere.com\/fr\/"},{"@type":"ListItem","position":2,"name":"Tourisme Provence"}]},{"@type":"WebSite","@id":"https:\/\/camping-lariviere.com\/fr\/#website","url":"https:\/\/camping-lariviere.com\/fr\/","name":"Camping la Rivi\u00e8re","description":"","publisher":{"@id":"https:\/\/camping-lariviere.com\/fr\/#organization"},"potentialAction":[{"@type":"SearchAction","target":{"@type":"EntryPoint","urlTemplate":"https:\/\/camping-lariviere.com\/fr\/?s={search_term_string}"},"query-input":{"@type":"PropertyValueSpecification","valueRequired":true,"valueName":"search_term_string"}}],"inLanguage":"fr-FR"},{"@type":"Organization","@id":"https:\/\/camping-lariviere.com\/fr\/#organization","name":"Camping La Rivi\u00e8re","url":"https:\/\/camping-lariviere.com\/fr\/","logo":{"@type":"ImageObject","inLanguage":"fr-FR","@id":"https:\/\/camping-lariviere.com\/fr\/#\/schema\/logo\/image\/","url":"https:\/\/camping-lariviere.com\/wp-content\/uploads\/2020\/10\/camping-la-riviere-logo.png","contentUrl":"https:\/\/camping-lariviere.com\/wp-content\/uploads\/2020\/10\/camping-la-riviere-logo.png","width":260,"height":210,"caption":"Camping La Rivi\u00e8re"},"image":{"@id":"https:\/\/camping-lariviere.com\/fr\/#\/schema\/logo\/image\/"}}]}},"_links":{"self":[{"href":"https:\/\/camping-lariviere.com\/fr\/wp-json\/wp\/v2\/pages\/4972","targetHints":{"allow":["GET"]}}],"collection":[{"href":"https:\/\/camping-lariviere.com\/fr\/wp-json\/wp\/v2\/pages"}],"about":[{"href":"https:\/\/camping-lariviere.com\/fr\/wp-json\/wp\/v2\/types\/page"}],"author":[{"embeddable":true,"href":"https:\/\/camping-lariviere.com\/fr\/wp-json\/wp\/v2\/users\/1"}],"replies":[{"embeddable":true,"href":"https:\/\/camping-lariviere.com\/fr\/wp-json\/wp\/v2\/comments?post=4972"}],"version-history":[{"count":25,"href":"https:\/\/camping-lariviere.com\/fr\/wp-json\/wp\/v2\/pages\/4972\/revisions"}],"predecessor-version":[{"id":6851,"href":"https:\/\/camping-lariviere.com\/fr\/wp-json\/wp\/v2\/pages\/4972\/revisions\/6851"}],"wp:attachment":[{"href":"https:\/\/camping-lariviere.com\/fr\/wp-json\/wp\/v2\/media?parent=4972"}],"curies":[{"name":"wp","href":"https:\/\/api.w.org\/{rel}","templated":true}]}}