{"id":4973,"date":"2022-04-25T11:43:34","date_gmt":"2022-04-25T09:43:34","guid":{"rendered":"https:\/\/camping-lariviere.com\/?page_id=4973"},"modified":"2024-09-27T15:31:34","modified_gmt":"2024-09-27T13:31:34","slug":"tourisme-vaucluse","status":"publish","type":"page","link":"https:\/\/camping-lariviere.com\/fr\/tourisme-vaucluse\/","title":{"rendered":"Tourisme Vaucluse"},"content":{"rendered":"<section id=\"section-6266556a1388f\"\" class=\"section bg-color2\" \/><div class=\"container extralarge\"><h1 class=\"element section-title center\">D\u00e9couvrez le Vaucluse<\/h1><div class=\"element bloc-text justify \">\n\t<p>Des <strong class=\"bold color1\">villages <\/strong>au charme ancien, une<strong class=\"bold color1\"> richesse patrimoniale exceptionnelle<\/strong>, de nombreux lieux pour appr\u00e9cier la nature\u2026 Bienvenue dans l\u2019arri\u00e8re-pays proven\u00e7al, le <strong class=\"bold color1\">Vaucluse<\/strong>. Bord\u00e9 par des lieux c\u00e9l\u00e8bres de France comme le <a href=\"https:\/\/camping-lariviere.com\/fr\/camping-gorges-du-verdon\/\">Verdon<\/a>, le <strong class=\"bold color1\">parc naturel r\u00e9gional des Baronnies proven\u00e7ales et les Alpilles<\/strong>, le Vaucluse vous attend avec ses tr\u00e9sors cach\u00e9s. Pour vous donner une petite id\u00e9e de ce qui vous y attend, on se propose de vous faire d\u00e9couvrir les meilleures activit\u00e9s \u00e0 faire avec des enfants ainsi que les plus beaux endroits \u00e0 visiter !<\/p>\n<\/div><\/div><\/section>\n\n<section id=\"section-6266556a13a60\"\" class=\"section bg-white p-t-0 p-b-0\" \/><div class=\"container full\"><div class=\"colonnes-wrap valign-middle \"><div class=\"element colonne p-x-10\"><h2 class=\"element section-title left\">Top 5 des activit\u00e9s avec enfants dans le Vaucluse<\/h2><div class=\"element bloc-text justify \">\n\t<p>C\u2019est d\u00e9cid\u00e9, vous partez en famille dans le Vaucluse au cours des prochaines vacances ? C\u2019est parfait, d\u00e9couvrez notre <strong class=\"bold color1\">top 5 des activit\u00e9s que vous pouvez faire avec vos enfants<\/strong> une fois sur place :<\/p>\n<ul>\n<li><strong class=\"bold color1\">Se baigner dans les lacs et les plans d\u2019eau<\/strong>: bien qu\u2019il n\u2019y ait pas de mer dans le Vaucluse, il y a beaucoup de plans d\u2019eau et de lacs pour se baigner en famille. Il y a notamment pas moins de 8 lieux de baignade en plein air \u00e0 essayer parmi lesquels le lac de Monteaux, le lac des Girardes, la Sorgue ou encore le lac du Paty ;\n<li><strong class=\"bold color1\">Se balader dans la for\u00eat de C\u00e8dres<\/strong> : cet endroit magnifique situ\u00e9 \u00e0 Bonnieux dans le Luberon est parfait pour faire une balade en famille sous l\u2019ombre d\u2019arbres centenaires ;<\/li>\n<li><strong class=\"bold color1\">D\u00e9couvrir en famille la culture romaine<\/strong> : \u00e9nigmes, jeu de r\u00f4le\u2026 Vaison-la-Romaine est le lieu id\u00e9al pour faire d\u00e9couvrir aux enfants la vie des romains et la culture romaine en g\u00e9n\u00e9ral. L\u2019occasion \u00e9galement pour eux de s\u2019amuser et de se cultiver ;<\/li>\n<li><strong class=\"bold color1\">Faire r\u00eaver les enfants au Jarditrain<\/strong> : ce parc d\u2019attractions se trouvant \u00e0 Saint-Didier, \u00e0 proximit\u00e9 de Carpentras abrite un r\u00e9seau ferroviaire miniature organis\u00e9 autour de 650 m de rails d\u00e9cor\u00e9s de plantations naturelles, de maquettes de villages r\u00e9alistes\u2026 Tout pour faire r\u00eaver les enfants ;<\/li>\n<li><strong class=\"bold color1\">Visiter l\u2019Epicurium<\/strong> : une belle occasion de faire d\u00e9couvrir \u00e0 vos enfants le monde des fruits et l\u00e9gumes, le processus de germination de ces derniers, leur plantation\u2026<\/li>\n<\/ul>\n<\/div><\/div><div class=\"element colonne p-0\"><div class=\"element images scroll-x-mobile\"><div class=\"image\"><img decoding=\"async\" src=\"https:\/\/camping-lariviere.com\/wp-content\/uploads\/2022\/04\/visiter-vaucluse-100x71.jpg\" data-src=\"https:\/\/camping-lariviere.com\/wp-content\/uploads\/2022\/04\/visiter-vaucluse.jpg\" alt=\"visiter vaucluse\" class=\"images_image\" Top 5 des activit\u00e9s avec enfants dans le Vaucluse\/><\/div><\/div><\/div><\/div><\/div><\/section>\n\n<section id=\"section-62666d46610c7\"\" class=\"section bg-white p-t-0 p-b-0\" \/><div class=\"container full\"><div class=\"colonnes-wrap valign-middle \"><div class=\"element colonne p-0\"><div class=\"element images scroll-x-mobile\"><div class=\"image\"><img decoding=\"async\" src=\"https:\/\/camping-lariviere.com\/wp-content\/uploads\/2022\/04\/visiter-avignon-100x71.jpg\" data-src=\"https:\/\/camping-lariviere.com\/wp-content\/uploads\/2022\/04\/visiter-avignon.jpg\" alt=\"visiter avignon\" class=\"images_image\" \/><\/div><\/div><\/div><div class=\"element colonne p-x-10\"><h2 class=\"element section-title justify\">Les plus beaux endroits \u00e0 ne pas rater dans le Vaucluse<\/h2><div class=\"element bloc-text justify \">\n\t<p>Le Vaucluse abrite de nombreux endroits qu\u2019il serait vraiment dommage de rater lors d\u2019un s\u00e9jour sur place. Nous vous avons s\u00e9lectionn\u00e9 quelques-uns des plus beaux d\u2019entre eux :<\/p>\n<ul>\n<li><strong class=\"bold color1\">Avignon <\/strong>: aussi connue comme la cit\u00e9 des Papes, cette ville se distingue par l\u2019importance des monuments remarquables qu\u2019elle abrite dont l\u2019Abbaye Saint-Ruf, la Chapelle des P\u00e9nitents noirs, ou encore la Coll\u00e9giale Saint-Pierre ;<\/li>\n<li><strong class=\"bold color1\">Les villages perch\u00e9s du Luberon <\/strong>: le parc naturel du Luberon ne se distingue pas seulement pour sa richesse naturelle, il abrite \u00e9galement de nombreux villages perch\u00e9s, dont Gordes, m\u00eame exceptionnel parmi le r\u00e9seau des plus beaux villages de France. Il y a aussi Goult, r\u00e9put\u00e9 pour ses artisans et son moulin de J\u00e9rusalem ;<\/li>\n<li><strong class=\"bold color1\">Le<a href=\"\/fr\/camping-mont-ventoux\/\"> mont Ventoux<\/a><\/strong> : c\u2019est le point culminant du Vaucluse avec ses 1 910 m d\u2019altitude. Outre les nombreux points de vue offerts par les lieux, vous y trouverez une station de sport d\u2019hiver proposant du VTT, de l\u2019accrobranche et de la descente en tyrolienne en \u00e9t\u00e9 ;<\/li>\n<li><strong class=\"bold color1\">Apt <\/strong>: localis\u00e9 au nord du massif du Luberon, <a href=\"https:\/\/camping-lariviere.com\/fr\/camping-apt\/\">Apt<\/a> est connue pour sa cath\u00e9drale Sainte-Anne. \u00c0 part cela, la ville a \u00e9galement su conserver de nombreux vestiges du pass\u00e9 parmi lesquels, la porte de Saignon, l\u2019ancien couvent des Carmes, les reliques de Sainte-Anne\u2026<\/li>\n<li><a href=\"\/fr\/blog\/dentelles-de-montmirail\/\">Les dentelles de Montmirail<\/a>\u00a0sont un joyau du sud de la France, offrant des paysages d&rsquo;une beaut\u00e9 digne d&rsquo;une carte postale et d&rsquo;une diversit\u00e9 captivante. Elles sont devenues un v\u00e9ritable paradis pour les grimpeurs gr\u00e2ce \u00e0 leur environnement naturel exceptionnel. Entrez dans cette oasis de campagne et d\u00e9couvrez pourquoi elle fait partie des r\u00e9gions les plus remarquables du Massif Proven\u00e7al !<\/li>\n<\/ul>\n<\/div><\/div><\/div><\/div><\/section>\n\n<section id=\"section-62666d46613a1\"\" class=\"section bg-white\" \/><div class=\"container extralarge\"><div class=\"element section-title center title-cta\">D\u00e9couvrez \u00e9galement dans le Vaucluse<\/div><div class=\"element bloc-text justify \">\n\t<p>Visitez le Vaucluse depuis le <a href=\"\/fr\/\">camping La Rivi\u00e8re dans le Luberon<\/a>, vous pourrez aussi profiter de lieux incontournables \u00e0 proximit\u00e9 :<\/p>\n<\/div><ul class=\"liste-de-page\"><li class=\"element call-to-action  call-to-action--style-1 call-to-action--big\"><a href=\"https:\/\/camping-lariviere.com\/fr\/camping-mont-ventoux\/\"  class=\"call-to-action_link\" title=\"En savoir plus sur camping mont ventoux\"><div class=\"call-to-action_image\"><img decoding=\"async\" src=\"https:\/\/camping-lariviere.com\/wp-content\/uploads\/2022\/02\/mont-ventoux-camping-100x54.png\" data-src=\"https:\/\/camping-lariviere.com\/wp-content\/uploads\/2022\/02\/mont-ventoux-camping.png\" alt=\"mont ventoux vu du ciel\" class=\"big\" \/><\/div><div class=\"call-to-action_contenu\"><div class=\"call-to-action_titre\">Camping Mont Ventoux<\/div><\/div><\/a><\/li><li class=\"element call-to-action  call-to-action--style-1 call-to-action--big call-to-action--style-1 call-to-action--big\"><a href=\"https:\/\/camping-lariviere.com\/fr\/tourisme-manosque\/\"  class=\"call-to-action_link\" title=\"En savoir plus sur tourisme manosque\"><div class=\"call-to-action_image\"><img decoding=\"async\" src=\"https:\/\/camping-lariviere.com\/wp-content\/uploads\/2020\/10\/vacances-manosque-100x65.jpg\" data-src=\"https:\/\/camping-lariviere.com\/wp-content\/uploads\/2020\/10\/vacances-manosque.jpg\" alt=\"vacances manosque\" class=\"big\" \/><\/div><div class=\"call-to-action_contenu\"><div class=\"call-to-action_titre\">Tourisme Manosque<\/div><\/div><\/a><\/li><li class=\"element call-to-action  call-to-action--style-1 call-to-action--big call-to-action--style-1 call-to-action--big call-to-action--style-1 call-to-action--big\"><a href=\"https:\/\/camping-lariviere.com\/fr\/tourisme-provence\/\"  class=\"call-to-action_link\" title=\"En savoir plus sur tourisme provence\"><div class=\"call-to-action_image\"><img decoding=\"async\" src=\"https:\/\/camping-lariviere.com\/wp-content\/uploads\/2022\/04\/visiter-provence-100x71.jpg\" data-src=\"https:\/\/camping-lariviere.com\/wp-content\/uploads\/2022\/04\/visiter-provence.jpg\" alt=\"visiter la provence\" class=\"big\" \/><\/div><div class=\"call-to-action_contenu\"><div class=\"call-to-action_titre\">Tourisme Provence<\/div><\/div><\/a><\/li><\/ul><\/div><\/section>","protected":false},"excerpt":{"rendered":"","protected":false},"author":1,"featured_media":5032,"parent":0,"menu_order":0,"comment_status":"closed","ping_status":"closed","template":"","meta":{"_acf_changed":false,"footnotes":""},"class_list":["post-4973","page","type-page","status-publish","has-post-thumbnail","hentry"],"acf":[],"yoast_head":"<!-- This site is optimized with the Yoast SEO plugin v23.4 - https:\/\/yoast.com\/wordpress\/plugins\/seo\/ -->\n<title>Que faire dans le Vaucluse ? Nos conseils de visite<\/title>\n<meta name=\"description\" content=\"Retrouvez nos conseils de visite lors de votre passage ou vos vacances dans le Vaucluse : balades, randonn\u00e9es, mus\u00e9es, lieux incontournables...\" \/>\n<meta name=\"robots\" content=\"index, follow, max-snippet:-1, max-image-preview:large, max-video-preview:-1\" \/>\n<link rel=\"canonical\" href=\"https:\/\/camping-lariviere.com\/fr\/tourisme-vaucluse\/\" \/>\n<meta property=\"og:locale\" content=\"fr_FR\" \/>\n<meta property=\"og:type\" content=\"article\" \/>\n<meta property=\"og:title\" content=\"Que faire dans le Vaucluse ? Nos conseils de visite\" \/>\n<meta property=\"og:description\" content=\"Retrouvez nos conseils de visite lors de votre passage ou vos vacances dans le Vaucluse : balades, randonn\u00e9es, mus\u00e9es, lieux incontournables...\" \/>\n<meta property=\"og:url\" content=\"https:\/\/camping-lariviere.com\/fr\/tourisme-vaucluse\/\" \/>\n<meta property=\"og:site_name\" content=\"Camping la Rivi\u00e8re\" \/>\n<meta property=\"article:modified_time\" content=\"2024-09-27T13:31:34+00:00\" \/>\n<meta property=\"og:image\" content=\"https:\/\/camping-lariviere.com\/wp-content\/uploads\/2022\/04\/visiter-vaucluse.jpg\" \/>\n\t<meta property=\"og:image:width\" content=\"952\" \/>\n\t<meta property=\"og:image:height\" content=\"679\" \/>\n\t<meta property=\"og:image:type\" content=\"image\/jpeg\" \/>\n<meta name=\"twitter:card\" content=\"summary_large_image\" \/>\n<meta name=\"twitter:label1\" content=\"Dur\u00e9e de lecture estim\u00e9e\" \/>\n\t<meta name=\"twitter:data1\" content=\"1 minute\" \/>\n<script type=\"application\/ld+json\" class=\"yoast-schema-graph\">{\"@context\":\"https:\/\/schema.org\",\"@graph\":[{\"@type\":\"WebPage\",\"@id\":\"https:\/\/camping-lariviere.com\/fr\/tourisme-vaucluse\/\",\"url\":\"https:\/\/camping-lariviere.com\/fr\/tourisme-vaucluse\/\",\"name\":\"Que faire dans le Vaucluse ? Nos conseils de visite\",\"isPartOf\":{\"@id\":\"https:\/\/camping-lariviere.com\/fr\/#website\"},\"primaryImageOfPage\":{\"@id\":\"https:\/\/camping-lariviere.com\/fr\/tourisme-vaucluse\/#primaryimage\"},\"image\":{\"@id\":\"https:\/\/camping-lariviere.com\/fr\/tourisme-vaucluse\/#primaryimage\"},\"thumbnailUrl\":\"https:\/\/camping-lariviere.com\/wp-content\/uploads\/2022\/04\/visiter-vaucluse.jpg\",\"datePublished\":\"2022-04-25T09:43:34+00:00\",\"dateModified\":\"2024-09-27T13:31:34+00:00\",\"description\":\"Retrouvez nos conseils de visite lors de votre passage ou vos vacances dans le Vaucluse : balades, randonn\u00e9es, mus\u00e9es, lieux incontournables...\",\"breadcrumb\":{\"@id\":\"https:\/\/camping-lariviere.com\/fr\/tourisme-vaucluse\/#breadcrumb\"},\"inLanguage\":\"fr-FR\",\"potentialAction\":[{\"@type\":\"ReadAction\",\"target\":[\"https:\/\/camping-lariviere.com\/fr\/tourisme-vaucluse\/\"]}]},{\"@type\":\"ImageObject\",\"inLanguage\":\"fr-FR\",\"@id\":\"https:\/\/camping-lariviere.com\/fr\/tourisme-vaucluse\/#primaryimage\",\"url\":\"https:\/\/camping-lariviere.com\/wp-content\/uploads\/2022\/04\/visiter-vaucluse.jpg\",\"contentUrl\":\"https:\/\/camping-lariviere.com\/wp-content\/uploads\/2022\/04\/visiter-vaucluse.jpg\",\"width\":952,\"height\":679,\"caption\":\"visiter vaucluse\"},{\"@type\":\"BreadcrumbList\",\"@id\":\"https:\/\/camping-lariviere.com\/fr\/tourisme-vaucluse\/#breadcrumb\",\"itemListElement\":[{\"@type\":\"ListItem\",\"position\":1,\"name\":\"Camping Luberon\",\"item\":\"https:\/\/camping-lariviere.com\/fr\/\"},{\"@type\":\"ListItem\",\"position\":2,\"name\":\"Tourisme Vaucluse\"}]},{\"@type\":\"WebSite\",\"@id\":\"https:\/\/camping-lariviere.com\/fr\/#website\",\"url\":\"https:\/\/camping-lariviere.com\/fr\/\",\"name\":\"Camping la Rivi\u00e8re\",\"description\":\"\",\"publisher\":{\"@id\":\"https:\/\/camping-lariviere.com\/fr\/#organization\"},\"potentialAction\":[{\"@type\":\"SearchAction\",\"target\":{\"@type\":\"EntryPoint\",\"urlTemplate\":\"https:\/\/camping-lariviere.com\/fr\/?s={search_term_string}\"},\"query-input\":{\"@type\":\"PropertyValueSpecification\",\"valueRequired\":true,\"valueName\":\"search_term_string\"}}],\"inLanguage\":\"fr-FR\"},{\"@type\":\"Organization\",\"@id\":\"https:\/\/camping-lariviere.com\/fr\/#organization\",\"name\":\"Camping La Rivi\u00e8re\",\"url\":\"https:\/\/camping-lariviere.com\/fr\/\",\"logo\":{\"@type\":\"ImageObject\",\"inLanguage\":\"fr-FR\",\"@id\":\"https:\/\/camping-lariviere.com\/fr\/#\/schema\/logo\/image\/\",\"url\":\"https:\/\/camping-lariviere.com\/wp-content\/uploads\/2020\/10\/camping-la-riviere-logo.png\",\"contentUrl\":\"https:\/\/camping-lariviere.com\/wp-content\/uploads\/2020\/10\/camping-la-riviere-logo.png\",\"width\":260,\"height\":210,\"caption\":\"Camping La Rivi\u00e8re\"},\"image\":{\"@id\":\"https:\/\/camping-lariviere.com\/fr\/#\/schema\/logo\/image\/\"}}]}<\/script>\n<!-- \/ Yoast SEO plugin. -->","yoast_head_json":{"title":"Que faire dans le Vaucluse ? Nos conseils de visite","description":"Retrouvez nos conseils de visite lors de votre passage ou vos vacances dans le Vaucluse : balades, randonn\u00e9es, mus\u00e9es, lieux incontournables...","robots":{"index":"index","follow":"follow","max-snippet":"max-snippet:-1","max-image-preview":"max-image-preview:large","max-video-preview":"max-video-preview:-1"},"canonical":"https:\/\/camping-lariviere.com\/fr\/tourisme-vaucluse\/","og_locale":"fr_FR","og_type":"article","og_title":"Que faire dans le Vaucluse ? Nos conseils de visite","og_description":"Retrouvez nos conseils de visite lors de votre passage ou vos vacances dans le Vaucluse : balades, randonn\u00e9es, mus\u00e9es, lieux incontournables...","og_url":"https:\/\/camping-lariviere.com\/fr\/tourisme-vaucluse\/","og_site_name":"Camping la Rivi\u00e8re","article_modified_time":"2024-09-27T13:31:34+00:00","og_image":[{"width":952,"height":679,"url":"https:\/\/camping-lariviere.com\/wp-content\/uploads\/2022\/04\/visiter-vaucluse.jpg","type":"image\/jpeg"}],"twitter_card":"summary_large_image","twitter_misc":{"Dur\u00e9e de lecture estim\u00e9e":"1 minute"},"schema":{"@context":"https:\/\/schema.org","@graph":[{"@type":"WebPage","@id":"https:\/\/camping-lariviere.com\/fr\/tourisme-vaucluse\/","url":"https:\/\/camping-lariviere.com\/fr\/tourisme-vaucluse\/","name":"Que faire dans le Vaucluse ? Nos conseils de visite","isPartOf":{"@id":"https:\/\/camping-lariviere.com\/fr\/#website"},"primaryImageOfPage":{"@id":"https:\/\/camping-lariviere.com\/fr\/tourisme-vaucluse\/#primaryimage"},"image":{"@id":"https:\/\/camping-lariviere.com\/fr\/tourisme-vaucluse\/#primaryimage"},"thumbnailUrl":"https:\/\/camping-lariviere.com\/wp-content\/uploads\/2022\/04\/visiter-vaucluse.jpg","datePublished":"2022-04-25T09:43:34+00:00","dateModified":"2024-09-27T13:31:34+00:00","description":"Retrouvez nos conseils de visite lors de votre passage ou vos vacances dans le Vaucluse : balades, randonn\u00e9es, mus\u00e9es, lieux incontournables...","breadcrumb":{"@id":"https:\/\/camping-lariviere.com\/fr\/tourisme-vaucluse\/#breadcrumb"},"inLanguage":"fr-FR","potentialAction":[{"@type":"ReadAction","target":["https:\/\/camping-lariviere.com\/fr\/tourisme-vaucluse\/"]}]},{"@type":"ImageObject","inLanguage":"fr-FR","@id":"https:\/\/camping-lariviere.com\/fr\/tourisme-vaucluse\/#primaryimage","url":"https:\/\/camping-lariviere.com\/wp-content\/uploads\/2022\/04\/visiter-vaucluse.jpg","contentUrl":"https:\/\/camping-lariviere.com\/wp-content\/uploads\/2022\/04\/visiter-vaucluse.jpg","width":952,"height":679,"caption":"visiter vaucluse"},{"@type":"BreadcrumbList","@id":"https:\/\/camping-lariviere.com\/fr\/tourisme-vaucluse\/#breadcrumb","itemListElement":[{"@type":"ListItem","position":1,"name":"Camping Luberon","item":"https:\/\/camping-lariviere.com\/fr\/"},{"@type":"ListItem","position":2,"name":"Tourisme Vaucluse"}]},{"@type":"WebSite","@id":"https:\/\/camping-lariviere.com\/fr\/#website","url":"https:\/\/camping-lariviere.com\/fr\/","name":"Camping la Rivi\u00e8re","description":"","publisher":{"@id":"https:\/\/camping-lariviere.com\/fr\/#organization"},"potentialAction":[{"@type":"SearchAction","target":{"@type":"EntryPoint","urlTemplate":"https:\/\/camping-lariviere.com\/fr\/?s={search_term_string}"},"query-input":{"@type":"PropertyValueSpecification","valueRequired":true,"valueName":"search_term_string"}}],"inLanguage":"fr-FR"},{"@type":"Organization","@id":"https:\/\/camping-lariviere.com\/fr\/#organization","name":"Camping La Rivi\u00e8re","url":"https:\/\/camping-lariviere.com\/fr\/","logo":{"@type":"ImageObject","inLanguage":"fr-FR","@id":"https:\/\/camping-lariviere.com\/fr\/#\/schema\/logo\/image\/","url":"https:\/\/camping-lariviere.com\/wp-content\/uploads\/2020\/10\/camping-la-riviere-logo.png","contentUrl":"https:\/\/camping-lariviere.com\/wp-content\/uploads\/2020\/10\/camping-la-riviere-logo.png","width":260,"height":210,"caption":"Camping La Rivi\u00e8re"},"image":{"@id":"https:\/\/camping-lariviere.com\/fr\/#\/schema\/logo\/image\/"}}]}},"_links":{"self":[{"href":"https:\/\/camping-lariviere.com\/fr\/wp-json\/wp\/v2\/pages\/4973","targetHints":{"allow":["GET"]}}],"collection":[{"href":"https:\/\/camping-lariviere.com\/fr\/wp-json\/wp\/v2\/pages"}],"about":[{"href":"https:\/\/camping-lariviere.com\/fr\/wp-json\/wp\/v2\/types\/page"}],"author":[{"embeddable":true,"href":"https:\/\/camping-lariviere.com\/fr\/wp-json\/wp\/v2\/users\/1"}],"replies":[{"embeddable":true,"href":"https:\/\/camping-lariviere.com\/fr\/wp-json\/wp\/v2\/comments?post=4973"}],"version-history":[{"count":14,"href":"https:\/\/camping-lariviere.com\/fr\/wp-json\/wp\/v2\/pages\/4973\/revisions"}],"predecessor-version":[{"id":6839,"href":"https:\/\/camping-lariviere.com\/fr\/wp-json\/wp\/v2\/pages\/4973\/revisions\/6839"}],"wp:featuredmedia":[{"embeddable":true,"href":"https:\/\/camping-lariviere.com\/fr\/wp-json\/wp\/v2\/media\/5032"}],"wp:attachment":[{"href":"https:\/\/camping-lariviere.com\/fr\/wp-json\/wp\/v2\/media?parent=4973"}],"curies":[{"name":"wp","href":"https:\/\/api.w.org\/{rel}","templated":true}]}}