{"id":5790,"date":"2022-09-09T09:26:36","date_gmt":"2022-09-09T07:26:36","guid":{"rendered":"https:\/\/camping-lariviere.com\/?page_id=5790"},"modified":"2022-09-09T09:51:14","modified_gmt":"2022-09-09T07:51:14","slug":"isle-sur-la-sorgue","status":"publish","type":"page","link":"https:\/\/camping-lariviere.com\/fr\/isle-sur-la-sorgue\/","title":{"rendered":"Isle sur la Sorgue"},"content":{"rendered":"<section id=\"section-631af071a60d2\"\" class=\"section bg-color2 p-b-0\" \/><div class=\"container extralarge\"><h1 class=\"element section-title center\">Visitez l&rsquo;Isle sur la Sorgue <\/h1><div class=\"element bloc-text justify \">\n\t<p>L&rsquo;<strong class=\"bold color1\">Isle sur la Sorgue<\/strong> se situe dans le d\u00e9partement de <a href=\"https:\/\/camping-lariviere.com\/fr\/tourisme-vaucluse\/\">Vaucluse<\/a>, en r\u00e9gion Provence-Alpes-C\u00f4te d&rsquo;Azur. Cette petite commune est situ\u00e9e au sud-est de la France, \u00e0 environ <strong class=\"bold color1\">30 kilom\u00e8tres de la ville d&rsquo;Avignon<\/strong> et \u00e0 1h20 du <a href=\"https:\/\/camping-lariviere.com\/fr\/\">camping La Rivi\u00e8re dans le Lub\u00e9ron<\/a>. Commune tr\u00e8s touristique, elle poss\u00e8de de nombreux atouts : son climat m\u00e9diterran\u00e9en, ses nombreuses brocantes et march\u00e9s, ses paysages typiques de la Provence\u2026 Si vous aussi \u00eates <strong class=\"bold color1\">attir\u00e9 par cette destination<\/strong>, on vous propose de d\u00e9couvrir quelques-unes des <strong class=\"bold color1\">meilleures activit\u00e9s \u00e0 y faire<\/strong> !<\/p>\n<\/div><\/div><\/section>\n\n<section id=\"section-631af071a630a\"\" class=\"section bg-white p-t-0 p-b-0\" \/><div class=\"container full\"><div class=\"colonnes-wrap valign-middle \"><div class=\"element colonne w-20 p-0\"><div class=\"element images scroll-x-mobile\"><div class=\"image\"><img decoding=\"async\" src=\"https:\/\/camping-lariviere.com\/wp-content\/uploads\/2022\/09\/decouvrir-isle-sur-la-sorgue-100x100.jpg\" data-src=\"https:\/\/camping-lariviere.com\/wp-content\/uploads\/2022\/09\/decouvrir-isle-sur-la-sorgue.jpg\" alt=\"decouvrir isle sur la sorgue\" class=\"images_image\" \/><\/div><\/div><div class=\"element images scroll-x-mobile\"><div class=\"image\"><img decoding=\"async\" src=\"https:\/\/camping-lariviere.com\/wp-content\/uploads\/2022\/09\/isle-sur-la-sorgue-100x100.jpg\" data-src=\"https:\/\/camping-lariviere.com\/wp-content\/uploads\/2022\/09\/isle-sur-la-sorgue.jpg\" alt=\"isle sur la sorgue\" class=\"images_image\" \/><\/div><\/div><\/div><div class=\"element colonne w-60 p-x-6\"><h2 class=\"element section-title center\">L&rsquo;Isle sur la Sorgue, le village des artistes<\/h2><div class=\"element bloc-text justify \">\n\t<p>L&rsquo;Isle sur la Sorgue est un <strong class=\"bold color1\">village tr\u00e8s appr\u00e9ci\u00e9 des artistes<\/strong>. En effet, de nombreux peintres et sculpteurs ont \u00e9lu domicile dans cette <strong class=\"bold color1\">commune proven\u00e7ale<\/strong>. La raison est simple : ils sont s\u00e9duits par les nombreux attraits du village, notamment son climat, ses paysages typiques de la Provence et sa <strong class=\"bold color1\">situation atypique sur la Sorgue<\/strong>. Le village dispose d&rsquo;une riche histoire et d&rsquo;un patrimoine architectural remarquable, ce qui en fait un <strong class=\"bold color1\">lieu id\u00e9al pour s&rsquo;inspirer<\/strong>.<\/p>\n<p>De plus, l&rsquo;Isle sur la Sorgue offre une <strong class=\"bold color1\">multitude de brocantes<\/strong> et march\u00e9s o\u00f9 les artistes peuvent trouver tout ce dont ils ont besoin pour r\u00e9aliser leurs \u0153uvres et les chineurs seront ravis d&rsquo;y faire des bonnes affaires.<\/p>\n<p>Si vous aussi \u00eates<strong class=\"bold color1\"> passionn\u00e9 d&rsquo;art et de quincailleries<\/strong>, n&rsquo;h\u00e9sitez pas \u00e0 faire un tour \u00e0 l&rsquo;Isle sur la Sorgue !<\/p>\n<\/div><\/div><div class=\"element colonne w-20 p-0\"><div class=\"element images scroll-x-mobile\"><div class=\"image\"><img decoding=\"async\" src=\"https:\/\/camping-lariviere.com\/wp-content\/uploads\/2022\/09\/visiter-isle-sur-la-sorgue-100x100.jpg\" data-src=\"https:\/\/camping-lariviere.com\/wp-content\/uploads\/2022\/09\/visiter-isle-sur-la-sorgue.jpg\" alt=\"visiter isle sur la sorgue\" class=\"images_image\" L'Isle sur la Sorgue, le village des artistes\/><\/div><\/div><div class=\"element images scroll-x-mobile\"><div class=\"image\"><img decoding=\"async\" src=\"https:\/\/camping-lariviere.com\/wp-content\/uploads\/2022\/09\/region-isle-sur-la-sorgue-100x100.jpg\" data-src=\"https:\/\/camping-lariviere.com\/wp-content\/uploads\/2022\/09\/region-isle-sur-la-sorgue.jpg\" alt=\"region isle sur la sorgue\" class=\"images_image\" L'Isle sur la Sorgue, le village des artistes\/><\/div><\/div><\/div><\/div><\/div><\/section>\n\n<section id=\"section-631af071a644a\"\" class=\"section bg-white p-t-0 p-b-0\" \/><div class=\"container full\"><div class=\"colonnes-wrap valign-middle bg-color2\"><div class=\"element colonne p-0\"><div class=\"element images scroll-x-mobile\"><div class=\"image\"><img decoding=\"async\" src=\"https:\/\/camping-lariviere.com\/wp-content\/uploads\/2022\/09\/alentours-isle-la-sorgue-100x71.jpg\" data-src=\"https:\/\/camping-lariviere.com\/wp-content\/uploads\/2022\/09\/alentours-isle-la-sorgue.jpg\" alt=\"alentours isle sur la sorgue\" class=\"images_image\" \/><\/div><\/div><\/div><div class=\"element colonne p-x-10\"><h2 class=\"element section-title left\">Le rendez vous des gourmands<\/h2><div class=\"element bloc-text left \">\n\t<p>L&rsquo;Isle sur la Sorgue est \u00e9galement connue pour \u00eatre un<strong class=\"bold color1\"> village gastronomique<\/strong>. En effet, la commune dispose de nombreux restaurants, caf\u00e9s et bars o\u00f9 les gourmands peuvent se d\u00e9lecter de <strong class=\"bold color1\">d\u00e9licieuses sp\u00e9cialit\u00e9s locales<\/strong>. Parmi les plats typiques que l&rsquo;on peut y d\u00e9guster, on retrouve la ratatouille, la tapenade, les tians d&rsquo;aubergines&#8230;<\/p>\n<p>De plus, le village poss\u00e8de une cave \u00e0 vin o\u00f9 les amateurs de bon vin pourront d\u00e9guster des <strong class=\"bold color1\">crus proven\u00e7aux de qualit\u00e9<\/strong>.<\/p>\n<p>Si vous aimez la <strong class=\"bold color1\">bonne nourriture et le bon vin<\/strong>, alors l&rsquo;Isle sur la Sorgue est faite pour vous !<\/p>\n<p>Le <strong class=\"bold color1\">march\u00e9<\/strong> est l&rsquo;un des endroits les plus anim\u00e9s de la ville. Les march\u00e9s \u00e0 l&rsquo;Isle sur sorgue se d\u00e9roulent g\u00e9n\u00e9ralement le dimanche matin dans la rue principale et le long des quais. Les \u00e9tals proposent une <strong class=\"bold color1\">grande vari\u00e9t\u00e9 de produits<\/strong>, allant des fruits et l\u00e9gumes frais aux articles artisanaux. Il y a \u00e9galement de <strong class=\"bold color1\">nombreux caf\u00e9s et restaurants<\/strong> o\u00f9 vous pourrez vous reposer et profiter de la bonne nourriture et du bon vin.<\/p>\n<\/div><\/div><\/div><\/div><\/section>\n\n<section id=\"section-631af071a6592\"\" class=\"section bg-white p-t-0 p-b-0\" \/><div class=\"container full\"><div class=\"colonnes-wrap valign-middle \"><div class=\"element colonne p-x-10\"><h2 class=\"element section-title left\">Que faire et que voir \u00e0 l&rsquo;Isle sur la Sorgue ?<\/h2><div class=\"element bloc-text left \">\n\t<p>L&rsquo;<a href=\"https:\/\/www.islesurlasorgue.fr\/\" target=\"_blank\" rel=\"noopener\">Isle sur la Sorgue<\/a> est une <strong class=\"bold color1\">petite ville charmante<\/strong> avec de nombreuses choses \u00e0 voir et \u00e0 faire. Les <strong class=\"bold color1\">monuments \u00e0 ne pas manquer<\/strong> \u00e0 l&rsquo;Isle sur la Sorgue :<\/p>\n<ul>\n<li><strong class=\"bold color1\">L&rsquo;\u00e9glise Saint-Sauveur<\/strong> : cette \u00e9glise du XIII\u00e8me si\u00e8cle est l&rsquo;un des monuments les plus importants de la ville. Elle abrite de nombreuses \u0153uvres d&rsquo;art, notamment une statue en bois de Saint-Sauveur, qui date du XVI\u00e8me si\u00e8cle.<\/li>\n<li><strong class=\"bold color1\">Le ch\u00e2teau des Comtes de Grasse<\/strong> : ce ch\u00e2teau du XII\u00e8me si\u00e8cle a \u00e9t\u00e9 construit par les comtes de Grasse, et est un excellent exemple de l&rsquo;architecture militaire de cette \u00e9poque. Le ch\u00e2teau est ouvert au public et abrite une <strong class=\"bold color1\">collection d&rsquo;armes anciennes<\/strong>.<\/li>\n<li><strong class=\"bold color1\">Le mus\u00e9e du papier peint<\/strong> : ce mus\u00e9e propose une exposition permanente sur l&rsquo;histoire et la fabrication du papier peint. Il poss\u00e8de \u00e9galement une importante collection de papiers peints anciens.<\/li>\n<li><strong class=\"bold color1\">La maison du Drap d&rsquo;or<\/strong> : cette maison du XVI\u00e8me si\u00e8cle a \u00e9t\u00e9 construite par les marchands de draps. Elle abrite aujourd&rsquo;hui un mus\u00e9e consacr\u00e9 \u00e0 l&rsquo;histoire de la ville.<\/li>\n<li><strong class=\"bold color1\">Les jardins publics<\/strong> : ces jardins sont situ\u00e9s sur les quais de la Sorgue et offrent une magnifique vue sur le village. Ils sont ouverts tous les jours et abritent de nombreuses plantes et arbres rares.<\/li>\n<\/ul>\n<p>Il y a \u00e9galement de<strong class=\"bold color1\"> nombreuses activit\u00e9s sportives et culturelles<\/strong> \u00e0 pratiquer dans la ville. Les familles peuvent \u00e9galement profiter de la plage de l&rsquo;\u00eele sur la sorgue, qui est situ\u00e9e \u00e0 seulement quelques minutes du centre-ville.<\/p>\n<\/div><\/div><div class=\"element colonne p-0\"><div class=\"element images scroll-x-mobile\"><div class=\"image\"><img decoding=\"async\" src=\"https:\/\/camping-lariviere.com\/wp-content\/uploads\/2022\/09\/que-faire-isle-la-sorgue-100x71.jpg\" data-src=\"https:\/\/camping-lariviere.com\/wp-content\/uploads\/2022\/09\/que-faire-isle-la-sorgue.jpg\" alt=\"que faire isle sur la sorgue\" class=\"images_image\" Que faire et que voir \u00e0 l'Isle sur la Sorgue ?\/><\/div><\/div><\/div><\/div><\/div><\/section>\n\n<section id=\"section-631af071a6720\"\" class=\"section bg-white\" \/><div class=\"container extralarge\"><div class=\"element section-title center title-cta\">D\u00e9couvrez les villages proven\u00e7aux<\/div><ul class=\"liste-de-page\"><li class=\"element call-to-action center title-cta call-to-action--style-1 call-to-action--big\"><a href=\"https:\/\/camping-lariviere.com\/fr\/camping-forcalquier\/\"  class=\"call-to-action_link\" title=\"En savoir plus sur camping forcalquier\"><div class=\"call-to-action_image\"><img decoding=\"async\" src=\"https:\/\/camping-lariviere.com\/wp-content\/uploads\/2020\/10\/citadelle-forcalquier-100x65.jpg\" data-src=\"https:\/\/camping-lariviere.com\/wp-content\/uploads\/2020\/10\/citadelle-forcalquier.jpg\" alt=\"citadelle forcalquier\" class=\"big\" \/><\/div><div class=\"call-to-action_contenu\"><div class=\"call-to-action_titre\">Camping Forcalquier<\/div><\/div><\/a><\/li><li class=\"element call-to-action center title-cta call-to-action--style-1 call-to-action--big call-to-action--style-1 call-to-action--big\"><a href=\"https:\/\/camping-lariviere.com\/fr\/camping-gorges-du-verdon\/\"  class=\"call-to-action_link\" title=\"En savoir plus sur camping gorges du verdon\"><div class=\"call-to-action_image\"><img decoding=\"async\" src=\"https:\/\/camping-lariviere.com\/wp-content\/uploads\/2020\/10\/camping-la-riviere-cta-gorges-du-verdon-100x53.jpg\" data-src=\"https:\/\/camping-lariviere.com\/wp-content\/uploads\/2020\/10\/camping-la-riviere-cta-gorges-du-verdon.jpg\" alt=\"Camping Gorges du Verdon\" class=\"big\" \/><\/div><div class=\"call-to-action_contenu\"><div class=\"call-to-action_titre\">Camping Gorges du Verdon<\/div><\/div><\/a><\/li><li class=\"element call-to-action center title-cta call-to-action--style-1 call-to-action--big call-to-action--style-1 call-to-action--big call-to-action--style-1 call-to-action--big\"><a href=\"https:\/\/camping-lariviere.com\/fr\/camping-mont-ventoux\/\"  class=\"call-to-action_link\" title=\"En savoir plus sur camping mont ventoux\"><div class=\"call-to-action_image\"><img decoding=\"async\" src=\"https:\/\/camping-lariviere.com\/wp-content\/uploads\/2022\/02\/mont-ventoux-camping-100x54.png\" data-src=\"https:\/\/camping-lariviere.com\/wp-content\/uploads\/2022\/02\/mont-ventoux-camping.png\" alt=\"mont ventoux vu du ciel\" class=\"big\" \/><\/div><div class=\"call-to-action_contenu\"><div class=\"call-to-action_titre\">Camping Mont Ventoux<\/div><\/div><\/a><\/li><\/ul><\/div><\/section>","protected":false},"excerpt":{"rendered":"","protected":false},"author":1,"featured_media":0,"parent":0,"menu_order":0,"comment_status":"closed","ping_status":"closed","template":"","meta":{"_acf_changed":false,"footnotes":""},"class_list":["post-5790","page","type-page","status-publish","hentry"],"acf":[],"yoast_head":"<!-- This site is optimized with the Yoast SEO plugin v23.4 - https:\/\/yoast.com\/wordpress\/plugins\/seo\/ -->\n<title>Isle sur la Sorgue - Camping la Rivi\u00e8re<\/title>\n<meta name=\"robots\" content=\"index, follow, max-snippet:-1, max-image-preview:large, max-video-preview:-1\" \/>\n<link rel=\"canonical\" href=\"https:\/\/camping-lariviere.com\/fr\/isle-sur-la-sorgue\/\" \/>\n<meta property=\"og:locale\" content=\"fr_FR\" \/>\n<meta property=\"og:type\" content=\"article\" \/>\n<meta property=\"og:title\" content=\"Isle sur la Sorgue - Camping la Rivi\u00e8re\" \/>\n<meta property=\"og:url\" content=\"https:\/\/camping-lariviere.com\/fr\/isle-sur-la-sorgue\/\" \/>\n<meta property=\"og:site_name\" content=\"Camping la Rivi\u00e8re\" \/>\n<meta property=\"article:modified_time\" content=\"2022-09-09T07:51:14+00:00\" \/>\n<meta name=\"twitter:card\" content=\"summary_large_image\" \/>\n<script type=\"application\/ld+json\" class=\"yoast-schema-graph\">{\"@context\":\"https:\/\/schema.org\",\"@graph\":[{\"@type\":\"WebPage\",\"@id\":\"https:\/\/camping-lariviere.com\/fr\/isle-sur-la-sorgue\/\",\"url\":\"https:\/\/camping-lariviere.com\/fr\/isle-sur-la-sorgue\/\",\"name\":\"Isle sur la Sorgue - Camping la Rivi\u00e8re\",\"isPartOf\":{\"@id\":\"https:\/\/camping-lariviere.com\/fr\/#website\"},\"datePublished\":\"2022-09-09T07:26:36+00:00\",\"dateModified\":\"2022-09-09T07:51:14+00:00\",\"breadcrumb\":{\"@id\":\"https:\/\/camping-lariviere.com\/fr\/isle-sur-la-sorgue\/#breadcrumb\"},\"inLanguage\":\"fr-FR\",\"potentialAction\":[{\"@type\":\"ReadAction\",\"target\":[\"https:\/\/camping-lariviere.com\/fr\/isle-sur-la-sorgue\/\"]}]},{\"@type\":\"BreadcrumbList\",\"@id\":\"https:\/\/camping-lariviere.com\/fr\/isle-sur-la-sorgue\/#breadcrumb\",\"itemListElement\":[{\"@type\":\"ListItem\",\"position\":1,\"name\":\"Camping Luberon\",\"item\":\"https:\/\/camping-lariviere.com\/fr\/\"},{\"@type\":\"ListItem\",\"position\":2,\"name\":\"Isle sur la Sorgue\"}]},{\"@type\":\"WebSite\",\"@id\":\"https:\/\/camping-lariviere.com\/fr\/#website\",\"url\":\"https:\/\/camping-lariviere.com\/fr\/\",\"name\":\"Camping la Rivi\u00e8re\",\"description\":\"\",\"publisher\":{\"@id\":\"https:\/\/camping-lariviere.com\/fr\/#organization\"},\"potentialAction\":[{\"@type\":\"SearchAction\",\"target\":{\"@type\":\"EntryPoint\",\"urlTemplate\":\"https:\/\/camping-lariviere.com\/fr\/?s={search_term_string}\"},\"query-input\":{\"@type\":\"PropertyValueSpecification\",\"valueRequired\":true,\"valueName\":\"search_term_string\"}}],\"inLanguage\":\"fr-FR\"},{\"@type\":\"Organization\",\"@id\":\"https:\/\/camping-lariviere.com\/fr\/#organization\",\"name\":\"Camping La Rivi\u00e8re\",\"url\":\"https:\/\/camping-lariviere.com\/fr\/\",\"logo\":{\"@type\":\"ImageObject\",\"inLanguage\":\"fr-FR\",\"@id\":\"https:\/\/camping-lariviere.com\/fr\/#\/schema\/logo\/image\/\",\"url\":\"https:\/\/camping-lariviere.com\/wp-content\/uploads\/2020\/10\/camping-la-riviere-logo.png\",\"contentUrl\":\"https:\/\/camping-lariviere.com\/wp-content\/uploads\/2020\/10\/camping-la-riviere-logo.png\",\"width\":260,\"height\":210,\"caption\":\"Camping La Rivi\u00e8re\"},\"image\":{\"@id\":\"https:\/\/camping-lariviere.com\/fr\/#\/schema\/logo\/image\/\"}}]}<\/script>\n<!-- \/ Yoast SEO plugin. -->","yoast_head_json":{"title":"Isle sur la Sorgue - Camping la Rivi\u00e8re","robots":{"index":"index","follow":"follow","max-snippet":"max-snippet:-1","max-image-preview":"max-image-preview:large","max-video-preview":"max-video-preview:-1"},"canonical":"https:\/\/camping-lariviere.com\/fr\/isle-sur-la-sorgue\/","og_locale":"fr_FR","og_type":"article","og_title":"Isle sur la Sorgue - Camping la Rivi\u00e8re","og_url":"https:\/\/camping-lariviere.com\/fr\/isle-sur-la-sorgue\/","og_site_name":"Camping la Rivi\u00e8re","article_modified_time":"2022-09-09T07:51:14+00:00","twitter_card":"summary_large_image","schema":{"@context":"https:\/\/schema.org","@graph":[{"@type":"WebPage","@id":"https:\/\/camping-lariviere.com\/fr\/isle-sur-la-sorgue\/","url":"https:\/\/camping-lariviere.com\/fr\/isle-sur-la-sorgue\/","name":"Isle sur la Sorgue - Camping la Rivi\u00e8re","isPartOf":{"@id":"https:\/\/camping-lariviere.com\/fr\/#website"},"datePublished":"2022-09-09T07:26:36+00:00","dateModified":"2022-09-09T07:51:14+00:00","breadcrumb":{"@id":"https:\/\/camping-lariviere.com\/fr\/isle-sur-la-sorgue\/#breadcrumb"},"inLanguage":"fr-FR","potentialAction":[{"@type":"ReadAction","target":["https:\/\/camping-lariviere.com\/fr\/isle-sur-la-sorgue\/"]}]},{"@type":"BreadcrumbList","@id":"https:\/\/camping-lariviere.com\/fr\/isle-sur-la-sorgue\/#breadcrumb","itemListElement":[{"@type":"ListItem","position":1,"name":"Camping Luberon","item":"https:\/\/camping-lariviere.com\/fr\/"},{"@type":"ListItem","position":2,"name":"Isle sur la Sorgue"}]},{"@type":"WebSite","@id":"https:\/\/camping-lariviere.com\/fr\/#website","url":"https:\/\/camping-lariviere.com\/fr\/","name":"Camping la Rivi\u00e8re","description":"","publisher":{"@id":"https:\/\/camping-lariviere.com\/fr\/#organization"},"potentialAction":[{"@type":"SearchAction","target":{"@type":"EntryPoint","urlTemplate":"https:\/\/camping-lariviere.com\/fr\/?s={search_term_string}"},"query-input":{"@type":"PropertyValueSpecification","valueRequired":true,"valueName":"search_term_string"}}],"inLanguage":"fr-FR"},{"@type":"Organization","@id":"https:\/\/camping-lariviere.com\/fr\/#organization","name":"Camping La Rivi\u00e8re","url":"https:\/\/camping-lariviere.com\/fr\/","logo":{"@type":"ImageObject","inLanguage":"fr-FR","@id":"https:\/\/camping-lariviere.com\/fr\/#\/schema\/logo\/image\/","url":"https:\/\/camping-lariviere.com\/wp-content\/uploads\/2020\/10\/camping-la-riviere-logo.png","contentUrl":"https:\/\/camping-lariviere.com\/wp-content\/uploads\/2020\/10\/camping-la-riviere-logo.png","width":260,"height":210,"caption":"Camping La Rivi\u00e8re"},"image":{"@id":"https:\/\/camping-lariviere.com\/fr\/#\/schema\/logo\/image\/"}}]}},"_links":{"self":[{"href":"https:\/\/camping-lariviere.com\/fr\/wp-json\/wp\/v2\/pages\/5790","targetHints":{"allow":["GET"]}}],"collection":[{"href":"https:\/\/camping-lariviere.com\/fr\/wp-json\/wp\/v2\/pages"}],"about":[{"href":"https:\/\/camping-lariviere.com\/fr\/wp-json\/wp\/v2\/types\/page"}],"author":[{"embeddable":true,"href":"https:\/\/camping-lariviere.com\/fr\/wp-json\/wp\/v2\/users\/1"}],"replies":[{"embeddable":true,"href":"https:\/\/camping-lariviere.com\/fr\/wp-json\/wp\/v2\/comments?post=5790"}],"version-history":[{"count":10,"href":"https:\/\/camping-lariviere.com\/fr\/wp-json\/wp\/v2\/pages\/5790\/revisions"}],"predecessor-version":[{"id":5821,"href":"https:\/\/camping-lariviere.com\/fr\/wp-json\/wp\/v2\/pages\/5790\/revisions\/5821"}],"wp:attachment":[{"href":"https:\/\/camping-lariviere.com\/fr\/wp-json\/wp\/v2\/media?parent=5790"}],"curies":[{"name":"wp","href":"https:\/\/api.w.org\/{rel}","templated":true}]}}