{"id":5926,"date":"2022-11-30T09:30:40","date_gmt":"2022-11-30T08:30:40","guid":{"rendered":"https:\/\/camping-lariviere.com\/?page_id=5926"},"modified":"2023-09-25T23:24:42","modified_gmt":"2023-09-25T21:24:42","slug":"tourisme-pertuis","status":"publish","type":"page","link":"https:\/\/camping-lariviere.com\/fr\/tourisme-pertuis\/","title":{"rendered":"Tourisme : Pertuis"},"content":{"rendered":"<section id=\"section-638714b04df73\"\" class=\"section bg-white\" \/><div class=\"container full\"><h1 class=\"element section-title center\">Visiter la ville de Pertuis<\/h1><div class=\"colonnes-wrap valign-middle \"><div class=\"element colonne \"><div class=\"element images scroll-x-mobile\"><div class=\"image\"><img decoding=\"async\" src=\"https:\/\/camping-lariviere.com\/wp-content\/uploads\/2022\/02\/pertuis-ruelles-100x76.png\" data-src=\"https:\/\/camping-lariviere.com\/wp-content\/uploads\/2022\/02\/pertuis-ruelles.png\" alt=\"ruelles du village de Pertuis\" class=\"images_image\" Visiter la ville de Pertuis\/><\/div><\/div><\/div><div class=\"element colonne \"><h2 class=\"element section-title left\">D\u00e9couverte de la ville<\/h2><div class=\"element bloc-text left \">\n\t<p><strong>Pertuis<\/strong> est une ville qui tire son nom du mot fran\u00e7ais \u00ab\u00a0passage\u00a0\u00bb et qui sert de <strong>carrefour entre la mer et la montagne<\/strong>. Ses <strong>fontaines<\/strong>, ses murs vieillis et ses portes fleuries vous donneront l&rsquo;impression de vivre \u00e0 une autre \u00e9poque. <strong>Pertuis<\/strong> est g\u00e9n\u00e9ralement calme et paisible, mais elle dispose de tout ce dont vous avez besoin pour passer un s\u00e9jour r\u00e9ussi. Tous les commerces sont situ\u00e9s \u00e0 proximit\u00e9 afin que vos vacances soient aussi agr\u00e9ables que possible.<\/p>\n<p>Si vous \u00eates un amoureux de l&rsquo;histoire ou de la nature, <strong>Pertuis<\/strong> est la ville qu&rsquo;il vous faut. Ses nombreux trains, bus et taxis peuvent vous emmener \u00e0 la d\u00e9couverte de ce village pittoresque qui capture parfaitement l&rsquo;esprit de la <a href=\"\/fr\/tourisme-provence\/\">Provence<\/a>. Vous pourrez ainsi visiter ce charmant village lors de votre s\u00e9jour dans notre <a href=\"\/fr\/camping-pertuis\/\">camping pr\u00e8s de Pertuis<\/a>.<\/p>\n<\/div><\/div><\/div><div class=\"colonnes-wrap valign-middle \"><div class=\"element colonne \"><h2 class=\"element section-title left\">Que faire \u00e0 Pertuis et alentours ? Les visites et activit\u00e9s<\/h2><div class=\"element bloc-text justify \">\n\t<p>La ville de <strong>Pertuis<\/strong> poss\u00e8de des sites d\u2019int\u00e9r\u00eat et un <strong>riche patrimoine architectural<\/strong> qui m\u00e9rite votre attention lors de votre s\u00e9jour au <a href=\"\/fr\/\">camping La Rivi\u00e8re<\/a>. Elle propose \u00e9galement diverses activit\u00e9s \u00e0 ses visiteurs :<\/p>\n<ul>\n<li>l\u2019\u00e9glise Saint-Nicolas sur la place principale a \u00e9t\u00e9 construite au XVIe si\u00e8cle dans laquelle se trouvent un important triptyque et deux statues en marbre du XVIIe si\u00e8cle ;<\/li>\n<li>Le <a href=\"http:\/\/musee-extraordinaire.fr\/\" target=\"_blank\" rel=\"noopener\">Mus\u00e9e Extraordinaire de Georges Mazoyer<\/a> abrite un large \u00e9ventail d&rsquo;objets, de l&rsquo;art aux artefacts, ce qui en fait une visite int\u00e9ressante et unique en son genre.<\/li>\n<li>visitez le <a href=\"https:\/\/www.val-joanis.com\/\" target=\"_blank\" rel=\"noopener\">Ch\u00e2teau Val-Joanis<\/a> avec son domaine viticole et ses jardins remarquables \u00e9lus \u00ab Jardins Fran\u00e7ais de l\u2019ann\u00e9e 2008 \u00bb;<br \/>\nne ratez surtout pas le march\u00e9 du vendredi de Pertuis pour vous plonger dans une ambiance proven\u00e7ale avec ses couleurs authentiques et ses odeurs agr\u00e9ables ;<\/li>\n<li>si vous \u00eates amateur de vin, le <a href=\"https:\/\/www.marrenon.fr\/caveau-marrenon-caviste-tour-aigues-luberon-ventoux-pertuis\" target=\"_blank\" rel=\"noopener\">Caveau Marrenon<\/a><a href=\"https:\/\/guide-du-voyageur.fr\" target=\"_blank\" rel=\"noopener\"> en Provence<\/a> vous invite \u00e0 une d\u00e9gustation accompagn\u00e9e d\u2019une d\u00e9marche p\u00e9dagogique sur l\u2019association d\u2019un vin \u00e0 un plat ;<\/li>\n<li>d\u00e9couvrez avec vos enfants le <a href=\"http:\/\/www.chevalsoleil.com\/\" target=\"_blank\" rel=\"noopener\">Centre \u00c9questre Cheval et Soleil<\/a>. Vous vous verrez proposer diverses activit\u00e9s au sein d\u2019une belle installation, mais \u00e9galement des stages d\u2019\u00e9questres pour les tout-petits ;<\/li>\n<li>rien de tel que le cin\u00e9ma pour des moments pass\u00e9s en famille. Choisissez votre horaire et profitez des fauteuils confortables du <a href=\"https:\/\/cinema-leluberon.fr\/\" target=\"_blank\" rel=\"noopener\">Cin\u00e9ma du Luberon<\/a>.<\/li>\n<\/ul>\n<\/div><\/div><div class=\"element colonne \"><div class=\"element images scroll-x-mobile\"><div class=\"image\"><img decoding=\"async\" src=\"https:\/\/camping-lariviere.com\/wp-content\/uploads\/2022\/02\/pertuis-provence-ville-crop-78x100.png\" data-src=\"https:\/\/camping-lariviere.com\/wp-content\/uploads\/2022\/02\/pertuis-provence-ville-crop.png\" alt=\"tourisme pertuis\" class=\"images_image\" Que faire \u00e0 Pertuis et alentours ? Les visites et activit\u00e9s\/><\/div><\/div><\/div><\/div><h2 class=\"element section-title center\">A visiter aussi aux alentours de Pertuis<\/h2><ul class=\"liste-de-page\"><li class=\"element call-to-action center call-to-action--style-1 call-to-action--normal\"><a href=\"https:\/\/camping-lariviere.com\/fr\/tourisme-greoux-les-bains\/\"  class=\"call-to-action_link\" title=\"En savoir plus sur tourisme : gr\u00e9oux les bains\"><div class=\"call-to-action_image\"><img decoding=\"async\" src=\"https:\/\/camping-lariviere.com\/wp-content\/uploads\/2020\/10\/camping-provence-100x46.jpg\" data-src=\"https:\/\/camping-lariviere.com\/wp-content\/uploads\/2020\/10\/camping-provence.jpg\" alt=\"Tourisme \u00e0 Apt\" class=\"normal\" \/><\/div><div class=\"call-to-action_contenu\"><div class=\"call-to-action_titre\">Tourisme : Gr\u00e9oux les Bains<\/div><\/div><\/a><\/li><li class=\"element call-to-action center call-to-action--style-1 call-to-action--normal call-to-action--style-1 call-to-action--normal\"><a href=\"https:\/\/camping-lariviere.com\/fr\/tourisme-manosque\/\"  class=\"call-to-action_link\" title=\"En savoir plus sur tourisme manosque\"><div class=\"call-to-action_image\"><img decoding=\"async\" src=\"https:\/\/camping-lariviere.com\/wp-content\/uploads\/2020\/10\/vacances-manosque-100x65.jpg\" data-src=\"https:\/\/camping-lariviere.com\/wp-content\/uploads\/2020\/10\/vacances-manosque.jpg\" alt=\"vacances manosque\" class=\"normal\" \/><\/div><div class=\"call-to-action_contenu\"><div class=\"call-to-action_titre\">Tourisme Manosque<\/div><\/div><\/a><\/li><li class=\"element call-to-action center call-to-action--style-1 call-to-action--normal call-to-action--style-1 call-to-action--normal call-to-action--style-1 call-to-action--normal\"><a href=\"https:\/\/camping-lariviere.com\/fr\/isle-sur-la-sorgue\/\"  class=\"call-to-action_link\" title=\"En savoir plus sur isle sur la sorgue\"><div class=\"call-to-action_image\"><img decoding=\"async\" src=\"https:\/\/camping-lariviere.com\/wp-content\/uploads\/2020\/10\/camping-provence-100x46.jpg\" data-src=\"https:\/\/camping-lariviere.com\/wp-content\/uploads\/2020\/10\/camping-provence.jpg\" alt=\"Tourisme \u00e0 Apt\" class=\"normal\" \/><\/div><div class=\"call-to-action_contenu\"><div class=\"call-to-action_titre\">Isle sur la Sorgue<\/div><\/div><\/a><\/li><\/ul><\/div><\/section>","protected":false},"excerpt":{"rendered":"","protected":false},"author":1,"featured_media":0,"parent":0,"menu_order":0,"comment_status":"closed","ping_status":"closed","template":"","meta":{"_acf_changed":false,"footnotes":""},"class_list":["post-5926","page","type-page","status-publish","hentry"],"acf":[],"yoast_head":"<!-- This site is optimized with the Yoast SEO plugin v23.4 - https:\/\/yoast.com\/wordpress\/plugins\/seo\/ -->\n<title>Visiter Pertuis en Provence : que faire ? que visiter ?<\/title>\n<meta name=\"description\" content=\"Visitez Pertuis : retrouvez nos conseils de visites et activit\u00e9s dans ce charmant village typique de Provence.\" \/>\n<meta name=\"robots\" content=\"index, follow, max-snippet:-1, max-image-preview:large, max-video-preview:-1\" \/>\n<link rel=\"canonical\" href=\"https:\/\/camping-lariviere.com\/fr\/tourisme-pertuis\/\" \/>\n<meta property=\"og:locale\" content=\"fr_FR\" \/>\n<meta property=\"og:type\" content=\"article\" \/>\n<meta property=\"og:title\" content=\"Visiter Pertuis en Provence : que faire ? que visiter ?\" \/>\n<meta property=\"og:description\" content=\"Visitez Pertuis : retrouvez nos conseils de visites et activit\u00e9s dans ce charmant village typique de Provence.\" \/>\n<meta property=\"og:url\" content=\"https:\/\/camping-lariviere.com\/fr\/tourisme-pertuis\/\" \/>\n<meta property=\"og:site_name\" content=\"Camping la Rivi\u00e8re\" \/>\n<meta property=\"article:modified_time\" content=\"2023-09-25T21:24:42+00:00\" \/>\n<meta name=\"twitter:card\" content=\"summary_large_image\" \/>\n<script type=\"application\/ld+json\" class=\"yoast-schema-graph\">{\"@context\":\"https:\/\/schema.org\",\"@graph\":[{\"@type\":\"WebPage\",\"@id\":\"https:\/\/camping-lariviere.com\/fr\/tourisme-pertuis\/\",\"url\":\"https:\/\/camping-lariviere.com\/fr\/tourisme-pertuis\/\",\"name\":\"Visiter Pertuis en Provence : que faire ? que visiter ?\",\"isPartOf\":{\"@id\":\"https:\/\/camping-lariviere.com\/fr\/#website\"},\"datePublished\":\"2022-11-30T08:30:40+00:00\",\"dateModified\":\"2023-09-25T21:24:42+00:00\",\"description\":\"Visitez Pertuis : retrouvez nos conseils de visites et activit\u00e9s dans ce charmant village typique de Provence.\",\"breadcrumb\":{\"@id\":\"https:\/\/camping-lariviere.com\/fr\/tourisme-pertuis\/#breadcrumb\"},\"inLanguage\":\"fr-FR\",\"potentialAction\":[{\"@type\":\"ReadAction\",\"target\":[\"https:\/\/camping-lariviere.com\/fr\/tourisme-pertuis\/\"]}]},{\"@type\":\"BreadcrumbList\",\"@id\":\"https:\/\/camping-lariviere.com\/fr\/tourisme-pertuis\/#breadcrumb\",\"itemListElement\":[{\"@type\":\"ListItem\",\"position\":1,\"name\":\"Camping Luberon\",\"item\":\"https:\/\/camping-lariviere.com\/fr\/\"},{\"@type\":\"ListItem\",\"position\":2,\"name\":\"Tourisme : Pertuis\"}]},{\"@type\":\"WebSite\",\"@id\":\"https:\/\/camping-lariviere.com\/fr\/#website\",\"url\":\"https:\/\/camping-lariviere.com\/fr\/\",\"name\":\"Camping la Rivi\u00e8re\",\"description\":\"\",\"publisher\":{\"@id\":\"https:\/\/camping-lariviere.com\/fr\/#organization\"},\"potentialAction\":[{\"@type\":\"SearchAction\",\"target\":{\"@type\":\"EntryPoint\",\"urlTemplate\":\"https:\/\/camping-lariviere.com\/fr\/?s={search_term_string}\"},\"query-input\":{\"@type\":\"PropertyValueSpecification\",\"valueRequired\":true,\"valueName\":\"search_term_string\"}}],\"inLanguage\":\"fr-FR\"},{\"@type\":\"Organization\",\"@id\":\"https:\/\/camping-lariviere.com\/fr\/#organization\",\"name\":\"Camping La Rivi\u00e8re\",\"url\":\"https:\/\/camping-lariviere.com\/fr\/\",\"logo\":{\"@type\":\"ImageObject\",\"inLanguage\":\"fr-FR\",\"@id\":\"https:\/\/camping-lariviere.com\/fr\/#\/schema\/logo\/image\/\",\"url\":\"https:\/\/camping-lariviere.com\/wp-content\/uploads\/2020\/10\/camping-la-riviere-logo.png\",\"contentUrl\":\"https:\/\/camping-lariviere.com\/wp-content\/uploads\/2020\/10\/camping-la-riviere-logo.png\",\"width\":260,\"height\":210,\"caption\":\"Camping La Rivi\u00e8re\"},\"image\":{\"@id\":\"https:\/\/camping-lariviere.com\/fr\/#\/schema\/logo\/image\/\"}}]}<\/script>\n<!-- \/ Yoast SEO plugin. -->","yoast_head_json":{"title":"Visiter Pertuis en Provence : que faire ? que visiter ?","description":"Visitez Pertuis : retrouvez nos conseils de visites et activit\u00e9s dans ce charmant village typique de Provence.","robots":{"index":"index","follow":"follow","max-snippet":"max-snippet:-1","max-image-preview":"max-image-preview:large","max-video-preview":"max-video-preview:-1"},"canonical":"https:\/\/camping-lariviere.com\/fr\/tourisme-pertuis\/","og_locale":"fr_FR","og_type":"article","og_title":"Visiter Pertuis en Provence : que faire ? que visiter ?","og_description":"Visitez Pertuis : retrouvez nos conseils de visites et activit\u00e9s dans ce charmant village typique de Provence.","og_url":"https:\/\/camping-lariviere.com\/fr\/tourisme-pertuis\/","og_site_name":"Camping la Rivi\u00e8re","article_modified_time":"2023-09-25T21:24:42+00:00","twitter_card":"summary_large_image","schema":{"@context":"https:\/\/schema.org","@graph":[{"@type":"WebPage","@id":"https:\/\/camping-lariviere.com\/fr\/tourisme-pertuis\/","url":"https:\/\/camping-lariviere.com\/fr\/tourisme-pertuis\/","name":"Visiter Pertuis en Provence : que faire ? que visiter ?","isPartOf":{"@id":"https:\/\/camping-lariviere.com\/fr\/#website"},"datePublished":"2022-11-30T08:30:40+00:00","dateModified":"2023-09-25T21:24:42+00:00","description":"Visitez Pertuis : retrouvez nos conseils de visites et activit\u00e9s dans ce charmant village typique de Provence.","breadcrumb":{"@id":"https:\/\/camping-lariviere.com\/fr\/tourisme-pertuis\/#breadcrumb"},"inLanguage":"fr-FR","potentialAction":[{"@type":"ReadAction","target":["https:\/\/camping-lariviere.com\/fr\/tourisme-pertuis\/"]}]},{"@type":"BreadcrumbList","@id":"https:\/\/camping-lariviere.com\/fr\/tourisme-pertuis\/#breadcrumb","itemListElement":[{"@type":"ListItem","position":1,"name":"Camping Luberon","item":"https:\/\/camping-lariviere.com\/fr\/"},{"@type":"ListItem","position":2,"name":"Tourisme : Pertuis"}]},{"@type":"WebSite","@id":"https:\/\/camping-lariviere.com\/fr\/#website","url":"https:\/\/camping-lariviere.com\/fr\/","name":"Camping la Rivi\u00e8re","description":"","publisher":{"@id":"https:\/\/camping-lariviere.com\/fr\/#organization"},"potentialAction":[{"@type":"SearchAction","target":{"@type":"EntryPoint","urlTemplate":"https:\/\/camping-lariviere.com\/fr\/?s={search_term_string}"},"query-input":{"@type":"PropertyValueSpecification","valueRequired":true,"valueName":"search_term_string"}}],"inLanguage":"fr-FR"},{"@type":"Organization","@id":"https:\/\/camping-lariviere.com\/fr\/#organization","name":"Camping La Rivi\u00e8re","url":"https:\/\/camping-lariviere.com\/fr\/","logo":{"@type":"ImageObject","inLanguage":"fr-FR","@id":"https:\/\/camping-lariviere.com\/fr\/#\/schema\/logo\/image\/","url":"https:\/\/camping-lariviere.com\/wp-content\/uploads\/2020\/10\/camping-la-riviere-logo.png","contentUrl":"https:\/\/camping-lariviere.com\/wp-content\/uploads\/2020\/10\/camping-la-riviere-logo.png","width":260,"height":210,"caption":"Camping La Rivi\u00e8re"},"image":{"@id":"https:\/\/camping-lariviere.com\/fr\/#\/schema\/logo\/image\/"}}]}},"_links":{"self":[{"href":"https:\/\/camping-lariviere.com\/fr\/wp-json\/wp\/v2\/pages\/5926","targetHints":{"allow":["GET"]}}],"collection":[{"href":"https:\/\/camping-lariviere.com\/fr\/wp-json\/wp\/v2\/pages"}],"about":[{"href":"https:\/\/camping-lariviere.com\/fr\/wp-json\/wp\/v2\/types\/page"}],"author":[{"embeddable":true,"href":"https:\/\/camping-lariviere.com\/fr\/wp-json\/wp\/v2\/users\/1"}],"replies":[{"embeddable":true,"href":"https:\/\/camping-lariviere.com\/fr\/wp-json\/wp\/v2\/comments?post=5926"}],"version-history":[{"count":21,"href":"https:\/\/camping-lariviere.com\/fr\/wp-json\/wp\/v2\/pages\/5926\/revisions"}],"predecessor-version":[{"id":6368,"href":"https:\/\/camping-lariviere.com\/fr\/wp-json\/wp\/v2\/pages\/5926\/revisions\/6368"}],"wp:attachment":[{"href":"https:\/\/camping-lariviere.com\/fr\/wp-json\/wp\/v2\/media?parent=5926"}],"curies":[{"name":"wp","href":"https:\/\/api.w.org\/{rel}","templated":true}]}}