{"id":5944,"date":"2022-11-30T10:00:33","date_gmt":"2022-11-30T09:00:33","guid":{"rendered":"https:\/\/camping-lariviere.com\/?page_id=5944"},"modified":"2022-11-30T10:49:44","modified_gmt":"2022-11-30T09:49:44","slug":"tourisme-greoux-les-bains","status":"publish","type":"page","link":"https:\/\/camping-lariviere.com\/fr\/tourisme-greoux-les-bains\/","title":{"rendered":"Tourisme : Gr\u00e9oux les Bains"},"content":{"rendered":"<section id=\"section-63872275e2d66\"\" class=\"section bg-white\" \/><div class=\"container full\"><h1 class=\"element section-title center\">Visitez la station thermale Gr\u00e9oux les Bains<\/h1><div class=\"colonnes-wrap valign-middle \"><div class=\"element colonne \"><div class=\"element images scroll-x-mobile\"><div class=\"image\"><img decoding=\"async\" src=\"https:\/\/camping-lariviere.com\/wp-content\/uploads\/2022\/02\/Capture-de\u0301cran-2022-02-02-a\u0300-15.17.52-100x91.png\" data-src=\"https:\/\/camping-lariviere.com\/wp-content\/uploads\/2022\/02\/Capture-de\u0301cran-2022-02-02-a\u0300-15.17.52.png\" alt=\"tourisme greoux les bains\" class=\"images_image\" Visitez la station thermale Gr\u00e9oux les Bains\/><\/div><\/div><\/div><div class=\"element colonne \"><h2 class=\"element section-title left\">D\u00e9couvrir la ville de Gr\u00e9oux les Bains<\/h2><div class=\"element bloc-text justify \">\n\t<p><strong>Gr\u00e9oux-les-Bains<\/strong>, situ\u00e9e dans le d\u00e9partement des Alpes-de-Haute Provence de la r\u00e9gion <a href=\"\/fr\/tourisme-provence\/\">Provence Alpes C\u00f4te d&rsquo;Azur<\/a>, est surtout connue pour ses <strong>thermes<\/strong>. Le b\u00e2timent historique au style antique qui abrite les thermes attire de nombreux visiteurs et curistes d\u00e9sireux de profiter des <strong>bienfaits th\u00e9rapeutiques des eaux<\/strong>.<\/p>\n<p>Le village typique proven\u00e7ale de <strong>Gr\u00e9oux-les-Bains <\/strong>abrite un ch\u00e2teau du XIIe si\u00e8cle appel\u00e9 <a href=\"https:\/\/www.greoux-les-bains.com\/je-decouvre\/la-station\/notre-village-provencal-de-caractere\/le-chateau-et-sa-legende\/\" target=\"_blank\" rel=\"noopener\">\u00ab\u00a0des Templiers\u00a0\u00bb<\/a> qui surplombe la ville. Vous pourrez vous balader dans le centre de ce village parmi les fa\u00e7ades color\u00e9es de maisons anciennes. Sur votre promenade, vous pourrez apercevoir d&rsquo;autres t\u00e9moignages architecturaux comme <strong>l&rsquo;\u00e9glise Notre-Dame-des-Ormeaux<\/strong> dans le <strong>centre gothique<\/strong> qui abrite certaines oeuvres d&rsquo;art. Ne passez pas \u00e0 c\u00f4t\u00e9 du <a href=\"https:\/\/chateaurousset.com\/\" target=\"_blank\" rel=\"noopener\">ch\u00e2teau de Rousset<\/a> et son vignoble. Vous pourrez facilement visiter ce village depuis notre <a href=\"https:\/\/camping-lariviere.com\/fr\/camping-greoux-les-bains\/\">camping \u00e0 proximit\u00e9 de Gr\u00e9oux les Bains<\/a>.<\/p>\n<\/div><\/div><\/div><div class=\"colonnes-wrap valign-middle \"><div class=\"element colonne \"><h2 class=\"element section-title left\">Que faire \u00e0 Gr\u00e9oux-les-Bains ? Les visites et activit\u00e9s<\/h2><div class=\"element bloc-text left \">\n\t<p>Des activit\u00e9s pour tout le monde ! Nos conseils :<\/p>\n<ul>\n<li><strong class=\"bold color1\">En famille<\/strong>, choisissez des activit\u00e9s qui plairont aux enfants comme la visite du <strong>Parc animalier Les Aigles du Verdon<\/strong>, spectacle de fauconnerie s\u2019y tient chaque apr\u00e8s-midi. Compos\u00e9 de plus de 250 animaux venus des quatre coins du monde, vous pouvez y voir des z\u00e9bus, des yacks, des alpagas, des furets et diff\u00e9rents rapaces.<\/li>\n<li><strong class=\"bold color1\">Entre amis<\/strong>, un site de <strong>paint-ball<\/strong> en pleine for\u00eat au c\u0153ur du Parc naturel du Verdon est \u00e0 votre disposition. Des comp\u00e9titions et animations sont fr\u00e9quemment r\u00e9alis\u00e9es.<\/li>\n<li><strong class=\"bold color1\">Pour les amateurs de sensations fortes<\/strong>, pratiquez l\u2019<strong>escalade \u00e0 Volx<\/strong> gr\u00e2ce \u00e0 ses voies \u00e9quip\u00e9es pour tous les niveaux. D\u00e9couvrez autrement le Parc naturel et les Gorges du Verdon en parapente. Alliez plaisir et d\u00e9couverte en effectuant des randonn\u00e9es et balades en VTT ou en bateaux \u00e9lectriques qui vous conduiront vers le lac d\u2019Esparron de Verdon.<\/li>\n<\/ul>\n<\/div><\/div><div class=\"element colonne \"><div class=\"element images scroll-x-mobile\"><div class=\"image\"><img decoding=\"async\" src=\"https:\/\/camping-lariviere.com\/wp-content\/uploads\/2022\/02\/ruelle-greoux-bains-100x76.png\" data-src=\"https:\/\/camping-lariviere.com\/wp-content\/uploads\/2022\/02\/ruelle-greoux-bains.png\" alt=\"tourisme greoux les bains\" class=\"images_image\" Que faire \u00e0 Gr\u00e9oux-les-Bains ? Les visites et activit\u00e9s\/><\/div><\/div><\/div><\/div><div class=\"colonnes-wrap valign-middle \"><div class=\"element colonne \"><div class=\"element images scroll-x-mobile\"><div class=\"image\"><img decoding=\"async\" src=\"https:\/\/camping-lariviere.com\/wp-content\/uploads\/2022\/02\/thermes-greoux-100x67.jpg\" data-src=\"https:\/\/camping-lariviere.com\/wp-content\/uploads\/2022\/02\/thermes-greoux.jpg\" alt=\"thermes greoux les bains\" class=\"images_image\" Que faire \u00e0 Gr\u00e9oux-les-Bains ? Les visites et activit\u00e9s\/><\/div><\/div><\/div><div class=\"element colonne \"><h2 class=\"element section-title left\">Les thermes de Gr\u00e9oux les Bains<\/h2><div class=\"element bloc-text justify \">\n\t<p><strong>Gr\u00e9oux-les-Bains<\/strong> est connue pour ses thermes. La <strong>station thermale<\/strong> accueille toute l&rsquo;ann\u00e9e des curistes et touristes pour les bienfaits de son eau. Jean Giono la surnommait \u00ab\u00a0Oasis romantique du Verdon\u00a0\u00bb pour le climat sec et ensoleill\u00e9. Un lieu de d\u00e9tente o\u00f9 vous pourrez vous remettre en forme gr\u00e2ce aux diff\u00e9rentes infrastructures et services propos\u00e9s : massages, aquagym, pilates, consultation di\u00e9t\u00e9tique, etc.<\/p>\n<p>La station thermale propose plusieurs forfaits : de 1 \u00e0 6 jours avec plusieurs <strong>soins quotidiens<\/strong> selon la probl\u00e9matique notamment rhumatologie et voies respiratoires.<\/p>\n<p>Pour avoir plus d&rsquo;informations sur les dates d&rsquo;ouvertures et les <strong>horaires d&rsquo;ouverture<\/strong> veuillez consulter le site officiel de la <a href=\"https:\/\/www.chainethermale.fr\/greoux-les-bains\" target=\"_blank\" rel=\"noopener\">Cha\u00eene thermale du Soleil<\/a>.<\/p>\n<\/div><\/div><\/div><h2 class=\"element section-title center\">A visiter aussi aux alentours de Gr\u00e9oux les Bains<\/h2><ul class=\"liste-de-page\"><li class=\"element call-to-action center call-to-action--style-1 call-to-action--normal\"><a href=\"https:\/\/camping-lariviere.com\/fr\/tourisme-pertuis\/\"  class=\"call-to-action_link\" title=\"En savoir plus sur tourisme : pertuis\"><div class=\"call-to-action_image\"><img decoding=\"async\" src=\"https:\/\/camping-lariviere.com\/wp-content\/uploads\/2020\/10\/camping-provence-100x46.jpg\" data-src=\"https:\/\/camping-lariviere.com\/wp-content\/uploads\/2020\/10\/camping-provence.jpg\" alt=\"Tourisme \u00e0 Apt\" class=\"normal\" \/><\/div><div class=\"call-to-action_contenu\"><div class=\"call-to-action_titre\">Tourisme : Pertuis<\/div><\/div><\/a><\/li><li class=\"element call-to-action center call-to-action--style-1 call-to-action--normal call-to-action--style-1 call-to-action--normal\"><a href=\"https:\/\/camping-lariviere.com\/fr\/tourisme-manosque\/\"  class=\"call-to-action_link\" title=\"En savoir plus sur tourisme manosque\"><div class=\"call-to-action_image\"><img decoding=\"async\" src=\"https:\/\/camping-lariviere.com\/wp-content\/uploads\/2020\/10\/vacances-manosque-100x65.jpg\" data-src=\"https:\/\/camping-lariviere.com\/wp-content\/uploads\/2020\/10\/vacances-manosque.jpg\" alt=\"vacances manosque\" class=\"normal\" \/><\/div><div class=\"call-to-action_contenu\"><div class=\"call-to-action_titre\">Tourisme Manosque<\/div><\/div><\/a><\/li><li class=\"element call-to-action center call-to-action--style-1 call-to-action--normal call-to-action--style-1 call-to-action--normal call-to-action--style-1 call-to-action--normal\"><a href=\"https:\/\/camping-lariviere.com\/fr\/tourisme-vaucluse\/\"  class=\"call-to-action_link\" title=\"En savoir plus sur vaucluse\"><div class=\"call-to-action_image\"><img decoding=\"async\" src=\"https:\/\/camping-lariviere.com\/wp-content\/uploads\/2022\/04\/visiter-vaucluse-100x71.jpg\" data-src=\"https:\/\/camping-lariviere.com\/wp-content\/uploads\/2022\/04\/visiter-vaucluse.jpg\" alt=\"visiter vaucluse\" class=\"normal\" \/><\/div><div class=\"call-to-action_contenu\"><div class=\"call-to-action_titre\">Vaucluse<\/div><\/div><\/a><\/li><\/ul><\/div><\/section>","protected":false},"excerpt":{"rendered":"","protected":false},"author":1,"featured_media":0,"parent":0,"menu_order":0,"comment_status":"closed","ping_status":"closed","template":"","meta":{"_acf_changed":false,"footnotes":""},"class_list":["post-5944","page","type-page","status-publish","hentry"],"acf":[],"yoast_head":"<!-- This site is optimized with the Yoast SEO plugin v23.4 - https:\/\/yoast.com\/wordpress\/plugins\/seo\/ -->\n<title>Visiter la station thermale Gr\u00e9oux-les-Bains en Provence<\/title>\n<meta name=\"description\" content=\"D\u00e9couvrez nos conseils de visites dans la station thermale Gr\u00e9oux-les-Bains : ce village typique au style gothique.\" \/>\n<meta name=\"robots\" content=\"index, follow, max-snippet:-1, max-image-preview:large, max-video-preview:-1\" \/>\n<link rel=\"canonical\" href=\"https:\/\/camping-lariviere.com\/fr\/tourisme-greoux-les-bains\/\" \/>\n<meta property=\"og:locale\" content=\"fr_FR\" \/>\n<meta property=\"og:type\" content=\"article\" \/>\n<meta property=\"og:title\" content=\"Visiter la station thermale Gr\u00e9oux-les-Bains en Provence\" \/>\n<meta property=\"og:description\" content=\"D\u00e9couvrez nos conseils de visites dans la station thermale Gr\u00e9oux-les-Bains : ce village typique au style gothique.\" \/>\n<meta property=\"og:url\" content=\"https:\/\/camping-lariviere.com\/fr\/tourisme-greoux-les-bains\/\" \/>\n<meta property=\"og:site_name\" content=\"Camping la Rivi\u00e8re\" \/>\n<meta property=\"article:modified_time\" content=\"2022-11-30T09:49:44+00:00\" \/>\n<meta name=\"twitter:card\" content=\"summary_large_image\" \/>\n<script type=\"application\/ld+json\" class=\"yoast-schema-graph\">{\"@context\":\"https:\/\/schema.org\",\"@graph\":[{\"@type\":\"WebPage\",\"@id\":\"https:\/\/camping-lariviere.com\/fr\/tourisme-greoux-les-bains\/\",\"url\":\"https:\/\/camping-lariviere.com\/fr\/tourisme-greoux-les-bains\/\",\"name\":\"Visiter la station thermale Gr\u00e9oux-les-Bains en Provence\",\"isPartOf\":{\"@id\":\"https:\/\/camping-lariviere.com\/fr\/#website\"},\"datePublished\":\"2022-11-30T09:00:33+00:00\",\"dateModified\":\"2022-11-30T09:49:44+00:00\",\"description\":\"D\u00e9couvrez nos conseils de visites dans la station thermale Gr\u00e9oux-les-Bains : ce village typique au style gothique.\",\"breadcrumb\":{\"@id\":\"https:\/\/camping-lariviere.com\/fr\/tourisme-greoux-les-bains\/#breadcrumb\"},\"inLanguage\":\"fr-FR\",\"potentialAction\":[{\"@type\":\"ReadAction\",\"target\":[\"https:\/\/camping-lariviere.com\/fr\/tourisme-greoux-les-bains\/\"]}]},{\"@type\":\"BreadcrumbList\",\"@id\":\"https:\/\/camping-lariviere.com\/fr\/tourisme-greoux-les-bains\/#breadcrumb\",\"itemListElement\":[{\"@type\":\"ListItem\",\"position\":1,\"name\":\"Camping Luberon\",\"item\":\"https:\/\/camping-lariviere.com\/fr\/\"},{\"@type\":\"ListItem\",\"position\":2,\"name\":\"Tourisme : Gr\u00e9oux les Bains\"}]},{\"@type\":\"WebSite\",\"@id\":\"https:\/\/camping-lariviere.com\/fr\/#website\",\"url\":\"https:\/\/camping-lariviere.com\/fr\/\",\"name\":\"Camping la Rivi\u00e8re\",\"description\":\"\",\"publisher\":{\"@id\":\"https:\/\/camping-lariviere.com\/fr\/#organization\"},\"potentialAction\":[{\"@type\":\"SearchAction\",\"target\":{\"@type\":\"EntryPoint\",\"urlTemplate\":\"https:\/\/camping-lariviere.com\/fr\/?s={search_term_string}\"},\"query-input\":{\"@type\":\"PropertyValueSpecification\",\"valueRequired\":true,\"valueName\":\"search_term_string\"}}],\"inLanguage\":\"fr-FR\"},{\"@type\":\"Organization\",\"@id\":\"https:\/\/camping-lariviere.com\/fr\/#organization\",\"name\":\"Camping La Rivi\u00e8re\",\"url\":\"https:\/\/camping-lariviere.com\/fr\/\",\"logo\":{\"@type\":\"ImageObject\",\"inLanguage\":\"fr-FR\",\"@id\":\"https:\/\/camping-lariviere.com\/fr\/#\/schema\/logo\/image\/\",\"url\":\"https:\/\/camping-lariviere.com\/wp-content\/uploads\/2020\/10\/camping-la-riviere-logo.png\",\"contentUrl\":\"https:\/\/camping-lariviere.com\/wp-content\/uploads\/2020\/10\/camping-la-riviere-logo.png\",\"width\":260,\"height\":210,\"caption\":\"Camping La Rivi\u00e8re\"},\"image\":{\"@id\":\"https:\/\/camping-lariviere.com\/fr\/#\/schema\/logo\/image\/\"}}]}<\/script>\n<!-- \/ Yoast SEO plugin. -->","yoast_head_json":{"title":"Visiter la station thermale Gr\u00e9oux-les-Bains en Provence","description":"D\u00e9couvrez nos conseils de visites dans la station thermale Gr\u00e9oux-les-Bains : ce village typique au style gothique.","robots":{"index":"index","follow":"follow","max-snippet":"max-snippet:-1","max-image-preview":"max-image-preview:large","max-video-preview":"max-video-preview:-1"},"canonical":"https:\/\/camping-lariviere.com\/fr\/tourisme-greoux-les-bains\/","og_locale":"fr_FR","og_type":"article","og_title":"Visiter la station thermale Gr\u00e9oux-les-Bains en Provence","og_description":"D\u00e9couvrez nos conseils de visites dans la station thermale Gr\u00e9oux-les-Bains : ce village typique au style gothique.","og_url":"https:\/\/camping-lariviere.com\/fr\/tourisme-greoux-les-bains\/","og_site_name":"Camping la Rivi\u00e8re","article_modified_time":"2022-11-30T09:49:44+00:00","twitter_card":"summary_large_image","schema":{"@context":"https:\/\/schema.org","@graph":[{"@type":"WebPage","@id":"https:\/\/camping-lariviere.com\/fr\/tourisme-greoux-les-bains\/","url":"https:\/\/camping-lariviere.com\/fr\/tourisme-greoux-les-bains\/","name":"Visiter la station thermale Gr\u00e9oux-les-Bains en Provence","isPartOf":{"@id":"https:\/\/camping-lariviere.com\/fr\/#website"},"datePublished":"2022-11-30T09:00:33+00:00","dateModified":"2022-11-30T09:49:44+00:00","description":"D\u00e9couvrez nos conseils de visites dans la station thermale Gr\u00e9oux-les-Bains : ce village typique au style gothique.","breadcrumb":{"@id":"https:\/\/camping-lariviere.com\/fr\/tourisme-greoux-les-bains\/#breadcrumb"},"inLanguage":"fr-FR","potentialAction":[{"@type":"ReadAction","target":["https:\/\/camping-lariviere.com\/fr\/tourisme-greoux-les-bains\/"]}]},{"@type":"BreadcrumbList","@id":"https:\/\/camping-lariviere.com\/fr\/tourisme-greoux-les-bains\/#breadcrumb","itemListElement":[{"@type":"ListItem","position":1,"name":"Camping Luberon","item":"https:\/\/camping-lariviere.com\/fr\/"},{"@type":"ListItem","position":2,"name":"Tourisme : Gr\u00e9oux les Bains"}]},{"@type":"WebSite","@id":"https:\/\/camping-lariviere.com\/fr\/#website","url":"https:\/\/camping-lariviere.com\/fr\/","name":"Camping la Rivi\u00e8re","description":"","publisher":{"@id":"https:\/\/camping-lariviere.com\/fr\/#organization"},"potentialAction":[{"@type":"SearchAction","target":{"@type":"EntryPoint","urlTemplate":"https:\/\/camping-lariviere.com\/fr\/?s={search_term_string}"},"query-input":{"@type":"PropertyValueSpecification","valueRequired":true,"valueName":"search_term_string"}}],"inLanguage":"fr-FR"},{"@type":"Organization","@id":"https:\/\/camping-lariviere.com\/fr\/#organization","name":"Camping La Rivi\u00e8re","url":"https:\/\/camping-lariviere.com\/fr\/","logo":{"@type":"ImageObject","inLanguage":"fr-FR","@id":"https:\/\/camping-lariviere.com\/fr\/#\/schema\/logo\/image\/","url":"https:\/\/camping-lariviere.com\/wp-content\/uploads\/2020\/10\/camping-la-riviere-logo.png","contentUrl":"https:\/\/camping-lariviere.com\/wp-content\/uploads\/2020\/10\/camping-la-riviere-logo.png","width":260,"height":210,"caption":"Camping La Rivi\u00e8re"},"image":{"@id":"https:\/\/camping-lariviere.com\/fr\/#\/schema\/logo\/image\/"}}]}},"_links":{"self":[{"href":"https:\/\/camping-lariviere.com\/fr\/wp-json\/wp\/v2\/pages\/5944","targetHints":{"allow":["GET"]}}],"collection":[{"href":"https:\/\/camping-lariviere.com\/fr\/wp-json\/wp\/v2\/pages"}],"about":[{"href":"https:\/\/camping-lariviere.com\/fr\/wp-json\/wp\/v2\/types\/page"}],"author":[{"embeddable":true,"href":"https:\/\/camping-lariviere.com\/fr\/wp-json\/wp\/v2\/users\/1"}],"replies":[{"embeddable":true,"href":"https:\/\/camping-lariviere.com\/fr\/wp-json\/wp\/v2\/comments?post=5944"}],"version-history":[{"count":10,"href":"https:\/\/camping-lariviere.com\/fr\/wp-json\/wp\/v2\/pages\/5944\/revisions"}],"predecessor-version":[{"id":5975,"href":"https:\/\/camping-lariviere.com\/fr\/wp-json\/wp\/v2\/pages\/5944\/revisions\/5975"}],"wp:attachment":[{"href":"https:\/\/camping-lariviere.com\/fr\/wp-json\/wp\/v2\/media?parent=5944"}],"curies":[{"name":"wp","href":"https:\/\/api.w.org\/{rel}","templated":true}]}}