{"id":5977,"date":"2022-12-16T10:18:17","date_gmt":"2022-12-16T09:18:17","guid":{"rendered":"https:\/\/camping-lariviere.com\/?page_id=5977"},"modified":"2024-11-05T14:55:39","modified_gmt":"2024-11-05T13:55:39","slug":"tourisme-gorges-du-verdon","status":"publish","type":"page","link":"https:\/\/camping-lariviere.com\/fr\/tourisme-gorges-du-verdon\/","title":{"rendered":"Tourisme : Gorges du Verdon"},"content":{"rendered":"<section id=\"section-639c37d987225\"\" class=\"section bg-color2\" \/><div class=\"container extralarge\"><h1 class=\"element section-title center\">D\u00e9couvrez les Gorges du Verdon<\/h1><div class=\"element bloc-text justify \">\n\t<p>Lors de votre s\u00e9jour en <a href=\"\/fr\/camping-gorges-du-verdon\/\">camping dans les Gorges du Verdon<\/a>, ne manquez pas de les d\u00e9couvrir ! Les<strong class=\"bold color1\"> Gorges du Verdon<\/strong> offrent des paysages d\u2019exception avec ses kilom\u00e8tres de sentiers de randonn\u00e9e et ses falaises de <strong class=\"bold color1\">700 m\u00e8tres de haut<\/strong>. C\u2019est en quelque sorte le <strong class=\"bold color1\">grand canyon en Europe<\/strong> et qui attire les touristes avec ses plages paradisiaques ainsi que ses cit\u00e9s riches en histoire. Le moins que l\u2019on puisse dire c\u2019est qu\u2019il regorge de <strong class=\"bold color1\">magnifiques endroits \u00e0 voir et d\u2019activit\u00e9s \u00e0 faire<\/strong>. Cela va de la d\u00e9couverte de ses <strong class=\"bold color1\">villages de caract\u00e8re<\/strong> et ses sentiers de randonn\u00e9e \u00e0 la pratique d\u2019activit\u00e9s nautiques. Retrouvez les conseils de visites du <a href=\"https:\/\/camping-lariviere.com\/fr\/\">camping La Rivi\u00e8re \u00e0 Saint-Maime<\/a>.<\/p>\n<\/div><\/div><\/section>\n\n<section id=\"section-639c37d9873e6\"\" class=\"section bg-white p-t-0 p-b-0\" \/><div class=\"container full\"><div class=\"colonnes-wrap valign-middle \"><div class=\"element colonne p-x-10\"><h2 class=\"element section-title left\">Quel village visiter dans les Gorges du Verdon ?<\/h2><div class=\"element bloc-text justify \">\n\t<p>Les <strong class=\"bold color1\">villages dans les Gorges du Verdon<\/strong> s\u00e9duisent de par leur authenticit\u00e9 et leur charme. Parmi ceux qui en valent absolument le d\u00e9tour, il y a :<\/p>\n<ul>\n<li><a href=\"\/blog\/visitez-moustier-sainte-marie\/\">Moustiers-Sainte-Marie<\/a> : ce village s\u2019inscrit parmi les plus beaux de France. On le reconna\u00eet pour son vieux pont et une belle vue sur le lac.<\/li>\n<li><strong class=\"bold color1\">Castellane<\/strong> : ce village du Verdon est r\u00e9put\u00e9 pour son \u00e9glise \u00e9tablie sur un \u00e9norme rocher. Il compte aussi plusieurs monuments pr\u00e9serv\u00e9s.<\/li>\n<li><strong class=\"bold color1\">Sainte-Croix-du-Verdon<\/strong> : c\u2019est le lieu parfait pour se promener et d\u00e9couvrir les paysages des environs.<\/li>\n<li><strong class=\"bold color1\">Rougon<\/strong> : ce village est connu pour abriter le fameux belv\u00e9d\u00e8re du Point Sublime.<\/li>\n<li><strong class=\"bold color1\">Saint-Martin de Br\u00f4mes<\/strong> : un village dont le lieu le plus embl\u00e9matique est la tour d\u2019horloge.<\/li>\n<li><strong class=\"bold color1\">Artignosc-sur-Verdon<\/strong> : ce village offre de belles balades \u00e0 travers ses rues pav\u00e9es.<\/li>\n<li><strong class=\"bold color1\">Bauduen<\/strong> : un village attrayant gr\u00e2ce \u00e0 ses plages idylliques et ses lieux surprenants dont le mus\u00e9e des jouets.<\/li>\n<\/ul>\n<\/div><\/div><div class=\"element colonne p-0\"><div class=\"element images scroll-x-mobile\"><div class=\"image\"><img decoding=\"async\" src=\"https:\/\/camping-lariviere.com\/wp-content\/uploads\/2022\/12\/tourisme-bauduen-100x71.jpg\" data-src=\"https:\/\/camping-lariviere.com\/wp-content\/uploads\/2022\/12\/tourisme-bauduen.jpg\" alt=\"tourisme bauduen\" class=\"images_image\" Quel village visiter dans les Gorges du Verdon ?\/><\/div><\/div><\/div><\/div><\/div><\/section>\n\n<section id=\"section-639c37d987543\"\" class=\"section bg-white p-t-0 p-b-0\" \/><div class=\"container full\"><div class=\"colonnes-wrap valign-middle \"><div class=\"element colonne p-0\"><div class=\"element images scroll-x-mobile\"><div class=\"image\"><img decoding=\"async\" src=\"https:\/\/camping-lariviere.com\/wp-content\/uploads\/2022\/12\/activites-gorges-du-verdon-100x71.jpg\" data-src=\"https:\/\/camping-lariviere.com\/wp-content\/uploads\/2022\/12\/activites-gorges-du-verdon.jpg\" alt=\"activit\u00e9s gorges du verdon\" class=\"images_image\" \/><\/div><\/div><\/div><div class=\"element colonne p-x-10\"><h2 class=\"element section-title left\">Les activit\u00e9s nautiques dans les Gorges du Verdon <\/h2><div class=\"element bloc-text justify \">\n\t<p>Pour ceux qui veulent faire des <strong class=\"bold color1\">activit\u00e9s aquatiques<\/strong>, il y en a pour tous les go\u00fbts dans les Gorges. Voici les meilleures activit\u00e9s que vous pouvez pratiquer entre amis ou en famille :<\/p>\n<ul>\n<li><strong class=\"bold color1\">Le rafting<\/strong> : grand frisson assur\u00e9, cette activit\u00e9 consiste \u00e0 descendre les rivi\u00e8res et encha\u00eener les rapides au moyen d\u2019une embarcation gonflable. Il peut se pratiquer \u00e0 plusieurs, incluant les enfants.<\/li>\n<li><strong class=\"bold color1\">Le canyoning<\/strong> : id\u00e9al pour les amateurs de sensations fortes. Il consiste \u00e0 faire des sauts dans le but de franchir les torrents. Les <strong class=\"bold color1\">Gorges du Verdon<\/strong> est d\u2019ailleurs la meilleure destination pour cela gr\u00e2ce \u00e0 ses 170 kilom\u00e8tres de rivi\u00e8res. Trois canyons sont disponibles : le canyon du Haut Jabron, de Saint-Auban et celui de Riolan.<\/li>\n<li><strong class=\"bold color1\">Cano\u00eb-kayak<\/strong> : un moyen de visiter le Verdon autrement. \u00c0 bord de votre cano\u00eb-kayak, vous pouvez voir de pr\u00e8s les fameuses Gorges et m\u00eame p\u00e9n\u00e9trer dans les grottes.<\/li>\n<\/ul>\n<\/div><\/div><\/div><\/div><\/section>\n\n<section id=\"section-639c37d98768d\"\" class=\"section bg-color2 p-t-0 p-b-0\" \/><div class=\"container full\"><div class=\"colonnes-wrap valign-middle \"><div class=\"element colonne p-x-10\"><h2 class=\"element section-title left\">D\u00e9couvrir le Verdon \u00e0 pied<\/h2><div class=\"element bloc-text justify \">\n\t<p>Dans les <strong class=\"bold color1\">Gorges du Verdon<\/strong>, on recense une multitude de sentiers de randonn\u00e9es. Id\u00e9al pour s\u2019impr\u00e9gner de la nature et d\u00e9couvrir les richesses de ce parc r\u00e9gional. C\u2019est surtout une excellente id\u00e9e d\u2019activit\u00e9s \u00e0 faire en famille m\u00eame avec des enfants. Les sentiers \u00e0 ne pas rater sont :<\/p>\n<ul>\n<li><strong class=\"bold color1\">Le sentier Blanc-Martel<\/strong> : c\u2019est un passage oblig\u00e9 dans les Gorges. Vous pouvez commencer le p\u00e9riple au chalet de la Maline puis rejoindre le point sublime.<\/li>\n<li><strong class=\"bold color1\">Le sentier de l\u2019Imbut<\/strong> : il promet une marche de pr\u00e8s de 5 heures. Il compte parmi les endroits les plus remarquables du Verdon, entour\u00e9s de falaises \u00e0 pics.<\/li>\n<li><strong class=\"bold color1\">Grand Marg\u00e8s<\/strong> : ce sentier offre de belles promenades jusqu\u2019au sommet du Marg\u00e8s.<\/li>\n<li><strong class=\"bold color1\">Le sentier du L\u00e9zard<\/strong> : c\u2019est le meilleur chemin pour des enfants<\/li>\n<\/ul>\n<\/div><\/div><div class=\"element colonne p-0\"><div class=\"element images scroll-x-mobile\"><div class=\"image\"><img decoding=\"async\" src=\"https:\/\/camping-lariviere.com\/wp-content\/uploads\/2022\/12\/randonnee-verdon-100x71.jpg\" data-src=\"https:\/\/camping-lariviere.com\/wp-content\/uploads\/2022\/12\/randonnee-verdon.jpg\" alt=\"randonn\u00e9e verdon\" class=\"images_image\" D\u00e9couvrir le Verdon \u00e0 pied\/><\/div><\/div><\/div><\/div><\/div><\/section>\n\n<section id=\"section-639c37d9877bc\"\" class=\"section bg-white\" \/><div class=\"container extralarge\"><div class=\"element section-title center title-cta\">A voir \u00e9galement en Provence<\/div><ul class=\"liste-de-page\"><li class=\"element call-to-action center title-cta call-to-action--style-1 call-to-action--big\"><a href=\"https:\/\/camping-lariviere.com\/fr\/tourisme-provence\/\"  class=\"call-to-action_link\" title=\"En savoir plus sur tourisme provence\"><div class=\"call-to-action_image\"><img decoding=\"async\" src=\"https:\/\/camping-lariviere.com\/wp-content\/uploads\/2022\/04\/visiter-provence-100x71.jpg\" data-src=\"https:\/\/camping-lariviere.com\/wp-content\/uploads\/2022\/04\/visiter-provence.jpg\" alt=\"visiter la provence\" class=\"big\" \/><\/div><div class=\"call-to-action_contenu\"><div class=\"call-to-action_titre\">Tourisme Provence<\/div><\/div><\/a><\/li><li class=\"element call-to-action center title-cta call-to-action--style-1 call-to-action--big call-to-action--style-1 call-to-action--big\"><a href=\"https:\/\/camping-lariviere.com\/fr\/tourisme-vaucluse\/\"  class=\"call-to-action_link\" title=\"En savoir plus sur vaucluse\"><div class=\"call-to-action_image\"><img decoding=\"async\" src=\"https:\/\/camping-lariviere.com\/wp-content\/uploads\/2022\/04\/visiter-vaucluse-100x71.jpg\" data-src=\"https:\/\/camping-lariviere.com\/wp-content\/uploads\/2022\/04\/visiter-vaucluse.jpg\" alt=\"visiter vaucluse\" class=\"big\" \/><\/div><div class=\"call-to-action_contenu\"><div class=\"call-to-action_titre\">Vaucluse<\/div><\/div><\/a><\/li><li class=\"element call-to-action center title-cta call-to-action--style-1 call-to-action--big call-to-action--style-1 call-to-action--big call-to-action--style-1 call-to-action--big\"><a href=\"https:\/\/camping-lariviere.com\/fr\/tourisme-valensole\/\"  class=\"call-to-action_link\" title=\"En savoir plus sur valensole\"><div class=\"call-to-action_image\"><img decoding=\"async\" src=\"https:\/\/camping-lariviere.com\/wp-content\/uploads\/2022\/12\/plateau-valensole-100x71.jpg\" data-src=\"https:\/\/camping-lariviere.com\/wp-content\/uploads\/2022\/12\/plateau-valensole.jpg\" alt=\"camping valensole\" class=\"big\" \/><\/div><div class=\"call-to-action_contenu\"><div class=\"call-to-action_titre\">Valensole<\/div><\/div><\/a><\/li><\/ul><\/div><\/section>","protected":false},"excerpt":{"rendered":"","protected":false},"author":1,"featured_media":0,"parent":0,"menu_order":0,"comment_status":"closed","ping_status":"closed","template":"","meta":{"_acf_changed":false,"footnotes":""},"class_list":["post-5977","page","type-page","status-publish","hentry"],"acf":[],"yoast_head":"<!-- This site is optimized with the Yoast SEO plugin v23.4 - https:\/\/yoast.com\/wordpress\/plugins\/seo\/ -->\n<title>D\u00e9couvrez les Gorges du Verdon - tourisme dans le Var<\/title>\n<meta name=\"description\" content=\"D\u00e9couvrez les Gorges du Verdon lors de votre s\u00e9jour dans le Var : villages \u00e0 visiter, activit\u00e9s \u00e0 faire\u2026\" \/>\n<meta name=\"robots\" content=\"index, follow, max-snippet:-1, max-image-preview:large, max-video-preview:-1\" \/>\n<link rel=\"canonical\" href=\"https:\/\/camping-lariviere.com\/fr\/tourisme-gorges-du-verdon\/\" \/>\n<meta property=\"og:locale\" content=\"fr_FR\" \/>\n<meta property=\"og:type\" content=\"article\" \/>\n<meta property=\"og:title\" content=\"D\u00e9couvrez les Gorges du Verdon - tourisme dans le Var\" \/>\n<meta property=\"og:description\" content=\"D\u00e9couvrez les Gorges du Verdon lors de votre s\u00e9jour dans le Var : villages \u00e0 visiter, activit\u00e9s \u00e0 faire\u2026\" \/>\n<meta property=\"og:url\" content=\"https:\/\/camping-lariviere.com\/fr\/tourisme-gorges-du-verdon\/\" \/>\n<meta property=\"og:site_name\" content=\"Camping la Rivi\u00e8re\" \/>\n<meta property=\"article:modified_time\" content=\"2024-11-05T13:55:39+00:00\" \/>\n<meta name=\"twitter:card\" content=\"summary_large_image\" \/>\n<script type=\"application\/ld+json\" class=\"yoast-schema-graph\">{\"@context\":\"https:\/\/schema.org\",\"@graph\":[{\"@type\":\"WebPage\",\"@id\":\"https:\/\/camping-lariviere.com\/fr\/tourisme-gorges-du-verdon\/\",\"url\":\"https:\/\/camping-lariviere.com\/fr\/tourisme-gorges-du-verdon\/\",\"name\":\"D\u00e9couvrez les Gorges du Verdon - tourisme dans le Var\",\"isPartOf\":{\"@id\":\"https:\/\/camping-lariviere.com\/fr\/#website\"},\"datePublished\":\"2022-12-16T09:18:17+00:00\",\"dateModified\":\"2024-11-05T13:55:39+00:00\",\"description\":\"D\u00e9couvrez les Gorges du Verdon lors de votre s\u00e9jour dans le Var : villages \u00e0 visiter, activit\u00e9s \u00e0 faire\u2026\",\"breadcrumb\":{\"@id\":\"https:\/\/camping-lariviere.com\/fr\/tourisme-gorges-du-verdon\/#breadcrumb\"},\"inLanguage\":\"fr-FR\",\"potentialAction\":[{\"@type\":\"ReadAction\",\"target\":[\"https:\/\/camping-lariviere.com\/fr\/tourisme-gorges-du-verdon\/\"]}]},{\"@type\":\"BreadcrumbList\",\"@id\":\"https:\/\/camping-lariviere.com\/fr\/tourisme-gorges-du-verdon\/#breadcrumb\",\"itemListElement\":[{\"@type\":\"ListItem\",\"position\":1,\"name\":\"Camping Luberon\",\"item\":\"https:\/\/camping-lariviere.com\/fr\/\"},{\"@type\":\"ListItem\",\"position\":2,\"name\":\"Tourisme : Gorges du Verdon\"}]},{\"@type\":\"WebSite\",\"@id\":\"https:\/\/camping-lariviere.com\/fr\/#website\",\"url\":\"https:\/\/camping-lariviere.com\/fr\/\",\"name\":\"Camping la Rivi\u00e8re\",\"description\":\"\",\"publisher\":{\"@id\":\"https:\/\/camping-lariviere.com\/fr\/#organization\"},\"potentialAction\":[{\"@type\":\"SearchAction\",\"target\":{\"@type\":\"EntryPoint\",\"urlTemplate\":\"https:\/\/camping-lariviere.com\/fr\/?s={search_term_string}\"},\"query-input\":{\"@type\":\"PropertyValueSpecification\",\"valueRequired\":true,\"valueName\":\"search_term_string\"}}],\"inLanguage\":\"fr-FR\"},{\"@type\":\"Organization\",\"@id\":\"https:\/\/camping-lariviere.com\/fr\/#organization\",\"name\":\"Camping La Rivi\u00e8re\",\"url\":\"https:\/\/camping-lariviere.com\/fr\/\",\"logo\":{\"@type\":\"ImageObject\",\"inLanguage\":\"fr-FR\",\"@id\":\"https:\/\/camping-lariviere.com\/fr\/#\/schema\/logo\/image\/\",\"url\":\"https:\/\/camping-lariviere.com\/wp-content\/uploads\/2020\/10\/camping-la-riviere-logo.png\",\"contentUrl\":\"https:\/\/camping-lariviere.com\/wp-content\/uploads\/2020\/10\/camping-la-riviere-logo.png\",\"width\":260,\"height\":210,\"caption\":\"Camping La Rivi\u00e8re\"},\"image\":{\"@id\":\"https:\/\/camping-lariviere.com\/fr\/#\/schema\/logo\/image\/\"}}]}<\/script>\n<!-- \/ Yoast SEO plugin. -->","yoast_head_json":{"title":"D\u00e9couvrez les Gorges du Verdon - tourisme dans le Var","description":"D\u00e9couvrez les Gorges du Verdon lors de votre s\u00e9jour dans le Var : villages \u00e0 visiter, activit\u00e9s \u00e0 faire\u2026","robots":{"index":"index","follow":"follow","max-snippet":"max-snippet:-1","max-image-preview":"max-image-preview:large","max-video-preview":"max-video-preview:-1"},"canonical":"https:\/\/camping-lariviere.com\/fr\/tourisme-gorges-du-verdon\/","og_locale":"fr_FR","og_type":"article","og_title":"D\u00e9couvrez les Gorges du Verdon - tourisme dans le Var","og_description":"D\u00e9couvrez les Gorges du Verdon lors de votre s\u00e9jour dans le Var : villages \u00e0 visiter, activit\u00e9s \u00e0 faire\u2026","og_url":"https:\/\/camping-lariviere.com\/fr\/tourisme-gorges-du-verdon\/","og_site_name":"Camping la Rivi\u00e8re","article_modified_time":"2024-11-05T13:55:39+00:00","twitter_card":"summary_large_image","schema":{"@context":"https:\/\/schema.org","@graph":[{"@type":"WebPage","@id":"https:\/\/camping-lariviere.com\/fr\/tourisme-gorges-du-verdon\/","url":"https:\/\/camping-lariviere.com\/fr\/tourisme-gorges-du-verdon\/","name":"D\u00e9couvrez les Gorges du Verdon - tourisme dans le Var","isPartOf":{"@id":"https:\/\/camping-lariviere.com\/fr\/#website"},"datePublished":"2022-12-16T09:18:17+00:00","dateModified":"2024-11-05T13:55:39+00:00","description":"D\u00e9couvrez les Gorges du Verdon lors de votre s\u00e9jour dans le Var : villages \u00e0 visiter, activit\u00e9s \u00e0 faire\u2026","breadcrumb":{"@id":"https:\/\/camping-lariviere.com\/fr\/tourisme-gorges-du-verdon\/#breadcrumb"},"inLanguage":"fr-FR","potentialAction":[{"@type":"ReadAction","target":["https:\/\/camping-lariviere.com\/fr\/tourisme-gorges-du-verdon\/"]}]},{"@type":"BreadcrumbList","@id":"https:\/\/camping-lariviere.com\/fr\/tourisme-gorges-du-verdon\/#breadcrumb","itemListElement":[{"@type":"ListItem","position":1,"name":"Camping Luberon","item":"https:\/\/camping-lariviere.com\/fr\/"},{"@type":"ListItem","position":2,"name":"Tourisme : Gorges du Verdon"}]},{"@type":"WebSite","@id":"https:\/\/camping-lariviere.com\/fr\/#website","url":"https:\/\/camping-lariviere.com\/fr\/","name":"Camping la Rivi\u00e8re","description":"","publisher":{"@id":"https:\/\/camping-lariviere.com\/fr\/#organization"},"potentialAction":[{"@type":"SearchAction","target":{"@type":"EntryPoint","urlTemplate":"https:\/\/camping-lariviere.com\/fr\/?s={search_term_string}"},"query-input":{"@type":"PropertyValueSpecification","valueRequired":true,"valueName":"search_term_string"}}],"inLanguage":"fr-FR"},{"@type":"Organization","@id":"https:\/\/camping-lariviere.com\/fr\/#organization","name":"Camping La Rivi\u00e8re","url":"https:\/\/camping-lariviere.com\/fr\/","logo":{"@type":"ImageObject","inLanguage":"fr-FR","@id":"https:\/\/camping-lariviere.com\/fr\/#\/schema\/logo\/image\/","url":"https:\/\/camping-lariviere.com\/wp-content\/uploads\/2020\/10\/camping-la-riviere-logo.png","contentUrl":"https:\/\/camping-lariviere.com\/wp-content\/uploads\/2020\/10\/camping-la-riviere-logo.png","width":260,"height":210,"caption":"Camping La Rivi\u00e8re"},"image":{"@id":"https:\/\/camping-lariviere.com\/fr\/#\/schema\/logo\/image\/"}}]}},"_links":{"self":[{"href":"https:\/\/camping-lariviere.com\/fr\/wp-json\/wp\/v2\/pages\/5977","targetHints":{"allow":["GET"]}}],"collection":[{"href":"https:\/\/camping-lariviere.com\/fr\/wp-json\/wp\/v2\/pages"}],"about":[{"href":"https:\/\/camping-lariviere.com\/fr\/wp-json\/wp\/v2\/types\/page"}],"author":[{"embeddable":true,"href":"https:\/\/camping-lariviere.com\/fr\/wp-json\/wp\/v2\/users\/1"}],"replies":[{"embeddable":true,"href":"https:\/\/camping-lariviere.com\/fr\/wp-json\/wp\/v2\/comments?post=5977"}],"version-history":[{"count":8,"href":"https:\/\/camping-lariviere.com\/fr\/wp-json\/wp\/v2\/pages\/5977\/revisions"}],"predecessor-version":[{"id":6945,"href":"https:\/\/camping-lariviere.com\/fr\/wp-json\/wp\/v2\/pages\/5977\/revisions\/6945"}],"wp:attachment":[{"href":"https:\/\/camping-lariviere.com\/fr\/wp-json\/wp\/v2\/media?parent=5977"}],"curies":[{"name":"wp","href":"https:\/\/api.w.org\/{rel}","templated":true}]}}