{"id":5979,"date":"2022-12-16T10:39:46","date_gmt":"2022-12-16T09:39:46","guid":{"rendered":"https:\/\/camping-lariviere.com\/?page_id=5979"},"modified":"2024-11-05T13:57:33","modified_gmt":"2024-11-05T12:57:33","slug":"tourisme-valensole","status":"publish","type":"page","link":"https:\/\/camping-lariviere.com\/fr\/tourisme-valensole\/","title":{"rendered":"Tourisme : Valensole"},"content":{"rendered":"<section id=\"section-639c3cf5d32f6\"\" class=\"section bg-color2\" \/><div class=\"container extralarge\"><h1 class=\"element section-title center\">Visiter la ville de Valensole<\/h1><div class=\"element bloc-text justify \">\n\t<p>La ville de <strong class=\"bold color1\">Valensole<\/strong> est c\u00e9l\u00e8bre pour deux choses. A savoir, son <strong class=\"bold color1\">plateau<\/strong> qui porte le m\u00eame nom et ses <strong class=\"bold color1\">champs de lavande<\/strong>. Situ\u00e9e dans les Alpes de Haute Provence, elle s\u2019\u00e9tend sur pr\u00e8s de 800 kilom\u00e8tres. Cela fait d\u2019elle l\u2019une des villes les plus \u00e9tendues de <strong class=\"bold color1\">France<\/strong>. De m\u00eame que son plateau qui fait plus de 12 700 hectares. <strong class=\"bold color1\">Valensole<\/strong> est connu pour \u00eatre un lieu propice \u00e0 la <strong class=\"bold color1\">culture de lavandin<\/strong>. D\u00e9couvrez plus en d\u00e9tails ce qui fait la renomm\u00e9e de cette ville. Par ailleurs, ne manquez pas la <a href=\"\/blog\/fete-de-la-lavande-a-valensole\/\">f\u00eate de la lavande<\/a> en juillet lors de votre s\u00e9jour dans notre <a href=\"\/fr\/camping-valensole\/\">camping pr\u00e8s de Valensole<\/a> !<\/p>\n<\/div><\/div><\/section>\n\n<section id=\"section-639c3cf5d3483\"\" class=\"section bg-white p-t-0 p-b-0\" \/><div class=\"container full\"><div class=\"colonnes-wrap valign-middle \"><div class=\"element colonne p-x-10\"><h2 class=\"element section-title left\">Le Plateau de Valensole<\/h2><div class=\"element bloc-text justify \">\n\t<p>Le <strong class=\"bold color1\">Plateau de Valensole<\/strong> est surnomm\u00e9 le grenier de la r\u00e9gion. Il est destin\u00e9 \u00e0 la culture de c\u00e9r\u00e9ales et de lavande. Il a tendance \u00e0 changer d&rsquo;aspect en fonction des saisons. Il est possible de visiter ce lieu embl\u00e9matique tout au long de l\u2019ann\u00e9e. Mais le meilleur moment pour s\u2019y rendre, c\u2019est sans doute en juillet. Vous y d\u00e9couvrirez l\u2019un des paysages les plus \u00e9poustouflants de <a href=\"\/tourisme-provence\/\">Provence<\/a>. Les beaux bleus des <strong class=\"bold color1\">lavandes<\/strong> et l\u2019or des bl\u00e9s vont vous \u00e9blouir. Sinon, le mois de mars constitue \u00e9galement une bonne p\u00e9riode pour y faire un tour. Le plateau arbore une teinte rose gr\u00e2ce aux amandiers en fleurs.<\/p>\n<\/div><\/div><div class=\"element colonne p-0\"><div class=\"element images scroll-x-mobile\"><div class=\"image\"><img decoding=\"async\" src=\"https:\/\/camping-lariviere.com\/wp-content\/uploads\/2022\/12\/plateau-valensole-100x71.jpg\" data-src=\"https:\/\/camping-lariviere.com\/wp-content\/uploads\/2022\/12\/plateau-valensole.jpg\" alt=\"plateau de valensole\" class=\"images_image\" Le Plateau de Valensole\/><\/div><\/div><\/div><\/div><\/div><\/section>\n\n<section id=\"section-639c3cf5d35e3\"\" class=\"section bg-white p-t-0 p-b-0\" \/><div class=\"container full\"><div class=\"colonnes-wrap valign-middle \"><div class=\"element colonne p-0\"><div class=\"element images scroll-x-mobile\"><div class=\"image\"><img decoding=\"async\" src=\"https:\/\/camping-lariviere.com\/wp-content\/uploads\/2022\/12\/lavande-valensole-100x71.jpg\" data-src=\"https:\/\/camping-lariviere.com\/wp-content\/uploads\/2022\/12\/lavande-valensole.jpg\" alt=\"lavande de valensole\" class=\"images_image\" \/><\/div><\/div><\/div><div class=\"element colonne p-x-10\"><h2 class=\"element section-title left\">Les champs de lavande \u00e0 Valensole<\/h2><div class=\"element bloc-text justify \">\n\t<p>Le <strong class=\"bold color1\">plateau de Valensole<\/strong> est le lieu par excellence pour trouver des lavandes et des <strong class=\"bold color1\">lavandiers en Provence<\/strong>. Attention toutefois \u00e0 ne pas confondre ces deux cultures. Elles se distinguent de par leur couleur et leur odeur. La <strong>lavande vraie<\/strong> ou <strong class=\"bold color1\">lavande fine<\/strong> rev\u00eat un ton bleu violet alors que le lavandin arbore plut\u00f4t une teinte uniforme. Aussi, l\u2019odeur du lavandin a tendance \u00e0 \u00eatre plus forte que celle de la lavande vraie. En tout cas, il ne vous sera pas difficile de trouver les fameux champs de lavande. Vous pouvez les retrouver notamment sur les routes D6, D8 ou encore D15.<\/p>\n<p>Pendant votre p\u00e9riple, n\u2019oubliez pas d\u2019emmener avec vous votre appareil photo. Vous passerez ainsi la journ\u00e9e \u00e0 photographier chaque rang\u00e9e de ces magnifiques fleurs. En outre, d\u2019autres cultures sont aussi visibles sur le plateau dont les champs de tournesol, de sauge et de bl\u00e9.<\/p>\n<\/div><\/div><\/div><\/div><\/section>\n\n<section id=\"section-639c3cf5d3732\"\" class=\"section bg-color2 p-t-0 p-b-0\" \/><div class=\"container full\"><div class=\"colonnes-wrap valign-middle \"><div class=\"element colonne p-x-10\"><h2 class=\"element section-title left\">Le march\u00e9 \u00e0 Valensole<\/h2><div class=\"element bloc-text justify \">\n\t<p>Le <strong class=\"bold color1\">march\u00e9 de Valensole<\/strong> fait \u00e9galement la renomm\u00e9e de cette ville. Il a lieu chaque <strong class=\"bold color1\">mercredi<\/strong> et <strong class=\"bold color1\">samedi<\/strong> sur l\u2019avenue Segond. Il r\u00e9unit une multitude de marchands qui vendent toutes sortes de produits. On peut y trouver des produits de la mer, viandes, fruits, l\u00e9gumes ou des produits de boucherie. Mais il est aussi possible de se rendre au march\u00e9 pour acheter des produits non alimentaires. \u00c0 savoir, des mobiliers, des v\u00eatements, des ustensiles de cuisine, voire m\u00eame des jouets.<\/p>\n<p>De quoi passer du temps lors de votre s\u00e9jour dans notre <a href=\"https:\/\/camping-lariviere.com\/fr\/\">camping 4 \u00e9toiles dans le Lub\u00e9ron<\/a> !<\/p>\n<\/div><\/div><div class=\"element colonne p-0\"><div class=\"element images scroll-x-mobile\"><div class=\"image\"><img decoding=\"async\" src=\"https:\/\/camping-lariviere.com\/wp-content\/uploads\/2022\/12\/marche-provence-100x71.jpg\" data-src=\"https:\/\/camping-lariviere.com\/wp-content\/uploads\/2022\/12\/marche-provence.jpg\" alt=\"march\u00e9 de provence\" class=\"images_image\" Le march\u00e9 \u00e0 Valensole\/><\/div><\/div><\/div><\/div><\/div><\/section>\n\n<section id=\"section-639c3cf5d386c\"\" class=\"section bg-white\" \/><div class=\"container extralarge\"><div class=\"element section-title center title-cta\">A voir \u00e9galement en Provence<\/div><ul class=\"liste-de-page\"><li class=\"element call-to-action center title-cta call-to-action--style-1 call-to-action--big\"><a href=\"https:\/\/camping-lariviere.com\/fr\/tourisme-manosque\/\"  class=\"call-to-action_link\" title=\"En savoir plus sur tourisme manosque\"><div class=\"call-to-action_image\"><img decoding=\"async\" src=\"https:\/\/camping-lariviere.com\/wp-content\/uploads\/2020\/10\/vacances-manosque-100x65.jpg\" data-src=\"https:\/\/camping-lariviere.com\/wp-content\/uploads\/2020\/10\/vacances-manosque.jpg\" alt=\"vacances manosque\" class=\"big\" \/><\/div><div class=\"call-to-action_contenu\"><div class=\"call-to-action_titre\">Tourisme Manosque<\/div><\/div><\/a><\/li><li class=\"element call-to-action center title-cta call-to-action--style-1 call-to-action--big call-to-action--style-1 call-to-action--big\"><a href=\"https:\/\/camping-lariviere.com\/fr\/tourisme-vaucluse\/\"  class=\"call-to-action_link\" title=\"En savoir plus sur vaucluse\"><div class=\"call-to-action_image\"><img decoding=\"async\" src=\"https:\/\/camping-lariviere.com\/wp-content\/uploads\/2022\/04\/visiter-vaucluse-100x71.jpg\" data-src=\"https:\/\/camping-lariviere.com\/wp-content\/uploads\/2022\/04\/visiter-vaucluse.jpg\" alt=\"visiter vaucluse\" class=\"big\" \/><\/div><div class=\"call-to-action_contenu\"><div class=\"call-to-action_titre\">Vaucluse<\/div><\/div><\/a><\/li><li class=\"element call-to-action center title-cta call-to-action--style-1 call-to-action--big call-to-action--style-1 call-to-action--big call-to-action--style-1 call-to-action--big\"><a href=\"https:\/\/camping-lariviere.com\/fr\/tourisme-gorges-du-verdon\/\"  class=\"call-to-action_link\" title=\"En savoir plus sur gorges du verdon\"><div class=\"call-to-action_image\"><img decoding=\"async\" src=\"https:\/\/camping-lariviere.com\/wp-content\/uploads\/2022\/12\/activites-gorges-du-verdon-100x71.jpg\" data-src=\"https:\/\/camping-lariviere.com\/wp-content\/uploads\/2022\/12\/activites-gorges-du-verdon.jpg\" alt=\"\" class=\"big\" \/><\/div><div class=\"call-to-action_contenu\"><div class=\"call-to-action_titre\">Gorges du Verdon<\/div><\/div><\/a><\/li><\/ul><\/div><\/section>","protected":false},"excerpt":{"rendered":"","protected":false},"author":1,"featured_media":0,"parent":0,"menu_order":0,"comment_status":"closed","ping_status":"closed","template":"","meta":{"_acf_changed":false,"footnotes":""},"class_list":["post-5979","page","type-page","status-publish","hentry"],"acf":[],"yoast_head":"<!-- This site is optimized with the Yoast SEO plugin v23.4 - https:\/\/yoast.com\/wordpress\/plugins\/seo\/ -->\n<title>Que faire \u00e0 Valensole ? Tourisme et visites en Provence<\/title>\n<meta name=\"description\" content=\"D\u00e9couvrez Valensole lors de votre s\u00e9jour dans le Var : balade, champs de lavande\u2026\" \/>\n<meta name=\"robots\" content=\"index, follow, max-snippet:-1, max-image-preview:large, max-video-preview:-1\" \/>\n<link rel=\"canonical\" href=\"https:\/\/camping-lariviere.com\/fr\/tourisme-valensole\/\" \/>\n<meta property=\"og:locale\" content=\"fr_FR\" \/>\n<meta property=\"og:type\" content=\"article\" \/>\n<meta property=\"og:title\" content=\"Que faire \u00e0 Valensole ? Tourisme et visites en Provence\" \/>\n<meta property=\"og:description\" content=\"D\u00e9couvrez Valensole lors de votre s\u00e9jour dans le Var : balade, champs de lavande\u2026\" \/>\n<meta property=\"og:url\" content=\"https:\/\/camping-lariviere.com\/fr\/tourisme-valensole\/\" \/>\n<meta property=\"og:site_name\" content=\"Camping la Rivi\u00e8re\" \/>\n<meta property=\"article:modified_time\" content=\"2024-11-05T12:57:33+00:00\" \/>\n<meta name=\"twitter:card\" content=\"summary_large_image\" \/>\n<script type=\"application\/ld+json\" class=\"yoast-schema-graph\">{\"@context\":\"https:\/\/schema.org\",\"@graph\":[{\"@type\":\"WebPage\",\"@id\":\"https:\/\/camping-lariviere.com\/fr\/tourisme-valensole\/\",\"url\":\"https:\/\/camping-lariviere.com\/fr\/tourisme-valensole\/\",\"name\":\"Que faire \u00e0 Valensole ? Tourisme et visites en Provence\",\"isPartOf\":{\"@id\":\"https:\/\/camping-lariviere.com\/fr\/#website\"},\"datePublished\":\"2022-12-16T09:39:46+00:00\",\"dateModified\":\"2024-11-05T12:57:33+00:00\",\"description\":\"D\u00e9couvrez Valensole lors de votre s\u00e9jour dans le Var : balade, champs de lavande\u2026\",\"breadcrumb\":{\"@id\":\"https:\/\/camping-lariviere.com\/fr\/tourisme-valensole\/#breadcrumb\"},\"inLanguage\":\"fr-FR\",\"potentialAction\":[{\"@type\":\"ReadAction\",\"target\":[\"https:\/\/camping-lariviere.com\/fr\/tourisme-valensole\/\"]}]},{\"@type\":\"BreadcrumbList\",\"@id\":\"https:\/\/camping-lariviere.com\/fr\/tourisme-valensole\/#breadcrumb\",\"itemListElement\":[{\"@type\":\"ListItem\",\"position\":1,\"name\":\"Camping Luberon\",\"item\":\"https:\/\/camping-lariviere.com\/fr\/\"},{\"@type\":\"ListItem\",\"position\":2,\"name\":\"Tourisme : Valensole\"}]},{\"@type\":\"WebSite\",\"@id\":\"https:\/\/camping-lariviere.com\/fr\/#website\",\"url\":\"https:\/\/camping-lariviere.com\/fr\/\",\"name\":\"Camping la Rivi\u00e8re\",\"description\":\"\",\"publisher\":{\"@id\":\"https:\/\/camping-lariviere.com\/fr\/#organization\"},\"potentialAction\":[{\"@type\":\"SearchAction\",\"target\":{\"@type\":\"EntryPoint\",\"urlTemplate\":\"https:\/\/camping-lariviere.com\/fr\/?s={search_term_string}\"},\"query-input\":{\"@type\":\"PropertyValueSpecification\",\"valueRequired\":true,\"valueName\":\"search_term_string\"}}],\"inLanguage\":\"fr-FR\"},{\"@type\":\"Organization\",\"@id\":\"https:\/\/camping-lariviere.com\/fr\/#organization\",\"name\":\"Camping La Rivi\u00e8re\",\"url\":\"https:\/\/camping-lariviere.com\/fr\/\",\"logo\":{\"@type\":\"ImageObject\",\"inLanguage\":\"fr-FR\",\"@id\":\"https:\/\/camping-lariviere.com\/fr\/#\/schema\/logo\/image\/\",\"url\":\"https:\/\/camping-lariviere.com\/wp-content\/uploads\/2020\/10\/camping-la-riviere-logo.png\",\"contentUrl\":\"https:\/\/camping-lariviere.com\/wp-content\/uploads\/2020\/10\/camping-la-riviere-logo.png\",\"width\":260,\"height\":210,\"caption\":\"Camping La Rivi\u00e8re\"},\"image\":{\"@id\":\"https:\/\/camping-lariviere.com\/fr\/#\/schema\/logo\/image\/\"}}]}<\/script>\n<!-- \/ Yoast SEO plugin. -->","yoast_head_json":{"title":"Que faire \u00e0 Valensole ? Tourisme et visites en Provence","description":"D\u00e9couvrez Valensole lors de votre s\u00e9jour dans le Var : balade, champs de lavande\u2026","robots":{"index":"index","follow":"follow","max-snippet":"max-snippet:-1","max-image-preview":"max-image-preview:large","max-video-preview":"max-video-preview:-1"},"canonical":"https:\/\/camping-lariviere.com\/fr\/tourisme-valensole\/","og_locale":"fr_FR","og_type":"article","og_title":"Que faire \u00e0 Valensole ? Tourisme et visites en Provence","og_description":"D\u00e9couvrez Valensole lors de votre s\u00e9jour dans le Var : balade, champs de lavande\u2026","og_url":"https:\/\/camping-lariviere.com\/fr\/tourisme-valensole\/","og_site_name":"Camping la Rivi\u00e8re","article_modified_time":"2024-11-05T12:57:33+00:00","twitter_card":"summary_large_image","schema":{"@context":"https:\/\/schema.org","@graph":[{"@type":"WebPage","@id":"https:\/\/camping-lariviere.com\/fr\/tourisme-valensole\/","url":"https:\/\/camping-lariviere.com\/fr\/tourisme-valensole\/","name":"Que faire \u00e0 Valensole ? Tourisme et visites en Provence","isPartOf":{"@id":"https:\/\/camping-lariviere.com\/fr\/#website"},"datePublished":"2022-12-16T09:39:46+00:00","dateModified":"2024-11-05T12:57:33+00:00","description":"D\u00e9couvrez Valensole lors de votre s\u00e9jour dans le Var : balade, champs de lavande\u2026","breadcrumb":{"@id":"https:\/\/camping-lariviere.com\/fr\/tourisme-valensole\/#breadcrumb"},"inLanguage":"fr-FR","potentialAction":[{"@type":"ReadAction","target":["https:\/\/camping-lariviere.com\/fr\/tourisme-valensole\/"]}]},{"@type":"BreadcrumbList","@id":"https:\/\/camping-lariviere.com\/fr\/tourisme-valensole\/#breadcrumb","itemListElement":[{"@type":"ListItem","position":1,"name":"Camping Luberon","item":"https:\/\/camping-lariviere.com\/fr\/"},{"@type":"ListItem","position":2,"name":"Tourisme : Valensole"}]},{"@type":"WebSite","@id":"https:\/\/camping-lariviere.com\/fr\/#website","url":"https:\/\/camping-lariviere.com\/fr\/","name":"Camping la Rivi\u00e8re","description":"","publisher":{"@id":"https:\/\/camping-lariviere.com\/fr\/#organization"},"potentialAction":[{"@type":"SearchAction","target":{"@type":"EntryPoint","urlTemplate":"https:\/\/camping-lariviere.com\/fr\/?s={search_term_string}"},"query-input":{"@type":"PropertyValueSpecification","valueRequired":true,"valueName":"search_term_string"}}],"inLanguage":"fr-FR"},{"@type":"Organization","@id":"https:\/\/camping-lariviere.com\/fr\/#organization","name":"Camping La Rivi\u00e8re","url":"https:\/\/camping-lariviere.com\/fr\/","logo":{"@type":"ImageObject","inLanguage":"fr-FR","@id":"https:\/\/camping-lariviere.com\/fr\/#\/schema\/logo\/image\/","url":"https:\/\/camping-lariviere.com\/wp-content\/uploads\/2020\/10\/camping-la-riviere-logo.png","contentUrl":"https:\/\/camping-lariviere.com\/wp-content\/uploads\/2020\/10\/camping-la-riviere-logo.png","width":260,"height":210,"caption":"Camping La Rivi\u00e8re"},"image":{"@id":"https:\/\/camping-lariviere.com\/fr\/#\/schema\/logo\/image\/"}}]}},"_links":{"self":[{"href":"https:\/\/camping-lariviere.com\/fr\/wp-json\/wp\/v2\/pages\/5979","targetHints":{"allow":["GET"]}}],"collection":[{"href":"https:\/\/camping-lariviere.com\/fr\/wp-json\/wp\/v2\/pages"}],"about":[{"href":"https:\/\/camping-lariviere.com\/fr\/wp-json\/wp\/v2\/types\/page"}],"author":[{"embeddable":true,"href":"https:\/\/camping-lariviere.com\/fr\/wp-json\/wp\/v2\/users\/1"}],"replies":[{"embeddable":true,"href":"https:\/\/camping-lariviere.com\/fr\/wp-json\/wp\/v2\/comments?post=5979"}],"version-history":[{"count":11,"href":"https:\/\/camping-lariviere.com\/fr\/wp-json\/wp\/v2\/pages\/5979\/revisions"}],"predecessor-version":[{"id":6933,"href":"https:\/\/camping-lariviere.com\/fr\/wp-json\/wp\/v2\/pages\/5979\/revisions\/6933"}],"wp:attachment":[{"href":"https:\/\/camping-lariviere.com\/fr\/wp-json\/wp\/v2\/media?parent=5979"}],"curies":[{"name":"wp","href":"https:\/\/api.w.org\/{rel}","templated":true}]}}