{"id":6195,"date":"2023-05-15T09:30:29","date_gmt":"2023-05-15T07:30:29","guid":{"rendered":"https:\/\/camping-lariviere.com\/?page_id=6195"},"modified":"2024-11-08T10:08:04","modified_gmt":"2024-11-08T09:08:04","slug":"pas-cher","status":"publish","type":"page","link":"https:\/\/camping-lariviere.com\/fr\/camping-manosque\/pas-cher\/","title":{"rendered":"Camping Manosque pas cher"},"content":{"rendered":"<section id=\"section-6461e01601a19\"\" class=\"section bg-color2\" \/><div class=\"container extralarge\"><h1 class=\"element section-title center\">Vos vacances en camping pas cher pr\u00e8s de Manosque<\/h1><div class=\"element bloc-text justify \">\n\t<p>Envie de passer des moments de qualit\u00e9 avec vos proches lors de vos <strong class=\"bold color1\">vacances<\/strong> en <strong class=\"bold color1\">Provence Alpes C\u00f4te d\u2019Azur<\/strong> ? Optez pour un s\u00e9jour au Camping La Rivi\u00e8re. Outre la vari\u00e9t\u00e9 des offres d\u2019<strong class=\"bold color1\">h\u00e9bergements<\/strong>, ce <a href=\"\/fr\/\">camping dans le Lub\u00e9ron<\/a> propose des offres promotionnelles sur ses locations. Ce <strong class=\"bold color1\">camping pr\u00e8s de Manosque pas cher<\/strong> met \u00e9galement \u00e0 votre disposition diverses <strong class=\"bold color1\">activit\u00e9s<\/strong> tout en vous permettant d\u2019aller \u00e0 la d\u00e9couverte des villages typiques des environs comme <a href=\"https:\/\/camping-lariviere.com\/fr\/camping-cereste-en-luberon\">C\u00e9reste-en-Lub\u00e9ron<\/a>.<\/p>\n<\/div><\/div><\/section>\n\n<section id=\"section-6461e01601bff\"\" class=\"section bg-white p-t-0 p-b-0\" \/><div class=\"container full\"><div class=\"colonnes-wrap valign-middle \"><div class=\"element colonne p-x-10\"><h2 class=\"element section-title left\">D\u00e9couvrez nos h\u00e9bergements \u00e0 petits prix<\/h2><div class=\"element bloc-text left \">\n\t<p>Vous recherchez un <strong class=\"bold color1\">h\u00e9bergement<\/strong> confortable ou une exp\u00e9rience plus rustique et proche de la <strong class=\"bold color1\">nature<\/strong> ? Notre <a href=\"\/fr\/camping-manosque\/\">camping pr\u00e8s de Manosque<\/a> dispose d\u2019une vari\u00e9t\u00e9 de locations pour r\u00e9pondre \u00e0 vos besoins.<\/p>\n<p>Avec un choix de plus de 40 <strong class=\"bold color1\">mobil-homes<\/strong>, vous pourrez s\u00e9journer dans un <strong class=\"bold color1\">camping pas cher pr\u00e8s de Manosque<\/strong> dans des <strong class=\"bold color1\">h\u00e9bergements modernes<\/strong> situ\u00e9s <a href=\"\/fr\/camping-bord-de-riviere-luberon\/\">en bord de rivi\u00e8re<\/a> ou <strong class=\"bold color1\">\u00e0 proximit\u00e9 de la piscine<\/strong>. Que vous optiez pour un mobil-home standard, lodgia, confort ou luxe privil\u00e8ge, vous trouverez votre bonheur parmi ces diff\u00e9rentes gammes. Compos\u00e9s d\u2019une <strong class=\"bold color1\">chambre<\/strong> \u00e0 trois chambres, certains de nos <strong class=\"bold color1\">mobil-homes<\/strong> peuvent m\u00eame accueillir des personnes suppl\u00e9mentaires gr\u00e2ce \u00e0 un couchage d&rsquo;appoint. Chaque <strong class=\"bold color1\">h\u00e9bergement<\/strong>, propos\u00e9 \u00e0 des <strong class=\"bold color1\">prix<\/strong> comp\u00e9titifs, se dote de diff\u00e9rents \u00e9quipements visant \u00e0 vous assurer un maximum de confort.<\/p>\n<p>En qu\u00eate d&rsquo;une exp\u00e9rience plus originale ? Optez pour une <strong class=\"bold color1\">location<\/strong> de chalets ou un de nos <a href=\"\/fr\/location-insolite-luberon\/\">h\u00e9bergements insolites<\/a> pour un s\u00e9jour authentique et chaleureux. Si vous pr\u00e9f\u00e9rez le camping traditionnel, choisissez parmi nos <strong class=\"bold color1\">emplacements<\/strong> ou l\u2019offre Ready to Camp, pour planter votre tente pour des <strong class=\"bold color1\">nuits<\/strong> \u00e0 ciel ouvert.<\/p>\n<\/div><\/div><div class=\"element colonne p-0\"><div class=\"element images scroll-x-mobile\"><div class=\"image\"><img decoding=\"async\" src=\"https:\/\/camping-lariviere.com\/wp-content\/uploads\/2021\/10\/mobil-home-luberon-100x71.jpg\" data-src=\"https:\/\/camping-lariviere.com\/wp-content\/uploads\/2021\/10\/mobil-home-luberon.jpg\" alt=\"camping pas cher manosque\" class=\"images_image\" D\u00e9couvrez nos h\u00e9bergements \u00e0 petits prix\/><\/div><\/div><\/div><\/div><\/div><\/section>\n\n<section id=\"section-6461e01601d63\"\" class=\"section bg-white\" \/><div class=\"container extralarge\"><div class=\"colonnes-wrap valign-top \"><div class=\"element colonne w-70\"><div class=\"element bloc-text justify \">\n\t<p><script>\n    window.ctoutvert = {\n        id: 2715,\n        lang: 'auto',\n        url: 'https:\/\/bookingpremium.secureholiday.net\/widgets\/', \n    };\n    (function (w, d, s, ctv, r, js, fjs) {\n        r=new XMLHttpRequest();r.open('GET',w[ctv].url+'js\/src.json');\n        r.responseType='json';r.json=true;r.send();\n        r.onload=function(){w[ctv].src=r.responseType=='json'?r.response:JSON.parse(r.response);\n        js.src=w[ctv].src[0];fjs.parentNode.insertBefore(js, fjs);}\n        js=d.createElement(s),fjs=d.getElementsByTagName(s)[0];\n        js.id='ctvwidget';js.async=1;\n    }(window, document, 'script', 'ctoutvert'));\n<\/script><br \/>\n<ctv-availability ><\/ctv-availability><\/p>\n<\/div><\/div><div class=\"element colonne w-30\"><div class=\"element bloc-text justify \">\n\t<p><ctv-offers data-only-with-stock='false' ><\/ctv-offers><\/p>\n<\/div><\/div><\/div><\/div><\/section>\n\n<section id=\"section-6461e01601e61\"\" class=\"section bg-white p-t-0 p-b-0\" \/><div class=\"container full\"><div class=\"colonnes-wrap valign-middle \"><div class=\"element colonne p-0\"><div class=\"element images scroll-x-mobile\"><div class=\"image\"><img decoding=\"async\" src=\"https:\/\/camping-lariviere.com\/wp-content\/uploads\/2020\/10\/mobil-home-camping-2-100x84.jpg\" data-src=\"https:\/\/camping-lariviere.com\/wp-content\/uploads\/2020\/10\/mobil-home-camping-2.jpg\" alt=\"camping pas cher manosque\" class=\"images_image\" \/><\/div><\/div><\/div><div class=\"element colonne p-x-10\"><h2 class=\"element section-title left\">Nos offres et promotions<\/h2><div class=\"element bloc-text left \">\n\t<p>\u00cates-vous \u00e0 la recherche d&rsquo;une escapade \u00e9conomique en <strong class=\"bold color1\">Provence Alpes C\u00f4te d\u2019Azur<\/strong> ? Tout au long de l&rsquo;ann\u00e9e, notre <strong class=\"bold color1\">camping pas cher pr\u00e8s de Manosque<\/strong> vous propose des offres promotionnelles afin de vous garantir des vacances m\u00e9morables.<\/p>\n<p>Avec nos offres sp\u00e9ciales Flower Campings en <strong class=\"bold color1\">location<\/strong> ou en <strong class=\"bold color1\">emplacement<\/strong>, vous pouvez vous installer confortablement dans notre domaine sans sacrifier votre portefeuille. Nos tarifs sont ajust\u00e9s en fonction des saisons pour vous offrir une exp\u00e9rience exceptionnelle sans vous ruiner.<\/p>\n<p>Pour un voyage en famille, notre <strong class=\"bold color1\">camping pas cher pr\u00e8s de Manosque<\/strong> vous propose des <strong class=\"bold color1\">Offres Groupes<\/strong>, avec des <strong class=\"bold color1\">forfaits \u00e0 la carte<\/strong>. Destin\u00e9es \u00e0 un groupe de plus de 10 personnes, ces formules sont con\u00e7ues pour r\u00e9pondre \u00e0 vos besoins sp\u00e9cifiques, avec des tarifs qui peuvent inclure diff\u00e9rents <strong class=\"bold color1\">services<\/strong>. Nous pouvons m\u00eame organiser des <strong class=\"bold color1\">activit\u00e9s<\/strong> pour vous divertir et mettre \u00e0 votre disposition notre salle de restaurant.<\/p>\n<p>Pour \u00eatre s\u00fbr de ne manquer aucune de nos offres, visitez r\u00e9guli\u00e8rement notre page en ligne. Si vous souhaitez avoir plus d\u2019<strong class=\"bold color1\">infos<\/strong> sur nos formules et nos tarifs, n&rsquo;h\u00e9sitez pas \u00e0 contacter notre \u00e9quipe chaleureuse et d\u00e9vou\u00e9e.<\/p>\n<\/div><\/div><\/div><\/div><\/section>\n\n<section id=\"section-6461e01601f61\"\" class=\"section bg-color2 p-t-0 p-b-0\" \/><div class=\"container full\"><div class=\"colonnes-wrap valign-middle \"><div class=\"element colonne p-x-10\"><h2 class=\"element section-title left\">Les services propos\u00e9s par le camping<\/h2><div class=\"element bloc-text left \">\n\t<p>Pour que votre s\u00e9jour en Provence soit des plus agr\u00e9ables, notre <strong class=\"bold color1\">camping pr\u00e8s de Manosque pas cher<\/strong> vous propose tout un \u00e9ventail de services et d&rsquo;animations :<\/p>\n<ul>\n<li><strong class=\"bold color1\">L\u2019accueil<\/strong> : \u00e0 la disposition des <strong class=\"bold color1\">clients<\/strong> pour des besoins particuliers ou pour avoir des <strong class=\"bold color1\">avis<\/strong> sur les sites \u00e0 visiter.<\/li>\n<li><strong class=\"bold color1\">Un espace aquatique<\/strong> : compos\u00e9 d\u2019une <strong class=\"bold color1\">piscine<\/strong> \u00e0 pente douce, des jeux d\u2019eau et d\u2019un toboggan pour les <strong class=\"bold color1\">enfants<\/strong>. De nombreuses activit\u00e9s sont aussi organis\u00e9es autour du bassin.<\/li>\n<li><strong class=\"bold color1\">Un terrain multisports<\/strong> : volley-ball, football, table de ping-pong, p\u00e9tanque, etc.<\/li>\n<li><strong class=\"bold color1\">Des animations en soir\u00e9e<\/strong> : spectacle, danse, karaok\u00e9, loto.<\/li>\n<li>Une \u00e9picerie avec d\u00e9p\u00f4t de pain, un espace barbecue, une biblioth\u00e8que, une connexion wifi <strong class=\"bold color1\">gratuite sur la terrasse du restaurant<\/strong>..<\/li>\n<li><strong class=\"bold color1\">Un restaurant<\/strong> : proposant des plats sur <strong class=\"bold color1\">place<\/strong> et \u00e0 emporter, allant de snacks \u00e0 une cuisine plus raffin\u00e9e.<\/li>\n<li>Un <strong class=\"bold color1\">espace<\/strong> de bien-\u00eatre (massage par un professionnel), une laverie et un service courrier.<\/li>\n<\/ul>\n<\/div><\/div><div class=\"element colonne p-0\"><div class=\"element images scroll-x-mobile\"><div class=\"image\"><img decoding=\"async\" src=\"https:\/\/camping-lariviere.com\/wp-content\/uploads\/2020\/10\/camping-la-riviere-cta-restaurant-100x69.jpg\" data-src=\"https:\/\/camping-lariviere.com\/wp-content\/uploads\/2020\/10\/camping-la-riviere-cta-restaurant.jpg\" alt=\"camping pas cher manosque\" class=\"images_image\" Les services propos\u00e9s par le camping\/><\/div><\/div><\/div><\/div><\/div><\/section>\n\n<section id=\"section-6461e0160205d\"\" class=\"section bg-white p-t-0 p-b-0\" \/><div class=\"container full\"><div class=\"colonnes-wrap valign-middle \"><div class=\"element colonne p-0\"><div class=\"element images scroll-x-mobile\"><div class=\"image\"><img decoding=\"async\" src=\"https:\/\/camping-lariviere.com\/wp-content\/uploads\/2022\/12\/tourisme-bauduen-100x71.jpg\" data-src=\"https:\/\/camping-lariviere.com\/wp-content\/uploads\/2022\/12\/tourisme-bauduen.jpg\" alt=\"camping pas cher Manosque\" class=\"images_image\" \/><\/div><\/div><\/div><div class=\"element colonne p-x-10\"><h2 class=\"element section-title left\">Les activit\u00e9s \u00e0 proximit\u00e9<\/h2><div class=\"element bloc-text left \">\n\t<p>En plus des animations au c\u0153ur du domaine, vous pouvez profiter d\u2019autres activit\u00e9s <strong class=\"bold color1\">\u00e0 proximit\u00e9 de<\/strong> notre <strong class=\"bold color1\">camping pas cher pr\u00e8s de Manosque<\/strong>.<\/p>\n<p>Situ\u00e9 \u00e0 quelques minutes de notre camping, le <strong class=\"bold color1\">parc naturel du Lub\u00e9ron<\/strong> bord\u00e9 par la <strong class=\"bold color1\">vall\u00e9e<\/strong> de la Durance vous offre des panoramas \u00e9poustouflants. Poursuivez votre aventure en explorant les villages typiques de la r\u00e9gion, situ\u00e9s \u00e0 quelques minutes de route de notre \u00e9tablissement. Une occasion pour vous impr\u00e9gner de la culture de la <strong class=\"bold color1\">Provence<\/strong>.<\/p>\n<p>Des sentiers propices \u00e0 des randonn\u00e9es p\u00e9destres, \u00e9questres et \u00e0 v\u00e9lo sont \u00e9galement localis\u00e9s tout pr\u00e8s de notre domaine. Pour les amateurs de sports nautiques, la Durance, \u00e0 quelques km de notre \u00e9tablissement 3 \u00e9toiles est adapt\u00e9e \u00e0 la pratique du cano\u00eb-kayak. N\u2019h\u00e9sitez pas \u00e0 poursuivre votre d\u00e9couverte en allant en direction des <strong class=\"bold color1\">Gorges du Verdon<\/strong> ou de <a href=\"\/fr\/tourisme-greoux-les-bains\/\">Gr\u00e9oux les Bains<\/a>.<\/p>\n<\/div><\/div><\/div><\/div><\/section>\n\n<section id=\"section-6461e016021a9\"\" class=\"section bg-white\" \/><div class=\"container extralarge\"><h2 class=\"element section-title center\">R\u00e9server votre s\u00e9jour<\/h2><div class=\"element bloc-text center m-b-3\">\n\t<p>Pour des <strong class=\"bold color1\">vacances<\/strong> r\u00e9ussies en camping, dans la r\u00e9gion <strong class=\"bold color1\">Provence Alpes C\u00f4te d\u2019Azur<\/strong>, nous vous invitons \u00e0 r\u00e9server votre <strong class=\"bold color1\">s\u00e9jour<\/strong> dans notre <strong class=\"bold color1\">camping pas cher pr\u00e8s de Manosque<\/strong> pour profiter de nos offres de locatifs avec <strong class=\"bold color1\">chambre<\/strong> ou d\u2019<strong class=\"bold color1\">emplacements<\/strong> \u00e0 petit prix. Sachez qu&rsquo;il est possible de r\u00e9server vos <strong class=\"bold color1\">dates<\/strong> en ligne ou par t\u00e9l\u00e9phone, ou de contacter l&rsquo;\u00e9quipe pour toute demande de renseignements compl\u00e9mentaires.<\/p>\n<\/div><ul class=\"liste-de-page\"><li class=\"element call-to-action m-b-3 call-to-action--style-1 call-to-action--big\"><a href=\"https:\/\/camping-lariviere.com\/fr\/location-mobil-home-luberon\/\"  class=\"call-to-action_link\" title=\"En savoir plus sur nos mobil homes\"><div class=\"call-to-action_image\"><img decoding=\"async\" src=\"https:\/\/camping-lariviere.com\/wp-content\/uploads\/2020\/10\/location-camping-mobil-home-100x65.jpg\" data-src=\"https:\/\/camping-lariviere.com\/wp-content\/uploads\/2020\/10\/location-camping-mobil-home.jpg\" alt=\"location camping mobil home\" class=\"big\" \/><\/div><div class=\"call-to-action_contenu\"><div class=\"call-to-action_titre\">Nos mobil homes<\/div><\/div><\/a><\/li><li class=\"element call-to-action m-b-3 call-to-action--style-1 call-to-action--big call-to-action--style-1 call-to-action--big\"><a href=\"https:\/\/camping-lariviere.com\/fr\/location-emplacements-luberon\/\"  class=\"call-to-action_link\" title=\"En savoir plus sur nos emplacements\"><div class=\"call-to-action_image\"><img decoding=\"async\" src=\"https:\/\/camping-lariviere.com\/wp-content\/uploads\/2020\/10\/forfait-confort-camping-car-2-100x65.jpg\" data-src=\"https:\/\/camping-lariviere.com\/wp-content\/uploads\/2020\/10\/forfait-confort-camping-car-2.jpg\" alt=\"forfait confort camping car\" class=\"big\" \/><\/div><div class=\"call-to-action_contenu\"><div class=\"call-to-action_titre\">Nos emplacements<\/div><\/div><\/a><\/li><li class=\"element call-to-action m-b-3 call-to-action--style-1 call-to-action--big call-to-action--style-1 call-to-action--big call-to-action--style-1 call-to-action--big\"><a href=\"https:\/\/camping-lariviere.com\/fr\/location-insolite-luberon\/\"  class=\"call-to-action_link\" title=\"En savoir plus sur nos atypiques\"><div class=\"call-to-action_image\"><img decoding=\"async\" src=\"https:\/\/camping-lariviere.com\/wp-content\/uploads\/2021\/10\/cta-atypique-100x54.jpg\" data-src=\"https:\/\/camping-lariviere.com\/wp-content\/uploads\/2021\/10\/cta-atypique.jpg\" alt=\"Chalet logement insolite\" class=\"big\" \/><\/div><div class=\"call-to-action_contenu\"><div class=\"call-to-action_titre\">Nos atypiques<\/div><\/div><\/a><\/li><\/ul><\/div><\/section>","protected":false},"excerpt":{"rendered":"","protected":false},"author":10,"featured_media":0,"parent":279,"menu_order":0,"comment_status":"closed","ping_status":"closed","template":"","meta":{"_acf_changed":false,"footnotes":""},"class_list":["post-6195","page","type-page","status-publish","hentry"],"acf":[],"yoast_head":"<!-- This site is optimized with the Yoast SEO plugin v23.4 - https:\/\/yoast.com\/wordpress\/plugins\/seo\/ -->\n<title>Camping pas cher \u00e0 Manosque d\u00e8s 199\u20ac la semaine en mobil-home<\/title>\n<meta name=\"description\" content=\"D\u00e9couvrez notre camping pas cher pr\u00e8s de Manosque que les vacanciers adorent ! Abordable et d\u00e9paysant, r\u00e9servez vos vacances en 1 clic !\" \/>\n<meta name=\"robots\" content=\"index, follow, max-snippet:-1, max-image-preview:large, max-video-preview:-1\" \/>\n<link rel=\"canonical\" href=\"https:\/\/camping-lariviere.com\/fr\/camping-manosque\/pas-cher\/\" \/>\n<meta property=\"og:locale\" content=\"fr_FR\" \/>\n<meta property=\"og:type\" content=\"article\" \/>\n<meta property=\"og:title\" content=\"Camping pas cher \u00e0 Manosque d\u00e8s 199\u20ac la semaine en mobil-home\" \/>\n<meta property=\"og:description\" content=\"D\u00e9couvrez notre camping pas cher pr\u00e8s de Manosque que les vacanciers adorent ! Abordable et d\u00e9paysant, r\u00e9servez vos vacances en 1 clic !\" \/>\n<meta property=\"og:url\" content=\"https:\/\/camping-lariviere.com\/fr\/camping-manosque\/pas-cher\/\" \/>\n<meta property=\"og:site_name\" content=\"Camping la Rivi\u00e8re\" \/>\n<meta property=\"article:modified_time\" content=\"2024-11-08T09:08:04+00:00\" \/>\n<meta name=\"twitter:card\" content=\"summary_large_image\" \/>\n<script type=\"application\/ld+json\" class=\"yoast-schema-graph\">{\"@context\":\"https:\/\/schema.org\",\"@graph\":[{\"@type\":\"WebPage\",\"@id\":\"https:\/\/camping-lariviere.com\/fr\/camping-manosque\/pas-cher\/\",\"url\":\"https:\/\/camping-lariviere.com\/fr\/camping-manosque\/pas-cher\/\",\"name\":\"Camping pas cher \u00e0 Manosque d\u00e8s 199\u20ac la semaine en mobil-home\",\"isPartOf\":{\"@id\":\"https:\/\/camping-lariviere.com\/fr\/#website\"},\"datePublished\":\"2023-05-15T07:30:29+00:00\",\"dateModified\":\"2024-11-08T09:08:04+00:00\",\"description\":\"D\u00e9couvrez notre camping pas cher pr\u00e8s de Manosque que les vacanciers adorent ! Abordable et d\u00e9paysant, r\u00e9servez vos vacances en 1 clic !\",\"breadcrumb\":{\"@id\":\"https:\/\/camping-lariviere.com\/fr\/camping-manosque\/pas-cher\/#breadcrumb\"},\"inLanguage\":\"fr-FR\",\"potentialAction\":[{\"@type\":\"ReadAction\",\"target\":[\"https:\/\/camping-lariviere.com\/fr\/camping-manosque\/pas-cher\/\"]}]},{\"@type\":\"BreadcrumbList\",\"@id\":\"https:\/\/camping-lariviere.com\/fr\/camping-manosque\/pas-cher\/#breadcrumb\",\"itemListElement\":[{\"@type\":\"ListItem\",\"position\":1,\"name\":\"Camping Luberon\",\"item\":\"https:\/\/camping-lariviere.com\/fr\/\"},{\"@type\":\"ListItem\",\"position\":2,\"name\":\"Tourisme et camping \u00e0 Manosque\",\"item\":\"https:\/\/camping-lariviere.com\/fr\/camping-manosque\/\"},{\"@type\":\"ListItem\",\"position\":3,\"name\":\"Camping Manosque pas cher\"}]},{\"@type\":\"WebSite\",\"@id\":\"https:\/\/camping-lariviere.com\/fr\/#website\",\"url\":\"https:\/\/camping-lariviere.com\/fr\/\",\"name\":\"Camping la Rivi\u00e8re\",\"description\":\"\",\"publisher\":{\"@id\":\"https:\/\/camping-lariviere.com\/fr\/#organization\"},\"potentialAction\":[{\"@type\":\"SearchAction\",\"target\":{\"@type\":\"EntryPoint\",\"urlTemplate\":\"https:\/\/camping-lariviere.com\/fr\/?s={search_term_string}\"},\"query-input\":{\"@type\":\"PropertyValueSpecification\",\"valueRequired\":true,\"valueName\":\"search_term_string\"}}],\"inLanguage\":\"fr-FR\"},{\"@type\":\"Organization\",\"@id\":\"https:\/\/camping-lariviere.com\/fr\/#organization\",\"name\":\"Camping La Rivi\u00e8re\",\"url\":\"https:\/\/camping-lariviere.com\/fr\/\",\"logo\":{\"@type\":\"ImageObject\",\"inLanguage\":\"fr-FR\",\"@id\":\"https:\/\/camping-lariviere.com\/fr\/#\/schema\/logo\/image\/\",\"url\":\"https:\/\/camping-lariviere.com\/wp-content\/uploads\/2020\/10\/camping-la-riviere-logo.png\",\"contentUrl\":\"https:\/\/camping-lariviere.com\/wp-content\/uploads\/2020\/10\/camping-la-riviere-logo.png\",\"width\":260,\"height\":210,\"caption\":\"Camping La Rivi\u00e8re\"},\"image\":{\"@id\":\"https:\/\/camping-lariviere.com\/fr\/#\/schema\/logo\/image\/\"}}]}<\/script>\n<!-- \/ Yoast SEO plugin. -->","yoast_head_json":{"title":"Camping pas cher \u00e0 Manosque d\u00e8s 199\u20ac la semaine en mobil-home","description":"D\u00e9couvrez notre camping pas cher pr\u00e8s de Manosque que les vacanciers adorent ! Abordable et d\u00e9paysant, r\u00e9servez vos vacances en 1 clic !","robots":{"index":"index","follow":"follow","max-snippet":"max-snippet:-1","max-image-preview":"max-image-preview:large","max-video-preview":"max-video-preview:-1"},"canonical":"https:\/\/camping-lariviere.com\/fr\/camping-manosque\/pas-cher\/","og_locale":"fr_FR","og_type":"article","og_title":"Camping pas cher \u00e0 Manosque d\u00e8s 199\u20ac la semaine en mobil-home","og_description":"D\u00e9couvrez notre camping pas cher pr\u00e8s de Manosque que les vacanciers adorent ! Abordable et d\u00e9paysant, r\u00e9servez vos vacances en 1 clic !","og_url":"https:\/\/camping-lariviere.com\/fr\/camping-manosque\/pas-cher\/","og_site_name":"Camping la Rivi\u00e8re","article_modified_time":"2024-11-08T09:08:04+00:00","twitter_card":"summary_large_image","schema":{"@context":"https:\/\/schema.org","@graph":[{"@type":"WebPage","@id":"https:\/\/camping-lariviere.com\/fr\/camping-manosque\/pas-cher\/","url":"https:\/\/camping-lariviere.com\/fr\/camping-manosque\/pas-cher\/","name":"Camping pas cher \u00e0 Manosque d\u00e8s 199\u20ac la semaine en mobil-home","isPartOf":{"@id":"https:\/\/camping-lariviere.com\/fr\/#website"},"datePublished":"2023-05-15T07:30:29+00:00","dateModified":"2024-11-08T09:08:04+00:00","description":"D\u00e9couvrez notre camping pas cher pr\u00e8s de Manosque que les vacanciers adorent ! Abordable et d\u00e9paysant, r\u00e9servez vos vacances en 1 clic !","breadcrumb":{"@id":"https:\/\/camping-lariviere.com\/fr\/camping-manosque\/pas-cher\/#breadcrumb"},"inLanguage":"fr-FR","potentialAction":[{"@type":"ReadAction","target":["https:\/\/camping-lariviere.com\/fr\/camping-manosque\/pas-cher\/"]}]},{"@type":"BreadcrumbList","@id":"https:\/\/camping-lariviere.com\/fr\/camping-manosque\/pas-cher\/#breadcrumb","itemListElement":[{"@type":"ListItem","position":1,"name":"Camping Luberon","item":"https:\/\/camping-lariviere.com\/fr\/"},{"@type":"ListItem","position":2,"name":"Tourisme et camping \u00e0 Manosque","item":"https:\/\/camping-lariviere.com\/fr\/camping-manosque\/"},{"@type":"ListItem","position":3,"name":"Camping Manosque pas cher"}]},{"@type":"WebSite","@id":"https:\/\/camping-lariviere.com\/fr\/#website","url":"https:\/\/camping-lariviere.com\/fr\/","name":"Camping la Rivi\u00e8re","description":"","publisher":{"@id":"https:\/\/camping-lariviere.com\/fr\/#organization"},"potentialAction":[{"@type":"SearchAction","target":{"@type":"EntryPoint","urlTemplate":"https:\/\/camping-lariviere.com\/fr\/?s={search_term_string}"},"query-input":{"@type":"PropertyValueSpecification","valueRequired":true,"valueName":"search_term_string"}}],"inLanguage":"fr-FR"},{"@type":"Organization","@id":"https:\/\/camping-lariviere.com\/fr\/#organization","name":"Camping La Rivi\u00e8re","url":"https:\/\/camping-lariviere.com\/fr\/","logo":{"@type":"ImageObject","inLanguage":"fr-FR","@id":"https:\/\/camping-lariviere.com\/fr\/#\/schema\/logo\/image\/","url":"https:\/\/camping-lariviere.com\/wp-content\/uploads\/2020\/10\/camping-la-riviere-logo.png","contentUrl":"https:\/\/camping-lariviere.com\/wp-content\/uploads\/2020\/10\/camping-la-riviere-logo.png","width":260,"height":210,"caption":"Camping La Rivi\u00e8re"},"image":{"@id":"https:\/\/camping-lariviere.com\/fr\/#\/schema\/logo\/image\/"}}]}},"_links":{"self":[{"href":"https:\/\/camping-lariviere.com\/fr\/wp-json\/wp\/v2\/pages\/6195","targetHints":{"allow":["GET"]}}],"collection":[{"href":"https:\/\/camping-lariviere.com\/fr\/wp-json\/wp\/v2\/pages"}],"about":[{"href":"https:\/\/camping-lariviere.com\/fr\/wp-json\/wp\/v2\/types\/page"}],"author":[{"embeddable":true,"href":"https:\/\/camping-lariviere.com\/fr\/wp-json\/wp\/v2\/users\/10"}],"replies":[{"embeddable":true,"href":"https:\/\/camping-lariviere.com\/fr\/wp-json\/wp\/v2\/comments?post=6195"}],"version-history":[{"count":7,"href":"https:\/\/camping-lariviere.com\/fr\/wp-json\/wp\/v2\/pages\/6195\/revisions"}],"predecessor-version":[{"id":6959,"href":"https:\/\/camping-lariviere.com\/fr\/wp-json\/wp\/v2\/pages\/6195\/revisions\/6959"}],"up":[{"embeddable":true,"href":"https:\/\/camping-lariviere.com\/fr\/wp-json\/wp\/v2\/pages\/279"}],"wp:attachment":[{"href":"https:\/\/camping-lariviere.com\/fr\/wp-json\/wp\/v2\/media?parent=6195"}],"curies":[{"name":"wp","href":"https:\/\/api.w.org\/{rel}","templated":true}]}}