{"id":6496,"date":"2024-01-24T15:12:15","date_gmt":"2024-01-24T14:12:15","guid":{"rendered":"https:\/\/camping-lariviere.com\/?page_id=6496"},"modified":"2024-01-25T10:27:08","modified_gmt":"2024-01-25T09:27:08","slug":"camping-haut-de-gamme","status":"publish","type":"page","link":"https:\/\/camping-lariviere.com\/fr\/camping-haut-de-gamme\/","title":{"rendered":"Camping luxe dans le Lub\u00e9ron"},"content":{"rendered":"<section id=\"section-65b11c30730d3\"\" class=\"section bg-color2\" \/><div class=\"container extralarge\"><h1 class=\"element section-title center\">Camping luxe dans le Lub\u00e9ron : votre s\u00e9jour haut de gamme<\/h1><div class=\"element bloc-text justify \">\n\t<p>Vous \u00eates en qu\u00eate d\u2019un <strong class=\"bold color1\">camping de luxe <\/strong>pour des vacances en famille plac\u00e9es sous le signe de la qualit\u00e9 et du confort ? D\u00e9couvrez les atouts du <a href=\"\/fr\/\">camping La Rivi\u00e8re<\/a>, notre <strong class=\"bold color1\">camping 3 \u00e9toiles haut de gamme en plein Lub\u00e9ron<\/strong>.<\/p>\n<\/div><\/div><\/section>\n\n<section id=\"section-65b11c30733b9\"\" class=\"section bg-white p-t-0 p-b-0\" \/><div class=\"container full\"><div class=\"colonnes-wrap valign-middle \"><div class=\"element colonne w-20 p-0\"><div class=\"element images scroll-x-mobile\"><div class=\"image\"><img decoding=\"async\" src=\"https:\/\/camping-lariviere.com\/wp-content\/uploads\/2020\/11\/village-perche-provence-100x100.jpg\" data-src=\"https:\/\/camping-lariviere.com\/wp-content\/uploads\/2020\/11\/village-perche-provence.jpg\" alt=\"village perche provence\" class=\"images_image\" \/><\/div><\/div><div class=\"element images scroll-x-mobile\"><div class=\"image\"><img decoding=\"async\" src=\"https:\/\/camping-lariviere.com\/wp-content\/uploads\/2020\/11\/rue-provence-100x100.jpg\" data-src=\"https:\/\/camping-lariviere.com\/wp-content\/uploads\/2020\/11\/rue-provence.jpg\" alt=\"rue provence\" class=\"images_image\" \/><\/div><\/div><\/div><div class=\"element colonne w-60 p-x-6\"><h2 class=\"element section-title center\">Un camping haut de gamme dans un cadre enchanteur<\/h2><div class=\"element bloc-text center \">\n\t<p>La nature sera au c\u0153ur de votre s\u00e9jour dans le Vaucluse en Provence-Alpes-C\u00f4te-d\u2019Azur ! Notre domaine, nich\u00e9 dans le parc r\u00e9gional du <strong class=\"bold color1\">Luberon<\/strong>, abrite un parc bois\u00e9. Quoi de mieux que de vous r\u00e9veiller face \u00e0 de luxuriantes vari\u00e9t\u00e9s d\u2019arbres, <strong class=\"bold color1\">au pied du massif du Lub\u00e9ron <\/strong>? Et si vous tendez l\u2019oreille, vous devriez entendre le doux clapotis de l\u2019eau de <strong class=\"bold color1\">la rivi\u00e8re Le Largue<\/strong>, qui coule au bord de notre camping.<\/p>\n<\/div><\/div><div class=\"element colonne w-20 p-0\"><div class=\"element images scroll-x-mobile\"><div class=\"image\"><img decoding=\"async\" src=\"https:\/\/camping-lariviere.com\/wp-content\/uploads\/2020\/11\/gorges-verdon-provence-100x100.jpg\" data-src=\"https:\/\/camping-lariviere.com\/wp-content\/uploads\/2020\/11\/gorges-verdon-provence.jpg\" alt=\"gorges verdon provence\" class=\"images_image\" Un camping haut de gamme dans un cadre enchanteur\/><\/div><\/div><div class=\"element images scroll-x-mobile\"><div class=\"image\"><img decoding=\"async\" src=\"https:\/\/camping-lariviere.com\/wp-content\/uploads\/2020\/11\/provence-paysage-100x100.jpg\" data-src=\"https:\/\/camping-lariviere.com\/wp-content\/uploads\/2020\/11\/provence-paysage.jpg\" alt=\"provence paysage\" class=\"images_image\" Un camping haut de gamme dans un cadre enchanteur\/><\/div><\/div><\/div><\/div><\/div><\/section>\n\n<section id=\"section-65b11c30735ab\"\" class=\"section bg-white p-t-0 p-b-0\" \/><div class=\"container full\"><div class=\"colonnes-wrap valign-middle bg-color2\"><div class=\"element colonne p-0\"><div class=\"element images scroll-x-mobile\"><div class=\"image\"><img decoding=\"async\" src=\"https:\/\/camping-lariviere.com\/wp-content\/uploads\/2021\/10\/chalet-luberon-100x75.jpg\" data-src=\"https:\/\/camping-lariviere.com\/wp-content\/uploads\/2021\/10\/chalet-luberon.jpg\" alt=\"Chalet Luberon\" class=\"images_image\" \/><\/div><\/div><\/div><div class=\"element colonne p-x-10\"><h2 class=\"element section-title left\">Vos vacances en camping de luxe dans le Lub\u00e9ron en h\u00e9bergement premium<\/h2><div class=\"element bloc-text justify \">\n\t<p>Dans notre camping 3 \u00e9toiles, <strong class=\"bold color1\">confort et qualit\u00e9 sont les ma\u00eetres mots<\/strong>. \u00c0 l\u2019int\u00e9rieur de votre <a href=\"\/fr\/location-mobil-home-luberon\/\">mobil-home<\/a> ou chalet, retrouvez l\u2019ensemble des commodit\u00e9s n\u00e9cessaires (selon le mobil-home choisi) pour un <strong class=\"bold color1\">s\u00e9jour sous le signe du luxe <\/strong>:<\/p>\n<ul>\n<li>Chambres calmes avec lits tout conforts et rangements ;<\/li>\n<li>Cuisine toute \u00e9quip\u00e9e avec lave-vaisselle ;<\/li>\n<li>D\u00e9coration raffin\u00e9e et design moderne ;<\/li>\n<li>Salle de bains spacieuse avec WC s\u00e9par\u00e9s ;<\/li>\n<li>Coin repas\/salon cosy ;<\/li>\n<li>Grande terrasse en bois ;<\/li>\n<li>Salon de jardin avec transats ;<\/li>\n<li>Vue parc, montagne ou rivi\u00e8re ;<\/li>\n<li>Climatisation ;<\/li>\n<li>Barbecue privatif.<\/li>\n<\/ul>\n<p>Vous pourrez aussi louer un des nos <strong class=\"bold color1\">emplacements<\/strong> de camping privatif pour y garer votre van am\u00e9nag\u00e9 ou votre camping-car flambant neuf !<\/p>\n<\/div><\/div><\/div><\/div><\/section>\n\n<section id=\"section-65b11c3073780\"\" class=\"section bg-white p-t-0 p-b-0\" \/><div class=\"container full\"><div class=\"colonnes-wrap valign-middle \"><div class=\"element colonne p-x-10\"><h2 class=\"element section-title left\">Un large panel de services et activit\u00e9s premium pour tous <\/h2><div class=\"element bloc-text justify \">\n\t<p>Vivez vos vacances en Provence, dans notre <strong class=\"bold color1\">camping 3 \u00e9toiles de luxe en plein Lub\u00e9ron<\/strong>, au rythme de nos activit\u00e9s ludiques et de nos prestations haut de gamme :<\/p>\n<ul>\n<li><strong class=\"bold color1\">Activit\u00e9s <\/strong>: randonn\u00e9es p\u00e9dagogiques, massages de bien-\u00eatre, \u00e9quitation, parapente, chasse au tr\u00e9sor et olympiades pour les enfants, soir\u00e9es piscine nocturne, karaok\u00e9s, quiz\u2026<\/li>\n<li><strong class=\"bold color1\">Restauration <\/strong>: d\u00e9couvrez notre restaurant et sa carte raffin\u00e9e pour des moments de gourmandise en famille.<\/li>\n<li><strong class=\"bold color1\"><a href=\"\/fr\/camping-piscine-luberon\/\">Piscine<\/a><\/strong> : pour le plus grand bonheur de tous, une piscine avec toboggan et jeux d\u2019eau attend nos vacanciers.<\/li>\n<\/ul>\n<\/div><\/div><div class=\"element colonne p-0\"><div class=\"element images scroll-x-mobile\"><div class=\"image\"><img decoding=\"async\" src=\"https:\/\/camping-lariviere.com\/wp-content\/uploads\/2022\/01\/Piscine-camping-provence-nuit-100x75.png\" data-src=\"https:\/\/camping-lariviere.com\/wp-content\/uploads\/2022\/01\/Piscine-camping-provence-nuit.png\" alt=\"\" class=\"images_image\" Un large panel de services et activit\u00e9s premium pour tous \/><\/div><\/div><\/div><\/div><\/div><\/section>\n\n<section id=\"section-65b11c3073954\"\" class=\"section bg-white p-t-0 p-b-0\" \/><div class=\"container full\"><div class=\"colonnes-wrap valign-middle bg-color2\"><div class=\"element colonne p-0\"><div class=\"element images scroll-x-mobile\"><div class=\"image\"><img decoding=\"async\" src=\"https:\/\/camping-lariviere.com\/wp-content\/uploads\/2020\/10\/mobil-home-camping-1-100x74.jpg\" data-src=\"https:\/\/camping-lariviere.com\/wp-content\/uploads\/2020\/10\/mobil-home-camping-1.jpg\" alt=\"mobil home camping\" class=\"images_image\" \/><\/div><\/div><\/div><div class=\"element colonne p-x-10\"><h2 class=\"element section-title justify\">Pourquoi choisir le camping la Rivi\u00e8re pour un s\u00e9jour de luxe dans le Luberon ?<\/h2><div class=\"element bloc-text justify \">\n\t<p><strong class=\"bold color1\">Les services premium et la situation id\u00e9ale <\/strong>sont les r\u00e9els atouts de notre camping 3 \u00e9toiles en plein c\u0153ur du Vaucluse. Des crit\u00e8res qui nous diff\u00e9rencient des autres campings et rendront votre<strong class=\"bold color1\"> s\u00e9jour inoubliable<\/strong> :<\/p>\n<ul>\n<li>Une <strong class=\"bold color1\">situation optimale<\/strong> tout pr\u00e8s des lieux d\u2019int\u00e9r\u00eat du Lub\u00e9ron et du Vaucluse ;<\/li>\n<li>Des activit\u00e9s et animations vari\u00e9es ;<\/li>\n<li>Des <strong class=\"bold color1\">services haut de gamme<\/strong> ;<\/li>\n<li>Des mobil-home et chalets grande capacit\u00e9 (jusqu\u2019\u00e0 12 personnes) ;<\/li>\n<li>Un cadre naturel, enchanteur et agr\u00e9able ;<\/li>\n<li>Un personnel aux petits soins ;<\/li>\n<li>Un camping calme et convivial ;<\/li>\n<li>\u2026<\/li>\n<\/ul>\n<p>Pour votre s\u00e9jour en camping dans le Lub\u00e9ron,<strong class=\"bold color1\"> faites le choix du luxe<\/strong> avec notre camping La Rivi\u00e8re, au c\u0153ur de la Provence-Alpes-C\u00f4te-d\u2019Azur !<\/p>\n<\/div><\/div><\/div><\/div><\/section>\n\n<section id=\"section-65b11c3073b2c\"\" class=\"section bg-white\" \/><div class=\"container extralarge\"><div class=\"element section-title center title-cta\">D\u00e9couvrez nos services et animations<\/div><ul class=\"liste-de-page\"><li class=\"element call-to-action center title-cta call-to-action--style-1 call-to-action--big\"><a href=\"https:\/\/camping-lariviere.com\/fr\/services\/\"  class=\"call-to-action_link\" title=\"En savoir plus sur nos services et animations\"><div class=\"call-to-action_image\"><img decoding=\"async\" src=\"https:\/\/camping-lariviere.com\/wp-content\/uploads\/2020\/10\/enfants-animation-100x65.jpg\" data-src=\"https:\/\/camping-lariviere.com\/wp-content\/uploads\/2020\/10\/enfants-animation.jpg\" alt=\"enfants animation\" class=\"big\" \/><\/div><div class=\"call-to-action_contenu\"><div class=\"call-to-action_titre\">Nos services et animations<\/div><\/div><\/a><\/li><li class=\"element call-to-action center title-cta call-to-action--style-1 call-to-action--big call-to-action--style-1 call-to-action--big\"><a href=\"https:\/\/camping-lariviere.com\/fr\/camping-bord-de-riviere-luberon\/\"  class=\"call-to-action_link\" title=\"En savoir plus sur bord de rivi\u00e8re\"><div class=\"call-to-action_image\"><img decoding=\"async\" src=\"https:\/\/camping-lariviere.com\/wp-content\/uploads\/2020\/11\/peche-enfant-famille-100x65.jpg\" data-src=\"https:\/\/camping-lariviere.com\/wp-content\/uploads\/2020\/11\/peche-enfant-famille.jpg\" alt=\"camping Banon\" class=\"big\" \/><\/div><div class=\"call-to-action_contenu\"><div class=\"call-to-action_titre\">Bord de rivi\u00e8re<\/div><\/div><\/a><\/li><li class=\"element call-to-action center title-cta call-to-action--style-1 call-to-action--big call-to-action--style-1 call-to-action--big call-to-action--style-1 call-to-action--big\"><a href=\"https:\/\/camping-lariviere.com\/fr\/location-mobil-home-luberon\/\"  class=\"call-to-action_link\" title=\"En savoir plus sur nos mobil homes\"><div class=\"call-to-action_image\"><img decoding=\"async\" src=\"https:\/\/camping-lariviere.com\/wp-content\/uploads\/2020\/10\/location-camping-mobil-home-100x65.jpg\" data-src=\"https:\/\/camping-lariviere.com\/wp-content\/uploads\/2020\/10\/location-camping-mobil-home.jpg\" alt=\"location camping mobil home\" class=\"big\" \/><\/div><div class=\"call-to-action_contenu\"><div class=\"call-to-action_titre\">Nos mobil homes<\/div><\/div><\/a><\/li><\/ul><\/div><\/section>","protected":false},"excerpt":{"rendered":"","protected":false},"author":10,"featured_media":6512,"parent":0,"menu_order":0,"comment_status":"closed","ping_status":"closed","template":"","meta":{"_acf_changed":false,"footnotes":""},"class_list":["post-6496","page","type-page","status-publish","has-post-thumbnail","hentry"],"acf":[],"yoast_head":"<!-- This site is optimized with the Yoast SEO plugin v23.4 - https:\/\/yoast.com\/wordpress\/plugins\/seo\/ -->\n<title>Camping luxe dans le Lub\u00e9ron dans le Vaucluse - La Rivi\u00e8re<\/title>\n<meta name=\"description\" content=\"S\u00e9journez en premium au c\u0153ur du parc naturel du Luberon dans le Vaucluse. Mobil-homes haut de gamme, vivez des vacances d&#039;exception dans notre oasis de bien-\u00eatre.\" \/>\n<meta name=\"robots\" content=\"index, follow, max-snippet:-1, max-image-preview:large, max-video-preview:-1\" \/>\n<link rel=\"canonical\" href=\"https:\/\/camping-lariviere.com\/fr\/camping-haut-de-gamme\/\" \/>\n<meta property=\"og:locale\" content=\"fr_FR\" \/>\n<meta property=\"og:type\" content=\"article\" \/>\n<meta property=\"og:title\" content=\"Camping luxe dans le Lub\u00e9ron dans le Vaucluse - La Rivi\u00e8re\" \/>\n<meta property=\"og:description\" content=\"S\u00e9journez en premium au c\u0153ur du parc naturel du Luberon dans le Vaucluse. Mobil-homes haut de gamme, vivez des vacances d&#039;exception dans notre oasis de bien-\u00eatre.\" \/>\n<meta property=\"og:url\" content=\"https:\/\/camping-lariviere.com\/fr\/camping-haut-de-gamme\/\" \/>\n<meta property=\"og:site_name\" content=\"Camping la Rivi\u00e8re\" \/>\n<meta property=\"article:modified_time\" content=\"2024-01-25T09:27:08+00:00\" \/>\n<meta property=\"og:image\" content=\"https:\/\/camping-lariviere.com\/wp-content\/uploads\/2024\/01\/luberon-1.png\" \/>\n\t<meta property=\"og:image:width\" content=\"1434\" \/>\n\t<meta property=\"og:image:height\" content=\"453\" \/>\n\t<meta property=\"og:image:type\" content=\"image\/png\" \/>\n<meta name=\"twitter:card\" content=\"summary_large_image\" \/>\n<meta name=\"twitter:label1\" content=\"Dur\u00e9e de lecture estim\u00e9e\" \/>\n\t<meta name=\"twitter:data1\" content=\"1 minute\" \/>\n<script type=\"application\/ld+json\" class=\"yoast-schema-graph\">{\"@context\":\"https:\/\/schema.org\",\"@graph\":[{\"@type\":\"WebPage\",\"@id\":\"https:\/\/camping-lariviere.com\/fr\/camping-haut-de-gamme\/\",\"url\":\"https:\/\/camping-lariviere.com\/fr\/camping-haut-de-gamme\/\",\"name\":\"Camping luxe dans le Lub\u00e9ron dans le Vaucluse - La Rivi\u00e8re\",\"isPartOf\":{\"@id\":\"https:\/\/camping-lariviere.com\/fr\/#website\"},\"primaryImageOfPage\":{\"@id\":\"https:\/\/camping-lariviere.com\/fr\/camping-haut-de-gamme\/#primaryimage\"},\"image\":{\"@id\":\"https:\/\/camping-lariviere.com\/fr\/camping-haut-de-gamme\/#primaryimage\"},\"thumbnailUrl\":\"https:\/\/camping-lariviere.com\/wp-content\/uploads\/2024\/01\/luberon-1.png\",\"datePublished\":\"2024-01-24T14:12:15+00:00\",\"dateModified\":\"2024-01-25T09:27:08+00:00\",\"description\":\"S\u00e9journez en premium au c\u0153ur du parc naturel du Luberon dans le Vaucluse. Mobil-homes haut de gamme, vivez des vacances d'exception dans notre oasis de bien-\u00eatre.\",\"breadcrumb\":{\"@id\":\"https:\/\/camping-lariviere.com\/fr\/camping-haut-de-gamme\/#breadcrumb\"},\"inLanguage\":\"fr-FR\",\"potentialAction\":[{\"@type\":\"ReadAction\",\"target\":[\"https:\/\/camping-lariviere.com\/fr\/camping-haut-de-gamme\/\"]}]},{\"@type\":\"ImageObject\",\"inLanguage\":\"fr-FR\",\"@id\":\"https:\/\/camping-lariviere.com\/fr\/camping-haut-de-gamme\/#primaryimage\",\"url\":\"https:\/\/camping-lariviere.com\/wp-content\/uploads\/2024\/01\/luberon-1.png\",\"contentUrl\":\"https:\/\/camping-lariviere.com\/wp-content\/uploads\/2024\/01\/luberon-1.png\",\"width\":1434,\"height\":453,\"caption\":\"camping luxe luberon\"},{\"@type\":\"BreadcrumbList\",\"@id\":\"https:\/\/camping-lariviere.com\/fr\/camping-haut-de-gamme\/#breadcrumb\",\"itemListElement\":[{\"@type\":\"ListItem\",\"position\":1,\"name\":\"Camping Luberon\",\"item\":\"https:\/\/camping-lariviere.com\/fr\/\"},{\"@type\":\"ListItem\",\"position\":2,\"name\":\"Camping haut de gamme Luberon\"}]},{\"@type\":\"WebSite\",\"@id\":\"https:\/\/camping-lariviere.com\/fr\/#website\",\"url\":\"https:\/\/camping-lariviere.com\/fr\/\",\"name\":\"Camping la Rivi\u00e8re\",\"description\":\"\",\"publisher\":{\"@id\":\"https:\/\/camping-lariviere.com\/fr\/#organization\"},\"potentialAction\":[{\"@type\":\"SearchAction\",\"target\":{\"@type\":\"EntryPoint\",\"urlTemplate\":\"https:\/\/camping-lariviere.com\/fr\/?s={search_term_string}\"},\"query-input\":{\"@type\":\"PropertyValueSpecification\",\"valueRequired\":true,\"valueName\":\"search_term_string\"}}],\"inLanguage\":\"fr-FR\"},{\"@type\":\"Organization\",\"@id\":\"https:\/\/camping-lariviere.com\/fr\/#organization\",\"name\":\"Camping La Rivi\u00e8re\",\"url\":\"https:\/\/camping-lariviere.com\/fr\/\",\"logo\":{\"@type\":\"ImageObject\",\"inLanguage\":\"fr-FR\",\"@id\":\"https:\/\/camping-lariviere.com\/fr\/#\/schema\/logo\/image\/\",\"url\":\"https:\/\/camping-lariviere.com\/wp-content\/uploads\/2020\/10\/camping-la-riviere-logo.png\",\"contentUrl\":\"https:\/\/camping-lariviere.com\/wp-content\/uploads\/2020\/10\/camping-la-riviere-logo.png\",\"width\":260,\"height\":210,\"caption\":\"Camping La Rivi\u00e8re\"},\"image\":{\"@id\":\"https:\/\/camping-lariviere.com\/fr\/#\/schema\/logo\/image\/\"}}]}<\/script>\n<!-- \/ Yoast SEO plugin. -->","yoast_head_json":{"title":"Camping luxe dans le Lub\u00e9ron dans le Vaucluse - La Rivi\u00e8re","description":"S\u00e9journez en premium au c\u0153ur du parc naturel du Luberon dans le Vaucluse. Mobil-homes haut de gamme, vivez des vacances d'exception dans notre oasis de bien-\u00eatre.","robots":{"index":"index","follow":"follow","max-snippet":"max-snippet:-1","max-image-preview":"max-image-preview:large","max-video-preview":"max-video-preview:-1"},"canonical":"https:\/\/camping-lariviere.com\/fr\/camping-haut-de-gamme\/","og_locale":"fr_FR","og_type":"article","og_title":"Camping luxe dans le Lub\u00e9ron dans le Vaucluse - La Rivi\u00e8re","og_description":"S\u00e9journez en premium au c\u0153ur du parc naturel du Luberon dans le Vaucluse. Mobil-homes haut de gamme, vivez des vacances d'exception dans notre oasis de bien-\u00eatre.","og_url":"https:\/\/camping-lariviere.com\/fr\/camping-haut-de-gamme\/","og_site_name":"Camping la Rivi\u00e8re","article_modified_time":"2024-01-25T09:27:08+00:00","og_image":[{"width":1434,"height":453,"url":"https:\/\/camping-lariviere.com\/wp-content\/uploads\/2024\/01\/luberon-1.png","type":"image\/png"}],"twitter_card":"summary_large_image","twitter_misc":{"Dur\u00e9e de lecture estim\u00e9e":"1 minute"},"schema":{"@context":"https:\/\/schema.org","@graph":[{"@type":"WebPage","@id":"https:\/\/camping-lariviere.com\/fr\/camping-haut-de-gamme\/","url":"https:\/\/camping-lariviere.com\/fr\/camping-haut-de-gamme\/","name":"Camping luxe dans le Lub\u00e9ron dans le Vaucluse - La Rivi\u00e8re","isPartOf":{"@id":"https:\/\/camping-lariviere.com\/fr\/#website"},"primaryImageOfPage":{"@id":"https:\/\/camping-lariviere.com\/fr\/camping-haut-de-gamme\/#primaryimage"},"image":{"@id":"https:\/\/camping-lariviere.com\/fr\/camping-haut-de-gamme\/#primaryimage"},"thumbnailUrl":"https:\/\/camping-lariviere.com\/wp-content\/uploads\/2024\/01\/luberon-1.png","datePublished":"2024-01-24T14:12:15+00:00","dateModified":"2024-01-25T09:27:08+00:00","description":"S\u00e9journez en premium au c\u0153ur du parc naturel du Luberon dans le Vaucluse. Mobil-homes haut de gamme, vivez des vacances d'exception dans notre oasis de bien-\u00eatre.","breadcrumb":{"@id":"https:\/\/camping-lariviere.com\/fr\/camping-haut-de-gamme\/#breadcrumb"},"inLanguage":"fr-FR","potentialAction":[{"@type":"ReadAction","target":["https:\/\/camping-lariviere.com\/fr\/camping-haut-de-gamme\/"]}]},{"@type":"ImageObject","inLanguage":"fr-FR","@id":"https:\/\/camping-lariviere.com\/fr\/camping-haut-de-gamme\/#primaryimage","url":"https:\/\/camping-lariviere.com\/wp-content\/uploads\/2024\/01\/luberon-1.png","contentUrl":"https:\/\/camping-lariviere.com\/wp-content\/uploads\/2024\/01\/luberon-1.png","width":1434,"height":453,"caption":"camping luxe luberon"},{"@type":"BreadcrumbList","@id":"https:\/\/camping-lariviere.com\/fr\/camping-haut-de-gamme\/#breadcrumb","itemListElement":[{"@type":"ListItem","position":1,"name":"Camping Luberon","item":"https:\/\/camping-lariviere.com\/fr\/"},{"@type":"ListItem","position":2,"name":"Camping haut de gamme Luberon"}]},{"@type":"WebSite","@id":"https:\/\/camping-lariviere.com\/fr\/#website","url":"https:\/\/camping-lariviere.com\/fr\/","name":"Camping la Rivi\u00e8re","description":"","publisher":{"@id":"https:\/\/camping-lariviere.com\/fr\/#organization"},"potentialAction":[{"@type":"SearchAction","target":{"@type":"EntryPoint","urlTemplate":"https:\/\/camping-lariviere.com\/fr\/?s={search_term_string}"},"query-input":{"@type":"PropertyValueSpecification","valueRequired":true,"valueName":"search_term_string"}}],"inLanguage":"fr-FR"},{"@type":"Organization","@id":"https:\/\/camping-lariviere.com\/fr\/#organization","name":"Camping La Rivi\u00e8re","url":"https:\/\/camping-lariviere.com\/fr\/","logo":{"@type":"ImageObject","inLanguage":"fr-FR","@id":"https:\/\/camping-lariviere.com\/fr\/#\/schema\/logo\/image\/","url":"https:\/\/camping-lariviere.com\/wp-content\/uploads\/2020\/10\/camping-la-riviere-logo.png","contentUrl":"https:\/\/camping-lariviere.com\/wp-content\/uploads\/2020\/10\/camping-la-riviere-logo.png","width":260,"height":210,"caption":"Camping La Rivi\u00e8re"},"image":{"@id":"https:\/\/camping-lariviere.com\/fr\/#\/schema\/logo\/image\/"}}]}},"_links":{"self":[{"href":"https:\/\/camping-lariviere.com\/fr\/wp-json\/wp\/v2\/pages\/6496","targetHints":{"allow":["GET"]}}],"collection":[{"href":"https:\/\/camping-lariviere.com\/fr\/wp-json\/wp\/v2\/pages"}],"about":[{"href":"https:\/\/camping-lariviere.com\/fr\/wp-json\/wp\/v2\/types\/page"}],"author":[{"embeddable":true,"href":"https:\/\/camping-lariviere.com\/fr\/wp-json\/wp\/v2\/users\/10"}],"replies":[{"embeddable":true,"href":"https:\/\/camping-lariviere.com\/fr\/wp-json\/wp\/v2\/comments?post=6496"}],"version-history":[{"count":8,"href":"https:\/\/camping-lariviere.com\/fr\/wp-json\/wp\/v2\/pages\/6496\/revisions"}],"predecessor-version":[{"id":6508,"href":"https:\/\/camping-lariviere.com\/fr\/wp-json\/wp\/v2\/pages\/6496\/revisions\/6508"}],"wp:featuredmedia":[{"embeddable":true,"href":"https:\/\/camping-lariviere.com\/fr\/wp-json\/wp\/v2\/media\/6512"}],"wp:attachment":[{"href":"https:\/\/camping-lariviere.com\/fr\/wp-json\/wp\/v2\/media?parent=6496"}],"curies":[{"name":"wp","href":"https:\/\/api.w.org\/{rel}","templated":true}]}}