{"id":6582,"date":"2024-03-25T12:43:51","date_gmt":"2024-03-25T11:43:51","guid":{"rendered":"https:\/\/camping-lariviere.com\/?page_id=6582"},"modified":"2024-04-02T13:51:10","modified_gmt":"2024-04-02T11:51:10","slug":"camping-familial-luberon","status":"publish","type":"page","link":"https:\/\/camping-lariviere.com\/fr\/camping-familial-luberon\/","title":{"rendered":"Camping familial Luberon"},"content":{"rendered":"<section id=\"section-66016f0a6c939\"\" class=\"section bg-color2\" \/><div class=\"container extralarge\"><h1 class=\"element section-title center\">Camping familial Luberon<\/h1><div class=\"element bloc-text center \">\n\t<p>Vous d\u00e9sirez passer vos prochaines vacances en famille dans le Lub\u00e9ron ? Pour appr\u00e9cier les splendides paysages de cette r\u00e9gion de Provence, ses champs de lavande, ses charmants villages et son climat ensoleill\u00e9, s\u00e9journez dans notre<strong class=\"bold color1\"> camping familial en plein c\u0153ur du Lub\u00e9ron<\/strong> !<\/p>\n<\/div><\/div><\/section>\n\n<section id=\"section-66016f0a6ca53\"\" class=\"section bg-color2 p-t-0 p-b-0\" \/><div class=\"container full\"><div class=\"colonnes-wrap valign-middle \"><div class=\"element colonne p-0\"><div class=\"element images scroll-x-mobile\"><div class=\"image\"><img decoding=\"async\" src=\"https:\/\/camping-lariviere.com\/wp-content\/uploads\/2020\/10\/camping-la-riviere-cta-piscine-100x69.jpg\" data-src=\"https:\/\/camping-lariviere.com\/wp-content\/uploads\/2020\/10\/camping-la-riviere-cta-piscine.jpg\" alt=\"camping familial luberon\" class=\"images_image\" \/><\/div><\/div><\/div><div class=\"element colonne p-x-10\"><h2 class=\"element section-title left\">Un s\u00e9jour en Provence dans un \u00e9crin de nature<\/h2><div class=\"element bloc-text justify \">\n\t<p>C\u2019est une <strong class=\"bold color1\">v\u00e9ritable immersion dans la nature <\/strong>qui vous attend durant vos vacances dans notre <strong class=\"bold color1\">camping familial dans le Lub\u00e9ron<\/strong> ! Notre <a href=\"\/fr\/\">camping 3 \u00e9toiles est situ\u00e9 au pied du massif du Lub\u00e9ron<\/a> et au bord de la rivi\u00e8re Le Largue, un affluent de la Durance. Lorsque vous fl\u00e2nerez dans les all\u00e9es de notre camping ou ferez la sieste sur la terrasse de votre mobil-home, vous appr\u00e9cierez l\u2019<strong class=\"bold color1\">omnipr\u00e9sence de la nature<\/strong> ; le parc de notre domaine est en effet riche en arbustes, fleurs et arbres.<\/p>\n<\/div><\/div><\/div><\/div><\/section>\n\n<section id=\"section-66016f0a6cb5e\"\" class=\"section bg-white p-t-0 p-b-0\" \/><div class=\"container full\"><div class=\"colonnes-wrap valign-middle \"><div class=\"element colonne p-x-10\"><h2 class=\"element section-title left\">S\u00e9journez en famille dans un h\u00e9bergement tout confort en plein Lub\u00e9ron<\/h2><div class=\"element bloc-text justify \">\n\t<p>Notre <strong class=\"bold color1\">camping familial en plein Lub\u00e9ron <\/strong>vous propose 4 types d\u2019h\u00e9bergements de qualit\u00e9 pour vos vacances en Provence :<\/p>\n<ul>\n<li><a href=\"\/fr\/location-mobil-home-luberon\/\"><strong class=\"bold color1\">Le mobil-home<\/strong><\/a> : c\u2019est le type de location le plus appr\u00e9ci\u00e9 des familles. Avec ses chambres calmes, sa salle de bains fonctionnelle, son coin repas convivial, sa cuisine \u00e9quip\u00e9e et sa terrasse en bois, le mobil-home comblera toutes vos attentes en termes de confort et de commodit\u00e9s.<\/li>\n<li><a href=\"\/fr\/location-chalet-luberon\/\"><strong class=\"bold color1\">Le chalet<\/strong><\/a> : plus premium que le mobil-home, le chalet tout en bois est aussi charmant qu&rsquo;il est cosy. Situ\u00e9 sur une vaste parcelle, il est entour\u00e9 de haies afin de garantir votre intimit\u00e9.<\/li>\n<li><a href=\"\/fr\/location-insolite-luberon\/\"><strong class=\"bold color1\">L\u2019h\u00e9bergement insolite<\/strong><\/a> : lodge pilotis, Coco Sweet, Free Flower, Ecolodge\u2026 avec nos h\u00e9bergements insolites, saupoudrez une dose d\u2019originalit\u00e9 dans votre s\u00e9jour en <strong class=\"bold color1\">camping familial dans le Lub\u00e9ron <\/strong>! Vous voulez notre avis ? Les enfants adoreront cette location atypique !<\/li>\n<li><a href=\"\/fr\/location-emplacements-luberon\/\"><strong class=\"bold color1\">L\u2019emplacement de camping<\/strong><\/a> : les emplacements de notre camping 3 \u00e9toiles r\u00e9pondent aux attentes des amateurs de camping traditionnel. Plantez votre tente ou stationnez votre caravane ou votre camping-car sur l\u2019un de nos emplacements en pleine nature agr\u00e9ables, spacieux et ombrag\u00e9s.<\/li>\n<\/ul>\n<\/div><\/div><div class=\"element colonne p-0\"><div class=\"element images scroll-x-mobile\"><div class=\"image\"><img decoding=\"async\" src=\"https:\/\/camping-lariviere.com\/wp-content\/uploads\/2021\/10\/chalet-luberon-100x75.jpg\" data-src=\"https:\/\/camping-lariviere.com\/wp-content\/uploads\/2021\/10\/chalet-luberon.jpg\" alt=\"location mobil home camping familial lub\u00e9ro\" class=\"images_image\" S\u00e9journez en famille dans un h\u00e9bergement tout confort en plein Lub\u00e9ron\/><\/div><\/div><\/div><\/div><\/div><\/section>\n\n<section id=\"section-66016f0a6cc6a\"\" class=\"section bg-color2 p-t-0 p-b-0\" \/><div class=\"container full\"><div class=\"colonnes-wrap valign-middle \"><div class=\"element colonne p-0\"><div class=\"element images scroll-x-mobile\"><div class=\"image\"><img decoding=\"async\" src=\"https:\/\/camping-lariviere.com\/wp-content\/uploads\/2020\/10\/enfants-animation-100x65.jpg\" data-src=\"https:\/\/camping-lariviere.com\/wp-content\/uploads\/2020\/10\/enfants-animation.jpg\" alt=\"services activit\u00e9s camping familial luberon\" class=\"images_image\" \/><\/div><\/div><\/div><div class=\"element colonne p-x-10\"><h2 class=\"element section-title left\">Un camping familial avec une offre compl\u00e8te d\u2019activit\u00e9s et de services<\/h2><div class=\"element bloc-text justify \">\n\t<p>Profitez de l\u2019ensemble des services et activit\u00e9s \u00e0 votre disposition tout au long de vos vacances en <strong class=\"bold color1\">camping nature dans le Lub\u00e9ron<\/strong> :<\/p>\n<ul>\n<li><strong class=\"bold color1\">Activit\u00e9s<\/strong> : \u00e9quitation, parapente, randonn\u00e9es p\u00e9dagogiques\u2026<\/li>\n<li><strong class=\"bold color1\">Activit\u00e9s pour enfants<\/strong> : chasse au tr\u00e9sor, land art, olympiades\u2026<\/li>\n<li><strong class=\"bold color1\">Animations en soir\u00e9e <\/strong>: soir\u00e9es piscine nocturne, karaok\u00e9s, quiz\u2026<\/li>\n<li><strong class=\"bold color1\">Restauration<\/strong> : d\u00eenez en famille dans notre restaurant et sa carte raffin\u00e9e.<\/li>\n<li><strong class=\"bold color1\">Piscine<\/strong> : notre <a href=\"\/fr\/camping-piscine-luberon\/\">piscine dans le Lub\u00e9ron<\/a> vous accueille pour vos baignades en famille, les jeux aquatiques des enfants et la sieste au bord de l\u2019eau.<\/li>\n<li><strong class=\"bold color1\">Services divers <\/strong>: laverie, wifi, espace lecture\u2026<\/li>\n<\/ul>\n<p>Passez de merveilleuses vacances dans notre <strong class=\"bold color1\">camping familial dans le Lub\u00e9ron<\/strong> !<\/p>\n<\/div><\/div><\/div><\/div><\/section>\n\n<section id=\"section-66016f0a6cd73\"\" class=\"section bg-white p-t-0\" \/><div class=\"container full\"><div class=\"colonnes-wrap valign-middle \"><div class=\"element colonne p-x-10\"><h2 class=\"element section-title left\">Profitez du Lub\u00e9ron en famille<\/h2><div class=\"element bloc-text justify \">\n\t<p>\u00c0 quelques pas de votre h\u00e9bergement, plongez dans l<strong class=\"bold color1\">&lsquo;aventure en famille<\/strong> avec des <strong class=\"bold color1\">balades \u00e0 v\u00e9lo ou \u00e0 pied<\/strong> \u00e0 travers les champs de lavande embl\u00e9matiques, offrant des panoramas pittoresques et des moments de complicit\u00e9. Ne manquez pas de visiter les villages perch\u00e9s du Lub\u00e9ron, comme <a href=\"\/fr\/blog\/lhistoire-de-la-citadelle-de-forcalquier\/\">Forcalquier<\/a> ou <a href=\"\/fr\/tourisme-valensole\/\">Valensole<\/a>, o\u00f9 le charme de la Provence se d\u00e9voile \u00e0 chaque ruelle, promettant des d\u00e9couvertes culturelles et historiques captivantes pour petits et grands.<\/p>\n<p>Pour les amateurs d&rsquo;<strong class=\"bold color1\">activit\u00e9s en plein air<\/strong>, le Lub\u00e9ron regorge de sentiers de <strong class=\"bold color1\">randonn\u00e9e<\/strong> adapt\u00e9s \u00e0 tous les niveaux, permettant d&rsquo;explorer la richesse de la faune et de la flore locales. Les plus aventureux pourront s&rsquo;essayer au <strong class=\"bold color1\">cano\u00eb-kayak<\/strong> sur la Durance ou encore \u00e0 l&rsquo;escalade sur les nombreux sites \u00e9quip\u00e9s de la r\u00e9gion.<\/p>\n<p>Votre s\u00e9jour pr\u00e8s de <strong class=\"bold color1\">Saint-Maime<\/strong> dans le <strong class=\"bold color1\">Lub\u00e9ron<\/strong> promet d&rsquo;\u00eatre une mosa\u00efque d&rsquo;activit\u00e9s familiales, alliant nature, culture, aventure et d\u00e9tente, dans l&rsquo;un des plus beaux cadres de Provence.<\/p>\n<\/div><\/div><div class=\"element colonne p-0\"><div class=\"element images scroll-x-mobile\"><div class=\"image\"><img decoding=\"async\" src=\"https:\/\/camping-lariviere.com\/wp-content\/uploads\/2021\/08\/photo-riviere-provence-luberon-100x71.jpg\" data-src=\"https:\/\/camping-lariviere.com\/wp-content\/uploads\/2021\/08\/photo-riviere-provence-luberon.jpg\" alt=\"visite lub\u00e9ron famille\" class=\"images_image\" Profitez du Lub\u00e9ron en famille\/><\/div><\/div><\/div><\/div><ul class=\"liste-de-page\"><li class=\"element call-to-action images_image call-to-action--style-1 call-to-action--big\"><a href=\"https:\/\/camping-lariviere.com\/fr\/camping-piscine-luberon\/\"  class=\"call-to-action_link\" title=\"En savoir plus sur notre espace aquatique\"><div class=\"call-to-action_image\"><img decoding=\"async\" src=\"https:\/\/camping-lariviere.com\/wp-content\/uploads\/2021\/06\/la-riviere-camping-piscine-100x100.jpg\" data-src=\"https:\/\/camping-lariviere.com\/wp-content\/uploads\/2021\/06\/la-riviere-camping-piscine.jpg\" alt=\"la-riviere-camping-piscine\" class=\"big\" \/><\/div><div class=\"call-to-action_contenu\"><div class=\"call-to-action_titre\">Notre espace aquatique<\/div><\/div><\/a><\/li><li class=\"element call-to-action images_image call-to-action--style-1 call-to-action--big call-to-action--style-1 call-to-action--big\"><a href=\"https:\/\/camping-lariviere.com\/fr\/location-mobil-home-luberon\/\"  class=\"call-to-action_link\" title=\"En savoir plus sur nos mobil homes\"><div class=\"call-to-action_image\"><img decoding=\"async\" src=\"https:\/\/camping-lariviere.com\/wp-content\/uploads\/2020\/10\/location-camping-mobil-home-100x65.jpg\" data-src=\"https:\/\/camping-lariviere.com\/wp-content\/uploads\/2020\/10\/location-camping-mobil-home.jpg\" alt=\"location camping mobil home\" class=\"big\" \/><\/div><div class=\"call-to-action_contenu\"><div class=\"call-to-action_titre\">Nos mobil homes<\/div><\/div><\/a><\/li><li class=\"element call-to-action images_image call-to-action--style-1 call-to-action--big call-to-action--style-1 call-to-action--big call-to-action--style-1 call-to-action--big\"><a href=\"https:\/\/camping-lariviere.com\/fr\/location-emplacements-luberon\/\"  class=\"call-to-action_link\" title=\"En savoir plus sur nos emplacements\"><div class=\"call-to-action_image\"><img decoding=\"async\" src=\"https:\/\/camping-lariviere.com\/wp-content\/uploads\/2020\/10\/forfait-confort-camping-car-2-100x65.jpg\" data-src=\"https:\/\/camping-lariviere.com\/wp-content\/uploads\/2020\/10\/forfait-confort-camping-car-2.jpg\" alt=\"forfait confort camping car\" class=\"big\" \/><\/div><div class=\"call-to-action_contenu\"><div class=\"call-to-action_titre\">Nos emplacements<\/div><\/div><\/a><\/li><\/ul><\/div><\/section>","protected":false},"excerpt":{"rendered":"","protected":false},"author":10,"featured_media":6594,"parent":0,"menu_order":0,"comment_status":"closed","ping_status":"closed","template":"","meta":{"_acf_changed":false,"footnotes":""},"class_list":["post-6582","page","type-page","status-publish","has-post-thumbnail","hentry"],"acf":[],"yoast_head":"<!-- This site is optimized with the Yoast SEO plugin v23.4 - https:\/\/yoast.com\/wordpress\/plugins\/seo\/ -->\n<title>Camping familial Lub\u00e9ron : notre offre pour toute la famille<\/title>\n<meta name=\"description\" content=\"Vous d\u00e9sirez passer vos vacances en famille dans le Lub\u00e9ron ? S\u00e9journez dans notre camping familial en plein c\u0153ur du Lub\u00e9ron ! D\u00e9couvrez notre offre\" \/>\n<meta name=\"robots\" content=\"index, follow, max-snippet:-1, max-image-preview:large, max-video-preview:-1\" \/>\n<link rel=\"canonical\" href=\"https:\/\/camping-lariviere.com\/fr\/camping-familial-luberon\/\" \/>\n<meta property=\"og:locale\" content=\"fr_FR\" \/>\n<meta property=\"og:type\" content=\"article\" \/>\n<meta property=\"og:title\" content=\"Camping familial Lub\u00e9ron : notre offre pour toute la famille\" \/>\n<meta property=\"og:description\" content=\"Vous d\u00e9sirez passer vos vacances en famille dans le Lub\u00e9ron ? S\u00e9journez dans notre camping familial en plein c\u0153ur du Lub\u00e9ron ! D\u00e9couvrez notre offre\" \/>\n<meta property=\"og:url\" content=\"https:\/\/camping-lariviere.com\/fr\/camping-familial-luberon\/\" \/>\n<meta property=\"og:site_name\" content=\"Camping la Rivi\u00e8re\" \/>\n<meta property=\"article:modified_time\" content=\"2024-04-02T11:51:10+00:00\" \/>\n<meta property=\"og:image\" content=\"https:\/\/camping-lariviere.com\/wp-content\/uploads\/2024\/04\/camping-familial-luberon-1.png\" \/>\n\t<meta property=\"og:image:width\" content=\"1200\" \/>\n\t<meta property=\"og:image:height\" content=\"300\" \/>\n\t<meta property=\"og:image:type\" content=\"image\/png\" \/>\n<meta name=\"twitter:card\" content=\"summary_large_image\" \/>\n<meta name=\"twitter:label1\" content=\"Dur\u00e9e de lecture estim\u00e9e\" \/>\n\t<meta name=\"twitter:data1\" content=\"1 minute\" \/>\n<script type=\"application\/ld+json\" class=\"yoast-schema-graph\">{\"@context\":\"https:\/\/schema.org\",\"@graph\":[{\"@type\":\"WebPage\",\"@id\":\"https:\/\/camping-lariviere.com\/fr\/camping-familial-luberon\/\",\"url\":\"https:\/\/camping-lariviere.com\/fr\/camping-familial-luberon\/\",\"name\":\"Camping familial Lub\u00e9ron : notre offre pour toute la famille\",\"isPartOf\":{\"@id\":\"https:\/\/camping-lariviere.com\/fr\/#website\"},\"primaryImageOfPage\":{\"@id\":\"https:\/\/camping-lariviere.com\/fr\/camping-familial-luberon\/#primaryimage\"},\"image\":{\"@id\":\"https:\/\/camping-lariviere.com\/fr\/camping-familial-luberon\/#primaryimage\"},\"thumbnailUrl\":\"https:\/\/camping-lariviere.com\/wp-content\/uploads\/2024\/04\/camping-familial-luberon-1.png\",\"datePublished\":\"2024-03-25T11:43:51+00:00\",\"dateModified\":\"2024-04-02T11:51:10+00:00\",\"description\":\"Vous d\u00e9sirez passer vos vacances en famille dans le Lub\u00e9ron ? S\u00e9journez dans notre camping familial en plein c\u0153ur du Lub\u00e9ron ! D\u00e9couvrez notre offre\",\"breadcrumb\":{\"@id\":\"https:\/\/camping-lariviere.com\/fr\/camping-familial-luberon\/#breadcrumb\"},\"inLanguage\":\"fr-FR\",\"potentialAction\":[{\"@type\":\"ReadAction\",\"target\":[\"https:\/\/camping-lariviere.com\/fr\/camping-familial-luberon\/\"]}]},{\"@type\":\"ImageObject\",\"inLanguage\":\"fr-FR\",\"@id\":\"https:\/\/camping-lariviere.com\/fr\/camping-familial-luberon\/#primaryimage\",\"url\":\"https:\/\/camping-lariviere.com\/wp-content\/uploads\/2024\/04\/camping-familial-luberon-1.png\",\"contentUrl\":\"https:\/\/camping-lariviere.com\/wp-content\/uploads\/2024\/04\/camping-familial-luberon-1.png\",\"width\":1200,\"height\":300,\"caption\":\"camping familial luberon\"},{\"@type\":\"BreadcrumbList\",\"@id\":\"https:\/\/camping-lariviere.com\/fr\/camping-familial-luberon\/#breadcrumb\",\"itemListElement\":[{\"@type\":\"ListItem\",\"position\":1,\"name\":\"Camping Luberon\",\"item\":\"https:\/\/camping-lariviere.com\/fr\/\"},{\"@type\":\"ListItem\",\"position\":2,\"name\":\"Camping familial Luberon\"}]},{\"@type\":\"WebSite\",\"@id\":\"https:\/\/camping-lariviere.com\/fr\/#website\",\"url\":\"https:\/\/camping-lariviere.com\/fr\/\",\"name\":\"Camping la Rivi\u00e8re\",\"description\":\"\",\"publisher\":{\"@id\":\"https:\/\/camping-lariviere.com\/fr\/#organization\"},\"potentialAction\":[{\"@type\":\"SearchAction\",\"target\":{\"@type\":\"EntryPoint\",\"urlTemplate\":\"https:\/\/camping-lariviere.com\/fr\/?s={search_term_string}\"},\"query-input\":{\"@type\":\"PropertyValueSpecification\",\"valueRequired\":true,\"valueName\":\"search_term_string\"}}],\"inLanguage\":\"fr-FR\"},{\"@type\":\"Organization\",\"@id\":\"https:\/\/camping-lariviere.com\/fr\/#organization\",\"name\":\"Camping La Rivi\u00e8re\",\"url\":\"https:\/\/camping-lariviere.com\/fr\/\",\"logo\":{\"@type\":\"ImageObject\",\"inLanguage\":\"fr-FR\",\"@id\":\"https:\/\/camping-lariviere.com\/fr\/#\/schema\/logo\/image\/\",\"url\":\"https:\/\/camping-lariviere.com\/wp-content\/uploads\/2020\/10\/camping-la-riviere-logo.png\",\"contentUrl\":\"https:\/\/camping-lariviere.com\/wp-content\/uploads\/2020\/10\/camping-la-riviere-logo.png\",\"width\":260,\"height\":210,\"caption\":\"Camping La Rivi\u00e8re\"},\"image\":{\"@id\":\"https:\/\/camping-lariviere.com\/fr\/#\/schema\/logo\/image\/\"}}]}<\/script>\n<!-- \/ Yoast SEO plugin. -->","yoast_head_json":{"title":"Camping familial Lub\u00e9ron : notre offre pour toute la famille","description":"Vous d\u00e9sirez passer vos vacances en famille dans le Lub\u00e9ron ? S\u00e9journez dans notre camping familial en plein c\u0153ur du Lub\u00e9ron ! D\u00e9couvrez notre offre","robots":{"index":"index","follow":"follow","max-snippet":"max-snippet:-1","max-image-preview":"max-image-preview:large","max-video-preview":"max-video-preview:-1"},"canonical":"https:\/\/camping-lariviere.com\/fr\/camping-familial-luberon\/","og_locale":"fr_FR","og_type":"article","og_title":"Camping familial Lub\u00e9ron : notre offre pour toute la famille","og_description":"Vous d\u00e9sirez passer vos vacances en famille dans le Lub\u00e9ron ? S\u00e9journez dans notre camping familial en plein c\u0153ur du Lub\u00e9ron ! D\u00e9couvrez notre offre","og_url":"https:\/\/camping-lariviere.com\/fr\/camping-familial-luberon\/","og_site_name":"Camping la Rivi\u00e8re","article_modified_time":"2024-04-02T11:51:10+00:00","og_image":[{"width":1200,"height":300,"url":"https:\/\/camping-lariviere.com\/wp-content\/uploads\/2024\/04\/camping-familial-luberon-1.png","type":"image\/png"}],"twitter_card":"summary_large_image","twitter_misc":{"Dur\u00e9e de lecture estim\u00e9e":"1 minute"},"schema":{"@context":"https:\/\/schema.org","@graph":[{"@type":"WebPage","@id":"https:\/\/camping-lariviere.com\/fr\/camping-familial-luberon\/","url":"https:\/\/camping-lariviere.com\/fr\/camping-familial-luberon\/","name":"Camping familial Lub\u00e9ron : notre offre pour toute la famille","isPartOf":{"@id":"https:\/\/camping-lariviere.com\/fr\/#website"},"primaryImageOfPage":{"@id":"https:\/\/camping-lariviere.com\/fr\/camping-familial-luberon\/#primaryimage"},"image":{"@id":"https:\/\/camping-lariviere.com\/fr\/camping-familial-luberon\/#primaryimage"},"thumbnailUrl":"https:\/\/camping-lariviere.com\/wp-content\/uploads\/2024\/04\/camping-familial-luberon-1.png","datePublished":"2024-03-25T11:43:51+00:00","dateModified":"2024-04-02T11:51:10+00:00","description":"Vous d\u00e9sirez passer vos vacances en famille dans le Lub\u00e9ron ? S\u00e9journez dans notre camping familial en plein c\u0153ur du Lub\u00e9ron ! D\u00e9couvrez notre offre","breadcrumb":{"@id":"https:\/\/camping-lariviere.com\/fr\/camping-familial-luberon\/#breadcrumb"},"inLanguage":"fr-FR","potentialAction":[{"@type":"ReadAction","target":["https:\/\/camping-lariviere.com\/fr\/camping-familial-luberon\/"]}]},{"@type":"ImageObject","inLanguage":"fr-FR","@id":"https:\/\/camping-lariviere.com\/fr\/camping-familial-luberon\/#primaryimage","url":"https:\/\/camping-lariviere.com\/wp-content\/uploads\/2024\/04\/camping-familial-luberon-1.png","contentUrl":"https:\/\/camping-lariviere.com\/wp-content\/uploads\/2024\/04\/camping-familial-luberon-1.png","width":1200,"height":300,"caption":"camping familial luberon"},{"@type":"BreadcrumbList","@id":"https:\/\/camping-lariviere.com\/fr\/camping-familial-luberon\/#breadcrumb","itemListElement":[{"@type":"ListItem","position":1,"name":"Camping Luberon","item":"https:\/\/camping-lariviere.com\/fr\/"},{"@type":"ListItem","position":2,"name":"Camping familial Luberon"}]},{"@type":"WebSite","@id":"https:\/\/camping-lariviere.com\/fr\/#website","url":"https:\/\/camping-lariviere.com\/fr\/","name":"Camping la Rivi\u00e8re","description":"","publisher":{"@id":"https:\/\/camping-lariviere.com\/fr\/#organization"},"potentialAction":[{"@type":"SearchAction","target":{"@type":"EntryPoint","urlTemplate":"https:\/\/camping-lariviere.com\/fr\/?s={search_term_string}"},"query-input":{"@type":"PropertyValueSpecification","valueRequired":true,"valueName":"search_term_string"}}],"inLanguage":"fr-FR"},{"@type":"Organization","@id":"https:\/\/camping-lariviere.com\/fr\/#organization","name":"Camping La Rivi\u00e8re","url":"https:\/\/camping-lariviere.com\/fr\/","logo":{"@type":"ImageObject","inLanguage":"fr-FR","@id":"https:\/\/camping-lariviere.com\/fr\/#\/schema\/logo\/image\/","url":"https:\/\/camping-lariviere.com\/wp-content\/uploads\/2020\/10\/camping-la-riviere-logo.png","contentUrl":"https:\/\/camping-lariviere.com\/wp-content\/uploads\/2020\/10\/camping-la-riviere-logo.png","width":260,"height":210,"caption":"Camping La Rivi\u00e8re"},"image":{"@id":"https:\/\/camping-lariviere.com\/fr\/#\/schema\/logo\/image\/"}}]}},"_links":{"self":[{"href":"https:\/\/camping-lariviere.com\/fr\/wp-json\/wp\/v2\/pages\/6582","targetHints":{"allow":["GET"]}}],"collection":[{"href":"https:\/\/camping-lariviere.com\/fr\/wp-json\/wp\/v2\/pages"}],"about":[{"href":"https:\/\/camping-lariviere.com\/fr\/wp-json\/wp\/v2\/types\/page"}],"author":[{"embeddable":true,"href":"https:\/\/camping-lariviere.com\/fr\/wp-json\/wp\/v2\/users\/10"}],"replies":[{"embeddable":true,"href":"https:\/\/camping-lariviere.com\/fr\/wp-json\/wp\/v2\/comments?post=6582"}],"version-history":[{"count":13,"href":"https:\/\/camping-lariviere.com\/fr\/wp-json\/wp\/v2\/pages\/6582\/revisions"}],"predecessor-version":[{"id":6608,"href":"https:\/\/camping-lariviere.com\/fr\/wp-json\/wp\/v2\/pages\/6582\/revisions\/6608"}],"wp:featuredmedia":[{"embeddable":true,"href":"https:\/\/camping-lariviere.com\/fr\/wp-json\/wp\/v2\/media\/6594"}],"wp:attachment":[{"href":"https:\/\/camping-lariviere.com\/fr\/wp-json\/wp\/v2\/media?parent=6582"}],"curies":[{"name":"wp","href":"https:\/\/api.w.org\/{rel}","templated":true}]}}