{"id":6879,"date":"2024-10-30T16:03:19","date_gmt":"2024-10-30T15:03:19","guid":{"rendered":"https:\/\/camping-lariviere.com\/?page_id=6879"},"modified":"2025-01-03T09:10:55","modified_gmt":"2025-01-03T08:10:55","slug":"carte-luberon","status":"publish","type":"page","link":"https:\/\/camping-lariviere.com\/fr\/carte-luberon\/","title":{"rendered":"Carte du Luberon"},"content":{"rendered":"<section id=\"section-5f8ff6ff65384\"\" class=\"section bg-color2 p-b-0\" \/><div class=\"container extralarge\"><h1 class=\"element section-title center\">\u00c0 la d\u00e9couverte de la carte du Luberon depuis le camping La Rivi\u00e8re<\/h1><\/div><\/section>\n\n<section id=\"section-first-home\"\" class=\"section home-first bg-white section--has-bg-img\" \/><img decoding=\"async\" src=\"https:\/\/camping-lariviere.com\/wp-content\/uploads\/2020\/10\/camping-la-riviere-bg-home-first-100x46.jpg\" data-src=\"https:\/\/camping-lariviere.com\/wp-content\/uploads\/2020\/10\/camping-la-riviere-bg-home-first.jpg\" alt=\"carte du lub\u00e9ron\" class=\"section_bg-img\" data-opacite=\"1\"\/><div class=\"container large\"><div class=\"element bloc-text left \">\n\t<p><strong>Au c\u0153ur de la Provence<\/strong>, le<strong> parc du Luberon est un massif forestier<\/strong> et <strong>montagneux<\/strong> pr\u00e9serv\u00e9, offrant un cadre exceptionnel <strong>\u00e0 proximit\u00e9 des grandes villes<\/strong>. \u00c0 seulement 3 heures de <strong>Lyon<\/strong>, 1 heure de <strong>Marseille<\/strong> et 45 minutes d\u2019<strong>Aix-en-Provence<\/strong>, ce parc naturel b\u00e9n\u00e9ficie d\u2019<strong>une situation centrale entre mer et montagnes<\/strong> ! Depuis notre<a href=\"https:\/\/camping-lariviere.com\/fr\/\"><strong> camping 3 \u00e9toiles La Rivi\u00e8re<\/strong><\/a>, explorez les <strong>cartes du Luberon <\/strong>afin de mieux situer ce territoire en France.<\/p>\n<\/div><\/div><\/section>\n\n<section id=\"section-5f88159e4c5bf\"\" class=\"section home-second bg-white\" \/><div class=\"container large\"><h2 class=\"element section-title center\">Mais o\u00f9 se situe exactement le Luberon ?<\/h2><div class=\"element bloc-text center p-0\">\n\t<p><a href=\"https:\/\/camping-lariviere.com\/fr\/tourisme-luberon\/\"><strong>Le Luberon<\/strong><\/a> est plus pr\u00e9cis\u00e9ment <strong>un parc naturel r\u00e9gional du sud-est de la France<\/strong> dans la r\u00e9gion ensoleill\u00e9e et accueillante de <strong>Provence-Alpes-C\u00f4te d&rsquo;Azur<\/strong>. <strong>Marseille<\/strong>, <strong>deuxi\u00e8me ville la plus peupl\u00e9e de France<\/strong>, b\u00e9n\u00e9ficie d\u2019un emplacement privil\u00e9gi\u00e9 <strong>en bord de M\u00e9diterran\u00e9e<\/strong>, offrant un acc\u00e8s \u00e0 la culture, un climat favorable et une qualit\u00e9 de vie pris\u00e9e de ses habitants.<\/p>\n<p>S\u00e9journer au <strong>camping La Rivi\u00e8re<\/strong> vous place au c\u0153ur de ce territoire naturel o\u00f9 villages perch\u00e9s, panoramas \u00e9poustouflants et <strong>patrimoine proven\u00e7al <\/strong>s\u2019harmonisent. Gr\u00e2ce \u00e0 la <strong>carte du Luberon<\/strong>, laissez-vous guider pour<strong> un s\u00e9jour riche en d\u00e9couvertes<\/strong>, alliant immersion en pleine nature, exploration culturelle et moments de d\u00e9tente.<\/p>\n<\/div><div class=\"element bloc-text justify fullWidth\">\n\t<p><iframe src=\"https:\/\/www.google.com\/maps\/embed?pb=!1m16!1m12!1m3!1d275322.0921175013!2d5.266851777443207!3d43.83882316559108!2m3!1f0!2f0!3f0!3m2!1i1024!2i768!4f13.1!2m1!1svilles%20parc%20naturel%20du%20luberon!5e0!3m2!1sfr!2sfr!4v1730359174674!5m2!1sfr!2sfr\" width=\"100%\" height=\"450\" style=allowfullscreen=\"\" loading=\"lazy\" referrerpolicy=\"no-referrer-when-downgrade\"><\/iframe><\/p>\n<\/div><\/div><\/section>\n\n<section id=\"section-5f88159e4c87a\"\" class=\"section home-third bg-white\" \/><div class=\"container large\"><div class=\"element bloc-text justify \">\n\t<h2>Des villages perch\u00e9s \u00e0 l\u2019ambiance proven\u00e7ale &#8211; D\u00e9couverte du Lub\u00e9ron<\/h2>\n<p><strong>Le massif du Luberon <\/strong>abrite certains des <strong>plus beaux villages de France<\/strong>, notamment <strong>Gordes<\/strong> et <strong>Roussillon<\/strong>, facilement localisables sur la <strong>carte du Lub\u00e9ron<\/strong>. Ces villages, situ\u00e9s <strong>au sommet de collines dans le Vaucluse<\/strong>, offrent des vues imprenables sur les vall\u00e9es environnantes et sont parfaits pour des balades \u00e0 pied ou en deux roues.<\/p>\n<p>Empruntez<strong> la route des villages embl\u00e9matiques du Lub\u00e9ron<\/strong> ! \u00c0 seulement 30 minutes d\u2019Aix-en-Provence, ces <strong>communes fleuries<\/strong> vous invitent \u00e0 d\u00e9couvrir leurs tr\u00e9sors. Entour\u00e9e de <strong>vignes<\/strong>, de <strong>for\u00eats<\/strong> et de <strong>champs<\/strong> <strong>de<\/strong> <strong>lavande<\/strong>, cette r\u00e9gion vous d\u00e9voile<strong> l\u2019essence m\u00eame de la Provence<\/strong>. Perch\u00e9s sur <strong>des pitons rocheux <\/strong>ou nich\u00e9s entre <strong>les vignobles des collines<\/strong>, les villages du Luberon ont grandi autour de ch\u00e2teaux m\u00e9di\u00e9vaux. Cinq d\u2019entre eux, dont <strong>Ansouis<\/strong>, <strong>Gordes<\/strong>, <strong>Lourmarin<\/strong>, <strong>M\u00e9nerbes<\/strong> et <strong>Roussillon<\/strong>, sont fi\u00e8rement <strong>labellis\u00e9s \u201c<a href=\"https:\/\/camping-lariviere.com\/fr\/blog\/les-plus-beaux-villages-du-luberon\/\">Plus Beau Village de France<\/a>\u201d<\/strong>.<\/p>\n<\/div><\/div><\/section>\n\n<section id=\"section-6110ef205a319\"\" class=\"section bg-white\" \/><div class=\"container large\"><div class=\"colonnes-wrap valign-middle \"><div class=\"element colonne \"><h2 class=\"element section-title left\">Des paysages naturels d\u2019exception dans le Lub\u00e9ron<\/h2><div class=\"element bloc-text justify \">\n\t<p>\n<strong>Le massif Lub\u00e9ron <\/strong>est un espace privil\u00e9gi\u00e9 pour <strong>les amateurs de randonn\u00e9e <\/strong>en France. Avec la <strong>carte du Lub\u00e9ron<\/strong>, partez explorer des sites remarquables comme le <strong>Colorado<\/strong> <strong>proven\u00e7al<\/strong> dans les Alpes-de-Haute-Provence. Ce paysage de falaises ocre \u00e9voque les terres rouges de<strong> l\u2019Ouest am\u00e9ricain <\/strong>et est une v\u00e9ritable curiosit\u00e9 en France. En continuant vers<strong> les gorges du R\u00e9galon<\/strong>, vous d\u00e9couvrirez des sentiers plus sauvages et des paysages sculpt\u00e9s par la nature elle-m\u00eame. Chaque parcours r\u00e9v\u00e8le un cadre unique et invite \u00e0 la d\u00e9tente, \u00e0 l\u2019\u00e9vasion et \u00e0 l\u2019immersion dans un espace naturel. <strong>Le relief vari\u00e9 du parc naturel du Lub\u00e9ron<\/strong> vous permet de choisir <strong>des randonn\u00e9es adapt\u00e9es<\/strong> \u00e0 tous les niveaux, pour profiter d\u2019un cadre naturel sans \u00e9gal.<\/p>\n<\/div><\/div><div class=\"element colonne \"><div class=\"element images scroll-x-mobile\"><div class=\"image\"><img decoding=\"async\" src=\"https:\/\/camping-lariviere.com\/wp-content\/uploads\/2024\/09\/roussillon-100x67.webp\" data-src=\"https:\/\/camping-lariviere.com\/wp-content\/uploads\/2024\/09\/roussillon.webp\" alt=\"carte du luberon\" class=\"images_image\" Des paysages naturels d\u2019exception dans le Lub\u00e9ron\/><\/div><\/div><\/div><\/div><\/div><\/section>\n\n<section id=\"section-6110ef205a4a9\"\" class=\"section bg-white\" \/><div class=\"container large\"><div class=\"colonnes-wrap valign-middle \"><div class=\"element colonne \"><div class=\"element images scroll-x-mobile\"><div class=\"image\"><img decoding=\"async\" src=\"https:\/\/camping-lariviere.com\/wp-content\/uploads\/2024\/09\/saignon-100x67.webp\" data-src=\"https:\/\/camping-lariviere.com\/wp-content\/uploads\/2024\/09\/saignon.webp\" alt=\"carte luberon saignon\" class=\"images_image\" \/><\/div><\/div><\/div><div class=\"element colonne \"><h2 class=\"element section-title left\">Activit\u00e9s culturelles et artisanat du Lub\u00e9ron<\/h2><div class=\"element bloc-text justify \">\n\t<p>\n<strong>La r\u00e9gion PACA<\/strong> est riche en <strong>tourisme r\u00e9gional<\/strong>, avec un patrimoine historique et culturel exceptionnel. Explorez le <strong>Mus\u00e9e de la Lavande<\/strong>, un hommage \u00e0 cette plante embl\u00e9matique de la Provence, ou visitez les <strong>mines d\u2019ocre de Bruoux<\/strong>, un site unique du Vaucluse. Ces lieux vous plongent dans leur histoire, et en consultant la <strong>carte du Lub\u00e9ron<\/strong>, vous trouverez d\u2019autres tr\u00e9sors culturels r\u00e9partis dans les villages. Les <strong>artisans locaux<\/strong>, notamment <strong>les potiers et les sculpteurs<\/strong>, perp\u00e9tuent <strong>des traditions s\u00e9culaires<\/strong> et sont souvent install\u00e9s au centre des villages. Ce parcours culturel est une immersion dans le savoir-faire proven\u00e7al, o\u00f9 chaque cr\u00e9ation refl\u00e8te le patrimoine naturel et culturel du massif du Lub\u00e9ron.<\/p>\n<\/div><\/div><\/div><\/div><\/section>\n\n<section id=\"section-5f8ff6ff65789\"\" class=\"section bg-white p-t-0 p-b-0\" \/><div class=\"container full\"><div class=\"colonnes-wrap valign-middle \"><div class=\"element colonne w-20 p-0\"><div class=\"element images scroll-x-mobile\"><div class=\"image\"><img decoding=\"async\" src=\"https:\/\/camping-lariviere.com\/wp-content\/uploads\/2024\/09\/wall-1469803_1920-100x67.webp\" data-src=\"https:\/\/camping-lariviere.com\/wp-content\/uploads\/2024\/09\/wall-1469803_1920.webp\" alt=\"randonn\u00e9e femme\" class=\"images_image\" \/><\/div><\/div><div class=\"element images scroll-x-mobile\"><div class=\"image\"><img decoding=\"async\" src=\"https:\/\/camping-lariviere.com\/wp-content\/uploads\/2020\/10\/gorges-du-verdon-lac-100x100.jpg\" data-src=\"https:\/\/camping-lariviere.com\/wp-content\/uploads\/2020\/10\/gorges-du-verdon-lac.jpg\" alt=\"gorges du verdon lac\" class=\"images_image\" \/><\/div><\/div><\/div><div class=\"element colonne w-60 p-x-6\"><h2 class=\"element section-title center\">Activit\u00e9s familiales et d\u00e9couverte en v\u00e9lo du Lub\u00e9ron<\/h2><div class=\"element bloc-text left \">\n\t<p>Pour les familles, <strong>le massif du Lub\u00e9ron <\/strong>est une destination r\u00eav\u00e9e, et la <strong>carte du Lub\u00e9ron<\/strong> r\u00e9v\u00e8le de nombreux sites adapt\u00e9s aux petits et grands. <strong>La For\u00eat des C\u00e8dres<\/strong>, par exemple, offre <strong>des sentiers pour des promenades tranquilles<\/strong>, o\u00f9 chacun peut se ressourcer au milieu d\u2019une nature pr\u00e9serv\u00e9e. Les amateurs de randonn\u00e9e et de v\u00e9lo y trouveront aussi leur bonheur. La v\u00e9loroute du Calavon est une randonn\u00e9e \u00e0 v\u00e9lo incontournable ! Les autres routes authentiques de la r\u00e9gion, d\u00e9taill\u00e9es sur la <strong>carte du Lub\u00e9ron<\/strong>, permettent d\u2019explorer de nombreux villages et <strong>d\u2019observer les vignobles et champs de lavande<\/strong> typiques du paysage proven\u00e7al. Chaque itin\u00e9raire vous m\u00e8ne dans des villages o\u00f9 l\u2019authenticit\u00e9 est reine, rendant chaque halte unique.<\/p>\n<h2>D\u00e9gustations et produits du terroir<\/h2>\n<p><strong>Le massif du Lub\u00e9ron<\/strong> est \u00e9galement <strong>une destination gastronomique<\/strong>. Les <strong>march\u00e9s locaux <\/strong>sont une fen\u00eatre ouverte sur les sp\u00e9cialit\u00e9s de la r\u00e9gion : <strong>miel de lavande<\/strong>, <strong>huiles d\u2019olive <\/strong>et <strong>vins des C\u00f4tes du Lub\u00e9ron <\/strong>font partie des produits de terroir que vous pourrez d\u00e9guster et ramener en souvenirs. La <strong>carte du Lub\u00e9ron<\/strong> vous permet d\u2019identifier<strong> les producteurs locaux et de planifier des visites<\/strong>. Cette immersion gourmande au c\u0153ur des villages est une exp\u00e9rience authentique, o\u00f9 les saveurs de la Provence se r\u00e9v\u00e8lent au fil des rencontres et des d\u00e9gustations.<\/p>\n<h2>Un s\u00e9jour au camping La Rivi\u00e8re pour explorer le Lub\u00e9ron<\/h2>\n<p>S\u00e9journer au<strong> camping La Rivi\u00e8re <\/strong>vous offre un acc\u00e8s privil\u00e9gi\u00e9 <strong>au c\u0153ur du massif du Lub\u00e9ron<\/strong>, un territoire au patrimoine naturel et culturel inestimable. Gr\u00e2ce \u00e0 notre <strong>carte du Lub\u00e9ron<\/strong>, partez \u00e0 la d\u00e9couverte de lieux exceptionnels, des villages au charme intact aux panoramas sauvages des <strong>Alpes-de-Haute-Provence et du Vaucluse<\/strong>.<\/p>\n<p>Que vous soyez passionn\u00e9 de <strong>randonn\u00e9e<\/strong>, de <strong>v\u00e9hicule \u00e0 deux roues<\/strong> ou de <strong>patrimoine<\/strong>, chaque \u00e9tape dans le parc r\u00e9gional du <strong>massif du Lub\u00e9ron <\/strong>sera une nouvelle d\u00e9couverte, o\u00f9<strong> le respect de la nature et des traditions <\/strong>enrichit chaque visite.<\/p>\n<\/div><\/div><div class=\"element colonne w-20 p-0\"><div class=\"element images scroll-x-mobile\"><div class=\"image\"><img decoding=\"async\" src=\"https:\/\/camping-lariviere.com\/wp-content\/uploads\/2020\/11\/colorado-provence-100x100.jpg\" data-src=\"https:\/\/camping-lariviere.com\/wp-content\/uploads\/2020\/11\/colorado-provence.jpg\" alt=\"colorado provence\" class=\"images_image\" Activit\u00e9s familiales et d\u00e9couverte en v\u00e9lo du Lub\u00e9ron\/><\/div><\/div><div class=\"element images scroll-x-mobile\"><div class=\"image\"><img decoding=\"async\" src=\"https:\/\/camping-lariviere.com\/wp-content\/uploads\/2020\/11\/sillans-la-cascade-100x100.jpg\" data-src=\"https:\/\/camping-lariviere.com\/wp-content\/uploads\/2020\/11\/sillans-la-cascade.jpg\" alt=\"sillans la cascade\" class=\"images_image\" Activit\u00e9s familiales et d\u00e9couverte en v\u00e9lo du Lub\u00e9ron\/><\/div><\/div><\/div><\/div><\/div><\/section>\n\n<section id=\"section-67779b8e4d6cf\"\" class=\"section bg-white\" \/><div class=\"container\"><div class=\"element images scroll-x-mobile\"><div class=\"image\"><img decoding=\"async\" src=\"https:\/\/camping-lariviere.com\/wp-content\/uploads\/2025\/01\/Capture-decran-2025-01-03-a-09.01.21-100x67.png\" data-src=\"https:\/\/camping-lariviere.com\/wp-content\/uploads\/2025\/01\/Capture-decran-2025-01-03-a-09.01.21.png\" alt=\"carte du lub\u00e9ron\" class=\"images_image\" \/><\/div><\/div><\/div><\/section>\n\n<section id=\"section-5f8ff6ff65f07\"\" class=\"section bg-white\" \/><div class=\"container extralarge\"><div class=\"element section-title center title-cta\">D\u00e9couvrez nos h\u00e9bergements et services<\/div><ul class=\"liste-de-page\"><li class=\"element call-to-action center title-cta call-to-action--style-1 call-to-action--big\"><a href=\"https:\/\/camping-lariviere.com\/fr\/services\/\"  class=\"call-to-action_link\" title=\"En savoir plus sur nos services et animations\"><div class=\"call-to-action_image\"><img decoding=\"async\" src=\"https:\/\/camping-lariviere.com\/wp-content\/uploads\/2020\/10\/enfants-animation-100x65.jpg\" data-src=\"https:\/\/camping-lariviere.com\/wp-content\/uploads\/2020\/10\/enfants-animation.jpg\" alt=\"enfants animation\" class=\"big\" \/><\/div><div class=\"call-to-action_contenu\"><div class=\"call-to-action_titre\">Nos services et animations<\/div><\/div><\/a><\/li><li class=\"element call-to-action center title-cta call-to-action--style-1 call-to-action--big call-to-action--style-1 call-to-action--big\"><a href=\"https:\/\/camping-lariviere.com\/fr\/location-mobil-home-luberon\/\"  class=\"call-to-action_link\" title=\"En savoir plus sur nos mobil homes\"><div class=\"call-to-action_image\"><img decoding=\"async\" src=\"https:\/\/camping-lariviere.com\/wp-content\/uploads\/2020\/10\/location-camping-mobil-home-100x65.jpg\" data-src=\"https:\/\/camping-lariviere.com\/wp-content\/uploads\/2020\/10\/location-camping-mobil-home.jpg\" alt=\"location camping mobil home\" class=\"big\" \/><\/div><div class=\"call-to-action_contenu\"><div class=\"call-to-action_titre\">Nos mobil homes<\/div><\/div><\/a><\/li><li class=\"element call-to-action center title-cta call-to-action--style-1 call-to-action--big call-to-action--style-1 call-to-action--big call-to-action--style-1 call-to-action--big\"><a href=\"https:\/\/camping-lariviere.com\/fr\/location-emplacements-luberon\/\"  class=\"call-to-action_link\" title=\"En savoir plus sur nos emplacements\"><div class=\"call-to-action_image\"><img decoding=\"async\" src=\"https:\/\/camping-lariviere.com\/wp-content\/uploads\/2020\/10\/forfait-confort-camping-car-2-100x65.jpg\" data-src=\"https:\/\/camping-lariviere.com\/wp-content\/uploads\/2020\/10\/forfait-confort-camping-car-2.jpg\" alt=\"forfait confort camping car\" class=\"big\" \/><\/div><div class=\"call-to-action_contenu\"><div class=\"call-to-action_titre\">Nos emplacements<\/div><\/div><\/a><\/li><\/ul><\/div><\/section>","protected":false},"excerpt":{"rendered":"","protected":false},"author":1,"featured_media":4229,"parent":0,"menu_order":0,"comment_status":"closed","ping_status":"closed","template":"","meta":{"_acf_changed":false,"footnotes":""},"class_list":["post-6879","page","type-page","status-publish","has-post-thumbnail","hentry"],"acf":[],"yoast_head":"<!-- This site is optimized with the Yoast SEO plugin v23.4 - https:\/\/yoast.com\/wordpress\/plugins\/seo\/ -->\n<title>Carte du Luberon - G\u00e9ographie du Lub\u00e9ron - Camping la Rivi\u00e8re<\/title>\n<meta name=\"description\" content=\"D\u00e9couvrez une carte int\u00e9ractive du lub\u00e9ron pour d\u00e9couvrir les villes et villages principaux du Parc Naturel du Lub\u00e9ron pendant vos vacances !\" \/>\n<meta name=\"robots\" content=\"index, follow, max-snippet:-1, max-image-preview:large, max-video-preview:-1\" \/>\n<link rel=\"canonical\" href=\"https:\/\/camping-lariviere.com\/fr\/carte-luberon\/\" \/>\n<meta property=\"og:locale\" content=\"fr_FR\" \/>\n<meta property=\"og:type\" content=\"article\" \/>\n<meta property=\"og:title\" content=\"Carte du Luberon - G\u00e9ographie du Lub\u00e9ron - Camping la Rivi\u00e8re\" \/>\n<meta property=\"og:description\" content=\"D\u00e9couvrez une carte int\u00e9ractive du lub\u00e9ron pour d\u00e9couvrir les villes et villages principaux du Parc Naturel du Lub\u00e9ron pendant vos vacances !\" \/>\n<meta property=\"og:url\" content=\"https:\/\/camping-lariviere.com\/fr\/carte-luberon\/\" \/>\n<meta property=\"og:site_name\" content=\"Camping la Rivi\u00e8re\" \/>\n<meta property=\"article:modified_time\" content=\"2025-01-03T08:10:55+00:00\" \/>\n<meta property=\"og:image\" content=\"https:\/\/camping-lariviere.com\/wp-content\/uploads\/2022\/01\/Camping-provence-riviere.png\" \/>\n\t<meta property=\"og:image:width\" content=\"1165\" \/>\n\t<meta property=\"og:image:height\" content=\"717\" \/>\n\t<meta property=\"og:image:type\" content=\"image\/png\" \/>\n<meta name=\"twitter:card\" content=\"summary_large_image\" \/>\n<meta name=\"twitter:label1\" content=\"Dur\u00e9e de lecture estim\u00e9e\" \/>\n\t<meta name=\"twitter:data1\" content=\"1 minute\" \/>\n<script type=\"application\/ld+json\" class=\"yoast-schema-graph\">{\"@context\":\"https:\/\/schema.org\",\"@graph\":[{\"@type\":\"WebPage\",\"@id\":\"https:\/\/camping-lariviere.com\/fr\/carte-luberon\/\",\"url\":\"https:\/\/camping-lariviere.com\/fr\/carte-luberon\/\",\"name\":\"Carte du Luberon - G\u00e9ographie du Lub\u00e9ron - Camping la Rivi\u00e8re\",\"isPartOf\":{\"@id\":\"https:\/\/camping-lariviere.com\/fr\/#website\"},\"primaryImageOfPage\":{\"@id\":\"https:\/\/camping-lariviere.com\/fr\/carte-luberon\/#primaryimage\"},\"image\":{\"@id\":\"https:\/\/camping-lariviere.com\/fr\/carte-luberon\/#primaryimage\"},\"thumbnailUrl\":\"https:\/\/camping-lariviere.com\/wp-content\/uploads\/2022\/01\/Camping-provence-riviere.png\",\"datePublished\":\"2024-10-30T15:03:19+00:00\",\"dateModified\":\"2025-01-03T08:10:55+00:00\",\"description\":\"D\u00e9couvrez une carte int\u00e9ractive du lub\u00e9ron pour d\u00e9couvrir les villes et villages principaux du Parc Naturel du Lub\u00e9ron pendant vos vacances !\",\"breadcrumb\":{\"@id\":\"https:\/\/camping-lariviere.com\/fr\/carte-luberon\/#breadcrumb\"},\"inLanguage\":\"fr-FR\",\"potentialAction\":[{\"@type\":\"ReadAction\",\"target\":[\"https:\/\/camping-lariviere.com\/fr\/carte-luberon\/\"]}]},{\"@type\":\"ImageObject\",\"inLanguage\":\"fr-FR\",\"@id\":\"https:\/\/camping-lariviere.com\/fr\/carte-luberon\/#primaryimage\",\"url\":\"https:\/\/camping-lariviere.com\/wp-content\/uploads\/2022\/01\/Camping-provence-riviere.png\",\"contentUrl\":\"https:\/\/camping-lariviere.com\/wp-content\/uploads\/2022\/01\/Camping-provence-riviere.png\",\"width\":1165,\"height\":717,\"caption\":\"camping luberon riviere\"},{\"@type\":\"BreadcrumbList\",\"@id\":\"https:\/\/camping-lariviere.com\/fr\/carte-luberon\/#breadcrumb\",\"itemListElement\":[{\"@type\":\"ListItem\",\"position\":1,\"name\":\"Camping Luberon\",\"item\":\"https:\/\/camping-lariviere.com\/fr\/\"},{\"@type\":\"ListItem\",\"position\":2,\"name\":\"Carte du Lub\u00e9ron\"}]},{\"@type\":\"WebSite\",\"@id\":\"https:\/\/camping-lariviere.com\/fr\/#website\",\"url\":\"https:\/\/camping-lariviere.com\/fr\/\",\"name\":\"Camping la Rivi\u00e8re\",\"description\":\"\",\"publisher\":{\"@id\":\"https:\/\/camping-lariviere.com\/fr\/#organization\"},\"potentialAction\":[{\"@type\":\"SearchAction\",\"target\":{\"@type\":\"EntryPoint\",\"urlTemplate\":\"https:\/\/camping-lariviere.com\/fr\/?s={search_term_string}\"},\"query-input\":{\"@type\":\"PropertyValueSpecification\",\"valueRequired\":true,\"valueName\":\"search_term_string\"}}],\"inLanguage\":\"fr-FR\"},{\"@type\":\"Organization\",\"@id\":\"https:\/\/camping-lariviere.com\/fr\/#organization\",\"name\":\"Camping La Rivi\u00e8re\",\"url\":\"https:\/\/camping-lariviere.com\/fr\/\",\"logo\":{\"@type\":\"ImageObject\",\"inLanguage\":\"fr-FR\",\"@id\":\"https:\/\/camping-lariviere.com\/fr\/#\/schema\/logo\/image\/\",\"url\":\"https:\/\/camping-lariviere.com\/wp-content\/uploads\/2020\/10\/camping-la-riviere-logo.png\",\"contentUrl\":\"https:\/\/camping-lariviere.com\/wp-content\/uploads\/2020\/10\/camping-la-riviere-logo.png\",\"width\":260,\"height\":210,\"caption\":\"Camping La Rivi\u00e8re\"},\"image\":{\"@id\":\"https:\/\/camping-lariviere.com\/fr\/#\/schema\/logo\/image\/\"}}]}<\/script>\n<!-- \/ Yoast SEO plugin. -->","yoast_head_json":{"title":"Carte du Luberon - G\u00e9ographie du Lub\u00e9ron - Camping la Rivi\u00e8re","description":"D\u00e9couvrez une carte int\u00e9ractive du lub\u00e9ron pour d\u00e9couvrir les villes et villages principaux du Parc Naturel du Lub\u00e9ron pendant vos vacances !","robots":{"index":"index","follow":"follow","max-snippet":"max-snippet:-1","max-image-preview":"max-image-preview:large","max-video-preview":"max-video-preview:-1"},"canonical":"https:\/\/camping-lariviere.com\/fr\/carte-luberon\/","og_locale":"fr_FR","og_type":"article","og_title":"Carte du Luberon - G\u00e9ographie du Lub\u00e9ron - Camping la Rivi\u00e8re","og_description":"D\u00e9couvrez une carte int\u00e9ractive du lub\u00e9ron pour d\u00e9couvrir les villes et villages principaux du Parc Naturel du Lub\u00e9ron pendant vos vacances !","og_url":"https:\/\/camping-lariviere.com\/fr\/carte-luberon\/","og_site_name":"Camping la Rivi\u00e8re","article_modified_time":"2025-01-03T08:10:55+00:00","og_image":[{"width":1165,"height":717,"url":"https:\/\/camping-lariviere.com\/wp-content\/uploads\/2022\/01\/Camping-provence-riviere.png","type":"image\/png"}],"twitter_card":"summary_large_image","twitter_misc":{"Dur\u00e9e de lecture estim\u00e9e":"1 minute"},"schema":{"@context":"https:\/\/schema.org","@graph":[{"@type":"WebPage","@id":"https:\/\/camping-lariviere.com\/fr\/carte-luberon\/","url":"https:\/\/camping-lariviere.com\/fr\/carte-luberon\/","name":"Carte du Luberon - G\u00e9ographie du Lub\u00e9ron - Camping la Rivi\u00e8re","isPartOf":{"@id":"https:\/\/camping-lariviere.com\/fr\/#website"},"primaryImageOfPage":{"@id":"https:\/\/camping-lariviere.com\/fr\/carte-luberon\/#primaryimage"},"image":{"@id":"https:\/\/camping-lariviere.com\/fr\/carte-luberon\/#primaryimage"},"thumbnailUrl":"https:\/\/camping-lariviere.com\/wp-content\/uploads\/2022\/01\/Camping-provence-riviere.png","datePublished":"2024-10-30T15:03:19+00:00","dateModified":"2025-01-03T08:10:55+00:00","description":"D\u00e9couvrez une carte int\u00e9ractive du lub\u00e9ron pour d\u00e9couvrir les villes et villages principaux du Parc Naturel du Lub\u00e9ron pendant vos vacances !","breadcrumb":{"@id":"https:\/\/camping-lariviere.com\/fr\/carte-luberon\/#breadcrumb"},"inLanguage":"fr-FR","potentialAction":[{"@type":"ReadAction","target":["https:\/\/camping-lariviere.com\/fr\/carte-luberon\/"]}]},{"@type":"ImageObject","inLanguage":"fr-FR","@id":"https:\/\/camping-lariviere.com\/fr\/carte-luberon\/#primaryimage","url":"https:\/\/camping-lariviere.com\/wp-content\/uploads\/2022\/01\/Camping-provence-riviere.png","contentUrl":"https:\/\/camping-lariviere.com\/wp-content\/uploads\/2022\/01\/Camping-provence-riviere.png","width":1165,"height":717,"caption":"camping luberon riviere"},{"@type":"BreadcrumbList","@id":"https:\/\/camping-lariviere.com\/fr\/carte-luberon\/#breadcrumb","itemListElement":[{"@type":"ListItem","position":1,"name":"Camping Luberon","item":"https:\/\/camping-lariviere.com\/fr\/"},{"@type":"ListItem","position":2,"name":"Carte du Lub\u00e9ron"}]},{"@type":"WebSite","@id":"https:\/\/camping-lariviere.com\/fr\/#website","url":"https:\/\/camping-lariviere.com\/fr\/","name":"Camping la Rivi\u00e8re","description":"","publisher":{"@id":"https:\/\/camping-lariviere.com\/fr\/#organization"},"potentialAction":[{"@type":"SearchAction","target":{"@type":"EntryPoint","urlTemplate":"https:\/\/camping-lariviere.com\/fr\/?s={search_term_string}"},"query-input":{"@type":"PropertyValueSpecification","valueRequired":true,"valueName":"search_term_string"}}],"inLanguage":"fr-FR"},{"@type":"Organization","@id":"https:\/\/camping-lariviere.com\/fr\/#organization","name":"Camping La Rivi\u00e8re","url":"https:\/\/camping-lariviere.com\/fr\/","logo":{"@type":"ImageObject","inLanguage":"fr-FR","@id":"https:\/\/camping-lariviere.com\/fr\/#\/schema\/logo\/image\/","url":"https:\/\/camping-lariviere.com\/wp-content\/uploads\/2020\/10\/camping-la-riviere-logo.png","contentUrl":"https:\/\/camping-lariviere.com\/wp-content\/uploads\/2020\/10\/camping-la-riviere-logo.png","width":260,"height":210,"caption":"Camping La Rivi\u00e8re"},"image":{"@id":"https:\/\/camping-lariviere.com\/fr\/#\/schema\/logo\/image\/"}}]}},"_links":{"self":[{"href":"https:\/\/camping-lariviere.com\/fr\/wp-json\/wp\/v2\/pages\/6879","targetHints":{"allow":["GET"]}}],"collection":[{"href":"https:\/\/camping-lariviere.com\/fr\/wp-json\/wp\/v2\/pages"}],"about":[{"href":"https:\/\/camping-lariviere.com\/fr\/wp-json\/wp\/v2\/types\/page"}],"author":[{"embeddable":true,"href":"https:\/\/camping-lariviere.com\/fr\/wp-json\/wp\/v2\/users\/1"}],"replies":[{"embeddable":true,"href":"https:\/\/camping-lariviere.com\/fr\/wp-json\/wp\/v2\/comments?post=6879"}],"version-history":[{"count":39,"href":"https:\/\/camping-lariviere.com\/fr\/wp-json\/wp\/v2\/pages\/6879\/revisions"}],"predecessor-version":[{"id":7077,"href":"https:\/\/camping-lariviere.com\/fr\/wp-json\/wp\/v2\/pages\/6879\/revisions\/7077"}],"wp:featuredmedia":[{"embeddable":true,"href":"https:\/\/camping-lariviere.com\/fr\/wp-json\/wp\/v2\/media\/4229"}],"wp:attachment":[{"href":"https:\/\/camping-lariviere.com\/fr\/wp-json\/wp\/v2\/media?parent=6879"}],"curies":[{"name":"wp","href":"https:\/\/api.w.org\/{rel}","templated":true}]}}