{"id":6993,"date":"2024-11-19T10:27:28","date_gmt":"2024-11-19T09:27:28","guid":{"rendered":"https:\/\/camping-lariviere.com\/?page_id=6993"},"modified":"2024-11-19T10:30:04","modified_gmt":"2024-11-19T09:30:04","slug":"camping-a-la-ferme","status":"publish","type":"page","link":"https:\/\/camping-lariviere.com\/fr\/camping-a-la-ferme\/","title":{"rendered":"Camping \u00e0 la ferme dans le Lub\u00e9ron"},"content":{"rendered":"<section id=\"section-5f8ff6ff65384\"\" class=\"section bg-color2 p-b-0\" \/><div class=\"container extralarge\"><h1 class=\"element section-title center\">D\u00e9couvrir le camping \u00e0 la ferme dans le Lub\u00e9ron<\/h1><div class=\"element bloc-text justify \">\n\t<p>Vous r\u00eavez de<strong> vacances au vert<\/strong> dans le sud de la France ? De recharger les batteries au c\u0153ur de la nature ? D\u00e9couvrez notre <a href=\"https:\/\/camping-lariviere.com\/fr\/\">camping La Rivi\u00e8re 3 \u00e9toiles<\/a>, dans le parc naturel du Lub\u00e9ron ! Non seulement ce camping de Provence se situe proche du Colorado proven\u00e7al et des champs de lavande, mais il est \u00e9galement<strong> nich\u00e9 dans un cadre verdoyant<\/strong> et en bord de rivi\u00e8re ! Enfin, autre surprise qui vous attend : notre camping abrite une petite ferme avec des animaux.<br \/>\nD\u00e9couvrez sans attendre les atouts de notre <strong>camping avec ferme dans le Lub\u00e9ron<\/strong>.<\/p>\n<\/div><\/div><\/section>\n\n<section id=\"section-groupe2\"\" class=\"section bg-white p-t-0 p-b-0\" \/><div class=\"container full\"><div class=\"colonnes-wrap valign-middle \"><div class=\"element colonne w-20 p-0\"><div class=\"element images scroll-x-mobile\"><div class=\"image\"><img decoding=\"async\" src=\"https:\/\/camping-lariviere.com\/wp-content\/uploads\/2021\/03\/anes-ferme-100x94.jpg\" data-src=\"https:\/\/camping-lariviere.com\/wp-content\/uploads\/2021\/03\/anes-ferme.jpg\" alt=\"peche enfant\" class=\"images_image\" \/><\/div><\/div><div class=\"element images scroll-x-mobile\"><div class=\"image\"><img decoding=\"async\" src=\"https:\/\/camping-lariviere.com\/wp-content\/uploads\/2022\/01\/camping-riviere-peche-poisson-100x89.png\" data-src=\"https:\/\/camping-lariviere.com\/wp-content\/uploads\/2022\/01\/camping-riviere-peche-poisson.png\" alt=\"le largue villeneuve riviere\" class=\"images_image\" \/><\/div><\/div><\/div><div class=\"element colonne w-60 p-x-6\"><h2 class=\"element section-title center\">Les avantages d&rsquo;un s\u00e9jour en camping \u00e0 la ferme<\/h2><div class=\"element bloc-text center \">\n\t<p>Opter pour un s\u00e9jour en camping \u00e0 la ferme, c\u2019est choisir<strong> l\u2019authenticit\u00e9 et l\u2019aventure <\/strong>en famille ! Imaginez-vous, entour\u00e9s par la nature, loin du bruit de la ville, avec des animaux \u00e0 caresser, des champs \u00e0 arpenter et des paysages \u00e0 couper le souffle.<\/p>\n<p>Les enfants adorent d\u00e9couvrir la vie \u00e0 la ferme, nourrir les animaux et comprendre d\u2019o\u00f9 viennent leurs aliments. De quoi \u00e9veiller leur curiosit\u00e9 et leur amour de la nature !<\/p>\n<p>Et ce n\u2019est pas tout : entre balades, jeux en plein air et moments de d\u00e9tente, vous avez tout ce qu\u2019il faut pour renforcer les liens familiaux tout au long de votre s\u00e9jour en <strong>camping \u00e0 la ferme dans le Lub\u00e9ron<\/strong>.<\/p>\n<p>Le camping \u00e0 la ferme, c\u2019est l\u2019assurance d\u2019un s\u00e9jour ressour\u00e7ant, rythm\u00e9 par le chant des oiseaux et l\u2019air pur. Un vrai retour aux sources !<\/p>\n<\/div><\/div><div class=\"element colonne w-20 p-0\"><div class=\"element images scroll-x-mobile\"><div class=\"image\"><img decoding=\"async\" src=\"https:\/\/camping-lariviere.com\/wp-content\/uploads\/2020\/11\/barque-riviere-100x100.jpg\" data-src=\"https:\/\/camping-lariviere.com\/wp-content\/uploads\/2020\/11\/barque-riviere.jpg\" alt=\"barque riviere\" class=\"images_image\" Les avantages d'un s\u00e9jour en camping \u00e0 la ferme\/><\/div><\/div><div class=\"element images scroll-x-mobile\"><div class=\"image\"><img decoding=\"async\" src=\"https:\/\/camping-lariviere.com\/wp-content\/uploads\/2020\/11\/riviere-camping-100x100.jpg\" data-src=\"https:\/\/camping-lariviere.com\/wp-content\/uploads\/2020\/11\/riviere-camping.jpg\" alt=\"rivi\u00e8re camping\" class=\"images_image\" Les avantages d'un s\u00e9jour en camping \u00e0 la ferme\/><\/div><\/div><\/div><\/div><\/div><\/section>\n\n<section id=\"section-5f8ff6ff65a6c\"\" class=\"section bg-white p-t-0 p-b-0\" \/><div class=\"container full\"><div class=\"colonnes-wrap valign-middle bg-color2\"><div class=\"element colonne p-0\"><div class=\"element images scroll-x-mobile\"><div class=\"image\"><img decoding=\"async\" src=\"https:\/\/camping-lariviere.com\/wp-content\/uploads\/2020\/11\/anes-enfant-100x71.jpg\" data-src=\"https:\/\/camping-lariviere.com\/wp-content\/uploads\/2020\/11\/anes-enfant.jpg\" alt=\"peche riviere lozere\" class=\"images_image\" \/><\/div><div class=\"image\"><img decoding=\"async\" src=\"https:\/\/camping-lariviere.com\/wp-content\/uploads\/2024\/09\/provence-2479826_1920-100x67.webp\" data-src=\"https:\/\/camping-lariviere.com\/wp-content\/uploads\/2024\/09\/provence-2479826_1920.webp\" alt=\"peche camping riviere loz\u00e8re\" class=\"images_image\" \/><\/div><\/div><\/div><div class=\"element colonne p-x-10\"><h2 class=\"element section-title left\">Informations pratiques pour un s\u00e9jour r\u00e9ussi en camping \u00e0 la ferme<\/h2><div class=\"element bloc-text justify \">\n\t<p>Notre camping fera des heureux parmi vos enfants gr\u00e2ce aux <strong>animaux craquants <\/strong>qu\u2019abrite notre ferme. Admirez, caressez et observez notre \u00e2ne, notre poney et notre cochon, qui se feront un plaisir de partager de tendres moments avec vous et vos enfants.<\/p>\n<p>Dans notre<strong> camping avec ferme dans le Lub\u00e9ron<\/strong>, chaque animal a son propre caract\u00e8re, et les enfants adoreront apprendre \u00e0 les conna\u00eetre tout en les nourrissant ou en les c\u00e2linant. L&rsquo;\u00e2ne, avec sa douceur l\u00e9gendaire, vous offrira des instants calmes et apaisants, tandis que le poney, toujours curieux, interagira avec vos enfants. Le cochon, quant \u00e0 lui, ajoutera une touche d&rsquo;humour avec ses petites frasques<\/p>\n<p>Une occasion unique pour toute votre famille de vivre des <strong>moments authentiques et proches de la nature<\/strong> lors de votre s\u00e9jour en Provence !<\/p>\n<\/div><\/div><\/div><\/div><\/section>\n\n<section id=\"section-6110f83ac0169\"\" class=\"section bg-white\" \/><div class=\"container full\"><div class=\"colonnes-wrap valign-middle \"><div class=\"element colonne p-x-10\"><h2 class=\"element section-title left\">Exp\u00e9riences uniques \u00e0 vivre au c\u0153ur du Luberon<\/h2><div class=\"element bloc-text justify \">\n\t<p>Dans l\u2019enceinte de notre camping, retrouvez de <strong>nombreuses animations pour toute la famille<\/strong>. Les enfants pourront participer \u00e0 des chasses au tr\u00e9sor ou \u00e0 des olympiades o\u00f9 ils feront la connaissance d\u2019autres jeunes vacanciers. Les parents s\u2019initieront \u00e0 l\u2019\u00e9quitation ou au parapente et toute la famille passera des moments conviviaux lors des <a href=\"https:\/\/camping-lariviere.com\/fr\/services\/\">animations du soir<\/a> (soir\u00e9e piscine nocturne, quiz, karaok\u00e9s\u2026). Notre camping de Provence est \u00e9galement dot\u00e9 d\u2019une belle <a href=\"https:\/\/camping-lariviere.com\/fr\/camping-piscine-luberon\/\">piscine piscine chauff\u00e9e<\/a>, d\u2019un mini-march\u00e9 ainsi que d\u2019un espace lecture.<\/p>\n<p>Profitez de vos vacances dans notre <strong>camping avec ferme dans le Lub\u00e9ron<\/strong> pour vivre une v\u00e9ritable immersion dans la nature en Provence ! Depuis notre \u00e9tablissement, rejoignez facilement ces endroits en pleine nature :<\/p>\n<ul>\n<li><strong>Le Colorado proven\u00e7al<\/strong> : pendant les vacances, partez \u00e0 la d\u00e9couverte de ce site spectaculaire du Vaucluse, v\u00e9ritable tableau naturel aux couleurs ocre et rouge. Une balade inoubliable dans des paysages dignes du Far West !<\/li>\n<li><strong>L\u2019ascension du Mourre N\u00e8gre<\/strong> : grimpez avec vos enfants jusqu\u2019au sommet du Mourre N\u00e8gre, le point culminant du Lub\u00e9ron. Une vue panoramique sur les vall\u00e9es et montagnes alentour vous attend en r\u00e9compense !<\/li>\n<li><strong>Le Parc Naturel R\u00e9gional du Lub\u00e9ron<\/strong> : pendant votre s\u00e9jour dans notre <strong>camping avec ferme dans le Lub\u00e9ron<\/strong>, parcourez ce parc aux multiples facettes, entre for\u00eats, plateaux, animaux et villages perch\u00e9s. Vous d\u00e9couvrirez une richesse naturelle et culturelle incomparable !<\/li>\n<li><strong>Les Gorges du R\u00e9galon<\/strong> : randonnez \u00e0 travers ces gorges spectaculaires, creus\u00e9es dans la roche calcaire. Un lieu parfait en Provence pour les passionn\u00e9s de randonn\u00e9e et de sensations fortes !<\/li>\n<li><strong>Les 7 Lacs Beaumont de Pertuis<\/strong> : ces 7 lacs, au c\u0153ur de la vall\u00e9e du Calavon, vous promettent des paysages magnifiques, des baignades dans l\u2019eau fra\u00eeche et des balades en pleine nature.<\/li>\n<li><strong>Les Mines de Bruoux<\/strong> : plongez dans l\u2019histoire de Provence en visitant les anciennes mines d\u2019ocre de Bruoux, dans le Vaucluse. C\u2019est un site fascinant o\u00f9 l\u2019histoire de l\u2019exploitation mini\u00e8re se m\u00eale \u00e0 la beaut\u00e9 des lieux.<\/li>\n<\/ul>\n<p>Vos vacances en famille dans notre <strong>camping \u00e0 la ferme dans le Lub\u00e9ron <\/strong>s\u2019annoncent riches en immersion naturelle et en d\u00e9couvertes !<\/p>\n<\/div><\/div><div class=\"element colonne p-0\"><div class=\"element images scroll-x-mobile\"><div class=\"image\"><img decoding=\"async\" src=\"https:\/\/camping-lariviere.com\/wp-content\/uploads\/2021\/03\/poney-ferme-100x94.jpg\" data-src=\"https:\/\/camping-lariviere.com\/wp-content\/uploads\/2021\/03\/poney-ferme.jpg\" alt=\"poney ferme\" class=\"images_image\" Exp\u00e9riences uniques \u00e0 vivre au c\u0153ur du Luberon\/><\/div><\/div><\/div><\/div><\/div><\/section>\n\n<section id=\"section-5f8ff6ff65f07\"\" class=\"section bg-white\" \/><div class=\"container extralarge\"><ul class=\"liste-de-page\"><li class=\"element call-to-action  call-to-action--style-1 call-to-action--small\"><a href=\"https:\/\/camping-lariviere.com\/fr\/camping-greoux-les-bains\/\"  class=\"call-to-action_link\" title=\"En savoir plus sur camping gr\u00e9oux les bains\"><div class=\"call-to-action_image\"><img decoding=\"async\" src=\"https:\/\/camping-lariviere.com\/wp-content\/uploads\/2022\/02\/1_77280_04-100x56.jpg\" data-src=\"https:\/\/camping-lariviere.com\/wp-content\/uploads\/2022\/02\/1_77280_04.jpg\" alt=\"vue sur greoux les bains en provence\" class=\"small\" \/><\/div><div class=\"call-to-action_contenu\"><div class=\"call-to-action_titre\">Camping Gr\u00e9oux les Bains<\/div><\/div><\/a><\/li><li class=\"element call-to-action  call-to-action--style-1 call-to-action--small call-to-action--style-1 call-to-action--small\"><a href=\"https:\/\/camping-lariviere.com\/fr\/camping-cereste-en-luberon\/\"  class=\"call-to-action_link\" title=\"En savoir plus sur alentours : c\u00e9reste-en-lub\u00e9ron\"><div class=\"call-to-action_image\"><img decoding=\"async\" src=\"https:\/\/camping-lariviere.com\/wp-content\/uploads\/2020\/10\/camping-provence-100x46.jpg\" data-src=\"https:\/\/camping-lariviere.com\/wp-content\/uploads\/2020\/10\/camping-provence.jpg\" alt=\"Tourisme \u00e0 Apt\" class=\"small\" \/><\/div><div class=\"call-to-action_contenu\"><div class=\"call-to-action_titre\">Alentours : C\u00e9reste-en-Lub\u00e9ron<\/div><\/div><\/a><\/li><li class=\"element call-to-action  call-to-action--style-1 call-to-action--small call-to-action--style-1 call-to-action--small call-to-action--style-1 call-to-action--small\"><a href=\"https:\/\/camping-lariviere.com\/fr\/camping-oraison\/\"  class=\"call-to-action_link\" title=\"En savoir plus sur alentours : oraison\"><div class=\"call-to-action_image\"><img decoding=\"async\" src=\"https:\/\/camping-lariviere.com\/wp-content\/uploads\/2021\/12\/huile-lavande-100x32.jpg\" data-src=\"https:\/\/camping-lariviere.com\/wp-content\/uploads\/2021\/12\/huile-lavande.jpg\" alt=\"lavande\" class=\"small\" \/><\/div><div class=\"call-to-action_contenu\"><div class=\"call-to-action_titre\">Alentours : Oraison<\/div><\/div><\/a><\/li><\/ul><\/div><\/section>","protected":false},"excerpt":{"rendered":"","protected":false},"author":1,"featured_media":1554,"parent":0,"menu_order":0,"comment_status":"closed","ping_status":"closed","template":"","meta":{"_acf_changed":false,"footnotes":""},"class_list":["post-6993","page","type-page","status-publish","has-post-thumbnail","hentry"],"acf":[],"yoast_head":"<!-- This site is optimized with the Yoast SEO plugin v23.4 - https:\/\/yoast.com\/wordpress\/plugins\/seo\/ -->\n<title>Camping \u00e0 la ferme dans le Luberon - S\u00e9jour nature et authenticit\u00e9<\/title>\n<meta name=\"description\" content=\"Vivez des vacances au plus pr\u00e8s de la nature dans notre camping \u00e0 la ferme au c\u0153ur du Luberon. Convivialit\u00e9, calme et paysages proven\u00e7aux vous attendent. R\u00e9servez d\u00e8s maintenant !\" \/>\n<meta name=\"robots\" content=\"index, follow, max-snippet:-1, max-image-preview:large, max-video-preview:-1\" \/>\n<link rel=\"canonical\" href=\"https:\/\/camping-lariviere.com\/fr\/camping-a-la-ferme\/\" \/>\n<meta property=\"og:locale\" content=\"fr_FR\" \/>\n<meta property=\"og:type\" content=\"article\" \/>\n<meta property=\"og:title\" content=\"Camping \u00e0 la ferme dans le Luberon - S\u00e9jour nature et authenticit\u00e9\" \/>\n<meta property=\"og:description\" content=\"Vivez des vacances au plus pr\u00e8s de la nature dans notre camping \u00e0 la ferme au c\u0153ur du Luberon. Convivialit\u00e9, calme et paysages proven\u00e7aux vous attendent. R\u00e9servez d\u00e8s maintenant !\" \/>\n<meta property=\"og:url\" content=\"https:\/\/camping-lariviere.com\/fr\/camping-a-la-ferme\/\" \/>\n<meta property=\"og:site_name\" content=\"Camping la Rivi\u00e8re\" \/>\n<meta property=\"article:modified_time\" content=\"2024-11-19T09:30:04+00:00\" \/>\n<meta property=\"og:image\" content=\"https:\/\/camping-lariviere.com\/wp-content\/uploads\/2020\/10\/peche-enfant-2.jpg\" \/>\n\t<meta property=\"og:image:width\" content=\"1903\" \/>\n\t<meta property=\"og:image:height\" content=\"450\" \/>\n\t<meta property=\"og:image:type\" content=\"image\/jpeg\" \/>\n<meta name=\"twitter:card\" content=\"summary_large_image\" \/>\n<meta name=\"twitter:label1\" content=\"Dur\u00e9e de lecture estim\u00e9e\" \/>\n\t<meta name=\"twitter:data1\" content=\"1 minute\" \/>\n<script type=\"application\/ld+json\" class=\"yoast-schema-graph\">{\"@context\":\"https:\/\/schema.org\",\"@graph\":[{\"@type\":\"WebPage\",\"@id\":\"https:\/\/camping-lariviere.com\/fr\/camping-a-la-ferme\/\",\"url\":\"https:\/\/camping-lariviere.com\/fr\/camping-a-la-ferme\/\",\"name\":\"Camping \u00e0 la ferme dans le Luberon - S\u00e9jour nature et authenticit\u00e9\",\"isPartOf\":{\"@id\":\"https:\/\/camping-lariviere.com\/fr\/#website\"},\"primaryImageOfPage\":{\"@id\":\"https:\/\/camping-lariviere.com\/fr\/camping-a-la-ferme\/#primaryimage\"},\"image\":{\"@id\":\"https:\/\/camping-lariviere.com\/fr\/camping-a-la-ferme\/#primaryimage\"},\"thumbnailUrl\":\"https:\/\/camping-lariviere.com\/wp-content\/uploads\/2020\/10\/peche-enfant-2.jpg\",\"datePublished\":\"2024-11-19T09:27:28+00:00\",\"dateModified\":\"2024-11-19T09:30:04+00:00\",\"description\":\"Vivez des vacances au plus pr\u00e8s de la nature dans notre camping \u00e0 la ferme au c\u0153ur du Luberon. Convivialit\u00e9, calme et paysages proven\u00e7aux vous attendent. R\u00e9servez d\u00e8s maintenant !\",\"breadcrumb\":{\"@id\":\"https:\/\/camping-lariviere.com\/fr\/camping-a-la-ferme\/#breadcrumb\"},\"inLanguage\":\"fr-FR\",\"potentialAction\":[{\"@type\":\"ReadAction\",\"target\":[\"https:\/\/camping-lariviere.com\/fr\/camping-a-la-ferme\/\"]}]},{\"@type\":\"ImageObject\",\"inLanguage\":\"fr-FR\",\"@id\":\"https:\/\/camping-lariviere.com\/fr\/camping-a-la-ferme\/#primaryimage\",\"url\":\"https:\/\/camping-lariviere.com\/wp-content\/uploads\/2020\/10\/peche-enfant-2.jpg\",\"contentUrl\":\"https:\/\/camping-lariviere.com\/wp-content\/uploads\/2020\/10\/peche-enfant-2.jpg\",\"width\":1903,\"height\":450,\"caption\":\"camping Banon\"},{\"@type\":\"BreadcrumbList\",\"@id\":\"https:\/\/camping-lariviere.com\/fr\/camping-a-la-ferme\/#breadcrumb\",\"itemListElement\":[{\"@type\":\"ListItem\",\"position\":1,\"name\":\"Camping Luberon\",\"item\":\"https:\/\/camping-lariviere.com\/fr\/\"},{\"@type\":\"ListItem\",\"position\":2,\"name\":\"Camping \u00e0 la ferme dans le Lub\u00e9ron\"}]},{\"@type\":\"WebSite\",\"@id\":\"https:\/\/camping-lariviere.com\/fr\/#website\",\"url\":\"https:\/\/camping-lariviere.com\/fr\/\",\"name\":\"Camping la Rivi\u00e8re\",\"description\":\"\",\"publisher\":{\"@id\":\"https:\/\/camping-lariviere.com\/fr\/#organization\"},\"potentialAction\":[{\"@type\":\"SearchAction\",\"target\":{\"@type\":\"EntryPoint\",\"urlTemplate\":\"https:\/\/camping-lariviere.com\/fr\/?s={search_term_string}\"},\"query-input\":{\"@type\":\"PropertyValueSpecification\",\"valueRequired\":true,\"valueName\":\"search_term_string\"}}],\"inLanguage\":\"fr-FR\"},{\"@type\":\"Organization\",\"@id\":\"https:\/\/camping-lariviere.com\/fr\/#organization\",\"name\":\"Camping La Rivi\u00e8re\",\"url\":\"https:\/\/camping-lariviere.com\/fr\/\",\"logo\":{\"@type\":\"ImageObject\",\"inLanguage\":\"fr-FR\",\"@id\":\"https:\/\/camping-lariviere.com\/fr\/#\/schema\/logo\/image\/\",\"url\":\"https:\/\/camping-lariviere.com\/wp-content\/uploads\/2020\/10\/camping-la-riviere-logo.png\",\"contentUrl\":\"https:\/\/camping-lariviere.com\/wp-content\/uploads\/2020\/10\/camping-la-riviere-logo.png\",\"width\":260,\"height\":210,\"caption\":\"Camping La Rivi\u00e8re\"},\"image\":{\"@id\":\"https:\/\/camping-lariviere.com\/fr\/#\/schema\/logo\/image\/\"}}]}<\/script>\n<!-- \/ Yoast SEO plugin. -->","yoast_head_json":{"title":"Camping \u00e0 la ferme dans le Luberon - S\u00e9jour nature et authenticit\u00e9","description":"Vivez des vacances au plus pr\u00e8s de la nature dans notre camping \u00e0 la ferme au c\u0153ur du Luberon. Convivialit\u00e9, calme et paysages proven\u00e7aux vous attendent. R\u00e9servez d\u00e8s maintenant !","robots":{"index":"index","follow":"follow","max-snippet":"max-snippet:-1","max-image-preview":"max-image-preview:large","max-video-preview":"max-video-preview:-1"},"canonical":"https:\/\/camping-lariviere.com\/fr\/camping-a-la-ferme\/","og_locale":"fr_FR","og_type":"article","og_title":"Camping \u00e0 la ferme dans le Luberon - S\u00e9jour nature et authenticit\u00e9","og_description":"Vivez des vacances au plus pr\u00e8s de la nature dans notre camping \u00e0 la ferme au c\u0153ur du Luberon. Convivialit\u00e9, calme et paysages proven\u00e7aux vous attendent. R\u00e9servez d\u00e8s maintenant !","og_url":"https:\/\/camping-lariviere.com\/fr\/camping-a-la-ferme\/","og_site_name":"Camping la Rivi\u00e8re","article_modified_time":"2024-11-19T09:30:04+00:00","og_image":[{"width":1903,"height":450,"url":"https:\/\/camping-lariviere.com\/wp-content\/uploads\/2020\/10\/peche-enfant-2.jpg","type":"image\/jpeg"}],"twitter_card":"summary_large_image","twitter_misc":{"Dur\u00e9e de lecture estim\u00e9e":"1 minute"},"schema":{"@context":"https:\/\/schema.org","@graph":[{"@type":"WebPage","@id":"https:\/\/camping-lariviere.com\/fr\/camping-a-la-ferme\/","url":"https:\/\/camping-lariviere.com\/fr\/camping-a-la-ferme\/","name":"Camping \u00e0 la ferme dans le Luberon - S\u00e9jour nature et authenticit\u00e9","isPartOf":{"@id":"https:\/\/camping-lariviere.com\/fr\/#website"},"primaryImageOfPage":{"@id":"https:\/\/camping-lariviere.com\/fr\/camping-a-la-ferme\/#primaryimage"},"image":{"@id":"https:\/\/camping-lariviere.com\/fr\/camping-a-la-ferme\/#primaryimage"},"thumbnailUrl":"https:\/\/camping-lariviere.com\/wp-content\/uploads\/2020\/10\/peche-enfant-2.jpg","datePublished":"2024-11-19T09:27:28+00:00","dateModified":"2024-11-19T09:30:04+00:00","description":"Vivez des vacances au plus pr\u00e8s de la nature dans notre camping \u00e0 la ferme au c\u0153ur du Luberon. Convivialit\u00e9, calme et paysages proven\u00e7aux vous attendent. R\u00e9servez d\u00e8s maintenant !","breadcrumb":{"@id":"https:\/\/camping-lariviere.com\/fr\/camping-a-la-ferme\/#breadcrumb"},"inLanguage":"fr-FR","potentialAction":[{"@type":"ReadAction","target":["https:\/\/camping-lariviere.com\/fr\/camping-a-la-ferme\/"]}]},{"@type":"ImageObject","inLanguage":"fr-FR","@id":"https:\/\/camping-lariviere.com\/fr\/camping-a-la-ferme\/#primaryimage","url":"https:\/\/camping-lariviere.com\/wp-content\/uploads\/2020\/10\/peche-enfant-2.jpg","contentUrl":"https:\/\/camping-lariviere.com\/wp-content\/uploads\/2020\/10\/peche-enfant-2.jpg","width":1903,"height":450,"caption":"camping Banon"},{"@type":"BreadcrumbList","@id":"https:\/\/camping-lariviere.com\/fr\/camping-a-la-ferme\/#breadcrumb","itemListElement":[{"@type":"ListItem","position":1,"name":"Camping Luberon","item":"https:\/\/camping-lariviere.com\/fr\/"},{"@type":"ListItem","position":2,"name":"Camping \u00e0 la ferme dans le Lub\u00e9ron"}]},{"@type":"WebSite","@id":"https:\/\/camping-lariviere.com\/fr\/#website","url":"https:\/\/camping-lariviere.com\/fr\/","name":"Camping la Rivi\u00e8re","description":"","publisher":{"@id":"https:\/\/camping-lariviere.com\/fr\/#organization"},"potentialAction":[{"@type":"SearchAction","target":{"@type":"EntryPoint","urlTemplate":"https:\/\/camping-lariviere.com\/fr\/?s={search_term_string}"},"query-input":{"@type":"PropertyValueSpecification","valueRequired":true,"valueName":"search_term_string"}}],"inLanguage":"fr-FR"},{"@type":"Organization","@id":"https:\/\/camping-lariviere.com\/fr\/#organization","name":"Camping La Rivi\u00e8re","url":"https:\/\/camping-lariviere.com\/fr\/","logo":{"@type":"ImageObject","inLanguage":"fr-FR","@id":"https:\/\/camping-lariviere.com\/fr\/#\/schema\/logo\/image\/","url":"https:\/\/camping-lariviere.com\/wp-content\/uploads\/2020\/10\/camping-la-riviere-logo.png","contentUrl":"https:\/\/camping-lariviere.com\/wp-content\/uploads\/2020\/10\/camping-la-riviere-logo.png","width":260,"height":210,"caption":"Camping La Rivi\u00e8re"},"image":{"@id":"https:\/\/camping-lariviere.com\/fr\/#\/schema\/logo\/image\/"}}]}},"_links":{"self":[{"href":"https:\/\/camping-lariviere.com\/fr\/wp-json\/wp\/v2\/pages\/6993","targetHints":{"allow":["GET"]}}],"collection":[{"href":"https:\/\/camping-lariviere.com\/fr\/wp-json\/wp\/v2\/pages"}],"about":[{"href":"https:\/\/camping-lariviere.com\/fr\/wp-json\/wp\/v2\/types\/page"}],"author":[{"embeddable":true,"href":"https:\/\/camping-lariviere.com\/fr\/wp-json\/wp\/v2\/users\/1"}],"replies":[{"embeddable":true,"href":"https:\/\/camping-lariviere.com\/fr\/wp-json\/wp\/v2\/comments?post=6993"}],"version-history":[{"count":11,"href":"https:\/\/camping-lariviere.com\/fr\/wp-json\/wp\/v2\/pages\/6993\/revisions"}],"predecessor-version":[{"id":7011,"href":"https:\/\/camping-lariviere.com\/fr\/wp-json\/wp\/v2\/pages\/6993\/revisions\/7011"}],"wp:featuredmedia":[{"embeddable":true,"href":"https:\/\/camping-lariviere.com\/fr\/wp-json\/wp\/v2\/media\/1554"}],"wp:attachment":[{"href":"https:\/\/camping-lariviere.com\/fr\/wp-json\/wp\/v2\/media?parent=6993"}],"curies":[{"name":"wp","href":"https:\/\/api.w.org\/{rel}","templated":true}]}}