{"id":7163,"date":"2025-02-25T11:58:01","date_gmt":"2025-02-25T10:58:01","guid":{"rendered":"https:\/\/camping-lariviere.com\/?page_id=7163"},"modified":"2025-11-26T13:56:06","modified_gmt":"2025-11-26T12:56:06","slug":"location-hebergement-premium-plus-luberon","status":"publish","type":"page","link":"https:\/\/camping-lariviere.com\/fr\/location-hebergement-premium-plus-luberon\/","title":{"rendered":"H\u00e9bergements : Premium +"},"content":{"rendered":"<section id=\"section-67bda239c75a2\"\" class=\"section bg-color2 p-b-0\" \/><div class=\"container extralarge\"><h1 class=\"element section-title center\">Location d\u2019h\u00e9bergements dans le Luberon avec services Premium +<\/h1><div class=\"element bloc-text justify \">\n\t<p><span style=\"font-weight: 400;\">Passez des vacances reposantes dans le luxe d\u2019un mobil-home haut de gamme en Provence ! La Rivi\u00e8re, <\/span><span style=\"font-weight: 400;\"><a href=\"https:\/\/camping-lariviere.com\/fr\/\">camping dans le Luberon<\/a><\/span><span style=\"font-weight: 400;\">, vous invite \u00e0 d\u00e9couvrir ses locations <\/span><span style=\"font-weight: 400;\">d\u2019h\u00e9bergements dans le Luberon avec <\/span><b>services Premium +<\/b><span style=\"font-weight: 400;\">. Profitez d\u2019espace, de confort, de design et de <\/span><b>prestations de luxe<\/b><span style=\"font-weight: 400;\"> au quotidien durant vos vacances au pays de la lavande !<\/span><\/p>\n<\/div><\/div><\/section>\n\n<section id=\"section-67bda239c7659\"\" class=\"section bg-white\" \/><div class=\"container extralarge\"><div class=\"filtres\"><div class=\"button-group\" data-filter-group=\".nombre-de-chambres\"><div class=\"button-group-title\">Nombre de chambres<\/div><button data-filter=\"\" class=\"button active group-all\">Tous<\/button><button data-filter=\".nombre-de-chambres-3\" class=\"button\">3 <\/button><button data-filter=\".nombre-de-chambres-2\" class=\"button\">2 <\/button><\/div><div class=\"button-group\" data-filter-group=\".nombre-de-personnes\"><div class=\"button-group-title\">Nombre de personnes<\/div><button data-filter=\"\" class=\"button active group-all\">Tous<\/button><button data-filter=\".nombre-de-personnes-6-7\" class=\"button\">6-7 <\/button><button data-filter=\".nombre-de-personnes-4-6\" class=\"button\">4-6 <\/button><button data-filter=\".nombre-de-personnes-4-5\" class=\"button\">4-5 <\/button><\/div><\/div><ul class=\"liste-de-page hebergements\"><div class=\"row\"><li class=\"element hebergement call-to-action call-to-action--style-2   nombre-de-chambres-3 nombre-de-personnes-6-7 superficie-35 climatisation-- tv--\"><div class=\"hebergement_link\" id=\"7211\"><div class=\"call-to-action_image\"><img decoding=\"async\" src=\"https:\/\/camping-lariviere.com\/wp-content\/uploads\/2023\/12\/mh-premium-35-cta.jpg\" data-src=\"https:\/\/camping-lariviere.com\/wp-content\/uploads\/2023\/12\/mh-premium-35-cta.jpg\" alt=\"mh-premium-35-cta\" class=\"\" \/><\/div><div class=\"call-to-action_contenu\"><div class=\"call-to-action_titre\">MOBIL HOME PREMIUM + 6\/7 PERS<\/div><\/div><div class=\"hebergement-attributs\"><span class=\"attribut nombre-de-chambres\">3 <\/span><span class=\"attribut nombre-de-personnes\">6-7 <\/span><span class=\"attribut superficie\">35m\u00b2<\/span><span class=\"attribut climatisation\">  <\/span><span class=\"attribut tv\">  <\/span><\/div><\/div><\/li><li class=\"element hebergement call-to-action call-to-action--style-2   nombre-de-chambres-2 nombre-de-personnes-4-6 superficie-695 climatisation-- tv--\"><div class=\"hebergement_link\" id=\"7222\"><div class=\"call-to-action_image\"><img decoding=\"async\" src=\"https:\/\/camping-lariviere.com\/wp-content\/uploads\/2021\/10\/riviere-badiane-ext.jpg\" data-src=\"https:\/\/camping-lariviere.com\/wp-content\/uploads\/2021\/10\/riviere-badiane-ext.jpg\" alt=\"riviere-badiane-ext\" class=\"\" \/><\/div><div class=\"call-to-action_contenu\"><div class=\"call-to-action_titre\">Chalet Badiane premium + 4\/6 pers<\/div><\/div><div class=\"hebergement-attributs\"><span class=\"attribut nombre-de-chambres\">2 <\/span><span class=\"attribut nombre-de-personnes\">4-6 <\/span><span class=\"attribut superficie\">69.5m\u00b2<\/span><span class=\"attribut climatisation\">  <\/span><span class=\"attribut tv\">  <\/span><\/div><\/div><\/li><li class=\"element hebergement call-to-action call-to-action--style-2   nombre-de-chambres-2 nombre-de-personnes-4-5 superficie-40 climatisation-- tv--\"><div class=\"hebergement_link\" id=\"7231\"><div class=\"call-to-action_image\"><img decoding=\"async\" src=\"https:\/\/camping-lariviere.com\/wp-content\/uploads\/2020\/10\/mh-premium-4-5-cta.jpg\" data-src=\"https:\/\/camping-lariviere.com\/wp-content\/uploads\/2020\/10\/mh-premium-4-5-cta.jpg\" alt=\"mh-premium-4-5-cta\" class=\"\" \/><\/div><div class=\"call-to-action_contenu\"><div class=\"call-to-action_titre\">Mobil-home premium + 4\/5 pers<\/div><\/div><div class=\"hebergement-attributs\"><span class=\"attribut nombre-de-chambres\">2 <\/span><span class=\"attribut nombre-de-personnes\">4-5 <\/span><span class=\"attribut superficie\">40m\u00b2<\/span><span class=\"attribut climatisation\">  <\/span><span class=\"attribut tv\">  <\/span><\/div><\/div><\/li><\/div><\/ul><\/div><\/section>\n\n<section id=\"section-67bda239c778c\"\" class=\"section bg-white p-t-0 p-b-0\" \/><div class=\"container full\"><div class=\"colonnes-wrap valign-middle \"><div class=\"element colonne w-20 p-0\"><div class=\"element images scroll-x-mobile\"><div class=\"image\"><img decoding=\"async\" src=\"https:\/\/camping-lariviere.com\/wp-content\/uploads\/2021\/10\/riviere-badiane-ext-100x76.jpg\" data-src=\"https:\/\/camping-lariviere.com\/wp-content\/uploads\/2021\/10\/riviere-badiane-ext.jpg\" alt=\"riviere-badiane-ext\" class=\"images_image\" \/><\/div><\/div><\/div><div class=\"element colonne w-60 p-x-6\"><h2 class=\"element section-title center\">Louez un mobil-home Premium + en Provence<\/h2><div class=\"element bloc-text center \">\n\t<p><span style=\"font-weight: 400;\">Avec 35 \u00e0 40 m\u00b2 de surface int\u00e9rieure ouvrant sur une vaste terrasse, nos mobil-homes Premium + sont les plus <\/span><b>spacieux<\/b><span style=\"font-weight: 400;\"> de nos h\u00e9bergements en Provence. Vous les <\/span><span style=\"font-weight: 400;\">trouverez d\u00e9clin\u00e9s avec <\/span><b>2 chambres pour 4 \u00e0 5 personnes<\/b><span style=\"font-weight: 400;\">, et avec <\/span><b>3 chambres pour 6 \u00e0 7 personnes<\/b><span style=\"font-weight: 400;\">.<\/span><\/p>\n<p><span style=\"font-weight: 400;\">Pour votre confort au quotidien, savourez le confort de deux salles d\u2019eau (dans les mobil-homes 2 chambres). Votre h\u00e9bergement Premium+ dans le Luberon vous offre aussi de beaux volumes, une d\u00e9coration moderne et du mobilier de qualit\u00e9.<\/span><\/p>\n<p><span style=\"font-weight: 400;\">Des <\/span><b>\u00e9quipements haut de gamme<\/b><span style=\"font-weight: 400;\"> vous garantissent des vacances sereines. Parmi eux, la climatisation, la t\u00e9l\u00e9vision, le lave-vaisselle, la plancha, et jusqu\u2019aux chaises longues sur la terrasse !<\/span><\/p>\n<\/div><\/div><div class=\"element colonne w-20 p-0\"><div class=\"element images scroll-x-mobile\"><div class=\"image\"><img decoding=\"async\" src=\"https:\/\/camping-lariviere.com\/wp-content\/uploads\/2020\/10\/mh-premium-4-5-ext-100x75.jpg\" data-src=\"https:\/\/camping-lariviere.com\/wp-content\/uploads\/2020\/10\/mh-premium-4-5-ext.jpg\" alt=\"mh-premium-4-5-ext\" class=\"images_image\" Louez un mobil-home Premium + en Provence\/><\/div><\/div><\/div><\/div><\/div><\/section>\n\n<section id=\"section-67bda239c7895\"\" class=\"section bg-white p-t-0 p-b-0\" \/><div class=\"container full\"><div class=\"colonnes-wrap valign-middle bg-color2\"><div class=\"element colonne p-0\"><div class=\"element images scroll-x-mobile\"><div class=\"image\"><img decoding=\"async\" src=\"https:\/\/camping-lariviere.com\/wp-content\/uploads\/2021\/10\/riviere-badiane-mh-100x76.jpg\" data-src=\"https:\/\/camping-lariviere.com\/wp-content\/uploads\/2021\/10\/riviere-badiane-mh.jpg\" alt=\"mobil home 12 personnnes luberon\" class=\"images_image\" \/><\/div><\/div><\/div><div class=\"element colonne p-x-10\"><h2 class=\"element section-title left\">Chalet Premium + \u00e0 louer dans le Luberon<\/h2><div class=\"element bloc-text justify \">\n\t<p><span style=\"font-weight: 400;\">Envie de vacances vraiment ressour\u00e7antes ? Optez pour la location d\u2019un h\u00e9bergement Premium + en Provence et laissez-vous gagner par l\u2019\u00e9vasion ! D\u00e9couvrez nos <\/span><b>chalets Badiane Premium + pour 4 \u00e0 6 personnes<\/b><span style=\"font-weight: 400;\"> : des r\u00e9sidences de vacances \u00e0 l\u2019architecture de charme, con\u00e7ues pour vous faire aussi profiter du plein air.<\/span><\/p>\n<p><span style=\"font-weight: 400;\">En int\u00e9rieur, 35 m\u00b2 d\u2019espace \u00e0 vivre et des <\/span><b>\u00e9quipements de luxe<\/b><span style=\"font-weight: 400;\"> dans une d\u00e9coration chaleureuse : v\u00e9ritable cocon pour vos retours d\u2019exp\u00e9dition !<\/span><\/p>\n<p><span style=\"font-weight: 400;\">En ext\u00e9rieur, une vaste terrasse de 19 m\u00b2 o\u00f9 prendre des bains de soleil, partager une soir\u00e9e autour de la plancha ou faire une sieste \u00e0 l\u2019ombre d\u2019une voile.<\/span><\/p>\n<\/div><\/div><\/div><\/div><\/section>\n\n<section id=\"section-67bda239c799d\"\" class=\"section bg-white p-t-0\" \/><div class=\"container full\"><div class=\"colonnes-wrap valign-middle \"><div class=\"element colonne p-x-10\"><h2 class=\"element section-title left\">Prestations Premium + pour votre location d\u2019h\u00e9bergement en Provence<\/h2><div class=\"element bloc-text left \">\n\t<p><span style=\"font-weight: 400;\">Avec notre r\u00e9cente cat\u00e9gorie Premium +, retrouvez tous les avantages de la gamme Premium enrichis de <\/span><b>nouvelles prestations de confort <\/b><span style=\"font-weight: 400;\">! Vivez des vacances haut\u00a0 de gamme dans le Luberon en profitant :<\/span><\/p>\n<ul>\n<li style=\"font-weight: 400;\" aria-level=\"1\"><span style=\"font-weight: 400;\">De lits faits \u00e0 votre arriv\u00e9e<\/span><\/li>\n<li style=\"font-weight: 400;\" aria-level=\"1\"><span style=\"font-weight: 400;\">D\u2019un plateau d\u2019accueil<\/span><\/li>\n<li style=\"font-weight: 400;\" aria-level=\"1\"><span style=\"font-weight: 400;\">D\u2019un kit de nettoyage<\/span><\/li>\n<li style=\"font-weight: 400;\" aria-level=\"1\"><span style=\"font-weight: 400;\">D\u2019un kit de serviettes et tapis de bains pour chacun<\/span><\/li>\n<li style=\"font-weight: 400;\" aria-level=\"1\"><span style=\"font-weight: 400;\">De produits d&rsquo;accueil pour votre salle de bains (shampoing et gel douche)<\/span><\/li>\n<li style=\"font-weight: 400;\" aria-level=\"1\"><span style=\"font-weight: 400;\">Du m\u00e9nage de fin de s\u00e9jour inclus<\/span><\/li>\n<li style=\"font-weight: 400;\" aria-level=\"1\"><span style=\"font-weight: 400;\">D\u2019un lit b\u00e9b\u00e9 gratuitement sur demande<\/span><\/li>\n<\/ul>\n<\/div><\/div><div class=\"element colonne p-0\"><div class=\"element images scroll-x-mobile\"><div class=\"image\"><img decoding=\"async\" src=\"https:\/\/camping-lariviere.com\/wp-content\/uploads\/2023\/12\/mh-premium-35-ext-100x76.jpg\" data-src=\"https:\/\/camping-lariviere.com\/wp-content\/uploads\/2023\/12\/mh-premium-35-ext.jpg\" alt=\"mobil-homes\" class=\"images_image\" Prestations Premium + pour votre location d\u2019h\u00e9bergement en Provence\/><\/div><\/div><\/div><\/div><\/div><\/section>\n\n<section id=\"section-67bda239c7aa5\"\" class=\"section bg-white p-t-0 p-b-0\" \/><div class=\"container full\"><div class=\"colonnes-wrap valign-middle bg-color2\"><div class=\"element colonne p-0\"><div class=\"element images scroll-x-mobile\"><div class=\"image\"><img decoding=\"async\" src=\"https:\/\/camping-lariviere.com\/wp-content\/uploads\/2021\/10\/riviere-badiane-transat-100x76.jpg\" data-src=\"https:\/\/camping-lariviere.com\/wp-content\/uploads\/2021\/10\/riviere-badiane-transat.jpg\" alt=\"riviere-badiane-transat\" class=\"images_image\" \/><\/div><\/div><\/div><div class=\"element colonne p-x-10\"><h2 class=\"element section-title left\">H\u00e9bergement premium pour vacances sereines dans le Parc naturel du Luberon<\/h2><div class=\"element bloc-text justify \">\n\t<p><span style=\"font-weight: 400;\">Dans un h\u00e9bergement spacieux et confortable, au sein d\u2019un <\/span><span style=\"font-weight: 400;\"><a href=\"https:\/\/camping-lariviere.com\/fr\/camping-haut-de-gamme\/\">camping luxe en Provence <\/a><\/span><span style=\"font-weight: 400;\">proposant des <\/span><b>\u00e9quipements et prestations d\u2019exception<\/b><span style=\"font-weight: 400;\">, vous disposez des meilleures conditions de confort pour profiter de vos vacances dans le Luberon.<\/span><\/p>\n<p><span style=\"font-weight: 400;\">Les services Premium + sont pens\u00e9s pour vous lib\u00e9rer de toutes contraintes et pr\u00e9occupations durant votre s\u00e9jour. L\u2019assurance de vacances sereines et pleinement r\u00e9g\u00e9n\u00e9rantes. Go\u00fbtez au plaisir de vous reposer dans l\u2019une de nos locations Premium + au c\u0153ur du parc naturel r\u00e9gional du Luberon !<\/span><\/p>\n<\/div><\/div><\/div><\/div><\/section>\n\n<section id=\"section-681a229815a66\"\" class=\"section bg-white\" \/><div class=\"container extralarge\"><div class=\"element section-title center title-cta\">D\u00e9couvrez les autres locations du camping<\/div><ul class=\"liste-de-page\"><li class=\"element call-to-action center title-cta call-to-action--style-1 call-to-action--big\"><a href=\"https:\/\/camping-lariviere.com\/fr\/location-mobil-home-luberon\/\"  class=\"call-to-action_link\" title=\"En savoir plus sur nos mobil homes\"><div class=\"call-to-action_image\"><img decoding=\"async\" src=\"https:\/\/camping-lariviere.com\/wp-content\/uploads\/2020\/10\/location-camping-mobil-home-100x65.jpg\" data-src=\"https:\/\/camping-lariviere.com\/wp-content\/uploads\/2020\/10\/location-camping-mobil-home.jpg\" alt=\"location camping mobil home\" class=\"big\" \/><\/div><div class=\"call-to-action_contenu\"><div class=\"call-to-action_titre\">Nos mobil homes<\/div><\/div><\/a><\/li><li class=\"element call-to-action center title-cta call-to-action--style-1 call-to-action--big call-to-action--style-1 call-to-action--big\"><a href=\"https:\/\/camping-lariviere.com\/fr\/camping-pas-cher-luberon\/\"  class=\"call-to-action_link\" title=\"En savoir plus sur nos tarifs\"><div class=\"call-to-action_image\"><img decoding=\"async\" src=\"https:\/\/camping-lariviere.com\/wp-content\/uploads\/2020\/10\/camping-la-riviere-cta-tarifs-89x100.jpg\" data-src=\"https:\/\/camping-lariviere.com\/wp-content\/uploads\/2020\/10\/camping-la-riviere-cta-tarifs.jpg\" alt=\"tarifs camping la rivi\u00e8re\" class=\"big\" \/><\/div><div class=\"call-to-action_contenu\"><div class=\"call-to-action_titre\">Nos tarifs<\/div><\/div><\/a><\/li><li class=\"element call-to-action center title-cta call-to-action--style-1 call-to-action--big call-to-action--style-1 call-to-action--big call-to-action--style-1 call-to-action--big\"><a href=\"https:\/\/camping-lariviere.com\/fr\/location-chalet-luberon\/\"  class=\"call-to-action_link\" title=\"En savoir plus sur nos chalets\"><div class=\"call-to-action_image\"><img decoding=\"async\" src=\"https:\/\/camping-lariviere.com\/wp-content\/uploads\/2021\/10\/cta-chalet-100x54.jpg\" data-src=\"https:\/\/camping-lariviere.com\/wp-content\/uploads\/2021\/10\/cta-chalet.jpg\" alt=\"Chalet\" class=\"big\" \/><\/div><div class=\"call-to-action_contenu\"><div class=\"call-to-action_titre\">Nos chalets<\/div><\/div><\/a><\/li><li class=\"element call-to-action center title-cta call-to-action--style-1 call-to-action--big call-to-action--style-1 call-to-action--big call-to-action--style-1 call-to-action--big call-to-action--style-1 call-to-action--big\"><a href=\"https:\/\/camping-lariviere.com\/fr\/location-insolite-luberon\/\"  class=\"call-to-action_link\" title=\"En savoir plus sur nos atypiques\"><div class=\"call-to-action_image\"><img decoding=\"async\" src=\"https:\/\/camping-lariviere.com\/wp-content\/uploads\/2021\/10\/cta-atypique-100x54.jpg\" data-src=\"https:\/\/camping-lariviere.com\/wp-content\/uploads\/2021\/10\/cta-atypique.jpg\" alt=\"Chalet logement insolite\" class=\"big\" \/><\/div><div class=\"call-to-action_contenu\"><div class=\"call-to-action_titre\">Nos atypiques<\/div><\/div><\/a><\/li><\/ul><\/div><\/section>","protected":false},"excerpt":{"rendered":"","protected":false},"author":1,"featured_media":0,"parent":0,"menu_order":0,"comment_status":"closed","ping_status":"closed","template":"","meta":{"_acf_changed":false,"footnotes":""},"class_list":["post-7163","page","type-page","status-publish","hentry"],"acf":[],"yoast_head":"<!-- This site is optimized with the Yoast SEO plugin v23.4 - https:\/\/yoast.com\/wordpress\/plugins\/seo\/ -->\n<title>Location h\u00e9bergement Luberon | Services Premium + en Provence<\/title>\n<meta name=\"robots\" content=\"index, follow, max-snippet:-1, max-image-preview:large, max-video-preview:-1\" \/>\n<link rel=\"canonical\" href=\"https:\/\/camping-lariviere.com\/fr\/location-hebergement-premium-plus-luberon\/\" \/>\n<meta property=\"og:locale\" content=\"fr_FR\" \/>\n<meta property=\"og:type\" content=\"article\" \/>\n<meta property=\"og:title\" content=\"Location h\u00e9bergement Luberon | Services Premium + en Provence\" \/>\n<meta property=\"og:url\" content=\"https:\/\/camping-lariviere.com\/fr\/location-hebergement-premium-plus-luberon\/\" \/>\n<meta property=\"og:site_name\" content=\"Camping la Rivi\u00e8re\" \/>\n<meta property=\"article:modified_time\" content=\"2025-11-26T12:56:06+00:00\" \/>\n<meta name=\"twitter:card\" content=\"summary_large_image\" \/>\n<script type=\"application\/ld+json\" class=\"yoast-schema-graph\">{\"@context\":\"https:\/\/schema.org\",\"@graph\":[{\"@type\":\"WebPage\",\"@id\":\"https:\/\/camping-lariviere.com\/fr\/location-hebergement-premium-plus-luberon\/\",\"url\":\"https:\/\/camping-lariviere.com\/fr\/location-hebergement-premium-plus-luberon\/\",\"name\":\"Location h\u00e9bergement Luberon | Services Premium + en Provence\",\"isPartOf\":{\"@id\":\"https:\/\/camping-lariviere.com\/fr\/#website\"},\"datePublished\":\"2025-02-25T10:58:01+00:00\",\"dateModified\":\"2025-11-26T12:56:06+00:00\",\"breadcrumb\":{\"@id\":\"https:\/\/camping-lariviere.com\/fr\/location-hebergement-premium-plus-luberon\/#breadcrumb\"},\"inLanguage\":\"fr-FR\",\"potentialAction\":[{\"@type\":\"ReadAction\",\"target\":[\"https:\/\/camping-lariviere.com\/fr\/location-hebergement-premium-plus-luberon\/\"]}]},{\"@type\":\"BreadcrumbList\",\"@id\":\"https:\/\/camping-lariviere.com\/fr\/location-hebergement-premium-plus-luberon\/#breadcrumb\",\"itemListElement\":[{\"@type\":\"ListItem\",\"position\":1,\"name\":\"Camping Luberon\",\"item\":\"https:\/\/camping-lariviere.com\/fr\/\"},{\"@type\":\"ListItem\",\"position\":2,\"name\":\"H\u00e9bergements Premium + en Provence\"}]},{\"@type\":\"WebSite\",\"@id\":\"https:\/\/camping-lariviere.com\/fr\/#website\",\"url\":\"https:\/\/camping-lariviere.com\/fr\/\",\"name\":\"Camping la Rivi\u00e8re\",\"description\":\"\",\"publisher\":{\"@id\":\"https:\/\/camping-lariviere.com\/fr\/#organization\"},\"potentialAction\":[{\"@type\":\"SearchAction\",\"target\":{\"@type\":\"EntryPoint\",\"urlTemplate\":\"https:\/\/camping-lariviere.com\/fr\/?s={search_term_string}\"},\"query-input\":{\"@type\":\"PropertyValueSpecification\",\"valueRequired\":true,\"valueName\":\"search_term_string\"}}],\"inLanguage\":\"fr-FR\"},{\"@type\":\"Organization\",\"@id\":\"https:\/\/camping-lariviere.com\/fr\/#organization\",\"name\":\"Camping La Rivi\u00e8re\",\"url\":\"https:\/\/camping-lariviere.com\/fr\/\",\"logo\":{\"@type\":\"ImageObject\",\"inLanguage\":\"fr-FR\",\"@id\":\"https:\/\/camping-lariviere.com\/fr\/#\/schema\/logo\/image\/\",\"url\":\"https:\/\/camping-lariviere.com\/wp-content\/uploads\/2020\/10\/camping-la-riviere-logo.png\",\"contentUrl\":\"https:\/\/camping-lariviere.com\/wp-content\/uploads\/2020\/10\/camping-la-riviere-logo.png\",\"width\":260,\"height\":210,\"caption\":\"Camping La Rivi\u00e8re\"},\"image\":{\"@id\":\"https:\/\/camping-lariviere.com\/fr\/#\/schema\/logo\/image\/\"}}]}<\/script>\n<!-- \/ Yoast SEO plugin. -->","yoast_head_json":{"title":"Location h\u00e9bergement Luberon | Services Premium + en Provence","robots":{"index":"index","follow":"follow","max-snippet":"max-snippet:-1","max-image-preview":"max-image-preview:large","max-video-preview":"max-video-preview:-1"},"canonical":"https:\/\/camping-lariviere.com\/fr\/location-hebergement-premium-plus-luberon\/","og_locale":"fr_FR","og_type":"article","og_title":"Location h\u00e9bergement Luberon | Services Premium + en Provence","og_url":"https:\/\/camping-lariviere.com\/fr\/location-hebergement-premium-plus-luberon\/","og_site_name":"Camping la Rivi\u00e8re","article_modified_time":"2025-11-26T12:56:06+00:00","twitter_card":"summary_large_image","schema":{"@context":"https:\/\/schema.org","@graph":[{"@type":"WebPage","@id":"https:\/\/camping-lariviere.com\/fr\/location-hebergement-premium-plus-luberon\/","url":"https:\/\/camping-lariviere.com\/fr\/location-hebergement-premium-plus-luberon\/","name":"Location h\u00e9bergement Luberon | Services Premium + en Provence","isPartOf":{"@id":"https:\/\/camping-lariviere.com\/fr\/#website"},"datePublished":"2025-02-25T10:58:01+00:00","dateModified":"2025-11-26T12:56:06+00:00","breadcrumb":{"@id":"https:\/\/camping-lariviere.com\/fr\/location-hebergement-premium-plus-luberon\/#breadcrumb"},"inLanguage":"fr-FR","potentialAction":[{"@type":"ReadAction","target":["https:\/\/camping-lariviere.com\/fr\/location-hebergement-premium-plus-luberon\/"]}]},{"@type":"BreadcrumbList","@id":"https:\/\/camping-lariviere.com\/fr\/location-hebergement-premium-plus-luberon\/#breadcrumb","itemListElement":[{"@type":"ListItem","position":1,"name":"Camping Luberon","item":"https:\/\/camping-lariviere.com\/fr\/"},{"@type":"ListItem","position":2,"name":"H\u00e9bergements Premium + en Provence"}]},{"@type":"WebSite","@id":"https:\/\/camping-lariviere.com\/fr\/#website","url":"https:\/\/camping-lariviere.com\/fr\/","name":"Camping la Rivi\u00e8re","description":"","publisher":{"@id":"https:\/\/camping-lariviere.com\/fr\/#organization"},"potentialAction":[{"@type":"SearchAction","target":{"@type":"EntryPoint","urlTemplate":"https:\/\/camping-lariviere.com\/fr\/?s={search_term_string}"},"query-input":{"@type":"PropertyValueSpecification","valueRequired":true,"valueName":"search_term_string"}}],"inLanguage":"fr-FR"},{"@type":"Organization","@id":"https:\/\/camping-lariviere.com\/fr\/#organization","name":"Camping La Rivi\u00e8re","url":"https:\/\/camping-lariviere.com\/fr\/","logo":{"@type":"ImageObject","inLanguage":"fr-FR","@id":"https:\/\/camping-lariviere.com\/fr\/#\/schema\/logo\/image\/","url":"https:\/\/camping-lariviere.com\/wp-content\/uploads\/2020\/10\/camping-la-riviere-logo.png","contentUrl":"https:\/\/camping-lariviere.com\/wp-content\/uploads\/2020\/10\/camping-la-riviere-logo.png","width":260,"height":210,"caption":"Camping La Rivi\u00e8re"},"image":{"@id":"https:\/\/camping-lariviere.com\/fr\/#\/schema\/logo\/image\/"}}]}},"_links":{"self":[{"href":"https:\/\/camping-lariviere.com\/fr\/wp-json\/wp\/v2\/pages\/7163","targetHints":{"allow":["GET"]}}],"collection":[{"href":"https:\/\/camping-lariviere.com\/fr\/wp-json\/wp\/v2\/pages"}],"about":[{"href":"https:\/\/camping-lariviere.com\/fr\/wp-json\/wp\/v2\/types\/page"}],"author":[{"embeddable":true,"href":"https:\/\/camping-lariviere.com\/fr\/wp-json\/wp\/v2\/users\/1"}],"replies":[{"embeddable":true,"href":"https:\/\/camping-lariviere.com\/fr\/wp-json\/wp\/v2\/comments?post=7163"}],"version-history":[{"count":5,"href":"https:\/\/camping-lariviere.com\/fr\/wp-json\/wp\/v2\/pages\/7163\/revisions"}],"predecessor-version":[{"id":7305,"href":"https:\/\/camping-lariviere.com\/fr\/wp-json\/wp\/v2\/pages\/7163\/revisions\/7305"}],"wp:attachment":[{"href":"https:\/\/camping-lariviere.com\/fr\/wp-json\/wp\/v2\/media?parent=7163"}],"curies":[{"name":"wp","href":"https:\/\/api.w.org\/{rel}","templated":true}]}}