{"id":7185,"date":"2025-03-27T15:00:51","date_gmt":"2025-03-27T14:00:51","guid":{"rendered":"https:\/\/camping-lariviere.com\/?page_id=7185"},"modified":"2025-03-27T15:02:09","modified_gmt":"2025-03-27T14:02:09","slug":"camping-lacs-luberon","status":"publish","type":"page","link":"https:\/\/camping-lariviere.com\/fr\/camping-lacs-luberon\/","title":{"rendered":"Camping : Lac Luberon"},"content":{"rendered":"<section id=\"section-5f8ff6ff65384\"\" class=\"section bg-color2 p-b-0\" \/><div class=\"container extralarge\"><h1 class=\"element section-title center\">Votre camping proche d\u2019un lac dans le Luberon : s\u00e9jour nature entre baignades et d\u00e9tente<\/h1><div class=\"element bloc-text justify \">\n\t<p>Nich\u00e9 au c\u0153ur du parc naturel du Luberon, dans le sud-est de la France, le camping La Rivi\u00e8re vous accueille pour un s\u00e9jour inoubliable entre nature et plaisirs aquatiques. Situ\u00e9 \u00e0 Saint-Maime, dans les Alpes-de-Haute-Provence et \u00e0 proximit\u00e9 du Vaucluse, notre <a href=\"https:\/\/camping-lariviere.com\/fr\/\">camping 3 \u00e9toiles dans le Luberon<\/a> offre un cadre id\u00e9al pour des vacances en famille ou entre amis. Avec ses nombreux services, sa piscine et son acc\u00e8s \u00e0 de magnifiques lacs, notre camping est une <strong>destination parfaite pour se ressourcer en Provence.<\/strong><\/p>\n<\/div><\/div><\/section>\n\n<section id=\"section-groupe2\"\" class=\"section bg-white p-t-0 p-b-0\" \/><div class=\"container full\"><div class=\"colonnes-wrap valign-middle \"><div class=\"element colonne w-20 p-0\"><div class=\"element images scroll-x-mobile\"><div class=\"image\"><img decoding=\"async\" src=\"https:\/\/camping-lariviere.com\/wp-content\/uploads\/2020\/10\/peche-enfant-100x100.jpg\" data-src=\"https:\/\/camping-lariviere.com\/wp-content\/uploads\/2020\/10\/peche-enfant.jpg\" alt=\"camping pr\u00e8s d\u2019un lac dans le Luberon\" class=\"images_image\" \/><\/div><\/div><div class=\"element images scroll-x-mobile\"><div class=\"image\"><img decoding=\"async\" src=\"https:\/\/camping-lariviere.com\/wp-content\/uploads\/2020\/10\/le-largue-villeneuve-riviere-1-100x100.jpg\" data-src=\"https:\/\/camping-lariviere.com\/wp-content\/uploads\/2020\/10\/le-largue-villeneuve-riviere-1.jpg\" alt=\"Le camping La Rivi\u00e8re\" class=\"images_image\" \/><\/div><\/div><\/div><div class=\"element colonne w-60 p-x-6\"><h2 class=\"element section-title center\">S\u00e9journez dans notre camping pr\u00e8s d\u2019un lac dans le Luberon<\/h2><div class=\"element bloc-text center \">\n\t<p>Le camping La Rivi\u00e8re propose une<strong> vari\u00e9t\u00e9 d&rsquo;h\u00e9bergements<\/strong> pour tous les go\u00fbts et budgets. Que vous optiez pour la <a href=\"https:\/\/camping-lariviere.com\/fr\/location-mobil-home-luberon\/\">location d\u2019un mobil-home<\/a> tout confort, d\u2019un chalet en bois ou d\u2019un emplacement spacieux pour votre tente ou caravane, vous profiterez d\u2019un <strong>s\u00e9jour authentique au plus proche de la nature<\/strong> : le terrain ombrag\u00e9 par des ch\u00eanes et les infrastructures modernes offrent un <strong>cadre apaisant et convivial<\/strong>.<\/p>\n<p>Les familles avec enfants appr\u00e9cieront<strong> l&rsquo;espace aquatique<\/strong> de notre <strong>camping au c\u0153ur du Lub\u00e9ron proche d\u2019un lac<\/strong>, compos\u00e9 d\u2019une piscine, d\u2019une pataugeoire pour les plus jeunes et d\u2019un parc de jeux aquatiques. De plus, <strong>de nombreuses activit\u00e9s et animations <\/strong>sont organis\u00e9es en haute saison, garantissant un s\u00e9jour anim\u00e9 pour petits et grands.<\/p>\n<\/div><\/div><div class=\"element colonne w-20 p-0\"><div class=\"element images scroll-x-mobile\"><div class=\"image\"><img decoding=\"async\" src=\"https:\/\/camping-lariviere.com\/wp-content\/uploads\/2020\/11\/barque-riviere-100x100.jpg\" data-src=\"https:\/\/camping-lariviere.com\/wp-content\/uploads\/2020\/11\/barque-riviere.jpg\" alt=\"lac sainte croix\" class=\"images_image\" S\u00e9journez dans notre camping pr\u00e8s d\u2019un lac dans le Luberon\/><\/div><\/div><div class=\"element images scroll-x-mobile\"><div class=\"image\"><img decoding=\"async\" src=\"https:\/\/camping-lariviere.com\/wp-content\/uploads\/2020\/11\/riviere-camping-100x100.jpg\" data-src=\"https:\/\/camping-lariviere.com\/wp-content\/uploads\/2020\/11\/riviere-camping.jpg\" alt=\"rivi\u00e8re camping\" class=\"images_image\" S\u00e9journez dans notre camping pr\u00e8s d\u2019un lac dans le Luberon\/><\/div><\/div><\/div><\/div><\/div><\/section>\n\n<section id=\"section-5f8ff6ff65a6c\"\" class=\"section bg-white p-t-0 p-b-0\" \/><div class=\"container full\"><div class=\"colonnes-wrap valign-middle bg-color2\"><div class=\"element colonne p-0\"><div class=\"element images scroll-x-mobile\"><div class=\"image\"><img decoding=\"async\" src=\"https:\/\/camping-lariviere.com\/wp-content\/uploads\/2022\/01\/camping-riviere-peche-poisson-100x89.png\" data-src=\"https:\/\/camping-lariviere.com\/wp-content\/uploads\/2022\/01\/camping-riviere-peche-poisson.png\" alt=\"peche Le lac des Vannades\" class=\"images_image\" \/><\/div><div class=\"image\"><img decoding=\"async\" src=\"https:\/\/camping-lariviere.com\/wp-content\/uploads\/2020\/10\/peche-enfant-1-100x100.jpg\" data-src=\"https:\/\/camping-lariviere.com\/wp-content\/uploads\/2020\/10\/peche-enfant-1.jpg\" alt=\"Le lac des Vannades\" class=\"images_image\" \/><\/div><\/div><\/div><div class=\"element colonne p-x-10\"><h2 class=\"element section-title left\">Le lac des Vannades, une oasis de fra\u00eecheur pr\u00e8s du camping<\/h2><div class=\"element bloc-text justify \">\n\t<p>Situ\u00e9 \u00e0 seulement 13 kilom\u00e8tres de notre camping, le lac des Vannades est une <strong>destination incontournable<\/strong> pour les amateurs d\u2019activit\u00e9s aquatiques. Ce magnifique plan d&rsquo;eau de <strong>15 hectares<\/strong> abrite une plage am\u00e9nag\u00e9e, o\u00f9 vous pourrez profiter d&rsquo;une baignade rafra\u00eechissante sous le soleil de Provence.<\/p>\n<p>Les enfants pourront s\u2019amuser en toute s\u00e9curit\u00e9 dans l\u2019eau azur du lac gr\u00e2ce \u00e0 des zones de baignade surveill\u00e9es, tandis que les <strong>amateurs de sports nautiques <\/strong>profiteront de diverses activit\u00e9s telles que le paddle, le cano\u00eb ou encore la planche \u00e0 voile.<\/p>\n<p>Pour ceux qui pr\u00e9f\u00e8rent la d\u00e9tente en vacances, des <strong>espaces ombrag\u00e9s <\/strong>avec vue sur le lac permettent de se relaxer au contact de la nature et les <strong>sentiers p\u00e9destres<\/strong> autour de celui-ci offrent la garantie de passer une journ\u00e9e conviviale entour\u00e9e de verdure.<\/p>\n<\/div><\/div><\/div><\/div><\/section>\n\n<section id=\"section-6110f83ac0169\"\" class=\"section bg-white\" \/><div class=\"container full\"><div class=\"colonnes-wrap valign-middle \"><div class=\"element colonne p-x-10\"><h2 class=\"element section-title left\">Le lac des Buissonnades, un lieu paisible pour se ressourcer<\/h2><div class=\"element bloc-text justify \">\n\t<p>Autre joyau du Luberon, \u00e0 20 km de notre <strong>camping dans le Lub\u00e9ron pr\u00e8s d\u2019un lac<\/strong>, le lac des Buissonnades est id\u00e9al pour les amateurs de calme et de nature. Cet <strong>\u00e9tang pr\u00e9serv\u00e9<\/strong> est parfait pour <strong>la baignade et la p\u00eache<\/strong>. Son cadre verdoyant et son eau bleut\u00e9e en font un endroit privil\u00e9gi\u00e9 pour d\u00e9connecter du quotidien.<\/p>\n<p>Ce lac est \u00e9galement un lieu propice aux <strong>activit\u00e9s en famille<\/strong>. Des sentiers de randonn\u00e9e entourent cet espace, permettant aux visiteurs de d\u00e9couvrir la faune et la flore des Alpes-de-Haute-Provence lors de balades avec les enfants. Les amoureux de la nature seront enchant\u00e9s par ce coin de paradis \u00e0 quelques minutes de notre camping !<\/p>\n<\/div><\/div><div class=\"element colonne p-0\"><div class=\"element images scroll-x-mobile\"><div class=\"image\"><img decoding=\"async\" src=\"https:\/\/camping-lariviere.com\/wp-content\/uploads\/2021\/08\/photo-riviere-provence-luberon-100x71.jpg\" data-src=\"https:\/\/camping-lariviere.com\/wp-content\/uploads\/2021\/08\/photo-riviere-provence-luberon.jpg\" alt=\"Le lac des Buissonnades\" class=\"images_image\" Le lac des Buissonnades, un lieu paisible pour se ressourcer\/><\/div><\/div><\/div><\/div><\/div><\/section>\n\n<section id=\"section-6110f83ac02e0\"\" class=\"section bg-white\" \/><div class=\"container full\"><div class=\"colonnes-wrap valign-middle bg-color2\"><div class=\"element colonne p-0\"><div class=\"element images scroll-x-mobile\"><div class=\"image\"><img decoding=\"async\" src=\"https:\/\/camping-lariviere.com\/wp-content\/uploads\/2021\/08\/photo-riviere-provence-100x71.jpg\" data-src=\"https:\/\/camping-lariviere.com\/wp-content\/uploads\/2021\/08\/photo-riviere-provence.jpg\" alt=\"lac dans le Luberon\" class=\"images_image\" \/><\/div><\/div><\/div><div class=\"element colonne p-x-10\"><h2 class=\"element section-title left\">Votre camping au bord d\u2019un lac dans le Luberon : tout le confort pour vos vacances<\/h2><div class=\"element bloc-text justify \">\n\t<p>Notre <a href=\"https:\/\/camping-lariviere.com\/fr\/camping-piscine-luberon\/\">camping avec piscine ext\u00e9rieure chauff\u00e9e<\/a> comprend une pataugeoire pour les plus petits et des toboggans aquatiques pour des moments de fun en famille. Nous proposons \u00e9galement des <strong>activit\u00e9s sportives<\/strong> telles que de l\u2019\u00e9quitation, des randonn\u00e9es p\u00e9dagogiques, de la trottinette \u00e9lectrique, du parapente et du cano\u00eb-kayak.<\/p>\n<p>Dans notre <strong>camping \u00e0 proximit\u00e9 d\u2019un lac dans le Lub\u00e9ron<\/strong>, retrouvez plusieurs fois par semaine des <strong>mini march\u00e9s<\/strong>, o\u00f9 vous attendent des producteurs et marchands locaux (\u00e9pices, fruits et l\u00e9gumes, cosm\u00e9tiques, fromages, pr\u00eat \u00e0 porter\u2026). Les <strong>infrastructures modernes et les services de qualit\u00e9<\/strong>, tels que <strong>le restaurant<\/strong> avec terrasse (et wifi) proposant des sp\u00e9cialit\u00e9s proven\u00e7ales, garantissent un confort optimal. De plus, des <strong>animations et des activit\u00e9s<\/strong> pour tous les \u00e2ges sont organis\u00e9es tout au long de la saison, assurant divertissement et convivialit\u00e9.<\/p>\n<p>Avec sa localisation id\u00e9ale entre \u00e9tangs, rivi\u00e8res et villages pittoresques du Luberon, dans le sud-est de la France, notre camping est une base parfaite pour <strong>partir \u00e0 la d\u00e9couverte des merveilles de la r\u00e9gion.<\/strong><\/p>\n<\/div><\/div><\/div><\/div><\/section>\n\n<section id=\"section-67e55a60401b9\"\" class=\"section bg-white\" \/><div class=\"container full\"><div class=\"colonnes-wrap valign-top \"><div class=\"element colonne p-x-10\"><h2 class=\"element section-title justify\">R\u00e9servez votre s\u00e9jour en camping pr\u00e8s d\u2019un lac dans le Luberon d\u00e8s maintenant<\/h2><div class=\"element bloc-text justify \">\n\t<p>Ne manquez pas l&rsquo;opportunit\u00e9 de vivre des vacances inoubliables au camping La Rivi\u00e8re, <strong>au plus pr\u00e8s des lacs<\/strong> de la r\u00e9gion. Vous \u00eates en qu\u00eate d&rsquo;aventure, de d\u00e9tente ou de d\u00e9couvertes culturelles ? Notre camping 3 \u00e9toiles est <strong>le point de d\u00e9part id\u00e9al<\/strong> pour visiter les merveilles du Luberon et de la Provence.<\/p>\n<p>R\u00e9servez d\u00e8s aujourd&rsquo;hui votre emplacement de camping ou votre location de mobil-home pour un <strong>s\u00e9jour r\u00e9ussi en famille ou entre amis<\/strong> dans les Alpes-de-Haute-Provence.<\/p>\n<\/div><\/div><div class=\"element colonne p-0\"><div class=\"element images scroll-x-mobile\"><div class=\"image\"><img decoding=\"async\" src=\"https:\/\/camping-lariviere.com\/wp-content\/uploads\/2021\/09\/camping-provence-100x71.jpg\" data-src=\"https:\/\/camping-lariviere.com\/wp-content\/uploads\/2021\/09\/camping-provence.jpg\" alt=\"camping pr\u00e8s d\u2019un lac\" class=\"images_image\" R\u00e9servez votre s\u00e9jour en camping pr\u00e8s d\u2019un lac dans le Luberon d\u00e8s maintenant\/><\/div><\/div><\/div><\/div><\/div><\/section>\n\n<section id=\"section-5f8ff6ff65f07\"\" class=\"section bg-color2\" \/><div class=\"container extralarge\"><div class=\"element section-title center title-cta\">D\u00e9couvrez nos h\u00e9bergements et notre piscine<\/div><ul class=\"liste-de-page\"><li class=\"element call-to-action center title-cta call-to-action--style-1 call-to-action--big\"><a href=\"https:\/\/camping-lariviere.com\/fr\/camping-piscine-luberon\/\"  class=\"call-to-action_link\" title=\"En savoir plus sur notre espace aquatique\"><div class=\"call-to-action_image\"><img decoding=\"async\" src=\"https:\/\/camping-lariviere.com\/wp-content\/uploads\/2021\/06\/la-riviere-camping-piscine-100x100.jpg\" data-src=\"https:\/\/camping-lariviere.com\/wp-content\/uploads\/2021\/06\/la-riviere-camping-piscine.jpg\" alt=\"la-riviere-camping-piscine\" class=\"big\" \/><\/div><div class=\"call-to-action_contenu\"><div class=\"call-to-action_titre\">Notre espace aquatique<\/div><\/div><\/a><\/li><li class=\"element call-to-action center title-cta call-to-action--style-1 call-to-action--big call-to-action--style-1 call-to-action--big\"><a href=\"https:\/\/camping-lariviere.com\/fr\/location-mobil-home-luberon\/\"  class=\"call-to-action_link\" title=\"En savoir plus sur nos mobil homes\"><div class=\"call-to-action_image\"><img decoding=\"async\" src=\"https:\/\/camping-lariviere.com\/wp-content\/uploads\/2020\/10\/location-camping-mobil-home-100x65.jpg\" data-src=\"https:\/\/camping-lariviere.com\/wp-content\/uploads\/2020\/10\/location-camping-mobil-home.jpg\" alt=\"location camping mobil home\" class=\"big\" \/><\/div><div class=\"call-to-action_contenu\"><div class=\"call-to-action_titre\">Nos mobil homes<\/div><\/div><\/a><\/li><li class=\"element call-to-action center title-cta call-to-action--style-1 call-to-action--big call-to-action--style-1 call-to-action--big call-to-action--style-1 call-to-action--big\"><a href=\"https:\/\/camping-lariviere.com\/fr\/location-emplacements-luberon\/\"  class=\"call-to-action_link\" title=\"En savoir plus sur nos emplacements\"><div class=\"call-to-action_image\"><img decoding=\"async\" src=\"https:\/\/camping-lariviere.com\/wp-content\/uploads\/2020\/10\/forfait-confort-camping-car-2-100x65.jpg\" data-src=\"https:\/\/camping-lariviere.com\/wp-content\/uploads\/2020\/10\/forfait-confort-camping-car-2.jpg\" alt=\"forfait confort camping car\" class=\"big\" \/><\/div><div class=\"call-to-action_contenu\"><div class=\"call-to-action_titre\">Nos emplacements<\/div><\/div><\/a><\/li><\/ul><\/div><\/section>","protected":false},"excerpt":{"rendered":"","protected":false},"author":10,"featured_media":1554,"parent":0,"menu_order":0,"comment_status":"closed","ping_status":"closed","template":"","meta":{"_acf_changed":false,"footnotes":""},"class_list":["post-7185","page","type-page","status-publish","has-post-thumbnail","hentry"],"acf":[],"yoast_head":"<!-- This site is optimized with the Yoast SEO plugin v23.4 - https:\/\/yoast.com\/wordpress\/plugins\/seo\/ -->\n<title>Camping proche des lacs du Luberon<\/title>\n<meta name=\"description\" content=\"D\u00e9couvrez le Camping La Rivi\u00e8re dans le Luberon, notre camping proche des lacs du Luberon id\u00e9al pour un s\u00e9jour nature et d\u00e9tente. Profitez d\u2019activit\u00e9s en famille dans un cadre authentique.\" \/>\n<meta name=\"robots\" content=\"index, follow, max-snippet:-1, max-image-preview:large, max-video-preview:-1\" \/>\n<link rel=\"canonical\" href=\"https:\/\/camping-lariviere.com\/fr\/camping-lacs-luberon\/\" \/>\n<meta property=\"og:locale\" content=\"fr_FR\" \/>\n<meta property=\"og:type\" content=\"article\" \/>\n<meta property=\"og:title\" content=\"Camping proche des lacs du Luberon\" \/>\n<meta property=\"og:description\" content=\"D\u00e9couvrez le Camping La Rivi\u00e8re dans le Luberon, notre camping proche des lacs du Luberon id\u00e9al pour un s\u00e9jour nature et d\u00e9tente. Profitez d\u2019activit\u00e9s en famille dans un cadre authentique.\" \/>\n<meta property=\"og:url\" content=\"https:\/\/camping-lariviere.com\/fr\/camping-lacs-luberon\/\" \/>\n<meta property=\"og:site_name\" content=\"Camping la Rivi\u00e8re\" \/>\n<meta property=\"article:modified_time\" content=\"2025-03-27T14:02:09+00:00\" \/>\n<meta property=\"og:image\" content=\"https:\/\/camping-lariviere.com\/wp-content\/uploads\/2020\/10\/peche-enfant-2.jpg\" \/>\n\t<meta property=\"og:image:width\" content=\"1903\" \/>\n\t<meta property=\"og:image:height\" content=\"450\" \/>\n\t<meta property=\"og:image:type\" content=\"image\/jpeg\" \/>\n<meta name=\"twitter:card\" content=\"summary_large_image\" \/>\n<meta name=\"twitter:label1\" content=\"Dur\u00e9e de lecture estim\u00e9e\" \/>\n\t<meta name=\"twitter:data1\" content=\"1 minute\" \/>\n<script type=\"application\/ld+json\" class=\"yoast-schema-graph\">{\"@context\":\"https:\/\/schema.org\",\"@graph\":[{\"@type\":\"WebPage\",\"@id\":\"https:\/\/camping-lariviere.com\/fr\/camping-lacs-luberon\/\",\"url\":\"https:\/\/camping-lariviere.com\/fr\/camping-lacs-luberon\/\",\"name\":\"Camping proche des lacs du Luberon\",\"isPartOf\":{\"@id\":\"https:\/\/camping-lariviere.com\/fr\/#website\"},\"primaryImageOfPage\":{\"@id\":\"https:\/\/camping-lariviere.com\/fr\/camping-lacs-luberon\/#primaryimage\"},\"image\":{\"@id\":\"https:\/\/camping-lariviere.com\/fr\/camping-lacs-luberon\/#primaryimage\"},\"thumbnailUrl\":\"https:\/\/camping-lariviere.com\/wp-content\/uploads\/2020\/10\/peche-enfant-2.jpg\",\"datePublished\":\"2025-03-27T14:00:51+00:00\",\"dateModified\":\"2025-03-27T14:02:09+00:00\",\"description\":\"D\u00e9couvrez le Camping La Rivi\u00e8re dans le Luberon, notre camping proche des lacs du Luberon id\u00e9al pour un s\u00e9jour nature et d\u00e9tente. Profitez d\u2019activit\u00e9s en famille dans un cadre authentique.\",\"breadcrumb\":{\"@id\":\"https:\/\/camping-lariviere.com\/fr\/camping-lacs-luberon\/#breadcrumb\"},\"inLanguage\":\"fr-FR\",\"potentialAction\":[{\"@type\":\"ReadAction\",\"target\":[\"https:\/\/camping-lariviere.com\/fr\/camping-lacs-luberon\/\"]}]},{\"@type\":\"ImageObject\",\"inLanguage\":\"fr-FR\",\"@id\":\"https:\/\/camping-lariviere.com\/fr\/camping-lacs-luberon\/#primaryimage\",\"url\":\"https:\/\/camping-lariviere.com\/wp-content\/uploads\/2020\/10\/peche-enfant-2.jpg\",\"contentUrl\":\"https:\/\/camping-lariviere.com\/wp-content\/uploads\/2020\/10\/peche-enfant-2.jpg\",\"width\":1903,\"height\":450,\"caption\":\"camping Banon\"},{\"@type\":\"BreadcrumbList\",\"@id\":\"https:\/\/camping-lariviere.com\/fr\/camping-lacs-luberon\/#breadcrumb\",\"itemListElement\":[{\"@type\":\"ListItem\",\"position\":1,\"name\":\"Camping Luberon\",\"item\":\"https:\/\/camping-lariviere.com\/fr\/\"},{\"@type\":\"ListItem\",\"position\":2,\"name\":\"Camping proche des lacs du Luberon\"}]},{\"@type\":\"WebSite\",\"@id\":\"https:\/\/camping-lariviere.com\/fr\/#website\",\"url\":\"https:\/\/camping-lariviere.com\/fr\/\",\"name\":\"Camping la Rivi\u00e8re\",\"description\":\"\",\"publisher\":{\"@id\":\"https:\/\/camping-lariviere.com\/fr\/#organization\"},\"potentialAction\":[{\"@type\":\"SearchAction\",\"target\":{\"@type\":\"EntryPoint\",\"urlTemplate\":\"https:\/\/camping-lariviere.com\/fr\/?s={search_term_string}\"},\"query-input\":{\"@type\":\"PropertyValueSpecification\",\"valueRequired\":true,\"valueName\":\"search_term_string\"}}],\"inLanguage\":\"fr-FR\"},{\"@type\":\"Organization\",\"@id\":\"https:\/\/camping-lariviere.com\/fr\/#organization\",\"name\":\"Camping La Rivi\u00e8re\",\"url\":\"https:\/\/camping-lariviere.com\/fr\/\",\"logo\":{\"@type\":\"ImageObject\",\"inLanguage\":\"fr-FR\",\"@id\":\"https:\/\/camping-lariviere.com\/fr\/#\/schema\/logo\/image\/\",\"url\":\"https:\/\/camping-lariviere.com\/wp-content\/uploads\/2020\/10\/camping-la-riviere-logo.png\",\"contentUrl\":\"https:\/\/camping-lariviere.com\/wp-content\/uploads\/2020\/10\/camping-la-riviere-logo.png\",\"width\":260,\"height\":210,\"caption\":\"Camping La Rivi\u00e8re\"},\"image\":{\"@id\":\"https:\/\/camping-lariviere.com\/fr\/#\/schema\/logo\/image\/\"}}]}<\/script>\n<!-- \/ Yoast SEO plugin. -->","yoast_head_json":{"title":"Camping proche des lacs du Luberon","description":"D\u00e9couvrez le Camping La Rivi\u00e8re dans le Luberon, notre camping proche des lacs du Luberon id\u00e9al pour un s\u00e9jour nature et d\u00e9tente. Profitez d\u2019activit\u00e9s en famille dans un cadre authentique.","robots":{"index":"index","follow":"follow","max-snippet":"max-snippet:-1","max-image-preview":"max-image-preview:large","max-video-preview":"max-video-preview:-1"},"canonical":"https:\/\/camping-lariviere.com\/fr\/camping-lacs-luberon\/","og_locale":"fr_FR","og_type":"article","og_title":"Camping proche des lacs du Luberon","og_description":"D\u00e9couvrez le Camping La Rivi\u00e8re dans le Luberon, notre camping proche des lacs du Luberon id\u00e9al pour un s\u00e9jour nature et d\u00e9tente. Profitez d\u2019activit\u00e9s en famille dans un cadre authentique.","og_url":"https:\/\/camping-lariviere.com\/fr\/camping-lacs-luberon\/","og_site_name":"Camping la Rivi\u00e8re","article_modified_time":"2025-03-27T14:02:09+00:00","og_image":[{"width":1903,"height":450,"url":"https:\/\/camping-lariviere.com\/wp-content\/uploads\/2020\/10\/peche-enfant-2.jpg","type":"image\/jpeg"}],"twitter_card":"summary_large_image","twitter_misc":{"Dur\u00e9e de lecture estim\u00e9e":"1 minute"},"schema":{"@context":"https:\/\/schema.org","@graph":[{"@type":"WebPage","@id":"https:\/\/camping-lariviere.com\/fr\/camping-lacs-luberon\/","url":"https:\/\/camping-lariviere.com\/fr\/camping-lacs-luberon\/","name":"Camping proche des lacs du Luberon","isPartOf":{"@id":"https:\/\/camping-lariviere.com\/fr\/#website"},"primaryImageOfPage":{"@id":"https:\/\/camping-lariviere.com\/fr\/camping-lacs-luberon\/#primaryimage"},"image":{"@id":"https:\/\/camping-lariviere.com\/fr\/camping-lacs-luberon\/#primaryimage"},"thumbnailUrl":"https:\/\/camping-lariviere.com\/wp-content\/uploads\/2020\/10\/peche-enfant-2.jpg","datePublished":"2025-03-27T14:00:51+00:00","dateModified":"2025-03-27T14:02:09+00:00","description":"D\u00e9couvrez le Camping La Rivi\u00e8re dans le Luberon, notre camping proche des lacs du Luberon id\u00e9al pour un s\u00e9jour nature et d\u00e9tente. Profitez d\u2019activit\u00e9s en famille dans un cadre authentique.","breadcrumb":{"@id":"https:\/\/camping-lariviere.com\/fr\/camping-lacs-luberon\/#breadcrumb"},"inLanguage":"fr-FR","potentialAction":[{"@type":"ReadAction","target":["https:\/\/camping-lariviere.com\/fr\/camping-lacs-luberon\/"]}]},{"@type":"ImageObject","inLanguage":"fr-FR","@id":"https:\/\/camping-lariviere.com\/fr\/camping-lacs-luberon\/#primaryimage","url":"https:\/\/camping-lariviere.com\/wp-content\/uploads\/2020\/10\/peche-enfant-2.jpg","contentUrl":"https:\/\/camping-lariviere.com\/wp-content\/uploads\/2020\/10\/peche-enfant-2.jpg","width":1903,"height":450,"caption":"camping Banon"},{"@type":"BreadcrumbList","@id":"https:\/\/camping-lariviere.com\/fr\/camping-lacs-luberon\/#breadcrumb","itemListElement":[{"@type":"ListItem","position":1,"name":"Camping Luberon","item":"https:\/\/camping-lariviere.com\/fr\/"},{"@type":"ListItem","position":2,"name":"Camping proche des lacs du Luberon"}]},{"@type":"WebSite","@id":"https:\/\/camping-lariviere.com\/fr\/#website","url":"https:\/\/camping-lariviere.com\/fr\/","name":"Camping la Rivi\u00e8re","description":"","publisher":{"@id":"https:\/\/camping-lariviere.com\/fr\/#organization"},"potentialAction":[{"@type":"SearchAction","target":{"@type":"EntryPoint","urlTemplate":"https:\/\/camping-lariviere.com\/fr\/?s={search_term_string}"},"query-input":{"@type":"PropertyValueSpecification","valueRequired":true,"valueName":"search_term_string"}}],"inLanguage":"fr-FR"},{"@type":"Organization","@id":"https:\/\/camping-lariviere.com\/fr\/#organization","name":"Camping La Rivi\u00e8re","url":"https:\/\/camping-lariviere.com\/fr\/","logo":{"@type":"ImageObject","inLanguage":"fr-FR","@id":"https:\/\/camping-lariviere.com\/fr\/#\/schema\/logo\/image\/","url":"https:\/\/camping-lariviere.com\/wp-content\/uploads\/2020\/10\/camping-la-riviere-logo.png","contentUrl":"https:\/\/camping-lariviere.com\/wp-content\/uploads\/2020\/10\/camping-la-riviere-logo.png","width":260,"height":210,"caption":"Camping La Rivi\u00e8re"},"image":{"@id":"https:\/\/camping-lariviere.com\/fr\/#\/schema\/logo\/image\/"}}]}},"_links":{"self":[{"href":"https:\/\/camping-lariviere.com\/fr\/wp-json\/wp\/v2\/pages\/7185","targetHints":{"allow":["GET"]}}],"collection":[{"href":"https:\/\/camping-lariviere.com\/fr\/wp-json\/wp\/v2\/pages"}],"about":[{"href":"https:\/\/camping-lariviere.com\/fr\/wp-json\/wp\/v2\/types\/page"}],"author":[{"embeddable":true,"href":"https:\/\/camping-lariviere.com\/fr\/wp-json\/wp\/v2\/users\/10"}],"replies":[{"embeddable":true,"href":"https:\/\/camping-lariviere.com\/fr\/wp-json\/wp\/v2\/comments?post=7185"}],"version-history":[{"count":13,"href":"https:\/\/camping-lariviere.com\/fr\/wp-json\/wp\/v2\/pages\/7185\/revisions"}],"predecessor-version":[{"id":7198,"href":"https:\/\/camping-lariviere.com\/fr\/wp-json\/wp\/v2\/pages\/7185\/revisions\/7198"}],"wp:featuredmedia":[{"embeddable":true,"href":"https:\/\/camping-lariviere.com\/fr\/wp-json\/wp\/v2\/media\/1554"}],"wp:attachment":[{"href":"https:\/\/camping-lariviere.com\/fr\/wp-json\/wp\/v2\/media?parent=7185"}],"curies":[{"name":"wp","href":"https:\/\/api.w.org\/{rel}","templated":true}]}}