{"id":2293,"date":"2020-10-14T10:29:58","date_gmt":"2020-10-14T08:29:58","guid":{"rendered":"http:\/\/camping-lariviere.com\/vacances-paca\/"},"modified":"2022-04-25T10:21:10","modified_gmt":"2022-04-25T08:21:10","slug":"paca-vacature","status":"publish","type":"page","link":"https:\/\/camping-lariviere.com\/nl\/paca-vacature\/","title":{"rendered":"Alentours : La r\u00e9gion"},"content":{"rendered":"<section id=\"section-5f8ff6ff65384\"\" class=\"section bg-color2 p-b-0\" \/><div class=\"container extralarge\"><h1 class=\"element section-title center\">Plan uw vakantie in de Provence<\/h1><div class=\"element bloc-text justify \">\n\t<p style=\"text-align: center;\">Waarom kiest u niet voor de Provence voor uw volgende vakantie of weekend? Met Camping La Rivi\u00e8re profiteert u van een ideale ligging om de Provence te verkennen en de prachtige regio Provence-Alpes-C\u00f4te d&#8217;Azur te ontdekken. Voor een verrijkend verblijf kiest u voor een vakantie op Camping La Rivi\u00e8re en combineert u pure ontspanning met het plezier van ontdekkingen.<\/p>\n<\/div><\/div><\/section>\n\n<section id=\"section-5f8ff6ff65789\"\" class=\"section bg-white p-t-0 p-b-0\" \/><div class=\"container full\"><div class=\"colonnes-wrap valign-middle \"><div class=\"element colonne w-20 p-0\"><div class=\"element images scroll-x-mobile\"><div class=\"image\"><img decoding=\"async\" src=\"https:\/\/camping-lariviere.com\/wp-content\/uploads\/2020\/11\/village-perche-provence-100x100.jpg\" data-src=\"https:\/\/camping-lariviere.com\/wp-content\/uploads\/2020\/11\/village-perche-provence.jpg\" alt=\"village perche provence\" class=\"images_image\" \/><\/div><\/div><div class=\"element images scroll-x-mobile\"><div class=\"image\"><img decoding=\"async\" src=\"https:\/\/camping-lariviere.com\/wp-content\/uploads\/2020\/11\/rue-provence-100x100.jpg\" data-src=\"https:\/\/camping-lariviere.com\/wp-content\/uploads\/2020\/11\/rue-provence.jpg\" alt=\"rue provence\" class=\"images_image\" \/><\/div><\/div><\/div><div class=\"element colonne w-60 p-x-6\"><h2 class=\"element section-title center\">Wat is er te zien in de PACA-regio?<\/h2><div class=\"element bloc-text center \">\n\t<p>De <a href=\"\/nl\/\">camping La Rivi\u00e8re<\/a> bevindt zich in de PACA-regio, een <strong class=\"bold color1\">uitzonderlijk gebied<\/strong>, waar vele onvergetelijke natuur- en toeristische trekpleisters te ontdekken zijn. <\/p>\n<p>De citadel van Forcalquier biedt een adembenemend uitzicht op de pittoreske landschappen van de Provence. De stad heeft ook een <strong class=\"bold color1\">geclassificeerde begraafplaats<\/strong>. Zijn <strong class=\"bold color1\">march\u00e9<\/strong>, elke maandagochtend, is de mooiste van de Alpes-de-Haute-Provence. <\/p>\n<p>Authentiek en vol karakter, de stad Manosque, die de geboorte van de schrijver en scenarioschrijver zag <strong class=\"bold color1\">Jean Giono<\/strong>, biedt elk jaar <strong class=\"bold color1\">uitzonderlijke middeleeuwse dagen<\/strong>. <\/p>\n<p>De stad van <strong class=\"bold color1\">Lurs<\/strong>, gebouwd op een heuvelrug en omgeven door olijfbomen, biedt een subliem panorama over de Durance. <\/p>\n<p>De Gorges du Verdon, gelegen op 50 minuten van de camping, hebben de reputatie de mooiste van Europa te zijn. Ter plaatse heeft u de mogelijkheid om te genieten van vele vrijetijdsactiviteiten: excursies, canyoning, rafting, waterfietsen, zwemmen&#8230; In de Gorges du Verdon kunt u ook een waterwandeling maken. <\/p>\n<p>De <strong class=\"bold color1\">Bewezen<\/strong> biedt een groot aantal andere opmerkelijke sites om te ontdekken: de Proven\u00e7aalse &#8220;Colorado&#8221; naast de Roussillon, het dorp Moustier Sainte-Marie beroemd om zijn aardewerk, het plateau van Valensole bekend om zijn lavendelvelden, de M\u00e9es (ongelooflijke reusachtige rotsen), het dorp Dauphin&#8230; <\/p>\n<\/div><\/div><div class=\"element colonne w-20 p-0\"><div class=\"element images scroll-x-mobile\"><div class=\"image\"><img decoding=\"async\" src=\"https:\/\/camping-lariviere.com\/wp-content\/uploads\/2020\/11\/gorges-verdon-provence-100x100.jpg\" data-src=\"https:\/\/camping-lariviere.com\/wp-content\/uploads\/2020\/11\/gorges-verdon-provence.jpg\" alt=\"gorges verdon provence\" class=\"images_image\" Wat is er te zien in de PACA-regio?\/><\/div><\/div><div class=\"element images scroll-x-mobile\"><div class=\"image\"><img decoding=\"async\" src=\"https:\/\/camping-lariviere.com\/wp-content\/uploads\/2020\/11\/provence-paysage-100x100.jpg\" data-src=\"https:\/\/camping-lariviere.com\/wp-content\/uploads\/2020\/11\/provence-paysage.jpg\" alt=\"provence paysage\" class=\"images_image\" Wat is er te zien in de PACA-regio?\/><\/div><\/div><\/div><\/div><\/div><\/section>\n\n<section id=\"section-5f8ff6ff65a6c\"\" class=\"section bg-white p-t-0 p-b-0\" \/><div class=\"container full\"><div class=\"colonnes-wrap valign-middle bg-color2\"><div class=\"element colonne p-0\"><div class=\"element images scroll-x-mobile\"><div class=\"image\"><img decoding=\"async\" src=\"https:\/\/camping-lariviere.com\/wp-content\/uploads\/2020\/11\/ocre-colorado-provencal-1-100x71.jpg\" data-src=\"https:\/\/camping-lariviere.com\/wp-content\/uploads\/2020\/11\/ocre-colorado-provencal-1.jpg\" alt=\"ocre colorado provencal\" class=\"images_image\" \/><\/div><\/div><\/div><div class=\"element colonne p-x-10\"><h2 class=\"element section-title left\">Wat te doen in de Provence?<\/h2><div class=\"element bloc-text justify \">\n\t<p>De steden en dorpen van onze mooie regio zijn in overvloed aanwezig met talrijke landschappen en plaatsen om te bezoeken in alle seizoenen.<\/p>\n<p>In de buurt van onze camping zijn de <strong class=\"bold color1\">ochre deposito&#8217;s<\/strong> met de uitzonderlijke kleuren van de Proven\u00e7aalse colorado te ontdekken via de gemarkeerde paden.<\/p>\n<p>In het dorp Forcalquier kunt u met de <strong class=\"bold color1\">Couvent des Cordeliers<\/strong> deelnemen aan tal van workshops.<\/p>\n<\/div><\/div><\/div><\/div><\/section>\n\n<section id=\"section-61323823ded90\"\" class=\"section bg-white p-t-0 p-b-0\" \/><div class=\"container full\"><div class=\"colonnes-wrap valign-middle \"><div class=\"element colonne \"><h2 class=\"element section-title left\">Uw vakantie in PACA<\/h2><div class=\"element bloc-text justify \">\n\t<p>Gelegen in het hart van de <strong class=\"bold color1\">PACA regio<\/strong>, biedt Camping La Rivi\u00e8re u een unieke en idyllische omgeving om uw volgende vakantie door te brengen. Profiteer van uw onderdompeling in de Provence om de typische dorpjes van de streek te bezoeken. Bewonder de monumenten van de gemeenten <strong class=\"bold color1\">rondom de camping<\/strong> en struin over de plaatselijke markten om specialiteiten te ontdekken.<br \/>\nBezoek de citadel van Forcalquier, het stadje Lurs of het plateau van Valensole met uw geliefden en cre\u00eber onvergetelijke herinneringen in de regio. Met adembenemende, glooiende landschappen te midden van lavendelvelden kunt u genieten van de voordelen van het buitenleven in een werkelijk exotische omgeving. <\/p>\n<\/div><\/div><div class=\"element colonne \"><div class=\"element images scroll-x-mobile\"><div class=\"image\"><img decoding=\"async\" src=\"https:\/\/camping-lariviere.com\/wp-content\/uploads\/2021\/09\/camping-provence-100x71.jpg\" data-src=\"https:\/\/camping-lariviere.com\/wp-content\/uploads\/2021\/09\/camping-provence.jpg\" alt=\"camping-provence\" class=\"images_image\" Uw vakantie in PACA\/><\/div><\/div><\/div><\/div><\/div><\/section>\n\n<section id=\"section-61323823def20\"\" class=\"section bg-white p-t-0 p-b-0\" \/><div class=\"container full\"><div class=\"colonnes-wrap valign-middle \"><div class=\"element colonne \"><div class=\"element images scroll-x-mobile\"><div class=\"image\"><img decoding=\"async\" src=\"https:\/\/camping-lariviere.com\/wp-content\/uploads\/2021\/09\/camping-provence-paca-100x71.jpg\" data-src=\"https:\/\/camping-lariviere.com\/wp-content\/uploads\/2021\/09\/camping-provence-paca.jpg\" alt=\"camping-provence-paca\" class=\"images_image\" \/><\/div><\/div><\/div><div class=\"element colonne \"><h2 class=\"element section-title left\">Kamperen in de Provence<\/h2><div class=\"element bloc-text justify \">\n\t<p>Kom met uw gezin, met z&#8217;n twee\u00ebn of met vrienden naar Camping La Rivi\u00e8re en ervaar de gezelligheid onder de zon van de Provence. <strong class=\"bold color1\">Boek nu uw <a href=\"https:\/\/camping-lariviere.com\/nl\/verhuur-stacaravans-provence\/\">stacaravan verhuur in Luberon<\/a> veld en bereid uw verblijf in de Provence met gemak voor!<br \/>\nTussen comfort, eenvoud en de nabijheid van de natuur, is dit de ideale plek om nieuwe energie op te doen en optimaal te genieten van uw ontdekkingen. Kies nu <strong class=\"bold color1\">een locatie<\/strong> in de buurt van de rivier, met of zonder elektriciteit, en ga op avontuur! <\/strong><\/p>\n<\/div><\/div><\/div><\/div><\/section>\n\n<section id=\"section-5f8ff6ff65f07\"\" class=\"section bg-white\" \/><div class=\"container extralarge\"><div class=\"element section-title center title-cta\">Ontdek Forcalquier, Manosque en de Gorges du Verdon<\/div><ul class=\"liste-de-page\"><li class=\"element call-to-action center title-cta call-to-action--style-1 call-to-action--big\"><a href=\"https:\/\/camping-lariviere.com\/nl\/vakantiemanosque\/\"  class=\"call-to-action_link\" title=\"Meer informatie over manosque\"><div class=\"call-to-action_image\"><img decoding=\"async\" src=\"https:\/\/camping-lariviere.com\/wp-content\/uploads\/2020\/10\/vacances-manosque-100x65.jpg\" data-src=\"https:\/\/camping-lariviere.com\/wp-content\/uploads\/2020\/10\/vacances-manosque.jpg\" alt=\"vacances manosque\" class=\"big\" \/><\/div><div class=\"call-to-action_contenu\"><div class=\"call-to-action_titre\">Manosque<\/div><\/div><\/a><\/li><li class=\"element call-to-action center title-cta call-to-action--style-1 call-to-action--big call-to-action--style-1 call-to-action--big\"><a href=\"https:\/\/camping-lariviere.com\/nl\/vakanties-gorges-du-verdon\/\"  class=\"call-to-action_link\" title=\"Meer informatie over verdon kloof\"><div class=\"call-to-action_image\"><img decoding=\"async\" src=\"https:\/\/camping-lariviere.com\/wp-content\/uploads\/2020\/10\/camping-la-riviere-cta-gorges-du-verdon-100x53.jpg\" data-src=\"https:\/\/camping-lariviere.com\/wp-content\/uploads\/2020\/10\/camping-la-riviere-cta-gorges-du-verdon.jpg\" alt=\"Camping Gorges du Verdon\" class=\"big\" \/><\/div><div class=\"call-to-action_contenu\"><div class=\"call-to-action_titre\">Verdon kloof<\/div><\/div><\/a><\/li><li class=\"element call-to-action center title-cta call-to-action--style-1 call-to-action--big call-to-action--style-1 call-to-action--big call-to-action--style-1 call-to-action--big\"><a href=\"https:\/\/camping-lariviere.com\/nl\/vakantie-forcalquier\/\"  class=\"call-to-action_link\" title=\"Meer informatie over forcalquier\"><div class=\"call-to-action_image\"><img decoding=\"async\" src=\"https:\/\/camping-lariviere.com\/wp-content\/uploads\/2020\/10\/citadelle-forcalquier-100x65.jpg\" data-src=\"https:\/\/camping-lariviere.com\/wp-content\/uploads\/2020\/10\/citadelle-forcalquier.jpg\" alt=\"citadelle forcalquier\" class=\"big\" \/><\/div><div class=\"call-to-action_contenu\"><div class=\"call-to-action_titre\">Forcalquier<\/div><\/div><\/a><\/li><\/ul><\/div><\/section>","protected":false},"excerpt":{"rendered":"","protected":false},"author":1,"featured_media":1769,"parent":0,"menu_order":0,"comment_status":"closed","ping_status":"closed","template":"","meta":{"_acf_changed":false,"footnotes":""},"class_list":["post-2293","page","type-page","status-publish","has-post-thumbnail","hentry"],"acf":[],"yoast_head":"<!-- This site is optimized with the Yoast SEO plugin v23.4 - https:\/\/yoast.com\/wordpress\/plugins\/seo\/ -->\n<title>Toerisme in de Provence | Wat te doen en te zien in de Provence<\/title>\n<meta name=\"description\" content=\"De camping La Rivi\u00e8re bevindt zich in de PACA-regio, een uitzonderlijk gebied, waar vele onvergetelijke natuur- en toeristische trekpleisters\" \/>\n<meta name=\"robots\" content=\"index, follow, max-snippet:-1, max-image-preview:large, max-video-preview:-1\" \/>\n<link rel=\"canonical\" href=\"https:\/\/camping-lariviere.com\/nl\/paca-vacature\/\" \/>\n<meta property=\"og:locale\" content=\"nl_NL\" \/>\n<meta property=\"og:type\" content=\"article\" \/>\n<meta property=\"og:title\" content=\"Toerisme in de Provence | Wat te doen en te zien in de Provence\" \/>\n<meta property=\"og:description\" content=\"De camping La Rivi\u00e8re bevindt zich in de PACA-regio, een uitzonderlijk gebied, waar vele onvergetelijke natuur- en toeristische trekpleisters\" \/>\n<meta property=\"og:url\" content=\"https:\/\/camping-lariviere.com\/nl\/paca-vacature\/\" \/>\n<meta property=\"og:site_name\" content=\"Camping la Rivi\u00e8re\" \/>\n<meta property=\"article:modified_time\" content=\"2022-04-25T08:21:10+00:00\" \/>\n<meta property=\"og:image\" content=\"https:\/\/camping-lariviere.com\/wp-content\/uploads\/2020\/11\/vue-provence-1.jpg\" \/>\n\t<meta property=\"og:image:width\" content=\"1903\" \/>\n\t<meta property=\"og:image:height\" content=\"450\" \/>\n\t<meta property=\"og:image:type\" content=\"image\/jpeg\" \/>\n<meta name=\"twitter:card\" content=\"summary_large_image\" \/>\n<script type=\"application\/ld+json\" class=\"yoast-schema-graph\">{\"@context\":\"https:\/\/schema.org\",\"@graph\":[{\"@type\":\"WebPage\",\"@id\":\"https:\/\/camping-lariviere.com\/nl\/paca-vacature\/\",\"url\":\"https:\/\/camping-lariviere.com\/nl\/paca-vacature\/\",\"name\":\"Toerisme in de Provence | Wat te doen en te zien in de Provence\",\"isPartOf\":{\"@id\":\"https:\/\/camping-lariviere.com\/nl\/#website\"},\"primaryImageOfPage\":{\"@id\":\"https:\/\/camping-lariviere.com\/nl\/paca-vacature\/#primaryimage\"},\"image\":{\"@id\":\"https:\/\/camping-lariviere.com\/nl\/paca-vacature\/#primaryimage\"},\"thumbnailUrl\":\"https:\/\/camping-lariviere.com\/wp-content\/uploads\/2020\/11\/vue-provence-1.jpg\",\"datePublished\":\"2020-10-14T08:29:58+00:00\",\"dateModified\":\"2022-04-25T08:21:10+00:00\",\"description\":\"De camping La Rivi\u00e8re bevindt zich in de PACA-regio, een uitzonderlijk gebied, waar vele onvergetelijke natuur- en toeristische trekpleisters\",\"breadcrumb\":{\"@id\":\"https:\/\/camping-lariviere.com\/nl\/paca-vacature\/#breadcrumb\"},\"inLanguage\":\"nl-NL\",\"potentialAction\":[{\"@type\":\"ReadAction\",\"target\":[\"https:\/\/camping-lariviere.com\/nl\/paca-vacature\/\"]}]},{\"@type\":\"ImageObject\",\"inLanguage\":\"nl-NL\",\"@id\":\"https:\/\/camping-lariviere.com\/nl\/paca-vacature\/#primaryimage\",\"url\":\"https:\/\/camping-lariviere.com\/wp-content\/uploads\/2020\/11\/vue-provence-1.jpg\",\"contentUrl\":\"https:\/\/camping-lariviere.com\/wp-content\/uploads\/2020\/11\/vue-provence-1.jpg\",\"width\":1903,\"height\":450,\"caption\":\"vue provence\"},{\"@type\":\"BreadcrumbList\",\"@id\":\"https:\/\/camping-lariviere.com\/nl\/paca-vacature\/#breadcrumb\",\"itemListElement\":[{\"@type\":\"ListItem\",\"position\":1,\"name\":\"Kamperen in de Provence\",\"item\":\"https:\/\/camping-lariviere.com\/nl\/\"},{\"@type\":\"ListItem\",\"position\":2,\"name\":\"Bezoek de PACA-regio\"}]},{\"@type\":\"WebSite\",\"@id\":\"https:\/\/camping-lariviere.com\/nl\/#website\",\"url\":\"https:\/\/camping-lariviere.com\/nl\/\",\"name\":\"Camping la Rivi\u00e8re\",\"description\":\"\",\"publisher\":{\"@id\":\"https:\/\/camping-lariviere.com\/nl\/#organization\"},\"potentialAction\":[{\"@type\":\"SearchAction\",\"target\":{\"@type\":\"EntryPoint\",\"urlTemplate\":\"https:\/\/camping-lariviere.com\/nl\/?s={search_term_string}\"},\"query-input\":{\"@type\":\"PropertyValueSpecification\",\"valueRequired\":true,\"valueName\":\"search_term_string\"}}],\"inLanguage\":\"nl-NL\"},{\"@type\":\"Organization\",\"@id\":\"https:\/\/camping-lariviere.com\/nl\/#organization\",\"name\":\"Camping La Rivi\u00e8re\",\"url\":\"https:\/\/camping-lariviere.com\/nl\/\",\"logo\":{\"@type\":\"ImageObject\",\"inLanguage\":\"nl-NL\",\"@id\":\"https:\/\/camping-lariviere.com\/nl\/#\/schema\/logo\/image\/\",\"url\":\"https:\/\/camping-lariviere.com\/wp-content\/uploads\/2020\/10\/camping-la-riviere-logo.png\",\"contentUrl\":\"https:\/\/camping-lariviere.com\/wp-content\/uploads\/2020\/10\/camping-la-riviere-logo.png\",\"width\":260,\"height\":210,\"caption\":\"Camping La Rivi\u00e8re\"},\"image\":{\"@id\":\"https:\/\/camping-lariviere.com\/nl\/#\/schema\/logo\/image\/\"}}]}<\/script>\n<!-- \/ Yoast SEO plugin. -->","yoast_head_json":{"title":"Toerisme in de Provence | Wat te doen en te zien in de Provence","description":"De camping La Rivi\u00e8re bevindt zich in de PACA-regio, een uitzonderlijk gebied, waar vele onvergetelijke natuur- en toeristische trekpleisters","robots":{"index":"index","follow":"follow","max-snippet":"max-snippet:-1","max-image-preview":"max-image-preview:large","max-video-preview":"max-video-preview:-1"},"canonical":"https:\/\/camping-lariviere.com\/nl\/paca-vacature\/","og_locale":"nl_NL","og_type":"article","og_title":"Toerisme in de Provence | Wat te doen en te zien in de Provence","og_description":"De camping La Rivi\u00e8re bevindt zich in de PACA-regio, een uitzonderlijk gebied, waar vele onvergetelijke natuur- en toeristische trekpleisters","og_url":"https:\/\/camping-lariviere.com\/nl\/paca-vacature\/","og_site_name":"Camping la Rivi\u00e8re","article_modified_time":"2022-04-25T08:21:10+00:00","og_image":[{"width":1903,"height":450,"url":"https:\/\/camping-lariviere.com\/wp-content\/uploads\/2020\/11\/vue-provence-1.jpg","type":"image\/jpeg"}],"twitter_card":"summary_large_image","schema":{"@context":"https:\/\/schema.org","@graph":[{"@type":"WebPage","@id":"https:\/\/camping-lariviere.com\/nl\/paca-vacature\/","url":"https:\/\/camping-lariviere.com\/nl\/paca-vacature\/","name":"Toerisme in de Provence | Wat te doen en te zien in de Provence","isPartOf":{"@id":"https:\/\/camping-lariviere.com\/nl\/#website"},"primaryImageOfPage":{"@id":"https:\/\/camping-lariviere.com\/nl\/paca-vacature\/#primaryimage"},"image":{"@id":"https:\/\/camping-lariviere.com\/nl\/paca-vacature\/#primaryimage"},"thumbnailUrl":"https:\/\/camping-lariviere.com\/wp-content\/uploads\/2020\/11\/vue-provence-1.jpg","datePublished":"2020-10-14T08:29:58+00:00","dateModified":"2022-04-25T08:21:10+00:00","description":"De camping La Rivi\u00e8re bevindt zich in de PACA-regio, een uitzonderlijk gebied, waar vele onvergetelijke natuur- en toeristische trekpleisters","breadcrumb":{"@id":"https:\/\/camping-lariviere.com\/nl\/paca-vacature\/#breadcrumb"},"inLanguage":"nl-NL","potentialAction":[{"@type":"ReadAction","target":["https:\/\/camping-lariviere.com\/nl\/paca-vacature\/"]}]},{"@type":"ImageObject","inLanguage":"nl-NL","@id":"https:\/\/camping-lariviere.com\/nl\/paca-vacature\/#primaryimage","url":"https:\/\/camping-lariviere.com\/wp-content\/uploads\/2020\/11\/vue-provence-1.jpg","contentUrl":"https:\/\/camping-lariviere.com\/wp-content\/uploads\/2020\/11\/vue-provence-1.jpg","width":1903,"height":450,"caption":"vue provence"},{"@type":"BreadcrumbList","@id":"https:\/\/camping-lariviere.com\/nl\/paca-vacature\/#breadcrumb","itemListElement":[{"@type":"ListItem","position":1,"name":"Kamperen in de Provence","item":"https:\/\/camping-lariviere.com\/nl\/"},{"@type":"ListItem","position":2,"name":"Bezoek de PACA-regio"}]},{"@type":"WebSite","@id":"https:\/\/camping-lariviere.com\/nl\/#website","url":"https:\/\/camping-lariviere.com\/nl\/","name":"Camping la Rivi\u00e8re","description":"","publisher":{"@id":"https:\/\/camping-lariviere.com\/nl\/#organization"},"potentialAction":[{"@type":"SearchAction","target":{"@type":"EntryPoint","urlTemplate":"https:\/\/camping-lariviere.com\/nl\/?s={search_term_string}"},"query-input":{"@type":"PropertyValueSpecification","valueRequired":true,"valueName":"search_term_string"}}],"inLanguage":"nl-NL"},{"@type":"Organization","@id":"https:\/\/camping-lariviere.com\/nl\/#organization","name":"Camping La Rivi\u00e8re","url":"https:\/\/camping-lariviere.com\/nl\/","logo":{"@type":"ImageObject","inLanguage":"nl-NL","@id":"https:\/\/camping-lariviere.com\/nl\/#\/schema\/logo\/image\/","url":"https:\/\/camping-lariviere.com\/wp-content\/uploads\/2020\/10\/camping-la-riviere-logo.png","contentUrl":"https:\/\/camping-lariviere.com\/wp-content\/uploads\/2020\/10\/camping-la-riviere-logo.png","width":260,"height":210,"caption":"Camping La Rivi\u00e8re"},"image":{"@id":"https:\/\/camping-lariviere.com\/nl\/#\/schema\/logo\/image\/"}}]}},"_links":{"self":[{"href":"https:\/\/camping-lariviere.com\/nl\/wp-json\/wp\/v2\/pages\/2293","targetHints":{"allow":["GET"]}}],"collection":[{"href":"https:\/\/camping-lariviere.com\/nl\/wp-json\/wp\/v2\/pages"}],"about":[{"href":"https:\/\/camping-lariviere.com\/nl\/wp-json\/wp\/v2\/types\/page"}],"author":[{"embeddable":true,"href":"https:\/\/camping-lariviere.com\/nl\/wp-json\/wp\/v2\/users\/1"}],"replies":[{"embeddable":true,"href":"https:\/\/camping-lariviere.com\/nl\/wp-json\/wp\/v2\/comments?post=2293"}],"version-history":[{"count":17,"href":"https:\/\/camping-lariviere.com\/nl\/wp-json\/wp\/v2\/pages\/2293\/revisions"}],"predecessor-version":[{"id":4993,"href":"https:\/\/camping-lariviere.com\/nl\/wp-json\/wp\/v2\/pages\/2293\/revisions\/4993"}],"wp:featuredmedia":[{"embeddable":true,"href":"https:\/\/camping-lariviere.com\/nl\/wp-json\/wp\/v2\/media\/1769"}],"wp:attachment":[{"href":"https:\/\/camping-lariviere.com\/nl\/wp-json\/wp\/v2\/media?parent=2293"}],"curies":[{"name":"wp","href":"https:\/\/api.w.org\/{rel}","templated":true}]}}