{"id":2301,"date":"2020-10-14T10:30:55","date_gmt":"2020-10-14T08:30:55","guid":{"rendered":"http:\/\/camping-lariviere.com\/vacances-gorges-du-verdon\/"},"modified":"2021-04-15T15:23:59","modified_gmt":"2021-04-15T13:23:59","slug":"vakanties-gorges-du-verdon","status":"publish","type":"page","link":"https:\/\/camping-lariviere.com\/nl\/vakanties-gorges-du-verdon\/","title":{"rendered":"Alentours : Gorges du Verdon"},"content":{"rendered":"<section id=\"section-5f8ff6ff65384\"\" class=\"section bg-color2 p-b-0\" \/><div class=\"container extralarge\"><h1 class=\"element section-title center\">Bezoek aan de Gorges du Verdon<\/h1><\/div><\/section>\n\n<section id=\"section-5f8ff6ff65789\"\" class=\"section bg-white p-t-0 p-b-0\" \/><div class=\"container full\"><div class=\"colonnes-wrap valign-middle \"><div class=\"element colonne w-20 p-0\"><div class=\"element images scroll-x-mobile\"><div class=\"image\"><img decoding=\"async\" src=\"https:\/\/camping-lariviere.com\/wp-content\/uploads\/2020\/10\/vacances-lac-sainte-croix-100x100.jpg\" data-src=\"https:\/\/camping-lariviere.com\/wp-content\/uploads\/2020\/10\/vacances-lac-sainte-croix.jpg\" alt=\"vacances lac sainte croix\" class=\"images_image\" \/><\/div><\/div><div class=\"element images scroll-x-mobile\"><div class=\"image\"><img decoding=\"async\" src=\"https:\/\/camping-lariviere.com\/wp-content\/uploads\/2020\/10\/randonnee-gorge-verdon-100x100.jpg\" data-src=\"https:\/\/camping-lariviere.com\/wp-content\/uploads\/2020\/10\/randonnee-gorge-verdon.jpg\" alt=\"randonn\u00e9e gorge verdon\" class=\"images_image\" \/><\/div><\/div><\/div><div class=\"element colonne w-60 p-x-6\"><h2 class=\"element section-title center\">De Gorges du Verdon, een uitzonderlijke plek<\/h2><div class=\"element bloc-text center \">\n\t<p>Dit zijn smalle kloven met een diepte tot 700 m en een breedte van 6 tot 100 meter op het niveau van de <strong class=\"bold color1\">Verdon River<\/strong>. Het hoogtepunt is natuurlijk de <strong class=\"bold color1\">meer van Sainte-Croix<\/strong>, een kunstmatig meer dat in 1973 is ontstaan na de bouw van de Sainte-Croix-dam.<\/p>\n<p>U zult ook opmerkelijke punten ontdekken zoals <strong class=\"bold color1\">&#8220;Le Styx&#8221; du Verdon<\/strong> (genoemd naar de rivier de Styx in de Griekse mythologie) die een soort minicanyon binnen de canyon is, of <strong class=\"bold color1\">&#8220;L&#8217;Imbut&#8221;<\/strong> die een smalle doorgang is waardoor de Verdon ondergronds verdwijnt, onder een enorme rotsachtige chaos. <\/p>\n<p>De Gorges du Verdon is een uniek en beschermd natuurgebied op slechts 50 minuten van de camping waar u vele activiteiten kunt beoefenen zoals :<\/p>\n<ul class=\"list-center\">\n<li>Canyoning<\/li>\n<li>Rafting<\/li>\n<li>Pedaalboot<\/li>\n<li>Zwemmen<\/li>\n<li>Bungeejumpen<\/li>\n<li>Base Jump<\/li>\n<li>Paragliding<\/li>\n<li>Fly fishing<\/li>\n<\/ul>\n<p>We raden u sterk aan, vooral in het hoogseizoen, om <strong class=\"bold color1\">uw activiteiten op voorhand te boeken<\/strong> om de frustratie te vermijden dat u te horen krijgt dat alles al vol is.<\/p>\n<\/div><\/div><div class=\"element colonne w-20 p-0\"><div class=\"element images scroll-x-mobile\"><div class=\"image\"><img decoding=\"async\" src=\"https:\/\/camping-lariviere.com\/wp-content\/uploads\/2020\/10\/tourisme-gorges-du-verdon-100x100.jpg\" data-src=\"https:\/\/camping-lariviere.com\/wp-content\/uploads\/2020\/10\/tourisme-gorges-du-verdon.jpg\" alt=\"tourisme gorges du verdon\" class=\"images_image\" De Gorges du Verdon, een uitzonderlijke plek\/><\/div><\/div><div class=\"element images scroll-x-mobile\"><div class=\"image\"><img decoding=\"async\" src=\"https:\/\/camping-lariviere.com\/wp-content\/uploads\/2020\/10\/camping-gorges-du-verdon-100x100.jpg\" data-src=\"https:\/\/camping-lariviere.com\/wp-content\/uploads\/2020\/10\/camping-gorges-du-verdon.jpg\" alt=\"camping gorges du verdon\" class=\"images_image\" De Gorges du Verdon, een uitzonderlijke plek\/><\/div><\/div><\/div><\/div><\/div><\/section>\n\n<section id=\"section-moustiers\"\" class=\"section bg-white p-t-0 p-b-0\" \/><div class=\"container full\"><div class=\"colonnes-wrap valign-middle bg-color2\"><div class=\"element colonne p-0\"><div class=\"element images scroll-x-mobile\"><div class=\"image\"><img decoding=\"async\" src=\"https:\/\/camping-lariviere.com\/wp-content\/uploads\/2020\/10\/moustiers-sainte-marie-100x71.jpg\" data-src=\"https:\/\/camping-lariviere.com\/wp-content\/uploads\/2020\/10\/moustiers-sainte-marie.jpg\" alt=\"vacances moustiers sainte marie\" class=\"images_image\" \/><\/div><\/div><\/div><div class=\"element colonne p-x-10\"><h2 class=\"element section-title left\">Moustiers-Sainte-Marie en Esparron-de-Verdon<\/h2><div class=\"element bloc-text justify \">\n\t<p>Stop tijdens uw bezoek bij Moustiers-Sainte-Marie, geklasseerd als een van de <strong class=\"bold color1\">mooiste dorp van Frankrijk<\/strong> en gelegen naast de <strong class=\"bold color1\">Meer van Sainte-Croix<\/strong>. Genesteld tegen een rotsachtige helling wordt dit dorp vaak vergeleken met een wieg met zijn ster die sinds de 13e eeuw in de leegte hangt aan een ketting en zich uitstrekt tussen twee rotsachtige pieken. <\/p>\n<p>De ster is in de loop der eeuwen minstens 11 keer gevallen en is altijd vervangen door zijn bewoners. Moustier-Sainte-Marie is ook zijn <strong class=\"bold color1\">bekend aardewerk<\/strong> tentoongesteld in vele winkels in het dorp, de gelegenheid om een typisch en duur souvenir mee terug te nemen of om het in 1930 opgerichte aardewerkmuseum te bezoeken.<\/p>\n<p>40 km van de camping, en nog steeds in de Gorges, ontdek ook <strong class=\"bold color1\">Esparron-de-Verdon<\/strong> en het gelijknamige meer, doorkruist door de GR4 wandelroute en ingesteld in 2015 van de TV serie &#8220;Les Myst\u00e8res du Lac&#8221;. Wandel door de smalle straatjes van het dorp, geniet van zijn <strong class=\"bold color1\">13e eeuwse kasteel<\/strong> en zijn pittoreske oude huizen. Huur een elektrische boot en ga de Gorges d&#8217;Esparron binnen, ook <strong class=\"bold color1\">magnifieke<\/strong> en vooral minder druk bezocht (reservering sterk aanbevolen in het hoogseizoen).<\/p>\n<p>De volgende activiteiten worden gepresenteerd door onze partner <strong class=\"bold color1\">locale Verdon Voyages<\/strong>. U kunt ook contact met hen opnemen via <a href=\"tel:+33492710133\">04 92 71 01 33<\/a>.<\/p>\n<\/div><\/div><\/div><\/div><\/section>\n\n<section id=\"section-5f8ff6ff65c67\"\" class=\"section bg-white\" \/><div class=\"container extralarge\"><h2 class=\"element section-title center\">Activiteiten in de Gorges du Verdon <\/h2><div class=\"element bloc-text justify frame-activite\">\n\t<p><script type=\"text\/javascript\" src=\"https:\/\/widgets.bokun.io\/assets\/javascripts\/apps\/build\/BokunWidgetsLoader.js?bookingChannelUUID=14ae0de1-d62e-42d2-99f9-b4a6a67cafc1\" async><\/script><\/p>\n<div class=\"bokunWidget\" data-src=\"https:\/\/widgets.bokun.io\/online-sales\/14ae0de1-d62e-42d2-99f9-b4a6a67cafc1\/product-list\/27505\"><\/div>\n<\/div><\/div><\/section>\n\n<section id=\"section-5f8ff6ff65a6c\"\" class=\"section bg-color2 p-t-0 p-b-0\" \/><div class=\"container full\"><div class=\"colonnes-wrap valign-middle \"><div class=\"element colonne p-0\"><div class=\"carte\" data-src=\"https:\/\/www.google.com\/maps\/embed?pb=!1m28!1m12!1m3!1d154849.48741012556!2d5.973423649508144!3d43.849314824559805!2m3!1f0!2f0!3f0!3m2!1i1024!2i768!4f13.1!4m13!3e0!4m5!1s0x12cbcbdb0ab6f037%3A0x3e9cc0b311b88981!2sFlower%20Camping%20La%20Rivi%C3%A8re%2C%20Lieu%20dit%2C%20Les%20C%C3%B4tes%2C%2004300%20Saint-Maime!3m2!1d43.897991999999995!2d5.807036!4m5!1s0x12cbf9bd072fb97d%3A0x74cef461a9cce509!2sGorges%20du%20Verdon!3m2!1d43.761359299999995!2d6.3788371999999995!5e0!3m2!1sfr!2sfr!4v1604394444397!5m2!1sfr!2sfr\"><\/div><\/div><div class=\"element colonne p-x-10\"><h2 class=\"element section-title left\">Ontdek de Gorges du Verdon in de buurt van de camping<\/h2><div class=\"element bloc-text justify \">\n\t<p>De <strong class=\"bold color1\">Gorges du Verdon<\/strong> liggen op slechts 90 km van de Proven\u00e7aalse camping.<\/p>\n<p>Huur voor uw vakantie tegen de beste prijs in de Provence \u00e9\u00e9n van onze accommodaties op camping la Rivi\u00e8re. Onze stacaravans en staanplaatsen bieden u het nodige comfort en privacy. Met het gezin of met vrienden brengt u een aangenaam verblijf door op onze camping.<\/p>\n<p>De diensten die de camping aanbiedt, bieden u een maximum aan comfort. Terwijl de animaties en activiteiten het geluk van de jongste en de oudste zullen maken. Dankzij ons buitenzwembad kunt u zich ontspannen terwijl uw kinderen zich vermaken in het kikkerbad.<\/p>\n<p>Voor een vakantie vol emoties en met een klein budget kunt u profiteren van onze beste tarieven door te kiezen voor het huren van een van onze accommodaties op de camping.<\/p>\n<\/div><\/div><\/div><\/div><\/section>\n\n<section id=\"section-5f8ff6ff65f07\"\" class=\"section bg-white\" \/><div class=\"container extralarge\"><div class=\"element section-title center title-cta\">Andere bezienswaardigheden in de buurt van de Gorges du Verdon<\/div><ul class=\"liste-de-page\"><li class=\"element call-to-action center title-cta call-to-action--style-1 call-to-action--big\"><a href=\"https:\/\/camping-lariviere.com\/nl\/paca-vacature\/\"  class=\"call-to-action_link\" title=\"Meer informatie over paca-gebied\"><div class=\"call-to-action_image\"><img decoding=\"async\" src=\"https:\/\/camping-lariviere.com\/wp-content\/uploads\/2020\/10\/camping-la-riviere-cta-villages-provencaux-100x53.jpg\" data-src=\"https:\/\/camping-lariviere.com\/wp-content\/uploads\/2020\/10\/camping-la-riviere-cta-villages-provencaux.jpg\" alt=\"La Rivi\u00e8re village provincial\" class=\"big\" \/><\/div><div class=\"call-to-action_contenu\"><div class=\"call-to-action_titre\">PACA-gebied<\/div><\/div><\/a><\/li><li class=\"element call-to-action center title-cta call-to-action--style-1 call-to-action--big call-to-action--style-1 call-to-action--big\"><a href=\"https:\/\/camping-lariviere.com\/nl\/vakantie-forcalquier\/\"  class=\"call-to-action_link\" title=\"Meer informatie over forcalquier\"><div class=\"call-to-action_image\"><img decoding=\"async\" src=\"https:\/\/camping-lariviere.com\/wp-content\/uploads\/2020\/10\/citadelle-forcalquier-100x65.jpg\" data-src=\"https:\/\/camping-lariviere.com\/wp-content\/uploads\/2020\/10\/citadelle-forcalquier.jpg\" alt=\"citadelle forcalquier\" class=\"big\" \/><\/div><div class=\"call-to-action_contenu\"><div class=\"call-to-action_titre\">Forcalquier<\/div><\/div><\/a><\/li><li class=\"element call-to-action center title-cta call-to-action--style-1 call-to-action--big call-to-action--style-1 call-to-action--big call-to-action--style-1 call-to-action--big\"><a href=\"https:\/\/camping-lariviere.com\/nl\/provencaalse-bezoeken\/\"  class=\"call-to-action_link\" title=\"Meer informatie over andere bezoeken\"><div class=\"call-to-action_image\"><img decoding=\"async\" src=\"https:\/\/camping-lariviere.com\/wp-content\/uploads\/2020\/10\/sisteron-village-provence-100x65.jpg\" data-src=\"https:\/\/camping-lariviere.com\/wp-content\/uploads\/2020\/10\/sisteron-village-provence.jpg\" alt=\"Sisteron Village Provence\" class=\"big\" \/><\/div><div class=\"call-to-action_contenu\"><div class=\"call-to-action_titre\">Andere bezoeken<\/div><\/div><\/a><\/li><\/ul><\/div><\/section>","protected":false},"excerpt":{"rendered":"","protected":false},"author":1,"featured_media":519,"parent":0,"menu_order":0,"comment_status":"closed","ping_status":"closed","template":"","meta":{"_acf_changed":false,"footnotes":""},"class_list":["post-2301","page","type-page","status-publish","has-post-thumbnail","hentry"],"acf":[],"yoast_head":"<!-- This site is optimized with the Yoast SEO plugin v23.4 - https:\/\/yoast.com\/wordpress\/plugins\/seo\/ -->\n<title>Camping in de buurt van Gorges du Verdon | Activiteiten Gorges Verdon<\/title>\n<meta name=\"description\" content=\"De Gorges du Verdon op 50 minuten van de camping. Meer van Sainte-Croix, Moustiers Sainte-Marie. Een niet te missen plek.\" \/>\n<meta name=\"robots\" content=\"index, follow, max-snippet:-1, max-image-preview:large, max-video-preview:-1\" \/>\n<link rel=\"canonical\" href=\"https:\/\/camping-lariviere.com\/nl\/vakanties-gorges-du-verdon\/\" \/>\n<meta property=\"og:locale\" content=\"nl_NL\" \/>\n<meta property=\"og:type\" content=\"article\" \/>\n<meta property=\"og:title\" content=\"Camping in de buurt van Gorges du Verdon | Activiteiten Gorges Verdon\" \/>\n<meta property=\"og:description\" content=\"De Gorges du Verdon op 50 minuten van de camping. Meer van Sainte-Croix, Moustiers Sainte-Marie. Een niet te missen plek.\" \/>\n<meta property=\"og:url\" content=\"https:\/\/camping-lariviere.com\/nl\/vakanties-gorges-du-verdon\/\" \/>\n<meta property=\"og:site_name\" content=\"Camping la Rivi\u00e8re\" \/>\n<meta property=\"article:modified_time\" content=\"2021-04-15T13:23:59+00:00\" \/>\n<meta property=\"og:image\" content=\"https:\/\/camping-lariviere.com\/wp-content\/uploads\/2020\/10\/vacances-gorges-verdon.jpg\" \/>\n\t<meta property=\"og:image:width\" content=\"1903\" \/>\n\t<meta property=\"og:image:height\" content=\"549\" \/>\n\t<meta property=\"og:image:type\" content=\"image\/jpeg\" \/>\n<meta name=\"twitter:card\" content=\"summary_large_image\" \/>\n<script type=\"application\/ld+json\" class=\"yoast-schema-graph\">{\"@context\":\"https:\/\/schema.org\",\"@graph\":[{\"@type\":\"WebPage\",\"@id\":\"https:\/\/camping-lariviere.com\/nl\/vakanties-gorges-du-verdon\/\",\"url\":\"https:\/\/camping-lariviere.com\/nl\/vakanties-gorges-du-verdon\/\",\"name\":\"Camping in de buurt van Gorges du Verdon | Activiteiten Gorges Verdon\",\"isPartOf\":{\"@id\":\"https:\/\/camping-lariviere.com\/nl\/#website\"},\"primaryImageOfPage\":{\"@id\":\"https:\/\/camping-lariviere.com\/nl\/vakanties-gorges-du-verdon\/#primaryimage\"},\"image\":{\"@id\":\"https:\/\/camping-lariviere.com\/nl\/vakanties-gorges-du-verdon\/#primaryimage\"},\"thumbnailUrl\":\"https:\/\/camping-lariviere.com\/wp-content\/uploads\/2020\/10\/vacances-gorges-verdon.jpg\",\"datePublished\":\"2020-10-14T08:30:55+00:00\",\"dateModified\":\"2021-04-15T13:23:59+00:00\",\"description\":\"De Gorges du Verdon op 50 minuten van de camping. Meer van Sainte-Croix, Moustiers Sainte-Marie. Een niet te missen plek.\",\"breadcrumb\":{\"@id\":\"https:\/\/camping-lariviere.com\/nl\/vakanties-gorges-du-verdon\/#breadcrumb\"},\"inLanguage\":\"nl-NL\",\"potentialAction\":[{\"@type\":\"ReadAction\",\"target\":[\"https:\/\/camping-lariviere.com\/nl\/vakanties-gorges-du-verdon\/\"]}]},{\"@type\":\"ImageObject\",\"inLanguage\":\"nl-NL\",\"@id\":\"https:\/\/camping-lariviere.com\/nl\/vakanties-gorges-du-verdon\/#primaryimage\",\"url\":\"https:\/\/camping-lariviere.com\/wp-content\/uploads\/2020\/10\/vacances-gorges-verdon.jpg\",\"contentUrl\":\"https:\/\/camping-lariviere.com\/wp-content\/uploads\/2020\/10\/vacances-gorges-verdon.jpg\",\"width\":1903,\"height\":549,\"caption\":\"vacances gorges verdon\"},{\"@type\":\"BreadcrumbList\",\"@id\":\"https:\/\/camping-lariviere.com\/nl\/vakanties-gorges-du-verdon\/#breadcrumb\",\"itemListElement\":[{\"@type\":\"ListItem\",\"position\":1,\"name\":\"Kamperen in de Provence\",\"item\":\"https:\/\/camping-lariviere.com\/nl\/\"},{\"@type\":\"ListItem\",\"position\":2,\"name\":\"Camping in de buurt van Gorges du Verdon\"}]},{\"@type\":\"WebSite\",\"@id\":\"https:\/\/camping-lariviere.com\/nl\/#website\",\"url\":\"https:\/\/camping-lariviere.com\/nl\/\",\"name\":\"Camping la Rivi\u00e8re\",\"description\":\"\",\"publisher\":{\"@id\":\"https:\/\/camping-lariviere.com\/nl\/#organization\"},\"potentialAction\":[{\"@type\":\"SearchAction\",\"target\":{\"@type\":\"EntryPoint\",\"urlTemplate\":\"https:\/\/camping-lariviere.com\/nl\/?s={search_term_string}\"},\"query-input\":{\"@type\":\"PropertyValueSpecification\",\"valueRequired\":true,\"valueName\":\"search_term_string\"}}],\"inLanguage\":\"nl-NL\"},{\"@type\":\"Organization\",\"@id\":\"https:\/\/camping-lariviere.com\/nl\/#organization\",\"name\":\"Camping La Rivi\u00e8re\",\"url\":\"https:\/\/camping-lariviere.com\/nl\/\",\"logo\":{\"@type\":\"ImageObject\",\"inLanguage\":\"nl-NL\",\"@id\":\"https:\/\/camping-lariviere.com\/nl\/#\/schema\/logo\/image\/\",\"url\":\"https:\/\/camping-lariviere.com\/wp-content\/uploads\/2020\/10\/camping-la-riviere-logo.png\",\"contentUrl\":\"https:\/\/camping-lariviere.com\/wp-content\/uploads\/2020\/10\/camping-la-riviere-logo.png\",\"width\":260,\"height\":210,\"caption\":\"Camping La Rivi\u00e8re\"},\"image\":{\"@id\":\"https:\/\/camping-lariviere.com\/nl\/#\/schema\/logo\/image\/\"}}]}<\/script>\n<!-- \/ Yoast SEO plugin. -->","yoast_head_json":{"title":"Camping in de buurt van Gorges du Verdon | Activiteiten Gorges Verdon","description":"De Gorges du Verdon op 50 minuten van de camping. Meer van Sainte-Croix, Moustiers Sainte-Marie. Een niet te missen plek.","robots":{"index":"index","follow":"follow","max-snippet":"max-snippet:-1","max-image-preview":"max-image-preview:large","max-video-preview":"max-video-preview:-1"},"canonical":"https:\/\/camping-lariviere.com\/nl\/vakanties-gorges-du-verdon\/","og_locale":"nl_NL","og_type":"article","og_title":"Camping in de buurt van Gorges du Verdon | Activiteiten Gorges Verdon","og_description":"De Gorges du Verdon op 50 minuten van de camping. Meer van Sainte-Croix, Moustiers Sainte-Marie. Een niet te missen plek.","og_url":"https:\/\/camping-lariviere.com\/nl\/vakanties-gorges-du-verdon\/","og_site_name":"Camping la Rivi\u00e8re","article_modified_time":"2021-04-15T13:23:59+00:00","og_image":[{"width":1903,"height":549,"url":"https:\/\/camping-lariviere.com\/wp-content\/uploads\/2020\/10\/vacances-gorges-verdon.jpg","type":"image\/jpeg"}],"twitter_card":"summary_large_image","schema":{"@context":"https:\/\/schema.org","@graph":[{"@type":"WebPage","@id":"https:\/\/camping-lariviere.com\/nl\/vakanties-gorges-du-verdon\/","url":"https:\/\/camping-lariviere.com\/nl\/vakanties-gorges-du-verdon\/","name":"Camping in de buurt van Gorges du Verdon | Activiteiten Gorges Verdon","isPartOf":{"@id":"https:\/\/camping-lariviere.com\/nl\/#website"},"primaryImageOfPage":{"@id":"https:\/\/camping-lariviere.com\/nl\/vakanties-gorges-du-verdon\/#primaryimage"},"image":{"@id":"https:\/\/camping-lariviere.com\/nl\/vakanties-gorges-du-verdon\/#primaryimage"},"thumbnailUrl":"https:\/\/camping-lariviere.com\/wp-content\/uploads\/2020\/10\/vacances-gorges-verdon.jpg","datePublished":"2020-10-14T08:30:55+00:00","dateModified":"2021-04-15T13:23:59+00:00","description":"De Gorges du Verdon op 50 minuten van de camping. Meer van Sainte-Croix, Moustiers Sainte-Marie. Een niet te missen plek.","breadcrumb":{"@id":"https:\/\/camping-lariviere.com\/nl\/vakanties-gorges-du-verdon\/#breadcrumb"},"inLanguage":"nl-NL","potentialAction":[{"@type":"ReadAction","target":["https:\/\/camping-lariviere.com\/nl\/vakanties-gorges-du-verdon\/"]}]},{"@type":"ImageObject","inLanguage":"nl-NL","@id":"https:\/\/camping-lariviere.com\/nl\/vakanties-gorges-du-verdon\/#primaryimage","url":"https:\/\/camping-lariviere.com\/wp-content\/uploads\/2020\/10\/vacances-gorges-verdon.jpg","contentUrl":"https:\/\/camping-lariviere.com\/wp-content\/uploads\/2020\/10\/vacances-gorges-verdon.jpg","width":1903,"height":549,"caption":"vacances gorges verdon"},{"@type":"BreadcrumbList","@id":"https:\/\/camping-lariviere.com\/nl\/vakanties-gorges-du-verdon\/#breadcrumb","itemListElement":[{"@type":"ListItem","position":1,"name":"Kamperen in de Provence","item":"https:\/\/camping-lariviere.com\/nl\/"},{"@type":"ListItem","position":2,"name":"Camping in de buurt van Gorges du Verdon"}]},{"@type":"WebSite","@id":"https:\/\/camping-lariviere.com\/nl\/#website","url":"https:\/\/camping-lariviere.com\/nl\/","name":"Camping la Rivi\u00e8re","description":"","publisher":{"@id":"https:\/\/camping-lariviere.com\/nl\/#organization"},"potentialAction":[{"@type":"SearchAction","target":{"@type":"EntryPoint","urlTemplate":"https:\/\/camping-lariviere.com\/nl\/?s={search_term_string}"},"query-input":{"@type":"PropertyValueSpecification","valueRequired":true,"valueName":"search_term_string"}}],"inLanguage":"nl-NL"},{"@type":"Organization","@id":"https:\/\/camping-lariviere.com\/nl\/#organization","name":"Camping La Rivi\u00e8re","url":"https:\/\/camping-lariviere.com\/nl\/","logo":{"@type":"ImageObject","inLanguage":"nl-NL","@id":"https:\/\/camping-lariviere.com\/nl\/#\/schema\/logo\/image\/","url":"https:\/\/camping-lariviere.com\/wp-content\/uploads\/2020\/10\/camping-la-riviere-logo.png","contentUrl":"https:\/\/camping-lariviere.com\/wp-content\/uploads\/2020\/10\/camping-la-riviere-logo.png","width":260,"height":210,"caption":"Camping La Rivi\u00e8re"},"image":{"@id":"https:\/\/camping-lariviere.com\/nl\/#\/schema\/logo\/image\/"}}]}},"_links":{"self":[{"href":"https:\/\/camping-lariviere.com\/nl\/wp-json\/wp\/v2\/pages\/2301","targetHints":{"allow":["GET"]}}],"collection":[{"href":"https:\/\/camping-lariviere.com\/nl\/wp-json\/wp\/v2\/pages"}],"about":[{"href":"https:\/\/camping-lariviere.com\/nl\/wp-json\/wp\/v2\/types\/page"}],"author":[{"embeddable":true,"href":"https:\/\/camping-lariviere.com\/nl\/wp-json\/wp\/v2\/users\/1"}],"replies":[{"embeddable":true,"href":"https:\/\/camping-lariviere.com\/nl\/wp-json\/wp\/v2\/comments?post=2301"}],"version-history":[{"count":4,"href":"https:\/\/camping-lariviere.com\/nl\/wp-json\/wp\/v2\/pages\/2301\/revisions"}],"predecessor-version":[{"id":2434,"href":"https:\/\/camping-lariviere.com\/nl\/wp-json\/wp\/v2\/pages\/2301\/revisions\/2434"}],"wp:featuredmedia":[{"embeddable":true,"href":"https:\/\/camping-lariviere.com\/nl\/wp-json\/wp\/v2\/media\/519"}],"wp:attachment":[{"href":"https:\/\/camping-lariviere.com\/nl\/wp-json\/wp\/v2\/media?parent=2301"}],"curies":[{"name":"wp","href":"https:\/\/api.w.org\/{rel}","templated":true}]}}