{"id":2326,"date":"2020-10-14T10:28:31","date_gmt":"2020-10-14T08:28:31","guid":{"rendered":"http:\/\/camping-lariviere.com\/activites-provence\/"},"modified":"2021-04-15T16:45:11","modified_gmt":"2021-04-15T14:45:11","slug":"activiteiten-provence","status":"publish","type":"page","link":"https:\/\/camping-lariviere.com\/nl\/activiteiten-provence\/","title":{"rendered":"Activit\u00e9s \u00e0 proximit\u00e9"},"content":{"rendered":"<section id=\"section-5f8ff6ff65384\"\" class=\"section bg-color2 p-b-0\" \/><div class=\"container extralarge\"><h1 class=\"element section-title center\">Activiteiten in de Provence<\/h1><\/div><\/section>\n\n<section id=\"section-5f8ff6ff65789\"\" class=\"section bg-white p-t-0 p-b-0\" \/><div class=\"container full\"><div class=\"colonnes-wrap valign-middle \"><div class=\"element colonne w-20 p-0\"><div class=\"element images scroll-x-mobile\"><div class=\"image\"><img decoding=\"async\" src=\"https:\/\/camping-lariviere.com\/wp-content\/uploads\/2020\/10\/randonnee-femme-100x100.jpg\" data-src=\"https:\/\/camping-lariviere.com\/wp-content\/uploads\/2020\/10\/randonnee-femme.jpg\" alt=\"randonn\u00e9e femme\" class=\"images_image\" \/><\/div><\/div><div class=\"element images scroll-x-mobile\"><div class=\"image\"><img decoding=\"async\" src=\"https:\/\/camping-lariviere.com\/wp-content\/uploads\/2020\/10\/gorges-du-verdon-lac-100x100.jpg\" data-src=\"https:\/\/camping-lariviere.com\/wp-content\/uploads\/2020\/10\/gorges-du-verdon-lac.jpg\" alt=\"gorges du verdon lac\" class=\"images_image\" \/><\/div><\/div><\/div><div class=\"element colonne w-60 p-x-6\"><h2 class=\"element section-title center\">Ontdek een veelvoud aan activiteiten in de buurt van de camping<\/h2><div class=\"element bloc-text center \">\n\t<p>De <a href=\"\/nl\/\">camping La Rivi\u00e8re<\/a> biedt een zeer aangename omgeving voor <strong class=\"bold color1\">gezinsvakanties<\/strong> en profiteert van een ideale geografische ligging. Gelegen in de <strong class=\"bold color1\">hart van de Provence<\/strong>, is het omgeven door prachtige natuurgebieden en ligt het tussen het natuurpark van de Luberon in het westen, het park van de Gorges du Verdon in het oosten, de Alpen in het noorden en de Middellandse Zee in het zuiden.<\/p>\n<p>De vakantiegangers die bij ons verblijven hebben de mogelijkheid om te genieten van een breed scala aan sportieve, culturele en toeristische activiteiten in de buurt. De camping vormt een echt kruispunt, wat leidt tot vele aantrekkelijke vrijetijdsactiviteiten voor alle smaken.<\/p>\n<p><strong class=\"bold color1\">Wil je de natuur?<\/strong> Maak prachtige wandelingen en lange wandelingen, te voet, op de fiets of te paard, onder de zon, alomtegenwoordig in de Provence.<\/p>\n<p><strong class=\"bold color1\">Lazing around ?<\/strong> Ontspannen aan de rivier of op de ligstoelen van het zwembad van de camping of ga varen op het frisse en kristalheldere water van het meer van Esparron of Sainte Croix.<\/p>\n<p><strong class=\"bold color1\">Visit ?<\/strong> Ons immense culturele, historische en toeristische erfgoed zal uw wens om te ontdekken bevredigen. <\/p>\n<\/div><\/div><div class=\"element colonne w-20 p-0\"><div class=\"element images scroll-x-mobile\"><div class=\"image\"><img decoding=\"async\" src=\"https:\/\/camping-lariviere.com\/wp-content\/uploads\/2020\/11\/colorado-provence-100x100.jpg\" data-src=\"https:\/\/camping-lariviere.com\/wp-content\/uploads\/2020\/11\/colorado-provence.jpg\" alt=\"colorado provence\" class=\"images_image\" Ontdek een veelvoud aan activiteiten in de buurt van de camping\/><\/div><\/div><div class=\"element images scroll-x-mobile\"><div class=\"image\"><img decoding=\"async\" src=\"https:\/\/camping-lariviere.com\/wp-content\/uploads\/2020\/11\/sillans-la-cascade-100x100.jpg\" data-src=\"https:\/\/camping-lariviere.com\/wp-content\/uploads\/2020\/11\/sillans-la-cascade.jpg\" alt=\"sillans la cascade\" class=\"images_image\" Ontdek een veelvoud aan activiteiten in de buurt van de camping\/><\/div><\/div><\/div><\/div><\/div><\/section>\n\n<section id=\"section-5f8ff6ff65a6c\"\" class=\"section bg-white p-t-0 p-b-0\" \/><div class=\"container full\"><div class=\"colonnes-wrap valign-middle bg-color2\"><div class=\"element colonne p-0\"><div class=\"element images scroll-x-mobile\"><div class=\"image\"><img decoding=\"async\" src=\"https:\/\/camping-lariviere.com\/wp-content\/uploads\/2020\/10\/moto-cross-terrain-100x71.jpg\" data-src=\"https:\/\/camping-lariviere.com\/wp-content\/uploads\/2020\/10\/moto-cross-terrain.jpg\" alt=\"moto cross terrain\" class=\"images_image\" \/><\/div><\/div><\/div><div class=\"element colonne p-x-10\"><h2 class=\"element section-title left\"> Talrijke vrijetijdsactiviteiten in de Provence<\/h2><div class=\"element bloc-text justify \">\n\t<p>In de buurt kunt u over de landschappen van de Provence vliegen met parapente of heteluchtballon, kano\u00ebn op de rivier de Durance, klettersteigen boven de kloven, klimmen op minder dan 3 km van de camping, of canyoning of zelfs elektrische terreinscooter. U kunt ook een Moto-cross terrein vinden in de gemeente Volx. U kunt ook zonder problemen rond de camping lopen, een uitzonderlijk panorama is gegarandeerd. <\/p>\n<p><strong class=\"bold color1\">Shopping trip?<\/strong> De regio heeft veel typische winkels en grote winkelcentra zoals in Aix-en-Provence waar u het prachtige oude centrum met zijn vele fonteinen kunt bezoeken en honderden winkels kunt ontdekken&#8230; in het Plan de Campagne gebied. <\/p>\n<p>Verblijf op de camping La Rivi\u00e8re. U bevindt zich ongetwijfeld in het hart van een <strong class=\"bold color1\">magnifieke regio<\/strong> in een uitzonderlijk gebied. <\/p>\n<\/div><\/div><\/div><\/div><\/section>\n\n<section id=\"section-5f8ff6ff65f07\"\" class=\"section bg-white\" \/><div class=\"container extralarge\"><div class=\"element section-title center title-cta\">Ontdek onze accommodaties en diensten<\/div><ul class=\"liste-de-page\"><li class=\"element call-to-action center title-cta call-to-action--style-1 call-to-action--big\"><a href=\"https:\/\/camping-lariviere.com\/nl\/verhuur-stacaravans-provence\/\"  class=\"call-to-action_link\" title=\"Meer informatie over onze verhuur\"><div class=\"call-to-action_image\"><img decoding=\"async\" src=\"https:\/\/camping-lariviere.com\/wp-content\/uploads\/2020\/10\/location-camping-mobil-home-100x65.jpg\" data-src=\"https:\/\/camping-lariviere.com\/wp-content\/uploads\/2020\/10\/location-camping-mobil-home.jpg\" alt=\"location camping mobil home\" class=\"big\" \/><\/div><div class=\"call-to-action_contenu\"><div class=\"call-to-action_titre\">Onze verhuur<\/div><\/div><\/a><\/li><li class=\"element call-to-action center title-cta call-to-action--style-1 call-to-action--big call-to-action--style-1 call-to-action--big\"><a href=\"https:\/\/camping-lariviere.com\/nl\/huurplaatsen-provence\/\"  class=\"call-to-action_link\" title=\"Meer informatie over de standplaatsen\"><div class=\"call-to-action_image\"><img decoding=\"async\" src=\"https:\/\/camping-lariviere.com\/wp-content\/uploads\/2020\/10\/forfait-confort-camping-car-2-100x65.jpg\" data-src=\"https:\/\/camping-lariviere.com\/wp-content\/uploads\/2020\/10\/forfait-confort-camping-car-2.jpg\" alt=\"forfait confort camping car\" class=\"big\" \/><\/div><div class=\"call-to-action_contenu\"><div class=\"call-to-action_titre\">De standplaatsen<\/div><\/div><\/a><\/li><li class=\"element call-to-action center title-cta call-to-action--style-1 call-to-action--big call-to-action--style-1 call-to-action--big call-to-action--style-1 call-to-action--big\"><a href=\"https:\/\/camping-lariviere.com\/nl\/familiecamping-provence\/\"  class=\"call-to-action_link\" title=\"Meer informatie over onze diensten en animaties\"><div class=\"call-to-action_image\"><img decoding=\"async\" src=\"https:\/\/camping-lariviere.com\/wp-content\/uploads\/2020\/10\/enfants-animation-100x65.jpg\" data-src=\"https:\/\/camping-lariviere.com\/wp-content\/uploads\/2020\/10\/enfants-animation.jpg\" alt=\"enfants animation\" class=\"big\" \/><\/div><div class=\"call-to-action_contenu\"><div class=\"call-to-action_titre\">Onze diensten en animaties<\/div><\/div><\/a><\/li><\/ul><\/div><\/section>","protected":false},"excerpt":{"rendered":"","protected":false},"author":1,"featured_media":4230,"parent":0,"menu_order":0,"comment_status":"closed","ping_status":"closed","template":"","meta":{"_acf_changed":false,"footnotes":""},"class_list":["post-2326","page","type-page","status-publish","has-post-thumbnail","hentry"],"acf":[],"yoast_head":"<!-- This site is optimized with the Yoast SEO plugin v23.4 - https:\/\/yoast.com\/wordpress\/plugins\/seo\/ -->\n<title>Activiteiten in de Provence | Vrijetijdsbesteding in de PACA-regio<\/title>\n<meta name=\"description\" content=\"De camping La Rivi\u00e8re biedt een zeer aangename omgeving voor gezinsvakanties en profiteert van een ideale geografische ligging.\" \/>\n<meta name=\"robots\" content=\"index, follow, max-snippet:-1, max-image-preview:large, max-video-preview:-1\" \/>\n<link rel=\"canonical\" href=\"https:\/\/camping-lariviere.com\/nl\/activiteiten-provence\/\" \/>\n<meta property=\"og:locale\" content=\"nl_NL\" \/>\n<meta property=\"og:type\" content=\"article\" \/>\n<meta property=\"og:title\" content=\"Activiteiten in de Provence | Vrijetijdsbesteding in de PACA-regio\" \/>\n<meta property=\"og:description\" content=\"De camping La Rivi\u00e8re biedt een zeer aangename omgeving voor gezinsvakanties en profiteert van een ideale geografische ligging.\" \/>\n<meta property=\"og:url\" content=\"https:\/\/camping-lariviere.com\/nl\/activiteiten-provence\/\" \/>\n<meta property=\"og:site_name\" content=\"Camping la Rivi\u00e8re\" \/>\n<meta property=\"article:modified_time\" content=\"2021-04-15T14:45:11+00:00\" \/>\n<meta property=\"og:image\" content=\"https:\/\/camping-lariviere.com\/wp-content\/uploads\/2022\/01\/Camping-provence-riviere.png\" \/>\n\t<meta property=\"og:image:width\" content=\"1165\" \/>\n\t<meta property=\"og:image:height\" content=\"717\" \/>\n\t<meta property=\"og:image:type\" content=\"image\/png\" \/>\n<meta name=\"twitter:card\" content=\"summary_large_image\" \/>\n<script type=\"application\/ld+json\" class=\"yoast-schema-graph\">{\"@context\":\"https:\/\/schema.org\",\"@graph\":[{\"@type\":\"WebPage\",\"@id\":\"https:\/\/camping-lariviere.com\/nl\/activiteiten-provence\/\",\"url\":\"https:\/\/camping-lariviere.com\/nl\/activiteiten-provence\/\",\"name\":\"Activiteiten in de Provence | Vrijetijdsbesteding in de PACA-regio\",\"isPartOf\":{\"@id\":\"https:\/\/camping-lariviere.com\/nl\/#website\"},\"primaryImageOfPage\":{\"@id\":\"https:\/\/camping-lariviere.com\/nl\/activiteiten-provence\/#primaryimage\"},\"image\":{\"@id\":\"https:\/\/camping-lariviere.com\/nl\/activiteiten-provence\/#primaryimage\"},\"thumbnailUrl\":\"https:\/\/camping-lariviere.com\/wp-content\/uploads\/2022\/01\/Camping-provence-riviere.png\",\"datePublished\":\"2020-10-14T08:28:31+00:00\",\"dateModified\":\"2021-04-15T14:45:11+00:00\",\"description\":\"De camping La Rivi\u00e8re biedt een zeer aangename omgeving voor gezinsvakanties en profiteert van een ideale geografische ligging.\",\"breadcrumb\":{\"@id\":\"https:\/\/camping-lariviere.com\/nl\/activiteiten-provence\/#breadcrumb\"},\"inLanguage\":\"nl-NL\",\"potentialAction\":[{\"@type\":\"ReadAction\",\"target\":[\"https:\/\/camping-lariviere.com\/nl\/activiteiten-provence\/\"]}]},{\"@type\":\"ImageObject\",\"inLanguage\":\"nl-NL\",\"@id\":\"https:\/\/camping-lariviere.com\/nl\/activiteiten-provence\/#primaryimage\",\"url\":\"https:\/\/camping-lariviere.com\/wp-content\/uploads\/2022\/01\/Camping-provence-riviere.png\",\"contentUrl\":\"https:\/\/camping-lariviere.com\/wp-content\/uploads\/2022\/01\/Camping-provence-riviere.png\",\"width\":1165,\"height\":717,\"caption\":\"camping luberon riviere\"},{\"@type\":\"BreadcrumbList\",\"@id\":\"https:\/\/camping-lariviere.com\/nl\/activiteiten-provence\/#breadcrumb\",\"itemListElement\":[{\"@type\":\"ListItem\",\"position\":1,\"name\":\"Kamperen in de Provence\",\"item\":\"https:\/\/camping-lariviere.com\/nl\/\"},{\"@type\":\"ListItem\",\"position\":2,\"name\":\"Activiteiten in de buurt van de camping\"}]},{\"@type\":\"WebSite\",\"@id\":\"https:\/\/camping-lariviere.com\/nl\/#website\",\"url\":\"https:\/\/camping-lariviere.com\/nl\/\",\"name\":\"Camping la Rivi\u00e8re\",\"description\":\"\",\"publisher\":{\"@id\":\"https:\/\/camping-lariviere.com\/nl\/#organization\"},\"potentialAction\":[{\"@type\":\"SearchAction\",\"target\":{\"@type\":\"EntryPoint\",\"urlTemplate\":\"https:\/\/camping-lariviere.com\/nl\/?s={search_term_string}\"},\"query-input\":{\"@type\":\"PropertyValueSpecification\",\"valueRequired\":true,\"valueName\":\"search_term_string\"}}],\"inLanguage\":\"nl-NL\"},{\"@type\":\"Organization\",\"@id\":\"https:\/\/camping-lariviere.com\/nl\/#organization\",\"name\":\"Camping La Rivi\u00e8re\",\"url\":\"https:\/\/camping-lariviere.com\/nl\/\",\"logo\":{\"@type\":\"ImageObject\",\"inLanguage\":\"nl-NL\",\"@id\":\"https:\/\/camping-lariviere.com\/nl\/#\/schema\/logo\/image\/\",\"url\":\"https:\/\/camping-lariviere.com\/wp-content\/uploads\/2020\/10\/camping-la-riviere-logo.png\",\"contentUrl\":\"https:\/\/camping-lariviere.com\/wp-content\/uploads\/2020\/10\/camping-la-riviere-logo.png\",\"width\":260,\"height\":210,\"caption\":\"Camping La Rivi\u00e8re\"},\"image\":{\"@id\":\"https:\/\/camping-lariviere.com\/nl\/#\/schema\/logo\/image\/\"}}]}<\/script>\n<!-- \/ Yoast SEO plugin. -->","yoast_head_json":{"title":"Activiteiten in de Provence | Vrijetijdsbesteding in de PACA-regio","description":"De camping La Rivi\u00e8re biedt een zeer aangename omgeving voor gezinsvakanties en profiteert van een ideale geografische ligging.","robots":{"index":"index","follow":"follow","max-snippet":"max-snippet:-1","max-image-preview":"max-image-preview:large","max-video-preview":"max-video-preview:-1"},"canonical":"https:\/\/camping-lariviere.com\/nl\/activiteiten-provence\/","og_locale":"nl_NL","og_type":"article","og_title":"Activiteiten in de Provence | Vrijetijdsbesteding in de PACA-regio","og_description":"De camping La Rivi\u00e8re biedt een zeer aangename omgeving voor gezinsvakanties en profiteert van een ideale geografische ligging.","og_url":"https:\/\/camping-lariviere.com\/nl\/activiteiten-provence\/","og_site_name":"Camping la Rivi\u00e8re","article_modified_time":"2021-04-15T14:45:11+00:00","og_image":[{"width":1165,"height":717,"url":"https:\/\/camping-lariviere.com\/wp-content\/uploads\/2022\/01\/Camping-provence-riviere.png","type":"image\/png"}],"twitter_card":"summary_large_image","schema":{"@context":"https:\/\/schema.org","@graph":[{"@type":"WebPage","@id":"https:\/\/camping-lariviere.com\/nl\/activiteiten-provence\/","url":"https:\/\/camping-lariviere.com\/nl\/activiteiten-provence\/","name":"Activiteiten in de Provence | Vrijetijdsbesteding in de PACA-regio","isPartOf":{"@id":"https:\/\/camping-lariviere.com\/nl\/#website"},"primaryImageOfPage":{"@id":"https:\/\/camping-lariviere.com\/nl\/activiteiten-provence\/#primaryimage"},"image":{"@id":"https:\/\/camping-lariviere.com\/nl\/activiteiten-provence\/#primaryimage"},"thumbnailUrl":"https:\/\/camping-lariviere.com\/wp-content\/uploads\/2022\/01\/Camping-provence-riviere.png","datePublished":"2020-10-14T08:28:31+00:00","dateModified":"2021-04-15T14:45:11+00:00","description":"De camping La Rivi\u00e8re biedt een zeer aangename omgeving voor gezinsvakanties en profiteert van een ideale geografische ligging.","breadcrumb":{"@id":"https:\/\/camping-lariviere.com\/nl\/activiteiten-provence\/#breadcrumb"},"inLanguage":"nl-NL","potentialAction":[{"@type":"ReadAction","target":["https:\/\/camping-lariviere.com\/nl\/activiteiten-provence\/"]}]},{"@type":"ImageObject","inLanguage":"nl-NL","@id":"https:\/\/camping-lariviere.com\/nl\/activiteiten-provence\/#primaryimage","url":"https:\/\/camping-lariviere.com\/wp-content\/uploads\/2022\/01\/Camping-provence-riviere.png","contentUrl":"https:\/\/camping-lariviere.com\/wp-content\/uploads\/2022\/01\/Camping-provence-riviere.png","width":1165,"height":717,"caption":"camping luberon riviere"},{"@type":"BreadcrumbList","@id":"https:\/\/camping-lariviere.com\/nl\/activiteiten-provence\/#breadcrumb","itemListElement":[{"@type":"ListItem","position":1,"name":"Kamperen in de Provence","item":"https:\/\/camping-lariviere.com\/nl\/"},{"@type":"ListItem","position":2,"name":"Activiteiten in de buurt van de camping"}]},{"@type":"WebSite","@id":"https:\/\/camping-lariviere.com\/nl\/#website","url":"https:\/\/camping-lariviere.com\/nl\/","name":"Camping la Rivi\u00e8re","description":"","publisher":{"@id":"https:\/\/camping-lariviere.com\/nl\/#organization"},"potentialAction":[{"@type":"SearchAction","target":{"@type":"EntryPoint","urlTemplate":"https:\/\/camping-lariviere.com\/nl\/?s={search_term_string}"},"query-input":{"@type":"PropertyValueSpecification","valueRequired":true,"valueName":"search_term_string"}}],"inLanguage":"nl-NL"},{"@type":"Organization","@id":"https:\/\/camping-lariviere.com\/nl\/#organization","name":"Camping La Rivi\u00e8re","url":"https:\/\/camping-lariviere.com\/nl\/","logo":{"@type":"ImageObject","inLanguage":"nl-NL","@id":"https:\/\/camping-lariviere.com\/nl\/#\/schema\/logo\/image\/","url":"https:\/\/camping-lariviere.com\/wp-content\/uploads\/2020\/10\/camping-la-riviere-logo.png","contentUrl":"https:\/\/camping-lariviere.com\/wp-content\/uploads\/2020\/10\/camping-la-riviere-logo.png","width":260,"height":210,"caption":"Camping La Rivi\u00e8re"},"image":{"@id":"https:\/\/camping-lariviere.com\/nl\/#\/schema\/logo\/image\/"}}]}},"_links":{"self":[{"href":"https:\/\/camping-lariviere.com\/nl\/wp-json\/wp\/v2\/pages\/2326","targetHints":{"allow":["GET"]}}],"collection":[{"href":"https:\/\/camping-lariviere.com\/nl\/wp-json\/wp\/v2\/pages"}],"about":[{"href":"https:\/\/camping-lariviere.com\/nl\/wp-json\/wp\/v2\/types\/page"}],"author":[{"embeddable":true,"href":"https:\/\/camping-lariviere.com\/nl\/wp-json\/wp\/v2\/users\/1"}],"replies":[{"embeddable":true,"href":"https:\/\/camping-lariviere.com\/nl\/wp-json\/wp\/v2\/comments?post=2326"}],"version-history":[{"count":4,"href":"https:\/\/camping-lariviere.com\/nl\/wp-json\/wp\/v2\/pages\/2326\/revisions"}],"predecessor-version":[{"id":2423,"href":"https:\/\/camping-lariviere.com\/nl\/wp-json\/wp\/v2\/pages\/2326\/revisions\/2423"}],"wp:featuredmedia":[{"embeddable":true,"href":"https:\/\/camping-lariviere.com\/nl\/wp-json\/wp\/v2\/media\/4230"}],"wp:attachment":[{"href":"https:\/\/camping-lariviere.com\/nl\/wp-json\/wp\/v2\/media?parent=2326"}],"curies":[{"name":"wp","href":"https:\/\/api.w.org\/{rel}","templated":true}]}}