{"id":5564,"date":"2021-10-22T13:40:20","date_gmt":"2021-10-22T11:40:20","guid":{"rendered":"https:\/\/camping-lariviere.com\/location-chalet-luberon\/"},"modified":"2025-05-06T16:49:26","modified_gmt":"2025-05-06T14:49:26","slug":"location-chalet-luberon","status":"publish","type":"page","link":"https:\/\/camping-lariviere.com\/nl\/location-chalet-luberon\/","title":{"rendered":"H\u00e9bergements : Les Chalets"},"content":{"rendered":"<section id=\"section-6172a33747850\"\" class=\"section bg-color2\" \/><div class=\"container extralarge\"><h1 class=\"element section-title center\">Boek een huuraccommodatie voor uw vakantie in de Luberon<\/h1><div class=\"element bloc-text justify \">\n\t<p>Onze volledig houten chalets CAJOU en BADIANE, nieuw voor het seizoen 2022, zijn het toppunt van verfijning en modulariteit dat de camping in de Luberon in de Provence u kan bieden, en garanderen u de mooiste vakanties in onze prachtige streek. Ze bevinden zich allemaal op ruime percelen die aan drie kanten omringd zijn door heggen van meer dan twee meter, waardoor uw privacy gegarandeerd is zonder dat u een gereserveerde plaats voor uw voertuig vergeet (mogelijkheid van een tweede voertuig tegen een kleine toeslag).<\/p>\n<\/div><\/div><\/section>\n\n<section id=\"section-6172a33747928\"\" class=\"section hebergement-chalet bg-white\" \/><div class=\"container\"><div class=\"filtres\"><div class=\"button-group\" data-filter-group=\".aantal-kamers\"><div class=\"button-group-title\">Aantal kamers<\/div><button data-filter=\"\" class=\"button active group-all\">Allemaal<\/button><button data-filter=\".aantal-kamers-1\" class=\"button\">1 <\/button><button data-filter=\".aantal-kamers-2\" class=\"button\">2 <\/button><button data-filter=\".aantal-kamers-4\" class=\"button\">4 <\/button><\/div><div class=\"button-group\" data-filter-group=\".aantal-personen\"><div class=\"button-group-title\">Aantal personen<\/div><button data-filter=\"\" class=\"button active group-all\">Allemaal<\/button><button data-filter=\".aantal-personen-2\" class=\"button\">2 <\/button><button data-filter=\".aantal-personen-46\" class=\"button\">4\/6 <\/button><button data-filter=\".aantal-personen-412\" class=\"button\">4\/12 <\/button><\/div><\/div><ul class=\"liste-de-page hebergements\"><div class=\"row\"><li class=\"element hebergement call-to-action call-to-action--style-2   aantal-kamers-1 aantal-personen-2 gebied-24 climatisation--\"><div class=\"hebergement_link\" id=\"3515\"><div class=\"call-to-action_image\"><img decoding=\"async\" src=\"https:\/\/camping-lariviere.com\/wp-content\/uploads\/2021\/10\/riviere-cajou-cta.jpg\" data-src=\"https:\/\/camping-lariviere.com\/wp-content\/uploads\/2021\/10\/riviere-cajou-cta.jpg\" alt=\"riviere-cajou-cta\" class=\"\" \/><\/div><div class=\"call-to-action_contenu\"><div class=\"call-to-action_titre\">Chalet Cajou<\/div><\/div><div class=\"hebergement-attributs\"><span class=\"attribut aantal-kamers\">1 <\/span><span class=\"attribut aantal-personen\">2 <\/span><span class=\"attribut gebied\">24m\u00b2<\/span><span class=\"attribut climatisation\">  <\/span><\/div><\/div><\/li><li class=\"element hebergement call-to-action call-to-action--style-2   aantal-kamers-2 aantal-personen-46 gebied-69 climatisation-- tv--\"><div class=\"hebergement_link\" id=\"3560\"><div class=\"call-to-action_image\"><img decoding=\"async\" src=\"https:\/\/camping-lariviere.com\/wp-content\/uploads\/2021\/10\/riviere-badiane-cta.jpg\" data-src=\"https:\/\/camping-lariviere.com\/wp-content\/uploads\/2021\/10\/riviere-badiane-cta.jpg\" alt=\"riviere-badiane-cta\" class=\"\" \/><\/div><div class=\"call-to-action_contenu\"><div class=\"call-to-action_titre\">Chalet Badiane Premium<\/div><\/div><div class=\"hebergement-attributs\"><span class=\"attribut aantal-kamers\">2 <\/span><span class=\"attribut aantal-personen\">4\/6 <\/span><span class=\"attribut gebied\">69m\u00b2<\/span><span class=\"attribut climatisation\">  <\/span><span class=\"attribut tv\">  <\/span><\/div><\/div><\/li><li class=\"element hebergement call-to-action call-to-action--style-2   aantal-kamers-4 aantal-personen-412 gebied-140 climatisation-- tv--\"><div class=\"hebergement_link\" id=\"5577\"><div class=\"call-to-action_image\"><img decoding=\"async\" src=\"https:\/\/camping-lariviere.com\/wp-content\/uploads\/2021\/10\/riviere-badiane-cta.jpg\" data-src=\"https:\/\/camping-lariviere.com\/wp-content\/uploads\/2021\/10\/riviere-badiane-cta.jpg\" alt=\"riviere-badiane-cta\" class=\"\" \/><\/div><div class=\"call-to-action_contenu\"><div class=\"call-to-action_titre\">Chalet Badiane premium TRIBU 4\/12 pers<\/div><\/div><div class=\"hebergement-attributs\"><span class=\"attribut aantal-kamers\">4 <\/span><span class=\"attribut aantal-personen\">4\/12 <\/span><span class=\"attribut gebied\">140m\u00b2<\/span><span class=\"attribut climatisation\">  <\/span><span class=\"attribut tv\">  <\/span><\/div><\/div><\/li><\/div><\/ul><\/div><\/section>\n\n<section id=\"section-6172a337479d1\"\" class=\"section bg-white p-b-0\" \/><div class=\"container full\"><div class=\"colonnes-wrap valign-middle \"><div class=\"element colonne w-20 p-0\"><div class=\"element images scroll-x-mobile\"><div class=\"image\"><img decoding=\"async\" src=\"https:\/\/camping-lariviere.com\/wp-content\/uploads\/2021\/10\/chalet-camping-les-riviers-100x100.jpg\" data-src=\"https:\/\/camping-lariviere.com\/wp-content\/uploads\/2021\/10\/chalet-camping-les-riviers.jpg\" alt=\"Chalet provence\" class=\"images_image\" \/><\/div><\/div><\/div><div class=\"element colonne w-60 p-x-6\"><h2 class=\"element section-title center\">Ontdek ons aanbod van chalets in de Provence<\/h2><div class=\"element bloc-text center \">\n\t<p>Allereerst vindt u in het Chalet CAJOU met zijn 25m2, gelegen in een groene omgeving, de ideale plek om met z&#8217;n twee\u00ebn in een geraffineerde cocon nieuwe energie op te doen, uiteraard voorzien van alle moderne gemakken, met zijn woonkamer\/keukengedeelte en zijn grote badkamer uitgerust met een XL-douche.<\/p>\n<\/div><\/div><div class=\"element colonne w-20 p-0\"><div class=\"element images scroll-x-mobile\"><div class=\"image\"><img decoding=\"async\" src=\"https:\/\/camping-lariviere.com\/wp-content\/uploads\/2021\/10\/chalet-provence-100x100.jpg\" data-src=\"https:\/\/camping-lariviere.com\/wp-content\/uploads\/2021\/10\/chalet-provence.jpg\" alt=\"Cuisine \u00e9quip\u00e9e dans un des chalets du camping La Riviere\" class=\"images_image\" Ontdek ons aanbod van chalets in de Provence\/><\/div><\/div><\/div><\/div><\/div><\/section>\n\n<section id=\"section-6172bd16538c4\"\" class=\"section bg-white p-t-0 p-b-0\" \/><div class=\"container full\"><div class=\"colonnes-wrap valign-middle \"><div class=\"element colonne p-x-10\"><h2 class=\"element section-title left\">Op vakantie in de Luberon<\/h2><div class=\"element bloc-text justify \">\n\t<p align=\"justify\">Met onze BADIANE chalets, twee aan twee geschakeld via een enorm houten terras van meer dan 34m2, kunt u zich gemakkelijk voorstellen om met uw stam (tot 12 personen) te vertrekken met de zekerheid dat u onder elkaar kunt verblijven om optimaal te profiteren van de zeldzame momenten van delen die vakantie is, zonder ooit afbreuk te doen aan het welzijn van iedereen.<\/p>\n<\/div><\/div><div class=\"element colonne p-0\"><div class=\"element images scroll-x-mobile\"><div class=\"image\"><img decoding=\"async\" src=\"https:\/\/camping-lariviere.com\/wp-content\/uploads\/2021\/10\/chalet-camping-luberon-100x74.jpg\" data-src=\"https:\/\/camping-lariviere.com\/wp-content\/uploads\/2021\/10\/chalet-camping-luberon.jpg\" alt=\"Chambre avec deux lits s\u00e9par\u00e9s dans un des chalets du camping La Riviere \u00e0 Luberon\" class=\"images_image\" Op vakantie in de Luberon\/><\/div><\/div><\/div><\/div><\/div><\/section>\n\n<section id=\"section-6172bd1653a2f\"\" class=\"section bg-white p-t-0\" \/><div class=\"container full\"><div class=\"colonnes-wrap valign-middle bg-color2\"><div class=\"element colonne p-0\"><div class=\"element images scroll-x-mobile\"><div class=\"image\"><img decoding=\"async\" src=\"https:\/\/camping-lariviere.com\/wp-content\/uploads\/2021\/10\/location-chalet-.sud_-100x74.jpg\" data-src=\"https:\/\/camping-lariviere.com\/wp-content\/uploads\/2021\/10\/location-chalet-.sud_.jpg\" alt=\"Int\u00e9rieur du chalet dans le camping La Riviere \u00e0 Luberon\" class=\"images_image\" \/><\/div><\/div><\/div><div class=\"element colonne p-x-10\"><h2 class=\"element section-title left\">Verblijf in een van onze chalets in het hart van het natuurpark van de Luberon<\/h2><div class=\"element bloc-text justify \">\n\t<p>In elk chalet vindt u twee slaapkamers, waarvan \u00e9\u00e9n master suite met een bed van 160*200, twee badkamers zodat niemand te lang op zijn beurt hoeft te wachten, een echte woonkamer in een aparte ruimte met een comfortabele slaapbank voor twee personen, en een volledig uitgeruste keuken met een afwasmachine, en niet te vergeten natuurlijk airconditioning en televisie.<\/p>\n<p>Met onze chalets CAJOU en BADIANE bent u zeker van het comfort van een echt thuis met de voordelen van het campingleven.<\/p>\n<\/div><\/div><\/div><\/div><\/section>\n\n<section id=\"section-6172bd1653bcc\"\" class=\"section bg-white\" \/><div class=\"container extralarge\"><div class=\"element section-title center title-cta\">Ontdek de andere huuraccommodaties van de camping<\/div><ul class=\"liste-de-page\"><li class=\"element call-to-action center title-cta call-to-action--style-1 call-to-action--big\"><a href=\"https:\/\/camping-lariviere.com\/nl\/goedkope-camping-provence\/\"  class=\"call-to-action_link\" title=\"Meer informatie over onze tarieven\"><div class=\"call-to-action_image\"><img decoding=\"async\" src=\"https:\/\/camping-lariviere.com\/wp-content\/uploads\/2020\/10\/camping-la-riviere-cta-tarifs-89x100.jpg\" data-src=\"https:\/\/camping-lariviere.com\/wp-content\/uploads\/2020\/10\/camping-la-riviere-cta-tarifs.jpg\" alt=\"tarifs camping la rivi\u00e8re\" class=\"big\" \/><\/div><div class=\"call-to-action_contenu\"><div class=\"call-to-action_titre\">Onze tarieven<\/div><\/div><\/a><\/li><li class=\"element call-to-action center title-cta call-to-action--style-1 call-to-action--big call-to-action--style-1 call-to-action--big\"><a href=\"https:\/\/camping-lariviere.com\/nl\/verhuur-stacaravans-provence\/\"  class=\"call-to-action_link\" title=\"Meer informatie over onze verhuur\"><div class=\"call-to-action_image\"><img decoding=\"async\" src=\"https:\/\/camping-lariviere.com\/wp-content\/uploads\/2020\/10\/location-camping-mobil-home-100x65.jpg\" data-src=\"https:\/\/camping-lariviere.com\/wp-content\/uploads\/2020\/10\/location-camping-mobil-home.jpg\" alt=\"location camping mobil home\" class=\"big\" \/><\/div><div class=\"call-to-action_contenu\"><div class=\"call-to-action_titre\">Onze verhuur<\/div><\/div><\/a><\/li><li class=\"element call-to-action center title-cta call-to-action--style-1 call-to-action--big call-to-action--style-1 call-to-action--big call-to-action--style-1 call-to-action--big\"><a href=\"https:\/\/camping-lariviere.com\/nl\/huurplaatsen-provence\/\"  class=\"call-to-action_link\" title=\"Meer informatie over de standplaatsen\"><div class=\"call-to-action_image\"><img decoding=\"async\" src=\"https:\/\/camping-lariviere.com\/wp-content\/uploads\/2020\/10\/forfait-confort-camping-car-2-100x65.jpg\" data-src=\"https:\/\/camping-lariviere.com\/wp-content\/uploads\/2020\/10\/forfait-confort-camping-car-2.jpg\" alt=\"forfait confort camping car\" class=\"big\" \/><\/div><div class=\"call-to-action_contenu\"><div class=\"call-to-action_titre\">De standplaatsen<\/div><\/div><\/a><\/li><li class=\"element call-to-action center title-cta call-to-action--style-1 call-to-action--big call-to-action--style-1 call-to-action--big call-to-action--style-1 call-to-action--big call-to-action--style-1 call-to-action--big\"><a href=\"https:\/\/camping-lariviere.com\/nl\/ocatie-hebergement-premium-plus-luberon\/\"  class=\"call-to-action_link\" title=\"Meer informatie over h\u00e9bergements : premium +\"><div class=\"call-to-action_image\"><img decoding=\"async\" src=\"https:\/\/camping-lariviere.com\/wp-content\/uploads\/2020\/10\/camping-provence-100x46.jpg\" data-src=\"https:\/\/camping-lariviere.com\/wp-content\/uploads\/2020\/10\/camping-provence.jpg\" alt=\"camping provence\" class=\"big\" \/><\/div><div class=\"call-to-action_contenu\"><div class=\"call-to-action_titre\">H\u00e9bergements : Premium +<\/div><\/div><\/a><\/li><\/ul><\/div><\/section>","protected":false},"excerpt":{"rendered":"","protected":false},"author":1,"featured_media":3643,"parent":0,"menu_order":0,"comment_status":"closed","ping_status":"closed","template":"","meta":{"_acf_changed":false,"footnotes":""},"class_list":["post-5564","page","type-page","status-publish","has-post-thumbnail","hentry"],"acf":[],"yoast_head":"<!-- This site is optimized with the Yoast SEO plugin v23.4 - https:\/\/yoast.com\/wordpress\/plugins\/seo\/ -->\n<title>Chalet verhuur Luberon | Huur een chalet op een camping in Luberon<\/title>\n<meta name=\"description\" content=\"Kies voor een verblijf in een chalet in plaats van een stacaravan! Huur een chalet in de Luberon met een verfijnde inrichting en modern comfort.\" \/>\n<meta name=\"robots\" content=\"index, follow, max-snippet:-1, max-image-preview:large, max-video-preview:-1\" \/>\n<link rel=\"canonical\" href=\"https:\/\/camping-lariviere.com\/nl\/location-chalet-luberon\/\" \/>\n<meta property=\"og:locale\" content=\"nl_NL\" \/>\n<meta property=\"og:type\" content=\"article\" \/>\n<meta property=\"og:title\" content=\"Chalet verhuur Luberon | Huur een chalet op een camping in Luberon\" \/>\n<meta property=\"og:description\" content=\"Kies voor een verblijf in een chalet in plaats van een stacaravan! Huur een chalet in de Luberon met een verfijnde inrichting en modern comfort.\" \/>\n<meta property=\"og:url\" content=\"https:\/\/camping-lariviere.com\/nl\/location-chalet-luberon\/\" \/>\n<meta property=\"og:site_name\" content=\"Camping la Rivi\u00e8re\" \/>\n<meta property=\"article:modified_time\" content=\"2025-05-06T14:49:26+00:00\" \/>\n<meta property=\"og:image\" content=\"https:\/\/camping-lariviere.com\/wp-content\/uploads\/2021\/10\/chalet-luberon-2.jpg\" \/>\n\t<meta property=\"og:image:width\" content=\"1903\" \/>\n\t<meta property=\"og:image:height\" content=\"450\" \/>\n\t<meta property=\"og:image:type\" content=\"image\/jpeg\" \/>\n<meta name=\"twitter:card\" content=\"summary_large_image\" \/>\n<meta name=\"twitter:label1\" content=\"Geschatte leestijd\" \/>\n\t<meta name=\"twitter:data1\" content=\"1 minuut\" \/>\n<script type=\"application\/ld+json\" class=\"yoast-schema-graph\">{\"@context\":\"https:\/\/schema.org\",\"@graph\":[{\"@type\":\"WebPage\",\"@id\":\"https:\/\/camping-lariviere.com\/nl\/location-chalet-luberon\/\",\"url\":\"https:\/\/camping-lariviere.com\/nl\/location-chalet-luberon\/\",\"name\":\"Chalet verhuur Luberon | Huur een chalet op een camping in Luberon\",\"isPartOf\":{\"@id\":\"https:\/\/camping-lariviere.com\/nl\/#website\"},\"primaryImageOfPage\":{\"@id\":\"https:\/\/camping-lariviere.com\/nl\/location-chalet-luberon\/#primaryimage\"},\"image\":{\"@id\":\"https:\/\/camping-lariviere.com\/nl\/location-chalet-luberon\/#primaryimage\"},\"thumbnailUrl\":\"https:\/\/camping-lariviere.com\/wp-content\/uploads\/2021\/10\/chalet-luberon-2.jpg\",\"datePublished\":\"2021-10-22T11:40:20+00:00\",\"dateModified\":\"2025-05-06T14:49:26+00:00\",\"description\":\"Kies voor een verblijf in een chalet in plaats van een stacaravan! Huur een chalet in de Luberon met een verfijnde inrichting en modern comfort.\",\"breadcrumb\":{\"@id\":\"https:\/\/camping-lariviere.com\/nl\/location-chalet-luberon\/#breadcrumb\"},\"inLanguage\":\"nl-NL\",\"potentialAction\":[{\"@type\":\"ReadAction\",\"target\":[\"https:\/\/camping-lariviere.com\/nl\/location-chalet-luberon\/\"]}]},{\"@type\":\"ImageObject\",\"inLanguage\":\"nl-NL\",\"@id\":\"https:\/\/camping-lariviere.com\/nl\/location-chalet-luberon\/#primaryimage\",\"url\":\"https:\/\/camping-lariviere.com\/wp-content\/uploads\/2021\/10\/chalet-luberon-2.jpg\",\"contentUrl\":\"https:\/\/camping-lariviere.com\/wp-content\/uploads\/2021\/10\/chalet-luberon-2.jpg\",\"width\":1903,\"height\":450,\"caption\":\"Chalet Luberon\"},{\"@type\":\"BreadcrumbList\",\"@id\":\"https:\/\/camping-lariviere.com\/nl\/location-chalet-luberon\/#breadcrumb\",\"itemListElement\":[{\"@type\":\"ListItem\",\"position\":1,\"name\":\"Kamperen in de Provence\",\"item\":\"https:\/\/camping-lariviere.com\/nl\/\"},{\"@type\":\"ListItem\",\"position\":2,\"name\":\"Huur een chalet in de Luberon\"}]},{\"@type\":\"WebSite\",\"@id\":\"https:\/\/camping-lariviere.com\/nl\/#website\",\"url\":\"https:\/\/camping-lariviere.com\/nl\/\",\"name\":\"Camping la Rivi\u00e8re\",\"description\":\"\",\"publisher\":{\"@id\":\"https:\/\/camping-lariviere.com\/nl\/#organization\"},\"potentialAction\":[{\"@type\":\"SearchAction\",\"target\":{\"@type\":\"EntryPoint\",\"urlTemplate\":\"https:\/\/camping-lariviere.com\/nl\/?s={search_term_string}\"},\"query-input\":{\"@type\":\"PropertyValueSpecification\",\"valueRequired\":true,\"valueName\":\"search_term_string\"}}],\"inLanguage\":\"nl-NL\"},{\"@type\":\"Organization\",\"@id\":\"https:\/\/camping-lariviere.com\/nl\/#organization\",\"name\":\"Camping La Rivi\u00e8re\",\"url\":\"https:\/\/camping-lariviere.com\/nl\/\",\"logo\":{\"@type\":\"ImageObject\",\"inLanguage\":\"nl-NL\",\"@id\":\"https:\/\/camping-lariviere.com\/nl\/#\/schema\/logo\/image\/\",\"url\":\"https:\/\/camping-lariviere.com\/wp-content\/uploads\/2020\/10\/camping-la-riviere-logo.png\",\"contentUrl\":\"https:\/\/camping-lariviere.com\/wp-content\/uploads\/2020\/10\/camping-la-riviere-logo.png\",\"width\":260,\"height\":210,\"caption\":\"Camping La Rivi\u00e8re\"},\"image\":{\"@id\":\"https:\/\/camping-lariviere.com\/nl\/#\/schema\/logo\/image\/\"}}]}<\/script>\n<!-- \/ Yoast SEO plugin. -->","yoast_head_json":{"title":"Chalet verhuur Luberon | Huur een chalet op een camping in Luberon","description":"Kies voor een verblijf in een chalet in plaats van een stacaravan! Huur een chalet in de Luberon met een verfijnde inrichting en modern comfort.","robots":{"index":"index","follow":"follow","max-snippet":"max-snippet:-1","max-image-preview":"max-image-preview:large","max-video-preview":"max-video-preview:-1"},"canonical":"https:\/\/camping-lariviere.com\/nl\/location-chalet-luberon\/","og_locale":"nl_NL","og_type":"article","og_title":"Chalet verhuur Luberon | Huur een chalet op een camping in Luberon","og_description":"Kies voor een verblijf in een chalet in plaats van een stacaravan! Huur een chalet in de Luberon met een verfijnde inrichting en modern comfort.","og_url":"https:\/\/camping-lariviere.com\/nl\/location-chalet-luberon\/","og_site_name":"Camping la Rivi\u00e8re","article_modified_time":"2025-05-06T14:49:26+00:00","og_image":[{"width":1903,"height":450,"url":"https:\/\/camping-lariviere.com\/wp-content\/uploads\/2021\/10\/chalet-luberon-2.jpg","type":"image\/jpeg"}],"twitter_card":"summary_large_image","twitter_misc":{"Geschatte leestijd":"1 minuut"},"schema":{"@context":"https:\/\/schema.org","@graph":[{"@type":"WebPage","@id":"https:\/\/camping-lariviere.com\/nl\/location-chalet-luberon\/","url":"https:\/\/camping-lariviere.com\/nl\/location-chalet-luberon\/","name":"Chalet verhuur Luberon | Huur een chalet op een camping in Luberon","isPartOf":{"@id":"https:\/\/camping-lariviere.com\/nl\/#website"},"primaryImageOfPage":{"@id":"https:\/\/camping-lariviere.com\/nl\/location-chalet-luberon\/#primaryimage"},"image":{"@id":"https:\/\/camping-lariviere.com\/nl\/location-chalet-luberon\/#primaryimage"},"thumbnailUrl":"https:\/\/camping-lariviere.com\/wp-content\/uploads\/2021\/10\/chalet-luberon-2.jpg","datePublished":"2021-10-22T11:40:20+00:00","dateModified":"2025-05-06T14:49:26+00:00","description":"Kies voor een verblijf in een chalet in plaats van een stacaravan! Huur een chalet in de Luberon met een verfijnde inrichting en modern comfort.","breadcrumb":{"@id":"https:\/\/camping-lariviere.com\/nl\/location-chalet-luberon\/#breadcrumb"},"inLanguage":"nl-NL","potentialAction":[{"@type":"ReadAction","target":["https:\/\/camping-lariviere.com\/nl\/location-chalet-luberon\/"]}]},{"@type":"ImageObject","inLanguage":"nl-NL","@id":"https:\/\/camping-lariviere.com\/nl\/location-chalet-luberon\/#primaryimage","url":"https:\/\/camping-lariviere.com\/wp-content\/uploads\/2021\/10\/chalet-luberon-2.jpg","contentUrl":"https:\/\/camping-lariviere.com\/wp-content\/uploads\/2021\/10\/chalet-luberon-2.jpg","width":1903,"height":450,"caption":"Chalet Luberon"},{"@type":"BreadcrumbList","@id":"https:\/\/camping-lariviere.com\/nl\/location-chalet-luberon\/#breadcrumb","itemListElement":[{"@type":"ListItem","position":1,"name":"Kamperen in de Provence","item":"https:\/\/camping-lariviere.com\/nl\/"},{"@type":"ListItem","position":2,"name":"Huur een chalet in de Luberon"}]},{"@type":"WebSite","@id":"https:\/\/camping-lariviere.com\/nl\/#website","url":"https:\/\/camping-lariviere.com\/nl\/","name":"Camping la Rivi\u00e8re","description":"","publisher":{"@id":"https:\/\/camping-lariviere.com\/nl\/#organization"},"potentialAction":[{"@type":"SearchAction","target":{"@type":"EntryPoint","urlTemplate":"https:\/\/camping-lariviere.com\/nl\/?s={search_term_string}"},"query-input":{"@type":"PropertyValueSpecification","valueRequired":true,"valueName":"search_term_string"}}],"inLanguage":"nl-NL"},{"@type":"Organization","@id":"https:\/\/camping-lariviere.com\/nl\/#organization","name":"Camping La Rivi\u00e8re","url":"https:\/\/camping-lariviere.com\/nl\/","logo":{"@type":"ImageObject","inLanguage":"nl-NL","@id":"https:\/\/camping-lariviere.com\/nl\/#\/schema\/logo\/image\/","url":"https:\/\/camping-lariviere.com\/wp-content\/uploads\/2020\/10\/camping-la-riviere-logo.png","contentUrl":"https:\/\/camping-lariviere.com\/wp-content\/uploads\/2020\/10\/camping-la-riviere-logo.png","width":260,"height":210,"caption":"Camping La Rivi\u00e8re"},"image":{"@id":"https:\/\/camping-lariviere.com\/nl\/#\/schema\/logo\/image\/"}}]}},"_links":{"self":[{"href":"https:\/\/camping-lariviere.com\/nl\/wp-json\/wp\/v2\/pages\/5564","targetHints":{"allow":["GET"]}}],"collection":[{"href":"https:\/\/camping-lariviere.com\/nl\/wp-json\/wp\/v2\/pages"}],"about":[{"href":"https:\/\/camping-lariviere.com\/nl\/wp-json\/wp\/v2\/types\/page"}],"author":[{"embeddable":true,"href":"https:\/\/camping-lariviere.com\/nl\/wp-json\/wp\/v2\/users\/1"}],"replies":[{"embeddable":true,"href":"https:\/\/camping-lariviere.com\/nl\/wp-json\/wp\/v2\/comments?post=5564"}],"version-history":[{"count":4,"href":"https:\/\/camping-lariviere.com\/nl\/wp-json\/wp\/v2\/pages\/5564\/revisions"}],"predecessor-version":[{"id":7299,"href":"https:\/\/camping-lariviere.com\/nl\/wp-json\/wp\/v2\/pages\/5564\/revisions\/7299"}],"wp:featuredmedia":[{"embeddable":true,"href":"https:\/\/camping-lariviere.com\/nl\/wp-json\/wp\/v2\/media\/3643"}],"wp:attachment":[{"href":"https:\/\/camping-lariviere.com\/nl\/wp-json\/wp\/v2\/media?parent=5564"}],"curies":[{"name":"wp","href":"https:\/\/api.w.org\/{rel}","templated":true}]}}